{"id":3768,"date":"2025-04-16T07:07:46","date_gmt":"2025-04-16T07:07:46","guid":{"rendered":"https:\/\/kallastetalu.ee\/kontakt\/"},"modified":"2025-06-05T19:53:37","modified_gmt":"2025-06-05T19:53:37","slug":"contact","status":"publish","type":"page","link":"https:\/\/kallastetalu.ee\/en\/contact\/","title":{"rendered":"Contact"},"content":{"rendered":"<section class=\"contact-header\">\n    <div class=\"contact-header__content smooth-corners\">\n        <div class=\"contact-header__content-title\">\n            Contact and location        <\/div>\n        <div class=\"contact-header__content-description\">\n            We are located in Padise, Harju County, 40 km from Tallinn        <\/div>\n        <div class=\"contact-header__content-links\">\n            <a href=\"mailto:info@kallastetalu.ee\" class=\"contact-header__content-links-item email\">\n                info@kallastetalu.ee            <\/a>\n            <a href=\"tel:+372 507 6138\" class=\"contact-header__content-links-item phone\">\n                +372 507 6138            <\/a>\n        <\/div>\n    <\/div>\n    <div class=\"contact-header__map smooth-corners\">\n        <iframe src=\"https:\/\/snazzymaps.com\/embed\/702799\" style=\"border:none;\"><\/iframe>\n    <\/div>\n<\/section>\n\n\n    <section class=\"contact-grid\">\n        <h3 class=\"contact-grid__title\">\n            Data        <\/h3>\n        <div class=\"contact-grid__list\">\n                            <div class=\"contact-grid__list-item\">\n                    <h3>Kallaste Turismitalu O\u00dc<\/h3>\n<p><strong>Exact address:<\/strong> Kuninga, Kasepere k\u00fcla, L\u00e4\u00e4ne-Harju vald, Harjumaa, 76007<br \/>\n<strong>Registration code:<\/strong> 11084721<br \/>\n<strong>KMKR nr:<\/strong> EE100973736<\/p>\n                <\/div>\n                            <div class=\"contact-grid__list-item\">\n                    <h3>Padise Adventure park:<\/h3>\n<p>Seiklusring O\u00dc: <a href=\"https:\/\/www.seiklusring.ee\/kodu\/padise-seikluspark\/\" target=\"_blank\" rel=\"noopener\">www.seiklusring.ee<\/a><\/p>\n<p><strong>Contact phone:<\/strong> +372 5664 5916<br \/>\n<strong>Booking:<\/strong> info@seiklusring.ee<\/p>\n                <\/div>\n                            <div class=\"contact-grid__list-item\">\n                    <h3>Payment recipient: O\u00dc Elamustalu<\/h3>\n<p><strong>registration number:<\/strong> 14723662<\/p>\n<p><strong>IBAN<\/strong> EE137700771003807568<br \/>\n(Payment description \u2014 date of visit or invoice number)<\/p>\n                <\/div>\n                    <\/div>\n    <\/section>\n\n\n    <section class=\"people\">\n        <div class=\"people__list\">\n                        <div class=\"people__list-item\">\n                <div class=\"people__list-item__image\">\n                    <img decoding=\"async\" class=\"smooth-corners\" style=\"--smooth-corners: 1; --smooth-corners-radius: 48px; --smooth-corners-smoothing: 1;\" src=\"https:\/\/kallastetalu.ee\/wp-content\/uploads\/2025\/04\/elerin.png\" \/>\n                <\/div>\n                <div class=\"people__list-item__content\">\n                    <div class=\"people__list-item__content-name\">\n                        Elerin V\u00e4rton                    <\/div>\n                    <div class=\"people__list-item__content-description\">\n                         Vacation advisor (Bookings, offers, event management \u2013 customer relations)                    <\/div>\n                    <div class=\"people__list-item__content-links\">\n                                                    <a href=\"tel:+372 55513002\" class=\"people__list-item__content-links-item phone\">\n                                +372 55513002                            <\/a>\n                                                                            <a href=\"mailto:puhka@kallastetalu.ee\" class=\"people__list-item__content-links-item email\">\n                                puhka@kallastetalu.ee                            <\/a>\n                                            <\/div>\n                <\/div>\n            <\/div>\n                        <div class=\"people__list-item\">\n                <div class=\"people__list-item__image\">\n                    <img decoding=\"async\" class=\"smooth-corners\" style=\"--smooth-corners: 1; --smooth-corners-radius: 48px; --smooth-corners-smoothing: 1;\" src=\"https:\/\/kallastetalu.ee\/wp-content\/uploads\/2025\/05\/ulleIMG_2202-scaled.jpg\" \/>\n                <\/div>\n                <div class=\"people__list-item__content\">\n                    <div class=\"people__list-item__content-name\">\n                        \u00dclle Kuningas                    <\/div>\n                    <div class=\"people__list-item__content-description\">\n                        Home manager (administrator, manager, cook, sometimes cleaner and gardener)                    <\/div>\n                    <div class=\"people__list-item__content-links\">\n                                                    <a href=\"tel:+372 5076138\" class=\"people__list-item__content-links-item phone\">\n                                +372 5076138                            <\/a>\n                                                                            <a href=\"mailto:ylle@kallastetalu.ee\" class=\"people__list-item__content-links-item email\">\n                                ylle@kallastetalu.ee                            <\/a>\n                                            <\/div>\n                <\/div>\n            <\/div>\n                        <div class=\"people__list-item\">\n                <div class=\"people__list-item__image\">\n                    <img decoding=\"async\" class=\"smooth-corners\" style=\"--smooth-corners: 1; --smooth-corners-radius: 48px; --smooth-corners-smoothing: 1;\" src=\"https:\/\/kallastetalu.ee\/wp-content\/uploads\/2025\/05\/IKristinaMG_0673-scaled.jpg\" \/>\n                <\/div>\n                <div class=\"people__list-item__content\">\n                    <div class=\"people__list-item__content-name\">\n                        Kristina Kuningas                    <\/div>\n                    <div class=\"people__list-item__content-description\">\n                        Family daughter (Marketing, sales, Kalju stage manager, playground cleaner)                    <\/div>\n                    <div class=\"people__list-item__content-links\">\n                                                    <a href=\"tel:+372 55513013\" class=\"people__list-item__content-links-item phone\">\n                                +372 55513013                            <\/a>\n                                                                            <a href=\"mailto:kristina@kallastetalu.ee\" class=\"people__list-item__content-links-item email\">\n                                kristina@kallastetalu.ee                            <\/a>\n                                            <\/div>\n                <\/div>\n            <\/div>\n                        <div class=\"people__list-item\">\n                <div class=\"people__list-item__image\">\n                    <img decoding=\"async\" class=\"smooth-corners\" style=\"--smooth-corners: 1; --smooth-corners-radius: 48px; --smooth-corners-smoothing: 1;\" src=\"https:\/\/kallastetalu.ee\/wp-content\/uploads\/2025\/05\/2Kalmer.jpg\" \/>\n                <\/div>\n                <div class=\"people__list-item__content\">\n                    <div class=\"people__list-item__content-name\">\n                        Kalmer Kuningas                    <\/div>\n                    <div class=\"people__list-item__content-description\">\n                        Host (active activities instructor, masseur, construction and repair works)                    <\/div>\n                    <div class=\"people__list-item__content-links\">\n                                                    <a href=\"tel:+372 55513000\" class=\"people__list-item__content-links-item phone\">\n                                +372 55513000                            <\/a>\n                                                                            <a href=\"mailto:info@kallastetalu.ee\" class=\"people__list-item__content-links-item email\">\n                                info@kallastetalu.ee                            <\/a>\n                                            <\/div>\n                <\/div>\n            <\/div>\n                        <div class=\"people__list-item\">\n                <div class=\"people__list-item__image\">\n                    <img decoding=\"async\" class=\"smooth-corners\" style=\"--smooth-corners: 1; --smooth-corners-radius: 48px; --smooth-corners-smoothing: 1;\" src=\"https:\/\/kallastetalu.ee\/wp-content\/uploads\/2025\/05\/2kaur.jpg\" \/>\n                <\/div>\n                <div class=\"people__list-item__content\">\n                    <div class=\"people__list-item__content-name\">\n                        Kaur Kuningas                    <\/div>\n                    <div class=\"people__list-item__content-description\">\n                        Family son (quality control and garden work)                    <\/div>\n                    <div class=\"people__list-item__content-links\">\n                                                                    <\/div>\n                <\/div>\n            <\/div>\n                    <\/div>\n    <\/section>\n","protected":false},"excerpt":{"rendered":"&#8230;","protected":false},"author":1,"featured_media":0,"parent":0,"menu_order":1,"comment_status":"closed","ping_status":"closed","template":"page-templates\/template-contact-page.php","meta":{"_acf_changed":false,"inline_featured_image":false,"footnotes":""},"class_list":["post-3768","page","type-page","status-publish","hentry"],"acf":[],"yoast_head":"<!-- This site is optimized with the Yoast SEO Premium plugin v25.2 (Yoast SEO v26.7) - https:\/\/yoast.com\/wordpress\/plugins\/seo\/ -->\n<title>Contact - Kallaste Turismitalu - \u00c4rksa hingega Talu Harjumaal<\/title>\n<meta name=\"description\" content=\"Get in touch or plan your visit \u2013 here you\u2019ll find Kallaste Turismitalu\u2019s contact details, location on the map, and directions.\" \/>\n<meta name=\"robots\" content=\"index, follow, max-snippet:-1, max-image-preview:large, max-video-preview:-1\" \/>\n<link rel=\"canonical\" href=\"https:\/\/kallastetalu.ee\/en\/contact\/\" \/>\n<meta property=\"og:locale\" content=\"en_US\" \/>\n<meta property=\"og:type\" content=\"article\" \/>\n<meta property=\"og:title\" content=\"Contact\" \/>\n<meta property=\"og:description\" content=\"Get in touch or plan your visit \u2013 here you\u2019ll find Kallaste Turismitalu\u2019s contact details, location on the map, and directions.\" \/>\n<meta property=\"og:url\" content=\"https:\/\/kallastetalu.ee\/en\/contact\/\" \/>\n<meta property=\"og:site_name\" content=\"Kallaste Turismitalu - \u00c4rksa hingega Talu Harjumaal\" \/>\n<meta property=\"article:publisher\" content=\"https:\/\/www.facebook.com\/kallastetalu\" \/>\n<meta property=\"article:modified_time\" content=\"2025-06-05T19:53:37+00:00\" \/>\n<meta name=\"twitter:card\" content=\"summary_large_image\" \/>\n<script type=\"application\/ld+json\" class=\"yoast-schema-graph\">{\"@context\":\"https:\/\/schema.org\",\"@graph\":[{\"@type\":\"WebPage\",\"@id\":\"https:\/\/kallastetalu.ee\/en\/contact\/\",\"url\":\"https:\/\/kallastetalu.ee\/en\/contact\/\",\"name\":\"Contact - Kallaste Turismitalu - \u00c4rksa hingega Talu Harjumaal\",\"isPartOf\":{\"@id\":\"https:\/\/kallastetalu.ee\/en\/#website\"},\"datePublished\":\"2025-04-16T07:07:46+00:00\",\"dateModified\":\"2025-06-05T19:53:37+00:00\",\"description\":\"Get in touch or plan your visit \u2013 here you\u2019ll find Kallaste Turismitalu\u2019s contact details, location on the map, and directions.\",\"breadcrumb\":{\"@id\":\"https:\/\/kallastetalu.ee\/en\/contact\/#breadcrumb\"},\"inLanguage\":\"en-US\",\"potentialAction\":[{\"@type\":\"ReadAction\",\"target\":[\"https:\/\/kallastetalu.ee\/en\/contact\/\"]}]},{\"@type\":\"BreadcrumbList\",\"@id\":\"https:\/\/kallastetalu.ee\/en\/contact\/#breadcrumb\",\"itemListElement\":[{\"@type\":\"ListItem\",\"position\":1,\"name\":\"Home\",\"item\":\"https:\/\/kallastetalu.ee\/en\/\"},{\"@type\":\"ListItem\",\"position\":2,\"name\":\"Contact\"}]},{\"@type\":\"WebSite\",\"@id\":\"https:\/\/kallastetalu.ee\/en\/#website\",\"url\":\"https:\/\/kallastetalu.ee\/en\/\",\"name\":\"Kallaste Turismitalu - \u00c4rksa hingega talu Harjumaal\",\"description\":\"\",\"publisher\":{\"@id\":\"https:\/\/kallastetalu.ee\/en\/#organization\"},\"potentialAction\":[{\"@type\":\"SearchAction\",\"target\":{\"@type\":\"EntryPoint\",\"urlTemplate\":\"https:\/\/kallastetalu.ee\/en\/?s={search_term_string}\"},\"query-input\":{\"@type\":\"PropertyValueSpecification\",\"valueRequired\":true,\"valueName\":\"search_term_string\"}}],\"inLanguage\":\"en-US\"},{\"@type\":\"Organization\",\"@id\":\"https:\/\/kallastetalu.ee\/en\/#organization\",\"name\":\"Kallaste Turismitalu - \u00c4rksa hingega talu Harjumaal\",\"url\":\"https:\/\/kallastetalu.ee\/en\/\",\"logo\":{\"@type\":\"ImageObject\",\"inLanguage\":\"en-US\",\"@id\":\"https:\/\/kallastetalu.ee\/en\/#\/schema\/logo\/image\/\",\"url\":\"https:\/\/kallastetalu.ee\/wp-content\/uploads\/2025\/04\/kallastetalu.svg\",\"contentUrl\":\"https:\/\/kallastetalu.ee\/wp-content\/uploads\/2025\/04\/kallastetalu.svg\",\"width\":158,\"height\":127,\"caption\":\"Kallaste Turismitalu - \u00c4rksa hingega talu Harjumaal\"},\"image\":{\"@id\":\"https:\/\/kallastetalu.ee\/en\/#\/schema\/logo\/image\/\"},\"sameAs\":[\"https:\/\/www.facebook.com\/kallastetalu\",\"https:\/\/www.instagram.com\/turismitalu\",\"https:\/\/www.youtube.com\/@turismitalu\",\"https:\/\/www.tripadvisor.com\/Hotel_Review-g19122067-d2677575-Reviews-Kallaste_Talu_Turismitalu_Holiday_Resort-Kasepere_Harju_County.html?m=19905\"]}]}<\/script>\n<!-- \/ Yoast SEO Premium plugin. -->","yoast_head_json":{"title":"Contact - Kallaste Turismitalu - \u00c4rksa hingega Talu Harjumaal","description":"Get in touch or plan your visit \u2013 here you\u2019ll find Kallaste Turismitalu\u2019s contact details, location on the map, and directions.","robots":{"index":"index","follow":"follow","max-snippet":"max-snippet:-1","max-image-preview":"max-image-preview:large","max-video-preview":"max-video-preview:-1"},"canonical":"https:\/\/kallastetalu.ee\/en\/contact\/","og_locale":"en_US","og_type":"article","og_title":"Contact","og_description":"Get in touch or plan your visit \u2013 here you\u2019ll find Kallaste Turismitalu\u2019s contact details, location on the map, and directions.","og_url":"https:\/\/kallastetalu.ee\/en\/contact\/","og_site_name":"Kallaste Turismitalu - \u00c4rksa hingega Talu Harjumaal","article_publisher":"https:\/\/www.facebook.com\/kallastetalu","article_modified_time":"2025-06-05T19:53:37+00:00","twitter_card":"summary_large_image","schema":{"@context":"https:\/\/schema.org","@graph":[{"@type":"WebPage","@id":"https:\/\/kallastetalu.ee\/en\/contact\/","url":"https:\/\/kallastetalu.ee\/en\/contact\/","name":"Contact - Kallaste Turismitalu - \u00c4rksa hingega Talu Harjumaal","isPartOf":{"@id":"https:\/\/kallastetalu.ee\/en\/#website"},"datePublished":"2025-04-16T07:07:46+00:00","dateModified":"2025-06-05T19:53:37+00:00","description":"Get in touch or plan your visit \u2013 here you\u2019ll find Kallaste Turismitalu\u2019s contact details, location on the map, and directions.","breadcrumb":{"@id":"https:\/\/kallastetalu.ee\/en\/contact\/#breadcrumb"},"inLanguage":"en-US","potentialAction":[{"@type":"ReadAction","target":["https:\/\/kallastetalu.ee\/en\/contact\/"]}]},{"@type":"BreadcrumbList","@id":"https:\/\/kallastetalu.ee\/en\/contact\/#breadcrumb","itemListElement":[{"@type":"ListItem","position":1,"name":"Home","item":"https:\/\/kallastetalu.ee\/en\/"},{"@type":"ListItem","position":2,"name":"Contact"}]},{"@type":"WebSite","@id":"https:\/\/kallastetalu.ee\/en\/#website","url":"https:\/\/kallastetalu.ee\/en\/","name":"Kallaste Turismitalu - \u00c4rksa hingega talu Harjumaal","description":"","publisher":{"@id":"https:\/\/kallastetalu.ee\/en\/#organization"},"potentialAction":[{"@type":"SearchAction","target":{"@type":"EntryPoint","urlTemplate":"https:\/\/kallastetalu.ee\/en\/?s={search_term_string}"},"query-input":{"@type":"PropertyValueSpecification","valueRequired":true,"valueName":"search_term_string"}}],"inLanguage":"en-US"},{"@type":"Organization","@id":"https:\/\/kallastetalu.ee\/en\/#organization","name":"Kallaste Turismitalu - \u00c4rksa hingega talu Harjumaal","url":"https:\/\/kallastetalu.ee\/en\/","logo":{"@type":"ImageObject","inLanguage":"en-US","@id":"https:\/\/kallastetalu.ee\/en\/#\/schema\/logo\/image\/","url":"https:\/\/kallastetalu.ee\/wp-content\/uploads\/2025\/04\/kallastetalu.svg","contentUrl":"https:\/\/kallastetalu.ee\/wp-content\/uploads\/2025\/04\/kallastetalu.svg","width":158,"height":127,"caption":"Kallaste Turismitalu - \u00c4rksa hingega talu Harjumaal"},"image":{"@id":"https:\/\/kallastetalu.ee\/en\/#\/schema\/logo\/image\/"},"sameAs":["https:\/\/www.facebook.com\/kallastetalu","https:\/\/www.instagram.com\/turismitalu","https:\/\/www.youtube.com\/@turismitalu","https:\/\/www.tripadvisor.com\/Hotel_Review-g19122067-d2677575-Reviews-Kallaste_Talu_Turismitalu_Holiday_Resort-Kasepere_Harju_County.html?m=19905"]}]}},"_links":{"self":[{"href":"https:\/\/kallastetalu.ee\/en\/wp-json\/wp\/v2\/pages\/3768","targetHints":{"allow":["GET"]}}],"collection":[{"href":"https:\/\/kallastetalu.ee\/en\/wp-json\/wp\/v2\/pages"}],"about":[{"href":"https:\/\/kallastetalu.ee\/en\/wp-json\/wp\/v2\/types\/page"}],"author":[{"embeddable":true,"href":"https:\/\/kallastetalu.ee\/en\/wp-json\/wp\/v2\/users\/1"}],"replies":[{"embeddable":true,"href":"https:\/\/kallastetalu.ee\/en\/wp-json\/wp\/v2\/comments?post=3768"}],"version-history":[{"count":2,"href":"https:\/\/kallastetalu.ee\/en\/wp-json\/wp\/v2\/pages\/3768\/revisions"}],"predecessor-version":[{"id":4455,"href":"https:\/\/kallastetalu.ee\/en\/wp-json\/wp\/v2\/pages\/3768\/revisions\/4455"}],"wp:attachment":[{"href":"https:\/\/kallastetalu.ee\/en\/wp-json\/wp\/v2\/media?parent=3768"}],"curies":[{"name":"wp","href":"https:\/\/api.w.org\/{rel}","templated":true}]}}