{"id":3803,"date":"2025-04-29T11:50:45","date_gmt":"2025-04-29T11:50:45","guid":{"rendered":"https:\/\/kallastetalu.ee\/elamustalu\/taluloomad\/"},"modified":"2025-06-05T20:29:26","modified_gmt":"2025-06-05T20:29:26","slug":"farm-animals","status":"publish","type":"page","link":"https:\/\/kallastetalu.ee\/en\/elamustalu\/farm-animals\/","title":{"rendered":"Farm animals"},"content":{"rendered":"\n<section class=\"block-images\">\n                        <div class=\"block-images__image\">\n                <a \n                    href=\"https:\/\/kallastetalu.ee\/wp-content\/uploads\/2025\/05\/DSCF5617-1920x1080.jpg\" \n                    data-fancybox=\"gallery\" \n                    class=\"smooth-corners\"\n                    style=\"background-image: url('https:\/\/kallastetalu.ee\/wp-content\/uploads\/2025\/05\/DSCF5617-150x150.jpg');\"\n                >\n                    <img decoding=\"async\" src=\"https:\/\/kallastetalu.ee\/wp-content\/uploads\/2025\/05\/DSCF5617-150x150.jpg\" alt=\"Taluloomad kitsed Elamustalu - Kallaste Turismitalu \u00e4rksa hingega talu Harjumaal - taluloomad - loomapark \">\n                                                        <\/a>\n            <\/div>\n                                <div class=\"block-images__image\">\n                <a \n                    href=\"https:\/\/kallastetalu.ee\/wp-content\/uploads\/2025\/05\/tahelepanelik-janes-reklaam-suvi-janesed-illustratiivne-peresobralik-koht-loomad-suvekontsertide-paradiis-Kalju-lava-Harjumaa-Padise-www.kaljulava.ee-Kallaste-Turismitalu-1920x1080.jpg\" \n                    data-fancybox=\"gallery\" \n                    class=\"smooth-corners\"\n                    style=\"background-image: url('https:\/\/kallastetalu.ee\/wp-content\/uploads\/2025\/05\/tahelepanelik-janes-reklaam-suvi-janesed-illustratiivne-peresobralik-koht-loomad-suvekontsertide-paradiis-Kalju-lava-Harjumaa-Padise-www.kaljulava.ee-Kallaste-Turismitalu-150x150.jpg');\"\n                >\n                    <img decoding=\"async\" src=\"https:\/\/kallastetalu.ee\/wp-content\/uploads\/2025\/05\/tahelepanelik-janes-reklaam-suvi-janesed-illustratiivne-peresobralik-koht-loomad-suvekontsertide-paradiis-Kalju-lava-Harjumaa-Padise-www.kaljulava.ee-Kallaste-Turismitalu-150x150.jpg\" alt=\"Elamustalu loomapark j\u00e4nesed - sind ootavad taluloomad nagu kitsed, j\u00e4nesed, vietnami sead, kanad ja kuked, haned, j\u00e4nesed, koer ChaCha ja kassikesed. Kallaste Turismitalu - \u00e4rksa hingega talu Harjumaal\">\n                                                        <\/a>\n            <\/div>\n                                <div class=\"block-images__image\">\n                <a \n                    href=\"https:\/\/kallastetalu.ee\/wp-content\/uploads\/2025\/05\/DSCF5605-1920x1080.jpg\" \n                    data-fancybox=\"gallery\" \n                    class=\"smooth-corners\"\n                    style=\"background-image: url('https:\/\/kallastetalu.ee\/wp-content\/uploads\/2025\/05\/DSCF5605-150x150.jpg');\"\n                >\n                    <img decoding=\"async\" src=\"https:\/\/kallastetalu.ee\/wp-content\/uploads\/2025\/05\/DSCF5605-150x150.jpg\" alt=\"Elamustalu loomapark Vietnami sead - sind ootavad taluloomad nagu kitsed, j\u00e4nesed, vietnami sead, kanad ja kuked, haned, j\u00e4nesed, koer ChaCha ja kassikesed. Kallaste Turismitalu - \u00e4rksa hingega talu Harjumaal\">\n                                                        <\/a>\n            <\/div>\n                                <div class=\"block-images__image\">\n                <a \n                    href=\"https:\/\/kallastetalu.ee\/wp-content\/uploads\/2025\/05\/20240905_155220-1920x1080.jpg\" \n                    data-fancybox=\"gallery\" \n                    class=\"smooth-corners\"\n                    style=\"background-image: url('https:\/\/kallastetalu.ee\/wp-content\/uploads\/2025\/05\/20240905_155220-150x150.jpg');\"\n                >\n                    <img decoding=\"async\" src=\"https:\/\/kallastetalu.ee\/wp-content\/uploads\/2025\/05\/20240905_155220-150x150.jpg\" alt=\"Elamustalu loomapark Vietnami sead - sind ootavad taluloomad nagu kitsed, j\u00e4nesed, vietnami sead, kanad ja kuked, haned, j\u00e4nesed, koer ChaCha ja kassikesed. Kallaste Turismitalu - \u00e4rksa hingega talu Harjumaal\">\n                                                                <div class=\"moreImagePlaceholder mobile\">\n                            <span>+5<br>Photos<\/span>\n                        <\/div>\n                                    <\/a>\n            <\/div>\n                                <div class=\"block-images__image\">\n                <a \n                    href=\"https:\/\/kallastetalu.ee\/wp-content\/uploads\/2025\/05\/DSCF6221-1920x1080.jpg\" \n                    data-fancybox=\"gallery\" \n                    class=\"smooth-corners\"\n                    style=\"background-image: url('https:\/\/kallastetalu.ee\/wp-content\/uploads\/2025\/05\/DSCF6221-150x150.jpg');\"\n                >\n                    <img decoding=\"async\" src=\"https:\/\/kallastetalu.ee\/wp-content\/uploads\/2025\/05\/DSCF6221-150x150.jpg\" alt=\"kanad elamustalu Kallaste Turismitalu Harjumaal taluloomad loomapark\">\n                                            <div class=\"moreImagePlaceholder desktop\">\n                            <span>+4<br>Photos<\/span>\n                        <\/div>\n                                                        <\/a>\n            <\/div>\n                                <a \n                href=\"https:\/\/kallastetalu.ee\/wp-content\/uploads\/2025\/05\/20241017_175015-1920x1080.jpg\" \n                data-fancybox=\"gallery\" \n                style=\"display:none;\"\n            ><\/a>\n                                <a \n                href=\"https:\/\/kallastetalu.ee\/wp-content\/uploads\/2025\/05\/20240502_165424-1920x1080.jpg\" \n                data-fancybox=\"gallery\" \n                style=\"display:none;\"\n            ><\/a>\n                                <a \n                href=\"https:\/\/kallastetalu.ee\/wp-content\/uploads\/2025\/05\/20240502_164011-1920x1080.jpg\" \n                data-fancybox=\"gallery\" \n                style=\"display:none;\"\n            ><\/a>\n                                <a \n                href=\"https:\/\/kallastetalu.ee\/wp-content\/uploads\/2025\/05\/DSCF6220-1920x1080.jpg\" \n                data-fancybox=\"gallery\" \n                style=\"display:none;\"\n            ><\/a>\n            <\/section>\n\n\n\n<h2 class=\"wp-block-heading\" id=\"h-visit-the-animal-park-our-domestic-and-farm-animals-are-waiting-for-you\"><strong>Visit the animal park \u2013 our domestic and farm animals are waiting for you<\/strong><\/h2>\n\n\n\n<p>At our Elamustalu, friendly farm and domestic animals await you in a peaceful nature paradise in Harju County. Come with your family or friends and show children how animals really live on a farm. Our animal park is perfect for a quiet walk and enjoying fresh air.<\/p>\n\n\n\n<p>In our farm animal park, you will find:<\/p>\n\n\n\n<ul class=\"wp-block-list\">\n<li><span><span>Cameroon goats, happy to receive every slice of carrot or bread crust<\/span><\/span><\/li>\n\n\n\n<li><span><span>Rabbits, chickens, roosters, and proud geese<\/span><\/span><\/li>\n\n\n\n<li><span><span>Cats and our little dog Cha-Cha, who greet every guest in their own way<\/span><\/span><\/li>\n<\/ul>\n\n\n\n<p>You can pick fresh grass, dandelions, nettles, and other plants for the animals or bring them tasty treats. Suitable foods include cabbage leaves, hay, carrots \u2014 almost all fresh and plant-based foods make them happy, as well as bread, rolls, and other grain products. Please do not feed them sweets.<\/p>\n\n\n\n<p>The animal park is open year-round, but it\u2019s especially nice to visit us in summer when everything blooms and the animals enjoy the warm weather.<\/p>\n\n\n<section class=\"blog-nb-section\">\n    <div class=\"upper\">\n        <svg xmlns=\"http:\/\/www.w3.org\/2000\/svg\" width=\"24\" height=\"24\" viewBox=\"0 0 24 24\" fill=\"none\">\n            <path d=\"M7.78216 3H16.2169C19.165 3 21 5.08119 21 8.02638V15.9736C21 18.9188 19.165 21 16.2159 21H7.78216C4.83405 21 3 18.9188 3 15.9736V8.02638C3 5.08119 4.84281 3 7.78216 3Z\" fill=\"#8D7971\" stroke=\"#8D7971\" stroke-width=\"1.5\" stroke-linecap=\"round\" stroke-linejoin=\"round\"\/>\n            <path d=\"M11.9941 8.98511V12.3117\" stroke=\"white\" stroke-width=\"1.5\" stroke-linecap=\"round\" stroke-linejoin=\"round\"\/>\n            <path d=\"M11.9941 12.3115L14.1322 15.0154\" stroke=\"white\" stroke-width=\"1.5\" stroke-linecap=\"round\" stroke-linejoin=\"round\"\/>\n            <path d=\"M11.9937 12.3115L9.86719 15.0008\" stroke=\"white\" stroke-width=\"1.5\" stroke-linecap=\"round\" stroke-linejoin=\"round\"\/>\n            <path d=\"M8.94141 11.2305L11.9907 12.3114\" stroke=\"white\" stroke-width=\"1.5\" stroke-linecap=\"round\" stroke-linejoin=\"round\"\/>\n            <path d=\"M11.9902 12.3114L15.057 11.2246\" stroke=\"white\" stroke-width=\"1.5\" stroke-linecap=\"round\" stroke-linejoin=\"round\"\/>\n        <\/svg>\n        <h3 class=\"blog-nb-section__title\">\n            Wild animals and birds        <\/h3>\n    <\/div>\n    <p class=\"blog-nb-section__text\">\n        In addition to the animals, the farm is surrounded by forests, creating a rather wild natural environment where you can spot interesting birds and wild animals. Come for a walk, watch, listen, and just be. The peace and natural beauty of Kallaste Turismitalu offer a moment where time stands still. It is here that simple joys come to mind and the best memories are made.    <\/p>\n<\/section>\n\n\n\n<figure class=\"wp-block-video\"><video height=\"1440\" style=\"aspect-ratio: 1920 \/ 1440;\" width=\"1920\" controls src=\"https:\/\/kallastetalu.ee\/wp-content\/uploads\/2025\/05\/GH011320.mp4\"><\/video><\/figure>\n","protected":false},"excerpt":{"rendered":"Visit the animal park \u2013 our domestic and farm animals are waiting for you At our Elamustalu, friendly farm and domestic animals await you&#8230;","protected":false},"author":1,"featured_media":1348,"parent":3699,"menu_order":7,"comment_status":"closed","ping_status":"closed","template":"page-templates\/template-detail.php","meta":{"_acf_changed":false,"inline_featured_image":false,"footnotes":""},"class_list":["post-3803","page","type-page","status-publish","has-post-thumbnail","hentry"],"acf":[],"yoast_head":"<!-- This site is optimized with the Yoast SEO Premium plugin v25.2 (Yoast SEO v26.7) - https:\/\/yoast.com\/wordpress\/plugins\/seo\/ -->\n<title>Adorable farm animals at Elamustalu Animal Park in Harju County.<\/title>\n<meta name=\"description\" content=\"Come visit Elamustalu Animal Park with your kids! Friendly farm animals and playful nature await you for a day full of fun and memories.\" \/>\n<meta name=\"robots\" content=\"index, follow, max-snippet:-1, max-image-preview:large, max-video-preview:-1\" \/>\n<link rel=\"canonical\" href=\"https:\/\/kallastetalu.ee\/en\/elamustalu\/farm-animals\/\" \/>\n<meta property=\"og:locale\" content=\"en_US\" \/>\n<meta property=\"og:type\" content=\"article\" \/>\n<meta property=\"og:title\" content=\"Farm animals\" \/>\n<meta property=\"og:description\" content=\"Come visit Elamustalu Animal Park with your kids! Friendly farm animals and playful nature await you for a day full of fun and memories.\" \/>\n<meta property=\"og:url\" content=\"https:\/\/kallastetalu.ee\/en\/elamustalu\/farm-animals\/\" \/>\n<meta property=\"og:site_name\" content=\"Kallaste Turismitalu - \u00c4rksa hingega Talu Harjumaal\" \/>\n<meta property=\"article:publisher\" content=\"https:\/\/www.facebook.com\/kallastetalu\" \/>\n<meta property=\"article:modified_time\" content=\"2025-06-05T20:29:26+00:00\" \/>\n<meta property=\"og:image\" content=\"https:\/\/kallastetalu.ee\/wp-content\/uploads\/2025\/05\/20240504_111030-scaled.jpg\" \/>\n\t<meta property=\"og:image:width\" content=\"2560\" \/>\n\t<meta property=\"og:image:height\" content=\"1920\" \/>\n\t<meta property=\"og:image:type\" content=\"image\/jpeg\" \/>\n<meta name=\"twitter:card\" content=\"summary_large_image\" \/>\n<meta name=\"twitter:label1\" content=\"Est. reading time\" \/>\n\t<meta name=\"twitter:data1\" content=\"2 minutes\" \/>\n<script type=\"application\/ld+json\" class=\"yoast-schema-graph\">{\"@context\":\"https:\/\/schema.org\",\"@graph\":[{\"@type\":\"WebPage\",\"@id\":\"https:\/\/kallastetalu.ee\/en\/elamustalu\/farm-animals\/\",\"url\":\"https:\/\/kallastetalu.ee\/en\/elamustalu\/farm-animals\/\",\"name\":\"Adorable farm animals at Elamustalu Animal Park in Harju County.\",\"isPartOf\":{\"@id\":\"https:\/\/kallastetalu.ee\/en\/#website\"},\"primaryImageOfPage\":{\"@id\":\"https:\/\/kallastetalu.ee\/en\/elamustalu\/farm-animals\/#primaryimage\"},\"image\":{\"@id\":\"https:\/\/kallastetalu.ee\/en\/elamustalu\/farm-animals\/#primaryimage\"},\"thumbnailUrl\":\"https:\/\/kallastetalu.ee\/wp-content\/uploads\/2025\/05\/20240504_111030-scaled.jpg\",\"datePublished\":\"2025-04-29T11:50:45+00:00\",\"dateModified\":\"2025-06-05T20:29:26+00:00\",\"description\":\"Come visit Elamustalu Animal Park with your kids! Friendly farm animals and playful nature await you for a day full of fun and memories.\",\"breadcrumb\":{\"@id\":\"https:\/\/kallastetalu.ee\/en\/elamustalu\/farm-animals\/#breadcrumb\"},\"inLanguage\":\"en-US\",\"potentialAction\":[{\"@type\":\"ReadAction\",\"target\":[\"https:\/\/kallastetalu.ee\/en\/elamustalu\/farm-animals\/\"]}]},{\"@type\":\"ImageObject\",\"inLanguage\":\"en-US\",\"@id\":\"https:\/\/kallastetalu.ee\/en\/elamustalu\/farm-animals\/#primaryimage\",\"url\":\"https:\/\/kallastetalu.ee\/wp-content\/uploads\/2025\/05\/20240504_111030-scaled.jpg\",\"contentUrl\":\"https:\/\/kallastetalu.ee\/wp-content\/uploads\/2025\/05\/20240504_111030-scaled.jpg\",\"width\":2560,\"height\":1920,\"caption\":\"Elamustalu loomapark - sind ootavad taluloomad nagu kitsed, j\u00e4nesed, vietnami sead, kanad ja kuked, haned, j\u00e4nesed, koer ChaCha ja kasiikesed. Kallaste Turismitalu - \u00e4rksa hingega talu Harjumaal\"},{\"@type\":\"BreadcrumbList\",\"@id\":\"https:\/\/kallastetalu.ee\/en\/elamustalu\/farm-animals\/#breadcrumb\",\"itemListElement\":[{\"@type\":\"ListItem\",\"position\":1,\"name\":\"Home\",\"item\":\"https:\/\/kallastetalu.ee\/en\/\"},{\"@type\":\"ListItem\",\"position\":2,\"name\":\"Elamustalu\",\"item\":\"https:\/\/kallastetalu.ee\/en\/elamustalu\/\"},{\"@type\":\"ListItem\",\"position\":3,\"name\":\"Farm animals\"}]},{\"@type\":\"WebSite\",\"@id\":\"https:\/\/kallastetalu.ee\/en\/#website\",\"url\":\"https:\/\/kallastetalu.ee\/en\/\",\"name\":\"Kallaste Turismitalu - \u00c4rksa hingega talu Harjumaal\",\"description\":\"\",\"publisher\":{\"@id\":\"https:\/\/kallastetalu.ee\/en\/#organization\"},\"potentialAction\":[{\"@type\":\"SearchAction\",\"target\":{\"@type\":\"EntryPoint\",\"urlTemplate\":\"https:\/\/kallastetalu.ee\/en\/?s={search_term_string}\"},\"query-input\":{\"@type\":\"PropertyValueSpecification\",\"valueRequired\":true,\"valueName\":\"search_term_string\"}}],\"inLanguage\":\"en-US\"},{\"@type\":\"Organization\",\"@id\":\"https:\/\/kallastetalu.ee\/en\/#organization\",\"name\":\"Kallaste Turismitalu - \u00c4rksa hingega talu Harjumaal\",\"url\":\"https:\/\/kallastetalu.ee\/en\/\",\"logo\":{\"@type\":\"ImageObject\",\"inLanguage\":\"en-US\",\"@id\":\"https:\/\/kallastetalu.ee\/en\/#\/schema\/logo\/image\/\",\"url\":\"https:\/\/kallastetalu.ee\/wp-content\/uploads\/2025\/04\/kallastetalu.svg\",\"contentUrl\":\"https:\/\/kallastetalu.ee\/wp-content\/uploads\/2025\/04\/kallastetalu.svg\",\"width\":158,\"height\":127,\"caption\":\"Kallaste Turismitalu - \u00c4rksa hingega talu Harjumaal\"},\"image\":{\"@id\":\"https:\/\/kallastetalu.ee\/en\/#\/schema\/logo\/image\/\"},\"sameAs\":[\"https:\/\/www.facebook.com\/kallastetalu\",\"https:\/\/www.instagram.com\/turismitalu\",\"https:\/\/www.youtube.com\/@turismitalu\",\"https:\/\/www.tripadvisor.com\/Hotel_Review-g19122067-d2677575-Reviews-Kallaste_Talu_Turismitalu_Holiday_Resort-Kasepere_Harju_County.html?m=19905\"]}]}<\/script>\n<!-- \/ Yoast SEO Premium plugin. -->","yoast_head_json":{"title":"Adorable farm animals at Elamustalu Animal Park in Harju County.","description":"Come visit Elamustalu Animal Park with your kids! Friendly farm animals and playful nature await you for a day full of fun and memories.","robots":{"index":"index","follow":"follow","max-snippet":"max-snippet:-1","max-image-preview":"max-image-preview:large","max-video-preview":"max-video-preview:-1"},"canonical":"https:\/\/kallastetalu.ee\/en\/elamustalu\/farm-animals\/","og_locale":"en_US","og_type":"article","og_title":"Farm animals","og_description":"Come visit Elamustalu Animal Park with your kids! Friendly farm animals and playful nature await you for a day full of fun and memories.","og_url":"https:\/\/kallastetalu.ee\/en\/elamustalu\/farm-animals\/","og_site_name":"Kallaste Turismitalu - \u00c4rksa hingega Talu Harjumaal","article_publisher":"https:\/\/www.facebook.com\/kallastetalu","article_modified_time":"2025-06-05T20:29:26+00:00","og_image":[{"width":2560,"height":1920,"url":"https:\/\/kallastetalu.ee\/wp-content\/uploads\/2025\/05\/20240504_111030-scaled.jpg","type":"image\/jpeg"}],"twitter_card":"summary_large_image","twitter_misc":{"Est. reading time":"2 minutes"},"schema":{"@context":"https:\/\/schema.org","@graph":[{"@type":"WebPage","@id":"https:\/\/kallastetalu.ee\/en\/elamustalu\/farm-animals\/","url":"https:\/\/kallastetalu.ee\/en\/elamustalu\/farm-animals\/","name":"Adorable farm animals at Elamustalu Animal Park in Harju County.","isPartOf":{"@id":"https:\/\/kallastetalu.ee\/en\/#website"},"primaryImageOfPage":{"@id":"https:\/\/kallastetalu.ee\/en\/elamustalu\/farm-animals\/#primaryimage"},"image":{"@id":"https:\/\/kallastetalu.ee\/en\/elamustalu\/farm-animals\/#primaryimage"},"thumbnailUrl":"https:\/\/kallastetalu.ee\/wp-content\/uploads\/2025\/05\/20240504_111030-scaled.jpg","datePublished":"2025-04-29T11:50:45+00:00","dateModified":"2025-06-05T20:29:26+00:00","description":"Come visit Elamustalu Animal Park with your kids! Friendly farm animals and playful nature await you for a day full of fun and memories.","breadcrumb":{"@id":"https:\/\/kallastetalu.ee\/en\/elamustalu\/farm-animals\/#breadcrumb"},"inLanguage":"en-US","potentialAction":[{"@type":"ReadAction","target":["https:\/\/kallastetalu.ee\/en\/elamustalu\/farm-animals\/"]}]},{"@type":"ImageObject","inLanguage":"en-US","@id":"https:\/\/kallastetalu.ee\/en\/elamustalu\/farm-animals\/#primaryimage","url":"https:\/\/kallastetalu.ee\/wp-content\/uploads\/2025\/05\/20240504_111030-scaled.jpg","contentUrl":"https:\/\/kallastetalu.ee\/wp-content\/uploads\/2025\/05\/20240504_111030-scaled.jpg","width":2560,"height":1920,"caption":"Elamustalu loomapark - sind ootavad taluloomad nagu kitsed, j\u00e4nesed, vietnami sead, kanad ja kuked, haned, j\u00e4nesed, koer ChaCha ja kasiikesed. Kallaste Turismitalu - \u00e4rksa hingega talu Harjumaal"},{"@type":"BreadcrumbList","@id":"https:\/\/kallastetalu.ee\/en\/elamustalu\/farm-animals\/#breadcrumb","itemListElement":[{"@type":"ListItem","position":1,"name":"Home","item":"https:\/\/kallastetalu.ee\/en\/"},{"@type":"ListItem","position":2,"name":"Elamustalu","item":"https:\/\/kallastetalu.ee\/en\/elamustalu\/"},{"@type":"ListItem","position":3,"name":"Farm animals"}]},{"@type":"WebSite","@id":"https:\/\/kallastetalu.ee\/en\/#website","url":"https:\/\/kallastetalu.ee\/en\/","name":"Kallaste Turismitalu - \u00c4rksa hingega talu Harjumaal","description":"","publisher":{"@id":"https:\/\/kallastetalu.ee\/en\/#organization"},"potentialAction":[{"@type":"SearchAction","target":{"@type":"EntryPoint","urlTemplate":"https:\/\/kallastetalu.ee\/en\/?s={search_term_string}"},"query-input":{"@type":"PropertyValueSpecification","valueRequired":true,"valueName":"search_term_string"}}],"inLanguage":"en-US"},{"@type":"Organization","@id":"https:\/\/kallastetalu.ee\/en\/#organization","name":"Kallaste Turismitalu - \u00c4rksa hingega talu Harjumaal","url":"https:\/\/kallastetalu.ee\/en\/","logo":{"@type":"ImageObject","inLanguage":"en-US","@id":"https:\/\/kallastetalu.ee\/en\/#\/schema\/logo\/image\/","url":"https:\/\/kallastetalu.ee\/wp-content\/uploads\/2025\/04\/kallastetalu.svg","contentUrl":"https:\/\/kallastetalu.ee\/wp-content\/uploads\/2025\/04\/kallastetalu.svg","width":158,"height":127,"caption":"Kallaste Turismitalu - \u00c4rksa hingega talu Harjumaal"},"image":{"@id":"https:\/\/kallastetalu.ee\/en\/#\/schema\/logo\/image\/"},"sameAs":["https:\/\/www.facebook.com\/kallastetalu","https:\/\/www.instagram.com\/turismitalu","https:\/\/www.youtube.com\/@turismitalu","https:\/\/www.tripadvisor.com\/Hotel_Review-g19122067-d2677575-Reviews-Kallaste_Talu_Turismitalu_Holiday_Resort-Kasepere_Harju_County.html?m=19905"]}]}},"_links":{"self":[{"href":"https:\/\/kallastetalu.ee\/en\/wp-json\/wp\/v2\/pages\/3803","targetHints":{"allow":["GET"]}}],"collection":[{"href":"https:\/\/kallastetalu.ee\/en\/wp-json\/wp\/v2\/pages"}],"about":[{"href":"https:\/\/kallastetalu.ee\/en\/wp-json\/wp\/v2\/types\/page"}],"author":[{"embeddable":true,"href":"https:\/\/kallastetalu.ee\/en\/wp-json\/wp\/v2\/users\/1"}],"replies":[{"embeddable":true,"href":"https:\/\/kallastetalu.ee\/en\/wp-json\/wp\/v2\/comments?post=3803"}],"version-history":[{"count":1,"href":"https:\/\/kallastetalu.ee\/en\/wp-json\/wp\/v2\/pages\/3803\/revisions"}],"predecessor-version":[{"id":3807,"href":"https:\/\/kallastetalu.ee\/en\/wp-json\/wp\/v2\/pages\/3803\/revisions\/3807"}],"up":[{"embeddable":true,"href":"https:\/\/kallastetalu.ee\/en\/wp-json\/wp\/v2\/pages\/3699"}],"wp:featuredmedia":[{"embeddable":true,"href":"https:\/\/kallastetalu.ee\/en\/wp-json\/wp\/v2\/media\/1348"}],"wp:attachment":[{"href":"https:\/\/kallastetalu.ee\/en\/wp-json\/wp\/v2\/media?parent=3803"}],"curies":[{"name":"wp","href":"https:\/\/api.w.org\/{rel}","templated":true}]}}