{"id":3815,"date":"2025-05-29T08:17:43","date_gmt":"2025-05-29T08:17:43","guid":{"rendered":"https:\/\/kallastetalu.ee\/elamustalu\/traktor\/"},"modified":"2025-06-06T19:33:06","modified_gmt":"2025-06-06T19:33:06","slug":"tractor","status":"publish","type":"page","link":"https:\/\/kallastetalu.ee\/en\/elamustalu\/tractor\/","title":{"rendered":"Tractor"},"content":{"rendered":"\n<section class=\"block-images\">\n                        <div class=\"block-images__image\">\n                <a \n                    href=\"https:\/\/kallastetalu.ee\/wp-content\/uploads\/2025\/05\/Sinine-traktor-laste-lemmik-traktorimang-Elamustalu-2025-uldvaade-Kallaste-Turismitalu-Arksa-hingega-talu-Harjumaal-1-1920x1080.jpg\" \n                    data-fancybox=\"gallery\" \n                    class=\"smooth-corners\"\n                    style=\"background-image: url('https:\/\/kallastetalu.ee\/wp-content\/uploads\/2025\/05\/Sinine-traktor-laste-lemmik-traktorimang-Elamustalu-2025-uldvaade-Kallaste-Turismitalu-Arksa-hingega-talu-Harjumaal-1-150x150.jpg');\"\n                >\n                    <img decoding=\"async\" src=\"https:\/\/kallastetalu.ee\/wp-content\/uploads\/2025\/05\/Sinine-traktor-laste-lemmik-traktorimang-Elamustalu-2025-uldvaade-Kallaste-Turismitalu-Arksa-hingega-talu-Harjumaal-1-150x150.jpg\" alt=\"Sinine traktor laste lemmik traktorim\u00e4ng Elamustalu 2025 \u00fcldvaade Kallaste Turismitalu \u00c4rksa hingega talu Harjumaal\">\n                                                        <\/a>\n            <\/div>\n                                <div class=\"block-images__image\">\n                <a \n                    href=\"https:\/\/kallastetalu.ee\/wp-content\/uploads\/2025\/05\/Sinine-Traktor-Elamustalu-atraktsioon-lastele-mangimiseks-2025-uldvaade-Kallaste-Turismitalu-Arksa-hingega-talu-Harjumaal-1920x1080.jpg\" \n                    data-fancybox=\"gallery\" \n                    class=\"smooth-corners\"\n                    style=\"background-image: url('https:\/\/kallastetalu.ee\/wp-content\/uploads\/2025\/05\/Sinine-Traktor-Elamustalu-atraktsioon-lastele-mangimiseks-2025-uldvaade-Kallaste-Turismitalu-Arksa-hingega-talu-Harjumaal-150x150.jpg');\"\n                >\n                    <img decoding=\"async\" src=\"https:\/\/kallastetalu.ee\/wp-content\/uploads\/2025\/05\/Sinine-Traktor-Elamustalu-atraktsioon-lastele-mangimiseks-2025-uldvaade-Kallaste-Turismitalu-Arksa-hingega-talu-Harjumaal-150x150.jpg\" alt=\"Sinine m\u00e4ngu Traktor Elamustalu atraktsioon - lastele m\u00e4ngimiseks 2025 \u00fcldvaade Kallaste Turismitalu \u00c4rksa hingega talu Harjumaal\">\n                                                        <\/a>\n            <\/div>\n                                <div class=\"block-images__image\">\n                <a \n                    href=\"https:\/\/kallastetalu.ee\/wp-content\/uploads\/2025\/05\/20240817_194115-1920x1080.jpg\" \n                    data-fancybox=\"gallery\" \n                    class=\"smooth-corners\"\n                    style=\"background-image: url('https:\/\/kallastetalu.ee\/wp-content\/uploads\/2025\/05\/20240817_194115-150x150.jpg');\"\n                >\n                    <img decoding=\"async\" src=\"https:\/\/kallastetalu.ee\/wp-content\/uploads\/2025\/05\/20240817_194115-150x150.jpg\" alt=\"Sinine 1 traktor laste lemmik traktorim\u00e4ng Elamustalu 2025 \u00fcldvaade Kallaste Turismitalu \u00c4rksa hingega talu Harjumaal\">\n                                                        <\/a>\n            <\/div>\n                                <div class=\"block-images__image\">\n                <a \n                    href=\"https:\/\/kallastetalu.ee\/wp-content\/uploads\/2025\/05\/20240505_143949-1920x1080.jpg\" \n                    data-fancybox=\"gallery\" \n                    class=\"smooth-corners\"\n                    style=\"background-image: url('https:\/\/kallastetalu.ee\/wp-content\/uploads\/2025\/05\/20240505_143949-150x150.jpg');\"\n                >\n                    <img decoding=\"async\" src=\"https:\/\/kallastetalu.ee\/wp-content\/uploads\/2025\/05\/20240505_143949-150x150.jpg\" alt=\"\">\n                                                        <\/a>\n            <\/div>\n                                <div class=\"block-images__image\">\n                <a \n                    href=\"https:\/\/kallastetalu.ee\/wp-content\/uploads\/2025\/05\/Traktor-vana-taluasjade-muusem-vanakraam-roheline-Fordson-Kallaste-Turismitalu-Padisel-arksa-hingega-talu-Harjumaal-www.kallastetalu.ee--1920x1080.jpg\" \n                    data-fancybox=\"gallery\" \n                    class=\"smooth-corners\"\n                    style=\"background-image: url('https:\/\/kallastetalu.ee\/wp-content\/uploads\/2025\/05\/Traktor-vana-taluasjade-muusem-vanakraam-roheline-Fordson-Kallaste-Turismitalu-Padisel-arksa-hingega-talu-Harjumaal-www.kallastetalu.ee--150x150.jpg');\"\n                >\n                    <img decoding=\"async\" src=\"https:\/\/kallastetalu.ee\/wp-content\/uploads\/2025\/05\/Traktor-vana-taluasjade-muusem-vanakraam-roheline-Fordson-Kallaste-Turismitalu-Padisel-arksa-hingega-talu-Harjumaal-www.kallastetalu.ee--150x150.jpg\" alt=\"Traktor vana taluasjade muusem vanakraam roheline Fordson Kallaste Turismitalu Padisel - \u00e4rksa hingega talu Harjumaal www.kallastetalu.ee\">\n                                                        <\/a>\n            <\/div>\n            <\/section>\n\n\n\n<h2 class=\"wp-block-heading\" id=\"h-tractor-the-favorite-big-machine-the-job-of-a-tractor-driver\">Tractor \u2013 the favorite big machine: the job of a tractor driver!<\/h2>\n\n\n\n<p>In the Elamustalu yard, children will find a real eye-catcher \u2013 a genuine tractor! Not a toy car or a plastic version, but a real powerful machine that once plowed fields and now brings joy to young minds.<\/p>\n\n\n\n<h3 class=\"wp-block-heading\" id=\"h-why-is-the-tractor-so-exciting\">Why is the tractor so exciting?<\/h3>\n\n\n\n<p>Kids love the tractor because it\u2019s big, noisy, and full of mysteries \u2013 levers, rods, buttons, and big wheels make it seem like a giant toy. When a child sits behind the tractor wheel, they feel like an important driver heading out to carry hay bales or search for a rainbow. This kind of role play helps children understand the world, develop language skills, and build confidence. Imagination does the rest \u2013 one moment it\u2019s a potato harvester tractor, the next a spaceship or a dragon\u2019s back!<\/p>\n\n\n\n<h3 class=\"wp-block-heading\" id=\"h-climbing-exploring-discovering\">Climbing, exploring, discovering<\/h3>\n\n\n\n<p>You can climb on, sit on, and imagine what life as a real tractor driver might be like. It\u2019s not just for looking at \u2013 it\u2019s a playground where a child can be active, curious, and creative. Can you guess what all those levers and rods are for? Come and create your own story \u2013 whether it\u2019s a tractor taking you to feed the animals or on a secret mission through the forest.<\/p>\n\n\n<section class=\"blog-nb-section\">\n    <div class=\"upper\">\n        <svg xmlns=\"http:\/\/www.w3.org\/2000\/svg\" width=\"24\" height=\"24\" viewBox=\"0 0 24 24\" fill=\"none\">\n            <path d=\"M7.78216 3H16.2169C19.165 3 21 5.08119 21 8.02638V15.9736C21 18.9188 19.165 21 16.2159 21H7.78216C4.83405 21 3 18.9188 3 15.9736V8.02638C3 5.08119 4.84281 3 7.78216 3Z\" fill=\"#8D7971\" stroke=\"#8D7971\" stroke-width=\"1.5\" stroke-linecap=\"round\" stroke-linejoin=\"round\"\/>\n            <path d=\"M11.9941 8.98511V12.3117\" stroke=\"white\" stroke-width=\"1.5\" stroke-linecap=\"round\" stroke-linejoin=\"round\"\/>\n            <path d=\"M11.9941 12.3115L14.1322 15.0154\" stroke=\"white\" stroke-width=\"1.5\" stroke-linecap=\"round\" stroke-linejoin=\"round\"\/>\n            <path d=\"M11.9937 12.3115L9.86719 15.0008\" stroke=\"white\" stroke-width=\"1.5\" stroke-linecap=\"round\" stroke-linejoin=\"round\"\/>\n            <path d=\"M8.94141 11.2305L11.9907 12.3114\" stroke=\"white\" stroke-width=\"1.5\" stroke-linecap=\"round\" stroke-linejoin=\"round\"\/>\n            <path d=\"M11.9902 12.3114L15.057 11.2246\" stroke=\"white\" stroke-width=\"1.5\" stroke-linecap=\"round\" stroke-linejoin=\"round\"\/>\n        <\/svg>\n        <h3 class=\"blog-nb-section__title\">\n                    <\/h3>\n    <\/div>\n    <p class=\"blog-nb-section__text\">\n        The Elamustalu tractor is not just a big iron machine \u2013 it\u2019s a fantasy machine that brings to life the big dreams of a little driver. Come and discover where your imaginative ride will take you!    <\/p>\n<\/section>\n","protected":false},"excerpt":{"rendered":"Tractor \u2013 the favorite big machine: the job of a tractor driver! In the Elamustalu yard, children will find a real eye-catcher \u2013 a&#8230;","protected":false},"author":2,"featured_media":3295,"parent":3699,"menu_order":9,"comment_status":"closed","ping_status":"closed","template":"page-templates\/template-detail.php","meta":{"_acf_changed":false,"inline_featured_image":false,"footnotes":""},"class_list":["post-3815","page","type-page","status-publish","has-post-thumbnail","hentry"],"acf":[],"yoast_head":"<!-- This site is optimized with the Yoast SEO Premium plugin v25.2 (Yoast SEO v26.7) - https:\/\/yoast.com\/wordpress\/plugins\/seo\/ -->\n<title>Tractor \u2013 Little Ones\u2019 Big Love: Hop In and Be the Tractor Driver!<\/title>\n<meta name=\"description\" content=\"The tractor at Kallaste Turismitalu has been bringing joy to our little guests for years. Now the Elamustalu tractor is ready for playtime!\" \/>\n<meta name=\"robots\" content=\"index, follow, max-snippet:-1, max-image-preview:large, max-video-preview:-1\" \/>\n<link rel=\"canonical\" href=\"https:\/\/kallastetalu.ee\/en\/elamustalu\/tractor\/\" \/>\n<meta property=\"og:locale\" content=\"en_US\" \/>\n<meta property=\"og:type\" content=\"article\" \/>\n<meta property=\"og:title\" content=\"Tractor\" \/>\n<meta property=\"og:description\" content=\"The tractor at Kallaste Turismitalu has been bringing joy to our little guests for years. Now the Elamustalu tractor is ready for playtime!\" \/>\n<meta property=\"og:url\" content=\"https:\/\/kallastetalu.ee\/en\/elamustalu\/tractor\/\" \/>\n<meta property=\"og:site_name\" content=\"Kallaste Turismitalu - \u00c4rksa hingega Talu Harjumaal\" \/>\n<meta property=\"article:publisher\" content=\"https:\/\/www.facebook.com\/kallastetalu\" \/>\n<meta property=\"article:modified_time\" content=\"2025-06-06T19:33:06+00:00\" \/>\n<meta property=\"og:image\" content=\"https:\/\/kallastetalu.ee\/wp-content\/uploads\/2025\/05\/Sinine-traktor-laste-lemmik-traktorimang-1-Elamustalu-2025-uldvaade-Kallaste-Turismitalu-Arksa-hingega-talu-Harjumaal-scaled.jpg\" \/>\n\t<meta property=\"og:image:width\" content=\"2560\" \/>\n\t<meta property=\"og:image:height\" content=\"1707\" \/>\n\t<meta property=\"og:image:type\" content=\"image\/jpeg\" \/>\n<meta name=\"twitter:card\" content=\"summary_large_image\" \/>\n<meta name=\"twitter:label1\" content=\"Est. reading time\" \/>\n\t<meta name=\"twitter:data1\" content=\"2 minutes\" \/>\n<script type=\"application\/ld+json\" class=\"yoast-schema-graph\">{\"@context\":\"https:\/\/schema.org\",\"@graph\":[{\"@type\":\"WebPage\",\"@id\":\"https:\/\/kallastetalu.ee\/en\/elamustalu\/tractor\/\",\"url\":\"https:\/\/kallastetalu.ee\/en\/elamustalu\/tractor\/\",\"name\":\"Tractor \u2013 Little Ones\u2019 Big Love: Hop In and Be the Tractor Driver!\",\"isPartOf\":{\"@id\":\"https:\/\/kallastetalu.ee\/en\/#website\"},\"primaryImageOfPage\":{\"@id\":\"https:\/\/kallastetalu.ee\/en\/elamustalu\/tractor\/#primaryimage\"},\"image\":{\"@id\":\"https:\/\/kallastetalu.ee\/en\/elamustalu\/tractor\/#primaryimage\"},\"thumbnailUrl\":\"https:\/\/kallastetalu.ee\/wp-content\/uploads\/2025\/05\/Sinine-traktor-laste-lemmik-traktorimang-1-Elamustalu-2025-uldvaade-Kallaste-Turismitalu-Arksa-hingega-talu-Harjumaal-scaled.jpg\",\"datePublished\":\"2025-05-29T08:17:43+00:00\",\"dateModified\":\"2025-06-06T19:33:06+00:00\",\"description\":\"The tractor at Kallaste Turismitalu has been bringing joy to our little guests for years. Now the Elamustalu tractor is ready for playtime!\",\"breadcrumb\":{\"@id\":\"https:\/\/kallastetalu.ee\/en\/elamustalu\/tractor\/#breadcrumb\"},\"inLanguage\":\"en-US\",\"potentialAction\":[{\"@type\":\"ReadAction\",\"target\":[\"https:\/\/kallastetalu.ee\/en\/elamustalu\/tractor\/\"]}]},{\"@type\":\"ImageObject\",\"inLanguage\":\"en-US\",\"@id\":\"https:\/\/kallastetalu.ee\/en\/elamustalu\/tractor\/#primaryimage\",\"url\":\"https:\/\/kallastetalu.ee\/wp-content\/uploads\/2025\/05\/Sinine-traktor-laste-lemmik-traktorimang-1-Elamustalu-2025-uldvaade-Kallaste-Turismitalu-Arksa-hingega-talu-Harjumaal-scaled.jpg\",\"contentUrl\":\"https:\/\/kallastetalu.ee\/wp-content\/uploads\/2025\/05\/Sinine-traktor-laste-lemmik-traktorimang-1-Elamustalu-2025-uldvaade-Kallaste-Turismitalu-Arksa-hingega-talu-Harjumaal-scaled.jpg\",\"width\":2560,\"height\":1707,\"caption\":\"Sinine traktor laste lemmik traktorim\u00e4ng 1 Elamustalu 2025 \u00fcldvaade Kallaste Turismitalu \u00c4rksa hingega talu Harjumaal.\"},{\"@type\":\"BreadcrumbList\",\"@id\":\"https:\/\/kallastetalu.ee\/en\/elamustalu\/tractor\/#breadcrumb\",\"itemListElement\":[{\"@type\":\"ListItem\",\"position\":1,\"name\":\"Home\",\"item\":\"https:\/\/kallastetalu.ee\/en\/\"},{\"@type\":\"ListItem\",\"position\":2,\"name\":\"Elamustalu\",\"item\":\"https:\/\/kallastetalu.ee\/en\/elamustalu\/\"},{\"@type\":\"ListItem\",\"position\":3,\"name\":\"Tractor\"}]},{\"@type\":\"WebSite\",\"@id\":\"https:\/\/kallastetalu.ee\/en\/#website\",\"url\":\"https:\/\/kallastetalu.ee\/en\/\",\"name\":\"Kallaste Turismitalu - \u00c4rksa hingega talu Harjumaal\",\"description\":\"\",\"publisher\":{\"@id\":\"https:\/\/kallastetalu.ee\/en\/#organization\"},\"potentialAction\":[{\"@type\":\"SearchAction\",\"target\":{\"@type\":\"EntryPoint\",\"urlTemplate\":\"https:\/\/kallastetalu.ee\/en\/?s={search_term_string}\"},\"query-input\":{\"@type\":\"PropertyValueSpecification\",\"valueRequired\":true,\"valueName\":\"search_term_string\"}}],\"inLanguage\":\"en-US\"},{\"@type\":\"Organization\",\"@id\":\"https:\/\/kallastetalu.ee\/en\/#organization\",\"name\":\"Kallaste Turismitalu - \u00c4rksa hingega talu Harjumaal\",\"url\":\"https:\/\/kallastetalu.ee\/en\/\",\"logo\":{\"@type\":\"ImageObject\",\"inLanguage\":\"en-US\",\"@id\":\"https:\/\/kallastetalu.ee\/en\/#\/schema\/logo\/image\/\",\"url\":\"https:\/\/kallastetalu.ee\/wp-content\/uploads\/2025\/04\/kallastetalu.svg\",\"contentUrl\":\"https:\/\/kallastetalu.ee\/wp-content\/uploads\/2025\/04\/kallastetalu.svg\",\"width\":158,\"height\":127,\"caption\":\"Kallaste Turismitalu - \u00c4rksa hingega talu Harjumaal\"},\"image\":{\"@id\":\"https:\/\/kallastetalu.ee\/en\/#\/schema\/logo\/image\/\"},\"sameAs\":[\"https:\/\/www.facebook.com\/kallastetalu\",\"https:\/\/www.instagram.com\/turismitalu\",\"https:\/\/www.youtube.com\/@turismitalu\",\"https:\/\/www.tripadvisor.com\/Hotel_Review-g19122067-d2677575-Reviews-Kallaste_Talu_Turismitalu_Holiday_Resort-Kasepere_Harju_County.html?m=19905\"]}]}<\/script>\n<!-- \/ Yoast SEO Premium plugin. -->","yoast_head_json":{"title":"Tractor \u2013 Little Ones\u2019 Big Love: Hop In and Be the Tractor Driver!","description":"The tractor at Kallaste Turismitalu has been bringing joy to our little guests for years. Now the Elamustalu tractor is ready for playtime!","robots":{"index":"index","follow":"follow","max-snippet":"max-snippet:-1","max-image-preview":"max-image-preview:large","max-video-preview":"max-video-preview:-1"},"canonical":"https:\/\/kallastetalu.ee\/en\/elamustalu\/tractor\/","og_locale":"en_US","og_type":"article","og_title":"Tractor","og_description":"The tractor at Kallaste Turismitalu has been bringing joy to our little guests for years. Now the Elamustalu tractor is ready for playtime!","og_url":"https:\/\/kallastetalu.ee\/en\/elamustalu\/tractor\/","og_site_name":"Kallaste Turismitalu - \u00c4rksa hingega Talu Harjumaal","article_publisher":"https:\/\/www.facebook.com\/kallastetalu","article_modified_time":"2025-06-06T19:33:06+00:00","og_image":[{"width":2560,"height":1707,"url":"https:\/\/kallastetalu.ee\/wp-content\/uploads\/2025\/05\/Sinine-traktor-laste-lemmik-traktorimang-1-Elamustalu-2025-uldvaade-Kallaste-Turismitalu-Arksa-hingega-talu-Harjumaal-scaled.jpg","type":"image\/jpeg"}],"twitter_card":"summary_large_image","twitter_misc":{"Est. reading time":"2 minutes"},"schema":{"@context":"https:\/\/schema.org","@graph":[{"@type":"WebPage","@id":"https:\/\/kallastetalu.ee\/en\/elamustalu\/tractor\/","url":"https:\/\/kallastetalu.ee\/en\/elamustalu\/tractor\/","name":"Tractor \u2013 Little Ones\u2019 Big Love: Hop In and Be the Tractor Driver!","isPartOf":{"@id":"https:\/\/kallastetalu.ee\/en\/#website"},"primaryImageOfPage":{"@id":"https:\/\/kallastetalu.ee\/en\/elamustalu\/tractor\/#primaryimage"},"image":{"@id":"https:\/\/kallastetalu.ee\/en\/elamustalu\/tractor\/#primaryimage"},"thumbnailUrl":"https:\/\/kallastetalu.ee\/wp-content\/uploads\/2025\/05\/Sinine-traktor-laste-lemmik-traktorimang-1-Elamustalu-2025-uldvaade-Kallaste-Turismitalu-Arksa-hingega-talu-Harjumaal-scaled.jpg","datePublished":"2025-05-29T08:17:43+00:00","dateModified":"2025-06-06T19:33:06+00:00","description":"The tractor at Kallaste Turismitalu has been bringing joy to our little guests for years. Now the Elamustalu tractor is ready for playtime!","breadcrumb":{"@id":"https:\/\/kallastetalu.ee\/en\/elamustalu\/tractor\/#breadcrumb"},"inLanguage":"en-US","potentialAction":[{"@type":"ReadAction","target":["https:\/\/kallastetalu.ee\/en\/elamustalu\/tractor\/"]}]},{"@type":"ImageObject","inLanguage":"en-US","@id":"https:\/\/kallastetalu.ee\/en\/elamustalu\/tractor\/#primaryimage","url":"https:\/\/kallastetalu.ee\/wp-content\/uploads\/2025\/05\/Sinine-traktor-laste-lemmik-traktorimang-1-Elamustalu-2025-uldvaade-Kallaste-Turismitalu-Arksa-hingega-talu-Harjumaal-scaled.jpg","contentUrl":"https:\/\/kallastetalu.ee\/wp-content\/uploads\/2025\/05\/Sinine-traktor-laste-lemmik-traktorimang-1-Elamustalu-2025-uldvaade-Kallaste-Turismitalu-Arksa-hingega-talu-Harjumaal-scaled.jpg","width":2560,"height":1707,"caption":"Sinine traktor laste lemmik traktorim\u00e4ng 1 Elamustalu 2025 \u00fcldvaade Kallaste Turismitalu \u00c4rksa hingega talu Harjumaal."},{"@type":"BreadcrumbList","@id":"https:\/\/kallastetalu.ee\/en\/elamustalu\/tractor\/#breadcrumb","itemListElement":[{"@type":"ListItem","position":1,"name":"Home","item":"https:\/\/kallastetalu.ee\/en\/"},{"@type":"ListItem","position":2,"name":"Elamustalu","item":"https:\/\/kallastetalu.ee\/en\/elamustalu\/"},{"@type":"ListItem","position":3,"name":"Tractor"}]},{"@type":"WebSite","@id":"https:\/\/kallastetalu.ee\/en\/#website","url":"https:\/\/kallastetalu.ee\/en\/","name":"Kallaste Turismitalu - \u00c4rksa hingega talu Harjumaal","description":"","publisher":{"@id":"https:\/\/kallastetalu.ee\/en\/#organization"},"potentialAction":[{"@type":"SearchAction","target":{"@type":"EntryPoint","urlTemplate":"https:\/\/kallastetalu.ee\/en\/?s={search_term_string}"},"query-input":{"@type":"PropertyValueSpecification","valueRequired":true,"valueName":"search_term_string"}}],"inLanguage":"en-US"},{"@type":"Organization","@id":"https:\/\/kallastetalu.ee\/en\/#organization","name":"Kallaste Turismitalu - \u00c4rksa hingega talu Harjumaal","url":"https:\/\/kallastetalu.ee\/en\/","logo":{"@type":"ImageObject","inLanguage":"en-US","@id":"https:\/\/kallastetalu.ee\/en\/#\/schema\/logo\/image\/","url":"https:\/\/kallastetalu.ee\/wp-content\/uploads\/2025\/04\/kallastetalu.svg","contentUrl":"https:\/\/kallastetalu.ee\/wp-content\/uploads\/2025\/04\/kallastetalu.svg","width":158,"height":127,"caption":"Kallaste Turismitalu - \u00c4rksa hingega talu Harjumaal"},"image":{"@id":"https:\/\/kallastetalu.ee\/en\/#\/schema\/logo\/image\/"},"sameAs":["https:\/\/www.facebook.com\/kallastetalu","https:\/\/www.instagram.com\/turismitalu","https:\/\/www.youtube.com\/@turismitalu","https:\/\/www.tripadvisor.com\/Hotel_Review-g19122067-d2677575-Reviews-Kallaste_Talu_Turismitalu_Holiday_Resort-Kasepere_Harju_County.html?m=19905"]}]}},"_links":{"self":[{"href":"https:\/\/kallastetalu.ee\/en\/wp-json\/wp\/v2\/pages\/3815","targetHints":{"allow":["GET"]}}],"collection":[{"href":"https:\/\/kallastetalu.ee\/en\/wp-json\/wp\/v2\/pages"}],"about":[{"href":"https:\/\/kallastetalu.ee\/en\/wp-json\/wp\/v2\/types\/page"}],"author":[{"embeddable":true,"href":"https:\/\/kallastetalu.ee\/en\/wp-json\/wp\/v2\/users\/2"}],"replies":[{"embeddable":true,"href":"https:\/\/kallastetalu.ee\/en\/wp-json\/wp\/v2\/comments?post=3815"}],"version-history":[{"count":2,"href":"https:\/\/kallastetalu.ee\/en\/wp-json\/wp\/v2\/pages\/3815\/revisions"}],"predecessor-version":[{"id":3827,"href":"https:\/\/kallastetalu.ee\/en\/wp-json\/wp\/v2\/pages\/3815\/revisions\/3827"}],"up":[{"embeddable":true,"href":"https:\/\/kallastetalu.ee\/en\/wp-json\/wp\/v2\/pages\/3699"}],"wp:featuredmedia":[{"embeddable":true,"href":"https:\/\/kallastetalu.ee\/en\/wp-json\/wp\/v2\/media\/3295"}],"wp:attachment":[{"href":"https:\/\/kallastetalu.ee\/en\/wp-json\/wp\/v2\/media?parent=3815"}],"curies":[{"name":"wp","href":"https:\/\/api.w.org\/{rel}","templated":true}]}}