{"id":3836,"date":"2025-04-29T11:52:41","date_gmt":"2025-04-29T11:52:41","guid":{"rendered":"https:\/\/kallastetalu.ee\/elamustalu\/kullese-spa\/"},"modified":"2025-06-07T08:29:53","modified_gmt":"2025-06-07T08:29:53","slug":"tadpole-spa","status":"publish","type":"page","link":"https:\/\/kallastetalu.ee\/en\/elamustalu\/tadpole-spa\/","title":{"rendered":"Tadpole SPA"},"content":{"rendered":"\n<p>Welcome to the unique Tadpole SPA! This special treatment pampers your body and senses. During the procedure, dead skin is gently removed, leaving your skin silky soft and radiant.<\/p>\n\n\n<section class=\"blog-nb-section\">\n    <div class=\"upper\">\n        <svg xmlns=\"http:\/\/www.w3.org\/2000\/svg\" width=\"24\" height=\"24\" viewBox=\"0 0 24 24\" fill=\"none\">\n            <path d=\"M7.78216 3H16.2169C19.165 3 21 5.08119 21 8.02638V15.9736C21 18.9188 19.165 21 16.2159 21H7.78216C4.83405 21 3 18.9188 3 15.9736V8.02638C3 5.08119 4.84281 3 7.78216 3Z\" fill=\"#8D7971\" stroke=\"#8D7971\" stroke-width=\"1.5\" stroke-linecap=\"round\" stroke-linejoin=\"round\"\/>\n            <path d=\"M11.9941 8.98511V12.3117\" stroke=\"white\" stroke-width=\"1.5\" stroke-linecap=\"round\" stroke-linejoin=\"round\"\/>\n            <path d=\"M11.9941 12.3115L14.1322 15.0154\" stroke=\"white\" stroke-width=\"1.5\" stroke-linecap=\"round\" stroke-linejoin=\"round\"\/>\n            <path d=\"M11.9937 12.3115L9.86719 15.0008\" stroke=\"white\" stroke-width=\"1.5\" stroke-linecap=\"round\" stroke-linejoin=\"round\"\/>\n            <path d=\"M8.94141 11.2305L11.9907 12.3114\" stroke=\"white\" stroke-width=\"1.5\" stroke-linecap=\"round\" stroke-linejoin=\"round\"\/>\n            <path d=\"M11.9902 12.3114L15.057 11.2246\" stroke=\"white\" stroke-width=\"1.5\" stroke-linecap=\"round\" stroke-linejoin=\"round\"\/>\n        <\/svg>\n        <h3 class=\"blog-nb-section__title\">\n            Limited availability!        <\/h3>\n    <\/div>\n    <p class=\"blog-nb-section__text\">\n        The Tadpole SPA is open only when tadpoles are visible in the pond!    <\/p>\n<\/section>\n\n\n\n<h3 class=\"wp-block-heading\" id=\"h-foot-care-procedure\">Foot care procedure:<\/h3>\n\n\n\n<p>Silky feet, simply and quickly. Remove your shoes and socks, then sit on the step or dock that reaches the water and place your feet in. Moving your feet is not recommended, as it may disturb the tadpoles trying to carry out the procedure. The procedure is not recommended if the water feels too cold.<br>Duration: 15 minutes or longer.<\/p>\n\n\n\n<h3 class=\"wp-block-heading\" id=\"h-tadpole-spa-full-body-treatment\">Tadpole SPA full Body Treatment<\/h3>\n\n\n\n<p>This procedure is recommended only if the water is warm, as otherwise there is a risk of getting cold. First, warm up your skin for 30 minutes in the sun or sauna. Once you have broken a sweat, it\u2019s time to go into the water.Ideally, lie down in shallow water for 5-15 minutes and try to stay as still as possible, as movement can disturb the freshwater lice. Duration: 30 min + 15 min.<\/p>\n\n\n\n<p>A 100% natural procedure that does not harm nature; on the contrary \u2013 by visiting Kullese SPA, you do charity by donating your dead skin cells to hundreds of hungry freshwater lice.<\/p>\n\n\n\n<p><\/p>\n","protected":false},"excerpt":{"rendered":"Welcome to the unique Tadpole SPA! This special treatment pampers your body and senses. During the procedure, dead skin is gently removed,&#8230;","protected":false},"author":1,"featured_media":2320,"parent":3699,"menu_order":10,"comment_status":"closed","ping_status":"closed","template":"page-templates\/template-detail.php","meta":{"_acf_changed":false,"inline_featured_image":false,"footnotes":""},"class_list":["post-3836","page","type-page","status-publish","has-post-thumbnail","hentry"],"acf":[],"yoast_head":"<!-- This site is optimized with the Yoast SEO Premium plugin v25.2 (Yoast SEO v26.7) - https:\/\/yoast.com\/wordpress\/plugins\/seo\/ -->\n<title>Tadpole SPA at Elamustalu \u2013 A Joyful Nature Experience for All<\/title>\n<meta name=\"description\" content=\"Discover Tadpole SPA at Elamustalu \u2013 a playful, shallow water area where children can splash, explore, and enjoy nature safely. Perfect for curious little adventurers!\" \/>\n<meta name=\"robots\" content=\"index, follow, max-snippet:-1, max-image-preview:large, max-video-preview:-1\" \/>\n<link rel=\"canonical\" href=\"https:\/\/kallastetalu.ee\/en\/elamustalu\/tadpole-spa\/\" \/>\n<meta property=\"og:locale\" content=\"en_US\" \/>\n<meta property=\"og:type\" content=\"article\" \/>\n<meta property=\"og:title\" content=\"Tadpole SPA\" \/>\n<meta property=\"og:description\" content=\"Discover Tadpole SPA at Elamustalu \u2013 a playful, shallow water area where children can splash, explore, and enjoy nature safely. Perfect for curious little adventurers!\" \/>\n<meta property=\"og:url\" content=\"https:\/\/kallastetalu.ee\/en\/elamustalu\/tadpole-spa\/\" \/>\n<meta property=\"og:site_name\" content=\"Kallaste Turismitalu - \u00c4rksa hingega Talu Harjumaal\" \/>\n<meta property=\"article:publisher\" content=\"https:\/\/www.facebook.com\/kallastetalu\" \/>\n<meta property=\"article:modified_time\" content=\"2025-06-07T08:29:53+00:00\" \/>\n<meta property=\"og:image\" content=\"https:\/\/kallastetalu.ee\/wp-content\/uploads\/2025\/05\/Kullese-SPA-jalad-kuklleseSPA-konna-kullesed-tiik-veekogu-vesi-beebikonnad-Elamustalu-spa-hooldus-Kallaste-Turismitalu-Padisel-arksa-hingega-talu-Harjumaal-www.kallastetalu.ee-zoom--scaled.jpg\" \/>\n\t<meta property=\"og:image:width\" content=\"2560\" \/>\n\t<meta property=\"og:image:height\" content=\"1707\" \/>\n\t<meta property=\"og:image:type\" content=\"image\/jpeg\" \/>\n<meta name=\"twitter:card\" content=\"summary_large_image\" \/>\n<meta name=\"twitter:label1\" content=\"Est. reading time\" \/>\n\t<meta name=\"twitter:data1\" content=\"2 minutes\" \/>\n<script type=\"application\/ld+json\" class=\"yoast-schema-graph\">{\"@context\":\"https:\/\/schema.org\",\"@graph\":[{\"@type\":\"WebPage\",\"@id\":\"https:\/\/kallastetalu.ee\/en\/elamustalu\/tadpole-spa\/\",\"url\":\"https:\/\/kallastetalu.ee\/en\/elamustalu\/tadpole-spa\/\",\"name\":\"Tadpole SPA at Elamustalu \u2013 A Joyful Nature Experience for All\",\"isPartOf\":{\"@id\":\"https:\/\/kallastetalu.ee\/en\/#website\"},\"primaryImageOfPage\":{\"@id\":\"https:\/\/kallastetalu.ee\/en\/elamustalu\/tadpole-spa\/#primaryimage\"},\"image\":{\"@id\":\"https:\/\/kallastetalu.ee\/en\/elamustalu\/tadpole-spa\/#primaryimage\"},\"thumbnailUrl\":\"https:\/\/kallastetalu.ee\/wp-content\/uploads\/2025\/05\/Kullese-SPA-jalad-kuklleseSPA-konna-kullesed-tiik-veekogu-vesi-beebikonnad-Elamustalu-spa-hooldus-Kallaste-Turismitalu-Padisel-arksa-hingega-talu-Harjumaal-www.kallastetalu.ee-zoom--scaled.jpg\",\"datePublished\":\"2025-04-29T11:52:41+00:00\",\"dateModified\":\"2025-06-07T08:29:53+00:00\",\"description\":\"Discover Tadpole SPA at Elamustalu \u2013 a playful, shallow water area where children can splash, explore, and enjoy nature safely. Perfect for curious little adventurers!\",\"breadcrumb\":{\"@id\":\"https:\/\/kallastetalu.ee\/en\/elamustalu\/tadpole-spa\/#breadcrumb\"},\"inLanguage\":\"en-US\",\"potentialAction\":[{\"@type\":\"ReadAction\",\"target\":[\"https:\/\/kallastetalu.ee\/en\/elamustalu\/tadpole-spa\/\"]}]},{\"@type\":\"ImageObject\",\"inLanguage\":\"en-US\",\"@id\":\"https:\/\/kallastetalu.ee\/en\/elamustalu\/tadpole-spa\/#primaryimage\",\"url\":\"https:\/\/kallastetalu.ee\/wp-content\/uploads\/2025\/05\/Kullese-SPA-jalad-kuklleseSPA-konna-kullesed-tiik-veekogu-vesi-beebikonnad-Elamustalu-spa-hooldus-Kallaste-Turismitalu-Padisel-arksa-hingega-talu-Harjumaal-www.kallastetalu.ee-zoom--scaled.jpg\",\"contentUrl\":\"https:\/\/kallastetalu.ee\/wp-content\/uploads\/2025\/05\/Kullese-SPA-jalad-kuklleseSPA-konna-kullesed-tiik-veekogu-vesi-beebikonnad-Elamustalu-spa-hooldus-Kallaste-Turismitalu-Padisel-arksa-hingega-talu-Harjumaal-www.kallastetalu.ee-zoom--scaled.jpg\",\"width\":2560,\"height\":1707,\"caption\":\"Tule Kullese SPA-sse ja naudi ainulaadset looduslikku hoolitsust \u2013 v\u00e4ikesed kullesed aitavad su nahal muutuda siidiselt pehmeks. L\u00f5\u00f5gastu, tee head ja lase loodusel enda eest hoolitseda!\"},{\"@type\":\"BreadcrumbList\",\"@id\":\"https:\/\/kallastetalu.ee\/en\/elamustalu\/tadpole-spa\/#breadcrumb\",\"itemListElement\":[{\"@type\":\"ListItem\",\"position\":1,\"name\":\"Home\",\"item\":\"https:\/\/kallastetalu.ee\/en\/\"},{\"@type\":\"ListItem\",\"position\":2,\"name\":\"Elamustalu\",\"item\":\"https:\/\/kallastetalu.ee\/en\/elamustalu\/\"},{\"@type\":\"ListItem\",\"position\":3,\"name\":\"Tadpole SPA\"}]},{\"@type\":\"WebSite\",\"@id\":\"https:\/\/kallastetalu.ee\/en\/#website\",\"url\":\"https:\/\/kallastetalu.ee\/en\/\",\"name\":\"Kallaste Turismitalu - \u00c4rksa hingega talu Harjumaal\",\"description\":\"\",\"publisher\":{\"@id\":\"https:\/\/kallastetalu.ee\/en\/#organization\"},\"potentialAction\":[{\"@type\":\"SearchAction\",\"target\":{\"@type\":\"EntryPoint\",\"urlTemplate\":\"https:\/\/kallastetalu.ee\/en\/?s={search_term_string}\"},\"query-input\":{\"@type\":\"PropertyValueSpecification\",\"valueRequired\":true,\"valueName\":\"search_term_string\"}}],\"inLanguage\":\"en-US\"},{\"@type\":\"Organization\",\"@id\":\"https:\/\/kallastetalu.ee\/en\/#organization\",\"name\":\"Kallaste Turismitalu - \u00c4rksa hingega talu Harjumaal\",\"url\":\"https:\/\/kallastetalu.ee\/en\/\",\"logo\":{\"@type\":\"ImageObject\",\"inLanguage\":\"en-US\",\"@id\":\"https:\/\/kallastetalu.ee\/en\/#\/schema\/logo\/image\/\",\"url\":\"https:\/\/kallastetalu.ee\/wp-content\/uploads\/2025\/04\/kallastetalu.svg\",\"contentUrl\":\"https:\/\/kallastetalu.ee\/wp-content\/uploads\/2025\/04\/kallastetalu.svg\",\"width\":158,\"height\":127,\"caption\":\"Kallaste Turismitalu - \u00c4rksa hingega talu Harjumaal\"},\"image\":{\"@id\":\"https:\/\/kallastetalu.ee\/en\/#\/schema\/logo\/image\/\"},\"sameAs\":[\"https:\/\/www.facebook.com\/kallastetalu\",\"https:\/\/www.instagram.com\/turismitalu\",\"https:\/\/www.youtube.com\/@turismitalu\",\"https:\/\/www.tripadvisor.com\/Hotel_Review-g19122067-d2677575-Reviews-Kallaste_Talu_Turismitalu_Holiday_Resort-Kasepere_Harju_County.html?m=19905\"]}]}<\/script>\n<!-- \/ Yoast SEO Premium plugin. -->","yoast_head_json":{"title":"Tadpole SPA at Elamustalu \u2013 A Joyful Nature Experience for All","description":"Discover Tadpole SPA at Elamustalu \u2013 a playful, shallow water area where children can splash, explore, and enjoy nature safely. Perfect for curious little adventurers!","robots":{"index":"index","follow":"follow","max-snippet":"max-snippet:-1","max-image-preview":"max-image-preview:large","max-video-preview":"max-video-preview:-1"},"canonical":"https:\/\/kallastetalu.ee\/en\/elamustalu\/tadpole-spa\/","og_locale":"en_US","og_type":"article","og_title":"Tadpole SPA","og_description":"Discover Tadpole SPA at Elamustalu \u2013 a playful, shallow water area where children can splash, explore, and enjoy nature safely. Perfect for curious little adventurers!","og_url":"https:\/\/kallastetalu.ee\/en\/elamustalu\/tadpole-spa\/","og_site_name":"Kallaste Turismitalu - \u00c4rksa hingega Talu Harjumaal","article_publisher":"https:\/\/www.facebook.com\/kallastetalu","article_modified_time":"2025-06-07T08:29:53+00:00","og_image":[{"width":2560,"height":1707,"url":"https:\/\/kallastetalu.ee\/wp-content\/uploads\/2025\/05\/Kullese-SPA-jalad-kuklleseSPA-konna-kullesed-tiik-veekogu-vesi-beebikonnad-Elamustalu-spa-hooldus-Kallaste-Turismitalu-Padisel-arksa-hingega-talu-Harjumaal-www.kallastetalu.ee-zoom--scaled.jpg","type":"image\/jpeg"}],"twitter_card":"summary_large_image","twitter_misc":{"Est. reading time":"2 minutes"},"schema":{"@context":"https:\/\/schema.org","@graph":[{"@type":"WebPage","@id":"https:\/\/kallastetalu.ee\/en\/elamustalu\/tadpole-spa\/","url":"https:\/\/kallastetalu.ee\/en\/elamustalu\/tadpole-spa\/","name":"Tadpole SPA at Elamustalu \u2013 A Joyful Nature Experience for All","isPartOf":{"@id":"https:\/\/kallastetalu.ee\/en\/#website"},"primaryImageOfPage":{"@id":"https:\/\/kallastetalu.ee\/en\/elamustalu\/tadpole-spa\/#primaryimage"},"image":{"@id":"https:\/\/kallastetalu.ee\/en\/elamustalu\/tadpole-spa\/#primaryimage"},"thumbnailUrl":"https:\/\/kallastetalu.ee\/wp-content\/uploads\/2025\/05\/Kullese-SPA-jalad-kuklleseSPA-konna-kullesed-tiik-veekogu-vesi-beebikonnad-Elamustalu-spa-hooldus-Kallaste-Turismitalu-Padisel-arksa-hingega-talu-Harjumaal-www.kallastetalu.ee-zoom--scaled.jpg","datePublished":"2025-04-29T11:52:41+00:00","dateModified":"2025-06-07T08:29:53+00:00","description":"Discover Tadpole SPA at Elamustalu \u2013 a playful, shallow water area where children can splash, explore, and enjoy nature safely. Perfect for curious little adventurers!","breadcrumb":{"@id":"https:\/\/kallastetalu.ee\/en\/elamustalu\/tadpole-spa\/#breadcrumb"},"inLanguage":"en-US","potentialAction":[{"@type":"ReadAction","target":["https:\/\/kallastetalu.ee\/en\/elamustalu\/tadpole-spa\/"]}]},{"@type":"ImageObject","inLanguage":"en-US","@id":"https:\/\/kallastetalu.ee\/en\/elamustalu\/tadpole-spa\/#primaryimage","url":"https:\/\/kallastetalu.ee\/wp-content\/uploads\/2025\/05\/Kullese-SPA-jalad-kuklleseSPA-konna-kullesed-tiik-veekogu-vesi-beebikonnad-Elamustalu-spa-hooldus-Kallaste-Turismitalu-Padisel-arksa-hingega-talu-Harjumaal-www.kallastetalu.ee-zoom--scaled.jpg","contentUrl":"https:\/\/kallastetalu.ee\/wp-content\/uploads\/2025\/05\/Kullese-SPA-jalad-kuklleseSPA-konna-kullesed-tiik-veekogu-vesi-beebikonnad-Elamustalu-spa-hooldus-Kallaste-Turismitalu-Padisel-arksa-hingega-talu-Harjumaal-www.kallastetalu.ee-zoom--scaled.jpg","width":2560,"height":1707,"caption":"Tule Kullese SPA-sse ja naudi ainulaadset looduslikku hoolitsust \u2013 v\u00e4ikesed kullesed aitavad su nahal muutuda siidiselt pehmeks. L\u00f5\u00f5gastu, tee head ja lase loodusel enda eest hoolitseda!"},{"@type":"BreadcrumbList","@id":"https:\/\/kallastetalu.ee\/en\/elamustalu\/tadpole-spa\/#breadcrumb","itemListElement":[{"@type":"ListItem","position":1,"name":"Home","item":"https:\/\/kallastetalu.ee\/en\/"},{"@type":"ListItem","position":2,"name":"Elamustalu","item":"https:\/\/kallastetalu.ee\/en\/elamustalu\/"},{"@type":"ListItem","position":3,"name":"Tadpole SPA"}]},{"@type":"WebSite","@id":"https:\/\/kallastetalu.ee\/en\/#website","url":"https:\/\/kallastetalu.ee\/en\/","name":"Kallaste Turismitalu - \u00c4rksa hingega talu Harjumaal","description":"","publisher":{"@id":"https:\/\/kallastetalu.ee\/en\/#organization"},"potentialAction":[{"@type":"SearchAction","target":{"@type":"EntryPoint","urlTemplate":"https:\/\/kallastetalu.ee\/en\/?s={search_term_string}"},"query-input":{"@type":"PropertyValueSpecification","valueRequired":true,"valueName":"search_term_string"}}],"inLanguage":"en-US"},{"@type":"Organization","@id":"https:\/\/kallastetalu.ee\/en\/#organization","name":"Kallaste Turismitalu - \u00c4rksa hingega talu Harjumaal","url":"https:\/\/kallastetalu.ee\/en\/","logo":{"@type":"ImageObject","inLanguage":"en-US","@id":"https:\/\/kallastetalu.ee\/en\/#\/schema\/logo\/image\/","url":"https:\/\/kallastetalu.ee\/wp-content\/uploads\/2025\/04\/kallastetalu.svg","contentUrl":"https:\/\/kallastetalu.ee\/wp-content\/uploads\/2025\/04\/kallastetalu.svg","width":158,"height":127,"caption":"Kallaste Turismitalu - \u00c4rksa hingega talu Harjumaal"},"image":{"@id":"https:\/\/kallastetalu.ee\/en\/#\/schema\/logo\/image\/"},"sameAs":["https:\/\/www.facebook.com\/kallastetalu","https:\/\/www.instagram.com\/turismitalu","https:\/\/www.youtube.com\/@turismitalu","https:\/\/www.tripadvisor.com\/Hotel_Review-g19122067-d2677575-Reviews-Kallaste_Talu_Turismitalu_Holiday_Resort-Kasepere_Harju_County.html?m=19905"]}]}},"_links":{"self":[{"href":"https:\/\/kallastetalu.ee\/en\/wp-json\/wp\/v2\/pages\/3836","targetHints":{"allow":["GET"]}}],"collection":[{"href":"https:\/\/kallastetalu.ee\/en\/wp-json\/wp\/v2\/pages"}],"about":[{"href":"https:\/\/kallastetalu.ee\/en\/wp-json\/wp\/v2\/types\/page"}],"author":[{"embeddable":true,"href":"https:\/\/kallastetalu.ee\/en\/wp-json\/wp\/v2\/users\/1"}],"replies":[{"embeddable":true,"href":"https:\/\/kallastetalu.ee\/en\/wp-json\/wp\/v2\/comments?post=3836"}],"version-history":[{"count":2,"href":"https:\/\/kallastetalu.ee\/en\/wp-json\/wp\/v2\/pages\/3836\/revisions"}],"predecessor-version":[{"id":4500,"href":"https:\/\/kallastetalu.ee\/en\/wp-json\/wp\/v2\/pages\/3836\/revisions\/4500"}],"up":[{"embeddable":true,"href":"https:\/\/kallastetalu.ee\/en\/wp-json\/wp\/v2\/pages\/3699"}],"wp:featuredmedia":[{"embeddable":true,"href":"https:\/\/kallastetalu.ee\/en\/wp-json\/wp\/v2\/media\/2320"}],"wp:attachment":[{"href":"https:\/\/kallastetalu.ee\/en\/wp-json\/wp\/v2\/media?parent=3836"}],"curies":[{"name":"wp","href":"https:\/\/api.w.org\/{rel}","templated":true}]}}