{"id":3854,"date":"2025-04-29T11:54:28","date_gmt":"2025-04-29T11:54:28","guid":{"rendered":"https:\/\/kallastetalu.ee\/elamustalu\/ohkpadibatuut\/"},"modified":"2025-06-07T08:04:46","modified_gmt":"2025-06-07T08:04:46","slug":"air-pillow-trampoline","status":"publish","type":"page","link":"https:\/\/kallastetalu.ee\/en\/elamustalu\/air-pillow-trampoline\/","title":{"rendered":"Air Pillow trampoline"},"content":{"rendered":"\n<section class=\"block-images\">\n                        <div class=\"block-images__image\">\n                <a \n                    href=\"https:\/\/kallastetalu.ee\/wp-content\/uploads\/2025\/05\/DSCF5716-1920x1080.jpg\" \n                    data-fancybox=\"gallery\" \n                    class=\"smooth-corners\"\n                    style=\"background-image: url('https:\/\/kallastetalu.ee\/wp-content\/uploads\/2025\/05\/DSCF5716-150x150.jpg');\"\n                >\n                    <img decoding=\"async\" src=\"https:\/\/kallastetalu.ee\/wp-content\/uploads\/2025\/05\/DSCF5716-150x150.jpg\" alt=\"M\u00e4nguv\u00e4ljak batuut \u00f5hkpadibatuut buss m\u00e4ngimiseks Elamustalu Kallaste Turismitalu Harjumaal\">\n                                                        <\/a>\n            <\/div>\n                                <div class=\"block-images__image\">\n                <a \n                    href=\"https:\/\/kallastetalu.ee\/wp-content\/uploads\/2025\/05\/DSCF5200-1920x1080.jpg\" \n                    data-fancybox=\"gallery\" \n                    class=\"smooth-corners\"\n                    style=\"background-image: url('https:\/\/kallastetalu.ee\/wp-content\/uploads\/2025\/05\/DSCF5200-150x150.jpg');\"\n                >\n                    <img decoding=\"async\" src=\"https:\/\/kallastetalu.ee\/wp-content\/uploads\/2025\/05\/DSCF5200-150x150.jpg\" alt=\"Lapsed h\u00fcppavad M\u00e4nguv\u00e4ljak batuut \u00f5hkpadibatuut Elamustalu Kallaste Turismitalu Harjumaal\">\n                                                        <\/a>\n            <\/div>\n                                <div class=\"block-images__image\">\n                <a \n                    href=\"https:\/\/kallastetalu.ee\/wp-content\/uploads\/2025\/05\/DSCF5227-1920x1080.jpg\" \n                    data-fancybox=\"gallery\" \n                    class=\"smooth-corners\"\n                    style=\"background-image: url('https:\/\/kallastetalu.ee\/wp-content\/uploads\/2025\/05\/DSCF5227-150x150.jpg');\"\n                >\n                    <img decoding=\"async\" src=\"https:\/\/kallastetalu.ee\/wp-content\/uploads\/2025\/05\/DSCF5227-150x150.jpg\" alt=\"Laps h\u00fcppab M\u00e4nguv\u00e4ljak batuut \u00f5hkpadibatuut Elamustalu Kallaste Turismitalu Harjumaal\">\n                                                        <\/a>\n            <\/div>\n                                <div class=\"block-images__image\">\n                <a \n                    href=\"https:\/\/kallastetalu.ee\/wp-content\/uploads\/2025\/05\/DSCF5229-1920x1080.jpg\" \n                    data-fancybox=\"gallery\" \n                    class=\"smooth-corners\"\n                    style=\"background-image: url('https:\/\/kallastetalu.ee\/wp-content\/uploads\/2025\/05\/DSCF5229-150x150.jpg');\"\n                >\n                    <img decoding=\"async\" src=\"https:\/\/kallastetalu.ee\/wp-content\/uploads\/2025\/05\/DSCF5229-150x150.jpg\" alt=\"\">\n                                                        <\/a>\n            <\/div>\n            <\/section>\n\n\n\n<h2 class=\"wp-block-heading\" id=\"h-elamustalu-air-pillow-trampoline-jump-yourself-happy\">Elamustalu Air Pillow trampoline \u2013 jump yourself happy!<\/h2>\n\n\n\n<p>What\u2019s better than launching yourself onto a giant, soft air pillow? At Elamustalu, our Air Pillow trampoline welcomes jumpers of all ages \u2013 it\u2019s a joyful playground where movement, laughter, and the occasional flying sock collide! Located in the heart of Elamustalu, this bouncy favorite is a place where energy runs wild and smiles never fade.<\/p>\n\n\n\n<p>The air pillow trampoline can hold up to 20 jumpers at once and is designed to offer families an active, fun, and safe outdoor activity. But the trampoline is not just for fun \u2013 jumping is surprisingly beneficial!<\/p>\n\n\n\n<h2 class=\"wp-block-heading\" id=\"h-why-is-jumping-good-for-children-and-adults\">Why is jumping good for children (and adults!)?<\/h2>\n\n\n\n<p>Jumping is not just a &#8220;kids&#8217; thing&#8221; \u2014 it is a healthy and developmental activity that:<\/p>\n\n\n\n<ul class=\"wp-block-list\">\n<li><span><span>Supports a child&#8217;s motor development, balance, and coordination,<\/span><\/span><\/li>\n\n\n\n<li><span><span>Strengthens muscles, joints, and bones,<\/span><\/span><\/li>\n\n\n\n<li><span><span>Develops cardiovascular health and overall endurance,<\/span><\/span><\/li>\n\n\n\n<li><span><span>Helps children (and adults!) burn off excess energy,<\/span><\/span><\/li>\n\n\n\n<li><span><span>And most importantly \u2014 makes the mind happy!<\/span><\/span><\/li>\n<\/ul>\n\n\n\n<p>Additionally, jumping on the trampoline burns a lot of calories \u2014 about 200\u2013300 kcal in half an hour! It&#8217;s a fitness activity that knows no age or boredom.<\/p>\n\n\n\n<h3 class=\"wp-block-heading\" id=\"h-rules-for-a-joyful-experience\"><strong>Rules for a joyful experience:<\/strong><\/h3>\n\n\n\n<p>To keep the fun safe and avoid scares, please follow these simple but important rules when using the Air Pillow trampoline:<\/p>\n\n\n\n<ul class=\"wp-block-list\">\n<li><span><span><strong>Jumping is at your own risk<\/strong><\/span><\/span><\/li>\n\n\n\n<li><span><span>Take off your shoes, socks on! (Socks can be bought or rented on site if needed)<\/span><\/span><\/li>\n\n\n\n<li><span><span>Keep sharp or flammable objects (e.g. keys, jewelry, cigarettes, sticks, matches) away<\/span><\/span><\/li>\n\n\n\n<li><span><span>No loose items allowed<\/span><\/span><\/li>\n\n\n\n<li><span><span>Do <strong>not<\/strong> jump when it&#8217;s raining or wet<\/span><\/span><\/li>\n\n\n\n<li><span><span>Food and drinks are <strong>not<\/strong> allowed on the trampoline \u2013 enjoy them later<\/span><\/span><\/li>\n\n\n\n<li><span><span>Be aware of others! If there are smaller jumpers on it, be extra careful<\/span><\/span><\/li>\n\n\n\n<li><span><span><strong>Breaking the rules may result in a \u20ac100 penalty.<\/strong><\/span><\/span><\/li>\n\n\n\n<li><span><span>By using the trampoline, you accept full responsibility for your actions and any potential damage.<\/span><\/span><\/li>\n<\/ul>\n\n\n<section class=\"blog-nb-section\">\n    <div class=\"upper\">\n        <svg xmlns=\"http:\/\/www.w3.org\/2000\/svg\" width=\"24\" height=\"24\" viewBox=\"0 0 24 24\" fill=\"none\">\n            <path d=\"M7.78216 3H16.2169C19.165 3 21 5.08119 21 8.02638V15.9736C21 18.9188 19.165 21 16.2159 21H7.78216C4.83405 21 3 18.9188 3 15.9736V8.02638C3 5.08119 4.84281 3 7.78216 3Z\" fill=\"#8D7971\" stroke=\"#8D7971\" stroke-width=\"1.5\" stroke-linecap=\"round\" stroke-linejoin=\"round\"\/>\n            <path d=\"M11.9941 8.98511V12.3117\" stroke=\"white\" stroke-width=\"1.5\" stroke-linecap=\"round\" stroke-linejoin=\"round\"\/>\n            <path d=\"M11.9941 12.3115L14.1322 15.0154\" stroke=\"white\" stroke-width=\"1.5\" stroke-linecap=\"round\" stroke-linejoin=\"round\"\/>\n            <path d=\"M11.9937 12.3115L9.86719 15.0008\" stroke=\"white\" stroke-width=\"1.5\" stroke-linecap=\"round\" stroke-linejoin=\"round\"\/>\n            <path d=\"M8.94141 11.2305L11.9907 12.3114\" stroke=\"white\" stroke-width=\"1.5\" stroke-linecap=\"round\" stroke-linejoin=\"round\"\/>\n            <path d=\"M11.9902 12.3114L15.057 11.2246\" stroke=\"white\" stroke-width=\"1.5\" stroke-linecap=\"round\" stroke-linejoin=\"round\"\/>\n        <\/svg>\n        <h3 class=\"blog-nb-section__title\">\n            Hot with sunshine!        <\/h3>\n    <\/div>\n    <p class=\"blog-nb-section__text\">\n        Caution! The trampoline can get very hot in the sun. If you still want to jump but it\u2019s too hot even with socks, you may keep your shoes on. Please make sure your shoes are not sharp (no small stones or sharp objects stuck under the soles, and high heels are definitely not allowed)! Thank you!    <\/p>\n<\/section>\n\n\n\n<h2 class=\"wp-block-heading\" id=\"h-come-and-jump-yourself-happy-at-the-air-pillow-trampoline\">Come and jump yourself happy at the air pillow trampoline!<\/h2>\n\n\n\n<figure class=\"wp-block-video\"><video height=\"1080\" style=\"aspect-ratio: 1400 \/ 1080;\" width=\"1400\" controls src=\"https:\/\/kallastetalu.ee\/wp-content\/uploads\/2025\/05\/Batuudil-huppamine.mp4\" playsinline><\/video><\/figure>\n","protected":false},"excerpt":{"rendered":"Elamustalu Air Pillow trampoline \u2013 jump yourself happy! What\u2019s better than launching yourself onto a giant, soft air pillow? At&#8230;","protected":false},"author":1,"featured_media":1279,"parent":3699,"menu_order":13,"comment_status":"closed","ping_status":"closed","template":"page-templates\/template-detail.php","meta":{"_acf_changed":false,"inline_featured_image":false,"footnotes":""},"class_list":["post-3854","page","type-page","status-publish","has-post-thumbnail","hentry"],"acf":[],"yoast_head":"<!-- This site is optimized with the Yoast SEO Premium plugin v25.2 (Yoast SEO v26.7) - https:\/\/yoast.com\/wordpress\/plugins\/seo\/ -->\n<title>Air Pillow trampoline at Elamustalu - fun for all ages!<\/title>\n<meta name=\"description\" content=\"Bounce into fun at Elamustalu\u2019s air pillow trampoline \u2013 a joyful activity for all ages, where laughter and movement come together.\" \/>\n<meta name=\"robots\" content=\"index, follow, max-snippet:-1, max-image-preview:large, max-video-preview:-1\" \/>\n<link rel=\"canonical\" href=\"https:\/\/kallastetalu.ee\/en\/elamustalu\/air-pillow-trampoline\/\" \/>\n<meta property=\"og:locale\" content=\"en_US\" \/>\n<meta property=\"og:type\" content=\"article\" \/>\n<meta property=\"og:title\" content=\"Air Pillow trampoline\" \/>\n<meta property=\"og:description\" content=\"Bounce into fun at Elamustalu\u2019s air pillow trampoline \u2013 a joyful activity for all ages, where laughter and movement come together.\" \/>\n<meta property=\"og:url\" content=\"https:\/\/kallastetalu.ee\/en\/elamustalu\/air-pillow-trampoline\/\" \/>\n<meta property=\"og:site_name\" content=\"Kallaste Turismitalu - \u00c4rksa hingega Talu Harjumaal\" \/>\n<meta property=\"article:publisher\" content=\"https:\/\/www.facebook.com\/kallastetalu\" \/>\n<meta property=\"article:modified_time\" content=\"2025-06-07T08:04:46+00:00\" \/>\n<meta property=\"og:image\" content=\"https:\/\/kallastetalu.ee\/wp-content\/uploads\/2025\/05\/DSCF5198-scaled.jpg\" \/>\n\t<meta property=\"og:image:width\" content=\"2560\" \/>\n\t<meta property=\"og:image:height\" content=\"1707\" \/>\n\t<meta property=\"og:image:type\" content=\"image\/jpeg\" \/>\n<meta name=\"twitter:card\" content=\"summary_large_image\" \/>\n<meta name=\"twitter:label1\" content=\"Est. reading time\" \/>\n\t<meta name=\"twitter:data1\" content=\"2 minutes\" \/>\n<script type=\"application\/ld+json\" class=\"yoast-schema-graph\">{\"@context\":\"https:\/\/schema.org\",\"@graph\":[{\"@type\":\"WebPage\",\"@id\":\"https:\/\/kallastetalu.ee\/en\/elamustalu\/air-pillow-trampoline\/\",\"url\":\"https:\/\/kallastetalu.ee\/en\/elamustalu\/air-pillow-trampoline\/\",\"name\":\"Air Pillow trampoline at Elamustalu - fun for all ages!\",\"isPartOf\":{\"@id\":\"https:\/\/kallastetalu.ee\/en\/#website\"},\"primaryImageOfPage\":{\"@id\":\"https:\/\/kallastetalu.ee\/en\/elamustalu\/air-pillow-trampoline\/#primaryimage\"},\"image\":{\"@id\":\"https:\/\/kallastetalu.ee\/en\/elamustalu\/air-pillow-trampoline\/#primaryimage\"},\"thumbnailUrl\":\"https:\/\/kallastetalu.ee\/wp-content\/uploads\/2025\/05\/DSCF5198-scaled.jpg\",\"datePublished\":\"2025-04-29T11:54:28+00:00\",\"dateModified\":\"2025-06-07T08:04:46+00:00\",\"description\":\"Bounce into fun at Elamustalu\u2019s air pillow trampoline \u2013 a joyful activity for all ages, where laughter and movement come together.\",\"breadcrumb\":{\"@id\":\"https:\/\/kallastetalu.ee\/en\/elamustalu\/air-pillow-trampoline\/#breadcrumb\"},\"inLanguage\":\"en-US\",\"potentialAction\":[{\"@type\":\"ReadAction\",\"target\":[\"https:\/\/kallastetalu.ee\/en\/elamustalu\/air-pillow-trampoline\/\"]}]},{\"@type\":\"ImageObject\",\"inLanguage\":\"en-US\",\"@id\":\"https:\/\/kallastetalu.ee\/en\/elamustalu\/air-pillow-trampoline\/#primaryimage\",\"url\":\"https:\/\/kallastetalu.ee\/wp-content\/uploads\/2025\/05\/DSCF5198-scaled.jpg\",\"contentUrl\":\"https:\/\/kallastetalu.ee\/wp-content\/uploads\/2025\/05\/DSCF5198-scaled.jpg\",\"width\":2560,\"height\":1707,\"caption\":\"\u00d5hkpadibatuut - batuut laste atraktsioon - h\u00fcppamise r\u00f5\u00f5m Elamustalu Kallaste Turismitalu Harjumaal Air Pillow trampoline\"},{\"@type\":\"BreadcrumbList\",\"@id\":\"https:\/\/kallastetalu.ee\/en\/elamustalu\/air-pillow-trampoline\/#breadcrumb\",\"itemListElement\":[{\"@type\":\"ListItem\",\"position\":1,\"name\":\"Home\",\"item\":\"https:\/\/kallastetalu.ee\/en\/\"},{\"@type\":\"ListItem\",\"position\":2,\"name\":\"Elamustalu\",\"item\":\"https:\/\/kallastetalu.ee\/en\/elamustalu\/\"},{\"@type\":\"ListItem\",\"position\":3,\"name\":\"Air Pillow trampoline\"}]},{\"@type\":\"WebSite\",\"@id\":\"https:\/\/kallastetalu.ee\/en\/#website\",\"url\":\"https:\/\/kallastetalu.ee\/en\/\",\"name\":\"Kallaste Turismitalu - \u00c4rksa hingega talu Harjumaal\",\"description\":\"\",\"publisher\":{\"@id\":\"https:\/\/kallastetalu.ee\/en\/#organization\"},\"potentialAction\":[{\"@type\":\"SearchAction\",\"target\":{\"@type\":\"EntryPoint\",\"urlTemplate\":\"https:\/\/kallastetalu.ee\/en\/?s={search_term_string}\"},\"query-input\":{\"@type\":\"PropertyValueSpecification\",\"valueRequired\":true,\"valueName\":\"search_term_string\"}}],\"inLanguage\":\"en-US\"},{\"@type\":\"Organization\",\"@id\":\"https:\/\/kallastetalu.ee\/en\/#organization\",\"name\":\"Kallaste Turismitalu - \u00c4rksa hingega talu Harjumaal\",\"url\":\"https:\/\/kallastetalu.ee\/en\/\",\"logo\":{\"@type\":\"ImageObject\",\"inLanguage\":\"en-US\",\"@id\":\"https:\/\/kallastetalu.ee\/en\/#\/schema\/logo\/image\/\",\"url\":\"https:\/\/kallastetalu.ee\/wp-content\/uploads\/2025\/04\/kallastetalu.svg\",\"contentUrl\":\"https:\/\/kallastetalu.ee\/wp-content\/uploads\/2025\/04\/kallastetalu.svg\",\"width\":158,\"height\":127,\"caption\":\"Kallaste Turismitalu - \u00c4rksa hingega talu Harjumaal\"},\"image\":{\"@id\":\"https:\/\/kallastetalu.ee\/en\/#\/schema\/logo\/image\/\"},\"sameAs\":[\"https:\/\/www.facebook.com\/kallastetalu\",\"https:\/\/www.instagram.com\/turismitalu\",\"https:\/\/www.youtube.com\/@turismitalu\",\"https:\/\/www.tripadvisor.com\/Hotel_Review-g19122067-d2677575-Reviews-Kallaste_Talu_Turismitalu_Holiday_Resort-Kasepere_Harju_County.html?m=19905\"]}]}<\/script>\n<!-- \/ Yoast SEO Premium plugin. -->","yoast_head_json":{"title":"Air Pillow trampoline at Elamustalu - fun for all ages!","description":"Bounce into fun at Elamustalu\u2019s air pillow trampoline \u2013 a joyful activity for all ages, where laughter and movement come together.","robots":{"index":"index","follow":"follow","max-snippet":"max-snippet:-1","max-image-preview":"max-image-preview:large","max-video-preview":"max-video-preview:-1"},"canonical":"https:\/\/kallastetalu.ee\/en\/elamustalu\/air-pillow-trampoline\/","og_locale":"en_US","og_type":"article","og_title":"Air Pillow trampoline","og_description":"Bounce into fun at Elamustalu\u2019s air pillow trampoline \u2013 a joyful activity for all ages, where laughter and movement come together.","og_url":"https:\/\/kallastetalu.ee\/en\/elamustalu\/air-pillow-trampoline\/","og_site_name":"Kallaste Turismitalu - \u00c4rksa hingega Talu Harjumaal","article_publisher":"https:\/\/www.facebook.com\/kallastetalu","article_modified_time":"2025-06-07T08:04:46+00:00","og_image":[{"width":2560,"height":1707,"url":"https:\/\/kallastetalu.ee\/wp-content\/uploads\/2025\/05\/DSCF5198-scaled.jpg","type":"image\/jpeg"}],"twitter_card":"summary_large_image","twitter_misc":{"Est. reading time":"2 minutes"},"schema":{"@context":"https:\/\/schema.org","@graph":[{"@type":"WebPage","@id":"https:\/\/kallastetalu.ee\/en\/elamustalu\/air-pillow-trampoline\/","url":"https:\/\/kallastetalu.ee\/en\/elamustalu\/air-pillow-trampoline\/","name":"Air Pillow trampoline at Elamustalu - fun for all ages!","isPartOf":{"@id":"https:\/\/kallastetalu.ee\/en\/#website"},"primaryImageOfPage":{"@id":"https:\/\/kallastetalu.ee\/en\/elamustalu\/air-pillow-trampoline\/#primaryimage"},"image":{"@id":"https:\/\/kallastetalu.ee\/en\/elamustalu\/air-pillow-trampoline\/#primaryimage"},"thumbnailUrl":"https:\/\/kallastetalu.ee\/wp-content\/uploads\/2025\/05\/DSCF5198-scaled.jpg","datePublished":"2025-04-29T11:54:28+00:00","dateModified":"2025-06-07T08:04:46+00:00","description":"Bounce into fun at Elamustalu\u2019s air pillow trampoline \u2013 a joyful activity for all ages, where laughter and movement come together.","breadcrumb":{"@id":"https:\/\/kallastetalu.ee\/en\/elamustalu\/air-pillow-trampoline\/#breadcrumb"},"inLanguage":"en-US","potentialAction":[{"@type":"ReadAction","target":["https:\/\/kallastetalu.ee\/en\/elamustalu\/air-pillow-trampoline\/"]}]},{"@type":"ImageObject","inLanguage":"en-US","@id":"https:\/\/kallastetalu.ee\/en\/elamustalu\/air-pillow-trampoline\/#primaryimage","url":"https:\/\/kallastetalu.ee\/wp-content\/uploads\/2025\/05\/DSCF5198-scaled.jpg","contentUrl":"https:\/\/kallastetalu.ee\/wp-content\/uploads\/2025\/05\/DSCF5198-scaled.jpg","width":2560,"height":1707,"caption":"\u00d5hkpadibatuut - batuut laste atraktsioon - h\u00fcppamise r\u00f5\u00f5m Elamustalu Kallaste Turismitalu Harjumaal Air Pillow trampoline"},{"@type":"BreadcrumbList","@id":"https:\/\/kallastetalu.ee\/en\/elamustalu\/air-pillow-trampoline\/#breadcrumb","itemListElement":[{"@type":"ListItem","position":1,"name":"Home","item":"https:\/\/kallastetalu.ee\/en\/"},{"@type":"ListItem","position":2,"name":"Elamustalu","item":"https:\/\/kallastetalu.ee\/en\/elamustalu\/"},{"@type":"ListItem","position":3,"name":"Air Pillow trampoline"}]},{"@type":"WebSite","@id":"https:\/\/kallastetalu.ee\/en\/#website","url":"https:\/\/kallastetalu.ee\/en\/","name":"Kallaste Turismitalu - \u00c4rksa hingega talu Harjumaal","description":"","publisher":{"@id":"https:\/\/kallastetalu.ee\/en\/#organization"},"potentialAction":[{"@type":"SearchAction","target":{"@type":"EntryPoint","urlTemplate":"https:\/\/kallastetalu.ee\/en\/?s={search_term_string}"},"query-input":{"@type":"PropertyValueSpecification","valueRequired":true,"valueName":"search_term_string"}}],"inLanguage":"en-US"},{"@type":"Organization","@id":"https:\/\/kallastetalu.ee\/en\/#organization","name":"Kallaste Turismitalu - \u00c4rksa hingega talu Harjumaal","url":"https:\/\/kallastetalu.ee\/en\/","logo":{"@type":"ImageObject","inLanguage":"en-US","@id":"https:\/\/kallastetalu.ee\/en\/#\/schema\/logo\/image\/","url":"https:\/\/kallastetalu.ee\/wp-content\/uploads\/2025\/04\/kallastetalu.svg","contentUrl":"https:\/\/kallastetalu.ee\/wp-content\/uploads\/2025\/04\/kallastetalu.svg","width":158,"height":127,"caption":"Kallaste Turismitalu - \u00c4rksa hingega talu Harjumaal"},"image":{"@id":"https:\/\/kallastetalu.ee\/en\/#\/schema\/logo\/image\/"},"sameAs":["https:\/\/www.facebook.com\/kallastetalu","https:\/\/www.instagram.com\/turismitalu","https:\/\/www.youtube.com\/@turismitalu","https:\/\/www.tripadvisor.com\/Hotel_Review-g19122067-d2677575-Reviews-Kallaste_Talu_Turismitalu_Holiday_Resort-Kasepere_Harju_County.html?m=19905"]}]}},"_links":{"self":[{"href":"https:\/\/kallastetalu.ee\/en\/wp-json\/wp\/v2\/pages\/3854","targetHints":{"allow":["GET"]}}],"collection":[{"href":"https:\/\/kallastetalu.ee\/en\/wp-json\/wp\/v2\/pages"}],"about":[{"href":"https:\/\/kallastetalu.ee\/en\/wp-json\/wp\/v2\/types\/page"}],"author":[{"embeddable":true,"href":"https:\/\/kallastetalu.ee\/en\/wp-json\/wp\/v2\/users\/1"}],"replies":[{"embeddable":true,"href":"https:\/\/kallastetalu.ee\/en\/wp-json\/wp\/v2\/comments?post=3854"}],"version-history":[{"count":5,"href":"https:\/\/kallastetalu.ee\/en\/wp-json\/wp\/v2\/pages\/3854\/revisions"}],"predecessor-version":[{"id":4490,"href":"https:\/\/kallastetalu.ee\/en\/wp-json\/wp\/v2\/pages\/3854\/revisions\/4490"}],"up":[{"embeddable":true,"href":"https:\/\/kallastetalu.ee\/en\/wp-json\/wp\/v2\/pages\/3699"}],"wp:featuredmedia":[{"embeddable":true,"href":"https:\/\/kallastetalu.ee\/en\/wp-json\/wp\/v2\/media\/1279"}],"wp:attachment":[{"href":"https:\/\/kallastetalu.ee\/en\/wp-json\/wp\/v2\/media?parent=3854"}],"curies":[{"name":"wp","href":"https:\/\/api.w.org\/{rel}","templated":true}]}}