{"id":3866,"date":"2025-04-29T11:55:22","date_gmt":"2025-04-29T11:55:22","guid":{"rendered":"https:\/\/kallastetalu.ee\/elamustalu\/manguvaljak\/"},"modified":"2025-11-17T14:04:53","modified_gmt":"2025-11-17T14:04:53","slug":"playground","status":"publish","type":"page","link":"https:\/\/kallastetalu.ee\/en\/elamustalu\/playground\/","title":{"rendered":"Playground"},"content":{"rendered":"\n<section class=\"block-images\">\n                        <div class=\"block-images__image\">\n                <a \n                    href=\"https:\/\/kallastetalu.ee\/wp-content\/uploads\/2025\/05\/DSCF5194-1920x1080.jpg\" \n                    data-fancybox=\"gallery\" \n                    class=\"smooth-corners\"\n                    style=\"background-image: url('https:\/\/kallastetalu.ee\/wp-content\/uploads\/2025\/05\/DSCF5194-150x150.jpg');\"\n                >\n                    <img decoding=\"async\" src=\"https:\/\/kallastetalu.ee\/wp-content\/uploads\/2025\/05\/DSCF5194-150x150.jpg\" alt=\"Mudak\u00f6\u00f6k M\u00e4nguv\u00e4ljak Elamustalu - Kallaste Turismitalu - \u00c4rksa hingega talu Harjumaal\">\n                                                        <\/a>\n            <\/div>\n                                <div class=\"block-images__image\">\n                <a \n                    href=\"https:\/\/kallastetalu.ee\/wp-content\/uploads\/2025\/05\/DSCF5680-1920x1080.jpg\" \n                    data-fancybox=\"gallery\" \n                    class=\"smooth-corners\"\n                    style=\"background-image: url('https:\/\/kallastetalu.ee\/wp-content\/uploads\/2025\/05\/DSCF5680-150x150.jpg');\"\n                >\n                    <img decoding=\"async\" src=\"https:\/\/kallastetalu.ee\/wp-content\/uploads\/2025\/05\/DSCF5680-150x150.jpg\" alt=\"\">\n                                                        <\/a>\n            <\/div>\n                                <div class=\"block-images__image\">\n                <a \n                    href=\"https:\/\/kallastetalu.ee\/wp-content\/uploads\/2025\/05\/DSCF5548-1920x1080.jpg\" \n                    data-fancybox=\"gallery\" \n                    class=\"smooth-corners\"\n                    style=\"background-image: url('https:\/\/kallastetalu.ee\/wp-content\/uploads\/2025\/05\/DSCF5548-150x150.jpg');\"\n                >\n                    <img decoding=\"async\" src=\"https:\/\/kallastetalu.ee\/wp-content\/uploads\/2025\/05\/DSCF5548-150x150.jpg\" alt=\"\">\n                                                        <\/a>\n            <\/div>\n                                <div class=\"block-images__image\">\n                <a \n                    href=\"https:\/\/kallastetalu.ee\/wp-content\/uploads\/2025\/05\/DSCF5564-1920x1080.jpg\" \n                    data-fancybox=\"gallery\" \n                    class=\"smooth-corners\"\n                    style=\"background-image: url('https:\/\/kallastetalu.ee\/wp-content\/uploads\/2025\/05\/DSCF5564-150x150.jpg');\"\n                >\n                    <img decoding=\"async\" src=\"https:\/\/kallastetalu.ee\/wp-content\/uploads\/2025\/05\/DSCF5564-150x150.jpg\" alt=\"\">\n                                                                <div class=\"moreImagePlaceholder mobile\">\n                            <span>+6<br>Photos<\/span>\n                        <\/div>\n                                    <\/a>\n            <\/div>\n                                <div class=\"block-images__image\">\n                <a \n                    href=\"https:\/\/kallastetalu.ee\/wp-content\/uploads\/2025\/05\/DSCF5644-1920x1080.jpg\" \n                    data-fancybox=\"gallery\" \n                    class=\"smooth-corners\"\n                    style=\"background-image: url('https:\/\/kallastetalu.ee\/wp-content\/uploads\/2025\/05\/DSCF5644-150x150.jpg');\"\n                >\n                    <img decoding=\"async\" src=\"https:\/\/kallastetalu.ee\/wp-content\/uploads\/2025\/05\/DSCF5644-150x150.jpg\" alt=\"\">\n                                            <div class=\"moreImagePlaceholder desktop\">\n                            <span>+5<br>Photos<\/span>\n                        <\/div>\n                                                        <\/a>\n            <\/div>\n                                <a \n                href=\"https:\/\/kallastetalu.ee\/wp-content\/uploads\/2025\/05\/DSCF5173-1920x1080.jpg\" \n                data-fancybox=\"gallery\" \n                style=\"display:none;\"\n            ><\/a>\n                                <a \n                href=\"https:\/\/kallastetalu.ee\/wp-content\/uploads\/2025\/05\/DSCF5552-1920x1080.jpg\" \n                data-fancybox=\"gallery\" \n                style=\"display:none;\"\n            ><\/a>\n                                <a \n                href=\"https:\/\/kallastetalu.ee\/wp-content\/uploads\/2025\/05\/DSCF5195-1920x1080.jpg\" \n                data-fancybox=\"gallery\" \n                style=\"display:none;\"\n            ><\/a>\n                                <a \n                href=\"https:\/\/kallastetalu.ee\/wp-content\/uploads\/2025\/05\/DSCF5556-1920x1080.jpg\" \n                data-fancybox=\"gallery\" \n                style=\"display:none;\"\n            ><\/a>\n                                <a \n                href=\"https:\/\/kallastetalu.ee\/wp-content\/uploads\/2025\/05\/DSCF5720-1920x1080.jpg\" \n                data-fancybox=\"gallery\" \n                style=\"display:none;\"\n            ><\/a>\n            <\/section>\n\n\n\n<h2 class=\"wp-block-heading\" id=\"h-elamustalu-playground-childhood-joy-in-the-heart-of-nature\">Elamustalu Playground \u2013 Childhood Joy in the Heart of Nature<\/h2>\n\n\n\n<p>Elamustalu playground is a place where children\u2019s laughter and creativity can soar freely! Located in the heart of our farm, the play area offers diverse and safe fun for children of all ages.<\/p>\n\n\n\n<p>Here, kids can swing towards the sky, slide down slides, dig in sandboxes, and explore new roles in the playhouse filled with dolls, chalk, and a chalkboard. For the little aspiring chefs, we have our very own mud kitchen, where the tastiest sand and leaf dishes are prepared.<\/p>\n\n\n\n<h2 class=\"wp-block-heading\" id=\"h-on-the-playground-you-ll-find\">On the playground you\u2019ll find:<\/h2>\n\n\n\n<ul class=\"wp-block-list\">\n<li><span><span>Swings and slides<\/span><\/span><\/li>\n\n\n\n<li><span><span>Sandboxes with toys<\/span><\/span><\/li>\n\n\n\n<li><span><span>Mud kitchen for playing and crafting<\/span><\/span><\/li>\n\n\n\n<li><span><span>Children\u2019s playhouse<\/span><\/span><\/li>\n\n\n\n<li><span><span><a href=\"https:\/\/kallastetalu.ee\/en\/elamustalu\/air-pillow-trampoline\/\">Air pillow trampoline<\/a> right next to the playground<\/span><\/span><\/li>\n\n\n\n<li><span><span><a href=\"https:\/\/kallastetalu.ee\/en\/elamustalu\/bus\/\">A real bus<\/a> for playing! <\/span><\/span><\/li>\n\n\n\n<li><span><span>LEGO\u00ae bricks<\/span><\/span><\/li>\n<\/ul>\n\n\n<section class=\"blog-nb-section\">\n    <div class=\"upper\">\n        <svg xmlns=\"http:\/\/www.w3.org\/2000\/svg\" width=\"24\" height=\"24\" viewBox=\"0 0 24 24\" fill=\"none\">\n            <path d=\"M7.78216 3H16.2169C19.165 3 21 5.08119 21 8.02638V15.9736C21 18.9188 19.165 21 16.2159 21H7.78216C4.83405 21 3 18.9188 3 15.9736V8.02638C3 5.08119 4.84281 3 7.78216 3Z\" fill=\"#8D7971\" stroke=\"#8D7971\" stroke-width=\"1.5\" stroke-linecap=\"round\" stroke-linejoin=\"round\"\/>\n            <path d=\"M11.9941 8.98511V12.3117\" stroke=\"white\" stroke-width=\"1.5\" stroke-linecap=\"round\" stroke-linejoin=\"round\"\/>\n            <path d=\"M11.9941 12.3115L14.1322 15.0154\" stroke=\"white\" stroke-width=\"1.5\" stroke-linecap=\"round\" stroke-linejoin=\"round\"\/>\n            <path d=\"M11.9937 12.3115L9.86719 15.0008\" stroke=\"white\" stroke-width=\"1.5\" stroke-linecap=\"round\" stroke-linejoin=\"round\"\/>\n            <path d=\"M8.94141 11.2305L11.9907 12.3114\" stroke=\"white\" stroke-width=\"1.5\" stroke-linecap=\"round\" stroke-linejoin=\"round\"\/>\n            <path d=\"M11.9902 12.3114L15.057 11.2246\" stroke=\"white\" stroke-width=\"1.5\" stroke-linecap=\"round\" stroke-linejoin=\"round\"\/>\n        <\/svg>\n        <h3 class=\"blog-nb-section__title\">\n            Come into the embrace of nature!        <\/h3>\n    <\/div>\n    <p class=\"blog-nb-section__text\">\n        Our play area is nestled in the heart of nature, away from the noise of the city and traffic \u2013 here children can run freely, play, and truly enjoy a carefree childhood.    <\/p>\n<\/section>\n\n\n\n<h2 class=\"wp-block-heading\" id=\"h-why-is-playing-and-being-outdoors-so-important-for-a-child\">Why is playing and being outdoors so important for a child?<\/h2>\n\n\n\n<p>Playing has invaluable benefits for a child\u2019s development \u2013 it fosters creativity, improves motor skills, strengthens social abilities, and helps children understand the world through experience and imagination. Through play, children learn to communicate, solve problems, and express their emotions.<\/p>\n\n\n\n<p>When play happens outdoors, the benefits are even greater \u2013 physical activity in fresh air boosts the immune system, improves concentration, and helps the body naturally relax and recover. The green environment, fresh air, and natural sounds create a calming backdrop that supports a child\u2019s mental well-being and balance. Free play in nature gives the child the freedom to be themselves \u2013 happy, curious, and full of life.<\/p>\n","protected":false},"excerpt":{"rendered":"Elamustalu Playground \u2013 Childhood Joy in the Heart of Nature Elamustalu playground is a place where children\u2019s laughter and creativity&#8230;","protected":false},"author":1,"featured_media":2334,"parent":3699,"menu_order":15,"comment_status":"closed","ping_status":"closed","template":"page-templates\/template-detail.php","meta":{"_acf_changed":false,"inline_featured_image":false,"footnotes":""},"class_list":["post-3866","page","type-page","status-publish","has-post-thumbnail","hentry"],"acf":[],"yoast_head":"<!-- This site is optimized with the Yoast SEO Premium plugin v25.2 (Yoast SEO v26.7) - https:\/\/yoast.com\/wordpress\/plugins\/seo\/ -->\n<title>Elamustalu Playground \u2013 Outdoor Fun for Kids<\/title>\n<meta name=\"description\" content=\"Elamustalu playground has swings, slides, sandboxes, mud kitchen, a playhouse, kinetic sand, a real play bus, and an air pillow trampoline.\" \/>\n<meta name=\"robots\" content=\"index, follow, max-snippet:-1, max-image-preview:large, max-video-preview:-1\" \/>\n<link rel=\"canonical\" href=\"https:\/\/kallastetalu.ee\/en\/elamustalu\/playground\/\" \/>\n<meta property=\"og:locale\" content=\"en_US\" \/>\n<meta property=\"og:type\" content=\"article\" \/>\n<meta property=\"og:title\" content=\"Playground\" \/>\n<meta property=\"og:description\" content=\"Elamustalu playground has swings, slides, sandboxes, mud kitchen, a playhouse, kinetic sand, a real play bus, and an air pillow trampoline.\" \/>\n<meta property=\"og:url\" content=\"https:\/\/kallastetalu.ee\/en\/elamustalu\/playground\/\" \/>\n<meta property=\"og:site_name\" content=\"Kallaste Turismitalu - \u00c4rksa hingega Talu Harjumaal\" \/>\n<meta property=\"article:publisher\" content=\"https:\/\/www.facebook.com\/kallastetalu\" \/>\n<meta property=\"article:modified_time\" content=\"2025-11-17T14:04:53+00:00\" \/>\n<meta property=\"og:image\" content=\"https:\/\/kallastetalu.ee\/wp-content\/uploads\/2025\/05\/manguvaljak-laps-2025-inimeneKallaste-Turismitalu-Arksa-hingega-talu-Harjumaal-scaled.jpg\" \/>\n\t<meta property=\"og:image:width\" content=\"2560\" \/>\n\t<meta property=\"og:image:height\" content=\"1707\" \/>\n\t<meta property=\"og:image:type\" content=\"image\/jpeg\" \/>\n<meta name=\"twitter:card\" content=\"summary_large_image\" \/>\n<meta name=\"twitter:label1\" content=\"Est. reading time\" \/>\n\t<meta name=\"twitter:data1\" content=\"2 minutes\" \/>\n<script type=\"application\/ld+json\" class=\"yoast-schema-graph\">{\"@context\":\"https:\/\/schema.org\",\"@graph\":[{\"@type\":\"WebPage\",\"@id\":\"https:\/\/kallastetalu.ee\/en\/elamustalu\/playground\/\",\"url\":\"https:\/\/kallastetalu.ee\/en\/elamustalu\/playground\/\",\"name\":\"Elamustalu Playground \u2013 Outdoor Fun for Kids\",\"isPartOf\":{\"@id\":\"https:\/\/kallastetalu.ee\/en\/#website\"},\"primaryImageOfPage\":{\"@id\":\"https:\/\/kallastetalu.ee\/en\/elamustalu\/playground\/#primaryimage\"},\"image\":{\"@id\":\"https:\/\/kallastetalu.ee\/en\/elamustalu\/playground\/#primaryimage\"},\"thumbnailUrl\":\"https:\/\/kallastetalu.ee\/wp-content\/uploads\/2025\/05\/manguvaljak-laps-2025-inimeneKallaste-Turismitalu-Arksa-hingega-talu-Harjumaal-scaled.jpg\",\"datePublished\":\"2025-04-29T11:55:22+00:00\",\"dateModified\":\"2025-11-17T14:04:53+00:00\",\"description\":\"Elamustalu playground has swings, slides, sandboxes, mud kitchen, a playhouse, kinetic sand, a real play bus, and an air pillow trampoline.\",\"breadcrumb\":{\"@id\":\"https:\/\/kallastetalu.ee\/en\/elamustalu\/playground\/#breadcrumb\"},\"inLanguage\":\"en-US\",\"potentialAction\":[{\"@type\":\"ReadAction\",\"target\":[\"https:\/\/kallastetalu.ee\/en\/elamustalu\/playground\/\"]}]},{\"@type\":\"ImageObject\",\"inLanguage\":\"en-US\",\"@id\":\"https:\/\/kallastetalu.ee\/en\/elamustalu\/playground\/#primaryimage\",\"url\":\"https:\/\/kallastetalu.ee\/wp-content\/uploads\/2025\/05\/manguvaljak-laps-2025-inimeneKallaste-Turismitalu-Arksa-hingega-talu-Harjumaal-scaled.jpg\",\"contentUrl\":\"https:\/\/kallastetalu.ee\/wp-content\/uploads\/2025\/05\/manguvaljak-laps-2025-inimeneKallaste-Turismitalu-Arksa-hingega-talu-Harjumaal-scaled.jpg\",\"width\":2560,\"height\":1707,\"caption\":\"m\u00e4nguv\u00e4ljak laps 2025 inimeneKallaste Turismitalu \u00c4rksa hingega talu Harjumaal. Playground\"},{\"@type\":\"BreadcrumbList\",\"@id\":\"https:\/\/kallastetalu.ee\/en\/elamustalu\/playground\/#breadcrumb\",\"itemListElement\":[{\"@type\":\"ListItem\",\"position\":1,\"name\":\"Home\",\"item\":\"https:\/\/kallastetalu.ee\/en\/\"},{\"@type\":\"ListItem\",\"position\":2,\"name\":\"Elamustalu\",\"item\":\"https:\/\/kallastetalu.ee\/en\/elamustalu\/\"},{\"@type\":\"ListItem\",\"position\":3,\"name\":\"Playground\"}]},{\"@type\":\"WebSite\",\"@id\":\"https:\/\/kallastetalu.ee\/en\/#website\",\"url\":\"https:\/\/kallastetalu.ee\/en\/\",\"name\":\"Kallaste Turismitalu - \u00c4rksa hingega talu Harjumaal\",\"description\":\"\",\"publisher\":{\"@id\":\"https:\/\/kallastetalu.ee\/en\/#organization\"},\"potentialAction\":[{\"@type\":\"SearchAction\",\"target\":{\"@type\":\"EntryPoint\",\"urlTemplate\":\"https:\/\/kallastetalu.ee\/en\/?s={search_term_string}\"},\"query-input\":{\"@type\":\"PropertyValueSpecification\",\"valueRequired\":true,\"valueName\":\"search_term_string\"}}],\"inLanguage\":\"en-US\"},{\"@type\":\"Organization\",\"@id\":\"https:\/\/kallastetalu.ee\/en\/#organization\",\"name\":\"Kallaste Turismitalu - \u00c4rksa hingega talu Harjumaal\",\"url\":\"https:\/\/kallastetalu.ee\/en\/\",\"logo\":{\"@type\":\"ImageObject\",\"inLanguage\":\"en-US\",\"@id\":\"https:\/\/kallastetalu.ee\/en\/#\/schema\/logo\/image\/\",\"url\":\"https:\/\/kallastetalu.ee\/wp-content\/uploads\/2025\/04\/kallastetalu.svg\",\"contentUrl\":\"https:\/\/kallastetalu.ee\/wp-content\/uploads\/2025\/04\/kallastetalu.svg\",\"width\":158,\"height\":127,\"caption\":\"Kallaste Turismitalu - \u00c4rksa hingega talu Harjumaal\"},\"image\":{\"@id\":\"https:\/\/kallastetalu.ee\/en\/#\/schema\/logo\/image\/\"},\"sameAs\":[\"https:\/\/www.facebook.com\/kallastetalu\",\"https:\/\/www.instagram.com\/turismitalu\",\"https:\/\/www.youtube.com\/@turismitalu\",\"https:\/\/www.tripadvisor.com\/Hotel_Review-g19122067-d2677575-Reviews-Kallaste_Talu_Turismitalu_Holiday_Resort-Kasepere_Harju_County.html?m=19905\"]}]}<\/script>\n<!-- \/ Yoast SEO Premium plugin. -->","yoast_head_json":{"title":"Elamustalu Playground \u2013 Outdoor Fun for Kids","description":"Elamustalu playground has swings, slides, sandboxes, mud kitchen, a playhouse, kinetic sand, a real play bus, and an air pillow trampoline.","robots":{"index":"index","follow":"follow","max-snippet":"max-snippet:-1","max-image-preview":"max-image-preview:large","max-video-preview":"max-video-preview:-1"},"canonical":"https:\/\/kallastetalu.ee\/en\/elamustalu\/playground\/","og_locale":"en_US","og_type":"article","og_title":"Playground","og_description":"Elamustalu playground has swings, slides, sandboxes, mud kitchen, a playhouse, kinetic sand, a real play bus, and an air pillow trampoline.","og_url":"https:\/\/kallastetalu.ee\/en\/elamustalu\/playground\/","og_site_name":"Kallaste Turismitalu - \u00c4rksa hingega Talu Harjumaal","article_publisher":"https:\/\/www.facebook.com\/kallastetalu","article_modified_time":"2025-11-17T14:04:53+00:00","og_image":[{"width":2560,"height":1707,"url":"https:\/\/kallastetalu.ee\/wp-content\/uploads\/2025\/05\/manguvaljak-laps-2025-inimeneKallaste-Turismitalu-Arksa-hingega-talu-Harjumaal-scaled.jpg","type":"image\/jpeg"}],"twitter_card":"summary_large_image","twitter_misc":{"Est. reading time":"2 minutes"},"schema":{"@context":"https:\/\/schema.org","@graph":[{"@type":"WebPage","@id":"https:\/\/kallastetalu.ee\/en\/elamustalu\/playground\/","url":"https:\/\/kallastetalu.ee\/en\/elamustalu\/playground\/","name":"Elamustalu Playground \u2013 Outdoor Fun for Kids","isPartOf":{"@id":"https:\/\/kallastetalu.ee\/en\/#website"},"primaryImageOfPage":{"@id":"https:\/\/kallastetalu.ee\/en\/elamustalu\/playground\/#primaryimage"},"image":{"@id":"https:\/\/kallastetalu.ee\/en\/elamustalu\/playground\/#primaryimage"},"thumbnailUrl":"https:\/\/kallastetalu.ee\/wp-content\/uploads\/2025\/05\/manguvaljak-laps-2025-inimeneKallaste-Turismitalu-Arksa-hingega-talu-Harjumaal-scaled.jpg","datePublished":"2025-04-29T11:55:22+00:00","dateModified":"2025-11-17T14:04:53+00:00","description":"Elamustalu playground has swings, slides, sandboxes, mud kitchen, a playhouse, kinetic sand, a real play bus, and an air pillow trampoline.","breadcrumb":{"@id":"https:\/\/kallastetalu.ee\/en\/elamustalu\/playground\/#breadcrumb"},"inLanguage":"en-US","potentialAction":[{"@type":"ReadAction","target":["https:\/\/kallastetalu.ee\/en\/elamustalu\/playground\/"]}]},{"@type":"ImageObject","inLanguage":"en-US","@id":"https:\/\/kallastetalu.ee\/en\/elamustalu\/playground\/#primaryimage","url":"https:\/\/kallastetalu.ee\/wp-content\/uploads\/2025\/05\/manguvaljak-laps-2025-inimeneKallaste-Turismitalu-Arksa-hingega-talu-Harjumaal-scaled.jpg","contentUrl":"https:\/\/kallastetalu.ee\/wp-content\/uploads\/2025\/05\/manguvaljak-laps-2025-inimeneKallaste-Turismitalu-Arksa-hingega-talu-Harjumaal-scaled.jpg","width":2560,"height":1707,"caption":"m\u00e4nguv\u00e4ljak laps 2025 inimeneKallaste Turismitalu \u00c4rksa hingega talu Harjumaal. Playground"},{"@type":"BreadcrumbList","@id":"https:\/\/kallastetalu.ee\/en\/elamustalu\/playground\/#breadcrumb","itemListElement":[{"@type":"ListItem","position":1,"name":"Home","item":"https:\/\/kallastetalu.ee\/en\/"},{"@type":"ListItem","position":2,"name":"Elamustalu","item":"https:\/\/kallastetalu.ee\/en\/elamustalu\/"},{"@type":"ListItem","position":3,"name":"Playground"}]},{"@type":"WebSite","@id":"https:\/\/kallastetalu.ee\/en\/#website","url":"https:\/\/kallastetalu.ee\/en\/","name":"Kallaste Turismitalu - \u00c4rksa hingega talu Harjumaal","description":"","publisher":{"@id":"https:\/\/kallastetalu.ee\/en\/#organization"},"potentialAction":[{"@type":"SearchAction","target":{"@type":"EntryPoint","urlTemplate":"https:\/\/kallastetalu.ee\/en\/?s={search_term_string}"},"query-input":{"@type":"PropertyValueSpecification","valueRequired":true,"valueName":"search_term_string"}}],"inLanguage":"en-US"},{"@type":"Organization","@id":"https:\/\/kallastetalu.ee\/en\/#organization","name":"Kallaste Turismitalu - \u00c4rksa hingega talu Harjumaal","url":"https:\/\/kallastetalu.ee\/en\/","logo":{"@type":"ImageObject","inLanguage":"en-US","@id":"https:\/\/kallastetalu.ee\/en\/#\/schema\/logo\/image\/","url":"https:\/\/kallastetalu.ee\/wp-content\/uploads\/2025\/04\/kallastetalu.svg","contentUrl":"https:\/\/kallastetalu.ee\/wp-content\/uploads\/2025\/04\/kallastetalu.svg","width":158,"height":127,"caption":"Kallaste Turismitalu - \u00c4rksa hingega talu Harjumaal"},"image":{"@id":"https:\/\/kallastetalu.ee\/en\/#\/schema\/logo\/image\/"},"sameAs":["https:\/\/www.facebook.com\/kallastetalu","https:\/\/www.instagram.com\/turismitalu","https:\/\/www.youtube.com\/@turismitalu","https:\/\/www.tripadvisor.com\/Hotel_Review-g19122067-d2677575-Reviews-Kallaste_Talu_Turismitalu_Holiday_Resort-Kasepere_Harju_County.html?m=19905"]}]}},"_links":{"self":[{"href":"https:\/\/kallastetalu.ee\/en\/wp-json\/wp\/v2\/pages\/3866","targetHints":{"allow":["GET"]}}],"collection":[{"href":"https:\/\/kallastetalu.ee\/en\/wp-json\/wp\/v2\/pages"}],"about":[{"href":"https:\/\/kallastetalu.ee\/en\/wp-json\/wp\/v2\/types\/page"}],"author":[{"embeddable":true,"href":"https:\/\/kallastetalu.ee\/en\/wp-json\/wp\/v2\/users\/1"}],"replies":[{"embeddable":true,"href":"https:\/\/kallastetalu.ee\/en\/wp-json\/wp\/v2\/comments?post=3866"}],"version-history":[{"count":2,"href":"https:\/\/kallastetalu.ee\/en\/wp-json\/wp\/v2\/pages\/3866\/revisions"}],"predecessor-version":[{"id":4511,"href":"https:\/\/kallastetalu.ee\/en\/wp-json\/wp\/v2\/pages\/3866\/revisions\/4511"}],"up":[{"embeddable":true,"href":"https:\/\/kallastetalu.ee\/en\/wp-json\/wp\/v2\/pages\/3699"}],"wp:featuredmedia":[{"embeddable":true,"href":"https:\/\/kallastetalu.ee\/en\/wp-json\/wp\/v2\/media\/2334"}],"wp:attachment":[{"href":"https:\/\/kallastetalu.ee\/en\/wp-json\/wp\/v2\/media?parent=3866"}],"curies":[{"name":"wp","href":"https:\/\/api.w.org\/{rel}","templated":true}]}}