{"id":3872,"date":"2025-04-29T11:55:47","date_gmt":"2025-04-29T11:55:47","guid":{"rendered":"https:\/\/kallastetalu.ee\/elamustalu\/kanuu\/"},"modified":"2025-06-07T09:29:22","modified_gmt":"2025-06-07T09:29:22","slug":"canoe","status":"publish","type":"page","link":"https:\/\/kallastetalu.ee\/en\/elamustalu\/canoe\/","title":{"rendered":"Canoe"},"content":{"rendered":"\n<section class=\"block-images\">\n                        <div class=\"block-images__image\">\n                <a \n                    href=\"https:\/\/kallastetalu.ee\/wp-content\/uploads\/2025\/05\/haned-ujuvad-lind-linnud-loom-loomapark-taluloomad-elamustalu-Kloostri-jogi-kevad-fb-Kallaste-Turismitalu-Padisel-arksa-hingega-talu-Harjumaal-www.kallastetalu.ee_-1920x1080.jpg\" \n                    data-fancybox=\"gallery\" \n                    class=\"smooth-corners\"\n                    style=\"background-image: url('https:\/\/kallastetalu.ee\/wp-content\/uploads\/2025\/05\/haned-ujuvad-lind-linnud-loom-loomapark-taluloomad-elamustalu-Kloostri-jogi-kevad-fb-Kallaste-Turismitalu-Padisel-arksa-hingega-talu-Harjumaal-www.kallastetalu.ee_-150x150.jpg');\"\n                >\n                    <img decoding=\"async\" src=\"https:\/\/kallastetalu.ee\/wp-content\/uploads\/2025\/05\/haned-ujuvad-lind-linnud-loom-loomapark-taluloomad-elamustalu-Kloostri-jogi-kevad-fb-Kallaste-Turismitalu-Padisel-arksa-hingega-talu-Harjumaal-www.kallastetalu.ee_-150x150.jpg\" alt=\"\">\n                                                        <\/a>\n            <\/div>\n                                <div class=\"block-images__image\">\n                <a \n                    href=\"https:\/\/kallastetalu.ee\/wp-content\/uploads\/2025\/05\/DSCF5886-1920x1080.jpg\" \n                    data-fancybox=\"gallery\" \n                    class=\"smooth-corners\"\n                    style=\"background-image: url('https:\/\/kallastetalu.ee\/wp-content\/uploads\/2025\/05\/DSCF5886-150x150.jpg');\"\n                >\n                    <img decoding=\"async\" src=\"https:\/\/kallastetalu.ee\/wp-content\/uploads\/2025\/05\/DSCF5886-150x150.jpg\" alt=\"\">\n                                                        <\/a>\n            <\/div>\n                                <div class=\"block-images__image\">\n                <a \n                    href=\"https:\/\/kallastetalu.ee\/wp-content\/uploads\/2025\/05\/DSCF5906-1920x1080.jpg\" \n                    data-fancybox=\"gallery\" \n                    class=\"smooth-corners\"\n                    style=\"background-image: url('https:\/\/kallastetalu.ee\/wp-content\/uploads\/2025\/05\/DSCF5906-150x150.jpg');\"\n                >\n                    <img decoding=\"async\" src=\"https:\/\/kallastetalu.ee\/wp-content\/uploads\/2025\/05\/DSCF5906-150x150.jpg\" alt=\"\">\n                                                        <\/a>\n            <\/div>\n                                <div class=\"block-images__image\">\n                <a \n                    href=\"https:\/\/kallastetalu.ee\/wp-content\/uploads\/2025\/05\/DSCF5919-1920x1080.jpg\" \n                    data-fancybox=\"gallery\" \n                    class=\"smooth-corners\"\n                    style=\"background-image: url('https:\/\/kallastetalu.ee\/wp-content\/uploads\/2025\/05\/DSCF5919-150x150.jpg');\"\n                >\n                    <img decoding=\"async\" src=\"https:\/\/kallastetalu.ee\/wp-content\/uploads\/2025\/05\/DSCF5919-150x150.jpg\" alt=\"\">\n                                                                <div class=\"moreImagePlaceholder mobile\">\n                            <span>+2<br>Photos<\/span>\n                        <\/div>\n                                    <\/a>\n            <\/div>\n                                <div class=\"block-images__image\">\n                <a \n                    href=\"https:\/\/kallastetalu.ee\/wp-content\/uploads\/2025\/05\/DSCF5882-1920x1080.jpg\" \n                    data-fancybox=\"gallery\" \n                    class=\"smooth-corners\"\n                    style=\"background-image: url('https:\/\/kallastetalu.ee\/wp-content\/uploads\/2025\/05\/DSCF5882-150x150.jpg');\"\n                >\n                    <img decoding=\"async\" src=\"https:\/\/kallastetalu.ee\/wp-content\/uploads\/2025\/05\/DSCF5882-150x150.jpg\" alt=\"\">\n                                            <div class=\"moreImagePlaceholder desktop\">\n                            <span>+1<br>Photos<\/span>\n                        <\/div>\n                                                        <\/a>\n            <\/div>\n                                <a \n                href=\"https:\/\/kallastetalu.ee\/wp-content\/uploads\/2025\/05\/Sugisvarvid-Kloostri-jogi-peegeldus-imeilus-reklaam-FB-IG-lemmik-Kallaste-Turismitalu-Padisel-arksa-hingega-talu-Harjumaal-www.kallastetalu.ee--1920x1080.jpg\" \n                data-fancybox=\"gallery\" \n                style=\"display:none;\"\n            ><\/a>\n            <\/section>\n\n\n\n<h2 class=\"wp-block-heading\" id=\"h-canoeing-on-the-kloostri-river\">Canoeing on the Kloostri River<\/h2>\n\n\n\n<p>At Elamustalu, a pleasant opportunity awaits you to explore the surrounding nature by canoe on the Kloostri River. We have a stable and spacious canoe that comfortably fits 2 to 4 people \u2013 perfect for families, friends, or a romantic trip for two.<\/p>\n\n\n\n<p>Paddles and life jackets are available at our reception. If no one is there at the moment, just call +372 507 6138 \u2013 we will gladly assist you!<\/p>\n\n\n\n<h2 class=\"wp-block-heading\" id=\"h-the-charm-of-the-kloostri-river\">The charm of the Kloostri River<\/h2>\n\n\n\n<p>The Kloostri River is quiet and calm, winding through picturesque landscapes, green meadows, and forest edges. Every canoe trip offers something new \u2013 sometimes you might spot waterfowl, notice grass snakes, or see our farm animals from a different perspective. It\u2019s an ideal place to slow down and enjoy the beauty of Estonian nature in all its uniqueness.<\/p>\n\n\n\n<h3 class=\"wp-block-heading\" id=\"h-water-safety-during-canoeing\">Water safety during canoeing<\/h3>\n\n\n\n<p>Canoeing on the Kloostri River is peaceful and enjoyable, but water safety is always important. Before setting off, make sure everyone is wearing a properly fastened life jacket \u2013 these are provided free of charge by us. Entering and exiting the canoe should be done slowly and steadily to avoid sudden movements.<\/p>\n\n\n\n<p>Standing in the canoe can easily cause loss of balance, so always remain seated and distribute your weight evenly. Pay attention to weather conditions and avoid paddling in strong wind, rain, or dusk. When canoeing with children, at least one adult should be experienced and ready to assist.<\/p>\n\n\n\n<p>Read more about water safety here: <a class=\"\" href=\"http:\/\/www.veeohutus.ee\">www.veeohutus.ee<\/a> \u2013 safety first!<\/p>\n\n\n\n<h2 class=\"wp-block-heading\" id=\"h-a-brief-look-at-the-history-of-the-canoe\">A brief look at the history of the canoe<\/h2>\n\n\n\n<p>The canoe is one of the oldest watercrafts, used for thousands of years. The first canoes were made by indigenous peoples \u2013 for example, the Native Americans \u2013 from hollowed-out tree trunks or bark to travel along rivers and lakes. Today, canoes are made from durable materials, but the genuine and direct connection with nature and the water environment remains. Canoeing is not just movement \u2013 it is a calm and mindful presence in nature.<\/p>\n\n\n\n<p><\/p>\n","protected":false},"excerpt":{"rendered":"Canoeing on the Kloostri River At Elamustalu, a pleasant opportunity awaits you to explore the surrounding nature by canoe on the Kloostri&#8230;","protected":false},"author":1,"featured_media":3143,"parent":3699,"menu_order":16,"comment_status":"closed","ping_status":"closed","template":"page-templates\/template-detail.php","meta":{"_acf_changed":false,"inline_featured_image":false,"footnotes":""},"class_list":["post-3872","page","type-page","status-publish","has-post-thumbnail","hentry"],"acf":[],"yoast_head":"<!-- This site is optimized with the Yoast SEO Premium plugin v25.2 (Yoast SEO v26.7) - https:\/\/yoast.com\/wordpress\/plugins\/seo\/ -->\n<title>Canoe at Elamustalu \u2013 Discover Nature from the Kloostri River<\/title>\n<meta name=\"description\" content=\"Enjoy a peaceful canoe trip on the scenic Kloostri River. Perfect for beginners and with kids - relaxing nature adventure awaits!\" \/>\n<meta name=\"robots\" content=\"index, follow, max-snippet:-1, max-image-preview:large, max-video-preview:-1\" \/>\n<link rel=\"canonical\" href=\"https:\/\/kallastetalu.ee\/en\/elamustalu\/canoe\/\" \/>\n<meta property=\"og:locale\" content=\"en_US\" \/>\n<meta property=\"og:type\" content=\"article\" \/>\n<meta property=\"og:title\" content=\"Canoe\" \/>\n<meta property=\"og:description\" content=\"Enjoy a peaceful canoe trip on the scenic Kloostri River. Perfect for beginners and with kids - relaxing nature adventure awaits!\" \/>\n<meta property=\"og:url\" content=\"https:\/\/kallastetalu.ee\/en\/elamustalu\/canoe\/\" \/>\n<meta property=\"og:site_name\" content=\"Kallaste Turismitalu - \u00c4rksa hingega Talu Harjumaal\" \/>\n<meta property=\"article:publisher\" content=\"https:\/\/www.facebook.com\/kallastetalu\" \/>\n<meta property=\"article:modified_time\" content=\"2025-06-07T09:29:22+00:00\" \/>\n<meta property=\"og:image\" content=\"https:\/\/kallastetalu.ee\/wp-content\/uploads\/2025\/05\/DSCF5916-scaled.jpg\" \/>\n\t<meta property=\"og:image:width\" content=\"2560\" \/>\n\t<meta property=\"og:image:height\" content=\"1707\" \/>\n\t<meta property=\"og:image:type\" content=\"image\/jpeg\" \/>\n<meta name=\"twitter:card\" content=\"summary_large_image\" \/>\n<meta name=\"twitter:label1\" content=\"Est. reading time\" \/>\n\t<meta name=\"twitter:data1\" content=\"3 minutes\" \/>\n<script type=\"application\/ld+json\" class=\"yoast-schema-graph\">{\"@context\":\"https:\/\/schema.org\",\"@graph\":[{\"@type\":\"WebPage\",\"@id\":\"https:\/\/kallastetalu.ee\/en\/elamustalu\/canoe\/\",\"url\":\"https:\/\/kallastetalu.ee\/en\/elamustalu\/canoe\/\",\"name\":\"Canoe at Elamustalu \u2013 Discover Nature from the Kloostri River\",\"isPartOf\":{\"@id\":\"https:\/\/kallastetalu.ee\/en\/#website\"},\"primaryImageOfPage\":{\"@id\":\"https:\/\/kallastetalu.ee\/en\/elamustalu\/canoe\/#primaryimage\"},\"image\":{\"@id\":\"https:\/\/kallastetalu.ee\/en\/elamustalu\/canoe\/#primaryimage\"},\"thumbnailUrl\":\"https:\/\/kallastetalu.ee\/wp-content\/uploads\/2025\/05\/DSCF5916-scaled.jpg\",\"datePublished\":\"2025-04-29T11:55:47+00:00\",\"dateModified\":\"2025-06-07T09:29:22+00:00\",\"description\":\"Enjoy a peaceful canoe trip on the scenic Kloostri River. Perfect for beginners and with kids - relaxing nature adventure awaits!\",\"breadcrumb\":{\"@id\":\"https:\/\/kallastetalu.ee\/en\/elamustalu\/canoe\/#breadcrumb\"},\"inLanguage\":\"en-US\",\"potentialAction\":[{\"@type\":\"ReadAction\",\"target\":[\"https:\/\/kallastetalu.ee\/en\/elamustalu\/canoe\/\"]}]},{\"@type\":\"ImageObject\",\"inLanguage\":\"en-US\",\"@id\":\"https:\/\/kallastetalu.ee\/en\/elamustalu\/canoe\/#primaryimage\",\"url\":\"https:\/\/kallastetalu.ee\/wp-content\/uploads\/2025\/05\/DSCF5916-scaled.jpg\",\"contentUrl\":\"https:\/\/kallastetalu.ee\/wp-content\/uploads\/2025\/05\/DSCF5916-scaled.jpg\",\"width\":2560,\"height\":1707,\"caption\":\"Kanuu Kanuus\u00f5it Kloostri j\u00f5el Elamustalu Kallaste Turismitalu p\u00e4evane k\u00fclastus \u00c4rksa hingega talu\"},{\"@type\":\"BreadcrumbList\",\"@id\":\"https:\/\/kallastetalu.ee\/en\/elamustalu\/canoe\/#breadcrumb\",\"itemListElement\":[{\"@type\":\"ListItem\",\"position\":1,\"name\":\"Home\",\"item\":\"https:\/\/kallastetalu.ee\/en\/\"},{\"@type\":\"ListItem\",\"position\":2,\"name\":\"Elamustalu\",\"item\":\"https:\/\/kallastetalu.ee\/en\/elamustalu\/\"},{\"@type\":\"ListItem\",\"position\":3,\"name\":\"Canoe\"}]},{\"@type\":\"WebSite\",\"@id\":\"https:\/\/kallastetalu.ee\/en\/#website\",\"url\":\"https:\/\/kallastetalu.ee\/en\/\",\"name\":\"Kallaste Turismitalu - \u00c4rksa hingega talu Harjumaal\",\"description\":\"\",\"publisher\":{\"@id\":\"https:\/\/kallastetalu.ee\/en\/#organization\"},\"potentialAction\":[{\"@type\":\"SearchAction\",\"target\":{\"@type\":\"EntryPoint\",\"urlTemplate\":\"https:\/\/kallastetalu.ee\/en\/?s={search_term_string}\"},\"query-input\":{\"@type\":\"PropertyValueSpecification\",\"valueRequired\":true,\"valueName\":\"search_term_string\"}}],\"inLanguage\":\"en-US\"},{\"@type\":\"Organization\",\"@id\":\"https:\/\/kallastetalu.ee\/en\/#organization\",\"name\":\"Kallaste Turismitalu - \u00c4rksa hingega talu Harjumaal\",\"url\":\"https:\/\/kallastetalu.ee\/en\/\",\"logo\":{\"@type\":\"ImageObject\",\"inLanguage\":\"en-US\",\"@id\":\"https:\/\/kallastetalu.ee\/en\/#\/schema\/logo\/image\/\",\"url\":\"https:\/\/kallastetalu.ee\/wp-content\/uploads\/2025\/04\/kallastetalu.svg\",\"contentUrl\":\"https:\/\/kallastetalu.ee\/wp-content\/uploads\/2025\/04\/kallastetalu.svg\",\"width\":158,\"height\":127,\"caption\":\"Kallaste Turismitalu - \u00c4rksa hingega talu Harjumaal\"},\"image\":{\"@id\":\"https:\/\/kallastetalu.ee\/en\/#\/schema\/logo\/image\/\"},\"sameAs\":[\"https:\/\/www.facebook.com\/kallastetalu\",\"https:\/\/www.instagram.com\/turismitalu\",\"https:\/\/www.youtube.com\/@turismitalu\",\"https:\/\/www.tripadvisor.com\/Hotel_Review-g19122067-d2677575-Reviews-Kallaste_Talu_Turismitalu_Holiday_Resort-Kasepere_Harju_County.html?m=19905\"]}]}<\/script>\n<!-- \/ Yoast SEO Premium plugin. -->","yoast_head_json":{"title":"Canoe at Elamustalu \u2013 Discover Nature from the Kloostri River","description":"Enjoy a peaceful canoe trip on the scenic Kloostri River. Perfect for beginners and with kids - relaxing nature adventure awaits!","robots":{"index":"index","follow":"follow","max-snippet":"max-snippet:-1","max-image-preview":"max-image-preview:large","max-video-preview":"max-video-preview:-1"},"canonical":"https:\/\/kallastetalu.ee\/en\/elamustalu\/canoe\/","og_locale":"en_US","og_type":"article","og_title":"Canoe","og_description":"Enjoy a peaceful canoe trip on the scenic Kloostri River. Perfect for beginners and with kids - relaxing nature adventure awaits!","og_url":"https:\/\/kallastetalu.ee\/en\/elamustalu\/canoe\/","og_site_name":"Kallaste Turismitalu - \u00c4rksa hingega Talu Harjumaal","article_publisher":"https:\/\/www.facebook.com\/kallastetalu","article_modified_time":"2025-06-07T09:29:22+00:00","og_image":[{"width":2560,"height":1707,"url":"https:\/\/kallastetalu.ee\/wp-content\/uploads\/2025\/05\/DSCF5916-scaled.jpg","type":"image\/jpeg"}],"twitter_card":"summary_large_image","twitter_misc":{"Est. reading time":"3 minutes"},"schema":{"@context":"https:\/\/schema.org","@graph":[{"@type":"WebPage","@id":"https:\/\/kallastetalu.ee\/en\/elamustalu\/canoe\/","url":"https:\/\/kallastetalu.ee\/en\/elamustalu\/canoe\/","name":"Canoe at Elamustalu \u2013 Discover Nature from the Kloostri River","isPartOf":{"@id":"https:\/\/kallastetalu.ee\/en\/#website"},"primaryImageOfPage":{"@id":"https:\/\/kallastetalu.ee\/en\/elamustalu\/canoe\/#primaryimage"},"image":{"@id":"https:\/\/kallastetalu.ee\/en\/elamustalu\/canoe\/#primaryimage"},"thumbnailUrl":"https:\/\/kallastetalu.ee\/wp-content\/uploads\/2025\/05\/DSCF5916-scaled.jpg","datePublished":"2025-04-29T11:55:47+00:00","dateModified":"2025-06-07T09:29:22+00:00","description":"Enjoy a peaceful canoe trip on the scenic Kloostri River. Perfect for beginners and with kids - relaxing nature adventure awaits!","breadcrumb":{"@id":"https:\/\/kallastetalu.ee\/en\/elamustalu\/canoe\/#breadcrumb"},"inLanguage":"en-US","potentialAction":[{"@type":"ReadAction","target":["https:\/\/kallastetalu.ee\/en\/elamustalu\/canoe\/"]}]},{"@type":"ImageObject","inLanguage":"en-US","@id":"https:\/\/kallastetalu.ee\/en\/elamustalu\/canoe\/#primaryimage","url":"https:\/\/kallastetalu.ee\/wp-content\/uploads\/2025\/05\/DSCF5916-scaled.jpg","contentUrl":"https:\/\/kallastetalu.ee\/wp-content\/uploads\/2025\/05\/DSCF5916-scaled.jpg","width":2560,"height":1707,"caption":"Kanuu Kanuus\u00f5it Kloostri j\u00f5el Elamustalu Kallaste Turismitalu p\u00e4evane k\u00fclastus \u00c4rksa hingega talu"},{"@type":"BreadcrumbList","@id":"https:\/\/kallastetalu.ee\/en\/elamustalu\/canoe\/#breadcrumb","itemListElement":[{"@type":"ListItem","position":1,"name":"Home","item":"https:\/\/kallastetalu.ee\/en\/"},{"@type":"ListItem","position":2,"name":"Elamustalu","item":"https:\/\/kallastetalu.ee\/en\/elamustalu\/"},{"@type":"ListItem","position":3,"name":"Canoe"}]},{"@type":"WebSite","@id":"https:\/\/kallastetalu.ee\/en\/#website","url":"https:\/\/kallastetalu.ee\/en\/","name":"Kallaste Turismitalu - \u00c4rksa hingega talu Harjumaal","description":"","publisher":{"@id":"https:\/\/kallastetalu.ee\/en\/#organization"},"potentialAction":[{"@type":"SearchAction","target":{"@type":"EntryPoint","urlTemplate":"https:\/\/kallastetalu.ee\/en\/?s={search_term_string}"},"query-input":{"@type":"PropertyValueSpecification","valueRequired":true,"valueName":"search_term_string"}}],"inLanguage":"en-US"},{"@type":"Organization","@id":"https:\/\/kallastetalu.ee\/en\/#organization","name":"Kallaste Turismitalu - \u00c4rksa hingega talu Harjumaal","url":"https:\/\/kallastetalu.ee\/en\/","logo":{"@type":"ImageObject","inLanguage":"en-US","@id":"https:\/\/kallastetalu.ee\/en\/#\/schema\/logo\/image\/","url":"https:\/\/kallastetalu.ee\/wp-content\/uploads\/2025\/04\/kallastetalu.svg","contentUrl":"https:\/\/kallastetalu.ee\/wp-content\/uploads\/2025\/04\/kallastetalu.svg","width":158,"height":127,"caption":"Kallaste Turismitalu - \u00c4rksa hingega talu Harjumaal"},"image":{"@id":"https:\/\/kallastetalu.ee\/en\/#\/schema\/logo\/image\/"},"sameAs":["https:\/\/www.facebook.com\/kallastetalu","https:\/\/www.instagram.com\/turismitalu","https:\/\/www.youtube.com\/@turismitalu","https:\/\/www.tripadvisor.com\/Hotel_Review-g19122067-d2677575-Reviews-Kallaste_Talu_Turismitalu_Holiday_Resort-Kasepere_Harju_County.html?m=19905"]}]}},"_links":{"self":[{"href":"https:\/\/kallastetalu.ee\/en\/wp-json\/wp\/v2\/pages\/3872","targetHints":{"allow":["GET"]}}],"collection":[{"href":"https:\/\/kallastetalu.ee\/en\/wp-json\/wp\/v2\/pages"}],"about":[{"href":"https:\/\/kallastetalu.ee\/en\/wp-json\/wp\/v2\/types\/page"}],"author":[{"embeddable":true,"href":"https:\/\/kallastetalu.ee\/en\/wp-json\/wp\/v2\/users\/1"}],"replies":[{"embeddable":true,"href":"https:\/\/kallastetalu.ee\/en\/wp-json\/wp\/v2\/comments?post=3872"}],"version-history":[{"count":1,"href":"https:\/\/kallastetalu.ee\/en\/wp-json\/wp\/v2\/pages\/3872\/revisions"}],"predecessor-version":[{"id":3877,"href":"https:\/\/kallastetalu.ee\/en\/wp-json\/wp\/v2\/pages\/3872\/revisions\/3877"}],"up":[{"embeddable":true,"href":"https:\/\/kallastetalu.ee\/en\/wp-json\/wp\/v2\/pages\/3699"}],"wp:featuredmedia":[{"embeddable":true,"href":"https:\/\/kallastetalu.ee\/en\/wp-json\/wp\/v2\/media\/3143"}],"wp:attachment":[{"href":"https:\/\/kallastetalu.ee\/en\/wp-json\/wp\/v2\/media?parent=3872"}],"curies":[{"name":"wp","href":"https:\/\/api.w.org\/{rel}","templated":true}]}}