{"id":3879,"date":"2025-04-29T11:56:09","date_gmt":"2025-04-29T11:56:09","guid":{"rendered":"https:\/\/kallastetalu.ee\/elamustalu\/tasakaalulint\/"},"modified":"2025-06-07T13:54:08","modified_gmt":"2025-06-07T13:54:08","slug":"slackline","status":"publish","type":"page","link":"https:\/\/kallastetalu.ee\/en\/elamustalu\/slackline\/","title":{"rendered":"Slackline"},"content":{"rendered":"\n<h2 class=\"wp-block-heading\" id=\"h-balance-at-slackline-a-fun-and-developmental-challenge\">Balance at slackline \u2013 a fun and developmental challenge<\/h2>\n\n\n\n<p>Near the Kalju stage, you\u2019ll find the slackline \u2013 a simple yet exciting activity suitable for visitors of all ages. It\u2019s a strong strap stretched between a tree and an old tractor just above the ground, where you can test your balance, concentration, and patience. No aids needed \u2013 just step on and start walking!<\/p>\n\n\n\n<h3 class=\"wp-block-heading\" id=\"h-what-is-a-slackline\">What is a slackline?<\/h3>\n\n\n\n<p>Slacklining started in the 1970s in America\u2019s Yosemite National Park, where climbers practiced balance on climbing straps in their free time. Today, it\u2019s a popular sport with many styles, ranging from simple walking to acrobatic tricks. At Elamustalu, we focus on simple movement and play.<\/p>\n\n\n\n<h2 class=\"wp-block-heading\" id=\"h-why-is-it-beneficial-especially-for-kids\">Why is it beneficial\u2014especially for kids?<\/h2>\n\n\n\n<ul class=\"wp-block-list\">\n<li><span><span>Develops balance and coordination<\/span><\/span><\/li>\n\n\n\n<li><span><span>Strengthens concentration and attention<\/span><\/span><\/li>\n\n\n\n<li><span><span>Trains deep muscles and supports motor development<\/span><\/span><\/li>\n\n\n\n<li><span><span>Helps children build confidence and perseverance<\/span><\/span><\/li>\n\n\n\n<li><span><span>A playful way to be active outdoors<\/span><\/span><\/li>\n<\/ul>\n\n\n\n<p>That\u2019s why slacklining is perfect for kids\u2014a fun and healthy activity!<\/p>\n\n\n\n<h3 class=\"wp-block-heading\" id=\"h-instructions-and-safety-tips\">Instructions and safety tips:<\/h3>\n\n\n\n<ul class=\"wp-block-list\">\n<li><span><span>Use the slackline calmly and with focus<\/span><\/span><\/li>\n\n\n\n<li><span><span>Do not run or jump on the slackline<\/span><\/span><\/li>\n\n\n\n<li><span><span>Hold onto nearby support or a friend if needed at first<\/span><\/span><\/li>\n\n\n\n<li><span><span>Children should be supervised by an adult during use<\/span><\/span><\/li>\n\n\n\n<li><span><span>Avoid using the line with slippery shoes or in rainy weather<\/span><\/span><\/li>\n<\/ul>\n\n\n<section class=\"blog-nb-section\">\n    <div class=\"upper\">\n        <svg xmlns=\"http:\/\/www.w3.org\/2000\/svg\" width=\"24\" height=\"24\" viewBox=\"0 0 24 24\" fill=\"none\">\n            <path d=\"M7.78216 3H16.2169C19.165 3 21 5.08119 21 8.02638V15.9736C21 18.9188 19.165 21 16.2159 21H7.78216C4.83405 21 3 18.9188 3 15.9736V8.02638C3 5.08119 4.84281 3 7.78216 3Z\" fill=\"#8D7971\" stroke=\"#8D7971\" stroke-width=\"1.5\" stroke-linecap=\"round\" stroke-linejoin=\"round\"\/>\n            <path d=\"M11.9941 8.98511V12.3117\" stroke=\"white\" stroke-width=\"1.5\" stroke-linecap=\"round\" stroke-linejoin=\"round\"\/>\n            <path d=\"M11.9941 12.3115L14.1322 15.0154\" stroke=\"white\" stroke-width=\"1.5\" stroke-linecap=\"round\" stroke-linejoin=\"round\"\/>\n            <path d=\"M11.9937 12.3115L9.86719 15.0008\" stroke=\"white\" stroke-width=\"1.5\" stroke-linecap=\"round\" stroke-linejoin=\"round\"\/>\n            <path d=\"M8.94141 11.2305L11.9907 12.3114\" stroke=\"white\" stroke-width=\"1.5\" stroke-linecap=\"round\" stroke-linejoin=\"round\"\/>\n            <path d=\"M11.9902 12.3114L15.057 11.2246\" stroke=\"white\" stroke-width=\"1.5\" stroke-linecap=\"round\" stroke-linejoin=\"round\"\/>\n        <\/svg>\n        <h3 class=\"blog-nb-section__title\">\n            Come and try!        <\/h3>\n    <\/div>\n    <p class=\"blog-nb-section__text\">\n        It is a great way to challenge yourself and spend time!    <\/p>\n<\/section>\n\n\n\n<figure class=\"wp-block-embed is-type-video is-provider-youtube wp-block-embed-youtube wp-embed-aspect-16-9 wp-has-aspect-ratio\"><div class=\"wp-block-embed__wrapper\">\n<iframe loading=\"lazy\" title=\"Learning to Slackline with No Experience\" width=\"500\" height=\"281\" src=\"https:\/\/www.youtube.com\/embed\/8vszsQDGMEE?feature=oembed\" frameborder=\"0\" allow=\"accelerometer; autoplay; clipboard-write; encrypted-media; gyroscope; picture-in-picture; web-share\" referrerpolicy=\"strict-origin-when-cross-origin\" allowfullscreen><\/iframe>\n<\/div><\/figure>\n\n\n\n<p><\/p>\n","protected":false},"excerpt":{"rendered":"Balance at slackline \u2013 a fun and developmental challenge Near the Kalju stage, you\u2019ll find the slackline \u2013 a simple yet exciting&#8230;","protected":false},"author":1,"featured_media":2337,"parent":3699,"menu_order":17,"comment_status":"closed","ping_status":"closed","template":"page-templates\/template-detail.php","meta":{"_acf_changed":false,"inline_featured_image":false,"footnotes":""},"class_list":["post-3879","page","type-page","status-publish","has-post-thumbnail","hentry"],"acf":[],"yoast_head":"<!-- This site is optimized with the Yoast SEO Premium plugin v25.2 (Yoast SEO v26.7) - https:\/\/yoast.com\/wordpress\/plugins\/seo\/ -->\n<title>Slackline at Elamustalu \u2013 Test Your Balance and Focus<\/title>\n<meta name=\"description\" content=\"Try slacklining at Elamustalu \u2013 a fun challenge that improves balance, coordination, and concentration. Great for all ages\" \/>\n<meta name=\"robots\" content=\"index, follow, max-snippet:-1, max-image-preview:large, max-video-preview:-1\" \/>\n<link rel=\"canonical\" href=\"https:\/\/kallastetalu.ee\/en\/elamustalu\/slackline\/\" \/>\n<meta property=\"og:locale\" content=\"en_US\" \/>\n<meta property=\"og:type\" content=\"article\" \/>\n<meta property=\"og:title\" content=\"Slackline\" \/>\n<meta property=\"og:description\" content=\"Try slacklining at Elamustalu \u2013 a fun challenge that improves balance, coordination, and concentration. Great for all ages\" \/>\n<meta property=\"og:url\" content=\"https:\/\/kallastetalu.ee\/en\/elamustalu\/slackline\/\" \/>\n<meta property=\"og:site_name\" content=\"Kallaste Turismitalu - \u00c4rksa hingega Talu Harjumaal\" \/>\n<meta property=\"article:publisher\" content=\"https:\/\/www.facebook.com\/kallastetalu\" \/>\n<meta property=\"article:modified_time\" content=\"2025-06-07T13:54:08+00:00\" \/>\n<meta property=\"og:image\" content=\"https:\/\/kallastetalu.ee\/wp-content\/uploads\/2025\/05\/Tasakaalulint-Sinine-Traktor-Elamustalu-atraktsioon-lastele-mangimiseks-2025-uldvaade-Kallaste-Turismitalu-Arksa-hingega-talu-Harjumaal.-1-scaled.jpg\" \/>\n\t<meta property=\"og:image:width\" content=\"2560\" \/>\n\t<meta property=\"og:image:height\" content=\"1707\" \/>\n\t<meta property=\"og:image:type\" content=\"image\/jpeg\" \/>\n<meta name=\"twitter:card\" content=\"summary_large_image\" \/>\n<meta name=\"twitter:label1\" content=\"Est. reading time\" \/>\n\t<meta name=\"twitter:data1\" content=\"2 minutes\" \/>\n<script type=\"application\/ld+json\" class=\"yoast-schema-graph\">{\"@context\":\"https:\/\/schema.org\",\"@graph\":[{\"@type\":\"WebPage\",\"@id\":\"https:\/\/kallastetalu.ee\/en\/elamustalu\/slackline\/\",\"url\":\"https:\/\/kallastetalu.ee\/en\/elamustalu\/slackline\/\",\"name\":\"Slackline at Elamustalu \u2013 Test Your Balance and Focus\",\"isPartOf\":{\"@id\":\"https:\/\/kallastetalu.ee\/en\/#website\"},\"primaryImageOfPage\":{\"@id\":\"https:\/\/kallastetalu.ee\/en\/elamustalu\/slackline\/#primaryimage\"},\"image\":{\"@id\":\"https:\/\/kallastetalu.ee\/en\/elamustalu\/slackline\/#primaryimage\"},\"thumbnailUrl\":\"https:\/\/kallastetalu.ee\/wp-content\/uploads\/2025\/05\/Tasakaalulint-Sinine-Traktor-Elamustalu-atraktsioon-lastele-mangimiseks-2025-uldvaade-Kallaste-Turismitalu-Arksa-hingega-talu-Harjumaal.-1-scaled.jpg\",\"datePublished\":\"2025-04-29T11:56:09+00:00\",\"dateModified\":\"2025-06-07T13:54:08+00:00\",\"description\":\"Try slacklining at Elamustalu \u2013 a fun challenge that improves balance, coordination, and concentration. Great for all ages\",\"breadcrumb\":{\"@id\":\"https:\/\/kallastetalu.ee\/en\/elamustalu\/slackline\/#breadcrumb\"},\"inLanguage\":\"en-US\",\"potentialAction\":[{\"@type\":\"ReadAction\",\"target\":[\"https:\/\/kallastetalu.ee\/en\/elamustalu\/slackline\/\"]}]},{\"@type\":\"ImageObject\",\"inLanguage\":\"en-US\",\"@id\":\"https:\/\/kallastetalu.ee\/en\/elamustalu\/slackline\/#primaryimage\",\"url\":\"https:\/\/kallastetalu.ee\/wp-content\/uploads\/2025\/05\/Tasakaalulint-Sinine-Traktor-Elamustalu-atraktsioon-lastele-mangimiseks-2025-uldvaade-Kallaste-Turismitalu-Arksa-hingega-talu-Harjumaal.-1-scaled.jpg\",\"contentUrl\":\"https:\/\/kallastetalu.ee\/wp-content\/uploads\/2025\/05\/Tasakaalulint-Sinine-Traktor-Elamustalu-atraktsioon-lastele-mangimiseks-2025-uldvaade-Kallaste-Turismitalu-Arksa-hingega-talu-Harjumaal.-1-scaled.jpg\",\"width\":2560,\"height\":1707,\"caption\":\"Tasakaalulint ehk slackline Sinine Traktor Elamustalu atraktsioon - lastele m\u00e4ngimiseks 2025 \u00fcldvaade Kallaste Turismitalu \u00c4rksa hingega talu Harjumaal. 1\"},{\"@type\":\"BreadcrumbList\",\"@id\":\"https:\/\/kallastetalu.ee\/en\/elamustalu\/slackline\/#breadcrumb\",\"itemListElement\":[{\"@type\":\"ListItem\",\"position\":1,\"name\":\"Home\",\"item\":\"https:\/\/kallastetalu.ee\/en\/\"},{\"@type\":\"ListItem\",\"position\":2,\"name\":\"Elamustalu\",\"item\":\"https:\/\/kallastetalu.ee\/en\/elamustalu\/\"},{\"@type\":\"ListItem\",\"position\":3,\"name\":\"Slackline\"}]},{\"@type\":\"WebSite\",\"@id\":\"https:\/\/kallastetalu.ee\/en\/#website\",\"url\":\"https:\/\/kallastetalu.ee\/en\/\",\"name\":\"Kallaste Turismitalu - \u00c4rksa hingega talu Harjumaal\",\"description\":\"\",\"publisher\":{\"@id\":\"https:\/\/kallastetalu.ee\/en\/#organization\"},\"potentialAction\":[{\"@type\":\"SearchAction\",\"target\":{\"@type\":\"EntryPoint\",\"urlTemplate\":\"https:\/\/kallastetalu.ee\/en\/?s={search_term_string}\"},\"query-input\":{\"@type\":\"PropertyValueSpecification\",\"valueRequired\":true,\"valueName\":\"search_term_string\"}}],\"inLanguage\":\"en-US\"},{\"@type\":\"Organization\",\"@id\":\"https:\/\/kallastetalu.ee\/en\/#organization\",\"name\":\"Kallaste Turismitalu - \u00c4rksa hingega talu Harjumaal\",\"url\":\"https:\/\/kallastetalu.ee\/en\/\",\"logo\":{\"@type\":\"ImageObject\",\"inLanguage\":\"en-US\",\"@id\":\"https:\/\/kallastetalu.ee\/en\/#\/schema\/logo\/image\/\",\"url\":\"https:\/\/kallastetalu.ee\/wp-content\/uploads\/2025\/04\/kallastetalu.svg\",\"contentUrl\":\"https:\/\/kallastetalu.ee\/wp-content\/uploads\/2025\/04\/kallastetalu.svg\",\"width\":158,\"height\":127,\"caption\":\"Kallaste Turismitalu - \u00c4rksa hingega talu Harjumaal\"},\"image\":{\"@id\":\"https:\/\/kallastetalu.ee\/en\/#\/schema\/logo\/image\/\"},\"sameAs\":[\"https:\/\/www.facebook.com\/kallastetalu\",\"https:\/\/www.instagram.com\/turismitalu\",\"https:\/\/www.youtube.com\/@turismitalu\",\"https:\/\/www.tripadvisor.com\/Hotel_Review-g19122067-d2677575-Reviews-Kallaste_Talu_Turismitalu_Holiday_Resort-Kasepere_Harju_County.html?m=19905\"]}]}<\/script>\n<!-- \/ Yoast SEO Premium plugin. -->","yoast_head_json":{"title":"Slackline at Elamustalu \u2013 Test Your Balance and Focus","description":"Try slacklining at Elamustalu \u2013 a fun challenge that improves balance, coordination, and concentration. Great for all ages","robots":{"index":"index","follow":"follow","max-snippet":"max-snippet:-1","max-image-preview":"max-image-preview:large","max-video-preview":"max-video-preview:-1"},"canonical":"https:\/\/kallastetalu.ee\/en\/elamustalu\/slackline\/","og_locale":"en_US","og_type":"article","og_title":"Slackline","og_description":"Try slacklining at Elamustalu \u2013 a fun challenge that improves balance, coordination, and concentration. Great for all ages","og_url":"https:\/\/kallastetalu.ee\/en\/elamustalu\/slackline\/","og_site_name":"Kallaste Turismitalu - \u00c4rksa hingega Talu Harjumaal","article_publisher":"https:\/\/www.facebook.com\/kallastetalu","article_modified_time":"2025-06-07T13:54:08+00:00","og_image":[{"width":2560,"height":1707,"url":"https:\/\/kallastetalu.ee\/wp-content\/uploads\/2025\/05\/Tasakaalulint-Sinine-Traktor-Elamustalu-atraktsioon-lastele-mangimiseks-2025-uldvaade-Kallaste-Turismitalu-Arksa-hingega-talu-Harjumaal.-1-scaled.jpg","type":"image\/jpeg"}],"twitter_card":"summary_large_image","twitter_misc":{"Est. reading time":"2 minutes"},"schema":{"@context":"https:\/\/schema.org","@graph":[{"@type":"WebPage","@id":"https:\/\/kallastetalu.ee\/en\/elamustalu\/slackline\/","url":"https:\/\/kallastetalu.ee\/en\/elamustalu\/slackline\/","name":"Slackline at Elamustalu \u2013 Test Your Balance and Focus","isPartOf":{"@id":"https:\/\/kallastetalu.ee\/en\/#website"},"primaryImageOfPage":{"@id":"https:\/\/kallastetalu.ee\/en\/elamustalu\/slackline\/#primaryimage"},"image":{"@id":"https:\/\/kallastetalu.ee\/en\/elamustalu\/slackline\/#primaryimage"},"thumbnailUrl":"https:\/\/kallastetalu.ee\/wp-content\/uploads\/2025\/05\/Tasakaalulint-Sinine-Traktor-Elamustalu-atraktsioon-lastele-mangimiseks-2025-uldvaade-Kallaste-Turismitalu-Arksa-hingega-talu-Harjumaal.-1-scaled.jpg","datePublished":"2025-04-29T11:56:09+00:00","dateModified":"2025-06-07T13:54:08+00:00","description":"Try slacklining at Elamustalu \u2013 a fun challenge that improves balance, coordination, and concentration. Great for all ages","breadcrumb":{"@id":"https:\/\/kallastetalu.ee\/en\/elamustalu\/slackline\/#breadcrumb"},"inLanguage":"en-US","potentialAction":[{"@type":"ReadAction","target":["https:\/\/kallastetalu.ee\/en\/elamustalu\/slackline\/"]}]},{"@type":"ImageObject","inLanguage":"en-US","@id":"https:\/\/kallastetalu.ee\/en\/elamustalu\/slackline\/#primaryimage","url":"https:\/\/kallastetalu.ee\/wp-content\/uploads\/2025\/05\/Tasakaalulint-Sinine-Traktor-Elamustalu-atraktsioon-lastele-mangimiseks-2025-uldvaade-Kallaste-Turismitalu-Arksa-hingega-talu-Harjumaal.-1-scaled.jpg","contentUrl":"https:\/\/kallastetalu.ee\/wp-content\/uploads\/2025\/05\/Tasakaalulint-Sinine-Traktor-Elamustalu-atraktsioon-lastele-mangimiseks-2025-uldvaade-Kallaste-Turismitalu-Arksa-hingega-talu-Harjumaal.-1-scaled.jpg","width":2560,"height":1707,"caption":"Tasakaalulint ehk slackline Sinine Traktor Elamustalu atraktsioon - lastele m\u00e4ngimiseks 2025 \u00fcldvaade Kallaste Turismitalu \u00c4rksa hingega talu Harjumaal. 1"},{"@type":"BreadcrumbList","@id":"https:\/\/kallastetalu.ee\/en\/elamustalu\/slackline\/#breadcrumb","itemListElement":[{"@type":"ListItem","position":1,"name":"Home","item":"https:\/\/kallastetalu.ee\/en\/"},{"@type":"ListItem","position":2,"name":"Elamustalu","item":"https:\/\/kallastetalu.ee\/en\/elamustalu\/"},{"@type":"ListItem","position":3,"name":"Slackline"}]},{"@type":"WebSite","@id":"https:\/\/kallastetalu.ee\/en\/#website","url":"https:\/\/kallastetalu.ee\/en\/","name":"Kallaste Turismitalu - \u00c4rksa hingega talu Harjumaal","description":"","publisher":{"@id":"https:\/\/kallastetalu.ee\/en\/#organization"},"potentialAction":[{"@type":"SearchAction","target":{"@type":"EntryPoint","urlTemplate":"https:\/\/kallastetalu.ee\/en\/?s={search_term_string}"},"query-input":{"@type":"PropertyValueSpecification","valueRequired":true,"valueName":"search_term_string"}}],"inLanguage":"en-US"},{"@type":"Organization","@id":"https:\/\/kallastetalu.ee\/en\/#organization","name":"Kallaste Turismitalu - \u00c4rksa hingega talu Harjumaal","url":"https:\/\/kallastetalu.ee\/en\/","logo":{"@type":"ImageObject","inLanguage":"en-US","@id":"https:\/\/kallastetalu.ee\/en\/#\/schema\/logo\/image\/","url":"https:\/\/kallastetalu.ee\/wp-content\/uploads\/2025\/04\/kallastetalu.svg","contentUrl":"https:\/\/kallastetalu.ee\/wp-content\/uploads\/2025\/04\/kallastetalu.svg","width":158,"height":127,"caption":"Kallaste Turismitalu - \u00c4rksa hingega talu Harjumaal"},"image":{"@id":"https:\/\/kallastetalu.ee\/en\/#\/schema\/logo\/image\/"},"sameAs":["https:\/\/www.facebook.com\/kallastetalu","https:\/\/www.instagram.com\/turismitalu","https:\/\/www.youtube.com\/@turismitalu","https:\/\/www.tripadvisor.com\/Hotel_Review-g19122067-d2677575-Reviews-Kallaste_Talu_Turismitalu_Holiday_Resort-Kasepere_Harju_County.html?m=19905"]}]}},"_links":{"self":[{"href":"https:\/\/kallastetalu.ee\/en\/wp-json\/wp\/v2\/pages\/3879","targetHints":{"allow":["GET"]}}],"collection":[{"href":"https:\/\/kallastetalu.ee\/en\/wp-json\/wp\/v2\/pages"}],"about":[{"href":"https:\/\/kallastetalu.ee\/en\/wp-json\/wp\/v2\/types\/page"}],"author":[{"embeddable":true,"href":"https:\/\/kallastetalu.ee\/en\/wp-json\/wp\/v2\/users\/1"}],"replies":[{"embeddable":true,"href":"https:\/\/kallastetalu.ee\/en\/wp-json\/wp\/v2\/comments?post=3879"}],"version-history":[{"count":2,"href":"https:\/\/kallastetalu.ee\/en\/wp-json\/wp\/v2\/pages\/3879\/revisions"}],"predecessor-version":[{"id":4516,"href":"https:\/\/kallastetalu.ee\/en\/wp-json\/wp\/v2\/pages\/3879\/revisions\/4516"}],"up":[{"embeddable":true,"href":"https:\/\/kallastetalu.ee\/en\/wp-json\/wp\/v2\/pages\/3699"}],"wp:featuredmedia":[{"embeddable":true,"href":"https:\/\/kallastetalu.ee\/en\/wp-json\/wp\/v2\/media\/2337"}],"wp:attachment":[{"href":"https:\/\/kallastetalu.ee\/en\/wp-json\/wp\/v2\/media?parent=3879"}],"curies":[{"name":"wp","href":"https:\/\/api.w.org\/{rel}","templated":true}]}}