{"id":3885,"date":"2025-04-29T11:56:32","date_gmt":"2025-04-29T11:56:32","guid":{"rendered":"https:\/\/kallastetalu.ee\/elamustalu\/nooleviskemang\/"},"modified":"2025-06-07T14:01:14","modified_gmt":"2025-06-07T14:01:14","slug":"darts","status":"publish","type":"page","link":"https:\/\/kallastetalu.ee\/en\/elamustalu\/darts\/","title":{"rendered":"Darts game"},"content":{"rendered":"\n<h3 class=\"wp-block-heading\" id=\"h-darts-precision-and-excitement-for-all-ages\"><strong>Darts \u2013 precision and excitement for all ages<\/strong><\/h3>\n\n\n\n<p>Elamustalu&#8217;s darts game is a simple, fun, and engaging activity that suits both friendly competitions and relaxed skill practice. It&#8217;s a source of thrill and laughter for guests of all ages \u2013 especially enjoyable when you want to take a break and test your aim.<\/p>\n\n\n\n<p><strong>A quick look into history<\/strong><\/p>\n\n\n\n<p>Darts originated in medieval England, where archers practiced their accuracy by throwing short arrows at barrel bottoms or wooden logs. Over time, it evolved into an organized game with standardized rules introduced in the early 20th century. Today it is popular both as a pub pastime and as an international sport.<\/p>\n\n\n<section class=\"blog-nb-section\">\n    <div class=\"upper\">\n        <svg xmlns=\"http:\/\/www.w3.org\/2000\/svg\" width=\"24\" height=\"24\" viewBox=\"0 0 24 24\" fill=\"none\">\n            <path d=\"M7.78216 3H16.2169C19.165 3 21 5.08119 21 8.02638V15.9736C21 18.9188 19.165 21 16.2159 21H7.78216C4.83405 21 3 18.9188 3 15.9736V8.02638C3 5.08119 4.84281 3 7.78216 3Z\" fill=\"#8D7971\" stroke=\"#8D7971\" stroke-width=\"1.5\" stroke-linecap=\"round\" stroke-linejoin=\"round\"\/>\n            <path d=\"M11.9941 8.98511V12.3117\" stroke=\"white\" stroke-width=\"1.5\" stroke-linecap=\"round\" stroke-linejoin=\"round\"\/>\n            <path d=\"M11.9941 12.3115L14.1322 15.0154\" stroke=\"white\" stroke-width=\"1.5\" stroke-linecap=\"round\" stroke-linejoin=\"round\"\/>\n            <path d=\"M11.9937 12.3115L9.86719 15.0008\" stroke=\"white\" stroke-width=\"1.5\" stroke-linecap=\"round\" stroke-linejoin=\"round\"\/>\n            <path d=\"M8.94141 11.2305L11.9907 12.3114\" stroke=\"white\" stroke-width=\"1.5\" stroke-linecap=\"round\" stroke-linejoin=\"round\"\/>\n            <path d=\"M11.9902 12.3114L15.057 11.2246\" stroke=\"white\" stroke-width=\"1.5\" stroke-linecap=\"round\" stroke-linejoin=\"round\"\/>\n        <\/svg>\n        <h3 class=\"blog-nb-section__title\">\n            How does the game work?        <\/h3>\n    <\/div>\n    <p class=\"blog-nb-section__text\">\n        Classic darts is played on a scoring board divided into sections, each with its own point value. The standard game is called \u201c301\u201d or \u201c501\u201d, where players take turns throwing three darts each, aiming to reach exactly zero. The game must end with an exact score and a double or bullseye hit.\r\nIf you\u2019re playing just for fun, you can set your own rules \u2013 for example, the winner could be the one who scores the most points in three throws or hits the bullseye first.    <\/p>\n<\/section>\n\n\n\n<h3 class=\"wp-block-heading\" id=\"h-safety-first\"><strong>Safety first<\/strong><\/h3>\n\n\n\n<p>Throw dart only when there is no one standing in front of the dartboard.<br>Wait until everyone has finished throwing before retrieving darts.<br>Children may play alone- only under adult supervision.<br>Keep a safe distance between the thrower and the board \u2013 this ensures the game is safe and enjoyable for everyone.<br>Come and try your hand at darts \u2013 it&#8217;s surprisingly fun and a real challenge even for the sharpest eye!<\/p>\n","protected":false},"excerpt":{"rendered":"Darts \u2013 precision and excitement for all ages Elamustalu&#8217;s darts game is a simple, fun, and engaging activity that suits both&#8230;","protected":false},"author":1,"featured_media":3168,"parent":3699,"menu_order":18,"comment_status":"closed","ping_status":"closed","template":"page-templates\/template-detail.php","meta":{"_acf_changed":false,"inline_featured_image":false,"footnotes":""},"class_list":["post-3885","page","type-page","status-publish","has-post-thumbnail","hentry"],"acf":[],"yoast_head":"<!-- This site is optimized with the Yoast SEO Premium plugin v25.2 (Yoast SEO v26.7) - https:\/\/yoast.com\/wordpress\/plugins\/seo\/ -->\n<title>Darts at Elamustalu \u2013 Aim, Throw, and Have Fun<\/title>\n<meta name=\"description\" content=\"Challenge your friends to a game of darts at Elamustalu! A fun and competitive activity for all ages \u2013 test your aim now!\" \/>\n<meta name=\"robots\" content=\"index, follow, max-snippet:-1, max-image-preview:large, max-video-preview:-1\" \/>\n<link rel=\"canonical\" href=\"https:\/\/kallastetalu.ee\/en\/elamustalu\/darts\/\" \/>\n<meta property=\"og:locale\" content=\"en_US\" \/>\n<meta property=\"og:type\" content=\"article\" \/>\n<meta property=\"og:title\" content=\"Darts game\" \/>\n<meta property=\"og:description\" content=\"Challenge your friends to a game of darts at Elamustalu! A fun and competitive activity for all ages \u2013 test your aim now!\" \/>\n<meta property=\"og:url\" content=\"https:\/\/kallastetalu.ee\/en\/elamustalu\/darts\/\" \/>\n<meta property=\"og:site_name\" content=\"Kallaste Turismitalu - \u00c4rksa hingega Talu Harjumaal\" \/>\n<meta property=\"article:publisher\" content=\"https:\/\/www.facebook.com\/kallastetalu\" \/>\n<meta property=\"article:modified_time\" content=\"2025-06-07T14:01:14+00:00\" \/>\n<meta property=\"og:image\" content=\"https:\/\/kallastetalu.ee\/wp-content\/uploads\/2025\/05\/Noolevise-tapsus-elamustalu-noolemang-Kallaste-Turismitalu-Padisel-arksa-hingega-talu-Harjumaal-www.kallastetalu.ee--scaled.jpg\" \/>\n\t<meta property=\"og:image:width\" content=\"2560\" \/>\n\t<meta property=\"og:image:height\" content=\"1707\" \/>\n\t<meta property=\"og:image:type\" content=\"image\/jpeg\" \/>\n<meta name=\"twitter:card\" content=\"summary_large_image\" \/>\n<meta name=\"twitter:label1\" content=\"Est. reading time\" \/>\n\t<meta name=\"twitter:data1\" content=\"2 minutes\" \/>\n<script type=\"application\/ld+json\" class=\"yoast-schema-graph\">{\"@context\":\"https:\/\/schema.org\",\"@graph\":[{\"@type\":\"WebPage\",\"@id\":\"https:\/\/kallastetalu.ee\/en\/elamustalu\/darts\/\",\"url\":\"https:\/\/kallastetalu.ee\/en\/elamustalu\/darts\/\",\"name\":\"Darts at Elamustalu \u2013 Aim, Throw, and Have Fun\",\"isPartOf\":{\"@id\":\"https:\/\/kallastetalu.ee\/en\/#website\"},\"primaryImageOfPage\":{\"@id\":\"https:\/\/kallastetalu.ee\/en\/elamustalu\/darts\/#primaryimage\"},\"image\":{\"@id\":\"https:\/\/kallastetalu.ee\/en\/elamustalu\/darts\/#primaryimage\"},\"thumbnailUrl\":\"https:\/\/kallastetalu.ee\/wp-content\/uploads\/2025\/05\/Noolevise-tapsus-elamustalu-noolemang-Kallaste-Turismitalu-Padisel-arksa-hingega-talu-Harjumaal-www.kallastetalu.ee--scaled.jpg\",\"datePublished\":\"2025-04-29T11:56:32+00:00\",\"dateModified\":\"2025-06-07T14:01:14+00:00\",\"description\":\"Challenge your friends to a game of darts at Elamustalu! A fun and competitive activity for all ages \u2013 test your aim now!\",\"breadcrumb\":{\"@id\":\"https:\/\/kallastetalu.ee\/en\/elamustalu\/darts\/#breadcrumb\"},\"inLanguage\":\"en-US\",\"potentialAction\":[{\"@type\":\"ReadAction\",\"target\":[\"https:\/\/kallastetalu.ee\/en\/elamustalu\/darts\/\"]}]},{\"@type\":\"ImageObject\",\"inLanguage\":\"en-US\",\"@id\":\"https:\/\/kallastetalu.ee\/en\/elamustalu\/darts\/#primaryimage\",\"url\":\"https:\/\/kallastetalu.ee\/wp-content\/uploads\/2025\/05\/Noolevise-tapsus-elamustalu-noolemang-Kallaste-Turismitalu-Padisel-arksa-hingega-talu-Harjumaal-www.kallastetalu.ee--scaled.jpg\",\"contentUrl\":\"https:\/\/kallastetalu.ee\/wp-content\/uploads\/2025\/05\/Noolevise-tapsus-elamustalu-noolemang-Kallaste-Turismitalu-Padisel-arksa-hingega-talu-Harjumaal-www.kallastetalu.ee--scaled.jpg\",\"width\":2560,\"height\":1707,\"caption\":\"Noolevise \u2013 t\u00e4psust ja p\u00f5nevust igale vanusele Elamustalu noolevise on lihtne, l\u00f5bus ja kaasahaarav ajaviide, mis sobib nii s\u00f5pradega v\u00f5istlemiseks kui ka rahulikuks k\u00e4tt harjutavaks tegevuseks. M\u00e4ng pakub pinget ja naeru igas vanuses k\u00fclalistele \u2013 eriti m\u00f5nus, kui tahad hetkeks aeg maha v\u00f5tta ja oskusi proovile panna. V\u00e4ike pilk ajalukku Noolevise ehk darts sai alguse Inglismaal juba keskajal, mil vibulaskjad harjutasid t\u00e4psust visates nooli t\u00fcnnip\u00f5hjade v\u00f5i puupakkide pihta. Aja jooksul arenes sellest organiseeritud m\u00e4ng, mille standardid v\u00f5eti kasutusele 20. sajandi alguses. T\u00e4nap\u00e4eval on darts populaarne nii pubim\u00e4nguna kui ka rahvusvahelise spordialana. Kuidas m\u00e4ng k\u00e4ib? Klassikaline darts-m\u00e4ng m\u00e4ngitakse punktitahvlil, mis on jagatud sektoriteks, igal oma punktiv\u00e4\u00e4rtus. Standardne m\u00e4nguviis on \u201e301\u201c v\u00f5i \u201e501\u201c, kus m\u00e4ngijad viskavad kolm noolt kordam\u00f6\u00f6da, eesm\u00e4rgiga j\u00f5uda t\u00e4pselt nulli. T\u00e4htis on visata l\u00f5pus t\u00e4pne arv punkte ning l\u00f5petada duubel- v\u00f5i keskmise tabamusega. Kui m\u00e4ngite lihtsalt l\u00f5bu p\u00e4rast, v\u00f5ib kehtestada oma reeglid \u2013 nt v\u00f5idab see, kes kogub kolme viskega k\u00f5ige rohkem punkte v\u00f5i kes esimesena tabab keskpunkti. Ohutus ennek\u00f5ike Viska nooli ainult siis, kui viskeala ees ei ole teisi inimesi. Oota, kuni k\u00f5ik on viskamise l\u00f5petanud, enne kui nooli eemaldad. Lapsed tohivad nooli kasutada ainult t\u00e4iskasvanu j\u00e4relvalve all. Hoia distantsi viskaja ja tahvli vahel \u2013 nii on m\u00e4ng ohutu ja k\u00f5igile nauditav. Tule proovi k\u00e4tt nooleviskes \u2013 see on \u00fcllatavalt l\u00f5bus ja paras v\u00e4ljakutse ka k\u00f5ige t\u00e4psemale silmale!\"},{\"@type\":\"BreadcrumbList\",\"@id\":\"https:\/\/kallastetalu.ee\/en\/elamustalu\/darts\/#breadcrumb\",\"itemListElement\":[{\"@type\":\"ListItem\",\"position\":1,\"name\":\"Home\",\"item\":\"https:\/\/kallastetalu.ee\/en\/\"},{\"@type\":\"ListItem\",\"position\":2,\"name\":\"Elamustalu\",\"item\":\"https:\/\/kallastetalu.ee\/en\/elamustalu\/\"},{\"@type\":\"ListItem\",\"position\":3,\"name\":\"Darts game\"}]},{\"@type\":\"WebSite\",\"@id\":\"https:\/\/kallastetalu.ee\/en\/#website\",\"url\":\"https:\/\/kallastetalu.ee\/en\/\",\"name\":\"Kallaste Turismitalu - \u00c4rksa hingega talu Harjumaal\",\"description\":\"\",\"publisher\":{\"@id\":\"https:\/\/kallastetalu.ee\/en\/#organization\"},\"potentialAction\":[{\"@type\":\"SearchAction\",\"target\":{\"@type\":\"EntryPoint\",\"urlTemplate\":\"https:\/\/kallastetalu.ee\/en\/?s={search_term_string}\"},\"query-input\":{\"@type\":\"PropertyValueSpecification\",\"valueRequired\":true,\"valueName\":\"search_term_string\"}}],\"inLanguage\":\"en-US\"},{\"@type\":\"Organization\",\"@id\":\"https:\/\/kallastetalu.ee\/en\/#organization\",\"name\":\"Kallaste Turismitalu - \u00c4rksa hingega talu Harjumaal\",\"url\":\"https:\/\/kallastetalu.ee\/en\/\",\"logo\":{\"@type\":\"ImageObject\",\"inLanguage\":\"en-US\",\"@id\":\"https:\/\/kallastetalu.ee\/en\/#\/schema\/logo\/image\/\",\"url\":\"https:\/\/kallastetalu.ee\/wp-content\/uploads\/2025\/04\/kallastetalu.svg\",\"contentUrl\":\"https:\/\/kallastetalu.ee\/wp-content\/uploads\/2025\/04\/kallastetalu.svg\",\"width\":158,\"height\":127,\"caption\":\"Kallaste Turismitalu - \u00c4rksa hingega talu Harjumaal\"},\"image\":{\"@id\":\"https:\/\/kallastetalu.ee\/en\/#\/schema\/logo\/image\/\"},\"sameAs\":[\"https:\/\/www.facebook.com\/kallastetalu\",\"https:\/\/www.instagram.com\/turismitalu\",\"https:\/\/www.youtube.com\/@turismitalu\",\"https:\/\/www.tripadvisor.com\/Hotel_Review-g19122067-d2677575-Reviews-Kallaste_Talu_Turismitalu_Holiday_Resort-Kasepere_Harju_County.html?m=19905\"]}]}<\/script>\n<!-- \/ Yoast SEO Premium plugin. -->","yoast_head_json":{"title":"Darts at Elamustalu \u2013 Aim, Throw, and Have Fun","description":"Challenge your friends to a game of darts at Elamustalu! A fun and competitive activity for all ages \u2013 test your aim now!","robots":{"index":"index","follow":"follow","max-snippet":"max-snippet:-1","max-image-preview":"max-image-preview:large","max-video-preview":"max-video-preview:-1"},"canonical":"https:\/\/kallastetalu.ee\/en\/elamustalu\/darts\/","og_locale":"en_US","og_type":"article","og_title":"Darts game","og_description":"Challenge your friends to a game of darts at Elamustalu! A fun and competitive activity for all ages \u2013 test your aim now!","og_url":"https:\/\/kallastetalu.ee\/en\/elamustalu\/darts\/","og_site_name":"Kallaste Turismitalu - \u00c4rksa hingega Talu Harjumaal","article_publisher":"https:\/\/www.facebook.com\/kallastetalu","article_modified_time":"2025-06-07T14:01:14+00:00","og_image":[{"width":2560,"height":1707,"url":"https:\/\/kallastetalu.ee\/wp-content\/uploads\/2025\/05\/Noolevise-tapsus-elamustalu-noolemang-Kallaste-Turismitalu-Padisel-arksa-hingega-talu-Harjumaal-www.kallastetalu.ee--scaled.jpg","type":"image\/jpeg"}],"twitter_card":"summary_large_image","twitter_misc":{"Est. reading time":"2 minutes"},"schema":{"@context":"https:\/\/schema.org","@graph":[{"@type":"WebPage","@id":"https:\/\/kallastetalu.ee\/en\/elamustalu\/darts\/","url":"https:\/\/kallastetalu.ee\/en\/elamustalu\/darts\/","name":"Darts at Elamustalu \u2013 Aim, Throw, and Have Fun","isPartOf":{"@id":"https:\/\/kallastetalu.ee\/en\/#website"},"primaryImageOfPage":{"@id":"https:\/\/kallastetalu.ee\/en\/elamustalu\/darts\/#primaryimage"},"image":{"@id":"https:\/\/kallastetalu.ee\/en\/elamustalu\/darts\/#primaryimage"},"thumbnailUrl":"https:\/\/kallastetalu.ee\/wp-content\/uploads\/2025\/05\/Noolevise-tapsus-elamustalu-noolemang-Kallaste-Turismitalu-Padisel-arksa-hingega-talu-Harjumaal-www.kallastetalu.ee--scaled.jpg","datePublished":"2025-04-29T11:56:32+00:00","dateModified":"2025-06-07T14:01:14+00:00","description":"Challenge your friends to a game of darts at Elamustalu! A fun and competitive activity for all ages \u2013 test your aim now!","breadcrumb":{"@id":"https:\/\/kallastetalu.ee\/en\/elamustalu\/darts\/#breadcrumb"},"inLanguage":"en-US","potentialAction":[{"@type":"ReadAction","target":["https:\/\/kallastetalu.ee\/en\/elamustalu\/darts\/"]}]},{"@type":"ImageObject","inLanguage":"en-US","@id":"https:\/\/kallastetalu.ee\/en\/elamustalu\/darts\/#primaryimage","url":"https:\/\/kallastetalu.ee\/wp-content\/uploads\/2025\/05\/Noolevise-tapsus-elamustalu-noolemang-Kallaste-Turismitalu-Padisel-arksa-hingega-talu-Harjumaal-www.kallastetalu.ee--scaled.jpg","contentUrl":"https:\/\/kallastetalu.ee\/wp-content\/uploads\/2025\/05\/Noolevise-tapsus-elamustalu-noolemang-Kallaste-Turismitalu-Padisel-arksa-hingega-talu-Harjumaal-www.kallastetalu.ee--scaled.jpg","width":2560,"height":1707,"caption":"Noolevise \u2013 t\u00e4psust ja p\u00f5nevust igale vanusele Elamustalu noolevise on lihtne, l\u00f5bus ja kaasahaarav ajaviide, mis sobib nii s\u00f5pradega v\u00f5istlemiseks kui ka rahulikuks k\u00e4tt harjutavaks tegevuseks. M\u00e4ng pakub pinget ja naeru igas vanuses k\u00fclalistele \u2013 eriti m\u00f5nus, kui tahad hetkeks aeg maha v\u00f5tta ja oskusi proovile panna. V\u00e4ike pilk ajalukku Noolevise ehk darts sai alguse Inglismaal juba keskajal, mil vibulaskjad harjutasid t\u00e4psust visates nooli t\u00fcnnip\u00f5hjade v\u00f5i puupakkide pihta. Aja jooksul arenes sellest organiseeritud m\u00e4ng, mille standardid v\u00f5eti kasutusele 20. sajandi alguses. T\u00e4nap\u00e4eval on darts populaarne nii pubim\u00e4nguna kui ka rahvusvahelise spordialana. Kuidas m\u00e4ng k\u00e4ib? Klassikaline darts-m\u00e4ng m\u00e4ngitakse punktitahvlil, mis on jagatud sektoriteks, igal oma punktiv\u00e4\u00e4rtus. Standardne m\u00e4nguviis on \u201e301\u201c v\u00f5i \u201e501\u201c, kus m\u00e4ngijad viskavad kolm noolt kordam\u00f6\u00f6da, eesm\u00e4rgiga j\u00f5uda t\u00e4pselt nulli. T\u00e4htis on visata l\u00f5pus t\u00e4pne arv punkte ning l\u00f5petada duubel- v\u00f5i keskmise tabamusega. Kui m\u00e4ngite lihtsalt l\u00f5bu p\u00e4rast, v\u00f5ib kehtestada oma reeglid \u2013 nt v\u00f5idab see, kes kogub kolme viskega k\u00f5ige rohkem punkte v\u00f5i kes esimesena tabab keskpunkti. Ohutus ennek\u00f5ike Viska nooli ainult siis, kui viskeala ees ei ole teisi inimesi. Oota, kuni k\u00f5ik on viskamise l\u00f5petanud, enne kui nooli eemaldad. Lapsed tohivad nooli kasutada ainult t\u00e4iskasvanu j\u00e4relvalve all. Hoia distantsi viskaja ja tahvli vahel \u2013 nii on m\u00e4ng ohutu ja k\u00f5igile nauditav. Tule proovi k\u00e4tt nooleviskes \u2013 see on \u00fcllatavalt l\u00f5bus ja paras v\u00e4ljakutse ka k\u00f5ige t\u00e4psemale silmale!"},{"@type":"BreadcrumbList","@id":"https:\/\/kallastetalu.ee\/en\/elamustalu\/darts\/#breadcrumb","itemListElement":[{"@type":"ListItem","position":1,"name":"Home","item":"https:\/\/kallastetalu.ee\/en\/"},{"@type":"ListItem","position":2,"name":"Elamustalu","item":"https:\/\/kallastetalu.ee\/en\/elamustalu\/"},{"@type":"ListItem","position":3,"name":"Darts game"}]},{"@type":"WebSite","@id":"https:\/\/kallastetalu.ee\/en\/#website","url":"https:\/\/kallastetalu.ee\/en\/","name":"Kallaste Turismitalu - \u00c4rksa hingega talu Harjumaal","description":"","publisher":{"@id":"https:\/\/kallastetalu.ee\/en\/#organization"},"potentialAction":[{"@type":"SearchAction","target":{"@type":"EntryPoint","urlTemplate":"https:\/\/kallastetalu.ee\/en\/?s={search_term_string}"},"query-input":{"@type":"PropertyValueSpecification","valueRequired":true,"valueName":"search_term_string"}}],"inLanguage":"en-US"},{"@type":"Organization","@id":"https:\/\/kallastetalu.ee\/en\/#organization","name":"Kallaste Turismitalu - \u00c4rksa hingega talu Harjumaal","url":"https:\/\/kallastetalu.ee\/en\/","logo":{"@type":"ImageObject","inLanguage":"en-US","@id":"https:\/\/kallastetalu.ee\/en\/#\/schema\/logo\/image\/","url":"https:\/\/kallastetalu.ee\/wp-content\/uploads\/2025\/04\/kallastetalu.svg","contentUrl":"https:\/\/kallastetalu.ee\/wp-content\/uploads\/2025\/04\/kallastetalu.svg","width":158,"height":127,"caption":"Kallaste Turismitalu - \u00c4rksa hingega talu Harjumaal"},"image":{"@id":"https:\/\/kallastetalu.ee\/en\/#\/schema\/logo\/image\/"},"sameAs":["https:\/\/www.facebook.com\/kallastetalu","https:\/\/www.instagram.com\/turismitalu","https:\/\/www.youtube.com\/@turismitalu","https:\/\/www.tripadvisor.com\/Hotel_Review-g19122067-d2677575-Reviews-Kallaste_Talu_Turismitalu_Holiday_Resort-Kasepere_Harju_County.html?m=19905"]}]}},"_links":{"self":[{"href":"https:\/\/kallastetalu.ee\/en\/wp-json\/wp\/v2\/pages\/3885","targetHints":{"allow":["GET"]}}],"collection":[{"href":"https:\/\/kallastetalu.ee\/en\/wp-json\/wp\/v2\/pages"}],"about":[{"href":"https:\/\/kallastetalu.ee\/en\/wp-json\/wp\/v2\/types\/page"}],"author":[{"embeddable":true,"href":"https:\/\/kallastetalu.ee\/en\/wp-json\/wp\/v2\/users\/1"}],"replies":[{"embeddable":true,"href":"https:\/\/kallastetalu.ee\/en\/wp-json\/wp\/v2\/comments?post=3885"}],"version-history":[{"count":2,"href":"https:\/\/kallastetalu.ee\/en\/wp-json\/wp\/v2\/pages\/3885\/revisions"}],"predecessor-version":[{"id":4520,"href":"https:\/\/kallastetalu.ee\/en\/wp-json\/wp\/v2\/pages\/3885\/revisions\/4520"}],"up":[{"embeddable":true,"href":"https:\/\/kallastetalu.ee\/en\/wp-json\/wp\/v2\/pages\/3699"}],"wp:featuredmedia":[{"embeddable":true,"href":"https:\/\/kallastetalu.ee\/en\/wp-json\/wp\/v2\/media\/3168"}],"wp:attachment":[{"href":"https:\/\/kallastetalu.ee\/en\/wp-json\/wp\/v2\/media?parent=3885"}],"curies":[{"name":"wp","href":"https:\/\/api.w.org\/{rel}","templated":true}]}}