{"id":3926,"date":"2025-05-21T06:55:45","date_gmt":"2025-05-21T06:55:45","guid":{"rendered":"https:\/\/kallastetalu.ee\/turismitalu\/majutusruumid\/tiigi-kompleks\/"},"modified":"2025-06-09T08:02:25","modified_gmt":"2025-06-09T08:02:25","slug":"pondside-complex","status":"publish","type":"page","link":"https:\/\/kallastetalu.ee\/en\/holiday-resort\/accommodation-rooms\/pondside-complex\/","title":{"rendered":"Pondside Complex"},"content":{"rendered":"<section class=\"text-image\">\n    <div class=\"l-container\">\n        <div class=\"text-image__wrapper\">\n            <div class=\"text-image__content smooth-corners\">\n                <h2 class=\"text-image__content-title\">\n                    Pondside Complex                <\/h2>\n                <div class=\"text-image__content-text\">\n                                    <\/div>\n                <div class=\"text-image__content-links\">\n                                            <a href=\"https:\/\/bouk.io\/booking\/Kallaste\/806\/rooms\/454?language=et&#038;roomId=4400\" target=\"_blank\" class=\"text-image__content-button \">\n                            Book now                        <\/a>\n                                                                    <a href=\"#\" target=\"_self\" class=\"text-image__content-link open-contact-modal\">\n                                Inquiry                            <\/a>\n                                        <\/div>\n            <\/div>\n            <div class=\"text-image__image smooth-corners\">\n                <img decoding=\"async\" width=\"2560\" height=\"1440\" src=\"https:\/\/kallastetalu.ee\/wp-content\/uploads\/2025\/05\/20210604_125734-scaled.jpg\" class=\"attachment-full size-full\" alt=\"T\u00fcnnimaja Helve, soodne majutus looduses, tiigi\u00e4\u00e4rne puhkus, Kallaste Turismitalus\" srcset=\"https:\/\/kallastetalu.ee\/wp-content\/uploads\/2025\/05\/20210604_125734-scaled.jpg 2560w, https:\/\/kallastetalu.ee\/wp-content\/uploads\/2025\/05\/20210604_125734-scaled-600x338.jpg 600w, https:\/\/kallastetalu.ee\/wp-content\/uploads\/2025\/05\/20210604_125734-250x141.jpg 250w, https:\/\/kallastetalu.ee\/wp-content\/uploads\/2025\/05\/20210604_125734-700x394.jpg 700w, https:\/\/kallastetalu.ee\/wp-content\/uploads\/2025\/05\/20210604_125734-768x432.jpg 768w, https:\/\/kallastetalu.ee\/wp-content\/uploads\/2025\/05\/20210604_125734-1536x864.jpg 1536w, https:\/\/kallastetalu.ee\/wp-content\/uploads\/2025\/05\/20210604_125734-2048x1152.jpg 2048w, https:\/\/kallastetalu.ee\/wp-content\/uploads\/2025\/05\/20210604_125734-120x68.jpg 120w, https:\/\/kallastetalu.ee\/wp-content\/uploads\/2025\/05\/20210604_125734-1920x1080.jpg 1920w\" sizes=\"(max-width: 2560px) 100vw, 2560px\" \/>            <\/div>\n        <\/div>\n    <\/div>\n<\/section>\n\n\n<h2 class=\"wp-block-heading\" id=\"h-private-retreat-in-the-heart-of-nature\">Private retreat in the heart of nature<\/h2>\n\n\n\n<p>Kallaste Holiday Resorts Pondside Complex is designed for those seeking a peaceful retreat surrounded by beautiful nature. The complex includes two cozy barrel houses \u2013 Helve and K\u00fclli \u2013 and a pleasant barrel sauna, Henn, where you can enjoy a steam and then cool off by dipping into the pond. Accommodation in the Pondside Complex suits up to four people, while the barrel sauna can accommodate up to 10 guests. The covered area by the pond is furnished with tables and chairs, and nearby there is a grill and a fire pit, making every evening a cozy gathering.<\/p>\n\n\n\n<p>The complex is situated in a beautiful spot by the pond, surrounded by lush greenery \u2013 ferns, trees, and birdsong \u2013 creating an ideal environment for a family or friends getaway.<\/p>\n\n\n\n<p>There are beds for up to four people \u2013 the beds are wide, so smaller children can comfortably cuddle up. If desired, you can camp nearby or book additional accommodation units a bit further away.<\/p>\n\n\n<section class=\"blog-nb-section\">\n    <div class=\"upper\">\n        <svg xmlns=\"http:\/\/www.w3.org\/2000\/svg\" width=\"24\" height=\"24\" viewBox=\"0 0 24 24\" fill=\"none\">\n            <path d=\"M7.78216 3H16.2169C19.165 3 21 5.08119 21 8.02638V15.9736C21 18.9188 19.165 21 16.2159 21H7.78216C4.83405 21 3 18.9188 3 15.9736V8.02638C3 5.08119 4.84281 3 7.78216 3Z\" fill=\"#8D7971\" stroke=\"#8D7971\" stroke-width=\"1.5\" stroke-linecap=\"round\" stroke-linejoin=\"round\"\/>\n            <path d=\"M11.9941 8.98511V12.3117\" stroke=\"white\" stroke-width=\"1.5\" stroke-linecap=\"round\" stroke-linejoin=\"round\"\/>\n            <path d=\"M11.9941 12.3115L14.1322 15.0154\" stroke=\"white\" stroke-width=\"1.5\" stroke-linecap=\"round\" stroke-linejoin=\"round\"\/>\n            <path d=\"M11.9937 12.3115L9.86719 15.0008\" stroke=\"white\" stroke-width=\"1.5\" stroke-linecap=\"round\" stroke-linejoin=\"round\"\/>\n            <path d=\"M8.94141 11.2305L11.9907 12.3114\" stroke=\"white\" stroke-width=\"1.5\" stroke-linecap=\"round\" stroke-linejoin=\"round\"\/>\n            <path d=\"M11.9902 12.3114L15.057 11.2246\" stroke=\"white\" stroke-width=\"1.5\" stroke-linecap=\"round\" stroke-linejoin=\"round\"\/>\n        <\/svg>\n        <h3 class=\"blog-nb-section__title\">\n            Great value for money!        <\/h3>\n    <\/div>\n    <p class=\"blog-nb-section__text\">\n        The Pondside Complex offers an affordable and comfortable way to relax in the Estonian countryside, with full access to all the facilities of our Elamustalu! Guests praise the great value for money. Probably because of its attractive price, the Barrel Houses are the most popular choice among our visitors!    <\/p>\n<\/section>\n\n\n\n<h3 class=\"wp-block-heading\" id=\"h-barrel-sauna-henn-and-accommodation-in-the-barrel-houses-helve-and-kulli-simple-and-affordable-relaxation\">Barrel sauna Henn and accommodation in the barrel houses Helve and K\u00fclli \u2013 simple and affordable relaxation:<\/h3>\n\n\n\n<ul class=\"wp-block-list\">\n<li><span><span>Enjoy a cozy wood-fired sauna steam and a refreshing pond<\/span><\/span><\/li>\n\n\n\n<li><span><span>Covered shelter with a grill \u2013 perfect for dinner or relaxing together<\/span><\/span><\/li>\n\n\n\n<li><span><span>The house features an extra wide and comfortable bed \u2013 designed for two (but also fits small children cuddled up)<\/span><\/span><\/li>\n\n\n\n<li><span><span>Outdoor shower and toilet \u2013 conveniently located next to the house<\/span><\/span><\/li>\n<\/ul>\n\n\n\n<p>The Pondside Complex is an ideal place for a small group seeking to enjoy nature, peace, and sauna pleasures. The Pondside Complex is a great choice both for private relaxation and for spending time with friends.<\/p>\n\n\n<section class=\"blog-nb-section\">\n    <div class=\"upper\">\n        <svg xmlns=\"http:\/\/www.w3.org\/2000\/svg\" width=\"24\" height=\"24\" viewBox=\"0 0 24 24\" fill=\"none\">\n            <path d=\"M7.78216 3H16.2169C19.165 3 21 5.08119 21 8.02638V15.9736C21 18.9188 19.165 21 16.2159 21H7.78216C4.83405 21 3 18.9188 3 15.9736V8.02638C3 5.08119 4.84281 3 7.78216 3Z\" fill=\"#8D7971\" stroke=\"#8D7971\" stroke-width=\"1.5\" stroke-linecap=\"round\" stroke-linejoin=\"round\"\/>\n            <path d=\"M11.9941 8.98511V12.3117\" stroke=\"white\" stroke-width=\"1.5\" stroke-linecap=\"round\" stroke-linejoin=\"round\"\/>\n            <path d=\"M11.9941 12.3115L14.1322 15.0154\" stroke=\"white\" stroke-width=\"1.5\" stroke-linecap=\"round\" stroke-linejoin=\"round\"\/>\n            <path d=\"M11.9937 12.3115L9.86719 15.0008\" stroke=\"white\" stroke-width=\"1.5\" stroke-linecap=\"round\" stroke-linejoin=\"round\"\/>\n            <path d=\"M8.94141 11.2305L11.9907 12.3114\" stroke=\"white\" stroke-width=\"1.5\" stroke-linecap=\"round\" stroke-linejoin=\"round\"\/>\n            <path d=\"M11.9902 12.3114L15.057 11.2246\" stroke=\"white\" stroke-width=\"1.5\" stroke-linecap=\"round\" stroke-linejoin=\"round\"\/>\n        <\/svg>\n        <h3 class=\"blog-nb-section__title\">\n            Noise and loud music are not suitable outdoors!        <\/h3>\n    <\/div>\n    <p class=\"blog-nb-section__text\">\n        Since the location is in a low river valley and naturally open, loud music is not suitable outdoors in the lower complex. Sounds travel well and far along the river, reaching other guests and local villagers. Music can be freely enjoyed indoors in the barrel sauna Henn.    <\/p>\n<\/section>\n\n\n\n\n<section class=\"banner-block smooth-corners\">\n    <div class=\"l-container\">\n        <div class=\"banner-block__wrapper\">\n            <div class=\"bannerBlockText\">\n                <h4>Got questions?<\/h4>\n<h4>Feel free to contact us!<\/h4>\n<p>&nbsp;<\/p>\n                <div class=\"bannerBlockLinks\">\n                                                                    <div class=\"bannerBlockLink\">\n                            <a href=\"mailto:info@kallastetalu.ee\" target=\"\">\n                                <img decoding=\"async\" src=\"https:\/\/kallastetalu.ee\/wp-content\/uploads\/2025\/04\/Send.svg\" alt=\"\">\n                                info@kallastetalu.ee                            <\/a>\n                        <\/div>\n                                                                    <div class=\"bannerBlockLink\">\n                            <a href=\"tel:+372 507 6138\" target=\"\">\n                                <img decoding=\"async\" src=\"https:\/\/kallastetalu.ee\/wp-content\/uploads\/2025\/04\/Call.svg\" alt=\"\">\n                                +372 507 6138                            <\/a>\n                        <\/div>\n                                    <\/div>\n            <\/div>\n            <div class=\"backgroungImage smooth-corners\">\n                <div class=\"backgroundImageInner\" style=\"background-image: url('https:\/\/kallastetalu.ee\/wp-content\/uploads\/2025\/06\/Untitled-design-14.png');\">\n                    <img decoding=\"async\" src=\"https:\/\/kallastetalu.ee\/wp-content\/uploads\/2025\/06\/Untitled-design-14.png\" alt=\"\">\n                <\/div>\n            <\/div>\n        <\/div>\n    <\/div>\n<\/section>\n","protected":false},"excerpt":{"rendered":"Private retreat in the heart of nature Kallaste Holiday Resorts Pondside Complex is designed for those seeking a peaceful retreat&#8230;","protected":false},"author":1,"featured_media":711,"parent":3920,"menu_order":0,"comment_status":"closed","ping_status":"closed","template":"page-templates\/template-accommodation-complex.php","meta":{"_acf_changed":false,"inline_featured_image":false,"footnotes":""},"class_list":["post-3926","page","type-page","status-publish","has-post-thumbnail","hentry"],"acf":[],"yoast_head":"<!-- This site is optimized with the Yoast SEO Premium plugin v25.2 (Yoast SEO v26.7) - https:\/\/yoast.com\/wordpress\/plugins\/seo\/ -->\n<title>Pondside Complex at Kallaste \u2013 Relax by the Water<\/title>\n<meta name=\"description\" content=\"Enjoy a peaceful stay at Kallaste\u2019s Pondside Complex \u2013 cozy cabins, sauna, and beautiful views by the pond. Perfect for families and group retreats.\" \/>\n<meta name=\"robots\" content=\"index, follow, max-snippet:-1, max-image-preview:large, max-video-preview:-1\" \/>\n<link rel=\"canonical\" href=\"https:\/\/kallastetalu.ee\/en\/holiday-resort\/accommodation-rooms\/pondside-complex\/\" \/>\n<meta property=\"og:locale\" content=\"en_US\" \/>\n<meta property=\"og:type\" content=\"article\" \/>\n<meta property=\"og:title\" content=\"Pondside Complex\" \/>\n<meta property=\"og:description\" content=\"Enjoy a peaceful stay at Kallaste\u2019s Pondside Complex \u2013 cozy cabins, sauna, and beautiful views by the pond. Perfect for families and group retreats.\" \/>\n<meta property=\"og:url\" content=\"https:\/\/kallastetalu.ee\/en\/holiday-resort\/accommodation-rooms\/pondside-complex\/\" \/>\n<meta property=\"og:site_name\" content=\"Kallaste Turismitalu - \u00c4rksa hingega Talu Harjumaal\" \/>\n<meta property=\"article:publisher\" content=\"https:\/\/www.facebook.com\/kallastetalu\" \/>\n<meta property=\"article:modified_time\" content=\"2025-06-09T08:02:25+00:00\" \/>\n<meta property=\"og:image\" content=\"https:\/\/kallastetalu.ee\/wp-content\/uploads\/2025\/05\/20210604_125734-scaled.jpg\" \/>\n\t<meta property=\"og:image:width\" content=\"2560\" \/>\n\t<meta property=\"og:image:height\" content=\"1440\" \/>\n\t<meta property=\"og:image:type\" content=\"image\/jpeg\" \/>\n<meta name=\"twitter:card\" content=\"summary_large_image\" \/>\n<meta name=\"twitter:label1\" content=\"Est. reading time\" \/>\n\t<meta name=\"twitter:data1\" content=\"2 minutes\" \/>\n<script type=\"application\/ld+json\" class=\"yoast-schema-graph\">{\"@context\":\"https:\/\/schema.org\",\"@graph\":[{\"@type\":\"WebPage\",\"@id\":\"https:\/\/kallastetalu.ee\/en\/holiday-resort\/accommodation-rooms\/pondside-complex\/\",\"url\":\"https:\/\/kallastetalu.ee\/en\/holiday-resort\/accommodation-rooms\/pondside-complex\/\",\"name\":\"Pondside Complex at Kallaste \u2013 Relax by the Water\",\"isPartOf\":{\"@id\":\"https:\/\/kallastetalu.ee\/en\/#website\"},\"primaryImageOfPage\":{\"@id\":\"https:\/\/kallastetalu.ee\/en\/holiday-resort\/accommodation-rooms\/pondside-complex\/#primaryimage\"},\"image\":{\"@id\":\"https:\/\/kallastetalu.ee\/en\/holiday-resort\/accommodation-rooms\/pondside-complex\/#primaryimage\"},\"thumbnailUrl\":\"https:\/\/kallastetalu.ee\/wp-content\/uploads\/2025\/05\/20210604_125734-scaled.jpg\",\"datePublished\":\"2025-05-21T06:55:45+00:00\",\"dateModified\":\"2025-06-09T08:02:25+00:00\",\"description\":\"Enjoy a peaceful stay at Kallaste\u2019s Pondside Complex \u2013 cozy cabins, sauna, and beautiful views by the pond. Perfect for families and group retreats.\",\"breadcrumb\":{\"@id\":\"https:\/\/kallastetalu.ee\/en\/holiday-resort\/accommodation-rooms\/pondside-complex\/#breadcrumb\"},\"inLanguage\":\"en-US\",\"potentialAction\":[{\"@type\":\"ReadAction\",\"target\":[\"https:\/\/kallastetalu.ee\/en\/holiday-resort\/accommodation-rooms\/pondside-complex\/\"]}]},{\"@type\":\"ImageObject\",\"inLanguage\":\"en-US\",\"@id\":\"https:\/\/kallastetalu.ee\/en\/holiday-resort\/accommodation-rooms\/pondside-complex\/#primaryimage\",\"url\":\"https:\/\/kallastetalu.ee\/wp-content\/uploads\/2025\/05\/20210604_125734-scaled.jpg\",\"contentUrl\":\"https:\/\/kallastetalu.ee\/wp-content\/uploads\/2025\/05\/20210604_125734-scaled.jpg\",\"width\":2560,\"height\":1440,\"caption\":\"T\u00fcnnimaja Helve \u2013 Soodne majutus looduses, tiigi \u00e4\u00e4res Kallaste Turismitalus.\"},{\"@type\":\"BreadcrumbList\",\"@id\":\"https:\/\/kallastetalu.ee\/en\/holiday-resort\/accommodation-rooms\/pondside-complex\/#breadcrumb\",\"itemListElement\":[{\"@type\":\"ListItem\",\"position\":1,\"name\":\"Home\",\"item\":\"https:\/\/kallastetalu.ee\/en\/\"},{\"@type\":\"ListItem\",\"position\":2,\"name\":\"Holiday Resort\",\"item\":\"https:\/\/kallastetalu.ee\/en\/holiday-resort\/\"},{\"@type\":\"ListItem\",\"position\":3,\"name\":\"Accommodation rooms\",\"item\":\"https:\/\/kallastetalu.ee\/en\/holiday-resort\/accommodation-rooms\/\"},{\"@type\":\"ListItem\",\"position\":4,\"name\":\"Pondside Complex\"}]},{\"@type\":\"WebSite\",\"@id\":\"https:\/\/kallastetalu.ee\/en\/#website\",\"url\":\"https:\/\/kallastetalu.ee\/en\/\",\"name\":\"Kallaste Turismitalu - \u00c4rksa hingega talu Harjumaal\",\"description\":\"\",\"publisher\":{\"@id\":\"https:\/\/kallastetalu.ee\/en\/#organization\"},\"potentialAction\":[{\"@type\":\"SearchAction\",\"target\":{\"@type\":\"EntryPoint\",\"urlTemplate\":\"https:\/\/kallastetalu.ee\/en\/?s={search_term_string}\"},\"query-input\":{\"@type\":\"PropertyValueSpecification\",\"valueRequired\":true,\"valueName\":\"search_term_string\"}}],\"inLanguage\":\"en-US\"},{\"@type\":\"Organization\",\"@id\":\"https:\/\/kallastetalu.ee\/en\/#organization\",\"name\":\"Kallaste Turismitalu - \u00c4rksa hingega talu Harjumaal\",\"url\":\"https:\/\/kallastetalu.ee\/en\/\",\"logo\":{\"@type\":\"ImageObject\",\"inLanguage\":\"en-US\",\"@id\":\"https:\/\/kallastetalu.ee\/en\/#\/schema\/logo\/image\/\",\"url\":\"https:\/\/kallastetalu.ee\/wp-content\/uploads\/2025\/04\/kallastetalu.svg\",\"contentUrl\":\"https:\/\/kallastetalu.ee\/wp-content\/uploads\/2025\/04\/kallastetalu.svg\",\"width\":158,\"height\":127,\"caption\":\"Kallaste Turismitalu - \u00c4rksa hingega talu Harjumaal\"},\"image\":{\"@id\":\"https:\/\/kallastetalu.ee\/en\/#\/schema\/logo\/image\/\"},\"sameAs\":[\"https:\/\/www.facebook.com\/kallastetalu\",\"https:\/\/www.instagram.com\/turismitalu\",\"https:\/\/www.youtube.com\/@turismitalu\",\"https:\/\/www.tripadvisor.com\/Hotel_Review-g19122067-d2677575-Reviews-Kallaste_Talu_Turismitalu_Holiday_Resort-Kasepere_Harju_County.html?m=19905\"]}]}<\/script>\n<!-- \/ Yoast SEO Premium plugin. -->","yoast_head_json":{"title":"Pondside Complex at Kallaste \u2013 Relax by the Water","description":"Enjoy a peaceful stay at Kallaste\u2019s Pondside Complex \u2013 cozy cabins, sauna, and beautiful views by the pond. Perfect for families and group retreats.","robots":{"index":"index","follow":"follow","max-snippet":"max-snippet:-1","max-image-preview":"max-image-preview:large","max-video-preview":"max-video-preview:-1"},"canonical":"https:\/\/kallastetalu.ee\/en\/holiday-resort\/accommodation-rooms\/pondside-complex\/","og_locale":"en_US","og_type":"article","og_title":"Pondside Complex","og_description":"Enjoy a peaceful stay at Kallaste\u2019s Pondside Complex \u2013 cozy cabins, sauna, and beautiful views by the pond. Perfect for families and group retreats.","og_url":"https:\/\/kallastetalu.ee\/en\/holiday-resort\/accommodation-rooms\/pondside-complex\/","og_site_name":"Kallaste Turismitalu - \u00c4rksa hingega Talu Harjumaal","article_publisher":"https:\/\/www.facebook.com\/kallastetalu","article_modified_time":"2025-06-09T08:02:25+00:00","og_image":[{"width":2560,"height":1440,"url":"https:\/\/kallastetalu.ee\/wp-content\/uploads\/2025\/05\/20210604_125734-scaled.jpg","type":"image\/jpeg"}],"twitter_card":"summary_large_image","twitter_misc":{"Est. reading time":"2 minutes"},"schema":{"@context":"https:\/\/schema.org","@graph":[{"@type":"WebPage","@id":"https:\/\/kallastetalu.ee\/en\/holiday-resort\/accommodation-rooms\/pondside-complex\/","url":"https:\/\/kallastetalu.ee\/en\/holiday-resort\/accommodation-rooms\/pondside-complex\/","name":"Pondside Complex at Kallaste \u2013 Relax by the Water","isPartOf":{"@id":"https:\/\/kallastetalu.ee\/en\/#website"},"primaryImageOfPage":{"@id":"https:\/\/kallastetalu.ee\/en\/holiday-resort\/accommodation-rooms\/pondside-complex\/#primaryimage"},"image":{"@id":"https:\/\/kallastetalu.ee\/en\/holiday-resort\/accommodation-rooms\/pondside-complex\/#primaryimage"},"thumbnailUrl":"https:\/\/kallastetalu.ee\/wp-content\/uploads\/2025\/05\/20210604_125734-scaled.jpg","datePublished":"2025-05-21T06:55:45+00:00","dateModified":"2025-06-09T08:02:25+00:00","description":"Enjoy a peaceful stay at Kallaste\u2019s Pondside Complex \u2013 cozy cabins, sauna, and beautiful views by the pond. Perfect for families and group retreats.","breadcrumb":{"@id":"https:\/\/kallastetalu.ee\/en\/holiday-resort\/accommodation-rooms\/pondside-complex\/#breadcrumb"},"inLanguage":"en-US","potentialAction":[{"@type":"ReadAction","target":["https:\/\/kallastetalu.ee\/en\/holiday-resort\/accommodation-rooms\/pondside-complex\/"]}]},{"@type":"ImageObject","inLanguage":"en-US","@id":"https:\/\/kallastetalu.ee\/en\/holiday-resort\/accommodation-rooms\/pondside-complex\/#primaryimage","url":"https:\/\/kallastetalu.ee\/wp-content\/uploads\/2025\/05\/20210604_125734-scaled.jpg","contentUrl":"https:\/\/kallastetalu.ee\/wp-content\/uploads\/2025\/05\/20210604_125734-scaled.jpg","width":2560,"height":1440,"caption":"T\u00fcnnimaja Helve \u2013 Soodne majutus looduses, tiigi \u00e4\u00e4res Kallaste Turismitalus."},{"@type":"BreadcrumbList","@id":"https:\/\/kallastetalu.ee\/en\/holiday-resort\/accommodation-rooms\/pondside-complex\/#breadcrumb","itemListElement":[{"@type":"ListItem","position":1,"name":"Home","item":"https:\/\/kallastetalu.ee\/en\/"},{"@type":"ListItem","position":2,"name":"Holiday Resort","item":"https:\/\/kallastetalu.ee\/en\/holiday-resort\/"},{"@type":"ListItem","position":3,"name":"Accommodation rooms","item":"https:\/\/kallastetalu.ee\/en\/holiday-resort\/accommodation-rooms\/"},{"@type":"ListItem","position":4,"name":"Pondside Complex"}]},{"@type":"WebSite","@id":"https:\/\/kallastetalu.ee\/en\/#website","url":"https:\/\/kallastetalu.ee\/en\/","name":"Kallaste Turismitalu - \u00c4rksa hingega talu Harjumaal","description":"","publisher":{"@id":"https:\/\/kallastetalu.ee\/en\/#organization"},"potentialAction":[{"@type":"SearchAction","target":{"@type":"EntryPoint","urlTemplate":"https:\/\/kallastetalu.ee\/en\/?s={search_term_string}"},"query-input":{"@type":"PropertyValueSpecification","valueRequired":true,"valueName":"search_term_string"}}],"inLanguage":"en-US"},{"@type":"Organization","@id":"https:\/\/kallastetalu.ee\/en\/#organization","name":"Kallaste Turismitalu - \u00c4rksa hingega talu Harjumaal","url":"https:\/\/kallastetalu.ee\/en\/","logo":{"@type":"ImageObject","inLanguage":"en-US","@id":"https:\/\/kallastetalu.ee\/en\/#\/schema\/logo\/image\/","url":"https:\/\/kallastetalu.ee\/wp-content\/uploads\/2025\/04\/kallastetalu.svg","contentUrl":"https:\/\/kallastetalu.ee\/wp-content\/uploads\/2025\/04\/kallastetalu.svg","width":158,"height":127,"caption":"Kallaste Turismitalu - \u00c4rksa hingega talu Harjumaal"},"image":{"@id":"https:\/\/kallastetalu.ee\/en\/#\/schema\/logo\/image\/"},"sameAs":["https:\/\/www.facebook.com\/kallastetalu","https:\/\/www.instagram.com\/turismitalu","https:\/\/www.youtube.com\/@turismitalu","https:\/\/www.tripadvisor.com\/Hotel_Review-g19122067-d2677575-Reviews-Kallaste_Talu_Turismitalu_Holiday_Resort-Kasepere_Harju_County.html?m=19905"]}]}},"_links":{"self":[{"href":"https:\/\/kallastetalu.ee\/en\/wp-json\/wp\/v2\/pages\/3926","targetHints":{"allow":["GET"]}}],"collection":[{"href":"https:\/\/kallastetalu.ee\/en\/wp-json\/wp\/v2\/pages"}],"about":[{"href":"https:\/\/kallastetalu.ee\/en\/wp-json\/wp\/v2\/types\/page"}],"author":[{"embeddable":true,"href":"https:\/\/kallastetalu.ee\/en\/wp-json\/wp\/v2\/users\/1"}],"replies":[{"embeddable":true,"href":"https:\/\/kallastetalu.ee\/en\/wp-json\/wp\/v2\/comments?post=3926"}],"version-history":[{"count":4,"href":"https:\/\/kallastetalu.ee\/en\/wp-json\/wp\/v2\/pages\/3926\/revisions"}],"predecessor-version":[{"id":4876,"href":"https:\/\/kallastetalu.ee\/en\/wp-json\/wp\/v2\/pages\/3926\/revisions\/4876"}],"up":[{"embeddable":true,"href":"https:\/\/kallastetalu.ee\/en\/wp-json\/wp\/v2\/pages\/3920"}],"wp:featuredmedia":[{"embeddable":true,"href":"https:\/\/kallastetalu.ee\/en\/wp-json\/wp\/v2\/media\/711"}],"wp:attachment":[{"href":"https:\/\/kallastetalu.ee\/en\/wp-json\/wp\/v2\/media?parent=3926"}],"curies":[{"name":"wp","href":"https:\/\/api.w.org\/{rel}","templated":true}]}}