{"id":4050,"date":"2025-05-21T07:05:40","date_gmt":"2025-05-21T07:05:40","guid":{"rendered":"https:\/\/kallastetalu.ee\/tunnisaun-henn-2\/"},"modified":"2025-06-08T13:59:50","modified_gmt":"2025-06-08T13:59:50","slug":"barrel-sauna-henn","status":"publish","type":"page","link":"https:\/\/kallastetalu.ee\/en\/holiday-resort\/saunas\/barrel-sauna-henn\/","title":{"rendered":"Barrel sauna Henn"},"content":{"rendered":"\n<section class=\"block-images\">\n                        <div class=\"block-images__image\">\n                <a \n                    href=\"https:\/\/kallastetalu.ee\/wp-content\/uploads\/2025\/05\/Paikeseloojang-Tiigi-kompleks-saun-Henn-Tiik-veekogu-illustratiivne-reklaam-loodus-romantika-romantiline-Kallaste-Turismitalu-Padisel-arksa-hingega-talu-Harjumaal-www.kallastetalu.ee-2--1920x1080.jpg\" \n                    data-fancybox=\"gallery\" \n                    class=\"smooth-corners\"\n                    style=\"background-image: url('https:\/\/kallastetalu.ee\/wp-content\/uploads\/2025\/05\/Paikeseloojang-Tiigi-kompleks-saun-Henn-Tiik-veekogu-illustratiivne-reklaam-loodus-romantika-romantiline-Kallaste-Turismitalu-Padisel-arksa-hingega-talu-Harjumaal-www.kallastetalu.ee-2--150x150.jpg');\"\n                >\n                    <img decoding=\"async\" src=\"https:\/\/kallastetalu.ee\/wp-content\/uploads\/2025\/05\/Paikeseloojang-Tiigi-kompleks-saun-Henn-Tiik-veekogu-illustratiivne-reklaam-loodus-romantika-romantiline-Kallaste-Turismitalu-Padisel-arksa-hingega-talu-Harjumaal-www.kallastetalu.ee-2--150x150.jpg\" alt=\"\">\n                                                        <\/a>\n            <\/div>\n                                <div class=\"block-images__image\">\n                <a \n                    href=\"https:\/\/kallastetalu.ee\/wp-content\/uploads\/2025\/05\/Tiigisaun-Henn-saun-tiik-Tiigi-kompleks-veekogu-Kullese-SPA-Elamustalu-Kallaste-Turismitalu-Padisel-arksa-hingega-talu-Harjumaal-www.kallastetalu-1920x1080.jpg\" \n                    data-fancybox=\"gallery\" \n                    class=\"smooth-corners\"\n                    style=\"background-image: url('https:\/\/kallastetalu.ee\/wp-content\/uploads\/2025\/05\/Tiigisaun-Henn-saun-tiik-Tiigi-kompleks-veekogu-Kullese-SPA-Elamustalu-Kallaste-Turismitalu-Padisel-arksa-hingega-talu-Harjumaal-www.kallastetalu-150x150.jpg');\"\n                >\n                    <img decoding=\"async\" src=\"https:\/\/kallastetalu.ee\/wp-content\/uploads\/2025\/05\/Tiigisaun-Henn-saun-tiik-Tiigi-kompleks-veekogu-Kullese-SPA-Elamustalu-Kallaste-Turismitalu-Padisel-arksa-hingega-talu-Harjumaal-www.kallastetalu-150x150.jpg\" alt=\"\">\n                                                        <\/a>\n            <\/div>\n                                <div class=\"block-images__image\">\n                <a \n                    href=\"https:\/\/kallastetalu.ee\/wp-content\/uploads\/2025\/05\/20210604_125734-1920x1080.jpg\" \n                    data-fancybox=\"gallery\" \n                    class=\"smooth-corners\"\n                    style=\"background-image: url('https:\/\/kallastetalu.ee\/wp-content\/uploads\/2025\/05\/20210604_125734-150x150.jpg');\"\n                >\n                    <img decoding=\"async\" src=\"https:\/\/kallastetalu.ee\/wp-content\/uploads\/2025\/05\/20210604_125734-150x150.jpg\" alt=\"T\u00fcnnimaja Helve, soodne majutus looduses, tiigi\u00e4\u00e4rne puhkus, Kallaste Turismitalus\">\n                                                        <\/a>\n            <\/div>\n                                <div class=\"block-images__image\">\n                <a \n                    href=\"https:\/\/kallastetalu.ee\/wp-content\/uploads\/2025\/05\/Grillimise-koht-tunnimajad-tunnimaja-Helve-Kulli-Henn-Tiigi-kompeks-Tiik-kevad-Kallaste-Turismitalu-Padisel-arksa-hingega-talu-Harjumaal-www.kallastetalu.ee--1920x1080.jpg\" \n                    data-fancybox=\"gallery\" \n                    class=\"smooth-corners\"\n                    style=\"background-image: url('https:\/\/kallastetalu.ee\/wp-content\/uploads\/2025\/05\/Grillimise-koht-tunnimajad-tunnimaja-Helve-Kulli-Henn-Tiigi-kompeks-Tiik-kevad-Kallaste-Turismitalu-Padisel-arksa-hingega-talu-Harjumaal-www.kallastetalu.ee--150x150.jpg');\"\n                >\n                    <img decoding=\"async\" src=\"https:\/\/kallastetalu.ee\/wp-content\/uploads\/2025\/05\/Grillimise-koht-tunnimajad-tunnimaja-Helve-Kulli-Henn-Tiigi-kompeks-Tiik-kevad-Kallaste-Turismitalu-Padisel-arksa-hingega-talu-Harjumaal-www.kallastetalu.ee--150x150.jpg\" alt=\"Grillimis- ja l\u00f5kkekoht T\u00fcnnimaja Helve ja K\u00fclli juures, soodne majutus looduses\">\n                                                        <\/a>\n            <\/div>\n            <\/section>\n\n\n\n<h3 class=\"wp-block-heading\" id=\"h-barrel-sauna-henn-the-smallest-sauna-at-kallaste-turismitalu-right-by-the-pond\">Barrel sauna Henn \u2013 the smallest sauna at Kallaste Turismitalu, right by the pond<\/h3>\n\n\n\n<p>If you\u2019re looking for a small, affordable, and nature-close sauna by a beautiful body of water, Barrel sauna Henn is made just for you. This is the most compact and intimate sauna at Kallaste Turismitalu, located right by the pond \u2013 the view of the water, birdsong, and peace make the experience special. It is a private sauna, perfect for groups of 2 to 10 people.<\/p>\n\n\n\n<p>The sauna house consists of a wood-fired steam room that can hold up to 6 people at once, and two small anterooms where you can comfortably sit warm, relax, and chat. Additionally, there is a separate building with a shower with warm water and a toilet \u2013 everything needed for a comfortable and stress-free sauna visit.<\/p>\n\n\n\n<p>Barrel sauna Henn is part of our pond complex, which also includes two barrel cabins, a covered shelter, and a campfire site. This makes it an ideal place for those who want to combine sauna enjoyment with a campfire evening, swimming, and accommodation.<\/p>\n\n\n\n<p>In summer, the pond is a great spot for refreshing swims, and there is a shower with warm water for washing. During the winter period, the sauna can be used by prior arrangement, but washing facilities are limited since the water is turned off for winter \u2013 however, the pond itself offers a real winter refreshment opportunity for the bravest guests!<\/p>\n\n\n<section class=\"blog-nb-section\">\n    <div class=\"upper\">\n        <svg xmlns=\"http:\/\/www.w3.org\/2000\/svg\" width=\"24\" height=\"24\" viewBox=\"0 0 24 24\" fill=\"none\">\n            <path d=\"M7.78216 3H16.2169C19.165 3 21 5.08119 21 8.02638V15.9736C21 18.9188 19.165 21 16.2159 21H7.78216C4.83405 21 3 18.9188 3 15.9736V8.02638C3 5.08119 4.84281 3 7.78216 3Z\" fill=\"#8D7971\" stroke=\"#8D7971\" stroke-width=\"1.5\" stroke-linecap=\"round\" stroke-linejoin=\"round\"\/>\n            <path d=\"M11.9941 8.98511V12.3117\" stroke=\"white\" stroke-width=\"1.5\" stroke-linecap=\"round\" stroke-linejoin=\"round\"\/>\n            <path d=\"M11.9941 12.3115L14.1322 15.0154\" stroke=\"white\" stroke-width=\"1.5\" stroke-linecap=\"round\" stroke-linejoin=\"round\"\/>\n            <path d=\"M11.9937 12.3115L9.86719 15.0008\" stroke=\"white\" stroke-width=\"1.5\" stroke-linecap=\"round\" stroke-linejoin=\"round\"\/>\n            <path d=\"M8.94141 11.2305L11.9907 12.3114\" stroke=\"white\" stroke-width=\"1.5\" stroke-linecap=\"round\" stroke-linejoin=\"round\"\/>\n            <path d=\"M11.9902 12.3114L15.057 11.2246\" stroke=\"white\" stroke-width=\"1.5\" stroke-linecap=\"round\" stroke-linejoin=\"round\"\/>\n        <\/svg>\n        <h3 class=\"blog-nb-section__title\">\n            accommodation        <\/h3>\n    <\/div>\n    <p class=\"blog-nb-section__text\">\n        Barrel sauna Henn is part of our pond complex, which also includes two barrel cabins, Helve and K\u00fclli, a covered shelter with a grill, and a campfire site. This makes it an ideal place for those who want to combine sauna enjoyment with a campfire evening, swimming, and accommodation.    <\/p>\n<\/section>\n\n\n\n<hr class=\"wp-block-separator has-alpha-channel-opacity\"\/>\n\n\n\n<p>Barrel sauna Henn is an excellent choice for those who value peace, nature, and an authentic sauna experience \u2013 whether it\u2019s a romantic evening for two, a relaxing holiday with friends, or part of an active weekend.<\/p>\n","protected":false},"excerpt":{"rendered":"Barrel sauna Henn \u2013 the smallest sauna at Kallaste Turismitalu, right by the pond If you\u2019re looking for a small, affordable, and&#8230;","protected":false},"author":1,"featured_media":1576,"parent":4058,"menu_order":0,"comment_status":"closed","ping_status":"closed","template":"page-templates\/template-accommodation-item.php","meta":{"_acf_changed":false,"inline_featured_image":false,"footnotes":""},"class_list":["post-4050","page","type-page","status-publish","has-post-thumbnail","hentry"],"acf":[],"yoast_head":"<!-- This site is optimized with the Yoast SEO Premium plugin v25.2 (Yoast SEO v26.7) - https:\/\/yoast.com\/wordpress\/plugins\/seo\/ -->\n<title>Barrel sauna Henn Private Wood-Fired Sauna by the Pond<\/title>\n<meta name=\"description\" content=\"Affordable, Barrel sauna Henn! Enjoy a relaxing experience in Kallaste Holiday resort. wood-fired, and right by the pond \u2013 what a retreat!\" \/>\n<meta name=\"robots\" content=\"index, follow, max-snippet:-1, max-image-preview:large, max-video-preview:-1\" \/>\n<link rel=\"canonical\" href=\"https:\/\/kallastetalu.ee\/en\/holiday-resort\/saunas\/barrel-sauna-henn\/\" \/>\n<meta property=\"og:locale\" content=\"en_US\" \/>\n<meta property=\"og:type\" content=\"article\" \/>\n<meta property=\"og:title\" content=\"Barrel sauna Henn\" \/>\n<meta property=\"og:description\" content=\"Affordable, Barrel sauna Henn! Enjoy a relaxing experience in Kallaste Holiday resort. wood-fired, and right by the pond \u2013 what a retreat!\" \/>\n<meta property=\"og:url\" content=\"https:\/\/kallastetalu.ee\/en\/holiday-resort\/saunas\/barrel-sauna-henn\/\" \/>\n<meta property=\"og:site_name\" content=\"Kallaste Turismitalu - \u00c4rksa hingega Talu Harjumaal\" \/>\n<meta property=\"article:publisher\" content=\"https:\/\/www.facebook.com\/kallastetalu\" \/>\n<meta property=\"article:modified_time\" content=\"2025-06-08T13:59:50+00:00\" \/>\n<meta property=\"og:image\" content=\"https:\/\/kallastetalu.ee\/wp-content\/uploads\/2025\/05\/Paikeseloojang-Tiigi-kompleks-saun-Henn-Tiik-veekogu-illustratiivne-reklaam-loodus-romantika-romantiline-Kallaste-Turismitalu-Padisel-arksa-hingega-talu-Harjumaal-www.kallastetalu.ee-2--scaled.jpg\" \/>\n\t<meta property=\"og:image:width\" content=\"2560\" \/>\n\t<meta property=\"og:image:height\" content=\"1707\" \/>\n\t<meta property=\"og:image:type\" content=\"image\/jpeg\" \/>\n<meta name=\"twitter:card\" content=\"summary_large_image\" \/>\n<meta name=\"twitter:label1\" content=\"Est. reading time\" \/>\n\t<meta name=\"twitter:data1\" content=\"2 minutes\" \/>\n<script type=\"application\/ld+json\" class=\"yoast-schema-graph\">{\"@context\":\"https:\/\/schema.org\",\"@graph\":[{\"@type\":\"WebPage\",\"@id\":\"https:\/\/kallastetalu.ee\/en\/holiday-resort\/saunas\/barrel-sauna-henn\/\",\"url\":\"https:\/\/kallastetalu.ee\/en\/holiday-resort\/saunas\/barrel-sauna-henn\/\",\"name\":\"Barrel sauna Henn Private Wood-Fired Sauna by the Pond\",\"isPartOf\":{\"@id\":\"https:\/\/kallastetalu.ee\/en\/#website\"},\"primaryImageOfPage\":{\"@id\":\"https:\/\/kallastetalu.ee\/en\/holiday-resort\/saunas\/barrel-sauna-henn\/#primaryimage\"},\"image\":{\"@id\":\"https:\/\/kallastetalu.ee\/en\/holiday-resort\/saunas\/barrel-sauna-henn\/#primaryimage\"},\"thumbnailUrl\":\"https:\/\/kallastetalu.ee\/wp-content\/uploads\/2025\/05\/Paikeseloojang-Tiigi-kompleks-saun-Henn-Tiik-veekogu-illustratiivne-reklaam-loodus-romantika-romantiline-Kallaste-Turismitalu-Padisel-arksa-hingega-talu-Harjumaal-www.kallastetalu.ee-2--scaled.jpg\",\"datePublished\":\"2025-05-21T07:05:40+00:00\",\"dateModified\":\"2025-06-08T13:59:50+00:00\",\"description\":\"Affordable, Barrel sauna Henn! Enjoy a relaxing experience in Kallaste Holiday resort. wood-fired, and right by the pond \u2013 what a retreat!\",\"breadcrumb\":{\"@id\":\"https:\/\/kallastetalu.ee\/en\/holiday-resort\/saunas\/barrel-sauna-henn\/#breadcrumb\"},\"inLanguage\":\"en-US\",\"potentialAction\":[{\"@type\":\"ReadAction\",\"target\":[\"https:\/\/kallastetalu.ee\/en\/holiday-resort\/saunas\/barrel-sauna-henn\/\"]}]},{\"@type\":\"ImageObject\",\"inLanguage\":\"en-US\",\"@id\":\"https:\/\/kallastetalu.ee\/en\/holiday-resort\/saunas\/barrel-sauna-henn\/#primaryimage\",\"url\":\"https:\/\/kallastetalu.ee\/wp-content\/uploads\/2025\/05\/Paikeseloojang-Tiigi-kompleks-saun-Henn-Tiik-veekogu-illustratiivne-reklaam-loodus-romantika-romantiline-Kallaste-Turismitalu-Padisel-arksa-hingega-talu-Harjumaal-www.kallastetalu.ee-2--scaled.jpg\",\"contentUrl\":\"https:\/\/kallastetalu.ee\/wp-content\/uploads\/2025\/05\/Paikeseloojang-Tiigi-kompleks-saun-Henn-Tiik-veekogu-illustratiivne-reklaam-loodus-romantika-romantiline-Kallaste-Turismitalu-Padisel-arksa-hingega-talu-Harjumaal-www.kallastetalu.ee-2--scaled.jpg\",\"width\":2560,\"height\":1707},{\"@type\":\"BreadcrumbList\",\"@id\":\"https:\/\/kallastetalu.ee\/en\/holiday-resort\/saunas\/barrel-sauna-henn\/#breadcrumb\",\"itemListElement\":[{\"@type\":\"ListItem\",\"position\":1,\"name\":\"Home\",\"item\":\"https:\/\/kallastetalu.ee\/en\/\"},{\"@type\":\"ListItem\",\"position\":2,\"name\":\"Holiday Resort\",\"item\":\"https:\/\/kallastetalu.ee\/en\/holiday-resort\/\"},{\"@type\":\"ListItem\",\"position\":3,\"name\":\"Saunas\",\"item\":\"https:\/\/kallastetalu.ee\/en\/holiday-resort\/saunas\/\"},{\"@type\":\"ListItem\",\"position\":4,\"name\":\"Barrel sauna Henn\"}]},{\"@type\":\"WebSite\",\"@id\":\"https:\/\/kallastetalu.ee\/en\/#website\",\"url\":\"https:\/\/kallastetalu.ee\/en\/\",\"name\":\"Kallaste Turismitalu - \u00c4rksa hingega talu Harjumaal\",\"description\":\"\",\"publisher\":{\"@id\":\"https:\/\/kallastetalu.ee\/en\/#organization\"},\"potentialAction\":[{\"@type\":\"SearchAction\",\"target\":{\"@type\":\"EntryPoint\",\"urlTemplate\":\"https:\/\/kallastetalu.ee\/en\/?s={search_term_string}\"},\"query-input\":{\"@type\":\"PropertyValueSpecification\",\"valueRequired\":true,\"valueName\":\"search_term_string\"}}],\"inLanguage\":\"en-US\"},{\"@type\":\"Organization\",\"@id\":\"https:\/\/kallastetalu.ee\/en\/#organization\",\"name\":\"Kallaste Turismitalu - \u00c4rksa hingega talu Harjumaal\",\"url\":\"https:\/\/kallastetalu.ee\/en\/\",\"logo\":{\"@type\":\"ImageObject\",\"inLanguage\":\"en-US\",\"@id\":\"https:\/\/kallastetalu.ee\/en\/#\/schema\/logo\/image\/\",\"url\":\"https:\/\/kallastetalu.ee\/wp-content\/uploads\/2025\/04\/kallastetalu.svg\",\"contentUrl\":\"https:\/\/kallastetalu.ee\/wp-content\/uploads\/2025\/04\/kallastetalu.svg\",\"width\":158,\"height\":127,\"caption\":\"Kallaste Turismitalu - \u00c4rksa hingega talu Harjumaal\"},\"image\":{\"@id\":\"https:\/\/kallastetalu.ee\/en\/#\/schema\/logo\/image\/\"},\"sameAs\":[\"https:\/\/www.facebook.com\/kallastetalu\",\"https:\/\/www.instagram.com\/turismitalu\",\"https:\/\/www.youtube.com\/@turismitalu\",\"https:\/\/www.tripadvisor.com\/Hotel_Review-g19122067-d2677575-Reviews-Kallaste_Talu_Turismitalu_Holiday_Resort-Kasepere_Harju_County.html?m=19905\"]}]}<\/script>\n<!-- \/ Yoast SEO Premium plugin. -->","yoast_head_json":{"title":"Barrel sauna Henn Private Wood-Fired Sauna by the Pond","description":"Affordable, Barrel sauna Henn! Enjoy a relaxing experience in Kallaste Holiday resort. wood-fired, and right by the pond \u2013 what a retreat!","robots":{"index":"index","follow":"follow","max-snippet":"max-snippet:-1","max-image-preview":"max-image-preview:large","max-video-preview":"max-video-preview:-1"},"canonical":"https:\/\/kallastetalu.ee\/en\/holiday-resort\/saunas\/barrel-sauna-henn\/","og_locale":"en_US","og_type":"article","og_title":"Barrel sauna Henn","og_description":"Affordable, Barrel sauna Henn! Enjoy a relaxing experience in Kallaste Holiday resort. wood-fired, and right by the pond \u2013 what a retreat!","og_url":"https:\/\/kallastetalu.ee\/en\/holiday-resort\/saunas\/barrel-sauna-henn\/","og_site_name":"Kallaste Turismitalu - \u00c4rksa hingega Talu Harjumaal","article_publisher":"https:\/\/www.facebook.com\/kallastetalu","article_modified_time":"2025-06-08T13:59:50+00:00","og_image":[{"width":2560,"height":1707,"url":"https:\/\/kallastetalu.ee\/wp-content\/uploads\/2025\/05\/Paikeseloojang-Tiigi-kompleks-saun-Henn-Tiik-veekogu-illustratiivne-reklaam-loodus-romantika-romantiline-Kallaste-Turismitalu-Padisel-arksa-hingega-talu-Harjumaal-www.kallastetalu.ee-2--scaled.jpg","type":"image\/jpeg"}],"twitter_card":"summary_large_image","twitter_misc":{"Est. reading time":"2 minutes"},"schema":{"@context":"https:\/\/schema.org","@graph":[{"@type":"WebPage","@id":"https:\/\/kallastetalu.ee\/en\/holiday-resort\/saunas\/barrel-sauna-henn\/","url":"https:\/\/kallastetalu.ee\/en\/holiday-resort\/saunas\/barrel-sauna-henn\/","name":"Barrel sauna Henn Private Wood-Fired Sauna by the Pond","isPartOf":{"@id":"https:\/\/kallastetalu.ee\/en\/#website"},"primaryImageOfPage":{"@id":"https:\/\/kallastetalu.ee\/en\/holiday-resort\/saunas\/barrel-sauna-henn\/#primaryimage"},"image":{"@id":"https:\/\/kallastetalu.ee\/en\/holiday-resort\/saunas\/barrel-sauna-henn\/#primaryimage"},"thumbnailUrl":"https:\/\/kallastetalu.ee\/wp-content\/uploads\/2025\/05\/Paikeseloojang-Tiigi-kompleks-saun-Henn-Tiik-veekogu-illustratiivne-reklaam-loodus-romantika-romantiline-Kallaste-Turismitalu-Padisel-arksa-hingega-talu-Harjumaal-www.kallastetalu.ee-2--scaled.jpg","datePublished":"2025-05-21T07:05:40+00:00","dateModified":"2025-06-08T13:59:50+00:00","description":"Affordable, Barrel sauna Henn! Enjoy a relaxing experience in Kallaste Holiday resort. wood-fired, and right by the pond \u2013 what a retreat!","breadcrumb":{"@id":"https:\/\/kallastetalu.ee\/en\/holiday-resort\/saunas\/barrel-sauna-henn\/#breadcrumb"},"inLanguage":"en-US","potentialAction":[{"@type":"ReadAction","target":["https:\/\/kallastetalu.ee\/en\/holiday-resort\/saunas\/barrel-sauna-henn\/"]}]},{"@type":"ImageObject","inLanguage":"en-US","@id":"https:\/\/kallastetalu.ee\/en\/holiday-resort\/saunas\/barrel-sauna-henn\/#primaryimage","url":"https:\/\/kallastetalu.ee\/wp-content\/uploads\/2025\/05\/Paikeseloojang-Tiigi-kompleks-saun-Henn-Tiik-veekogu-illustratiivne-reklaam-loodus-romantika-romantiline-Kallaste-Turismitalu-Padisel-arksa-hingega-talu-Harjumaal-www.kallastetalu.ee-2--scaled.jpg","contentUrl":"https:\/\/kallastetalu.ee\/wp-content\/uploads\/2025\/05\/Paikeseloojang-Tiigi-kompleks-saun-Henn-Tiik-veekogu-illustratiivne-reklaam-loodus-romantika-romantiline-Kallaste-Turismitalu-Padisel-arksa-hingega-talu-Harjumaal-www.kallastetalu.ee-2--scaled.jpg","width":2560,"height":1707},{"@type":"BreadcrumbList","@id":"https:\/\/kallastetalu.ee\/en\/holiday-resort\/saunas\/barrel-sauna-henn\/#breadcrumb","itemListElement":[{"@type":"ListItem","position":1,"name":"Home","item":"https:\/\/kallastetalu.ee\/en\/"},{"@type":"ListItem","position":2,"name":"Holiday Resort","item":"https:\/\/kallastetalu.ee\/en\/holiday-resort\/"},{"@type":"ListItem","position":3,"name":"Saunas","item":"https:\/\/kallastetalu.ee\/en\/holiday-resort\/saunas\/"},{"@type":"ListItem","position":4,"name":"Barrel sauna Henn"}]},{"@type":"WebSite","@id":"https:\/\/kallastetalu.ee\/en\/#website","url":"https:\/\/kallastetalu.ee\/en\/","name":"Kallaste Turismitalu - \u00c4rksa hingega talu Harjumaal","description":"","publisher":{"@id":"https:\/\/kallastetalu.ee\/en\/#organization"},"potentialAction":[{"@type":"SearchAction","target":{"@type":"EntryPoint","urlTemplate":"https:\/\/kallastetalu.ee\/en\/?s={search_term_string}"},"query-input":{"@type":"PropertyValueSpecification","valueRequired":true,"valueName":"search_term_string"}}],"inLanguage":"en-US"},{"@type":"Organization","@id":"https:\/\/kallastetalu.ee\/en\/#organization","name":"Kallaste Turismitalu - \u00c4rksa hingega talu Harjumaal","url":"https:\/\/kallastetalu.ee\/en\/","logo":{"@type":"ImageObject","inLanguage":"en-US","@id":"https:\/\/kallastetalu.ee\/en\/#\/schema\/logo\/image\/","url":"https:\/\/kallastetalu.ee\/wp-content\/uploads\/2025\/04\/kallastetalu.svg","contentUrl":"https:\/\/kallastetalu.ee\/wp-content\/uploads\/2025\/04\/kallastetalu.svg","width":158,"height":127,"caption":"Kallaste Turismitalu - \u00c4rksa hingega talu Harjumaal"},"image":{"@id":"https:\/\/kallastetalu.ee\/en\/#\/schema\/logo\/image\/"},"sameAs":["https:\/\/www.facebook.com\/kallastetalu","https:\/\/www.instagram.com\/turismitalu","https:\/\/www.youtube.com\/@turismitalu","https:\/\/www.tripadvisor.com\/Hotel_Review-g19122067-d2677575-Reviews-Kallaste_Talu_Turismitalu_Holiday_Resort-Kasepere_Harju_County.html?m=19905"]}]}},"_links":{"self":[{"href":"https:\/\/kallastetalu.ee\/en\/wp-json\/wp\/v2\/pages\/4050","targetHints":{"allow":["GET"]}}],"collection":[{"href":"https:\/\/kallastetalu.ee\/en\/wp-json\/wp\/v2\/pages"}],"about":[{"href":"https:\/\/kallastetalu.ee\/en\/wp-json\/wp\/v2\/types\/page"}],"author":[{"embeddable":true,"href":"https:\/\/kallastetalu.ee\/en\/wp-json\/wp\/v2\/users\/1"}],"replies":[{"embeddable":true,"href":"https:\/\/kallastetalu.ee\/en\/wp-json\/wp\/v2\/comments?post=4050"}],"version-history":[{"count":3,"href":"https:\/\/kallastetalu.ee\/en\/wp-json\/wp\/v2\/pages\/4050\/revisions"}],"predecessor-version":[{"id":4839,"href":"https:\/\/kallastetalu.ee\/en\/wp-json\/wp\/v2\/pages\/4050\/revisions\/4839"}],"up":[{"embeddable":true,"href":"https:\/\/kallastetalu.ee\/en\/wp-json\/wp\/v2\/pages\/4058"}],"wp:featuredmedia":[{"embeddable":true,"href":"https:\/\/kallastetalu.ee\/en\/wp-json\/wp\/v2\/media\/1576"}],"wp:attachment":[{"href":"https:\/\/kallastetalu.ee\/en\/wp-json\/wp\/v2\/media?parent=4050"}],"curies":[{"name":"wp","href":"https:\/\/api.w.org\/{rel}","templated":true}]}}