{"id":4068,"date":"2025-05-20T10:39:15","date_gmt":"2025-05-20T10:39:15","guid":{"rendered":"https:\/\/kallastetalu.ee\/turismitalu\/saunad\/kumblustunn\/"},"modified":"2025-06-08T20:53:51","modified_gmt":"2025-06-08T20:53:51","slug":"kumblustunn","status":"publish","type":"page","link":"https:\/\/kallastetalu.ee\/en\/holiday-resort\/saunas\/kumblustunn\/","title":{"rendered":"Hot Tube"},"content":{"rendered":"\n<section class=\"block-images\">\n                        <div class=\"block-images__image\">\n                <a \n                    href=\"https:\/\/kallastetalu.ee\/wp-content\/uploads\/2025\/05\/Saunamaja-HEino-saun-kuuma-veega-kumblustunn-inimesed-inimene-saunamonud-Kallaste-Turismitalu-Padisel-arksa-hingega-talu-Harjumaal-www.kallastetalu.ee-1-1-1920x1080.jpg\" \n                    data-fancybox=\"gallery\" \n                    class=\"smooth-corners\"\n                    style=\"background-image: url('https:\/\/kallastetalu.ee\/wp-content\/uploads\/2025\/05\/Saunamaja-HEino-saun-kuuma-veega-kumblustunn-inimesed-inimene-saunamonud-Kallaste-Turismitalu-Padisel-arksa-hingega-talu-Harjumaal-www.kallastetalu.ee-1-1-150x150.jpg');\"\n                >\n                    <img decoding=\"async\" src=\"https:\/\/kallastetalu.ee\/wp-content\/uploads\/2025\/05\/Saunamaja-HEino-saun-kuuma-veega-kumblustunn-inimesed-inimene-saunamonud-Kallaste-Turismitalu-Padisel-arksa-hingega-talu-Harjumaal-www.kallastetalu.ee-1-1-150x150.jpg\" alt=\"\">\n                                                        <\/a>\n            <\/div>\n                                <div class=\"block-images__image\">\n                <a \n                    href=\"https:\/\/kallastetalu.ee\/wp-content\/uploads\/2025\/05\/Kuuma-veega-kumblustunn-Saun-saunamaja-Heino-suvi-paike-ulemine-kompleks-koeb-suits-toss-Kallaste-Turismitalu-Padisel-arksa-hingega-talu-Harjumaal-www.kallastetalu.ee-1-1-1920x1080.jpg\" \n                    data-fancybox=\"gallery\" \n                    class=\"smooth-corners\"\n                    style=\"background-image: url('https:\/\/kallastetalu.ee\/wp-content\/uploads\/2025\/05\/Kuuma-veega-kumblustunn-Saun-saunamaja-Heino-suvi-paike-ulemine-kompleks-koeb-suits-toss-Kallaste-Turismitalu-Padisel-arksa-hingega-talu-Harjumaal-www.kallastetalu.ee-1-1-150x150.jpg');\"\n                >\n                    <img decoding=\"async\" src=\"https:\/\/kallastetalu.ee\/wp-content\/uploads\/2025\/05\/Kuuma-veega-kumblustunn-Saun-saunamaja-Heino-suvi-paike-ulemine-kompleks-koeb-suits-toss-Kallaste-Turismitalu-Padisel-arksa-hingega-talu-Harjumaal-www.kallastetalu.ee-1-1-150x150.jpg\" alt=\"\">\n                                                        <\/a>\n            <\/div>\n                                <div class=\"block-images__image\">\n                <a \n                    href=\"https:\/\/kallastetalu.ee\/wp-content\/uploads\/2025\/05\/kuuma-veega-kumblustunn-saunamonud-inimene-saunaline-inimesed-elav-ulemine-kompleks-Kallaste-Turismitalu-Padisel-arksa-hingega-talu-Harjumaal-www.kallastetalu.ee-lemmik--1920x1080.jpg\" \n                    data-fancybox=\"gallery\" \n                    class=\"smooth-corners\"\n                    style=\"background-image: url('https:\/\/kallastetalu.ee\/wp-content\/uploads\/2025\/05\/kuuma-veega-kumblustunn-saunamonud-inimene-saunaline-inimesed-elav-ulemine-kompleks-Kallaste-Turismitalu-Padisel-arksa-hingega-talu-Harjumaal-www.kallastetalu.ee-lemmik--150x150.jpg');\"\n                >\n                    <img decoding=\"async\" src=\"https:\/\/kallastetalu.ee\/wp-content\/uploads\/2025\/05\/kuuma-veega-kumblustunn-saunamonud-inimene-saunaline-inimesed-elav-ulemine-kompleks-Kallaste-Turismitalu-Padisel-arksa-hingega-talu-Harjumaal-www.kallastetalu.ee-lemmik--150x150.jpg\" alt=\"\">\n                                                        <\/a>\n            <\/div>\n                                <div class=\"block-images__image\">\n                <a \n                    href=\"https:\/\/kallastetalu.ee\/wp-content\/uploads\/2025\/05\/Tunnisaun-Tunn-kuuma-veega-kumblustunn-2-inimene-inimesed-saun-Alumine-kompleks-Kallaste-Turismitalu-Padisel-arksa-hingega-talu-Harjumaal-www.kallastetalu.ee--1920x1080.jpg\" \n                    data-fancybox=\"gallery\" \n                    class=\"smooth-corners\"\n                    style=\"background-image: url('https:\/\/kallastetalu.ee\/wp-content\/uploads\/2025\/05\/Tunnisaun-Tunn-kuuma-veega-kumblustunn-2-inimene-inimesed-saun-Alumine-kompleks-Kallaste-Turismitalu-Padisel-arksa-hingega-talu-Harjumaal-www.kallastetalu.ee--150x150.jpg');\"\n                >\n                    <img decoding=\"async\" src=\"https:\/\/kallastetalu.ee\/wp-content\/uploads\/2025\/05\/Tunnisaun-Tunn-kuuma-veega-kumblustunn-2-inimene-inimesed-saun-Alumine-kompleks-Kallaste-Turismitalu-Padisel-arksa-hingega-talu-Harjumaal-www.kallastetalu.ee--150x150.jpg\" alt=\"k\u00fcmblust\u00fcnn T\u00fcnnisaun T\u00fcnn kuuma veega k\u00fcmblust\u00fcnn 2 inimene inimesed saun Alumine kompleks Kallaste Turismitalu Padisel - \u00e4rksa hingega talu Harjumaal www.kallastetalu.ee\">\n                                                        <\/a>\n            <\/div>\n            <\/section>\n\n\n\n<p>Hot Tub with Warm Water \u2013 Relaxation by the Riverbank<\/p>\n\n\n\n<p>Our farm has two hot tubs with warm water. One is located in front of the cottage Hilja, right by the Kloostri River, and the other is next to the M\u00f5ttemaja Heino, on a high riverbank with a picturesque view. At both locations, you can refresh yourself in the cold river water \u2013 a convenient staircase leads down to the water.<\/p>\n\n\n\n<p>The hot tub can be rented separately or together with the sauna, depending on your wishes and the nature of the event. Whether it\u2019s a peaceful evening, a social gathering, or a romantic getaway \u2013 the hot tub is perfect for every moment.<\/p>\n\n\n\n<p>Hot Tub \u2013 Japanese-style wellness and nature-close relaxation<\/p>\n\n\n\n<p>The warm water hot tub offers a versatile wellness experience with traditions rooted in Japanese bathing culture. Enjoying the tub:<\/p>\n\n\n\n<ul class=\"wp-block-list\">\n<li><span><span>relieves muscle tension and physical fatigue<\/span><\/span><\/li>\n\n\n\n<li><span><span>improves blood circulation and metabolism<\/span><\/span><\/li>\n\n\n\n<li><span><span>calms the mind and nervous system<\/span><\/span><\/li>\n\n\n\n<li><span><span>is ideal for quiet relaxation or a good chat<\/span><\/span><\/li>\n\n\n\n<li><span><span>brings a special and nature-close calm to every moment<\/span><\/span><\/li>\n<\/ul>\n\n\n<section class=\"blog-nb-section\">\n    <div class=\"upper\">\n        <svg xmlns=\"http:\/\/www.w3.org\/2000\/svg\" width=\"24\" height=\"24\" viewBox=\"0 0 24 24\" fill=\"none\">\n            <path d=\"M7.78216 3H16.2169C19.165 3 21 5.08119 21 8.02638V15.9736C21 18.9188 19.165 21 16.2159 21H7.78216C4.83405 21 3 18.9188 3 15.9736V8.02638C3 5.08119 4.84281 3 7.78216 3Z\" fill=\"#8D7971\" stroke=\"#8D7971\" stroke-width=\"1.5\" stroke-linecap=\"round\" stroke-linejoin=\"round\"\/>\n            <path d=\"M11.9941 8.98511V12.3117\" stroke=\"white\" stroke-width=\"1.5\" stroke-linecap=\"round\" stroke-linejoin=\"round\"\/>\n            <path d=\"M11.9941 12.3115L14.1322 15.0154\" stroke=\"white\" stroke-width=\"1.5\" stroke-linecap=\"round\" stroke-linejoin=\"round\"\/>\n            <path d=\"M11.9937 12.3115L9.86719 15.0008\" stroke=\"white\" stroke-width=\"1.5\" stroke-linecap=\"round\" stroke-linejoin=\"round\"\/>\n            <path d=\"M8.94141 11.2305L11.9907 12.3114\" stroke=\"white\" stroke-width=\"1.5\" stroke-linecap=\"round\" stroke-linejoin=\"round\"\/>\n            <path d=\"M11.9902 12.3114L15.057 11.2246\" stroke=\"white\" stroke-width=\"1.5\" stroke-linecap=\"round\" stroke-linejoin=\"round\"\/>\n        <\/svg>\n        <h3 class=\"blog-nb-section__title\">\n            Wood-fired stove and natural water        <\/h3>\n    <\/div>\n    <p class=\"blog-nb-section__text\">\n        The barrel is filled with water specially for your event and heated with a wood-fired stove until hot. The water may come from the river or pond, so its color can be darker than in a pool, but it is natural, chemical-free, and skin-friendly! The hot tub has an external wood-fired stove \u2013 when the water starts to cool down, more wood should be added.    <\/p>\n<\/section>\n\n\n\n<hr class=\"wp-block-separator has-alpha-channel-opacity\"\/>\n\n\n\n<h3 class=\"wp-block-heading\" id=\"h-why-is-the-hot-tub-a-social-hit\">Why is the hot tub a social hit?<\/h3>\n\n\n\n<ul class=\"wp-block-list\">\n<li><span><span>Warm water + good company = fun stories and long conversations<\/span><\/span><\/li>\n\n\n\n<li><span><span>The tub helps you relax, relieve tension, and brings a good night&#8217;s sleep<\/span><\/span><\/li>\n\n\n\n<li><span><span>Suitable for any season \u2013 summer evenings or winter snow<\/span><\/span><\/li>\n\n\n\n<li><span><span>Japanese-style soaking experience in the middle of Estonian nature<\/span><\/span><\/li>\n\n\n\n<li><span><span>A truly memorable addition to a birthday, sauna party, or just \u201changing out\u201d<\/span><\/span><\/li>\n<\/ul>\n\n\n\n<p><\/p>\n","protected":false},"excerpt":{"rendered":"Hot Tub with Warm Water \u2013 Relaxation by the Riverbank Our farm has two hot tubs with warm water. One is located in front of the cottage&#8230;","protected":false},"author":2,"featured_media":1593,"parent":4058,"menu_order":0,"comment_status":"closed","ping_status":"closed","template":"page-templates\/template-accommodation-item.php","meta":{"_acf_changed":false,"inline_featured_image":false,"footnotes":""},"class_list":["post-4068","page","type-page","status-publish","has-post-thumbnail","hentry"],"acf":[],"yoast_head":"<!-- This site is optimized with the Yoast SEO Premium plugin v25.2 (Yoast SEO v26.7) - https:\/\/yoast.com\/wordpress\/plugins\/seo\/ -->\n<title>Hot Tub Experience | Relaxation at Kallaste Holiday Resort<\/title>\n<meta name=\"description\" content=\"Relax in a wood-fired hot tub under the open sky, right by the pond. Perfect for unwinding, stargazing, and peaceful moments\" \/>\n<meta name=\"robots\" content=\"index, follow, max-snippet:-1, max-image-preview:large, max-video-preview:-1\" \/>\n<link rel=\"canonical\" href=\"https:\/\/kallastetalu.ee\/en\/holiday-resort\/saunas\/kumblustunn\/\" \/>\n<meta property=\"og:locale\" content=\"en_US\" \/>\n<meta property=\"og:type\" content=\"article\" \/>\n<meta property=\"og:title\" content=\"Hot Tube\" \/>\n<meta property=\"og:description\" content=\"Relax in a wood-fired hot tub under the open sky, right by the pond. Perfect for unwinding, stargazing, and peaceful moments\" \/>\n<meta property=\"og:url\" content=\"https:\/\/kallastetalu.ee\/en\/holiday-resort\/saunas\/kumblustunn\/\" \/>\n<meta property=\"og:site_name\" content=\"Kallaste Turismitalu - \u00c4rksa hingega Talu Harjumaal\" \/>\n<meta property=\"article:publisher\" content=\"https:\/\/www.facebook.com\/kallastetalu\" \/>\n<meta property=\"article:modified_time\" content=\"2025-06-08T20:53:51+00:00\" \/>\n<meta property=\"og:image\" content=\"https:\/\/kallastetalu.ee\/wp-content\/uploads\/2025\/05\/Tunnisaun-Tunn-kuuma-veega-kumblustunn-2-inimene-inimesed-saun-Alumine-kompleks-Kallaste-Turismitalu-Padisel-arksa-hingega-talu-Harjumaal-www.kallastetalu.ee--scaled.jpg\" \/>\n\t<meta property=\"og:image:width\" content=\"2560\" \/>\n\t<meta property=\"og:image:height\" content=\"1707\" \/>\n\t<meta property=\"og:image:type\" content=\"image\/jpeg\" \/>\n<meta name=\"twitter:card\" content=\"summary_large_image\" \/>\n<meta name=\"twitter:label1\" content=\"Est. reading time\" \/>\n\t<meta name=\"twitter:data1\" content=\"2 minutes\" \/>\n<script type=\"application\/ld+json\" class=\"yoast-schema-graph\">{\"@context\":\"https:\/\/schema.org\",\"@graph\":[{\"@type\":\"WebPage\",\"@id\":\"https:\/\/kallastetalu.ee\/en\/holiday-resort\/saunas\/kumblustunn\/\",\"url\":\"https:\/\/kallastetalu.ee\/en\/holiday-resort\/saunas\/kumblustunn\/\",\"name\":\"Hot Tub Experience | Relaxation at Kallaste Holiday Resort\",\"isPartOf\":{\"@id\":\"https:\/\/kallastetalu.ee\/en\/#website\"},\"primaryImageOfPage\":{\"@id\":\"https:\/\/kallastetalu.ee\/en\/holiday-resort\/saunas\/kumblustunn\/#primaryimage\"},\"image\":{\"@id\":\"https:\/\/kallastetalu.ee\/en\/holiday-resort\/saunas\/kumblustunn\/#primaryimage\"},\"thumbnailUrl\":\"https:\/\/kallastetalu.ee\/wp-content\/uploads\/2025\/05\/Tunnisaun-Tunn-kuuma-veega-kumblustunn-2-inimene-inimesed-saun-Alumine-kompleks-Kallaste-Turismitalu-Padisel-arksa-hingega-talu-Harjumaal-www.kallastetalu.ee--scaled.jpg\",\"datePublished\":\"2025-05-20T10:39:15+00:00\",\"dateModified\":\"2025-06-08T20:53:51+00:00\",\"description\":\"Relax in a wood-fired hot tub under the open sky, right by the pond. Perfect for unwinding, stargazing, and peaceful moments\",\"breadcrumb\":{\"@id\":\"https:\/\/kallastetalu.ee\/en\/holiday-resort\/saunas\/kumblustunn\/#breadcrumb\"},\"inLanguage\":\"en-US\",\"potentialAction\":[{\"@type\":\"ReadAction\",\"target\":[\"https:\/\/kallastetalu.ee\/en\/holiday-resort\/saunas\/kumblustunn\/\"]}]},{\"@type\":\"ImageObject\",\"inLanguage\":\"en-US\",\"@id\":\"https:\/\/kallastetalu.ee\/en\/holiday-resort\/saunas\/kumblustunn\/#primaryimage\",\"url\":\"https:\/\/kallastetalu.ee\/wp-content\/uploads\/2025\/05\/Tunnisaun-Tunn-kuuma-veega-kumblustunn-2-inimene-inimesed-saun-Alumine-kompleks-Kallaste-Turismitalu-Padisel-arksa-hingega-talu-Harjumaal-www.kallastetalu.ee--scaled.jpg\",\"contentUrl\":\"https:\/\/kallastetalu.ee\/wp-content\/uploads\/2025\/05\/Tunnisaun-Tunn-kuuma-veega-kumblustunn-2-inimene-inimesed-saun-Alumine-kompleks-Kallaste-Turismitalu-Padisel-arksa-hingega-talu-Harjumaal-www.kallastetalu.ee--scaled.jpg\",\"width\":2560,\"height\":1707,\"caption\":\"k\u00fcmblust\u00fcnn T\u00fcnnisaun T\u00fcnn kuuma veega k\u00fcmblust\u00fcnn 2 inimene inimesed saun Alumine kompleks Kallaste Turismitalu Padisel - \u00e4rksa hingega talu Harjumaal www.kallastetalu.ee\"},{\"@type\":\"BreadcrumbList\",\"@id\":\"https:\/\/kallastetalu.ee\/en\/holiday-resort\/saunas\/kumblustunn\/#breadcrumb\",\"itemListElement\":[{\"@type\":\"ListItem\",\"position\":1,\"name\":\"Home\",\"item\":\"https:\/\/kallastetalu.ee\/en\/\"},{\"@type\":\"ListItem\",\"position\":2,\"name\":\"Holiday Resort\",\"item\":\"https:\/\/kallastetalu.ee\/en\/holiday-resort\/\"},{\"@type\":\"ListItem\",\"position\":3,\"name\":\"Saunas\",\"item\":\"https:\/\/kallastetalu.ee\/en\/holiday-resort\/saunas\/\"},{\"@type\":\"ListItem\",\"position\":4,\"name\":\"Hot Tube\"}]},{\"@type\":\"WebSite\",\"@id\":\"https:\/\/kallastetalu.ee\/en\/#website\",\"url\":\"https:\/\/kallastetalu.ee\/en\/\",\"name\":\"Kallaste Turismitalu - \u00c4rksa hingega talu Harjumaal\",\"description\":\"\",\"publisher\":{\"@id\":\"https:\/\/kallastetalu.ee\/en\/#organization\"},\"potentialAction\":[{\"@type\":\"SearchAction\",\"target\":{\"@type\":\"EntryPoint\",\"urlTemplate\":\"https:\/\/kallastetalu.ee\/en\/?s={search_term_string}\"},\"query-input\":{\"@type\":\"PropertyValueSpecification\",\"valueRequired\":true,\"valueName\":\"search_term_string\"}}],\"inLanguage\":\"en-US\"},{\"@type\":\"Organization\",\"@id\":\"https:\/\/kallastetalu.ee\/en\/#organization\",\"name\":\"Kallaste Turismitalu - \u00c4rksa hingega talu Harjumaal\",\"url\":\"https:\/\/kallastetalu.ee\/en\/\",\"logo\":{\"@type\":\"ImageObject\",\"inLanguage\":\"en-US\",\"@id\":\"https:\/\/kallastetalu.ee\/en\/#\/schema\/logo\/image\/\",\"url\":\"https:\/\/kallastetalu.ee\/wp-content\/uploads\/2025\/04\/kallastetalu.svg\",\"contentUrl\":\"https:\/\/kallastetalu.ee\/wp-content\/uploads\/2025\/04\/kallastetalu.svg\",\"width\":158,\"height\":127,\"caption\":\"Kallaste Turismitalu - \u00c4rksa hingega talu Harjumaal\"},\"image\":{\"@id\":\"https:\/\/kallastetalu.ee\/en\/#\/schema\/logo\/image\/\"},\"sameAs\":[\"https:\/\/www.facebook.com\/kallastetalu\",\"https:\/\/www.instagram.com\/turismitalu\",\"https:\/\/www.youtube.com\/@turismitalu\",\"https:\/\/www.tripadvisor.com\/Hotel_Review-g19122067-d2677575-Reviews-Kallaste_Talu_Turismitalu_Holiday_Resort-Kasepere_Harju_County.html?m=19905\"]}]}<\/script>\n<!-- \/ Yoast SEO Premium plugin. -->","yoast_head_json":{"title":"Hot Tub Experience | Relaxation at Kallaste Holiday Resort","description":"Relax in a wood-fired hot tub under the open sky, right by the pond. Perfect for unwinding, stargazing, and peaceful moments","robots":{"index":"index","follow":"follow","max-snippet":"max-snippet:-1","max-image-preview":"max-image-preview:large","max-video-preview":"max-video-preview:-1"},"canonical":"https:\/\/kallastetalu.ee\/en\/holiday-resort\/saunas\/kumblustunn\/","og_locale":"en_US","og_type":"article","og_title":"Hot Tube","og_description":"Relax in a wood-fired hot tub under the open sky, right by the pond. Perfect for unwinding, stargazing, and peaceful moments","og_url":"https:\/\/kallastetalu.ee\/en\/holiday-resort\/saunas\/kumblustunn\/","og_site_name":"Kallaste Turismitalu - \u00c4rksa hingega Talu Harjumaal","article_publisher":"https:\/\/www.facebook.com\/kallastetalu","article_modified_time":"2025-06-08T20:53:51+00:00","og_image":[{"width":2560,"height":1707,"url":"https:\/\/kallastetalu.ee\/wp-content\/uploads\/2025\/05\/Tunnisaun-Tunn-kuuma-veega-kumblustunn-2-inimene-inimesed-saun-Alumine-kompleks-Kallaste-Turismitalu-Padisel-arksa-hingega-talu-Harjumaal-www.kallastetalu.ee--scaled.jpg","type":"image\/jpeg"}],"twitter_card":"summary_large_image","twitter_misc":{"Est. reading time":"2 minutes"},"schema":{"@context":"https:\/\/schema.org","@graph":[{"@type":"WebPage","@id":"https:\/\/kallastetalu.ee\/en\/holiday-resort\/saunas\/kumblustunn\/","url":"https:\/\/kallastetalu.ee\/en\/holiday-resort\/saunas\/kumblustunn\/","name":"Hot Tub Experience | Relaxation at Kallaste Holiday Resort","isPartOf":{"@id":"https:\/\/kallastetalu.ee\/en\/#website"},"primaryImageOfPage":{"@id":"https:\/\/kallastetalu.ee\/en\/holiday-resort\/saunas\/kumblustunn\/#primaryimage"},"image":{"@id":"https:\/\/kallastetalu.ee\/en\/holiday-resort\/saunas\/kumblustunn\/#primaryimage"},"thumbnailUrl":"https:\/\/kallastetalu.ee\/wp-content\/uploads\/2025\/05\/Tunnisaun-Tunn-kuuma-veega-kumblustunn-2-inimene-inimesed-saun-Alumine-kompleks-Kallaste-Turismitalu-Padisel-arksa-hingega-talu-Harjumaal-www.kallastetalu.ee--scaled.jpg","datePublished":"2025-05-20T10:39:15+00:00","dateModified":"2025-06-08T20:53:51+00:00","description":"Relax in a wood-fired hot tub under the open sky, right by the pond. Perfect for unwinding, stargazing, and peaceful moments","breadcrumb":{"@id":"https:\/\/kallastetalu.ee\/en\/holiday-resort\/saunas\/kumblustunn\/#breadcrumb"},"inLanguage":"en-US","potentialAction":[{"@type":"ReadAction","target":["https:\/\/kallastetalu.ee\/en\/holiday-resort\/saunas\/kumblustunn\/"]}]},{"@type":"ImageObject","inLanguage":"en-US","@id":"https:\/\/kallastetalu.ee\/en\/holiday-resort\/saunas\/kumblustunn\/#primaryimage","url":"https:\/\/kallastetalu.ee\/wp-content\/uploads\/2025\/05\/Tunnisaun-Tunn-kuuma-veega-kumblustunn-2-inimene-inimesed-saun-Alumine-kompleks-Kallaste-Turismitalu-Padisel-arksa-hingega-talu-Harjumaal-www.kallastetalu.ee--scaled.jpg","contentUrl":"https:\/\/kallastetalu.ee\/wp-content\/uploads\/2025\/05\/Tunnisaun-Tunn-kuuma-veega-kumblustunn-2-inimene-inimesed-saun-Alumine-kompleks-Kallaste-Turismitalu-Padisel-arksa-hingega-talu-Harjumaal-www.kallastetalu.ee--scaled.jpg","width":2560,"height":1707,"caption":"k\u00fcmblust\u00fcnn T\u00fcnnisaun T\u00fcnn kuuma veega k\u00fcmblust\u00fcnn 2 inimene inimesed saun Alumine kompleks Kallaste Turismitalu Padisel - \u00e4rksa hingega talu Harjumaal www.kallastetalu.ee"},{"@type":"BreadcrumbList","@id":"https:\/\/kallastetalu.ee\/en\/holiday-resort\/saunas\/kumblustunn\/#breadcrumb","itemListElement":[{"@type":"ListItem","position":1,"name":"Home","item":"https:\/\/kallastetalu.ee\/en\/"},{"@type":"ListItem","position":2,"name":"Holiday Resort","item":"https:\/\/kallastetalu.ee\/en\/holiday-resort\/"},{"@type":"ListItem","position":3,"name":"Saunas","item":"https:\/\/kallastetalu.ee\/en\/holiday-resort\/saunas\/"},{"@type":"ListItem","position":4,"name":"Hot Tube"}]},{"@type":"WebSite","@id":"https:\/\/kallastetalu.ee\/en\/#website","url":"https:\/\/kallastetalu.ee\/en\/","name":"Kallaste Turismitalu - \u00c4rksa hingega talu Harjumaal","description":"","publisher":{"@id":"https:\/\/kallastetalu.ee\/en\/#organization"},"potentialAction":[{"@type":"SearchAction","target":{"@type":"EntryPoint","urlTemplate":"https:\/\/kallastetalu.ee\/en\/?s={search_term_string}"},"query-input":{"@type":"PropertyValueSpecification","valueRequired":true,"valueName":"search_term_string"}}],"inLanguage":"en-US"},{"@type":"Organization","@id":"https:\/\/kallastetalu.ee\/en\/#organization","name":"Kallaste Turismitalu - \u00c4rksa hingega talu Harjumaal","url":"https:\/\/kallastetalu.ee\/en\/","logo":{"@type":"ImageObject","inLanguage":"en-US","@id":"https:\/\/kallastetalu.ee\/en\/#\/schema\/logo\/image\/","url":"https:\/\/kallastetalu.ee\/wp-content\/uploads\/2025\/04\/kallastetalu.svg","contentUrl":"https:\/\/kallastetalu.ee\/wp-content\/uploads\/2025\/04\/kallastetalu.svg","width":158,"height":127,"caption":"Kallaste Turismitalu - \u00c4rksa hingega talu Harjumaal"},"image":{"@id":"https:\/\/kallastetalu.ee\/en\/#\/schema\/logo\/image\/"},"sameAs":["https:\/\/www.facebook.com\/kallastetalu","https:\/\/www.instagram.com\/turismitalu","https:\/\/www.youtube.com\/@turismitalu","https:\/\/www.tripadvisor.com\/Hotel_Review-g19122067-d2677575-Reviews-Kallaste_Talu_Turismitalu_Holiday_Resort-Kasepere_Harju_County.html?m=19905"]}]}},"_links":{"self":[{"href":"https:\/\/kallastetalu.ee\/en\/wp-json\/wp\/v2\/pages\/4068","targetHints":{"allow":["GET"]}}],"collection":[{"href":"https:\/\/kallastetalu.ee\/en\/wp-json\/wp\/v2\/pages"}],"about":[{"href":"https:\/\/kallastetalu.ee\/en\/wp-json\/wp\/v2\/types\/page"}],"author":[{"embeddable":true,"href":"https:\/\/kallastetalu.ee\/en\/wp-json\/wp\/v2\/users\/2"}],"replies":[{"embeddable":true,"href":"https:\/\/kallastetalu.ee\/en\/wp-json\/wp\/v2\/comments?post=4068"}],"version-history":[{"count":3,"href":"https:\/\/kallastetalu.ee\/en\/wp-json\/wp\/v2\/pages\/4068\/revisions"}],"predecessor-version":[{"id":4845,"href":"https:\/\/kallastetalu.ee\/en\/wp-json\/wp\/v2\/pages\/4068\/revisions\/4845"}],"up":[{"embeddable":true,"href":"https:\/\/kallastetalu.ee\/en\/wp-json\/wp\/v2\/pages\/4058"}],"wp:featuredmedia":[{"embeddable":true,"href":"https:\/\/kallastetalu.ee\/en\/wp-json\/wp\/v2\/media\/1593"}],"wp:attachment":[{"href":"https:\/\/kallastetalu.ee\/en\/wp-json\/wp\/v2\/media?parent=4068"}],"curies":[{"name":"wp","href":"https:\/\/api.w.org\/{rel}","templated":true}]}}