{"id":4100,"date":"2025-06-01T19:55:49","date_gmt":"2025-06-01T19:55:49","guid":{"rendered":"https:\/\/kallastetalu.ee\/turismitalu\/aktiivne-puhkus\/hapendamise-tootuba\/"},"modified":"2025-10-09T11:16:06","modified_gmt":"2025-10-09T11:16:06","slug":"fermentation-workshop","status":"publish","type":"page","link":"https:\/\/kallastetalu.ee\/en\/holiday-resort\/active-holiday\/fermentation-workshop\/","title":{"rendered":"Fermentation Workshop"},"content":{"rendered":"\n<h3 class=\"wp-block-heading\" id=\"h-fermentation-workshop-a-jar-full-of-health-and-joy\">Fermentation Workshop \u2013 a jar full of health and joy!<\/h3>\n\n\n\n<p>Come join our Fermentation Workshop at Kallaste Turismitalu and enjoy a hands-on, tasty experience suitable for all ages!<\/p>\n\n\n\n<p>Fermentation isn\u2019t just a grandma\u2019s kitchen trick \u2014 it\u2019s a simple and fun way to prepare healthy, vitamin-rich, and living food. As a society, we need to reconnect with our roots and rediscover the wellness wisdom passed down through generations. With just a few golden rules and a bit of patience, you\u2019ll be amazed at how nature does the work for you!<\/p>\n\n\n\n<h2 class=\"wp-block-heading\" id=\"h-why-ferment\"><strong>Why ferment?<\/strong><\/h2>\n\n\n\n<p><br>Fermented vegetables are full of probiotics, prebiotics (their food), vitamins, and beneficial enzymes that support digestion, strengthen immunity, and keep your gut happy. Fermentation also reduces natural sugars in vegetables and makes them easier to digest.<\/p>\n\n\n\n<h2 class=\"wp-block-heading\" id=\"h-in-this-workshop-we-will\"><strong>In this workshop, we will:<\/strong><\/h2>\n\n\n\n<ul class=\"wp-block-list\">\n<li><span><span>Learn the basics and golden rules of fermentation<\/span><\/span><\/li>\n\n\n\n<li><span><span>Share tips and tricks from how we ferment at Kallaste<\/span><\/span><\/li>\n\n\n\n<li><span><span>Taste a variety of fermented vegetables, sprouts, and fruits<\/span><\/span><\/li>\n\n\n\n<li><span><span>Prepare a personal jar of fermented goodness to take home and nurture<\/span><\/span><\/li>\n<\/ul>\n\n\n\n<p><strong>Duration:<\/strong> 1\u20132 hours (depending on group size)<br><strong>Available year-round<\/strong><\/p>\n\n\n\n<p>Fermentation is simple, natural, and deeply satisfying \u2014 even for those who don\u2019t consider themselves kitchen-savvy. Come try it for yourself and take home a jar of pure health!<\/p>\n\n\n    <section class=\"price-list smooth-corners\">\n                    <div class=\"price-list__item\">\n                <div class=\"price-list__item-content\">\n                    <div class=\"price-list__item-content-name\">\n                        Fermentation Workshop                    <\/div>\n                                        <div class=\"price-list__item-content-price smooth-corners\">\n                         \u20ac26 per person                    <\/div>\n                                    <\/div>\n                                    <div class=\"price-list__item-notice\">\n                        The price includes a 1\u20132 hour guided workshop, ingredients, and a jar.                    <\/div>\n                            <\/div>\n            <\/section>\n\n\n\n<h2 class=\"wp-block-heading\" id=\"h-why-is-fermented-food-so-is-beneficial\"><strong>Why is fermented food <\/strong>so<strong>is beneficial?<\/strong><\/h2>\n\n\n\n<p>Fermented food isn\u2019t just grandma\u2019s pantry pride \u2014 it\u2019s real food, alive with beneficial bacteria, vitamins, fiber, and natural flavor. Fermentation is one of the oldest preservation methods in the world, and health-conscious people are rediscovering its value \u2014 for good reason. You can easily start experimenting too, and our Fermentation Workshop is the perfect first step.<\/p>\n\n\n\n<ol class=\"wp-block-list\">\n<li><span><span><strong>A real boost for your digestive system<\/strong>Fermented foods contain natural lactic acid bacteria that help maintain a diverse and balanced gut microbiome. A healthy microbiome supports immunity, mood, energy levels, and overall well-being. Regularly eating fermented foods may relieve digestive issues and improve nutrient absorption.<\/span><\/span><\/li>\n\n\n\n<li><span><span><strong>A natural treasure chest of vitamins and enzymes<\/strong>During fermentation, many vitamins become more bioavailable \u2014 for instance, levels of vitamin C and B-group vitamins often increase. Beneficial bacteria also produce enzymes that help your body digest food more efficiently.<\/span><\/span><\/li>\n\n\n\n<li><span><span><strong>Food that soothes and balances<\/strong>Fermented food helps stabilize blood sugar levels and can reduce inflammation. Thanks to its natural acidity, it supports the body&#8217;s internal balance and gives your metabolism a gentle wake-up call.<\/span><\/span><\/li>\n\n\n\n<li><span><span><strong>A great alternative to processed food<\/strong>Fermented vegetables like sauerkraut, pickles, carrots, beets, or even radishes are full of flavor and health benefits. They contain no preservatives, artificial additives, or hidden sugars \u2014 it\u2019s real food for real people.<\/span><\/span><\/li>\n\n\n\n<li><span><span><strong>Longer shelf life without preservatives<\/strong>Fermented food keeps naturally and can be enjoyed long after preparation \u2014 meaning less food waste and more satisfaction.<\/span><\/span><\/li>\n\n\n\n<li><span><span><strong>A tradition that supports vitality<\/strong>Long-lived cultures \u2014 such as the Japanese, Koreans, and Scandinavians \u2014 have consumed fermented foods for centuries, and not by accident. Fermentation is also a key part of Estonian food culture: sauerkraut, pickles, and even sour milk have always had a place of honor at our ancestors&#8217; table.<\/span><\/span><\/li>\n<\/ol>\n\n\n    <section class=\"gallery-block\">\n        <div class=\"gallery-block__wrapper swiper\">\n            <div class=\"gallery-block__list swiper-wrapper\">\n                                        <div class=\"gallery-block__list-item swiper-slide\">\n                            <img decoding=\"async\" width=\"1440\" height=\"811\" src=\"https:\/\/kallastetalu.ee\/wp-content\/uploads\/2025\/10\/WhatsAppi-pilt-2025-10-09-kell-14.05.43_c2f70f73-rotated.jpg\" class=\"attachment-full size-full\" alt=\"Hependamise fermenteerimise t\u00f6\u00f6tuba Kallaste Turismitalus Harjumaal - \u00e4rksa hingega talu\" srcset=\"https:\/\/kallastetalu.ee\/wp-content\/uploads\/2025\/10\/WhatsAppi-pilt-2025-10-09-kell-14.05.43_c2f70f73-rotated.jpg 1440w, https:\/\/kallastetalu.ee\/wp-content\/uploads\/2025\/10\/WhatsAppi-pilt-2025-10-09-kell-14.05.43_c2f70f73-250x141.jpg 250w, https:\/\/kallastetalu.ee\/wp-content\/uploads\/2025\/10\/WhatsAppi-pilt-2025-10-09-kell-14.05.43_c2f70f73-700x394.jpg 700w, https:\/\/kallastetalu.ee\/wp-content\/uploads\/2025\/10\/WhatsAppi-pilt-2025-10-09-kell-14.05.43_c2f70f73-768x432.jpg 768w, https:\/\/kallastetalu.ee\/wp-content\/uploads\/2025\/10\/WhatsAppi-pilt-2025-10-09-kell-14.05.43_c2f70f73-1536x865.jpg 1536w, https:\/\/kallastetalu.ee\/wp-content\/uploads\/2025\/10\/WhatsAppi-pilt-2025-10-09-kell-14.05.43_c2f70f73-120x68.jpg 120w, https:\/\/kallastetalu.ee\/wp-content\/uploads\/2025\/10\/WhatsAppi-pilt-2025-10-09-kell-14.05.43_c2f70f73-1920x1080.jpg 1920w, https:\/\/kallastetalu.ee\/wp-content\/uploads\/2025\/10\/WhatsAppi-pilt-2025-10-09-kell-14.05.43_c2f70f73-600x338.jpg 600w\" sizes=\"(max-width: 1440px) 100vw, 1440px\" \/>                        <\/div>\n                                        <div class=\"gallery-block__list-item swiper-slide\">\n                            <img decoding=\"async\" width=\"1440\" height=\"811\" src=\"https:\/\/kallastetalu.ee\/wp-content\/uploads\/2025\/10\/WhatsAppi-pilt-2025-10-09-kell-13.21.03_09e175c8-1.jpg\" class=\"attachment-full size-full\" alt=\"Hependamise fermenteerimise t\u00f6\u00f6tuba Kallaste Turismitalus Harjumaal - \u00e4rksa hingega talu\" srcset=\"https:\/\/kallastetalu.ee\/wp-content\/uploads\/2025\/10\/WhatsAppi-pilt-2025-10-09-kell-13.21.03_09e175c8-1.jpg 1440w, https:\/\/kallastetalu.ee\/wp-content\/uploads\/2025\/10\/WhatsAppi-pilt-2025-10-09-kell-13.21.03_09e175c8-1-250x141.jpg 250w, https:\/\/kallastetalu.ee\/wp-content\/uploads\/2025\/10\/WhatsAppi-pilt-2025-10-09-kell-13.21.03_09e175c8-1-700x394.jpg 700w, https:\/\/kallastetalu.ee\/wp-content\/uploads\/2025\/10\/WhatsAppi-pilt-2025-10-09-kell-13.21.03_09e175c8-1-768x432.jpg 768w, https:\/\/kallastetalu.ee\/wp-content\/uploads\/2025\/10\/WhatsAppi-pilt-2025-10-09-kell-13.21.03_09e175c8-1-1536x865.jpg 1536w, https:\/\/kallastetalu.ee\/wp-content\/uploads\/2025\/10\/WhatsAppi-pilt-2025-10-09-kell-13.21.03_09e175c8-1-120x68.jpg 120w, https:\/\/kallastetalu.ee\/wp-content\/uploads\/2025\/10\/WhatsAppi-pilt-2025-10-09-kell-13.21.03_09e175c8-1-1920x1080.jpg 1920w, https:\/\/kallastetalu.ee\/wp-content\/uploads\/2025\/10\/WhatsAppi-pilt-2025-10-09-kell-13.21.03_09e175c8-1-600x338.jpg 600w\" sizes=\"(max-width: 1440px) 100vw, 1440px\" \/>                        <\/div>\n                                        <div class=\"gallery-block__list-item swiper-slide\">\n                            <img decoding=\"async\" width=\"1440\" height=\"811\" src=\"https:\/\/kallastetalu.ee\/wp-content\/uploads\/2025\/10\/WhatsAppi-pilt-2025-10-09-kell-13.21.03_a135963a.jpg\" class=\"attachment-full size-full\" alt=\"Hependamise fermenteerimise t\u00f6\u00f6tuba Kallaste Turismitalus Harjumaal - \u00e4rksa hingega talu\" srcset=\"https:\/\/kallastetalu.ee\/wp-content\/uploads\/2025\/10\/WhatsAppi-pilt-2025-10-09-kell-13.21.03_a135963a.jpg 1440w, https:\/\/kallastetalu.ee\/wp-content\/uploads\/2025\/10\/WhatsAppi-pilt-2025-10-09-kell-13.21.03_a135963a-250x141.jpg 250w, https:\/\/kallastetalu.ee\/wp-content\/uploads\/2025\/10\/WhatsAppi-pilt-2025-10-09-kell-13.21.03_a135963a-700x394.jpg 700w, https:\/\/kallastetalu.ee\/wp-content\/uploads\/2025\/10\/WhatsAppi-pilt-2025-10-09-kell-13.21.03_a135963a-768x432.jpg 768w, https:\/\/kallastetalu.ee\/wp-content\/uploads\/2025\/10\/WhatsAppi-pilt-2025-10-09-kell-13.21.03_a135963a-1536x865.jpg 1536w, https:\/\/kallastetalu.ee\/wp-content\/uploads\/2025\/10\/WhatsAppi-pilt-2025-10-09-kell-13.21.03_a135963a-120x68.jpg 120w, https:\/\/kallastetalu.ee\/wp-content\/uploads\/2025\/10\/WhatsAppi-pilt-2025-10-09-kell-13.21.03_a135963a-1920x1080.jpg 1920w, https:\/\/kallastetalu.ee\/wp-content\/uploads\/2025\/10\/WhatsAppi-pilt-2025-10-09-kell-13.21.03_a135963a-600x338.jpg 600w\" sizes=\"(max-width: 1440px) 100vw, 1440px\" \/>                        <\/div>\n                                        <div class=\"gallery-block__list-item swiper-slide\">\n                            <img decoding=\"async\" width=\"1440\" height=\"811\" src=\"https:\/\/kallastetalu.ee\/wp-content\/uploads\/2025\/10\/WhatsAppi-pilt-2025-10-09-kell-14.05.43_5756c859.jpg\" class=\"attachment-full size-full\" alt=\"Hependamise fermenteerimise t\u00f6\u00f6tuba Kallaste Turismitalus Harjumaal - \u00e4rksa hingega talu\" srcset=\"https:\/\/kallastetalu.ee\/wp-content\/uploads\/2025\/10\/WhatsAppi-pilt-2025-10-09-kell-14.05.43_5756c859.jpg 1440w, https:\/\/kallastetalu.ee\/wp-content\/uploads\/2025\/10\/WhatsAppi-pilt-2025-10-09-kell-14.05.43_5756c859-250x141.jpg 250w, https:\/\/kallastetalu.ee\/wp-content\/uploads\/2025\/10\/WhatsAppi-pilt-2025-10-09-kell-14.05.43_5756c859-700x394.jpg 700w, https:\/\/kallastetalu.ee\/wp-content\/uploads\/2025\/10\/WhatsAppi-pilt-2025-10-09-kell-14.05.43_5756c859-768x432.jpg 768w, https:\/\/kallastetalu.ee\/wp-content\/uploads\/2025\/10\/WhatsAppi-pilt-2025-10-09-kell-14.05.43_5756c859-1536x865.jpg 1536w, https:\/\/kallastetalu.ee\/wp-content\/uploads\/2025\/10\/WhatsAppi-pilt-2025-10-09-kell-14.05.43_5756c859-120x68.jpg 120w, https:\/\/kallastetalu.ee\/wp-content\/uploads\/2025\/10\/WhatsAppi-pilt-2025-10-09-kell-14.05.43_5756c859-1920x1080.jpg 1920w, https:\/\/kallastetalu.ee\/wp-content\/uploads\/2025\/10\/WhatsAppi-pilt-2025-10-09-kell-14.05.43_5756c859-600x338.jpg 600w\" sizes=\"(max-width: 1440px) 100vw, 1440px\" \/>                        <\/div>\n                            <\/div>\n        <\/div>\n        <div class=\"swiper-button-prev\"><\/div>\n        <div class=\"swiper-button-next\"><\/div>\n    <\/section>\n\n\n\n<h3 class=\"wp-block-heading\" id=\"h-in-a-nutshell\"><strong>In a nutshell<\/strong><\/h3>\n\n\n\n<p>Fermented food isn\u2019t just a trendy hipster summer camp craze \u2014 it\u2019s a simple, affordable, and effective way to support your health, strengthen your immune system, and enjoy something delicious that your body will thank you for. If something this good can be made with just salt, water, and a bit of patience \u2014 why not give it a try?Maybe all you need is that little nudge we can offer in our fermentation workshop \u2014 a bit of courage and a few easy tips. Maybe it\u2019ll even be life-changing. But even if it\u2019s not, peeling and chopping vegetables with good company is honestly a lot of fun.<\/p>\n\n\n\n<p>Come and experience how real fermentation happens \u2013 and enjoy the taste of life itself! A fun, hands-on experience that\u2019s easy to join and hard to forget.<\/p>\n","protected":false},"excerpt":{"rendered":"Fermentation Workshop \u2013 a jar full of health and joy! Come join our Fermentation Workshop at Kallaste Turismitalu and enjoy a hands-on,&#8230;","protected":false},"author":2,"featured_media":5846,"parent":4094,"menu_order":0,"comment_status":"closed","ping_status":"closed","template":"page-templates\/template-accommodation-item.php","meta":{"_acf_changed":false,"inline_featured_image":false,"footnotes":""},"class_list":["post-4100","page","type-page","status-publish","has-post-thumbnail","hentry"],"acf":[],"yoast_head":"<!-- This site is optimized with the Yoast SEO Premium plugin v25.2 (Yoast SEO v26.7) - https:\/\/yoast.com\/wordpress\/plugins\/seo\/ -->\n<title>Fermentation Workshop at Kallaste Turismitalu Holiday Resort<\/title>\n<meta name=\"description\" content=\"Discover the magic of fermentation at Kallaste Holiday Farm \u2013 create living flavors, learn ancient food wisdom, and take home your own jar of goodness!\" \/>\n<meta name=\"robots\" content=\"index, follow, max-snippet:-1, max-image-preview:large, max-video-preview:-1\" \/>\n<link rel=\"canonical\" href=\"https:\/\/kallastetalu.ee\/en\/holiday-resort\/active-holiday\/fermentation-workshop\/\" \/>\n<meta property=\"og:locale\" content=\"en_US\" \/>\n<meta property=\"og:type\" content=\"article\" \/>\n<meta property=\"og:title\" content=\"Fermentation Workshop\" \/>\n<meta property=\"og:description\" content=\"Discover the magic of fermentation at Kallaste Holiday Farm \u2013 create living flavors, learn ancient food wisdom, and take home your own jar of goodness!\" \/>\n<meta property=\"og:url\" content=\"https:\/\/kallastetalu.ee\/en\/holiday-resort\/active-holiday\/fermentation-workshop\/\" \/>\n<meta property=\"og:site_name\" content=\"Kallaste Turismitalu - \u00c4rksa hingega Talu Harjumaal\" \/>\n<meta property=\"article:publisher\" content=\"https:\/\/www.facebook.com\/kallastetalu\" \/>\n<meta property=\"article:modified_time\" content=\"2025-10-09T11:16:06+00:00\" \/>\n<meta property=\"og:image\" content=\"https:\/\/kallastetalu.ee\/wp-content\/uploads\/2025\/10\/WhatsAppi-pilt-2025-10-09-kell-13.21.03_09e175c8.jpg\" \/>\n\t<meta property=\"og:image:width\" content=\"2000\" \/>\n\t<meta property=\"og:image:height\" content=\"1126\" \/>\n\t<meta property=\"og:image:type\" content=\"image\/jpeg\" \/>\n<meta name=\"twitter:card\" content=\"summary_large_image\" \/>\n<meta name=\"twitter:label1\" content=\"Est. reading time\" \/>\n\t<meta name=\"twitter:data1\" content=\"4 minutes\" \/>\n<script type=\"application\/ld+json\" class=\"yoast-schema-graph\">{\"@context\":\"https:\/\/schema.org\",\"@graph\":[{\"@type\":\"WebPage\",\"@id\":\"https:\/\/kallastetalu.ee\/en\/holiday-resort\/active-holiday\/fermentation-workshop\/\",\"url\":\"https:\/\/kallastetalu.ee\/en\/holiday-resort\/active-holiday\/fermentation-workshop\/\",\"name\":\"Fermentation Workshop at Kallaste Turismitalu Holiday Resort\",\"isPartOf\":{\"@id\":\"https:\/\/kallastetalu.ee\/en\/#website\"},\"primaryImageOfPage\":{\"@id\":\"https:\/\/kallastetalu.ee\/en\/holiday-resort\/active-holiday\/fermentation-workshop\/#primaryimage\"},\"image\":{\"@id\":\"https:\/\/kallastetalu.ee\/en\/holiday-resort\/active-holiday\/fermentation-workshop\/#primaryimage\"},\"thumbnailUrl\":\"https:\/\/kallastetalu.ee\/wp-content\/uploads\/2025\/10\/WhatsAppi-pilt-2025-10-09-kell-13.21.03_09e175c8.jpg\",\"datePublished\":\"2025-06-01T19:55:49+00:00\",\"dateModified\":\"2025-10-09T11:16:06+00:00\",\"description\":\"Discover the magic of fermentation at Kallaste Holiday Farm \u2013 create living flavors, learn ancient food wisdom, and take home your own jar of goodness!\",\"breadcrumb\":{\"@id\":\"https:\/\/kallastetalu.ee\/en\/holiday-resort\/active-holiday\/fermentation-workshop\/#breadcrumb\"},\"inLanguage\":\"en-US\",\"potentialAction\":[{\"@type\":\"ReadAction\",\"target\":[\"https:\/\/kallastetalu.ee\/en\/holiday-resort\/active-holiday\/fermentation-workshop\/\"]}]},{\"@type\":\"ImageObject\",\"inLanguage\":\"en-US\",\"@id\":\"https:\/\/kallastetalu.ee\/en\/holiday-resort\/active-holiday\/fermentation-workshop\/#primaryimage\",\"url\":\"https:\/\/kallastetalu.ee\/wp-content\/uploads\/2025\/10\/WhatsAppi-pilt-2025-10-09-kell-13.21.03_09e175c8.jpg\",\"contentUrl\":\"https:\/\/kallastetalu.ee\/wp-content\/uploads\/2025\/10\/WhatsAppi-pilt-2025-10-09-kell-13.21.03_09e175c8.jpg\",\"width\":1440,\"height\":811,\"caption\":\"Hependamise fermenteerimise t\u00f6\u00f6tuba Kallaste Turismitalus Harjumaal - \u00e4rksa hingega talu\"},{\"@type\":\"BreadcrumbList\",\"@id\":\"https:\/\/kallastetalu.ee\/en\/holiday-resort\/active-holiday\/fermentation-workshop\/#breadcrumb\",\"itemListElement\":[{\"@type\":\"ListItem\",\"position\":1,\"name\":\"Home\",\"item\":\"https:\/\/kallastetalu.ee\/en\/\"},{\"@type\":\"ListItem\",\"position\":2,\"name\":\"Holiday Resort\",\"item\":\"https:\/\/kallastetalu.ee\/en\/holiday-resort\/\"},{\"@type\":\"ListItem\",\"position\":3,\"name\":\"Active Holiday\",\"item\":\"https:\/\/kallastetalu.ee\/en\/holiday-resort\/active-holiday\/\"},{\"@type\":\"ListItem\",\"position\":4,\"name\":\"Fermentation Workshop\"}]},{\"@type\":\"WebSite\",\"@id\":\"https:\/\/kallastetalu.ee\/en\/#website\",\"url\":\"https:\/\/kallastetalu.ee\/en\/\",\"name\":\"Kallaste Turismitalu - \u00c4rksa hingega talu Harjumaal\",\"description\":\"\",\"publisher\":{\"@id\":\"https:\/\/kallastetalu.ee\/en\/#organization\"},\"potentialAction\":[{\"@type\":\"SearchAction\",\"target\":{\"@type\":\"EntryPoint\",\"urlTemplate\":\"https:\/\/kallastetalu.ee\/en\/?s={search_term_string}\"},\"query-input\":{\"@type\":\"PropertyValueSpecification\",\"valueRequired\":true,\"valueName\":\"search_term_string\"}}],\"inLanguage\":\"en-US\"},{\"@type\":\"Organization\",\"@id\":\"https:\/\/kallastetalu.ee\/en\/#organization\",\"name\":\"Kallaste Turismitalu - \u00c4rksa hingega talu Harjumaal\",\"url\":\"https:\/\/kallastetalu.ee\/en\/\",\"logo\":{\"@type\":\"ImageObject\",\"inLanguage\":\"en-US\",\"@id\":\"https:\/\/kallastetalu.ee\/en\/#\/schema\/logo\/image\/\",\"url\":\"https:\/\/kallastetalu.ee\/wp-content\/uploads\/2025\/04\/kallastetalu.svg\",\"contentUrl\":\"https:\/\/kallastetalu.ee\/wp-content\/uploads\/2025\/04\/kallastetalu.svg\",\"width\":158,\"height\":127,\"caption\":\"Kallaste Turismitalu - \u00c4rksa hingega talu Harjumaal\"},\"image\":{\"@id\":\"https:\/\/kallastetalu.ee\/en\/#\/schema\/logo\/image\/\"},\"sameAs\":[\"https:\/\/www.facebook.com\/kallastetalu\",\"https:\/\/www.instagram.com\/turismitalu\",\"https:\/\/www.youtube.com\/@turismitalu\",\"https:\/\/www.tripadvisor.com\/Hotel_Review-g19122067-d2677575-Reviews-Kallaste_Talu_Turismitalu_Holiday_Resort-Kasepere_Harju_County.html?m=19905\"]}]}<\/script>\n<!-- \/ Yoast SEO Premium plugin. -->","yoast_head_json":{"title":"Fermentation Workshop at Kallaste Turismitalu Holiday Resort","description":"Discover the magic of fermentation at Kallaste Holiday Farm \u2013 create living flavors, learn ancient food wisdom, and take home your own jar of goodness!","robots":{"index":"index","follow":"follow","max-snippet":"max-snippet:-1","max-image-preview":"max-image-preview:large","max-video-preview":"max-video-preview:-1"},"canonical":"https:\/\/kallastetalu.ee\/en\/holiday-resort\/active-holiday\/fermentation-workshop\/","og_locale":"en_US","og_type":"article","og_title":"Fermentation Workshop","og_description":"Discover the magic of fermentation at Kallaste Holiday Farm \u2013 create living flavors, learn ancient food wisdom, and take home your own jar of goodness!","og_url":"https:\/\/kallastetalu.ee\/en\/holiday-resort\/active-holiday\/fermentation-workshop\/","og_site_name":"Kallaste Turismitalu - \u00c4rksa hingega Talu Harjumaal","article_publisher":"https:\/\/www.facebook.com\/kallastetalu","article_modified_time":"2025-10-09T11:16:06+00:00","og_image":[{"width":2000,"height":1126,"url":"https:\/\/kallastetalu.ee\/wp-content\/uploads\/2025\/10\/WhatsAppi-pilt-2025-10-09-kell-13.21.03_09e175c8.jpg","type":"image\/jpeg"}],"twitter_card":"summary_large_image","twitter_misc":{"Est. reading time":"4 minutes"},"schema":{"@context":"https:\/\/schema.org","@graph":[{"@type":"WebPage","@id":"https:\/\/kallastetalu.ee\/en\/holiday-resort\/active-holiday\/fermentation-workshop\/","url":"https:\/\/kallastetalu.ee\/en\/holiday-resort\/active-holiday\/fermentation-workshop\/","name":"Fermentation Workshop at Kallaste Turismitalu Holiday Resort","isPartOf":{"@id":"https:\/\/kallastetalu.ee\/en\/#website"},"primaryImageOfPage":{"@id":"https:\/\/kallastetalu.ee\/en\/holiday-resort\/active-holiday\/fermentation-workshop\/#primaryimage"},"image":{"@id":"https:\/\/kallastetalu.ee\/en\/holiday-resort\/active-holiday\/fermentation-workshop\/#primaryimage"},"thumbnailUrl":"https:\/\/kallastetalu.ee\/wp-content\/uploads\/2025\/10\/WhatsAppi-pilt-2025-10-09-kell-13.21.03_09e175c8.jpg","datePublished":"2025-06-01T19:55:49+00:00","dateModified":"2025-10-09T11:16:06+00:00","description":"Discover the magic of fermentation at Kallaste Holiday Farm \u2013 create living flavors, learn ancient food wisdom, and take home your own jar of goodness!","breadcrumb":{"@id":"https:\/\/kallastetalu.ee\/en\/holiday-resort\/active-holiday\/fermentation-workshop\/#breadcrumb"},"inLanguage":"en-US","potentialAction":[{"@type":"ReadAction","target":["https:\/\/kallastetalu.ee\/en\/holiday-resort\/active-holiday\/fermentation-workshop\/"]}]},{"@type":"ImageObject","inLanguage":"en-US","@id":"https:\/\/kallastetalu.ee\/en\/holiday-resort\/active-holiday\/fermentation-workshop\/#primaryimage","url":"https:\/\/kallastetalu.ee\/wp-content\/uploads\/2025\/10\/WhatsAppi-pilt-2025-10-09-kell-13.21.03_09e175c8.jpg","contentUrl":"https:\/\/kallastetalu.ee\/wp-content\/uploads\/2025\/10\/WhatsAppi-pilt-2025-10-09-kell-13.21.03_09e175c8.jpg","width":1440,"height":811,"caption":"Hependamise fermenteerimise t\u00f6\u00f6tuba Kallaste Turismitalus Harjumaal - \u00e4rksa hingega talu"},{"@type":"BreadcrumbList","@id":"https:\/\/kallastetalu.ee\/en\/holiday-resort\/active-holiday\/fermentation-workshop\/#breadcrumb","itemListElement":[{"@type":"ListItem","position":1,"name":"Home","item":"https:\/\/kallastetalu.ee\/en\/"},{"@type":"ListItem","position":2,"name":"Holiday Resort","item":"https:\/\/kallastetalu.ee\/en\/holiday-resort\/"},{"@type":"ListItem","position":3,"name":"Active Holiday","item":"https:\/\/kallastetalu.ee\/en\/holiday-resort\/active-holiday\/"},{"@type":"ListItem","position":4,"name":"Fermentation Workshop"}]},{"@type":"WebSite","@id":"https:\/\/kallastetalu.ee\/en\/#website","url":"https:\/\/kallastetalu.ee\/en\/","name":"Kallaste Turismitalu - \u00c4rksa hingega talu Harjumaal","description":"","publisher":{"@id":"https:\/\/kallastetalu.ee\/en\/#organization"},"potentialAction":[{"@type":"SearchAction","target":{"@type":"EntryPoint","urlTemplate":"https:\/\/kallastetalu.ee\/en\/?s={search_term_string}"},"query-input":{"@type":"PropertyValueSpecification","valueRequired":true,"valueName":"search_term_string"}}],"inLanguage":"en-US"},{"@type":"Organization","@id":"https:\/\/kallastetalu.ee\/en\/#organization","name":"Kallaste Turismitalu - \u00c4rksa hingega talu Harjumaal","url":"https:\/\/kallastetalu.ee\/en\/","logo":{"@type":"ImageObject","inLanguage":"en-US","@id":"https:\/\/kallastetalu.ee\/en\/#\/schema\/logo\/image\/","url":"https:\/\/kallastetalu.ee\/wp-content\/uploads\/2025\/04\/kallastetalu.svg","contentUrl":"https:\/\/kallastetalu.ee\/wp-content\/uploads\/2025\/04\/kallastetalu.svg","width":158,"height":127,"caption":"Kallaste Turismitalu - \u00c4rksa hingega talu Harjumaal"},"image":{"@id":"https:\/\/kallastetalu.ee\/en\/#\/schema\/logo\/image\/"},"sameAs":["https:\/\/www.facebook.com\/kallastetalu","https:\/\/www.instagram.com\/turismitalu","https:\/\/www.youtube.com\/@turismitalu","https:\/\/www.tripadvisor.com\/Hotel_Review-g19122067-d2677575-Reviews-Kallaste_Talu_Turismitalu_Holiday_Resort-Kasepere_Harju_County.html?m=19905"]}]}},"_links":{"self":[{"href":"https:\/\/kallastetalu.ee\/en\/wp-json\/wp\/v2\/pages\/4100","targetHints":{"allow":["GET"]}}],"collection":[{"href":"https:\/\/kallastetalu.ee\/en\/wp-json\/wp\/v2\/pages"}],"about":[{"href":"https:\/\/kallastetalu.ee\/en\/wp-json\/wp\/v2\/types\/page"}],"author":[{"embeddable":true,"href":"https:\/\/kallastetalu.ee\/en\/wp-json\/wp\/v2\/users\/2"}],"replies":[{"embeddable":true,"href":"https:\/\/kallastetalu.ee\/en\/wp-json\/wp\/v2\/comments?post=4100"}],"version-history":[{"count":5,"href":"https:\/\/kallastetalu.ee\/en\/wp-json\/wp\/v2\/pages\/4100\/revisions"}],"predecessor-version":[{"id":5862,"href":"https:\/\/kallastetalu.ee\/en\/wp-json\/wp\/v2\/pages\/4100\/revisions\/5862"}],"up":[{"embeddable":true,"href":"https:\/\/kallastetalu.ee\/en\/wp-json\/wp\/v2\/pages\/4094"}],"wp:featuredmedia":[{"embeddable":true,"href":"https:\/\/kallastetalu.ee\/en\/wp-json\/wp\/v2\/media\/5846"}],"wp:attachment":[{"href":"https:\/\/kallastetalu.ee\/en\/wp-json\/wp\/v2\/media?parent=4100"}],"curies":[{"name":"wp","href":"https:\/\/api.w.org\/{rel}","templated":true}]}}