{"id":4106,"date":"2025-06-01T18:27:31","date_gmt":"2025-06-01T18:27:31","guid":{"rendered":"https:\/\/kallastetalu.ee\/turismitalu\/aktiivne-puhkus\/ponisoit\/"},"modified":"2025-06-04T12:28:50","modified_gmt":"2025-06-04T12:28:50","slug":"ponisoit","status":"publish","type":"page","link":"https:\/\/kallastetalu.ee\/en\/holiday-resort\/active-holiday\/ponisoit\/","title":{"rendered":"Pony ride"},"content":{"rendered":"\n<h2 class=\"wp-block-heading\" id=\"h-pony-riding-every-princess-s-dream-and-a-little-cowboy-s-first-trail-ride\"><strong>Pony Riding \u2013 Every Princess\u2019s Dream and a Little Cowboy\u2019s First Trail Ride<\/strong><\/h2>\n\n\n\n<p>What could be more delightful than meeting a real pony? At Kallaste Turismitalu, you can now invite a pony to visit \u2014 making a little princess\u2019s dream come true or giving a young cowboy his very first riding adventure.<\/p>\n\n\n\n<p>Our friendly and calm-natured pony is the perfect introduction to the world of horses. Whether it\u2019s a short ride across the grass, giving gentle pats, or simply observing the animal \u2014 these moments light up children\u2019s eyes and fill their hearts with courage. Pony riding is always an unforgettable experience for a young child.<\/p>\n\n\n\n<h2 class=\"wp-block-heading\" id=\"h-pony-riding-teaches-more-than-just-balance\"><strong>Pony riding teaches more than just balance:<\/strong><\/h2>\n\n\n\n<ul class=\"wp-block-list\">\n<li><span><span>The child learns to notice and respect animals<\/span><\/span><\/li>\n\n\n\n<li><span><span>Gains confidence and a sense of independence<\/span><\/span><\/li>\n\n\n\n<li><span><span>Experiences something that pictures and toys could never replace<\/span><\/span><\/li>\n<\/ul>\n\n\n\n<p>If you&#8217;re looking for something peaceful, meaningful, and truly memorable, a pony visit to your event or birthday party is exactly what you need. Some dreams have four legs \u2014 and they\u2019re just waiting to be met.<\/p>\n\n\n\n<h3 class=\"wp-block-heading\" id=\"h-pony-riding-is-perfect-for\"><strong>Pony riding is perfect for:<\/strong><\/h3>\n\n\n\n<ul class=\"wp-block-list\">\n<li><span><span>Children\u2019s birthday parties<\/span><\/span><\/li>\n\n\n\n<li><span><span>Summer or family days<\/span><\/span><\/li>\n\n\n\n<li><span><span>Kindergarten groups (graduation parties or excursions)<\/span><\/span><\/li>\n\n\n\n<li><span><span>Or simply a beautiful day in the countryside with relatives and friends<\/span><\/span><\/li>\n<\/ul>\n\n\n\n<p><\/p>\n\n\n    <section class=\"price-list smooth-corners\">\n                    <div class=\"price-list__item\">\n                <div class=\"price-list__item-content\">\n                    <div class=\"price-list__item-content-name\">\n                        Pony ride                    <\/div>\n                                        <div class=\"price-list__item-content-price smooth-corners\">\n                        from \u20ac100 \/ hour                    <\/div>\n                                    <\/div>\n                                    <div class=\"price-list__item-notice\">\n                        Up to 15 children can enjoy a pony ride within one hour.                    <\/div>\n                            <\/div>\n            <\/section>\n","protected":false},"excerpt":{"rendered":"Pony Riding \u2013 Every Princess\u2019s Dream and a Little Cowboy\u2019s First Trail Ride What could be more delightful than meeting a real pony?&#8230;","protected":false},"author":2,"featured_media":5208,"parent":4094,"menu_order":0,"comment_status":"closed","ping_status":"closed","template":"page-templates\/template-accommodation-item.php","meta":{"_acf_changed":false,"inline_featured_image":false,"footnotes":""},"class_list":["post-4106","page","type-page","status-publish","has-post-thumbnail","hentry"],"acf":[],"yoast_head":"<!-- This site is optimized with the Yoast SEO Premium plugin v25.2 (Yoast SEO v26.7) - https:\/\/yoast.com\/wordpress\/plugins\/seo\/ -->\n<title>Pony ride lapses\u00fcnnip\u00e4evale v\u00f5i muule \u00fcritusele Kallaste Turismitalu<\/title>\n<meta name=\"description\" content=\"Ponis\u00f5it sobib ideaalselt s\u00fcnnip\u00e4evapeole v\u00f5i muule \u00fcritusele atraktsiooniks. Suured emotsioonid, v\u00e4ikesed hobuslased. Iga printsessi unelm!\" \/>\n<meta name=\"robots\" content=\"index, follow, max-snippet:-1, max-image-preview:large, max-video-preview:-1\" \/>\n<link rel=\"canonical\" href=\"https:\/\/kallastetalu.ee\/en\/holiday-resort\/active-holiday\/ponisoit\/\" \/>\n<meta property=\"og:locale\" content=\"en_US\" \/>\n<meta property=\"og:type\" content=\"article\" \/>\n<meta property=\"og:title\" content=\"Pony ride\" \/>\n<meta property=\"og:description\" content=\"Ponis\u00f5it sobib ideaalselt s\u00fcnnip\u00e4evapeole v\u00f5i muule \u00fcritusele atraktsiooniks. Suured emotsioonid, v\u00e4ikesed hobuslased. Iga printsessi unelm!\" \/>\n<meta property=\"og:url\" content=\"https:\/\/kallastetalu.ee\/en\/holiday-resort\/active-holiday\/ponisoit\/\" \/>\n<meta property=\"og:site_name\" content=\"Kallaste Turismitalu - \u00c4rksa hingega Talu Harjumaal\" \/>\n<meta property=\"article:publisher\" content=\"https:\/\/www.facebook.com\/kallastetalu\" \/>\n<meta property=\"article:modified_time\" content=\"2025-06-04T12:28:50+00:00\" \/>\n<meta property=\"og:image\" content=\"https:\/\/kallastetalu.ee\/wp-content\/uploads\/2025\/06\/Untitled-design-2.jpg\" \/>\n\t<meta property=\"og:image:width\" content=\"1920\" \/>\n\t<meta property=\"og:image:height\" content=\"1080\" \/>\n\t<meta property=\"og:image:type\" content=\"image\/jpeg\" \/>\n<meta name=\"twitter:card\" content=\"summary_large_image\" \/>\n<meta name=\"twitter:label1\" content=\"Est. reading time\" \/>\n\t<meta name=\"twitter:data1\" content=\"2 minutes\" \/>\n<script type=\"application\/ld+json\" class=\"yoast-schema-graph\">{\"@context\":\"https:\/\/schema.org\",\"@graph\":[{\"@type\":\"WebPage\",\"@id\":\"https:\/\/kallastetalu.ee\/en\/holiday-resort\/active-holiday\/ponisoit\/\",\"url\":\"https:\/\/kallastetalu.ee\/en\/holiday-resort\/active-holiday\/ponisoit\/\",\"name\":\"Pony ride lapses\u00fcnnip\u00e4evale v\u00f5i muule \u00fcritusele Kallaste Turismitalu\",\"isPartOf\":{\"@id\":\"https:\/\/kallastetalu.ee\/en\/#website\"},\"primaryImageOfPage\":{\"@id\":\"https:\/\/kallastetalu.ee\/en\/holiday-resort\/active-holiday\/ponisoit\/#primaryimage\"},\"image\":{\"@id\":\"https:\/\/kallastetalu.ee\/en\/holiday-resort\/active-holiday\/ponisoit\/#primaryimage\"},\"thumbnailUrl\":\"https:\/\/kallastetalu.ee\/wp-content\/uploads\/2025\/06\/DSCF6071-scaled.jpg\",\"datePublished\":\"2025-06-01T18:27:31+00:00\",\"dateModified\":\"2025-06-04T12:28:50+00:00\",\"description\":\"Ponis\u00f5it sobib ideaalselt s\u00fcnnip\u00e4evapeole v\u00f5i muule \u00fcritusele atraktsiooniks. Suured emotsioonid, v\u00e4ikesed hobuslased. Iga printsessi unelm!\",\"breadcrumb\":{\"@id\":\"https:\/\/kallastetalu.ee\/en\/holiday-resort\/active-holiday\/ponisoit\/#breadcrumb\"},\"inLanguage\":\"en-US\",\"potentialAction\":[{\"@type\":\"ReadAction\",\"target\":[\"https:\/\/kallastetalu.ee\/en\/holiday-resort\/active-holiday\/ponisoit\/\"]}]},{\"@type\":\"ImageObject\",\"inLanguage\":\"en-US\",\"@id\":\"https:\/\/kallastetalu.ee\/en\/holiday-resort\/active-holiday\/ponisoit\/#primaryimage\",\"url\":\"https:\/\/kallastetalu.ee\/wp-content\/uploads\/2025\/06\/DSCF6071-scaled.jpg\",\"contentUrl\":\"https:\/\/kallastetalu.ee\/wp-content\/uploads\/2025\/06\/DSCF6071-scaled.jpg\",\"width\":2560,\"height\":1707,\"caption\":\"Ponis\u00f5it poniga s\u00f5itmine poniga ratsutamine s\u00fcnnip\u00e4ev lapse s\u00fcnnip\u00e4eva koht Kallaste Turismitalu Harjumaal\"},{\"@type\":\"BreadcrumbList\",\"@id\":\"https:\/\/kallastetalu.ee\/en\/holiday-resort\/active-holiday\/ponisoit\/#breadcrumb\",\"itemListElement\":[{\"@type\":\"ListItem\",\"position\":1,\"name\":\"Home\",\"item\":\"https:\/\/kallastetalu.ee\/en\/\"},{\"@type\":\"ListItem\",\"position\":2,\"name\":\"Holiday Resort\",\"item\":\"https:\/\/kallastetalu.ee\/en\/holiday-resort\/\"},{\"@type\":\"ListItem\",\"position\":3,\"name\":\"Active Holiday\",\"item\":\"https:\/\/kallastetalu.ee\/en\/holiday-resort\/active-holiday\/\"},{\"@type\":\"ListItem\",\"position\":4,\"name\":\"Pony ride\"}]},{\"@type\":\"WebSite\",\"@id\":\"https:\/\/kallastetalu.ee\/en\/#website\",\"url\":\"https:\/\/kallastetalu.ee\/en\/\",\"name\":\"Kallaste Turismitalu - \u00c4rksa hingega talu Harjumaal\",\"description\":\"\",\"publisher\":{\"@id\":\"https:\/\/kallastetalu.ee\/en\/#organization\"},\"potentialAction\":[{\"@type\":\"SearchAction\",\"target\":{\"@type\":\"EntryPoint\",\"urlTemplate\":\"https:\/\/kallastetalu.ee\/en\/?s={search_term_string}\"},\"query-input\":{\"@type\":\"PropertyValueSpecification\",\"valueRequired\":true,\"valueName\":\"search_term_string\"}}],\"inLanguage\":\"en-US\"},{\"@type\":\"Organization\",\"@id\":\"https:\/\/kallastetalu.ee\/en\/#organization\",\"name\":\"Kallaste Turismitalu - \u00c4rksa hingega talu Harjumaal\",\"url\":\"https:\/\/kallastetalu.ee\/en\/\",\"logo\":{\"@type\":\"ImageObject\",\"inLanguage\":\"en-US\",\"@id\":\"https:\/\/kallastetalu.ee\/en\/#\/schema\/logo\/image\/\",\"url\":\"https:\/\/kallastetalu.ee\/wp-content\/uploads\/2025\/04\/kallastetalu.svg\",\"contentUrl\":\"https:\/\/kallastetalu.ee\/wp-content\/uploads\/2025\/04\/kallastetalu.svg\",\"width\":158,\"height\":127,\"caption\":\"Kallaste Turismitalu - \u00c4rksa hingega talu Harjumaal\"},\"image\":{\"@id\":\"https:\/\/kallastetalu.ee\/en\/#\/schema\/logo\/image\/\"},\"sameAs\":[\"https:\/\/www.facebook.com\/kallastetalu\",\"https:\/\/www.instagram.com\/turismitalu\",\"https:\/\/www.youtube.com\/@turismitalu\",\"https:\/\/www.tripadvisor.com\/Hotel_Review-g19122067-d2677575-Reviews-Kallaste_Talu_Turismitalu_Holiday_Resort-Kasepere_Harju_County.html?m=19905\"]}]}<\/script>\n<!-- \/ Yoast SEO Premium plugin. -->","yoast_head_json":{"title":"Pony ride lapses\u00fcnnip\u00e4evale v\u00f5i muule \u00fcritusele Kallaste Turismitalu","description":"Ponis\u00f5it sobib ideaalselt s\u00fcnnip\u00e4evapeole v\u00f5i muule \u00fcritusele atraktsiooniks. Suured emotsioonid, v\u00e4ikesed hobuslased. Iga printsessi unelm!","robots":{"index":"index","follow":"follow","max-snippet":"max-snippet:-1","max-image-preview":"max-image-preview:large","max-video-preview":"max-video-preview:-1"},"canonical":"https:\/\/kallastetalu.ee\/en\/holiday-resort\/active-holiday\/ponisoit\/","og_locale":"en_US","og_type":"article","og_title":"Pony ride","og_description":"Ponis\u00f5it sobib ideaalselt s\u00fcnnip\u00e4evapeole v\u00f5i muule \u00fcritusele atraktsiooniks. Suured emotsioonid, v\u00e4ikesed hobuslased. Iga printsessi unelm!","og_url":"https:\/\/kallastetalu.ee\/en\/holiday-resort\/active-holiday\/ponisoit\/","og_site_name":"Kallaste Turismitalu - \u00c4rksa hingega Talu Harjumaal","article_publisher":"https:\/\/www.facebook.com\/kallastetalu","article_modified_time":"2025-06-04T12:28:50+00:00","og_image":[{"width":1920,"height":1080,"url":"https:\/\/kallastetalu.ee\/wp-content\/uploads\/2025\/06\/Untitled-design-2.jpg","type":"image\/jpeg"}],"twitter_card":"summary_large_image","twitter_misc":{"Est. reading time":"2 minutes"},"schema":{"@context":"https:\/\/schema.org","@graph":[{"@type":"WebPage","@id":"https:\/\/kallastetalu.ee\/en\/holiday-resort\/active-holiday\/ponisoit\/","url":"https:\/\/kallastetalu.ee\/en\/holiday-resort\/active-holiday\/ponisoit\/","name":"Pony ride lapses\u00fcnnip\u00e4evale v\u00f5i muule \u00fcritusele Kallaste Turismitalu","isPartOf":{"@id":"https:\/\/kallastetalu.ee\/en\/#website"},"primaryImageOfPage":{"@id":"https:\/\/kallastetalu.ee\/en\/holiday-resort\/active-holiday\/ponisoit\/#primaryimage"},"image":{"@id":"https:\/\/kallastetalu.ee\/en\/holiday-resort\/active-holiday\/ponisoit\/#primaryimage"},"thumbnailUrl":"https:\/\/kallastetalu.ee\/wp-content\/uploads\/2025\/06\/DSCF6071-scaled.jpg","datePublished":"2025-06-01T18:27:31+00:00","dateModified":"2025-06-04T12:28:50+00:00","description":"Ponis\u00f5it sobib ideaalselt s\u00fcnnip\u00e4evapeole v\u00f5i muule \u00fcritusele atraktsiooniks. Suured emotsioonid, v\u00e4ikesed hobuslased. Iga printsessi unelm!","breadcrumb":{"@id":"https:\/\/kallastetalu.ee\/en\/holiday-resort\/active-holiday\/ponisoit\/#breadcrumb"},"inLanguage":"en-US","potentialAction":[{"@type":"ReadAction","target":["https:\/\/kallastetalu.ee\/en\/holiday-resort\/active-holiday\/ponisoit\/"]}]},{"@type":"ImageObject","inLanguage":"en-US","@id":"https:\/\/kallastetalu.ee\/en\/holiday-resort\/active-holiday\/ponisoit\/#primaryimage","url":"https:\/\/kallastetalu.ee\/wp-content\/uploads\/2025\/06\/DSCF6071-scaled.jpg","contentUrl":"https:\/\/kallastetalu.ee\/wp-content\/uploads\/2025\/06\/DSCF6071-scaled.jpg","width":2560,"height":1707,"caption":"Ponis\u00f5it poniga s\u00f5itmine poniga ratsutamine s\u00fcnnip\u00e4ev lapse s\u00fcnnip\u00e4eva koht Kallaste Turismitalu Harjumaal"},{"@type":"BreadcrumbList","@id":"https:\/\/kallastetalu.ee\/en\/holiday-resort\/active-holiday\/ponisoit\/#breadcrumb","itemListElement":[{"@type":"ListItem","position":1,"name":"Home","item":"https:\/\/kallastetalu.ee\/en\/"},{"@type":"ListItem","position":2,"name":"Holiday Resort","item":"https:\/\/kallastetalu.ee\/en\/holiday-resort\/"},{"@type":"ListItem","position":3,"name":"Active Holiday","item":"https:\/\/kallastetalu.ee\/en\/holiday-resort\/active-holiday\/"},{"@type":"ListItem","position":4,"name":"Pony ride"}]},{"@type":"WebSite","@id":"https:\/\/kallastetalu.ee\/en\/#website","url":"https:\/\/kallastetalu.ee\/en\/","name":"Kallaste Turismitalu - \u00c4rksa hingega talu Harjumaal","description":"","publisher":{"@id":"https:\/\/kallastetalu.ee\/en\/#organization"},"potentialAction":[{"@type":"SearchAction","target":{"@type":"EntryPoint","urlTemplate":"https:\/\/kallastetalu.ee\/en\/?s={search_term_string}"},"query-input":{"@type":"PropertyValueSpecification","valueRequired":true,"valueName":"search_term_string"}}],"inLanguage":"en-US"},{"@type":"Organization","@id":"https:\/\/kallastetalu.ee\/en\/#organization","name":"Kallaste Turismitalu - \u00c4rksa hingega talu Harjumaal","url":"https:\/\/kallastetalu.ee\/en\/","logo":{"@type":"ImageObject","inLanguage":"en-US","@id":"https:\/\/kallastetalu.ee\/en\/#\/schema\/logo\/image\/","url":"https:\/\/kallastetalu.ee\/wp-content\/uploads\/2025\/04\/kallastetalu.svg","contentUrl":"https:\/\/kallastetalu.ee\/wp-content\/uploads\/2025\/04\/kallastetalu.svg","width":158,"height":127,"caption":"Kallaste Turismitalu - \u00c4rksa hingega talu Harjumaal"},"image":{"@id":"https:\/\/kallastetalu.ee\/en\/#\/schema\/logo\/image\/"},"sameAs":["https:\/\/www.facebook.com\/kallastetalu","https:\/\/www.instagram.com\/turismitalu","https:\/\/www.youtube.com\/@turismitalu","https:\/\/www.tripadvisor.com\/Hotel_Review-g19122067-d2677575-Reviews-Kallaste_Talu_Turismitalu_Holiday_Resort-Kasepere_Harju_County.html?m=19905"]}]}},"_links":{"self":[{"href":"https:\/\/kallastetalu.ee\/en\/wp-json\/wp\/v2\/pages\/4106","targetHints":{"allow":["GET"]}}],"collection":[{"href":"https:\/\/kallastetalu.ee\/en\/wp-json\/wp\/v2\/pages"}],"about":[{"href":"https:\/\/kallastetalu.ee\/en\/wp-json\/wp\/v2\/types\/page"}],"author":[{"embeddable":true,"href":"https:\/\/kallastetalu.ee\/en\/wp-json\/wp\/v2\/users\/2"}],"replies":[{"embeddable":true,"href":"https:\/\/kallastetalu.ee\/en\/wp-json\/wp\/v2\/comments?post=4106"}],"version-history":[{"count":1,"href":"https:\/\/kallastetalu.ee\/en\/wp-json\/wp\/v2\/pages\/4106\/revisions"}],"predecessor-version":[{"id":4111,"href":"https:\/\/kallastetalu.ee\/en\/wp-json\/wp\/v2\/pages\/4106\/revisions\/4111"}],"up":[{"embeddable":true,"href":"https:\/\/kallastetalu.ee\/en\/wp-json\/wp\/v2\/pages\/4094"}],"wp:featuredmedia":[{"embeddable":true,"href":"https:\/\/kallastetalu.ee\/en\/wp-json\/wp\/v2\/media\/5208"}],"wp:attachment":[{"href":"https:\/\/kallastetalu.ee\/en\/wp-json\/wp\/v2\/media?parent=4106"}],"curies":[{"name":"wp","href":"https:\/\/api.w.org\/{rel}","templated":true}]}}