{"id":4112,"date":"2025-06-01T18:02:09","date_gmt":"2025-06-01T18:02:09","guid":{"rendered":"https:\/\/kallastetalu.ee\/turismitalu\/aktiivne-puhkus\/laste-peojuht\/"},"modified":"2025-06-04T12:39:29","modified_gmt":"2025-06-04T12:39:29","slug":"laste-peojuht","status":"publish","type":"page","link":"https:\/\/kallastetalu.ee\/en\/holiday-resort\/active-holiday\/laste-peojuht\/","title":{"rendered":"Children&#8217;s party host"},"content":{"rendered":"\n<h2 class=\"wp-block-heading\" id=\"h-a-children-s-party-host-brings-joy-laughter-and-a-touch-of-magic-to-your-event-or-birthday\"><strong>A children\u2019s party host brings joy, laughter, and a touch of magic to your event or birthday!<\/strong><\/h2>\n\n\n\n<p>At Kallaste Turismitalu, every birthday becomes special! Enter Ellin \u2013 our cheerful party host. Sometimes she comes as herself, and other times she might show up as Pippi, Elsa, Anna, a mermaid, or even a unicorn. Her mission is to turn each child\u2019s celebration into a joyful experience that blossoms into beautiful memories \u2014 not just snapshots.<\/p>\n\n\n    <a class=\"button\" href=\"https:\/\/glimm.ee\/tegelaskujud\/\" target=\"_blank\">\n                See the characters here    <\/a>\n\n\n\n<p>Ellin\u2019s programs are full of games, music, creativity, and surprises, always tailored to the age, interests, and vibe of the group. There\u2019s no shortage of jokes, themed activities, and a sprinkle of magic. Whether the birthday guests are 3 or 10 years old \u2013 every party gets its own special atmosphere.<\/p>\n\n\n    <section class=\"price-list smooth-corners\">\n                    <div class=\"price-list__item\">\n                <div class=\"price-list__item-content\">\n                    <div class=\"price-list__item-content-name\">\n                        Party host program                    <\/div>\n                                        <div class=\"price-list__item-content-price smooth-corners\">\n                        al 150\u20ac \/h                    <\/div>\n                                    <\/div>\n                                    <div class=\"price-list__item-notice\">\n                        Each character has their own program.                    <\/div>\n                            <\/div>\n                    <div class=\"price-list__item\">\n                <div class=\"price-list__item-content\">\n                    <div class=\"price-list__item-content-name\">\n                        Additional service: Glitter tattoo                    <\/div>\n                                        <div class=\"price-list__item-content-price smooth-corners\">\n                        \u20ac5 per child                    <\/div>\n                                    <\/div>\n                                    <div class=\"price-list__item-notice\">\n                        Skin-friendly glitter tattoos. (minimum 10 children)                    <\/div>\n                            <\/div>\n                    <div class=\"price-list__item\">\n                <div class=\"price-list__item-content\">\n                    <div class=\"price-list__item-content-name\">\n                        Additional service: Balloon animal workshop                    <\/div>\n                                        <div class=\"price-list__item-content-price smooth-corners\">\n                        95\u20ac \/ h                    <\/div>\n                                    <\/div>\n                                    <div class=\"price-list__item-notice\">\n                        Children learn to make shapes from long balloons \u2014 dogs, swords, magic wands, and more.                    <\/div>\n                            <\/div>\n                    <div class=\"price-list__item\">\n                <div class=\"price-list__item-content\">\n                    <div class=\"price-list__item-content-name\">\n                        Additional service: Face painting                    <\/div>\n                                        <div class=\"price-list__item-content-price smooth-corners\">\n                        Price upon agreement                    <\/div>\n                                    <\/div>\n                                    <div class=\"price-list__item-notice\">\n                        A colorful fantasy world right on the child\u2019s face or hand \u2013 from princesses to tigers. We use only high-quality and skin-friendly products.                    <\/div>\n                            <\/div>\n                    <div class=\"price-list__item\">\n                <div class=\"price-list__item-content\">\n                    <div class=\"price-list__item-content-name\">\n                        Dry ice magic                    <\/div>\n                                        <div class=\"price-list__item-content-price smooth-corners\">\n                        Price upon agreement                    <\/div>\n                                    <\/div>\n                                    <div class=\"price-list__item-notice\">\n                        About a 25-minute science show featuring fog bubbles and singing spoons. An exciting and safe way to ignite a child\u2019s imagination.                    <\/div>\n                            <\/div>\n                    <div class=\"price-list__item\">\n                <div class=\"price-list__item-content\">\n                    <div class=\"price-list__item-content-name\">\n                         Disco                    <\/div>\n                                        <div class=\"price-list__item-content-price smooth-corners\">\n                        Price upon agreement                    <\/div>\n                                    <\/div>\n                                    <div class=\"price-list__item-notice\">\n                        15\u201320 minutes of joyful movement! The party host demonstrates dance steps and invites everyone to join the fun.                    <\/div>\n                            <\/div>\n                    <div class=\"price-list__item\">\n                <div class=\"price-list__item-content\">\n                    <div class=\"price-list__item-content-name\">\n                        Giant bubbles                    <\/div>\n                                        <div class=\"price-list__item-content-price smooth-corners\">\n                        Price upon agreement                    <\/div>\n                                    <\/div>\n                                    <div class=\"price-list__item-notice\">\n                        On a beautiful day outdoors, we create wonderful giant bubble veils together \u2014 these large, floating soap bubbles bring sparkle to the eyes of both children and adults.                    <\/div>\n                            <\/div>\n            <\/section>\n\n\n\n<p>All services can be combined to create the perfect event or birthday program that children will remember and talk about for a long time.<br><\/p>\n\n\n\n<h2 class=\"wp-block-heading\" id=\"h-the-children-s-party-host-creates-an-unforgettable-party-day-for-the-kids\">The children\u2019s party host creates an unforgettable party day for the kids!<\/h2>\n","protected":false},"excerpt":{"rendered":"A children\u2019s party host brings joy, laughter, and a touch of magic to your event or birthday! At Kallaste Turismitalu, every birthday&#8230;","protected":false},"author":2,"featured_media":3534,"parent":4094,"menu_order":0,"comment_status":"closed","ping_status":"closed","template":"page-templates\/template-accommodation-item.php","meta":{"_acf_changed":false,"inline_featured_image":false,"footnotes":""},"class_list":["post-4112","page","type-page","status-publish","has-post-thumbnail","hentry"],"acf":[],"yoast_head":"<!-- This site is optimized with the Yoast SEO Premium plugin v25.2 (Yoast SEO v26.7) - https:\/\/yoast.com\/wordpress\/plugins\/seo\/ -->\n<title>Children&#039;s party host sinu \u00fcritusele Kallaste Turismitalus<\/title>\n<meta name=\"description\" content=\"Laste peojuht sobib ideaalselt s\u00fcnnip\u00e4evapeole v\u00f5i muule \u00fcritusele atraktsiooniks ja tegevuste l\u00e4biviijaks. Meeldej\u00e4\u00e4v laste s\u00fcnnip\u00e4ev\" \/>\n<meta name=\"robots\" content=\"index, follow, max-snippet:-1, max-image-preview:large, max-video-preview:-1\" \/>\n<link rel=\"canonical\" href=\"https:\/\/kallastetalu.ee\/en\/holiday-resort\/active-holiday\/laste-peojuht\/\" \/>\n<meta property=\"og:locale\" content=\"en_US\" \/>\n<meta property=\"og:type\" content=\"article\" \/>\n<meta property=\"og:title\" content=\"Children&#039;s party host\" \/>\n<meta property=\"og:description\" content=\"Laste peojuht sobib ideaalselt s\u00fcnnip\u00e4evapeole v\u00f5i muule \u00fcritusele atraktsiooniks ja tegevuste l\u00e4biviijaks. Meeldej\u00e4\u00e4v laste s\u00fcnnip\u00e4ev\" \/>\n<meta property=\"og:url\" content=\"https:\/\/kallastetalu.ee\/en\/holiday-resort\/active-holiday\/laste-peojuht\/\" \/>\n<meta property=\"og:site_name\" content=\"Kallaste Turismitalu - \u00c4rksa hingega Talu Harjumaal\" \/>\n<meta property=\"article:publisher\" content=\"https:\/\/www.facebook.com\/kallastetalu\" \/>\n<meta property=\"article:modified_time\" content=\"2025-06-04T12:39:29+00:00\" \/>\n<meta property=\"og:image\" content=\"https:\/\/kallastetalu.ee\/wp-content\/uploads\/2025\/06\/Lastega-tegeleja-laste-paevajuht-lapsed-inimene-tegelane-tegelaskuju-lobustus-Kallaste-Turismitalu-Padisel-arksa-hingega-talu-Harjumaal-www.kallastetalu.ee-2-.jpg\" \/>\n\t<meta property=\"og:image:width\" content=\"1337\" \/>\n\t<meta property=\"og:image:height\" content=\"1199\" \/>\n\t<meta property=\"og:image:type\" content=\"image\/jpeg\" \/>\n<meta name=\"twitter:card\" content=\"summary_large_image\" \/>\n<meta name=\"twitter:label1\" content=\"Est. reading time\" \/>\n\t<meta name=\"twitter:data1\" content=\"2 minutes\" \/>\n<script type=\"application\/ld+json\" class=\"yoast-schema-graph\">{\"@context\":\"https:\/\/schema.org\",\"@graph\":[{\"@type\":\"WebPage\",\"@id\":\"https:\/\/kallastetalu.ee\/en\/holiday-resort\/active-holiday\/laste-peojuht\/\",\"url\":\"https:\/\/kallastetalu.ee\/en\/holiday-resort\/active-holiday\/laste-peojuht\/\",\"name\":\"Children's party host sinu \u00fcritusele Kallaste Turismitalus\",\"isPartOf\":{\"@id\":\"https:\/\/kallastetalu.ee\/en\/#website\"},\"primaryImageOfPage\":{\"@id\":\"https:\/\/kallastetalu.ee\/en\/holiday-resort\/active-holiday\/laste-peojuht\/#primaryimage\"},\"image\":{\"@id\":\"https:\/\/kallastetalu.ee\/en\/holiday-resort\/active-holiday\/laste-peojuht\/#primaryimage\"},\"thumbnailUrl\":\"https:\/\/kallastetalu.ee\/wp-content\/uploads\/2025\/06\/Lastega-tegeleja-laste-paevajuht-lapsed-inimene-tegelane-tegelaskuju-lobustus-Kallaste-Turismitalu-Padisel-arksa-hingega-talu-Harjumaal-www.kallastetalu.ee-2-.jpg\",\"datePublished\":\"2025-06-01T18:02:09+00:00\",\"dateModified\":\"2025-06-04T12:39:29+00:00\",\"description\":\"Laste peojuht sobib ideaalselt s\u00fcnnip\u00e4evapeole v\u00f5i muule \u00fcritusele atraktsiooniks ja tegevuste l\u00e4biviijaks. Meeldej\u00e4\u00e4v laste s\u00fcnnip\u00e4ev\",\"breadcrumb\":{\"@id\":\"https:\/\/kallastetalu.ee\/en\/holiday-resort\/active-holiday\/laste-peojuht\/#breadcrumb\"},\"inLanguage\":\"en-US\",\"potentialAction\":[{\"@type\":\"ReadAction\",\"target\":[\"https:\/\/kallastetalu.ee\/en\/holiday-resort\/active-holiday\/laste-peojuht\/\"]}]},{\"@type\":\"ImageObject\",\"inLanguage\":\"en-US\",\"@id\":\"https:\/\/kallastetalu.ee\/en\/holiday-resort\/active-holiday\/laste-peojuht\/#primaryimage\",\"url\":\"https:\/\/kallastetalu.ee\/wp-content\/uploads\/2025\/06\/Lastega-tegeleja-laste-paevajuht-lapsed-inimene-tegelane-tegelaskuju-lobustus-Kallaste-Turismitalu-Padisel-arksa-hingega-talu-Harjumaal-www.kallastetalu.ee-2-.jpg\",\"contentUrl\":\"https:\/\/kallastetalu.ee\/wp-content\/uploads\/2025\/06\/Lastega-tegeleja-laste-paevajuht-lapsed-inimene-tegelane-tegelaskuju-lobustus-Kallaste-Turismitalu-Padisel-arksa-hingega-talu-Harjumaal-www.kallastetalu.ee-2-.jpg\",\"width\":1337,\"height\":1199,\"caption\":\"Laste peojuht Lastega tegeleja laste p\u00e4evajuht lapsed inimene tegelane tegelaskuju l\u00f5bustus Kallaste Turismitalu Padisel \u00e4rksa hingega talu Harjumaal www.kallastetalu.ee\"},{\"@type\":\"BreadcrumbList\",\"@id\":\"https:\/\/kallastetalu.ee\/en\/holiday-resort\/active-holiday\/laste-peojuht\/#breadcrumb\",\"itemListElement\":[{\"@type\":\"ListItem\",\"position\":1,\"name\":\"Home\",\"item\":\"https:\/\/kallastetalu.ee\/en\/\"},{\"@type\":\"ListItem\",\"position\":2,\"name\":\"Holiday Resort\",\"item\":\"https:\/\/kallastetalu.ee\/en\/holiday-resort\/\"},{\"@type\":\"ListItem\",\"position\":3,\"name\":\"Active Holiday\",\"item\":\"https:\/\/kallastetalu.ee\/en\/holiday-resort\/active-holiday\/\"},{\"@type\":\"ListItem\",\"position\":4,\"name\":\"Children&#8217;s party host\"}]},{\"@type\":\"WebSite\",\"@id\":\"https:\/\/kallastetalu.ee\/en\/#website\",\"url\":\"https:\/\/kallastetalu.ee\/en\/\",\"name\":\"Kallaste Turismitalu - \u00c4rksa hingega talu Harjumaal\",\"description\":\"\",\"publisher\":{\"@id\":\"https:\/\/kallastetalu.ee\/en\/#organization\"},\"potentialAction\":[{\"@type\":\"SearchAction\",\"target\":{\"@type\":\"EntryPoint\",\"urlTemplate\":\"https:\/\/kallastetalu.ee\/en\/?s={search_term_string}\"},\"query-input\":{\"@type\":\"PropertyValueSpecification\",\"valueRequired\":true,\"valueName\":\"search_term_string\"}}],\"inLanguage\":\"en-US\"},{\"@type\":\"Organization\",\"@id\":\"https:\/\/kallastetalu.ee\/en\/#organization\",\"name\":\"Kallaste Turismitalu - \u00c4rksa hingega talu Harjumaal\",\"url\":\"https:\/\/kallastetalu.ee\/en\/\",\"logo\":{\"@type\":\"ImageObject\",\"inLanguage\":\"en-US\",\"@id\":\"https:\/\/kallastetalu.ee\/en\/#\/schema\/logo\/image\/\",\"url\":\"https:\/\/kallastetalu.ee\/wp-content\/uploads\/2025\/04\/kallastetalu.svg\",\"contentUrl\":\"https:\/\/kallastetalu.ee\/wp-content\/uploads\/2025\/04\/kallastetalu.svg\",\"width\":158,\"height\":127,\"caption\":\"Kallaste Turismitalu - \u00c4rksa hingega talu Harjumaal\"},\"image\":{\"@id\":\"https:\/\/kallastetalu.ee\/en\/#\/schema\/logo\/image\/\"},\"sameAs\":[\"https:\/\/www.facebook.com\/kallastetalu\",\"https:\/\/www.instagram.com\/turismitalu\",\"https:\/\/www.youtube.com\/@turismitalu\",\"https:\/\/www.tripadvisor.com\/Hotel_Review-g19122067-d2677575-Reviews-Kallaste_Talu_Turismitalu_Holiday_Resort-Kasepere_Harju_County.html?m=19905\"]}]}<\/script>\n<!-- \/ Yoast SEO Premium plugin. -->","yoast_head_json":{"title":"Children's party host sinu \u00fcritusele Kallaste Turismitalus","description":"Laste peojuht sobib ideaalselt s\u00fcnnip\u00e4evapeole v\u00f5i muule \u00fcritusele atraktsiooniks ja tegevuste l\u00e4biviijaks. Meeldej\u00e4\u00e4v laste s\u00fcnnip\u00e4ev","robots":{"index":"index","follow":"follow","max-snippet":"max-snippet:-1","max-image-preview":"max-image-preview:large","max-video-preview":"max-video-preview:-1"},"canonical":"https:\/\/kallastetalu.ee\/en\/holiday-resort\/active-holiday\/laste-peojuht\/","og_locale":"en_US","og_type":"article","og_title":"Children's party host","og_description":"Laste peojuht sobib ideaalselt s\u00fcnnip\u00e4evapeole v\u00f5i muule \u00fcritusele atraktsiooniks ja tegevuste l\u00e4biviijaks. Meeldej\u00e4\u00e4v laste s\u00fcnnip\u00e4ev","og_url":"https:\/\/kallastetalu.ee\/en\/holiday-resort\/active-holiday\/laste-peojuht\/","og_site_name":"Kallaste Turismitalu - \u00c4rksa hingega Talu Harjumaal","article_publisher":"https:\/\/www.facebook.com\/kallastetalu","article_modified_time":"2025-06-04T12:39:29+00:00","og_image":[{"width":1337,"height":1199,"url":"https:\/\/kallastetalu.ee\/wp-content\/uploads\/2025\/06\/Lastega-tegeleja-laste-paevajuht-lapsed-inimene-tegelane-tegelaskuju-lobustus-Kallaste-Turismitalu-Padisel-arksa-hingega-talu-Harjumaal-www.kallastetalu.ee-2-.jpg","type":"image\/jpeg"}],"twitter_card":"summary_large_image","twitter_misc":{"Est. reading time":"2 minutes"},"schema":{"@context":"https:\/\/schema.org","@graph":[{"@type":"WebPage","@id":"https:\/\/kallastetalu.ee\/en\/holiday-resort\/active-holiday\/laste-peojuht\/","url":"https:\/\/kallastetalu.ee\/en\/holiday-resort\/active-holiday\/laste-peojuht\/","name":"Children's party host sinu \u00fcritusele Kallaste Turismitalus","isPartOf":{"@id":"https:\/\/kallastetalu.ee\/en\/#website"},"primaryImageOfPage":{"@id":"https:\/\/kallastetalu.ee\/en\/holiday-resort\/active-holiday\/laste-peojuht\/#primaryimage"},"image":{"@id":"https:\/\/kallastetalu.ee\/en\/holiday-resort\/active-holiday\/laste-peojuht\/#primaryimage"},"thumbnailUrl":"https:\/\/kallastetalu.ee\/wp-content\/uploads\/2025\/06\/Lastega-tegeleja-laste-paevajuht-lapsed-inimene-tegelane-tegelaskuju-lobustus-Kallaste-Turismitalu-Padisel-arksa-hingega-talu-Harjumaal-www.kallastetalu.ee-2-.jpg","datePublished":"2025-06-01T18:02:09+00:00","dateModified":"2025-06-04T12:39:29+00:00","description":"Laste peojuht sobib ideaalselt s\u00fcnnip\u00e4evapeole v\u00f5i muule \u00fcritusele atraktsiooniks ja tegevuste l\u00e4biviijaks. Meeldej\u00e4\u00e4v laste s\u00fcnnip\u00e4ev","breadcrumb":{"@id":"https:\/\/kallastetalu.ee\/en\/holiday-resort\/active-holiday\/laste-peojuht\/#breadcrumb"},"inLanguage":"en-US","potentialAction":[{"@type":"ReadAction","target":["https:\/\/kallastetalu.ee\/en\/holiday-resort\/active-holiday\/laste-peojuht\/"]}]},{"@type":"ImageObject","inLanguage":"en-US","@id":"https:\/\/kallastetalu.ee\/en\/holiday-resort\/active-holiday\/laste-peojuht\/#primaryimage","url":"https:\/\/kallastetalu.ee\/wp-content\/uploads\/2025\/06\/Lastega-tegeleja-laste-paevajuht-lapsed-inimene-tegelane-tegelaskuju-lobustus-Kallaste-Turismitalu-Padisel-arksa-hingega-talu-Harjumaal-www.kallastetalu.ee-2-.jpg","contentUrl":"https:\/\/kallastetalu.ee\/wp-content\/uploads\/2025\/06\/Lastega-tegeleja-laste-paevajuht-lapsed-inimene-tegelane-tegelaskuju-lobustus-Kallaste-Turismitalu-Padisel-arksa-hingega-talu-Harjumaal-www.kallastetalu.ee-2-.jpg","width":1337,"height":1199,"caption":"Laste peojuht Lastega tegeleja laste p\u00e4evajuht lapsed inimene tegelane tegelaskuju l\u00f5bustus Kallaste Turismitalu Padisel \u00e4rksa hingega talu Harjumaal www.kallastetalu.ee"},{"@type":"BreadcrumbList","@id":"https:\/\/kallastetalu.ee\/en\/holiday-resort\/active-holiday\/laste-peojuht\/#breadcrumb","itemListElement":[{"@type":"ListItem","position":1,"name":"Home","item":"https:\/\/kallastetalu.ee\/en\/"},{"@type":"ListItem","position":2,"name":"Holiday Resort","item":"https:\/\/kallastetalu.ee\/en\/holiday-resort\/"},{"@type":"ListItem","position":3,"name":"Active Holiday","item":"https:\/\/kallastetalu.ee\/en\/holiday-resort\/active-holiday\/"},{"@type":"ListItem","position":4,"name":"Children&#8217;s party host"}]},{"@type":"WebSite","@id":"https:\/\/kallastetalu.ee\/en\/#website","url":"https:\/\/kallastetalu.ee\/en\/","name":"Kallaste Turismitalu - \u00c4rksa hingega talu Harjumaal","description":"","publisher":{"@id":"https:\/\/kallastetalu.ee\/en\/#organization"},"potentialAction":[{"@type":"SearchAction","target":{"@type":"EntryPoint","urlTemplate":"https:\/\/kallastetalu.ee\/en\/?s={search_term_string}"},"query-input":{"@type":"PropertyValueSpecification","valueRequired":true,"valueName":"search_term_string"}}],"inLanguage":"en-US"},{"@type":"Organization","@id":"https:\/\/kallastetalu.ee\/en\/#organization","name":"Kallaste Turismitalu - \u00c4rksa hingega talu Harjumaal","url":"https:\/\/kallastetalu.ee\/en\/","logo":{"@type":"ImageObject","inLanguage":"en-US","@id":"https:\/\/kallastetalu.ee\/en\/#\/schema\/logo\/image\/","url":"https:\/\/kallastetalu.ee\/wp-content\/uploads\/2025\/04\/kallastetalu.svg","contentUrl":"https:\/\/kallastetalu.ee\/wp-content\/uploads\/2025\/04\/kallastetalu.svg","width":158,"height":127,"caption":"Kallaste Turismitalu - \u00c4rksa hingega talu Harjumaal"},"image":{"@id":"https:\/\/kallastetalu.ee\/en\/#\/schema\/logo\/image\/"},"sameAs":["https:\/\/www.facebook.com\/kallastetalu","https:\/\/www.instagram.com\/turismitalu","https:\/\/www.youtube.com\/@turismitalu","https:\/\/www.tripadvisor.com\/Hotel_Review-g19122067-d2677575-Reviews-Kallaste_Talu_Turismitalu_Holiday_Resort-Kasepere_Harju_County.html?m=19905"]}]}},"_links":{"self":[{"href":"https:\/\/kallastetalu.ee\/en\/wp-json\/wp\/v2\/pages\/4112","targetHints":{"allow":["GET"]}}],"collection":[{"href":"https:\/\/kallastetalu.ee\/en\/wp-json\/wp\/v2\/pages"}],"about":[{"href":"https:\/\/kallastetalu.ee\/en\/wp-json\/wp\/v2\/types\/page"}],"author":[{"embeddable":true,"href":"https:\/\/kallastetalu.ee\/en\/wp-json\/wp\/v2\/users\/2"}],"replies":[{"embeddable":true,"href":"https:\/\/kallastetalu.ee\/en\/wp-json\/wp\/v2\/comments?post=4112"}],"version-history":[{"count":1,"href":"https:\/\/kallastetalu.ee\/en\/wp-json\/wp\/v2\/pages\/4112\/revisions"}],"predecessor-version":[{"id":4117,"href":"https:\/\/kallastetalu.ee\/en\/wp-json\/wp\/v2\/pages\/4112\/revisions\/4117"}],"up":[{"embeddable":true,"href":"https:\/\/kallastetalu.ee\/en\/wp-json\/wp\/v2\/pages\/4094"}],"wp:featuredmedia":[{"embeddable":true,"href":"https:\/\/kallastetalu.ee\/en\/wp-json\/wp\/v2\/media\/3534"}],"wp:attachment":[{"href":"https:\/\/kallastetalu.ee\/en\/wp-json\/wp\/v2\/media?parent=4112"}],"curies":[{"name":"wp","href":"https:\/\/api.w.org\/{rel}","templated":true}]}}