{"id":4118,"date":"2025-06-01T17:36:29","date_gmt":"2025-06-01T17:36:29","guid":{"rendered":"https:\/\/kallastetalu.ee\/turismitalu\/aktiivne-puhkus\/360-kraadi-mang-lastele\/"},"modified":"2025-06-04T13:58:46","modified_gmt":"2025-06-04T13:58:46","slug":"360-kraadi-mang-lastele","status":"publish","type":"page","link":"https:\/\/kallastetalu.ee\/en\/holiday-resort\/active-holiday\/360-kraadi-mang-lastele\/","title":{"rendered":"360 Kraadi game for children"},"content":{"rendered":"\n<p><strong>360 Kraadi<\/strong> is our long-term and trusted partner whose engaging adventure and team games have become a real hit at Kallaste Turismitalu. Their games are not just fun pastimes\u2014they are thoughtfully designed experiences that develop teamwork, communication skills, and strategic thinking.<\/p>\n\n\n\n<h2 class=\"wp-block-heading\" id=\"h-360-kraadi-game-for-children-collecting-cones-a-smart-adventure-game\"><strong>360 Kraadi game for children: \u201cCollecting Cones\u201d \u2013 a smart adventure game<\/strong><\/h2>\n\n\n\n<p>Looking for more than an ordinary birthday? \u201cCollecting Cones\u201d is a clever and fun outdoor game for kids that combines movement, smartphones, and cooperative play. Suitable for children aged 10 and up, it\u2019s perfect for an active birthday adventure in nature\u2014whether in a park, on forest trails, or even around Kallaste Turismitalu.<\/p>\n\n\n\n<p>Children move in small teams, collect virtual \u201ccones,\u201d solve puzzles, and avoid the squirrels\u2019 \u201cminefields.\u201d The entire game is controlled via tablet using a special game app, making the experience fast-paced, safe, and witty.<\/p>\n\n\n\n<ul class=\"wp-block-list\">\n<li><span><span><strong>Duration:<\/strong> approx. 2.5 hours<\/span><\/span><\/li>\n\n\n\n<li><span><span><strong>Distance:<\/strong> 3\u20136 km at a relaxed pace<\/span><\/span><\/li>\n\n\n\n<li><span><span><strong>Suitable for:<\/strong> children aged 10+<\/span><\/span><\/li>\n\n\n\n<li><span><span><strong>Team size:<\/strong> 4\u20136 players<\/span><\/span><\/li>\n\n\n\n<li><span><span><strong>Equipment, instructions, and game setup provided by us<\/strong><\/span><\/span><\/li>\n<\/ul>\n\n\n\n<p>The game can be organized anywhere in Estonia, even outside Kallaste Turismitalu, as long as there\u2019s a suitable playing area. Contact us for more info and plan a birthday that everyone will remember for a long time!<\/p>\n\n\n    <section class=\"price-list smooth-corners\">\n                    <div class=\"price-list__item\">\n                <div class=\"price-list__item-content\">\n                    <div class=\"price-list__item-content-name\">\n                        360 Kraadi game &#8220;Collecting Cones&#8221;                    <\/div>\n                                        <div class=\"price-list__item-content-price smooth-corners\">\n                        from \u20ac49 per team                    <\/div>\n                                    <\/div>\n                                    <div class=\"price-list__item-notice\">\n                        Up to 4 people per team                    <\/div>\n                            <\/div>\n            <\/section>\n\n\n    <a class=\"button\" href=\"https:\/\/360.ee\/rent\/seiklusmang-lastele\/\" target=\"_blank\">\n                360 Kraadi    <\/a>\n","protected":false},"excerpt":{"rendered":"360 Kraadi is our long-term and trusted partner whose engaging adventure and team games have become a real hit at Kallaste Turismitalu&#8230;.","protected":false},"author":2,"featured_media":3524,"parent":4094,"menu_order":0,"comment_status":"closed","ping_status":"closed","template":"page-templates\/template-accommodation-item.php","meta":{"_acf_changed":false,"inline_featured_image":false,"footnotes":""},"class_list":["post-4118","page","type-page","status-publish","has-post-thumbnail","hentry"],"acf":[],"yoast_head":"<!-- This site is optimized with the Yoast SEO Premium plugin v25.2 (Yoast SEO v26.7) - https:\/\/yoast.com\/wordpress\/plugins\/seo\/ -->\n<title>360 Kraadi game for children: \u201cK\u00e4bide korjamine\u201d \u2013 nutikas seiklusm\u00e4ng<\/title>\n<meta name=\"description\" content=\"360 KRAADI m\u00e4ng lastele Kallaste Turismitalus: \u201cK\u00e4bide korjamine\u201d \u2013 nutikas seiklusm\u00e4ng muudab s\u00fcnnip\u00e4eva p\u00f5nevaks ja kaasahaaravaks!\" \/>\n<meta name=\"robots\" content=\"index, follow, max-snippet:-1, max-image-preview:large, max-video-preview:-1\" \/>\n<link rel=\"canonical\" href=\"https:\/\/kallastetalu.ee\/en\/holiday-resort\/active-holiday\/360-kraadi-mang-lastele\/\" \/>\n<meta property=\"og:locale\" content=\"en_US\" \/>\n<meta property=\"og:type\" content=\"article\" \/>\n<meta property=\"og:title\" content=\"360 Kraadi game for children\" \/>\n<meta property=\"og:description\" content=\"360 KRAADI m\u00e4ng lastele Kallaste Turismitalus: \u201cK\u00e4bide korjamine\u201d \u2013 nutikas seiklusm\u00e4ng muudab s\u00fcnnip\u00e4eva p\u00f5nevaks ja kaasahaaravaks!\" \/>\n<meta property=\"og:url\" content=\"https:\/\/kallastetalu.ee\/en\/holiday-resort\/active-holiday\/360-kraadi-mang-lastele\/\" \/>\n<meta property=\"og:site_name\" content=\"Kallaste Turismitalu - \u00c4rksa hingega Talu Harjumaal\" \/>\n<meta property=\"article:publisher\" content=\"https:\/\/www.facebook.com\/kallastetalu\" \/>\n<meta property=\"article:modified_time\" content=\"2025-06-04T13:58:46+00:00\" \/>\n<meta property=\"og:image\" content=\"https:\/\/kallastetalu.ee\/wp-content\/uploads\/2025\/06\/lastesynnipaev-e1748799282818.png\" \/>\n\t<meta property=\"og:image:width\" content=\"444\" \/>\n\t<meta property=\"og:image:height\" content=\"258\" \/>\n\t<meta property=\"og:image:type\" content=\"image\/png\" \/>\n<meta name=\"twitter:card\" content=\"summary_large_image\" \/>\n<meta name=\"twitter:label1\" content=\"Est. reading time\" \/>\n\t<meta name=\"twitter:data1\" content=\"1 minute\" \/>\n<script type=\"application\/ld+json\" class=\"yoast-schema-graph\">{\"@context\":\"https:\/\/schema.org\",\"@graph\":[{\"@type\":\"WebPage\",\"@id\":\"https:\/\/kallastetalu.ee\/en\/holiday-resort\/active-holiday\/360-kraadi-mang-lastele\/\",\"url\":\"https:\/\/kallastetalu.ee\/en\/holiday-resort\/active-holiday\/360-kraadi-mang-lastele\/\",\"name\":\"360 Kraadi game for children: \u201cK\u00e4bide korjamine\u201d \u2013 nutikas seiklusm\u00e4ng\",\"isPartOf\":{\"@id\":\"https:\/\/kallastetalu.ee\/en\/#website\"},\"primaryImageOfPage\":{\"@id\":\"https:\/\/kallastetalu.ee\/en\/holiday-resort\/active-holiday\/360-kraadi-mang-lastele\/#primaryimage\"},\"image\":{\"@id\":\"https:\/\/kallastetalu.ee\/en\/holiday-resort\/active-holiday\/360-kraadi-mang-lastele\/#primaryimage\"},\"thumbnailUrl\":\"https:\/\/kallastetalu.ee\/wp-content\/uploads\/2025\/06\/lastesynnipaev-e1748799282818.png\",\"datePublished\":\"2025-06-01T17:36:29+00:00\",\"dateModified\":\"2025-06-04T13:58:46+00:00\",\"description\":\"360 KRAADI m\u00e4ng lastele Kallaste Turismitalus: \u201cK\u00e4bide korjamine\u201d \u2013 nutikas seiklusm\u00e4ng muudab s\u00fcnnip\u00e4eva p\u00f5nevaks ja kaasahaaravaks!\",\"breadcrumb\":{\"@id\":\"https:\/\/kallastetalu.ee\/en\/holiday-resort\/active-holiday\/360-kraadi-mang-lastele\/#breadcrumb\"},\"inLanguage\":\"en-US\",\"potentialAction\":[{\"@type\":\"ReadAction\",\"target\":[\"https:\/\/kallastetalu.ee\/en\/holiday-resort\/active-holiday\/360-kraadi-mang-lastele\/\"]}]},{\"@type\":\"ImageObject\",\"inLanguage\":\"en-US\",\"@id\":\"https:\/\/kallastetalu.ee\/en\/holiday-resort\/active-holiday\/360-kraadi-mang-lastele\/#primaryimage\",\"url\":\"https:\/\/kallastetalu.ee\/wp-content\/uploads\/2025\/06\/lastesynnipaev-e1748799282818.png\",\"contentUrl\":\"https:\/\/kallastetalu.ee\/wp-content\/uploads\/2025\/06\/lastesynnipaev-e1748799282818.png\",\"width\":444,\"height\":258},{\"@type\":\"BreadcrumbList\",\"@id\":\"https:\/\/kallastetalu.ee\/en\/holiday-resort\/active-holiday\/360-kraadi-mang-lastele\/#breadcrumb\",\"itemListElement\":[{\"@type\":\"ListItem\",\"position\":1,\"name\":\"Home\",\"item\":\"https:\/\/kallastetalu.ee\/en\/\"},{\"@type\":\"ListItem\",\"position\":2,\"name\":\"Holiday Resort\",\"item\":\"https:\/\/kallastetalu.ee\/en\/holiday-resort\/\"},{\"@type\":\"ListItem\",\"position\":3,\"name\":\"Active Holiday\",\"item\":\"https:\/\/kallastetalu.ee\/en\/holiday-resort\/active-holiday\/\"},{\"@type\":\"ListItem\",\"position\":4,\"name\":\"360 Kraadi game for children\"}]},{\"@type\":\"WebSite\",\"@id\":\"https:\/\/kallastetalu.ee\/en\/#website\",\"url\":\"https:\/\/kallastetalu.ee\/en\/\",\"name\":\"Kallaste Turismitalu - \u00c4rksa hingega talu Harjumaal\",\"description\":\"\",\"publisher\":{\"@id\":\"https:\/\/kallastetalu.ee\/en\/#organization\"},\"potentialAction\":[{\"@type\":\"SearchAction\",\"target\":{\"@type\":\"EntryPoint\",\"urlTemplate\":\"https:\/\/kallastetalu.ee\/en\/?s={search_term_string}\"},\"query-input\":{\"@type\":\"PropertyValueSpecification\",\"valueRequired\":true,\"valueName\":\"search_term_string\"}}],\"inLanguage\":\"en-US\"},{\"@type\":\"Organization\",\"@id\":\"https:\/\/kallastetalu.ee\/en\/#organization\",\"name\":\"Kallaste Turismitalu - \u00c4rksa hingega talu Harjumaal\",\"url\":\"https:\/\/kallastetalu.ee\/en\/\",\"logo\":{\"@type\":\"ImageObject\",\"inLanguage\":\"en-US\",\"@id\":\"https:\/\/kallastetalu.ee\/en\/#\/schema\/logo\/image\/\",\"url\":\"https:\/\/kallastetalu.ee\/wp-content\/uploads\/2025\/04\/kallastetalu.svg\",\"contentUrl\":\"https:\/\/kallastetalu.ee\/wp-content\/uploads\/2025\/04\/kallastetalu.svg\",\"width\":158,\"height\":127,\"caption\":\"Kallaste Turismitalu - \u00c4rksa hingega talu Harjumaal\"},\"image\":{\"@id\":\"https:\/\/kallastetalu.ee\/en\/#\/schema\/logo\/image\/\"},\"sameAs\":[\"https:\/\/www.facebook.com\/kallastetalu\",\"https:\/\/www.instagram.com\/turismitalu\",\"https:\/\/www.youtube.com\/@turismitalu\",\"https:\/\/www.tripadvisor.com\/Hotel_Review-g19122067-d2677575-Reviews-Kallaste_Talu_Turismitalu_Holiday_Resort-Kasepere_Harju_County.html?m=19905\"]}]}<\/script>\n<!-- \/ Yoast SEO Premium plugin. -->","yoast_head_json":{"title":"360 Kraadi game for children: \u201cK\u00e4bide korjamine\u201d \u2013 nutikas seiklusm\u00e4ng","description":"360 KRAADI m\u00e4ng lastele Kallaste Turismitalus: \u201cK\u00e4bide korjamine\u201d \u2013 nutikas seiklusm\u00e4ng muudab s\u00fcnnip\u00e4eva p\u00f5nevaks ja kaasahaaravaks!","robots":{"index":"index","follow":"follow","max-snippet":"max-snippet:-1","max-image-preview":"max-image-preview:large","max-video-preview":"max-video-preview:-1"},"canonical":"https:\/\/kallastetalu.ee\/en\/holiday-resort\/active-holiday\/360-kraadi-mang-lastele\/","og_locale":"en_US","og_type":"article","og_title":"360 Kraadi game for children","og_description":"360 KRAADI m\u00e4ng lastele Kallaste Turismitalus: \u201cK\u00e4bide korjamine\u201d \u2013 nutikas seiklusm\u00e4ng muudab s\u00fcnnip\u00e4eva p\u00f5nevaks ja kaasahaaravaks!","og_url":"https:\/\/kallastetalu.ee\/en\/holiday-resort\/active-holiday\/360-kraadi-mang-lastele\/","og_site_name":"Kallaste Turismitalu - \u00c4rksa hingega Talu Harjumaal","article_publisher":"https:\/\/www.facebook.com\/kallastetalu","article_modified_time":"2025-06-04T13:58:46+00:00","og_image":[{"width":444,"height":258,"url":"https:\/\/kallastetalu.ee\/wp-content\/uploads\/2025\/06\/lastesynnipaev-e1748799282818.png","type":"image\/png"}],"twitter_card":"summary_large_image","twitter_misc":{"Est. reading time":"1 minute"},"schema":{"@context":"https:\/\/schema.org","@graph":[{"@type":"WebPage","@id":"https:\/\/kallastetalu.ee\/en\/holiday-resort\/active-holiday\/360-kraadi-mang-lastele\/","url":"https:\/\/kallastetalu.ee\/en\/holiday-resort\/active-holiday\/360-kraadi-mang-lastele\/","name":"360 Kraadi game for children: \u201cK\u00e4bide korjamine\u201d \u2013 nutikas seiklusm\u00e4ng","isPartOf":{"@id":"https:\/\/kallastetalu.ee\/en\/#website"},"primaryImageOfPage":{"@id":"https:\/\/kallastetalu.ee\/en\/holiday-resort\/active-holiday\/360-kraadi-mang-lastele\/#primaryimage"},"image":{"@id":"https:\/\/kallastetalu.ee\/en\/holiday-resort\/active-holiday\/360-kraadi-mang-lastele\/#primaryimage"},"thumbnailUrl":"https:\/\/kallastetalu.ee\/wp-content\/uploads\/2025\/06\/lastesynnipaev-e1748799282818.png","datePublished":"2025-06-01T17:36:29+00:00","dateModified":"2025-06-04T13:58:46+00:00","description":"360 KRAADI m\u00e4ng lastele Kallaste Turismitalus: \u201cK\u00e4bide korjamine\u201d \u2013 nutikas seiklusm\u00e4ng muudab s\u00fcnnip\u00e4eva p\u00f5nevaks ja kaasahaaravaks!","breadcrumb":{"@id":"https:\/\/kallastetalu.ee\/en\/holiday-resort\/active-holiday\/360-kraadi-mang-lastele\/#breadcrumb"},"inLanguage":"en-US","potentialAction":[{"@type":"ReadAction","target":["https:\/\/kallastetalu.ee\/en\/holiday-resort\/active-holiday\/360-kraadi-mang-lastele\/"]}]},{"@type":"ImageObject","inLanguage":"en-US","@id":"https:\/\/kallastetalu.ee\/en\/holiday-resort\/active-holiday\/360-kraadi-mang-lastele\/#primaryimage","url":"https:\/\/kallastetalu.ee\/wp-content\/uploads\/2025\/06\/lastesynnipaev-e1748799282818.png","contentUrl":"https:\/\/kallastetalu.ee\/wp-content\/uploads\/2025\/06\/lastesynnipaev-e1748799282818.png","width":444,"height":258},{"@type":"BreadcrumbList","@id":"https:\/\/kallastetalu.ee\/en\/holiday-resort\/active-holiday\/360-kraadi-mang-lastele\/#breadcrumb","itemListElement":[{"@type":"ListItem","position":1,"name":"Home","item":"https:\/\/kallastetalu.ee\/en\/"},{"@type":"ListItem","position":2,"name":"Holiday Resort","item":"https:\/\/kallastetalu.ee\/en\/holiday-resort\/"},{"@type":"ListItem","position":3,"name":"Active Holiday","item":"https:\/\/kallastetalu.ee\/en\/holiday-resort\/active-holiday\/"},{"@type":"ListItem","position":4,"name":"360 Kraadi game for children"}]},{"@type":"WebSite","@id":"https:\/\/kallastetalu.ee\/en\/#website","url":"https:\/\/kallastetalu.ee\/en\/","name":"Kallaste Turismitalu - \u00c4rksa hingega talu Harjumaal","description":"","publisher":{"@id":"https:\/\/kallastetalu.ee\/en\/#organization"},"potentialAction":[{"@type":"SearchAction","target":{"@type":"EntryPoint","urlTemplate":"https:\/\/kallastetalu.ee\/en\/?s={search_term_string}"},"query-input":{"@type":"PropertyValueSpecification","valueRequired":true,"valueName":"search_term_string"}}],"inLanguage":"en-US"},{"@type":"Organization","@id":"https:\/\/kallastetalu.ee\/en\/#organization","name":"Kallaste Turismitalu - \u00c4rksa hingega talu Harjumaal","url":"https:\/\/kallastetalu.ee\/en\/","logo":{"@type":"ImageObject","inLanguage":"en-US","@id":"https:\/\/kallastetalu.ee\/en\/#\/schema\/logo\/image\/","url":"https:\/\/kallastetalu.ee\/wp-content\/uploads\/2025\/04\/kallastetalu.svg","contentUrl":"https:\/\/kallastetalu.ee\/wp-content\/uploads\/2025\/04\/kallastetalu.svg","width":158,"height":127,"caption":"Kallaste Turismitalu - \u00c4rksa hingega talu Harjumaal"},"image":{"@id":"https:\/\/kallastetalu.ee\/en\/#\/schema\/logo\/image\/"},"sameAs":["https:\/\/www.facebook.com\/kallastetalu","https:\/\/www.instagram.com\/turismitalu","https:\/\/www.youtube.com\/@turismitalu","https:\/\/www.tripadvisor.com\/Hotel_Review-g19122067-d2677575-Reviews-Kallaste_Talu_Turismitalu_Holiday_Resort-Kasepere_Harju_County.html?m=19905"]}]}},"_links":{"self":[{"href":"https:\/\/kallastetalu.ee\/en\/wp-json\/wp\/v2\/pages\/4118","targetHints":{"allow":["GET"]}}],"collection":[{"href":"https:\/\/kallastetalu.ee\/en\/wp-json\/wp\/v2\/pages"}],"about":[{"href":"https:\/\/kallastetalu.ee\/en\/wp-json\/wp\/v2\/types\/page"}],"author":[{"embeddable":true,"href":"https:\/\/kallastetalu.ee\/en\/wp-json\/wp\/v2\/users\/2"}],"replies":[{"embeddable":true,"href":"https:\/\/kallastetalu.ee\/en\/wp-json\/wp\/v2\/comments?post=4118"}],"version-history":[{"count":3,"href":"https:\/\/kallastetalu.ee\/en\/wp-json\/wp\/v2\/pages\/4118\/revisions"}],"predecessor-version":[{"id":4187,"href":"https:\/\/kallastetalu.ee\/en\/wp-json\/wp\/v2\/pages\/4118\/revisions\/4187"}],"up":[{"embeddable":true,"href":"https:\/\/kallastetalu.ee\/en\/wp-json\/wp\/v2\/pages\/4094"}],"wp:featuredmedia":[{"embeddable":true,"href":"https:\/\/kallastetalu.ee\/en\/wp-json\/wp\/v2\/media\/3524"}],"wp:attachment":[{"href":"https:\/\/kallastetalu.ee\/en\/wp-json\/wp\/v2\/media?parent=4118"}],"curies":[{"name":"wp","href":"https:\/\/api.w.org\/{rel}","templated":true}]}}