{"id":4150,"date":"2025-05-27T13:49:07","date_gmt":"2025-05-27T13:49:07","guid":{"rendered":"https:\/\/kallastetalu.ee\/turismitalu\/aktiivne-puhkus\/lokkeohtu\/"},"modified":"2025-06-04T13:30:45","modified_gmt":"2025-06-04T13:30:45","slug":"lokkeohtu","status":"publish","type":"page","link":"https:\/\/kallastetalu.ee\/en\/holiday-resort\/active-holiday\/lokkeohtu\/","title":{"rendered":"Campfire Evening"},"content":{"rendered":"\n<h2 class=\"wp-block-heading\" id=\"h-campfire-evening-at-kallaste-turismitalu-holiday-resort-warm-fire-good-company-and-unforgettable-moments\">Campfire Evening at Kallaste Turismitalu Holiday Resort \u2013 warm fire, good company, and unforgettable moments<\/h2>\n\n\n\n<p>Estonian summer evenings have their own charm \u2013 they can be enchantingly bright or crisply cool. It is in such moments that the campfire brings people together, creates the mood, and keeps everyone cozy and warm. At Kallaste Turismitalu and Kalju-lava Stage, you can organize a true campfire evening \u2013 with a small or large fire, according to your group\u2019s wishes.<\/p>\n\n\n<section class=\"blog-nb-section\">\n    <div class=\"upper\">\n        <svg xmlns=\"http:\/\/www.w3.org\/2000\/svg\" width=\"24\" height=\"24\" viewBox=\"0 0 24 24\" fill=\"none\">\n            <path d=\"M7.78216 3H16.2169C19.165 3 21 5.08119 21 8.02638V15.9736C21 18.9188 19.165 21 16.2159 21H7.78216C4.83405 21 3 18.9188 3 15.9736V8.02638C3 5.08119 4.84281 3 7.78216 3Z\" fill=\"#8D7971\" stroke=\"#8D7971\" stroke-width=\"1.5\" stroke-linecap=\"round\" stroke-linejoin=\"round\"\/>\n            <path d=\"M11.9941 8.98511V12.3117\" stroke=\"white\" stroke-width=\"1.5\" stroke-linecap=\"round\" stroke-linejoin=\"round\"\/>\n            <path d=\"M11.9941 12.3115L14.1322 15.0154\" stroke=\"white\" stroke-width=\"1.5\" stroke-linecap=\"round\" stroke-linejoin=\"round\"\/>\n            <path d=\"M11.9937 12.3115L9.86719 15.0008\" stroke=\"white\" stroke-width=\"1.5\" stroke-linecap=\"round\" stroke-linejoin=\"round\"\/>\n            <path d=\"M8.94141 11.2305L11.9907 12.3114\" stroke=\"white\" stroke-width=\"1.5\" stroke-linecap=\"round\" stroke-linejoin=\"round\"\/>\n            <path d=\"M11.9902 12.3114L15.057 11.2246\" stroke=\"white\" stroke-width=\"1.5\" stroke-linecap=\"round\" stroke-linejoin=\"round\"\/>\n        <\/svg>\n        <h3 class=\"blog-nb-section__title\">\n            Note! Safety first        <\/h3>\n    <\/div>\n    <p class=\"blog-nb-section__text\">\n        Campfire evening can only take place if the Rescue Board has not imposed a fire ban.    <\/p>\n<\/section>\n\n\n\n<p>The campfire sites are located in a beautiful natural setting and are perfect for both family evenings and larger events \u2013 whether it\u2019s a midsummer bonfire, a pre-wedding gathering, a summer day event, or simply a fun get-together with friends. A traditional activity that fits wonderfully with a campfire evening is baking campfire potatoes, which brings joy to both children and adults.<\/p>\n\n\n\n<p>If desired, your group can, by prior arrangement, collect fallen tree branches from the forest to use as firewood \u2013 a simple, nature-friendly, and eco-conscious way to prepare for the campfire evening. Use of the campfire site must always be agreed upon in advance, and depending on the wishes, additional fees may apply.<\/p>\n\n\n\n<p>If you want to add a campfire evening to your event, please let us know \u2013 we will help find the best solution!<\/p>\n\n\n    <section class=\"price-list smooth-corners\">\n                    <div class=\"price-list__item\">\n                <div class=\"price-list__item-content\">\n                    <div class=\"price-list__item-content-name\">\n                        \u201cWe collect branches ourselves from the forest\u201d campfire                    <\/div>\n                                        <div class=\"price-list__item-content-price smooth-corners\">\n                        free                    <\/div>\n                                    <\/div>\n                                    <div class=\"price-list__item-notice\">\n                        There are always plenty of branches in the forest. Please arrange the use of the campfire site in advance.                    <\/div>\n                            <\/div>\n                    <div class=\"price-list__item\">\n                <div class=\"price-list__item-content\">\n                    <div class=\"price-list__item-content-name\">\n                        Small Campfire                    <\/div>\n                                        <div class=\"price-list__item-content-price smooth-corners\">\n                        45\u20ac                    <\/div>\n                                    <\/div>\n                            <\/div>\n                    <div class=\"price-list__item\">\n                <div class=\"price-list__item-content\">\n                    <div class=\"price-list__item-content-name\">\n                        Large Campfire                    <\/div>\n                                        <div class=\"price-list__item-content-price smooth-corners\">\n                        90\u20ac                    <\/div>\n                                    <\/div>\n                            <\/div>\n                    <div class=\"price-list__item\">\n                <div class=\"price-list__item-content\">\n                    <div class=\"price-list__item-content-name\">\n                        Campfire potato materials (foil, potatoes, salt, butter, plates)                    <\/div>\n                                        <div class=\"price-list__item-content-price smooth-corners\">\n                        \u20ac4.5 per person                    <\/div>\n                                    <\/div>\n                                    <div class=\"price-list__item-notice\">\n                        The ashes can be used about 2 hours after the fire is started.                    <\/div>\n                            <\/div>\n                    <div class=\"price-list__item\">\n                <div class=\"price-list__item-content\">\n                    <div class=\"price-list__item-content-name\">\n                        Picnic Table for Campfire Evening                    <\/div>\n                                        <div class=\"price-list__item-content-price smooth-corners\">\n                        \u20ac15 per person                    <\/div>\n                                    <\/div>\n                                    <div class=\"price-list__item-notice\">\n                        Pastries, sausages, marshmallows, and other essential campfire evening goodies                    <\/div>\n                            <\/div>\n            <\/section>\n","protected":false},"excerpt":{"rendered":"Campfire Evening at Kallaste Turismitalu Holiday Resort \u2013 warm fire, good company, and unforgettable moments Estonian summer evenings&#8230;","protected":false},"author":1,"featured_media":2815,"parent":4094,"menu_order":0,"comment_status":"closed","ping_status":"closed","template":"page-templates\/template-accommodation-item.php","meta":{"_acf_changed":false,"inline_featured_image":false,"footnotes":""},"class_list":["post-4150","page","type-page","status-publish","has-post-thumbnail","hentry"],"acf":[],"yoast_head":"<!-- This site is optimized with the Yoast SEO Premium plugin v25.2 (Yoast SEO v26.7) - https:\/\/yoast.com\/wordpress\/plugins\/seo\/ -->\n<title>Meeleolukas l\u00f5kke\u00f5htu on looduses olemise p\u00e4rl<\/title>\n<meta name=\"description\" content=\"L\u00f5kke\u00f5htu Kallaste Turismitalus \u2013 see on l\u00f5kkejutud, t\u00e4histaevas ja looduse helid. Meeldej\u00e4\u00e4vad hetked ei teki juhuslikult \u2013 neid tuleb luua.\" \/>\n<meta name=\"robots\" content=\"index, follow, max-snippet:-1, max-image-preview:large, max-video-preview:-1\" \/>\n<link rel=\"canonical\" href=\"https:\/\/kallastetalu.ee\/en\/holiday-resort\/active-holiday\/lokkeohtu\/\" \/>\n<meta property=\"og:locale\" content=\"en_US\" \/>\n<meta property=\"og:type\" content=\"article\" \/>\n<meta property=\"og:title\" content=\"Campfire Evening\" \/>\n<meta property=\"og:description\" content=\"L\u00f5kke\u00f5htu Kallaste Turismitalus \u2013 see on l\u00f5kkejutud, t\u00e4histaevas ja looduse helid. Meeldej\u00e4\u00e4vad hetked ei teki juhuslikult \u2013 neid tuleb luua.\" \/>\n<meta property=\"og:url\" content=\"https:\/\/kallastetalu.ee\/en\/holiday-resort\/active-holiday\/lokkeohtu\/\" \/>\n<meta property=\"og:site_name\" content=\"Kallaste Turismitalu - \u00c4rksa hingega Talu Harjumaal\" \/>\n<meta property=\"article:publisher\" content=\"https:\/\/www.facebook.com\/kallastetalu\" \/>\n<meta property=\"article:modified_time\" content=\"2025-06-04T13:30:45+00:00\" \/>\n<meta property=\"og:image\" content=\"https:\/\/kallastetalu.ee\/wp-content\/uploads\/2025\/05\/DSCF8954-scaled.jpg\" \/>\n\t<meta property=\"og:image:width\" content=\"2560\" \/>\n\t<meta property=\"og:image:height\" content=\"1707\" \/>\n\t<meta property=\"og:image:type\" content=\"image\/jpeg\" \/>\n<meta name=\"twitter:card\" content=\"summary_large_image\" \/>\n<meta name=\"twitter:label1\" content=\"Est. reading time\" \/>\n\t<meta name=\"twitter:data1\" content=\"2 minutes\" \/>\n<script type=\"application\/ld+json\" class=\"yoast-schema-graph\">{\"@context\":\"https:\/\/schema.org\",\"@graph\":[{\"@type\":\"WebPage\",\"@id\":\"https:\/\/kallastetalu.ee\/en\/holiday-resort\/active-holiday\/lokkeohtu\/\",\"url\":\"https:\/\/kallastetalu.ee\/en\/holiday-resort\/active-holiday\/lokkeohtu\/\",\"name\":\"Meeleolukas l\u00f5kke\u00f5htu on looduses olemise p\u00e4rl\",\"isPartOf\":{\"@id\":\"https:\/\/kallastetalu.ee\/en\/#website\"},\"primaryImageOfPage\":{\"@id\":\"https:\/\/kallastetalu.ee\/en\/holiday-resort\/active-holiday\/lokkeohtu\/#primaryimage\"},\"image\":{\"@id\":\"https:\/\/kallastetalu.ee\/en\/holiday-resort\/active-holiday\/lokkeohtu\/#primaryimage\"},\"thumbnailUrl\":\"https:\/\/kallastetalu.ee\/wp-content\/uploads\/2025\/05\/DSCF8954-scaled.jpg\",\"datePublished\":\"2025-05-27T13:49:07+00:00\",\"dateModified\":\"2025-06-04T13:30:45+00:00\",\"description\":\"L\u00f5kke\u00f5htu Kallaste Turismitalus \u2013 see on l\u00f5kkejutud, t\u00e4histaevas ja looduse helid. Meeldej\u00e4\u00e4vad hetked ei teki juhuslikult \u2013 neid tuleb luua.\",\"breadcrumb\":{\"@id\":\"https:\/\/kallastetalu.ee\/en\/holiday-resort\/active-holiday\/lokkeohtu\/#breadcrumb\"},\"inLanguage\":\"en-US\",\"potentialAction\":[{\"@type\":\"ReadAction\",\"target\":[\"https:\/\/kallastetalu.ee\/en\/holiday-resort\/active-holiday\/lokkeohtu\/\"]}]},{\"@type\":\"ImageObject\",\"inLanguage\":\"en-US\",\"@id\":\"https:\/\/kallastetalu.ee\/en\/holiday-resort\/active-holiday\/lokkeohtu\/#primaryimage\",\"url\":\"https:\/\/kallastetalu.ee\/wp-content\/uploads\/2025\/05\/DSCF8954-scaled.jpg\",\"contentUrl\":\"https:\/\/kallastetalu.ee\/wp-content\/uploads\/2025\/05\/DSCF8954-scaled.jpg\",\"width\":2560,\"height\":1707,\"caption\":\"L\u00f5kke\u00f5htu l\u00f5kkejutud l\u00f5kkekartulid s\u00fctekartulid Kallaste Turismitalus \u00c4rksa hingega talu\"},{\"@type\":\"BreadcrumbList\",\"@id\":\"https:\/\/kallastetalu.ee\/en\/holiday-resort\/active-holiday\/lokkeohtu\/#breadcrumb\",\"itemListElement\":[{\"@type\":\"ListItem\",\"position\":1,\"name\":\"Home\",\"item\":\"https:\/\/kallastetalu.ee\/en\/\"},{\"@type\":\"ListItem\",\"position\":2,\"name\":\"Holiday Resort\",\"item\":\"https:\/\/kallastetalu.ee\/en\/holiday-resort\/\"},{\"@type\":\"ListItem\",\"position\":3,\"name\":\"Active Holiday\",\"item\":\"https:\/\/kallastetalu.ee\/en\/holiday-resort\/active-holiday\/\"},{\"@type\":\"ListItem\",\"position\":4,\"name\":\"Campfire Evening\"}]},{\"@type\":\"WebSite\",\"@id\":\"https:\/\/kallastetalu.ee\/en\/#website\",\"url\":\"https:\/\/kallastetalu.ee\/en\/\",\"name\":\"Kallaste Turismitalu - \u00c4rksa hingega talu Harjumaal\",\"description\":\"\",\"publisher\":{\"@id\":\"https:\/\/kallastetalu.ee\/en\/#organization\"},\"potentialAction\":[{\"@type\":\"SearchAction\",\"target\":{\"@type\":\"EntryPoint\",\"urlTemplate\":\"https:\/\/kallastetalu.ee\/en\/?s={search_term_string}\"},\"query-input\":{\"@type\":\"PropertyValueSpecification\",\"valueRequired\":true,\"valueName\":\"search_term_string\"}}],\"inLanguage\":\"en-US\"},{\"@type\":\"Organization\",\"@id\":\"https:\/\/kallastetalu.ee\/en\/#organization\",\"name\":\"Kallaste Turismitalu - \u00c4rksa hingega talu Harjumaal\",\"url\":\"https:\/\/kallastetalu.ee\/en\/\",\"logo\":{\"@type\":\"ImageObject\",\"inLanguage\":\"en-US\",\"@id\":\"https:\/\/kallastetalu.ee\/en\/#\/schema\/logo\/image\/\",\"url\":\"https:\/\/kallastetalu.ee\/wp-content\/uploads\/2025\/04\/kallastetalu.svg\",\"contentUrl\":\"https:\/\/kallastetalu.ee\/wp-content\/uploads\/2025\/04\/kallastetalu.svg\",\"width\":158,\"height\":127,\"caption\":\"Kallaste Turismitalu - \u00c4rksa hingega talu Harjumaal\"},\"image\":{\"@id\":\"https:\/\/kallastetalu.ee\/en\/#\/schema\/logo\/image\/\"},\"sameAs\":[\"https:\/\/www.facebook.com\/kallastetalu\",\"https:\/\/www.instagram.com\/turismitalu\",\"https:\/\/www.youtube.com\/@turismitalu\",\"https:\/\/www.tripadvisor.com\/Hotel_Review-g19122067-d2677575-Reviews-Kallaste_Talu_Turismitalu_Holiday_Resort-Kasepere_Harju_County.html?m=19905\"]}]}<\/script>\n<!-- \/ Yoast SEO Premium plugin. -->","yoast_head_json":{"title":"Meeleolukas l\u00f5kke\u00f5htu on looduses olemise p\u00e4rl","description":"L\u00f5kke\u00f5htu Kallaste Turismitalus \u2013 see on l\u00f5kkejutud, t\u00e4histaevas ja looduse helid. Meeldej\u00e4\u00e4vad hetked ei teki juhuslikult \u2013 neid tuleb luua.","robots":{"index":"index","follow":"follow","max-snippet":"max-snippet:-1","max-image-preview":"max-image-preview:large","max-video-preview":"max-video-preview:-1"},"canonical":"https:\/\/kallastetalu.ee\/en\/holiday-resort\/active-holiday\/lokkeohtu\/","og_locale":"en_US","og_type":"article","og_title":"Campfire Evening","og_description":"L\u00f5kke\u00f5htu Kallaste Turismitalus \u2013 see on l\u00f5kkejutud, t\u00e4histaevas ja looduse helid. Meeldej\u00e4\u00e4vad hetked ei teki juhuslikult \u2013 neid tuleb luua.","og_url":"https:\/\/kallastetalu.ee\/en\/holiday-resort\/active-holiday\/lokkeohtu\/","og_site_name":"Kallaste Turismitalu - \u00c4rksa hingega Talu Harjumaal","article_publisher":"https:\/\/www.facebook.com\/kallastetalu","article_modified_time":"2025-06-04T13:30:45+00:00","og_image":[{"width":2560,"height":1707,"url":"https:\/\/kallastetalu.ee\/wp-content\/uploads\/2025\/05\/DSCF8954-scaled.jpg","type":"image\/jpeg"}],"twitter_card":"summary_large_image","twitter_misc":{"Est. reading time":"2 minutes"},"schema":{"@context":"https:\/\/schema.org","@graph":[{"@type":"WebPage","@id":"https:\/\/kallastetalu.ee\/en\/holiday-resort\/active-holiday\/lokkeohtu\/","url":"https:\/\/kallastetalu.ee\/en\/holiday-resort\/active-holiday\/lokkeohtu\/","name":"Meeleolukas l\u00f5kke\u00f5htu on looduses olemise p\u00e4rl","isPartOf":{"@id":"https:\/\/kallastetalu.ee\/en\/#website"},"primaryImageOfPage":{"@id":"https:\/\/kallastetalu.ee\/en\/holiday-resort\/active-holiday\/lokkeohtu\/#primaryimage"},"image":{"@id":"https:\/\/kallastetalu.ee\/en\/holiday-resort\/active-holiday\/lokkeohtu\/#primaryimage"},"thumbnailUrl":"https:\/\/kallastetalu.ee\/wp-content\/uploads\/2025\/05\/DSCF8954-scaled.jpg","datePublished":"2025-05-27T13:49:07+00:00","dateModified":"2025-06-04T13:30:45+00:00","description":"L\u00f5kke\u00f5htu Kallaste Turismitalus \u2013 see on l\u00f5kkejutud, t\u00e4histaevas ja looduse helid. Meeldej\u00e4\u00e4vad hetked ei teki juhuslikult \u2013 neid tuleb luua.","breadcrumb":{"@id":"https:\/\/kallastetalu.ee\/en\/holiday-resort\/active-holiday\/lokkeohtu\/#breadcrumb"},"inLanguage":"en-US","potentialAction":[{"@type":"ReadAction","target":["https:\/\/kallastetalu.ee\/en\/holiday-resort\/active-holiday\/lokkeohtu\/"]}]},{"@type":"ImageObject","inLanguage":"en-US","@id":"https:\/\/kallastetalu.ee\/en\/holiday-resort\/active-holiday\/lokkeohtu\/#primaryimage","url":"https:\/\/kallastetalu.ee\/wp-content\/uploads\/2025\/05\/DSCF8954-scaled.jpg","contentUrl":"https:\/\/kallastetalu.ee\/wp-content\/uploads\/2025\/05\/DSCF8954-scaled.jpg","width":2560,"height":1707,"caption":"L\u00f5kke\u00f5htu l\u00f5kkejutud l\u00f5kkekartulid s\u00fctekartulid Kallaste Turismitalus \u00c4rksa hingega talu"},{"@type":"BreadcrumbList","@id":"https:\/\/kallastetalu.ee\/en\/holiday-resort\/active-holiday\/lokkeohtu\/#breadcrumb","itemListElement":[{"@type":"ListItem","position":1,"name":"Home","item":"https:\/\/kallastetalu.ee\/en\/"},{"@type":"ListItem","position":2,"name":"Holiday Resort","item":"https:\/\/kallastetalu.ee\/en\/holiday-resort\/"},{"@type":"ListItem","position":3,"name":"Active Holiday","item":"https:\/\/kallastetalu.ee\/en\/holiday-resort\/active-holiday\/"},{"@type":"ListItem","position":4,"name":"Campfire Evening"}]},{"@type":"WebSite","@id":"https:\/\/kallastetalu.ee\/en\/#website","url":"https:\/\/kallastetalu.ee\/en\/","name":"Kallaste Turismitalu - \u00c4rksa hingega talu Harjumaal","description":"","publisher":{"@id":"https:\/\/kallastetalu.ee\/en\/#organization"},"potentialAction":[{"@type":"SearchAction","target":{"@type":"EntryPoint","urlTemplate":"https:\/\/kallastetalu.ee\/en\/?s={search_term_string}"},"query-input":{"@type":"PropertyValueSpecification","valueRequired":true,"valueName":"search_term_string"}}],"inLanguage":"en-US"},{"@type":"Organization","@id":"https:\/\/kallastetalu.ee\/en\/#organization","name":"Kallaste Turismitalu - \u00c4rksa hingega talu Harjumaal","url":"https:\/\/kallastetalu.ee\/en\/","logo":{"@type":"ImageObject","inLanguage":"en-US","@id":"https:\/\/kallastetalu.ee\/en\/#\/schema\/logo\/image\/","url":"https:\/\/kallastetalu.ee\/wp-content\/uploads\/2025\/04\/kallastetalu.svg","contentUrl":"https:\/\/kallastetalu.ee\/wp-content\/uploads\/2025\/04\/kallastetalu.svg","width":158,"height":127,"caption":"Kallaste Turismitalu - \u00c4rksa hingega talu Harjumaal"},"image":{"@id":"https:\/\/kallastetalu.ee\/en\/#\/schema\/logo\/image\/"},"sameAs":["https:\/\/www.facebook.com\/kallastetalu","https:\/\/www.instagram.com\/turismitalu","https:\/\/www.youtube.com\/@turismitalu","https:\/\/www.tripadvisor.com\/Hotel_Review-g19122067-d2677575-Reviews-Kallaste_Talu_Turismitalu_Holiday_Resort-Kasepere_Harju_County.html?m=19905"]}]}},"_links":{"self":[{"href":"https:\/\/kallastetalu.ee\/en\/wp-json\/wp\/v2\/pages\/4150","targetHints":{"allow":["GET"]}}],"collection":[{"href":"https:\/\/kallastetalu.ee\/en\/wp-json\/wp\/v2\/pages"}],"about":[{"href":"https:\/\/kallastetalu.ee\/en\/wp-json\/wp\/v2\/types\/page"}],"author":[{"embeddable":true,"href":"https:\/\/kallastetalu.ee\/en\/wp-json\/wp\/v2\/users\/1"}],"replies":[{"embeddable":true,"href":"https:\/\/kallastetalu.ee\/en\/wp-json\/wp\/v2\/comments?post=4150"}],"version-history":[{"count":1,"href":"https:\/\/kallastetalu.ee\/en\/wp-json\/wp\/v2\/pages\/4150\/revisions"}],"predecessor-version":[{"id":4155,"href":"https:\/\/kallastetalu.ee\/en\/wp-json\/wp\/v2\/pages\/4150\/revisions\/4155"}],"up":[{"embeddable":true,"href":"https:\/\/kallastetalu.ee\/en\/wp-json\/wp\/v2\/pages\/4094"}],"wp:featuredmedia":[{"embeddable":true,"href":"https:\/\/kallastetalu.ee\/en\/wp-json\/wp\/v2\/media\/2815"}],"wp:attachment":[{"href":"https:\/\/kallastetalu.ee\/en\/wp-json\/wp\/v2\/media?parent=4150"}],"curies":[{"name":"wp","href":"https:\/\/api.w.org\/{rel}","templated":true}]}}