{"id":4156,"date":"2025-05-27T13:47:55","date_gmt":"2025-05-27T13:47:55","guid":{"rendered":"https:\/\/kallastetalu.ee\/turismitalu\/aktiivne-puhkus\/tunnisoit\/"},"modified":"2025-06-04T13:34:52","modified_gmt":"2025-06-04T13:34:52","slug":"tunnisoit","status":"publish","type":"page","link":"https:\/\/kallastetalu.ee\/en\/holiday-resort\/active-holiday\/tunnisoit\/","title":{"rendered":"Barrel Ride"},"content":{"rendered":"\n<p>If you\u2019re looking for something truly fun and a bit wild, then the barrel ride is just for you! In our pond awaits a special barrel for brave participants \u2013 you climb inside and try to keep your balance on the water. It\u2019s not easy, but there\u2019s plenty of laughter! The ride usually ends with a little splash, but that\u2019s part of the charm.<\/p>\n\n\n\n<p>Our experienced instructor shares the secrets of the barrel and guides the riders. When prizes and competition come into play, faces get serious\u2026 and splashes become more frequent.<\/p>\n\n\n\n<p>Active holiday is a great choice, and barrel riding is perfect for smaller groups but also adds excitement as an extra activity for larger groups.<\/p>\n\n\n\n<p>In colder weather, we recommend ordering the Pond Sauna alongside \u2013 because after the refreshing splash, it\u2019s wonderful to run straight into the steam room.<\/p>\n\n\n    <section class=\"price-list smooth-corners\">\n                    <div class=\"price-list__item\">\n                <div class=\"price-list__item-content\">\n                    <div class=\"price-list__item-content-name\">\n                        Barrel Ride                    <\/div>\n                                        <div class=\"price-list__item-content-price smooth-corners\">\n                        80\u20ac\u00a0\/ h                    <\/div>\n                                    <\/div>\n                                    <div class=\"price-list__item-notice\">\n                        Duration: 1\u20132 hours, up to 10 participants per hour (generally most watch, and only a few dare to try!)                    <\/div>\n                            <\/div>\n            <\/section>\n\n\n\n<h2 class=\"wp-block-heading\" id=\"h-barrel-ride-the-only-place-where-management-really-gets-to-let-loose\">Barrel Ride: the only place where management really gets to let loose!<\/h2>\n\n\n    <section class=\"gallery-block\">\n        <div class=\"gallery-block__wrapper swiper\">\n            <div class=\"gallery-block__list swiper-wrapper\">\n                                        <div class=\"gallery-block__list-item swiper-slide\">\n                            <img decoding=\"async\" width=\"2256\" height=\"1496\" src=\"https:\/\/kallastetalu.ee\/wp-content\/uploads\/2025\/05\/DSC_0385.jpg\" class=\"attachment-full size-full\" alt=\"\" srcset=\"https:\/\/kallastetalu.ee\/wp-content\/uploads\/2025\/05\/DSC_0385.jpg 2256w, https:\/\/kallastetalu.ee\/wp-content\/uploads\/2025\/05\/DSC_0385-250x166.jpg 250w, https:\/\/kallastetalu.ee\/wp-content\/uploads\/2025\/05\/DSC_0385-700x464.jpg 700w, https:\/\/kallastetalu.ee\/wp-content\/uploads\/2025\/05\/DSC_0385-768x509.jpg 768w, https:\/\/kallastetalu.ee\/wp-content\/uploads\/2025\/05\/DSC_0385-1536x1019.jpg 1536w, https:\/\/kallastetalu.ee\/wp-content\/uploads\/2025\/05\/DSC_0385-2048x1358.jpg 2048w, https:\/\/kallastetalu.ee\/wp-content\/uploads\/2025\/05\/DSC_0385-120x80.jpg 120w, https:\/\/kallastetalu.ee\/wp-content\/uploads\/2025\/05\/DSC_0385-600x398.jpg 600w\" sizes=\"(max-width: 2256px) 100vw, 2256px\" \/>                        <\/div>\n                            <\/div>\n        <\/div>\n        <div class=\"swiper-button-prev\"><\/div>\n        <div class=\"swiper-button-next\"><\/div>\n    <\/section>\n","protected":false},"excerpt":{"rendered":"If you\u2019re looking for something truly fun and a bit wild, then the barrel ride is just for you! In our pond awaits a special barrel for&#8230;","protected":false},"author":1,"featured_media":2807,"parent":4094,"menu_order":0,"comment_status":"closed","ping_status":"closed","template":"page-templates\/template-accommodation-item.php","meta":{"_acf_changed":false,"inline_featured_image":false,"footnotes":""},"class_list":["post-4156","page","type-page","status-publish","has-post-thumbnail","hentry"],"acf":[],"yoast_head":"<!-- This site is optimized with the Yoast SEO Premium plugin v25.2 (Yoast SEO v26.7) - https:\/\/yoast.com\/wordpress\/plugins\/seo\/ -->\n<title>T\u00fcnnis\u00f5it on &quot;l\u00f5bus&quot; v\u00e4ljakutse iga\u00fchele Kallaste Turismitalus<\/title>\n<meta name=\"description\" content=\"T\u00fcnnis\u00f5it on ainus koht, kus juhtkonnal p\u00e4riselt p\u00f5hja lastakse minna! Julgemad proovivad, enamus naeravad. L\u00f5bus eks?\" \/>\n<meta name=\"robots\" content=\"index, follow, max-snippet:-1, max-image-preview:large, max-video-preview:-1\" \/>\n<link rel=\"canonical\" href=\"https:\/\/kallastetalu.ee\/en\/holiday-resort\/active-holiday\/tunnisoit\/\" \/>\n<meta property=\"og:locale\" content=\"en_US\" \/>\n<meta property=\"og:type\" content=\"article\" \/>\n<meta property=\"og:title\" content=\"Barrel Ride\" \/>\n<meta property=\"og:description\" content=\"T\u00fcnnis\u00f5it on ainus koht, kus juhtkonnal p\u00e4riselt p\u00f5hja lastakse minna! Julgemad proovivad, enamus naeravad. L\u00f5bus eks?\" \/>\n<meta property=\"og:url\" content=\"https:\/\/kallastetalu.ee\/en\/holiday-resort\/active-holiday\/tunnisoit\/\" \/>\n<meta property=\"og:site_name\" content=\"Kallaste Turismitalu - \u00c4rksa hingega Talu Harjumaal\" \/>\n<meta property=\"article:publisher\" content=\"https:\/\/www.facebook.com\/kallastetalu\" \/>\n<meta property=\"article:modified_time\" content=\"2025-06-04T13:34:52+00:00\" \/>\n<meta property=\"og:image\" content=\"https:\/\/kallastetalu.ee\/wp-content\/uploads\/2025\/05\/tunnisoit-3.jpg\" \/>\n\t<meta property=\"og:image:width\" content=\"1496\" \/>\n\t<meta property=\"og:image:height\" content=\"2256\" \/>\n\t<meta property=\"og:image:type\" content=\"image\/jpeg\" \/>\n<meta name=\"twitter:card\" content=\"summary_large_image\" \/>\n<meta name=\"twitter:label1\" content=\"Est. reading time\" \/>\n\t<meta name=\"twitter:data1\" content=\"2 minutes\" \/>\n<script type=\"application\/ld+json\" class=\"yoast-schema-graph\">{\"@context\":\"https:\/\/schema.org\",\"@graph\":[{\"@type\":\"WebPage\",\"@id\":\"https:\/\/kallastetalu.ee\/en\/holiday-resort\/active-holiday\/tunnisoit\/\",\"url\":\"https:\/\/kallastetalu.ee\/en\/holiday-resort\/active-holiday\/tunnisoit\/\",\"name\":\"T\u00fcnnis\u00f5it on \\\"l\u00f5bus\\\" v\u00e4ljakutse iga\u00fchele Kallaste Turismitalus\",\"isPartOf\":{\"@id\":\"https:\/\/kallastetalu.ee\/en\/#website\"},\"primaryImageOfPage\":{\"@id\":\"https:\/\/kallastetalu.ee\/en\/holiday-resort\/active-holiday\/tunnisoit\/#primaryimage\"},\"image\":{\"@id\":\"https:\/\/kallastetalu.ee\/en\/holiday-resort\/active-holiday\/tunnisoit\/#primaryimage\"},\"thumbnailUrl\":\"https:\/\/kallastetalu.ee\/wp-content\/uploads\/2025\/05\/tunnisoit-3.jpg\",\"datePublished\":\"2025-05-27T13:47:55+00:00\",\"dateModified\":\"2025-06-04T13:34:52+00:00\",\"description\":\"T\u00fcnnis\u00f5it on ainus koht, kus juhtkonnal p\u00e4riselt p\u00f5hja lastakse minna! Julgemad proovivad, enamus naeravad. L\u00f5bus eks?\",\"breadcrumb\":{\"@id\":\"https:\/\/kallastetalu.ee\/en\/holiday-resort\/active-holiday\/tunnisoit\/#breadcrumb\"},\"inLanguage\":\"en-US\",\"potentialAction\":[{\"@type\":\"ReadAction\",\"target\":[\"https:\/\/kallastetalu.ee\/en\/holiday-resort\/active-holiday\/tunnisoit\/\"]}]},{\"@type\":\"ImageObject\",\"inLanguage\":\"en-US\",\"@id\":\"https:\/\/kallastetalu.ee\/en\/holiday-resort\/active-holiday\/tunnisoit\/#primaryimage\",\"url\":\"https:\/\/kallastetalu.ee\/wp-content\/uploads\/2025\/05\/tunnisoit-3.jpg\",\"contentUrl\":\"https:\/\/kallastetalu.ee\/wp-content\/uploads\/2025\/05\/tunnisoit-3.jpg\",\"width\":1496,\"height\":2256,\"caption\":\"T\u00fcnnis\u00f5it - l\u00f5bus v\u00e4ljakutse k\u00f5igile Kallaste Turismitalus Harjumaal\"},{\"@type\":\"BreadcrumbList\",\"@id\":\"https:\/\/kallastetalu.ee\/en\/holiday-resort\/active-holiday\/tunnisoit\/#breadcrumb\",\"itemListElement\":[{\"@type\":\"ListItem\",\"position\":1,\"name\":\"Home\",\"item\":\"https:\/\/kallastetalu.ee\/en\/\"},{\"@type\":\"ListItem\",\"position\":2,\"name\":\"Holiday Resort\",\"item\":\"https:\/\/kallastetalu.ee\/en\/holiday-resort\/\"},{\"@type\":\"ListItem\",\"position\":3,\"name\":\"Active Holiday\",\"item\":\"https:\/\/kallastetalu.ee\/en\/holiday-resort\/active-holiday\/\"},{\"@type\":\"ListItem\",\"position\":4,\"name\":\"Barrel Ride\"}]},{\"@type\":\"WebSite\",\"@id\":\"https:\/\/kallastetalu.ee\/en\/#website\",\"url\":\"https:\/\/kallastetalu.ee\/en\/\",\"name\":\"Kallaste Turismitalu - \u00c4rksa hingega talu Harjumaal\",\"description\":\"\",\"publisher\":{\"@id\":\"https:\/\/kallastetalu.ee\/en\/#organization\"},\"potentialAction\":[{\"@type\":\"SearchAction\",\"target\":{\"@type\":\"EntryPoint\",\"urlTemplate\":\"https:\/\/kallastetalu.ee\/en\/?s={search_term_string}\"},\"query-input\":{\"@type\":\"PropertyValueSpecification\",\"valueRequired\":true,\"valueName\":\"search_term_string\"}}],\"inLanguage\":\"en-US\"},{\"@type\":\"Organization\",\"@id\":\"https:\/\/kallastetalu.ee\/en\/#organization\",\"name\":\"Kallaste Turismitalu - \u00c4rksa hingega talu Harjumaal\",\"url\":\"https:\/\/kallastetalu.ee\/en\/\",\"logo\":{\"@type\":\"ImageObject\",\"inLanguage\":\"en-US\",\"@id\":\"https:\/\/kallastetalu.ee\/en\/#\/schema\/logo\/image\/\",\"url\":\"https:\/\/kallastetalu.ee\/wp-content\/uploads\/2025\/04\/kallastetalu.svg\",\"contentUrl\":\"https:\/\/kallastetalu.ee\/wp-content\/uploads\/2025\/04\/kallastetalu.svg\",\"width\":158,\"height\":127,\"caption\":\"Kallaste Turismitalu - \u00c4rksa hingega talu Harjumaal\"},\"image\":{\"@id\":\"https:\/\/kallastetalu.ee\/en\/#\/schema\/logo\/image\/\"},\"sameAs\":[\"https:\/\/www.facebook.com\/kallastetalu\",\"https:\/\/www.instagram.com\/turismitalu\",\"https:\/\/www.youtube.com\/@turismitalu\",\"https:\/\/www.tripadvisor.com\/Hotel_Review-g19122067-d2677575-Reviews-Kallaste_Talu_Turismitalu_Holiday_Resort-Kasepere_Harju_County.html?m=19905\"]}]}<\/script>\n<!-- \/ Yoast SEO Premium plugin. -->","yoast_head_json":{"title":"T\u00fcnnis\u00f5it on \"l\u00f5bus\" v\u00e4ljakutse iga\u00fchele Kallaste Turismitalus","description":"T\u00fcnnis\u00f5it on ainus koht, kus juhtkonnal p\u00e4riselt p\u00f5hja lastakse minna! Julgemad proovivad, enamus naeravad. L\u00f5bus eks?","robots":{"index":"index","follow":"follow","max-snippet":"max-snippet:-1","max-image-preview":"max-image-preview:large","max-video-preview":"max-video-preview:-1"},"canonical":"https:\/\/kallastetalu.ee\/en\/holiday-resort\/active-holiday\/tunnisoit\/","og_locale":"en_US","og_type":"article","og_title":"Barrel Ride","og_description":"T\u00fcnnis\u00f5it on ainus koht, kus juhtkonnal p\u00e4riselt p\u00f5hja lastakse minna! Julgemad proovivad, enamus naeravad. L\u00f5bus eks?","og_url":"https:\/\/kallastetalu.ee\/en\/holiday-resort\/active-holiday\/tunnisoit\/","og_site_name":"Kallaste Turismitalu - \u00c4rksa hingega Talu Harjumaal","article_publisher":"https:\/\/www.facebook.com\/kallastetalu","article_modified_time":"2025-06-04T13:34:52+00:00","og_image":[{"width":1496,"height":2256,"url":"https:\/\/kallastetalu.ee\/wp-content\/uploads\/2025\/05\/tunnisoit-3.jpg","type":"image\/jpeg"}],"twitter_card":"summary_large_image","twitter_misc":{"Est. reading time":"2 minutes"},"schema":{"@context":"https:\/\/schema.org","@graph":[{"@type":"WebPage","@id":"https:\/\/kallastetalu.ee\/en\/holiday-resort\/active-holiday\/tunnisoit\/","url":"https:\/\/kallastetalu.ee\/en\/holiday-resort\/active-holiday\/tunnisoit\/","name":"T\u00fcnnis\u00f5it on \"l\u00f5bus\" v\u00e4ljakutse iga\u00fchele Kallaste Turismitalus","isPartOf":{"@id":"https:\/\/kallastetalu.ee\/en\/#website"},"primaryImageOfPage":{"@id":"https:\/\/kallastetalu.ee\/en\/holiday-resort\/active-holiday\/tunnisoit\/#primaryimage"},"image":{"@id":"https:\/\/kallastetalu.ee\/en\/holiday-resort\/active-holiday\/tunnisoit\/#primaryimage"},"thumbnailUrl":"https:\/\/kallastetalu.ee\/wp-content\/uploads\/2025\/05\/tunnisoit-3.jpg","datePublished":"2025-05-27T13:47:55+00:00","dateModified":"2025-06-04T13:34:52+00:00","description":"T\u00fcnnis\u00f5it on ainus koht, kus juhtkonnal p\u00e4riselt p\u00f5hja lastakse minna! Julgemad proovivad, enamus naeravad. L\u00f5bus eks?","breadcrumb":{"@id":"https:\/\/kallastetalu.ee\/en\/holiday-resort\/active-holiday\/tunnisoit\/#breadcrumb"},"inLanguage":"en-US","potentialAction":[{"@type":"ReadAction","target":["https:\/\/kallastetalu.ee\/en\/holiday-resort\/active-holiday\/tunnisoit\/"]}]},{"@type":"ImageObject","inLanguage":"en-US","@id":"https:\/\/kallastetalu.ee\/en\/holiday-resort\/active-holiday\/tunnisoit\/#primaryimage","url":"https:\/\/kallastetalu.ee\/wp-content\/uploads\/2025\/05\/tunnisoit-3.jpg","contentUrl":"https:\/\/kallastetalu.ee\/wp-content\/uploads\/2025\/05\/tunnisoit-3.jpg","width":1496,"height":2256,"caption":"T\u00fcnnis\u00f5it - l\u00f5bus v\u00e4ljakutse k\u00f5igile Kallaste Turismitalus Harjumaal"},{"@type":"BreadcrumbList","@id":"https:\/\/kallastetalu.ee\/en\/holiday-resort\/active-holiday\/tunnisoit\/#breadcrumb","itemListElement":[{"@type":"ListItem","position":1,"name":"Home","item":"https:\/\/kallastetalu.ee\/en\/"},{"@type":"ListItem","position":2,"name":"Holiday Resort","item":"https:\/\/kallastetalu.ee\/en\/holiday-resort\/"},{"@type":"ListItem","position":3,"name":"Active Holiday","item":"https:\/\/kallastetalu.ee\/en\/holiday-resort\/active-holiday\/"},{"@type":"ListItem","position":4,"name":"Barrel Ride"}]},{"@type":"WebSite","@id":"https:\/\/kallastetalu.ee\/en\/#website","url":"https:\/\/kallastetalu.ee\/en\/","name":"Kallaste Turismitalu - \u00c4rksa hingega talu Harjumaal","description":"","publisher":{"@id":"https:\/\/kallastetalu.ee\/en\/#organization"},"potentialAction":[{"@type":"SearchAction","target":{"@type":"EntryPoint","urlTemplate":"https:\/\/kallastetalu.ee\/en\/?s={search_term_string}"},"query-input":{"@type":"PropertyValueSpecification","valueRequired":true,"valueName":"search_term_string"}}],"inLanguage":"en-US"},{"@type":"Organization","@id":"https:\/\/kallastetalu.ee\/en\/#organization","name":"Kallaste Turismitalu - \u00c4rksa hingega talu Harjumaal","url":"https:\/\/kallastetalu.ee\/en\/","logo":{"@type":"ImageObject","inLanguage":"en-US","@id":"https:\/\/kallastetalu.ee\/en\/#\/schema\/logo\/image\/","url":"https:\/\/kallastetalu.ee\/wp-content\/uploads\/2025\/04\/kallastetalu.svg","contentUrl":"https:\/\/kallastetalu.ee\/wp-content\/uploads\/2025\/04\/kallastetalu.svg","width":158,"height":127,"caption":"Kallaste Turismitalu - \u00c4rksa hingega talu Harjumaal"},"image":{"@id":"https:\/\/kallastetalu.ee\/en\/#\/schema\/logo\/image\/"},"sameAs":["https:\/\/www.facebook.com\/kallastetalu","https:\/\/www.instagram.com\/turismitalu","https:\/\/www.youtube.com\/@turismitalu","https:\/\/www.tripadvisor.com\/Hotel_Review-g19122067-d2677575-Reviews-Kallaste_Talu_Turismitalu_Holiday_Resort-Kasepere_Harju_County.html?m=19905"]}]}},"_links":{"self":[{"href":"https:\/\/kallastetalu.ee\/en\/wp-json\/wp\/v2\/pages\/4156","targetHints":{"allow":["GET"]}}],"collection":[{"href":"https:\/\/kallastetalu.ee\/en\/wp-json\/wp\/v2\/pages"}],"about":[{"href":"https:\/\/kallastetalu.ee\/en\/wp-json\/wp\/v2\/types\/page"}],"author":[{"embeddable":true,"href":"https:\/\/kallastetalu.ee\/en\/wp-json\/wp\/v2\/users\/1"}],"replies":[{"embeddable":true,"href":"https:\/\/kallastetalu.ee\/en\/wp-json\/wp\/v2\/comments?post=4156"}],"version-history":[{"count":1,"href":"https:\/\/kallastetalu.ee\/en\/wp-json\/wp\/v2\/pages\/4156\/revisions"}],"predecessor-version":[{"id":4161,"href":"https:\/\/kallastetalu.ee\/en\/wp-json\/wp\/v2\/pages\/4156\/revisions\/4161"}],"up":[{"embeddable":true,"href":"https:\/\/kallastetalu.ee\/en\/wp-json\/wp\/v2\/pages\/4094"}],"wp:featuredmedia":[{"embeddable":true,"href":"https:\/\/kallastetalu.ee\/en\/wp-json\/wp\/v2\/media\/2807"}],"wp:attachment":[{"href":"https:\/\/kallastetalu.ee\/en\/wp-json\/wp\/v2\/media?parent=4156"}],"curies":[{"name":"wp","href":"https:\/\/api.w.org\/{rel}","templated":true}]}}