{"id":4168,"date":"2025-05-27T13:43:11","date_gmt":"2025-05-27T13:43:11","guid":{"rendered":"https:\/\/kallastetalu.ee\/turismitalu\/aktiivne-puhkus\/veematkad-rummu-karjaaril\/"},"modified":"2025-06-04T13:48:34","modified_gmt":"2025-06-04T13:48:34","slug":"veematkad-rummu-karjaaril","status":"publish","type":"page","link":"https:\/\/kallastetalu.ee\/en\/holiday-resort\/active-holiday\/veematkad-rummu-karjaaril\/","title":{"rendered":"Water Trips at Rummu Quarry"},"content":{"rendered":"\n<p>The bright blue and exceptionally clear water of Rummu Quarry is waiting to be discovered \u2013 you simply have to feel it with your own hand and see it with your own eyes. Transparent water, an underwater prison, an otherworldly environment. The lake, located just 3 km from Kallaste Turismitalu Holiday Resort, offers excellent opportunities for various exciting activities on the water. After a boat trip, it\u2019s especially enjoyable to have a tasty meal and relax in the sauna. There are several types of watercraft available, so you\u2019re sure to find something for yourself \u2013 plenty of excitement guaranteed! Water trips are perfect if you\u2019re not afraid of water.<\/p>\n\n\n<section class=\"blog-nb-section\">\n    <div class=\"upper\">\n        <svg xmlns=\"http:\/\/www.w3.org\/2000\/svg\" width=\"24\" height=\"24\" viewBox=\"0 0 24 24\" fill=\"none\">\n            <path d=\"M7.78216 3H16.2169C19.165 3 21 5.08119 21 8.02638V15.9736C21 18.9188 19.165 21 16.2159 21H7.78216C4.83405 21 3 18.9188 3 15.9736V8.02638C3 5.08119 4.84281 3 7.78216 3Z\" fill=\"#8D7971\" stroke=\"#8D7971\" stroke-width=\"1.5\" stroke-linecap=\"round\" stroke-linejoin=\"round\"\/>\n            <path d=\"M11.9941 8.98511V12.3117\" stroke=\"white\" stroke-width=\"1.5\" stroke-linecap=\"round\" stroke-linejoin=\"round\"\/>\n            <path d=\"M11.9941 12.3115L14.1322 15.0154\" stroke=\"white\" stroke-width=\"1.5\" stroke-linecap=\"round\" stroke-linejoin=\"round\"\/>\n            <path d=\"M11.9937 12.3115L9.86719 15.0008\" stroke=\"white\" stroke-width=\"1.5\" stroke-linecap=\"round\" stroke-linejoin=\"round\"\/>\n            <path d=\"M8.94141 11.2305L11.9907 12.3114\" stroke=\"white\" stroke-width=\"1.5\" stroke-linecap=\"round\" stroke-linejoin=\"round\"\/>\n            <path d=\"M11.9902 12.3114L15.057 11.2246\" stroke=\"white\" stroke-width=\"1.5\" stroke-linecap=\"round\" stroke-linejoin=\"round\"\/>\n        <\/svg>\n        <h3 class=\"blog-nb-section__title\">\n                    <\/h3>\n    <\/div>\n    <p class=\"blog-nb-section__text\">\n        Please bring a towel, swimwear, and warmer clothes for cooler weather.    <\/p>\n<\/section>\n\n\n\n<h3 class=\"wp-block-heading\" id=\"h-duration-of-all-activities-2-3-hours\">Duration of all activities: 2\u20133 hours<\/h3>\n\n\n    <section class=\"gallery-block\">\n        <div class=\"gallery-block__wrapper swiper\">\n            <div class=\"gallery-block__list swiper-wrapper\">\n                                        <div class=\"gallery-block__list-item swiper-slide\">\n                            <img decoding=\"async\" width=\"1280\" height=\"720\" src=\"https:\/\/kallastetalu.ee\/wp-content\/uploads\/2025\/05\/Paadisoit-Rummu-karjaarijarvel-ohtul-pimedas-laternatega-naeb-ka-veealla-vinge-kogemus-aktiivne-puhkus-Kallaste-Turismitalu-1.jpg\" class=\"attachment-full size-full\" alt=\"\" srcset=\"https:\/\/kallastetalu.ee\/wp-content\/uploads\/2025\/05\/Paadisoit-Rummu-karjaarijarvel-ohtul-pimedas-laternatega-naeb-ka-veealla-vinge-kogemus-aktiivne-puhkus-Kallaste-Turismitalu-1.jpg 1280w, https:\/\/kallastetalu.ee\/wp-content\/uploads\/2025\/05\/Paadisoit-Rummu-karjaarijarvel-ohtul-pimedas-laternatega-naeb-ka-veealla-vinge-kogemus-aktiivne-puhkus-Kallaste-Turismitalu-1-250x141.jpg 250w, https:\/\/kallastetalu.ee\/wp-content\/uploads\/2025\/05\/Paadisoit-Rummu-karjaarijarvel-ohtul-pimedas-laternatega-naeb-ka-veealla-vinge-kogemus-aktiivne-puhkus-Kallaste-Turismitalu-1-700x394.jpg 700w, https:\/\/kallastetalu.ee\/wp-content\/uploads\/2025\/05\/Paadisoit-Rummu-karjaarijarvel-ohtul-pimedas-laternatega-naeb-ka-veealla-vinge-kogemus-aktiivne-puhkus-Kallaste-Turismitalu-1-768x432.jpg 768w, https:\/\/kallastetalu.ee\/wp-content\/uploads\/2025\/05\/Paadisoit-Rummu-karjaarijarvel-ohtul-pimedas-laternatega-naeb-ka-veealla-vinge-kogemus-aktiivne-puhkus-Kallaste-Turismitalu-1-120x68.jpg 120w, https:\/\/kallastetalu.ee\/wp-content\/uploads\/2025\/05\/Paadisoit-Rummu-karjaarijarvel-ohtul-pimedas-laternatega-naeb-ka-veealla-vinge-kogemus-aktiivne-puhkus-Kallaste-Turismitalu-1-600x338.jpg 600w\" sizes=\"(max-width: 1280px) 100vw, 1280px\" \/>                        <\/div>\n                            <\/div>\n        <\/div>\n        <div class=\"swiper-button-prev\"><\/div>\n        <div class=\"swiper-button-next\"><\/div>\n    <\/section>\n\n\n\n<h2 class=\"wp-block-heading\" id=\"h-light-rafting-rafting-on-rummu-quarry\">Light Rafting \/ Rafting on Rummu Quarry:<\/h2>\n\n\n\n<p>Rummu Quarry offers an extraordinary experience at night. We take you onto the water on safe rubber rafts equipped with special lighting, allowing you to see deep to the bottom of the quarry. The transparent water creates a mystical atmosphere, and thanks to the light passing through the water, our surroundings turn a greenish-blue. The light rafting starts at dusk, but upon request, rafting trips can also be arranged during daylight hours.<\/p>\n\n\n    <section class=\"price-list smooth-corners\">\n                    <div class=\"price-list__item\">\n                <div class=\"price-list__item-content\">\n                    <div class=\"price-list__item-content-name\">\n                        Light Rafting \/ Rafting                    <\/div>\n                                        <div class=\"price-list__item-content-price smooth-corners\">\n                        from \u20ac500 per raft                    <\/div>\n                                    <\/div>\n                                    <div class=\"price-list__item-notice\">\n                        Duration: 3 hours, Group: 10\u201312 seats per raft, life jackets, paddles, instructor, visit to Rummu territory                    <\/div>\n                            <\/div>\n            <\/section>\n\n\n\n<h2 class=\"wp-block-heading\" id=\"h-sup-tour-at-rummu-quarry\">SUP Tour at Rummu Quarry:<\/h2>\n\n\n\n<p>SUP, or Stand Up Paddleboarding, is a great way to explore the hidden corners of Rummu Quarry. A SUP board resembles a surfboard, and you propel yourself forward using a paddle, either standing upright or kneeling on the board. SUP is an easy skill to learn and accessible to everyone, regardless of age or physical fitness.<\/p>\n\n\n    <section class=\"price-list smooth-corners\">\n                    <div class=\"price-list__item\">\n                <div class=\"price-list__item-content\">\n                    <div class=\"price-list__item-content-name\">\n                        SUP Tour                    <\/div>\n                                        <div class=\"price-list__item-content-price smooth-corners\">\n                        from \u20ac60 per person                    <\/div>\n                                    <\/div>\n                                    <div class=\"price-list__item-notice\">\n                        Includes: 1 SUP paddleboard\/paddle per person, instructor                    <\/div>\n                            <\/div>\n            <\/section>\n\n\n    <section class=\"gallery-block\">\n        <div class=\"gallery-block__wrapper swiper\">\n            <div class=\"gallery-block__list swiper-wrapper\">\n                                        <div class=\"gallery-block__list-item swiper-slide\">\n                            <img decoding=\"async\" width=\"1707\" height=\"2560\" src=\"https:\/\/kallastetalu.ee\/wp-content\/uploads\/2025\/05\/elentoodu-4-scaled.jpg\" class=\"attachment-full size-full\" alt=\"\" srcset=\"https:\/\/kallastetalu.ee\/wp-content\/uploads\/2025\/05\/elentoodu-4-scaled.jpg 1707w, https:\/\/kallastetalu.ee\/wp-content\/uploads\/2025\/05\/elentoodu-4-250x375.jpg 250w, https:\/\/kallastetalu.ee\/wp-content\/uploads\/2025\/05\/elentoodu-4-700x1050.jpg 700w, https:\/\/kallastetalu.ee\/wp-content\/uploads\/2025\/05\/elentoodu-4-768x1152.jpg 768w, https:\/\/kallastetalu.ee\/wp-content\/uploads\/2025\/05\/elentoodu-4-1024x1536.jpg 1024w, https:\/\/kallastetalu.ee\/wp-content\/uploads\/2025\/05\/elentoodu-4-1365x2048.jpg 1365w, https:\/\/kallastetalu.ee\/wp-content\/uploads\/2025\/05\/elentoodu-4-120x180.jpg 120w, https:\/\/kallastetalu.ee\/wp-content\/uploads\/2025\/05\/elentoodu-4-600x900.jpg 600w\" sizes=\"(max-width: 1707px) 100vw, 1707px\" \/>                        <\/div>\n                            <\/div>\n        <\/div>\n        <div class=\"swiper-button-prev\"><\/div>\n        <div class=\"swiper-button-next\"><\/div>\n    <\/section>\n\n\n\n<h2 class=\"wp-block-heading\" id=\"h-additional-option-0\">Additional option:<\/h2>\n\n\n\n<p>Discover Rummu Quarry from above and on the water! As an extra option, you can combine the water trip with a visit to the Rummu ash hill. If desired, a guide can tell you about the history of the quarry and the prison. Between the two activities, it\u2019s a great idea to organize a picnic \u2014 just let us know, and we\u2019ll bring everything you need. Your only task is to relax and enjoy!<\/p>\n\n\n    <section class=\"gallery-block\">\n        <div class=\"gallery-block__wrapper swiper\">\n            <div class=\"gallery-block__list swiper-wrapper\">\n                                        <div class=\"gallery-block__list-item swiper-slide\">\n                            <img decoding=\"async\" width=\"960\" height=\"720\" src=\"https:\/\/kallastetalu.ee\/wp-content\/uploads\/2025\/05\/matk-Rummu-Tuhamagi-Rummu-jarv-Kallaste-Turismitalu-www.kallastetalu.ee_.jpg\" class=\"attachment-full size-full\" alt=\"\" srcset=\"https:\/\/kallastetalu.ee\/wp-content\/uploads\/2025\/05\/matk-Rummu-Tuhamagi-Rummu-jarv-Kallaste-Turismitalu-www.kallastetalu.ee_.jpg 960w, https:\/\/kallastetalu.ee\/wp-content\/uploads\/2025\/05\/matk-Rummu-Tuhamagi-Rummu-jarv-Kallaste-Turismitalu-www.kallastetalu.ee_-250x188.jpg 250w, https:\/\/kallastetalu.ee\/wp-content\/uploads\/2025\/05\/matk-Rummu-Tuhamagi-Rummu-jarv-Kallaste-Turismitalu-www.kallastetalu.ee_-700x525.jpg 700w, https:\/\/kallastetalu.ee\/wp-content\/uploads\/2025\/05\/matk-Rummu-Tuhamagi-Rummu-jarv-Kallaste-Turismitalu-www.kallastetalu.ee_-768x576.jpg 768w, https:\/\/kallastetalu.ee\/wp-content\/uploads\/2025\/05\/matk-Rummu-Tuhamagi-Rummu-jarv-Kallaste-Turismitalu-www.kallastetalu.ee_-120x90.jpg 120w, https:\/\/kallastetalu.ee\/wp-content\/uploads\/2025\/05\/matk-Rummu-Tuhamagi-Rummu-jarv-Kallaste-Turismitalu-www.kallastetalu.ee_-600x450.jpg 600w\" sizes=\"(max-width: 960px) 100vw, 960px\" \/>                        <\/div>\n                            <\/div>\n        <\/div>\n        <div class=\"swiper-button-prev\"><\/div>\n        <div class=\"swiper-button-next\"><\/div>\n    <\/section>\n\n\n\n<h2 class=\"wp-block-heading\" id=\"h-various-water-trips-like-canoeing-sup-rafting-or-dragon-boat-will-crank-up-the-excitement\">Various water trips like canoeing, SUP, rafting, or Dragon Boat will crank up the excitement!<\/h2>\n\n\n\n<p>Check out the water sport options at Rummu Quarry:<\/p>\n\n\n    <a class=\"button\" href=\"https:\/\/rummu.ee\/ee\/activities\" target=\"_blank\">\n                RUMMU    <\/a>\n","protected":false},"excerpt":{"rendered":"The bright blue and exceptionally clear water of Rummu Quarry is waiting to be discovered \u2013 you simply have to feel it with your own hand&#8230;","protected":false},"author":1,"featured_media":2779,"parent":4094,"menu_order":0,"comment_status":"closed","ping_status":"closed","template":"page-templates\/template-accommodation-item.php","meta":{"_acf_changed":false,"inline_featured_image":false,"footnotes":""},"class_list":["post-4168","page","type-page","status-publish","has-post-thumbnail","hentry"],"acf":[],"yoast_head":"<!-- This site is optimized with the Yoast SEO Premium plugin v25.2 (Yoast SEO v26.7) - https:\/\/yoast.com\/wordpress\/plugins\/seo\/ -->\n<title>Veematkad Rummu karj\u00e4\u00e4ri tehisj\u00e4rvel<\/title>\n<meta name=\"description\" content=\"Kallaste Turismitalu on Rummule m\u00f5nusalt l\u00e4hedal, aga piisavalt kaugel, et massidest eemal olla. Helesinise veega ja s\u00fcrrealistlik ehk \u00e4ge!\" \/>\n<meta name=\"robots\" content=\"index, follow, max-snippet:-1, max-image-preview:large, max-video-preview:-1\" \/>\n<link rel=\"canonical\" href=\"https:\/\/kallastetalu.ee\/en\/holiday-resort\/active-holiday\/veematkad-rummu-karjaaril\/\" \/>\n<meta property=\"og:locale\" content=\"en_US\" \/>\n<meta property=\"og:type\" content=\"article\" \/>\n<meta property=\"og:title\" content=\"Water Trips at Rummu Quarry\" \/>\n<meta property=\"og:description\" content=\"Kallaste Turismitalu on Rummule m\u00f5nusalt l\u00e4hedal, aga piisavalt kaugel, et massidest eemal olla. Helesinise veega ja s\u00fcrrealistlik ehk \u00e4ge!\" \/>\n<meta property=\"og:url\" content=\"https:\/\/kallastetalu.ee\/en\/holiday-resort\/active-holiday\/veematkad-rummu-karjaaril\/\" \/>\n<meta property=\"og:site_name\" content=\"Kallaste Turismitalu - \u00c4rksa hingega Talu Harjumaal\" \/>\n<meta property=\"article:publisher\" content=\"https:\/\/www.facebook.com\/kallastetalu\" \/>\n<meta property=\"article:modified_time\" content=\"2025-06-04T13:48:34+00:00\" \/>\n<meta property=\"og:image\" content=\"https:\/\/kallastetalu.ee\/wp-content\/uploads\/2025\/05\/Kallaste-Turismitalu-kallastetalu.ee-loodus-puhkus-Rummu-karjaar-paat-illustreeriv-aktiivne-puhkus.jpg\" \/>\n\t<meta property=\"og:image:width\" content=\"975\" \/>\n\t<meta property=\"og:image:height\" content=\"650\" \/>\n\t<meta property=\"og:image:type\" content=\"image\/jpeg\" \/>\n<meta name=\"twitter:card\" content=\"summary_large_image\" \/>\n<meta name=\"twitter:label1\" content=\"Est. reading time\" \/>\n\t<meta name=\"twitter:data1\" content=\"3 minutes\" \/>\n<script type=\"application\/ld+json\" class=\"yoast-schema-graph\">{\"@context\":\"https:\/\/schema.org\",\"@graph\":[{\"@type\":\"WebPage\",\"@id\":\"https:\/\/kallastetalu.ee\/en\/holiday-resort\/active-holiday\/veematkad-rummu-karjaaril\/\",\"url\":\"https:\/\/kallastetalu.ee\/en\/holiday-resort\/active-holiday\/veematkad-rummu-karjaaril\/\",\"name\":\"Veematkad Rummu karj\u00e4\u00e4ri tehisj\u00e4rvel\",\"isPartOf\":{\"@id\":\"https:\/\/kallastetalu.ee\/en\/#website\"},\"primaryImageOfPage\":{\"@id\":\"https:\/\/kallastetalu.ee\/en\/holiday-resort\/active-holiday\/veematkad-rummu-karjaaril\/#primaryimage\"},\"image\":{\"@id\":\"https:\/\/kallastetalu.ee\/en\/holiday-resort\/active-holiday\/veematkad-rummu-karjaaril\/#primaryimage\"},\"thumbnailUrl\":\"https:\/\/kallastetalu.ee\/wp-content\/uploads\/2025\/05\/Kallaste-Turismitalu-kallastetalu.ee-loodus-puhkus-Rummu-karjaar-paat-illustreeriv-aktiivne-puhkus.jpg\",\"datePublished\":\"2025-05-27T13:43:11+00:00\",\"dateModified\":\"2025-06-04T13:48:34+00:00\",\"description\":\"Kallaste Turismitalu on Rummule m\u00f5nusalt l\u00e4hedal, aga piisavalt kaugel, et massidest eemal olla. Helesinise veega ja s\u00fcrrealistlik ehk \u00e4ge!\",\"breadcrumb\":{\"@id\":\"https:\/\/kallastetalu.ee\/en\/holiday-resort\/active-holiday\/veematkad-rummu-karjaaril\/#breadcrumb\"},\"inLanguage\":\"en-US\",\"potentialAction\":[{\"@type\":\"ReadAction\",\"target\":[\"https:\/\/kallastetalu.ee\/en\/holiday-resort\/active-holiday\/veematkad-rummu-karjaaril\/\"]}]},{\"@type\":\"ImageObject\",\"inLanguage\":\"en-US\",\"@id\":\"https:\/\/kallastetalu.ee\/en\/holiday-resort\/active-holiday\/veematkad-rummu-karjaaril\/#primaryimage\",\"url\":\"https:\/\/kallastetalu.ee\/wp-content\/uploads\/2025\/05\/Kallaste-Turismitalu-kallastetalu.ee-loodus-puhkus-Rummu-karjaar-paat-illustreeriv-aktiivne-puhkus.jpg\",\"contentUrl\":\"https:\/\/kallastetalu.ee\/wp-content\/uploads\/2025\/05\/Kallaste-Turismitalu-kallastetalu.ee-loodus-puhkus-Rummu-karjaar-paat-illustreeriv-aktiivne-puhkus.jpg\",\"width\":975,\"height\":650},{\"@type\":\"BreadcrumbList\",\"@id\":\"https:\/\/kallastetalu.ee\/en\/holiday-resort\/active-holiday\/veematkad-rummu-karjaaril\/#breadcrumb\",\"itemListElement\":[{\"@type\":\"ListItem\",\"position\":1,\"name\":\"Home\",\"item\":\"https:\/\/kallastetalu.ee\/en\/\"},{\"@type\":\"ListItem\",\"position\":2,\"name\":\"Holiday Resort\",\"item\":\"https:\/\/kallastetalu.ee\/en\/holiday-resort\/\"},{\"@type\":\"ListItem\",\"position\":3,\"name\":\"Active Holiday\",\"item\":\"https:\/\/kallastetalu.ee\/en\/holiday-resort\/active-holiday\/\"},{\"@type\":\"ListItem\",\"position\":4,\"name\":\"Water Trips at Rummu Quarry\"}]},{\"@type\":\"WebSite\",\"@id\":\"https:\/\/kallastetalu.ee\/en\/#website\",\"url\":\"https:\/\/kallastetalu.ee\/en\/\",\"name\":\"Kallaste Turismitalu - \u00c4rksa hingega talu Harjumaal\",\"description\":\"\",\"publisher\":{\"@id\":\"https:\/\/kallastetalu.ee\/en\/#organization\"},\"potentialAction\":[{\"@type\":\"SearchAction\",\"target\":{\"@type\":\"EntryPoint\",\"urlTemplate\":\"https:\/\/kallastetalu.ee\/en\/?s={search_term_string}\"},\"query-input\":{\"@type\":\"PropertyValueSpecification\",\"valueRequired\":true,\"valueName\":\"search_term_string\"}}],\"inLanguage\":\"en-US\"},{\"@type\":\"Organization\",\"@id\":\"https:\/\/kallastetalu.ee\/en\/#organization\",\"name\":\"Kallaste Turismitalu - \u00c4rksa hingega talu Harjumaal\",\"url\":\"https:\/\/kallastetalu.ee\/en\/\",\"logo\":{\"@type\":\"ImageObject\",\"inLanguage\":\"en-US\",\"@id\":\"https:\/\/kallastetalu.ee\/en\/#\/schema\/logo\/image\/\",\"url\":\"https:\/\/kallastetalu.ee\/wp-content\/uploads\/2025\/04\/kallastetalu.svg\",\"contentUrl\":\"https:\/\/kallastetalu.ee\/wp-content\/uploads\/2025\/04\/kallastetalu.svg\",\"width\":158,\"height\":127,\"caption\":\"Kallaste Turismitalu - \u00c4rksa hingega talu Harjumaal\"},\"image\":{\"@id\":\"https:\/\/kallastetalu.ee\/en\/#\/schema\/logo\/image\/\"},\"sameAs\":[\"https:\/\/www.facebook.com\/kallastetalu\",\"https:\/\/www.instagram.com\/turismitalu\",\"https:\/\/www.youtube.com\/@turismitalu\",\"https:\/\/www.tripadvisor.com\/Hotel_Review-g19122067-d2677575-Reviews-Kallaste_Talu_Turismitalu_Holiday_Resort-Kasepere_Harju_County.html?m=19905\"]}]}<\/script>\n<!-- \/ Yoast SEO Premium plugin. -->","yoast_head_json":{"title":"Veematkad Rummu karj\u00e4\u00e4ri tehisj\u00e4rvel","description":"Kallaste Turismitalu on Rummule m\u00f5nusalt l\u00e4hedal, aga piisavalt kaugel, et massidest eemal olla. Helesinise veega ja s\u00fcrrealistlik ehk \u00e4ge!","robots":{"index":"index","follow":"follow","max-snippet":"max-snippet:-1","max-image-preview":"max-image-preview:large","max-video-preview":"max-video-preview:-1"},"canonical":"https:\/\/kallastetalu.ee\/en\/holiday-resort\/active-holiday\/veematkad-rummu-karjaaril\/","og_locale":"en_US","og_type":"article","og_title":"Water Trips at Rummu Quarry","og_description":"Kallaste Turismitalu on Rummule m\u00f5nusalt l\u00e4hedal, aga piisavalt kaugel, et massidest eemal olla. Helesinise veega ja s\u00fcrrealistlik ehk \u00e4ge!","og_url":"https:\/\/kallastetalu.ee\/en\/holiday-resort\/active-holiday\/veematkad-rummu-karjaaril\/","og_site_name":"Kallaste Turismitalu - \u00c4rksa hingega Talu Harjumaal","article_publisher":"https:\/\/www.facebook.com\/kallastetalu","article_modified_time":"2025-06-04T13:48:34+00:00","og_image":[{"width":975,"height":650,"url":"https:\/\/kallastetalu.ee\/wp-content\/uploads\/2025\/05\/Kallaste-Turismitalu-kallastetalu.ee-loodus-puhkus-Rummu-karjaar-paat-illustreeriv-aktiivne-puhkus.jpg","type":"image\/jpeg"}],"twitter_card":"summary_large_image","twitter_misc":{"Est. reading time":"3 minutes"},"schema":{"@context":"https:\/\/schema.org","@graph":[{"@type":"WebPage","@id":"https:\/\/kallastetalu.ee\/en\/holiday-resort\/active-holiday\/veematkad-rummu-karjaaril\/","url":"https:\/\/kallastetalu.ee\/en\/holiday-resort\/active-holiday\/veematkad-rummu-karjaaril\/","name":"Veematkad Rummu karj\u00e4\u00e4ri tehisj\u00e4rvel","isPartOf":{"@id":"https:\/\/kallastetalu.ee\/en\/#website"},"primaryImageOfPage":{"@id":"https:\/\/kallastetalu.ee\/en\/holiday-resort\/active-holiday\/veematkad-rummu-karjaaril\/#primaryimage"},"image":{"@id":"https:\/\/kallastetalu.ee\/en\/holiday-resort\/active-holiday\/veematkad-rummu-karjaaril\/#primaryimage"},"thumbnailUrl":"https:\/\/kallastetalu.ee\/wp-content\/uploads\/2025\/05\/Kallaste-Turismitalu-kallastetalu.ee-loodus-puhkus-Rummu-karjaar-paat-illustreeriv-aktiivne-puhkus.jpg","datePublished":"2025-05-27T13:43:11+00:00","dateModified":"2025-06-04T13:48:34+00:00","description":"Kallaste Turismitalu on Rummule m\u00f5nusalt l\u00e4hedal, aga piisavalt kaugel, et massidest eemal olla. Helesinise veega ja s\u00fcrrealistlik ehk \u00e4ge!","breadcrumb":{"@id":"https:\/\/kallastetalu.ee\/en\/holiday-resort\/active-holiday\/veematkad-rummu-karjaaril\/#breadcrumb"},"inLanguage":"en-US","potentialAction":[{"@type":"ReadAction","target":["https:\/\/kallastetalu.ee\/en\/holiday-resort\/active-holiday\/veematkad-rummu-karjaaril\/"]}]},{"@type":"ImageObject","inLanguage":"en-US","@id":"https:\/\/kallastetalu.ee\/en\/holiday-resort\/active-holiday\/veematkad-rummu-karjaaril\/#primaryimage","url":"https:\/\/kallastetalu.ee\/wp-content\/uploads\/2025\/05\/Kallaste-Turismitalu-kallastetalu.ee-loodus-puhkus-Rummu-karjaar-paat-illustreeriv-aktiivne-puhkus.jpg","contentUrl":"https:\/\/kallastetalu.ee\/wp-content\/uploads\/2025\/05\/Kallaste-Turismitalu-kallastetalu.ee-loodus-puhkus-Rummu-karjaar-paat-illustreeriv-aktiivne-puhkus.jpg","width":975,"height":650},{"@type":"BreadcrumbList","@id":"https:\/\/kallastetalu.ee\/en\/holiday-resort\/active-holiday\/veematkad-rummu-karjaaril\/#breadcrumb","itemListElement":[{"@type":"ListItem","position":1,"name":"Home","item":"https:\/\/kallastetalu.ee\/en\/"},{"@type":"ListItem","position":2,"name":"Holiday Resort","item":"https:\/\/kallastetalu.ee\/en\/holiday-resort\/"},{"@type":"ListItem","position":3,"name":"Active Holiday","item":"https:\/\/kallastetalu.ee\/en\/holiday-resort\/active-holiday\/"},{"@type":"ListItem","position":4,"name":"Water Trips at Rummu Quarry"}]},{"@type":"WebSite","@id":"https:\/\/kallastetalu.ee\/en\/#website","url":"https:\/\/kallastetalu.ee\/en\/","name":"Kallaste Turismitalu - \u00c4rksa hingega talu Harjumaal","description":"","publisher":{"@id":"https:\/\/kallastetalu.ee\/en\/#organization"},"potentialAction":[{"@type":"SearchAction","target":{"@type":"EntryPoint","urlTemplate":"https:\/\/kallastetalu.ee\/en\/?s={search_term_string}"},"query-input":{"@type":"PropertyValueSpecification","valueRequired":true,"valueName":"search_term_string"}}],"inLanguage":"en-US"},{"@type":"Organization","@id":"https:\/\/kallastetalu.ee\/en\/#organization","name":"Kallaste Turismitalu - \u00c4rksa hingega talu Harjumaal","url":"https:\/\/kallastetalu.ee\/en\/","logo":{"@type":"ImageObject","inLanguage":"en-US","@id":"https:\/\/kallastetalu.ee\/en\/#\/schema\/logo\/image\/","url":"https:\/\/kallastetalu.ee\/wp-content\/uploads\/2025\/04\/kallastetalu.svg","contentUrl":"https:\/\/kallastetalu.ee\/wp-content\/uploads\/2025\/04\/kallastetalu.svg","width":158,"height":127,"caption":"Kallaste Turismitalu - \u00c4rksa hingega talu Harjumaal"},"image":{"@id":"https:\/\/kallastetalu.ee\/en\/#\/schema\/logo\/image\/"},"sameAs":["https:\/\/www.facebook.com\/kallastetalu","https:\/\/www.instagram.com\/turismitalu","https:\/\/www.youtube.com\/@turismitalu","https:\/\/www.tripadvisor.com\/Hotel_Review-g19122067-d2677575-Reviews-Kallaste_Talu_Turismitalu_Holiday_Resort-Kasepere_Harju_County.html?m=19905"]}]}},"_links":{"self":[{"href":"https:\/\/kallastetalu.ee\/en\/wp-json\/wp\/v2\/pages\/4168","targetHints":{"allow":["GET"]}}],"collection":[{"href":"https:\/\/kallastetalu.ee\/en\/wp-json\/wp\/v2\/pages"}],"about":[{"href":"https:\/\/kallastetalu.ee\/en\/wp-json\/wp\/v2\/types\/page"}],"author":[{"embeddable":true,"href":"https:\/\/kallastetalu.ee\/en\/wp-json\/wp\/v2\/users\/1"}],"replies":[{"embeddable":true,"href":"https:\/\/kallastetalu.ee\/en\/wp-json\/wp\/v2\/comments?post=4168"}],"version-history":[{"count":1,"href":"https:\/\/kallastetalu.ee\/en\/wp-json\/wp\/v2\/pages\/4168\/revisions"}],"predecessor-version":[{"id":4174,"href":"https:\/\/kallastetalu.ee\/en\/wp-json\/wp\/v2\/pages\/4168\/revisions\/4174"}],"up":[{"embeddable":true,"href":"https:\/\/kallastetalu.ee\/en\/wp-json\/wp\/v2\/pages\/4094"}],"wp:featuredmedia":[{"embeddable":true,"href":"https:\/\/kallastetalu.ee\/en\/wp-json\/wp\/v2\/media\/2779"}],"wp:attachment":[{"href":"https:\/\/kallastetalu.ee\/en\/wp-json\/wp\/v2\/media?parent=4168"}],"curies":[{"name":"wp","href":"https:\/\/api.w.org\/{rel}","templated":true}]}}