{"id":4198,"date":"2025-05-27T13:07:33","date_gmt":"2025-05-27T13:07:33","guid":{"rendered":"https:\/\/kallastetalu.ee\/turismitalu\/aktiivne-puhkus\/spordivaljak\/"},"modified":"2025-06-04T14:24:05","modified_gmt":"2025-06-04T14:24:05","slug":"spordivaljak","status":"publish","type":"page","link":"https:\/\/kallastetalu.ee\/en\/holiday-resort\/active-holiday\/spordivaljak\/","title":{"rendered":"Sports Field"},"content":{"rendered":"\n<p>To make every holiday full of movement and fun, Kallaste Turismitalu Holiday Resort welcomes visitors to sports fields surrounded by forested ball courts. You can play volleyball, small-scale football, and grass-surfaced basketball \u2013 all the necessary courts are available!<\/p>\n\n\n\n<p>The field is also perfect for group and team games that test cleverness, cooperation, and a good sense of humor. There\u2019s plenty of space and fresh pine forest air for everyone \u2013 whether you want to exercise, just move around, or enjoy friendly competition.<\/p>\n\n\n\n<p>Come play \u2013 because moving together brings smiles and connects people!<\/p>\n\n\n    <section class=\"gallery-block\">\n        <div class=\"gallery-block__wrapper swiper\">\n            <div class=\"gallery-block__list swiper-wrapper\">\n                                        <div class=\"gallery-block__list-item swiper-slide\">\n                            <img decoding=\"async\" width=\"1200\" height=\"800\" src=\"https:\/\/kallastetalu.ee\/wp-content\/uploads\/2025\/05\/sport-aktiivne-puhkus-Kallaste-Turimitalu-www.kallastetalu.ee_-1.jpg\" class=\"attachment-full size-full\" alt=\"\" srcset=\"https:\/\/kallastetalu.ee\/wp-content\/uploads\/2025\/05\/sport-aktiivne-puhkus-Kallaste-Turimitalu-www.kallastetalu.ee_-1.jpg 1200w, https:\/\/kallastetalu.ee\/wp-content\/uploads\/2025\/05\/sport-aktiivne-puhkus-Kallaste-Turimitalu-www.kallastetalu.ee_-1-250x167.jpg 250w, https:\/\/kallastetalu.ee\/wp-content\/uploads\/2025\/05\/sport-aktiivne-puhkus-Kallaste-Turimitalu-www.kallastetalu.ee_-1-700x467.jpg 700w, https:\/\/kallastetalu.ee\/wp-content\/uploads\/2025\/05\/sport-aktiivne-puhkus-Kallaste-Turimitalu-www.kallastetalu.ee_-1-768x512.jpg 768w, https:\/\/kallastetalu.ee\/wp-content\/uploads\/2025\/05\/sport-aktiivne-puhkus-Kallaste-Turimitalu-www.kallastetalu.ee_-1-120x80.jpg 120w, https:\/\/kallastetalu.ee\/wp-content\/uploads\/2025\/05\/sport-aktiivne-puhkus-Kallaste-Turimitalu-www.kallastetalu.ee_-1-600x400.jpg 600w\" sizes=\"(max-width: 1200px) 100vw, 1200px\" \/>                        <\/div>\n                                        <div class=\"gallery-block__list-item swiper-slide\">\n                            <img decoding=\"async\" width=\"1200\" height=\"900\" src=\"https:\/\/kallastetalu.ee\/wp-content\/uploads\/2025\/05\/21.kool-Padisel-03.06.-04.06.2006-015.jpg\" class=\"attachment-full size-full\" alt=\"\" srcset=\"https:\/\/kallastetalu.ee\/wp-content\/uploads\/2025\/05\/21.kool-Padisel-03.06.-04.06.2006-015.jpg 1200w, https:\/\/kallastetalu.ee\/wp-content\/uploads\/2025\/05\/21.kool-Padisel-03.06.-04.06.2006-015-250x188.jpg 250w, https:\/\/kallastetalu.ee\/wp-content\/uploads\/2025\/05\/21.kool-Padisel-03.06.-04.06.2006-015-700x525.jpg 700w, https:\/\/kallastetalu.ee\/wp-content\/uploads\/2025\/05\/21.kool-Padisel-03.06.-04.06.2006-015-768x576.jpg 768w, https:\/\/kallastetalu.ee\/wp-content\/uploads\/2025\/05\/21.kool-Padisel-03.06.-04.06.2006-015-120x90.jpg 120w, https:\/\/kallastetalu.ee\/wp-content\/uploads\/2025\/05\/21.kool-Padisel-03.06.-04.06.2006-015-600x450.jpg 600w\" sizes=\"(max-width: 1200px) 100vw, 1200px\" \/>                        <\/div>\n                                        <div class=\"gallery-block__list-item swiper-slide\">\n                            <img decoding=\"async\" width=\"1200\" height=\"800\" src=\"https:\/\/kallastetalu.ee\/wp-content\/uploads\/2025\/05\/Disc-Golf-disc-golf-aktiivne-tegevus-Kallaste-Turismitalu-1.jpg\" class=\"attachment-full size-full\" alt=\"\" srcset=\"https:\/\/kallastetalu.ee\/wp-content\/uploads\/2025\/05\/Disc-Golf-disc-golf-aktiivne-tegevus-Kallaste-Turismitalu-1.jpg 1200w, https:\/\/kallastetalu.ee\/wp-content\/uploads\/2025\/05\/Disc-Golf-disc-golf-aktiivne-tegevus-Kallaste-Turismitalu-1-250x167.jpg 250w, https:\/\/kallastetalu.ee\/wp-content\/uploads\/2025\/05\/Disc-Golf-disc-golf-aktiivne-tegevus-Kallaste-Turismitalu-1-700x467.jpg 700w, https:\/\/kallastetalu.ee\/wp-content\/uploads\/2025\/05\/Disc-Golf-disc-golf-aktiivne-tegevus-Kallaste-Turismitalu-1-768x512.jpg 768w, https:\/\/kallastetalu.ee\/wp-content\/uploads\/2025\/05\/Disc-Golf-disc-golf-aktiivne-tegevus-Kallaste-Turismitalu-1-120x80.jpg 120w, https:\/\/kallastetalu.ee\/wp-content\/uploads\/2025\/05\/Disc-Golf-disc-golf-aktiivne-tegevus-Kallaste-Turismitalu-1-600x400.jpg 600w\" sizes=\"(max-width: 1200px) 100vw, 1200px\" \/>                        <\/div>\n                                        <div class=\"gallery-block__list-item swiper-slide\">\n                            <img decoding=\"async\" width=\"1200\" height=\"800\" src=\"https:\/\/kallastetalu.ee\/wp-content\/uploads\/2025\/05\/Disc-Golf-discgolf-disc-golf-Padise-Kallaste-Turismitalu-Elamustalu.jpg\" class=\"attachment-full size-full\" alt=\"\" srcset=\"https:\/\/kallastetalu.ee\/wp-content\/uploads\/2025\/05\/Disc-Golf-discgolf-disc-golf-Padise-Kallaste-Turismitalu-Elamustalu.jpg 1200w, https:\/\/kallastetalu.ee\/wp-content\/uploads\/2025\/05\/Disc-Golf-discgolf-disc-golf-Padise-Kallaste-Turismitalu-Elamustalu-250x167.jpg 250w, https:\/\/kallastetalu.ee\/wp-content\/uploads\/2025\/05\/Disc-Golf-discgolf-disc-golf-Padise-Kallaste-Turismitalu-Elamustalu-700x467.jpg 700w, https:\/\/kallastetalu.ee\/wp-content\/uploads\/2025\/05\/Disc-Golf-discgolf-disc-golf-Padise-Kallaste-Turismitalu-Elamustalu-768x512.jpg 768w, https:\/\/kallastetalu.ee\/wp-content\/uploads\/2025\/05\/Disc-Golf-discgolf-disc-golf-Padise-Kallaste-Turismitalu-Elamustalu-120x80.jpg 120w, https:\/\/kallastetalu.ee\/wp-content\/uploads\/2025\/05\/Disc-Golf-discgolf-disc-golf-Padise-Kallaste-Turismitalu-Elamustalu-600x400.jpg 600w\" sizes=\"(max-width: 1200px) 100vw, 1200px\" \/>                        <\/div>\n                                        <div class=\"gallery-block__list-item swiper-slide\">\n                            <img decoding=\"async\" width=\"1200\" height=\"800\" src=\"https:\/\/kallastetalu.ee\/wp-content\/uploads\/2025\/05\/sport-aktiivne-puhkus-jalka-perepuhkus-lapsed-Kallaste-Turimitalu-www.kallastetalu.ee_-1.jpg\" class=\"attachment-full size-full\" alt=\"spordiv\u00e4ljak - palliplatsid - sport-aktiivne-puhkus-jalka-perepuhkus-lapsed-Kallaste-Turimitalu-www.kallastetalu.ee_-1\" srcset=\"https:\/\/kallastetalu.ee\/wp-content\/uploads\/2025\/05\/sport-aktiivne-puhkus-jalka-perepuhkus-lapsed-Kallaste-Turimitalu-www.kallastetalu.ee_-1.jpg 1200w, https:\/\/kallastetalu.ee\/wp-content\/uploads\/2025\/05\/sport-aktiivne-puhkus-jalka-perepuhkus-lapsed-Kallaste-Turimitalu-www.kallastetalu.ee_-1-250x167.jpg 250w, https:\/\/kallastetalu.ee\/wp-content\/uploads\/2025\/05\/sport-aktiivne-puhkus-jalka-perepuhkus-lapsed-Kallaste-Turimitalu-www.kallastetalu.ee_-1-700x467.jpg 700w, https:\/\/kallastetalu.ee\/wp-content\/uploads\/2025\/05\/sport-aktiivne-puhkus-jalka-perepuhkus-lapsed-Kallaste-Turimitalu-www.kallastetalu.ee_-1-768x512.jpg 768w, https:\/\/kallastetalu.ee\/wp-content\/uploads\/2025\/05\/sport-aktiivne-puhkus-jalka-perepuhkus-lapsed-Kallaste-Turimitalu-www.kallastetalu.ee_-1-120x80.jpg 120w, https:\/\/kallastetalu.ee\/wp-content\/uploads\/2025\/05\/sport-aktiivne-puhkus-jalka-perepuhkus-lapsed-Kallaste-Turimitalu-www.kallastetalu.ee_-1-600x400.jpg 600w\" sizes=\"(max-width: 1200px) 100vw, 1200px\" \/>                        <\/div>\n                                        <div class=\"gallery-block__list-item swiper-slide\">\n                            <img decoding=\"async\" width=\"1200\" height=\"800\" src=\"https:\/\/kallastetalu.ee\/wp-content\/uploads\/2025\/05\/sport-aktiivne-puhkus-Kallaste-Turimitalu-www.kallastetalu.ee_.jpg\" class=\"attachment-full size-full\" alt=\"\" srcset=\"https:\/\/kallastetalu.ee\/wp-content\/uploads\/2025\/05\/sport-aktiivne-puhkus-Kallaste-Turimitalu-www.kallastetalu.ee_.jpg 1200w, https:\/\/kallastetalu.ee\/wp-content\/uploads\/2025\/05\/sport-aktiivne-puhkus-Kallaste-Turimitalu-www.kallastetalu.ee_-250x167.jpg 250w, https:\/\/kallastetalu.ee\/wp-content\/uploads\/2025\/05\/sport-aktiivne-puhkus-Kallaste-Turimitalu-www.kallastetalu.ee_-700x467.jpg 700w, https:\/\/kallastetalu.ee\/wp-content\/uploads\/2025\/05\/sport-aktiivne-puhkus-Kallaste-Turimitalu-www.kallastetalu.ee_-768x512.jpg 768w, https:\/\/kallastetalu.ee\/wp-content\/uploads\/2025\/05\/sport-aktiivne-puhkus-Kallaste-Turimitalu-www.kallastetalu.ee_-120x80.jpg 120w, https:\/\/kallastetalu.ee\/wp-content\/uploads\/2025\/05\/sport-aktiivne-puhkus-Kallaste-Turimitalu-www.kallastetalu.ee_-600x400.jpg 600w\" sizes=\"(max-width: 1200px) 100vw, 1200px\" \/>                        <\/div>\n                                        <div class=\"gallery-block__list-item swiper-slide\">\n                            <img decoding=\"async\" width=\"1200\" height=\"800\" src=\"https:\/\/kallastetalu.ee\/wp-content\/uploads\/2025\/05\/Disc-Golf-discgolf-disc-golf-Padise-Kallaste-Turismitalu-Elamustalu-Inimene-fun-2-1.jpg\" class=\"attachment-full size-full\" alt=\"\" srcset=\"https:\/\/kallastetalu.ee\/wp-content\/uploads\/2025\/05\/Disc-Golf-discgolf-disc-golf-Padise-Kallaste-Turismitalu-Elamustalu-Inimene-fun-2-1.jpg 1200w, https:\/\/kallastetalu.ee\/wp-content\/uploads\/2025\/05\/Disc-Golf-discgolf-disc-golf-Padise-Kallaste-Turismitalu-Elamustalu-Inimene-fun-2-1-250x167.jpg 250w, https:\/\/kallastetalu.ee\/wp-content\/uploads\/2025\/05\/Disc-Golf-discgolf-disc-golf-Padise-Kallaste-Turismitalu-Elamustalu-Inimene-fun-2-1-700x467.jpg 700w, https:\/\/kallastetalu.ee\/wp-content\/uploads\/2025\/05\/Disc-Golf-discgolf-disc-golf-Padise-Kallaste-Turismitalu-Elamustalu-Inimene-fun-2-1-768x512.jpg 768w, https:\/\/kallastetalu.ee\/wp-content\/uploads\/2025\/05\/Disc-Golf-discgolf-disc-golf-Padise-Kallaste-Turismitalu-Elamustalu-Inimene-fun-2-1-120x80.jpg 120w, https:\/\/kallastetalu.ee\/wp-content\/uploads\/2025\/05\/Disc-Golf-discgolf-disc-golf-Padise-Kallaste-Turismitalu-Elamustalu-Inimene-fun-2-1-600x400.jpg 600w\" sizes=\"(max-width: 1200px) 100vw, 1200px\" \/>                        <\/div>\n                                        <div class=\"gallery-block__list-item swiper-slide\">\n                            <img decoding=\"async\" width=\"1152\" height=\"650\" src=\"https:\/\/kallastetalu.ee\/wp-content\/uploads\/2025\/05\/Kallaste-Turismitalu-kallastetalu.ee-loodus-puhkus-mets-rada-illustreeriv.jpg\" class=\"attachment-full size-full\" alt=\"\" srcset=\"https:\/\/kallastetalu.ee\/wp-content\/uploads\/2025\/05\/Kallaste-Turismitalu-kallastetalu.ee-loodus-puhkus-mets-rada-illustreeriv.jpg 1152w, https:\/\/kallastetalu.ee\/wp-content\/uploads\/2025\/05\/Kallaste-Turismitalu-kallastetalu.ee-loodus-puhkus-mets-rada-illustreeriv-250x141.jpg 250w, https:\/\/kallastetalu.ee\/wp-content\/uploads\/2025\/05\/Kallaste-Turismitalu-kallastetalu.ee-loodus-puhkus-mets-rada-illustreeriv-700x395.jpg 700w, https:\/\/kallastetalu.ee\/wp-content\/uploads\/2025\/05\/Kallaste-Turismitalu-kallastetalu.ee-loodus-puhkus-mets-rada-illustreeriv-768x433.jpg 768w, https:\/\/kallastetalu.ee\/wp-content\/uploads\/2025\/05\/Kallaste-Turismitalu-kallastetalu.ee-loodus-puhkus-mets-rada-illustreeriv-120x68.jpg 120w, https:\/\/kallastetalu.ee\/wp-content\/uploads\/2025\/05\/Kallaste-Turismitalu-kallastetalu.ee-loodus-puhkus-mets-rada-illustreeriv-600x339.jpg 600w\" sizes=\"(max-width: 1152px) 100vw, 1152px\" \/>                        <\/div>\n                                        <div class=\"gallery-block__list-item swiper-slide\">\n                            <img decoding=\"async\" width=\"975\" height=\"650\" src=\"https:\/\/kallastetalu.ee\/wp-content\/uploads\/2025\/05\/Kallaste-Turismitalu-kallastetalu.ee-loodus-puhkus-seikluspark-aktiivne-puhkus-illustreeriv.jpg\" class=\"attachment-full size-full\" alt=\"\" srcset=\"https:\/\/kallastetalu.ee\/wp-content\/uploads\/2025\/05\/Kallaste-Turismitalu-kallastetalu.ee-loodus-puhkus-seikluspark-aktiivne-puhkus-illustreeriv.jpg 975w, https:\/\/kallastetalu.ee\/wp-content\/uploads\/2025\/05\/Kallaste-Turismitalu-kallastetalu.ee-loodus-puhkus-seikluspark-aktiivne-puhkus-illustreeriv-250x167.jpg 250w, https:\/\/kallastetalu.ee\/wp-content\/uploads\/2025\/05\/Kallaste-Turismitalu-kallastetalu.ee-loodus-puhkus-seikluspark-aktiivne-puhkus-illustreeriv-700x467.jpg 700w, https:\/\/kallastetalu.ee\/wp-content\/uploads\/2025\/05\/Kallaste-Turismitalu-kallastetalu.ee-loodus-puhkus-seikluspark-aktiivne-puhkus-illustreeriv-768x512.jpg 768w, https:\/\/kallastetalu.ee\/wp-content\/uploads\/2025\/05\/Kallaste-Turismitalu-kallastetalu.ee-loodus-puhkus-seikluspark-aktiivne-puhkus-illustreeriv-120x80.jpg 120w, https:\/\/kallastetalu.ee\/wp-content\/uploads\/2025\/05\/Kallaste-Turismitalu-kallastetalu.ee-loodus-puhkus-seikluspark-aktiivne-puhkus-illustreeriv-600x400.jpg 600w\" sizes=\"(max-width: 975px) 100vw, 975px\" \/>                        <\/div>\n                            <\/div>\n        <\/div>\n        <div class=\"swiper-button-prev\"><\/div>\n        <div class=\"swiper-button-next\"><\/div>\n    <\/section>\n\n\n\n<h2 class=\"wp-block-heading\" id=\"h-spend-sporty-and-fun-time-at-kallaste-turismitalu-holiday-resort\">Spend sporty and fun time at Kallaste Turismitalu Holiday Resort!<\/h2>\n","protected":false},"excerpt":{"rendered":"To make every holiday full of movement and fun, Kallaste Turismitalu Holiday Resort welcomes visitors to sports fields surrounded by&#8230;","protected":false},"author":1,"featured_media":2676,"parent":4094,"menu_order":0,"comment_status":"closed","ping_status":"closed","template":"page-templates\/template-accommodation-item.php","meta":{"_acf_changed":false,"inline_featured_image":false,"footnotes":""},"class_list":["post-4198","page","type-page","status-publish","has-post-thumbnail","hentry"],"acf":[],"yoast_head":"<!-- This site is optimized with the Yoast SEO Premium plugin v25.2 (Yoast SEO v26.7) - https:\/\/yoast.com\/wordpress\/plugins\/seo\/ -->\n<title>Spordiv\u00e4ljak Kallaste Turismitalus - palliplatsid sinu m\u00e4ngudeks!<\/title>\n<meta name=\"description\" content=\"Kallaste Turismitalu spordiv\u00e4ljak pakub erinevaid palliplatse ja ruumi erinevateks seltskondlikeks m\u00e4ngudeks. Puhkus v\u00f5i laager\" \/>\n<meta name=\"robots\" content=\"index, follow, max-snippet:-1, max-image-preview:large, max-video-preview:-1\" \/>\n<link rel=\"canonical\" href=\"https:\/\/kallastetalu.ee\/en\/holiday-resort\/active-holiday\/spordivaljak\/\" \/>\n<meta property=\"og:locale\" content=\"en_US\" \/>\n<meta property=\"og:type\" content=\"article\" \/>\n<meta property=\"og:title\" content=\"Sports Field\" \/>\n<meta property=\"og:description\" content=\"Kallaste Turismitalu spordiv\u00e4ljak pakub erinevaid palliplatse ja ruumi erinevateks seltskondlikeks m\u00e4ngudeks. Puhkus v\u00f5i laager\" \/>\n<meta property=\"og:url\" content=\"https:\/\/kallastetalu.ee\/en\/holiday-resort\/active-holiday\/spordivaljak\/\" \/>\n<meta property=\"og:site_name\" content=\"Kallaste Turismitalu - \u00c4rksa hingega Talu Harjumaal\" \/>\n<meta property=\"article:publisher\" content=\"https:\/\/www.facebook.com\/kallastetalu\" \/>\n<meta property=\"article:modified_time\" content=\"2025-06-04T14:24:05+00:00\" \/>\n<meta property=\"og:image\" content=\"https:\/\/kallastetalu.ee\/wp-content\/uploads\/2025\/05\/sport-aktiivne-puhkus-jalka-perepuhkus-lapsed-Kallaste-Turimitalu-www.kallastetalu.ee_-1.jpg\" \/>\n\t<meta property=\"og:image:width\" content=\"1200\" \/>\n\t<meta property=\"og:image:height\" content=\"800\" \/>\n\t<meta property=\"og:image:type\" content=\"image\/jpeg\" \/>\n<meta name=\"twitter:card\" content=\"summary_large_image\" \/>\n<meta name=\"twitter:label1\" content=\"Est. reading time\" \/>\n\t<meta name=\"twitter:data1\" content=\"1 minute\" \/>\n<script type=\"application\/ld+json\" class=\"yoast-schema-graph\">{\"@context\":\"https:\/\/schema.org\",\"@graph\":[{\"@type\":\"WebPage\",\"@id\":\"https:\/\/kallastetalu.ee\/en\/holiday-resort\/active-holiday\/spordivaljak\/\",\"url\":\"https:\/\/kallastetalu.ee\/en\/holiday-resort\/active-holiday\/spordivaljak\/\",\"name\":\"Spordiv\u00e4ljak Kallaste Turismitalus - palliplatsid sinu m\u00e4ngudeks!\",\"isPartOf\":{\"@id\":\"https:\/\/kallastetalu.ee\/en\/#website\"},\"primaryImageOfPage\":{\"@id\":\"https:\/\/kallastetalu.ee\/en\/holiday-resort\/active-holiday\/spordivaljak\/#primaryimage\"},\"image\":{\"@id\":\"https:\/\/kallastetalu.ee\/en\/holiday-resort\/active-holiday\/spordivaljak\/#primaryimage\"},\"thumbnailUrl\":\"https:\/\/kallastetalu.ee\/wp-content\/uploads\/2025\/05\/sport-aktiivne-puhkus-jalka-perepuhkus-lapsed-Kallaste-Turimitalu-www.kallastetalu.ee_-1.jpg\",\"datePublished\":\"2025-05-27T13:07:33+00:00\",\"dateModified\":\"2025-06-04T14:24:05+00:00\",\"description\":\"Kallaste Turismitalu spordiv\u00e4ljak pakub erinevaid palliplatse ja ruumi erinevateks seltskondlikeks m\u00e4ngudeks. Puhkus v\u00f5i laager\",\"breadcrumb\":{\"@id\":\"https:\/\/kallastetalu.ee\/en\/holiday-resort\/active-holiday\/spordivaljak\/#breadcrumb\"},\"inLanguage\":\"en-US\",\"potentialAction\":[{\"@type\":\"ReadAction\",\"target\":[\"https:\/\/kallastetalu.ee\/en\/holiday-resort\/active-holiday\/spordivaljak\/\"]}]},{\"@type\":\"ImageObject\",\"inLanguage\":\"en-US\",\"@id\":\"https:\/\/kallastetalu.ee\/en\/holiday-resort\/active-holiday\/spordivaljak\/#primaryimage\",\"url\":\"https:\/\/kallastetalu.ee\/wp-content\/uploads\/2025\/05\/sport-aktiivne-puhkus-jalka-perepuhkus-lapsed-Kallaste-Turimitalu-www.kallastetalu.ee_-1.jpg\",\"contentUrl\":\"https:\/\/kallastetalu.ee\/wp-content\/uploads\/2025\/05\/sport-aktiivne-puhkus-jalka-perepuhkus-lapsed-Kallaste-Turimitalu-www.kallastetalu.ee_-1.jpg\",\"width\":1200,\"height\":800,\"caption\":\"spordiv\u00e4ljak - palliplatsid - sport-aktiivne-puhkus-jalka-perepuhkus-lapsed-Kallaste-Turimitalu-www.kallastetalu.ee_-1\"},{\"@type\":\"BreadcrumbList\",\"@id\":\"https:\/\/kallastetalu.ee\/en\/holiday-resort\/active-holiday\/spordivaljak\/#breadcrumb\",\"itemListElement\":[{\"@type\":\"ListItem\",\"position\":1,\"name\":\"Home\",\"item\":\"https:\/\/kallastetalu.ee\/en\/\"},{\"@type\":\"ListItem\",\"position\":2,\"name\":\"Holiday Resort\",\"item\":\"https:\/\/kallastetalu.ee\/en\/holiday-resort\/\"},{\"@type\":\"ListItem\",\"position\":3,\"name\":\"Active Holiday\",\"item\":\"https:\/\/kallastetalu.ee\/en\/holiday-resort\/active-holiday\/\"},{\"@type\":\"ListItem\",\"position\":4,\"name\":\"Sports Field\"}]},{\"@type\":\"WebSite\",\"@id\":\"https:\/\/kallastetalu.ee\/en\/#website\",\"url\":\"https:\/\/kallastetalu.ee\/en\/\",\"name\":\"Kallaste Turismitalu - \u00c4rksa hingega talu Harjumaal\",\"description\":\"\",\"publisher\":{\"@id\":\"https:\/\/kallastetalu.ee\/en\/#organization\"},\"potentialAction\":[{\"@type\":\"SearchAction\",\"target\":{\"@type\":\"EntryPoint\",\"urlTemplate\":\"https:\/\/kallastetalu.ee\/en\/?s={search_term_string}\"},\"query-input\":{\"@type\":\"PropertyValueSpecification\",\"valueRequired\":true,\"valueName\":\"search_term_string\"}}],\"inLanguage\":\"en-US\"},{\"@type\":\"Organization\",\"@id\":\"https:\/\/kallastetalu.ee\/en\/#organization\",\"name\":\"Kallaste Turismitalu - \u00c4rksa hingega talu Harjumaal\",\"url\":\"https:\/\/kallastetalu.ee\/en\/\",\"logo\":{\"@type\":\"ImageObject\",\"inLanguage\":\"en-US\",\"@id\":\"https:\/\/kallastetalu.ee\/en\/#\/schema\/logo\/image\/\",\"url\":\"https:\/\/kallastetalu.ee\/wp-content\/uploads\/2025\/04\/kallastetalu.svg\",\"contentUrl\":\"https:\/\/kallastetalu.ee\/wp-content\/uploads\/2025\/04\/kallastetalu.svg\",\"width\":158,\"height\":127,\"caption\":\"Kallaste Turismitalu - \u00c4rksa hingega talu Harjumaal\"},\"image\":{\"@id\":\"https:\/\/kallastetalu.ee\/en\/#\/schema\/logo\/image\/\"},\"sameAs\":[\"https:\/\/www.facebook.com\/kallastetalu\",\"https:\/\/www.instagram.com\/turismitalu\",\"https:\/\/www.youtube.com\/@turismitalu\",\"https:\/\/www.tripadvisor.com\/Hotel_Review-g19122067-d2677575-Reviews-Kallaste_Talu_Turismitalu_Holiday_Resort-Kasepere_Harju_County.html?m=19905\"]}]}<\/script>\n<!-- \/ Yoast SEO Premium plugin. -->","yoast_head_json":{"title":"Spordiv\u00e4ljak Kallaste Turismitalus - palliplatsid sinu m\u00e4ngudeks!","description":"Kallaste Turismitalu spordiv\u00e4ljak pakub erinevaid palliplatse ja ruumi erinevateks seltskondlikeks m\u00e4ngudeks. Puhkus v\u00f5i laager","robots":{"index":"index","follow":"follow","max-snippet":"max-snippet:-1","max-image-preview":"max-image-preview:large","max-video-preview":"max-video-preview:-1"},"canonical":"https:\/\/kallastetalu.ee\/en\/holiday-resort\/active-holiday\/spordivaljak\/","og_locale":"en_US","og_type":"article","og_title":"Sports Field","og_description":"Kallaste Turismitalu spordiv\u00e4ljak pakub erinevaid palliplatse ja ruumi erinevateks seltskondlikeks m\u00e4ngudeks. Puhkus v\u00f5i laager","og_url":"https:\/\/kallastetalu.ee\/en\/holiday-resort\/active-holiday\/spordivaljak\/","og_site_name":"Kallaste Turismitalu - \u00c4rksa hingega Talu Harjumaal","article_publisher":"https:\/\/www.facebook.com\/kallastetalu","article_modified_time":"2025-06-04T14:24:05+00:00","og_image":[{"width":1200,"height":800,"url":"https:\/\/kallastetalu.ee\/wp-content\/uploads\/2025\/05\/sport-aktiivne-puhkus-jalka-perepuhkus-lapsed-Kallaste-Turimitalu-www.kallastetalu.ee_-1.jpg","type":"image\/jpeg"}],"twitter_card":"summary_large_image","twitter_misc":{"Est. reading time":"1 minute"},"schema":{"@context":"https:\/\/schema.org","@graph":[{"@type":"WebPage","@id":"https:\/\/kallastetalu.ee\/en\/holiday-resort\/active-holiday\/spordivaljak\/","url":"https:\/\/kallastetalu.ee\/en\/holiday-resort\/active-holiday\/spordivaljak\/","name":"Spordiv\u00e4ljak Kallaste Turismitalus - palliplatsid sinu m\u00e4ngudeks!","isPartOf":{"@id":"https:\/\/kallastetalu.ee\/en\/#website"},"primaryImageOfPage":{"@id":"https:\/\/kallastetalu.ee\/en\/holiday-resort\/active-holiday\/spordivaljak\/#primaryimage"},"image":{"@id":"https:\/\/kallastetalu.ee\/en\/holiday-resort\/active-holiday\/spordivaljak\/#primaryimage"},"thumbnailUrl":"https:\/\/kallastetalu.ee\/wp-content\/uploads\/2025\/05\/sport-aktiivne-puhkus-jalka-perepuhkus-lapsed-Kallaste-Turimitalu-www.kallastetalu.ee_-1.jpg","datePublished":"2025-05-27T13:07:33+00:00","dateModified":"2025-06-04T14:24:05+00:00","description":"Kallaste Turismitalu spordiv\u00e4ljak pakub erinevaid palliplatse ja ruumi erinevateks seltskondlikeks m\u00e4ngudeks. Puhkus v\u00f5i laager","breadcrumb":{"@id":"https:\/\/kallastetalu.ee\/en\/holiday-resort\/active-holiday\/spordivaljak\/#breadcrumb"},"inLanguage":"en-US","potentialAction":[{"@type":"ReadAction","target":["https:\/\/kallastetalu.ee\/en\/holiday-resort\/active-holiday\/spordivaljak\/"]}]},{"@type":"ImageObject","inLanguage":"en-US","@id":"https:\/\/kallastetalu.ee\/en\/holiday-resort\/active-holiday\/spordivaljak\/#primaryimage","url":"https:\/\/kallastetalu.ee\/wp-content\/uploads\/2025\/05\/sport-aktiivne-puhkus-jalka-perepuhkus-lapsed-Kallaste-Turimitalu-www.kallastetalu.ee_-1.jpg","contentUrl":"https:\/\/kallastetalu.ee\/wp-content\/uploads\/2025\/05\/sport-aktiivne-puhkus-jalka-perepuhkus-lapsed-Kallaste-Turimitalu-www.kallastetalu.ee_-1.jpg","width":1200,"height":800,"caption":"spordiv\u00e4ljak - palliplatsid - sport-aktiivne-puhkus-jalka-perepuhkus-lapsed-Kallaste-Turimitalu-www.kallastetalu.ee_-1"},{"@type":"BreadcrumbList","@id":"https:\/\/kallastetalu.ee\/en\/holiday-resort\/active-holiday\/spordivaljak\/#breadcrumb","itemListElement":[{"@type":"ListItem","position":1,"name":"Home","item":"https:\/\/kallastetalu.ee\/en\/"},{"@type":"ListItem","position":2,"name":"Holiday Resort","item":"https:\/\/kallastetalu.ee\/en\/holiday-resort\/"},{"@type":"ListItem","position":3,"name":"Active Holiday","item":"https:\/\/kallastetalu.ee\/en\/holiday-resort\/active-holiday\/"},{"@type":"ListItem","position":4,"name":"Sports Field"}]},{"@type":"WebSite","@id":"https:\/\/kallastetalu.ee\/en\/#website","url":"https:\/\/kallastetalu.ee\/en\/","name":"Kallaste Turismitalu - \u00c4rksa hingega talu Harjumaal","description":"","publisher":{"@id":"https:\/\/kallastetalu.ee\/en\/#organization"},"potentialAction":[{"@type":"SearchAction","target":{"@type":"EntryPoint","urlTemplate":"https:\/\/kallastetalu.ee\/en\/?s={search_term_string}"},"query-input":{"@type":"PropertyValueSpecification","valueRequired":true,"valueName":"search_term_string"}}],"inLanguage":"en-US"},{"@type":"Organization","@id":"https:\/\/kallastetalu.ee\/en\/#organization","name":"Kallaste Turismitalu - \u00c4rksa hingega talu Harjumaal","url":"https:\/\/kallastetalu.ee\/en\/","logo":{"@type":"ImageObject","inLanguage":"en-US","@id":"https:\/\/kallastetalu.ee\/en\/#\/schema\/logo\/image\/","url":"https:\/\/kallastetalu.ee\/wp-content\/uploads\/2025\/04\/kallastetalu.svg","contentUrl":"https:\/\/kallastetalu.ee\/wp-content\/uploads\/2025\/04\/kallastetalu.svg","width":158,"height":127,"caption":"Kallaste Turismitalu - \u00c4rksa hingega talu Harjumaal"},"image":{"@id":"https:\/\/kallastetalu.ee\/en\/#\/schema\/logo\/image\/"},"sameAs":["https:\/\/www.facebook.com\/kallastetalu","https:\/\/www.instagram.com\/turismitalu","https:\/\/www.youtube.com\/@turismitalu","https:\/\/www.tripadvisor.com\/Hotel_Review-g19122067-d2677575-Reviews-Kallaste_Talu_Turismitalu_Holiday_Resort-Kasepere_Harju_County.html?m=19905"]}]}},"_links":{"self":[{"href":"https:\/\/kallastetalu.ee\/en\/wp-json\/wp\/v2\/pages\/4198","targetHints":{"allow":["GET"]}}],"collection":[{"href":"https:\/\/kallastetalu.ee\/en\/wp-json\/wp\/v2\/pages"}],"about":[{"href":"https:\/\/kallastetalu.ee\/en\/wp-json\/wp\/v2\/types\/page"}],"author":[{"embeddable":true,"href":"https:\/\/kallastetalu.ee\/en\/wp-json\/wp\/v2\/users\/1"}],"replies":[{"embeddable":true,"href":"https:\/\/kallastetalu.ee\/en\/wp-json\/wp\/v2\/comments?post=4198"}],"version-history":[{"count":1,"href":"https:\/\/kallastetalu.ee\/en\/wp-json\/wp\/v2\/pages\/4198\/revisions"}],"predecessor-version":[{"id":4203,"href":"https:\/\/kallastetalu.ee\/en\/wp-json\/wp\/v2\/pages\/4198\/revisions\/4203"}],"up":[{"embeddable":true,"href":"https:\/\/kallastetalu.ee\/en\/wp-json\/wp\/v2\/pages\/4094"}],"wp:featuredmedia":[{"embeddable":true,"href":"https:\/\/kallastetalu.ee\/en\/wp-json\/wp\/v2\/media\/2676"}],"wp:attachment":[{"href":"https:\/\/kallastetalu.ee\/en\/wp-json\/wp\/v2\/media?parent=4198"}],"curies":[{"name":"wp","href":"https:\/\/api.w.org\/{rel}","templated":true}]}}