{"id":4210,"date":"2025-05-27T12:49:22","date_gmt":"2025-05-27T12:49:22","guid":{"rendered":"https:\/\/kallastetalu.ee\/turismitalu\/aktiivne-puhkus\/pogenemistoad\/"},"modified":"2025-06-04T14:35:41","modified_gmt":"2025-06-04T14:35:41","slug":"pogenemistoad","status":"publish","type":"page","link":"https:\/\/kallastetalu.ee\/en\/holiday-resort\/active-holiday\/pogenemistoad\/","title":{"rendered":"Mobile Escape Rooms"},"content":{"rendered":"\n<h2 class=\"wp-block-heading\" id=\"h-thrills-and-excitement-for-any-event-can-you-escape\">Thrills and excitement for any event! Can you escape?<\/h2>\n\n\n\n<p>You can invite a mobile escape room to Kallaste, bringing excitement, teamwork, and adrenaline-filled moments! It\u2019s perfect for birthdays, summer days, wedding surprises, or team games. The game lasts 30 minutes, with 2\u20134 people playing at a time, all guided by an experienced game master. Request a quote \u2013 price depends on location and time!<\/p>\n\n\n    <section class=\"price-list smooth-corners\">\n                    <div class=\"price-list__item\">\n                <div class=\"price-list__item-content\">\n                    <div class=\"price-list__item-content-name\">\n                        Mobile Escape Rooms                    <\/div>\n                                        <div class=\"price-list__item-content-price smooth-corners\">\n                        al. 450\u20ac                    <\/div>\n                                    <\/div>\n                                    <div class=\"price-list__item-notice\">\n                        Duration: 3 hours (can be booked for longer!), open year-round                    <\/div>\n                            <\/div>\n            <\/section>\n\n\n\n<h3 class=\"wp-block-heading\" id=\"h-escape-room-saag\">Escape Room Saag<\/h3>\n\n\n\n<p>\u201cI want to play a game.\u201d You\u2019ve experienced the worst thing that can happen: you\u2019re in the hands of the psychopathic serial killer Jigsaw! Chained by a chain, it seems there is no way out. However, you can avoid your death if you find an escape within 30 minutes through challenges that require teamwork and sharp thinking. Can you face your greatest fears and play a game where the chances of winning are minimal? Live or die, make your choice.<\/p>\n\n\n    <section class=\"gallery-block\">\n        <div class=\"gallery-block__wrapper swiper\">\n            <div class=\"gallery-block__list swiper-wrapper\">\n                                        <div class=\"gallery-block__list-item swiper-slide\">\n                            <img decoding=\"async\" width=\"700\" height=\"394\" src=\"https:\/\/kallastetalu.ee\/wp-content\/uploads\/2025\/05\/Kallaste-Turismitalu-kallastetalu.ee-aktiivne-puhkus-exitmobiil-saag.jpg\" class=\"attachment-full size-full\" alt=\"\" srcset=\"https:\/\/kallastetalu.ee\/wp-content\/uploads\/2025\/05\/Kallaste-Turismitalu-kallastetalu.ee-aktiivne-puhkus-exitmobiil-saag.jpg 700w, https:\/\/kallastetalu.ee\/wp-content\/uploads\/2025\/05\/Kallaste-Turismitalu-kallastetalu.ee-aktiivne-puhkus-exitmobiil-saag-250x141.jpg 250w, https:\/\/kallastetalu.ee\/wp-content\/uploads\/2025\/05\/Kallaste-Turismitalu-kallastetalu.ee-aktiivne-puhkus-exitmobiil-saag-120x68.jpg 120w, https:\/\/kallastetalu.ee\/wp-content\/uploads\/2025\/05\/Kallaste-Turismitalu-kallastetalu.ee-aktiivne-puhkus-exitmobiil-saag-600x338.jpg 600w\" sizes=\"(max-width: 700px) 100vw, 700px\" \/>                        <\/div>\n                            <\/div>\n        <\/div>\n        <div class=\"swiper-button-prev\"><\/div>\n        <div class=\"swiper-button-next\"><\/div>\n    <\/section>\n\n\n\n<h3 class=\"wp-block-heading\" id=\"h-escape-room-18-0\">Escape Room \u201c18+\u201d<\/h3>\n\n\n\n<p>A naughty escape room for adults! Presented by Hotlips.ee and recommended by Anu Saagim: \u201c18+\u201d \u2013 an escape room for adults! Fifty shades of gray? No, it\u2019s reality. You\u2019ve ended up in the bedroom of an extreme sadomasochist fanatic. The whole room is decorated with sex toys, whips, leather masks, and latex costumes. The atmosphere is terrifying yet exciting. In the corner sits the \u201cdomina\u201d herself, plotting endless torment and domination\u2014literally. Can you escape this seemingly hopeless situation within 30 minutes, or will you remain a slave for life? Note: Strictly forbidden for minors!<\/p>\n\n\n    <section class=\"gallery-block\">\n        <div class=\"gallery-block__wrapper swiper\">\n            <div class=\"gallery-block__list swiper-wrapper\">\n                                        <div class=\"gallery-block__list-item swiper-slide\">\n                            <img decoding=\"async\" width=\"960\" height=\"540\" src=\"https:\/\/kallastetalu.ee\/wp-content\/uploads\/2025\/05\/Kallaste-Turismitalu-kallastetalu.ee-aktiivne-puhkus-exitmobiil-18.jpg\" class=\"attachment-full size-full\" alt=\"\" srcset=\"https:\/\/kallastetalu.ee\/wp-content\/uploads\/2025\/05\/Kallaste-Turismitalu-kallastetalu.ee-aktiivne-puhkus-exitmobiil-18.jpg 960w, https:\/\/kallastetalu.ee\/wp-content\/uploads\/2025\/05\/Kallaste-Turismitalu-kallastetalu.ee-aktiivne-puhkus-exitmobiil-18-250x141.jpg 250w, https:\/\/kallastetalu.ee\/wp-content\/uploads\/2025\/05\/Kallaste-Turismitalu-kallastetalu.ee-aktiivne-puhkus-exitmobiil-18-700x394.jpg 700w, https:\/\/kallastetalu.ee\/wp-content\/uploads\/2025\/05\/Kallaste-Turismitalu-kallastetalu.ee-aktiivne-puhkus-exitmobiil-18-768x432.jpg 768w, https:\/\/kallastetalu.ee\/wp-content\/uploads\/2025\/05\/Kallaste-Turismitalu-kallastetalu.ee-aktiivne-puhkus-exitmobiil-18-120x68.jpg 120w, https:\/\/kallastetalu.ee\/wp-content\/uploads\/2025\/05\/Kallaste-Turismitalu-kallastetalu.ee-aktiivne-puhkus-exitmobiil-18-600x338.jpg 600w\" sizes=\"(max-width: 960px) 100vw, 960px\" \/>                        <\/div>\n                            <\/div>\n        <\/div>\n        <div class=\"swiper-button-prev\"><\/div>\n        <div class=\"swiper-button-next\"><\/div>\n    <\/section>\n\n\n\n<p>Escape Room \u201cEvil Clown\u201d<\/p>\n\n\n\n<p>A bit scary, the Evil Clown known from horror movies has grabbed you. This thrilling and exciting escape room awaits you.<\/p>\n\n\n    <section class=\"gallery-block\">\n        <div class=\"gallery-block__wrapper swiper\">\n            <div class=\"gallery-block__list swiper-wrapper\">\n                                        <div class=\"gallery-block__list-item swiper-slide\">\n                            <img decoding=\"async\" width=\"1065\" height=\"1500\" src=\"https:\/\/kallastetalu.ee\/wp-content\/uploads\/2025\/05\/A2-kloun.jpg\" class=\"attachment-full size-full\" alt=\"\" srcset=\"https:\/\/kallastetalu.ee\/wp-content\/uploads\/2025\/05\/A2-kloun.jpg 1065w, https:\/\/kallastetalu.ee\/wp-content\/uploads\/2025\/05\/A2-kloun-250x352.jpg 250w, https:\/\/kallastetalu.ee\/wp-content\/uploads\/2025\/05\/A2-kloun-700x986.jpg 700w, https:\/\/kallastetalu.ee\/wp-content\/uploads\/2025\/05\/A2-kloun-768x1082.jpg 768w, https:\/\/kallastetalu.ee\/wp-content\/uploads\/2025\/05\/A2-kloun-120x169.jpg 120w, https:\/\/kallastetalu.ee\/wp-content\/uploads\/2025\/05\/A2-kloun-600x845.jpg 600w\" sizes=\"(max-width: 1065px) 100vw, 1065px\" \/>                        <\/div>\n                            <\/div>\n        <\/div>\n        <div class=\"swiper-button-prev\"><\/div>\n        <div class=\"swiper-button-next\"><\/div>\n    <\/section>\n\n\n    <a class=\"button\" href=\"https:\/\/exitmobiil.ee\/\" target=\"_blank\">\n                Exitmobiil.    <\/a>\n\n\n\n<h2 class=\"wp-block-heading\" id=\"h-add-thrill-and-excitement-to-your-life-escape-rooms-and-virtual-reality-at-kallaste-turismitalu-holiday-resort\"><strong>Add thrill and excitement to your life \u2013 Escape Rooms and Virtual Reality at Kallaste Turismitalu Holiday Resort!<\/strong><\/h2>\n\n\n\n<p><\/p>\n","protected":false},"excerpt":{"rendered":"Thrills and excitement for any event! Can you escape? You can invite a mobile escape room to Kallaste, bringing excitement, teamwork, and&#8230;","protected":false},"author":1,"featured_media":2612,"parent":4094,"menu_order":0,"comment_status":"closed","ping_status":"closed","template":"page-templates\/template-accommodation-item.php","meta":{"_acf_changed":false,"inline_featured_image":false,"footnotes":""},"class_list":["post-4210","page","type-page","status-publish","has-post-thumbnail","hentry"],"acf":[],"yoast_head":"<!-- This site is optimized with the Yoast SEO Premium plugin v25.2 (Yoast SEO v26.7) - https:\/\/yoast.com\/wordpress\/plugins\/seo\/ -->\n<title>Mobile Escape Rooms Kallaste Turismitalus - n\u00e4rvik\u00f5di ootab!<\/title>\n<meta name=\"description\" content=\"Mobiilsed p\u00f5genemistoad on lihtne ja lahe viis lisada tegevusi erinevatele \u00fcritustele. Muuta iga \u00fcritus v\u00e4ikese n\u00e4rvik\u00f5diga meeldej\u00e4\u00e4vaks!\" \/>\n<meta name=\"robots\" content=\"index, follow, max-snippet:-1, max-image-preview:large, max-video-preview:-1\" \/>\n<link rel=\"canonical\" href=\"https:\/\/kallastetalu.ee\/en\/holiday-resort\/active-holiday\/pogenemistoad\/\" \/>\n<meta property=\"og:locale\" content=\"en_US\" \/>\n<meta property=\"og:type\" content=\"article\" \/>\n<meta property=\"og:title\" content=\"Mobile Escape Rooms\" \/>\n<meta property=\"og:description\" content=\"Mobiilsed p\u00f5genemistoad on lihtne ja lahe viis lisada tegevusi erinevatele \u00fcritustele. Muuta iga \u00fcritus v\u00e4ikese n\u00e4rvik\u00f5diga meeldej\u00e4\u00e4vaks!\" \/>\n<meta property=\"og:url\" content=\"https:\/\/kallastetalu.ee\/en\/holiday-resort\/active-holiday\/pogenemistoad\/\" \/>\n<meta property=\"og:site_name\" content=\"Kallaste Turismitalu - \u00c4rksa hingega Talu Harjumaal\" \/>\n<meta property=\"article:publisher\" content=\"https:\/\/www.facebook.com\/kallastetalu\" \/>\n<meta property=\"article:modified_time\" content=\"2025-06-04T14:35:41+00:00\" \/>\n<meta property=\"og:image\" content=\"https:\/\/kallastetalu.ee\/wp-content\/uploads\/2025\/05\/Kallaste-Turismitalu-kallastetalu.ee-aktiivne-puhkus-exitmobiil-treiler.jpg\" \/>\n\t<meta property=\"og:image:width\" content=\"700\" \/>\n\t<meta property=\"og:image:height\" content=\"219\" \/>\n\t<meta property=\"og:image:type\" content=\"image\/jpeg\" \/>\n<meta name=\"twitter:card\" content=\"summary_large_image\" \/>\n<meta name=\"twitter:label1\" content=\"Est. reading time\" \/>\n\t<meta name=\"twitter:data1\" content=\"2 minutes\" \/>\n<script type=\"application\/ld+json\" class=\"yoast-schema-graph\">{\"@context\":\"https:\/\/schema.org\",\"@graph\":[{\"@type\":\"WebPage\",\"@id\":\"https:\/\/kallastetalu.ee\/en\/holiday-resort\/active-holiday\/pogenemistoad\/\",\"url\":\"https:\/\/kallastetalu.ee\/en\/holiday-resort\/active-holiday\/pogenemistoad\/\",\"name\":\"Mobile Escape Rooms Kallaste Turismitalus - n\u00e4rvik\u00f5di ootab!\",\"isPartOf\":{\"@id\":\"https:\/\/kallastetalu.ee\/en\/#website\"},\"primaryImageOfPage\":{\"@id\":\"https:\/\/kallastetalu.ee\/en\/holiday-resort\/active-holiday\/pogenemistoad\/#primaryimage\"},\"image\":{\"@id\":\"https:\/\/kallastetalu.ee\/en\/holiday-resort\/active-holiday\/pogenemistoad\/#primaryimage\"},\"thumbnailUrl\":\"https:\/\/kallastetalu.ee\/wp-content\/uploads\/2025\/05\/Kallaste-Turismitalu-kallastetalu.ee-aktiivne-puhkus-exitmobiil-treiler.jpg\",\"datePublished\":\"2025-05-27T12:49:22+00:00\",\"dateModified\":\"2025-06-04T14:35:41+00:00\",\"description\":\"Mobiilsed p\u00f5genemistoad on lihtne ja lahe viis lisada tegevusi erinevatele \u00fcritustele. Muuta iga \u00fcritus v\u00e4ikese n\u00e4rvik\u00f5diga meeldej\u00e4\u00e4vaks!\",\"breadcrumb\":{\"@id\":\"https:\/\/kallastetalu.ee\/en\/holiday-resort\/active-holiday\/pogenemistoad\/#breadcrumb\"},\"inLanguage\":\"en-US\",\"potentialAction\":[{\"@type\":\"ReadAction\",\"target\":[\"https:\/\/kallastetalu.ee\/en\/holiday-resort\/active-holiday\/pogenemistoad\/\"]}]},{\"@type\":\"ImageObject\",\"inLanguage\":\"en-US\",\"@id\":\"https:\/\/kallastetalu.ee\/en\/holiday-resort\/active-holiday\/pogenemistoad\/#primaryimage\",\"url\":\"https:\/\/kallastetalu.ee\/wp-content\/uploads\/2025\/05\/Kallaste-Turismitalu-kallastetalu.ee-aktiivne-puhkus-exitmobiil-treiler.jpg\",\"contentUrl\":\"https:\/\/kallastetalu.ee\/wp-content\/uploads\/2025\/05\/Kallaste-Turismitalu-kallastetalu.ee-aktiivne-puhkus-exitmobiil-treiler.jpg\",\"width\":700,\"height\":219,\"caption\":\"P\u00f5genemistoad - mobiilsed m\u00f5genemistoad- agtiivne puhkus - meelelahutus Kallaste-Turismitalu-kallastetalu.ee-aktiivne-puhkus-exitmobiil-treiler\"},{\"@type\":\"BreadcrumbList\",\"@id\":\"https:\/\/kallastetalu.ee\/en\/holiday-resort\/active-holiday\/pogenemistoad\/#breadcrumb\",\"itemListElement\":[{\"@type\":\"ListItem\",\"position\":1,\"name\":\"Home\",\"item\":\"https:\/\/kallastetalu.ee\/en\/\"},{\"@type\":\"ListItem\",\"position\":2,\"name\":\"Holiday Resort\",\"item\":\"https:\/\/kallastetalu.ee\/en\/holiday-resort\/\"},{\"@type\":\"ListItem\",\"position\":3,\"name\":\"Active Holiday\",\"item\":\"https:\/\/kallastetalu.ee\/en\/holiday-resort\/active-holiday\/\"},{\"@type\":\"ListItem\",\"position\":4,\"name\":\"Mobile Escape Rooms\"}]},{\"@type\":\"WebSite\",\"@id\":\"https:\/\/kallastetalu.ee\/en\/#website\",\"url\":\"https:\/\/kallastetalu.ee\/en\/\",\"name\":\"Kallaste Turismitalu - \u00c4rksa hingega talu Harjumaal\",\"description\":\"\",\"publisher\":{\"@id\":\"https:\/\/kallastetalu.ee\/en\/#organization\"},\"potentialAction\":[{\"@type\":\"SearchAction\",\"target\":{\"@type\":\"EntryPoint\",\"urlTemplate\":\"https:\/\/kallastetalu.ee\/en\/?s={search_term_string}\"},\"query-input\":{\"@type\":\"PropertyValueSpecification\",\"valueRequired\":true,\"valueName\":\"search_term_string\"}}],\"inLanguage\":\"en-US\"},{\"@type\":\"Organization\",\"@id\":\"https:\/\/kallastetalu.ee\/en\/#organization\",\"name\":\"Kallaste Turismitalu - \u00c4rksa hingega talu Harjumaal\",\"url\":\"https:\/\/kallastetalu.ee\/en\/\",\"logo\":{\"@type\":\"ImageObject\",\"inLanguage\":\"en-US\",\"@id\":\"https:\/\/kallastetalu.ee\/en\/#\/schema\/logo\/image\/\",\"url\":\"https:\/\/kallastetalu.ee\/wp-content\/uploads\/2025\/04\/kallastetalu.svg\",\"contentUrl\":\"https:\/\/kallastetalu.ee\/wp-content\/uploads\/2025\/04\/kallastetalu.svg\",\"width\":158,\"height\":127,\"caption\":\"Kallaste Turismitalu - \u00c4rksa hingega talu Harjumaal\"},\"image\":{\"@id\":\"https:\/\/kallastetalu.ee\/en\/#\/schema\/logo\/image\/\"},\"sameAs\":[\"https:\/\/www.facebook.com\/kallastetalu\",\"https:\/\/www.instagram.com\/turismitalu\",\"https:\/\/www.youtube.com\/@turismitalu\",\"https:\/\/www.tripadvisor.com\/Hotel_Review-g19122067-d2677575-Reviews-Kallaste_Talu_Turismitalu_Holiday_Resort-Kasepere_Harju_County.html?m=19905\"]}]}<\/script>\n<!-- \/ Yoast SEO Premium plugin. -->","yoast_head_json":{"title":"Mobile Escape Rooms Kallaste Turismitalus - n\u00e4rvik\u00f5di ootab!","description":"Mobiilsed p\u00f5genemistoad on lihtne ja lahe viis lisada tegevusi erinevatele \u00fcritustele. Muuta iga \u00fcritus v\u00e4ikese n\u00e4rvik\u00f5diga meeldej\u00e4\u00e4vaks!","robots":{"index":"index","follow":"follow","max-snippet":"max-snippet:-1","max-image-preview":"max-image-preview:large","max-video-preview":"max-video-preview:-1"},"canonical":"https:\/\/kallastetalu.ee\/en\/holiday-resort\/active-holiday\/pogenemistoad\/","og_locale":"en_US","og_type":"article","og_title":"Mobile Escape Rooms","og_description":"Mobiilsed p\u00f5genemistoad on lihtne ja lahe viis lisada tegevusi erinevatele \u00fcritustele. Muuta iga \u00fcritus v\u00e4ikese n\u00e4rvik\u00f5diga meeldej\u00e4\u00e4vaks!","og_url":"https:\/\/kallastetalu.ee\/en\/holiday-resort\/active-holiday\/pogenemistoad\/","og_site_name":"Kallaste Turismitalu - \u00c4rksa hingega Talu Harjumaal","article_publisher":"https:\/\/www.facebook.com\/kallastetalu","article_modified_time":"2025-06-04T14:35:41+00:00","og_image":[{"width":700,"height":219,"url":"https:\/\/kallastetalu.ee\/wp-content\/uploads\/2025\/05\/Kallaste-Turismitalu-kallastetalu.ee-aktiivne-puhkus-exitmobiil-treiler.jpg","type":"image\/jpeg"}],"twitter_card":"summary_large_image","twitter_misc":{"Est. reading time":"2 minutes"},"schema":{"@context":"https:\/\/schema.org","@graph":[{"@type":"WebPage","@id":"https:\/\/kallastetalu.ee\/en\/holiday-resort\/active-holiday\/pogenemistoad\/","url":"https:\/\/kallastetalu.ee\/en\/holiday-resort\/active-holiday\/pogenemistoad\/","name":"Mobile Escape Rooms Kallaste Turismitalus - n\u00e4rvik\u00f5di ootab!","isPartOf":{"@id":"https:\/\/kallastetalu.ee\/en\/#website"},"primaryImageOfPage":{"@id":"https:\/\/kallastetalu.ee\/en\/holiday-resort\/active-holiday\/pogenemistoad\/#primaryimage"},"image":{"@id":"https:\/\/kallastetalu.ee\/en\/holiday-resort\/active-holiday\/pogenemistoad\/#primaryimage"},"thumbnailUrl":"https:\/\/kallastetalu.ee\/wp-content\/uploads\/2025\/05\/Kallaste-Turismitalu-kallastetalu.ee-aktiivne-puhkus-exitmobiil-treiler.jpg","datePublished":"2025-05-27T12:49:22+00:00","dateModified":"2025-06-04T14:35:41+00:00","description":"Mobiilsed p\u00f5genemistoad on lihtne ja lahe viis lisada tegevusi erinevatele \u00fcritustele. Muuta iga \u00fcritus v\u00e4ikese n\u00e4rvik\u00f5diga meeldej\u00e4\u00e4vaks!","breadcrumb":{"@id":"https:\/\/kallastetalu.ee\/en\/holiday-resort\/active-holiday\/pogenemistoad\/#breadcrumb"},"inLanguage":"en-US","potentialAction":[{"@type":"ReadAction","target":["https:\/\/kallastetalu.ee\/en\/holiday-resort\/active-holiday\/pogenemistoad\/"]}]},{"@type":"ImageObject","inLanguage":"en-US","@id":"https:\/\/kallastetalu.ee\/en\/holiday-resort\/active-holiday\/pogenemistoad\/#primaryimage","url":"https:\/\/kallastetalu.ee\/wp-content\/uploads\/2025\/05\/Kallaste-Turismitalu-kallastetalu.ee-aktiivne-puhkus-exitmobiil-treiler.jpg","contentUrl":"https:\/\/kallastetalu.ee\/wp-content\/uploads\/2025\/05\/Kallaste-Turismitalu-kallastetalu.ee-aktiivne-puhkus-exitmobiil-treiler.jpg","width":700,"height":219,"caption":"P\u00f5genemistoad - mobiilsed m\u00f5genemistoad- agtiivne puhkus - meelelahutus Kallaste-Turismitalu-kallastetalu.ee-aktiivne-puhkus-exitmobiil-treiler"},{"@type":"BreadcrumbList","@id":"https:\/\/kallastetalu.ee\/en\/holiday-resort\/active-holiday\/pogenemistoad\/#breadcrumb","itemListElement":[{"@type":"ListItem","position":1,"name":"Home","item":"https:\/\/kallastetalu.ee\/en\/"},{"@type":"ListItem","position":2,"name":"Holiday Resort","item":"https:\/\/kallastetalu.ee\/en\/holiday-resort\/"},{"@type":"ListItem","position":3,"name":"Active Holiday","item":"https:\/\/kallastetalu.ee\/en\/holiday-resort\/active-holiday\/"},{"@type":"ListItem","position":4,"name":"Mobile Escape Rooms"}]},{"@type":"WebSite","@id":"https:\/\/kallastetalu.ee\/en\/#website","url":"https:\/\/kallastetalu.ee\/en\/","name":"Kallaste Turismitalu - \u00c4rksa hingega talu Harjumaal","description":"","publisher":{"@id":"https:\/\/kallastetalu.ee\/en\/#organization"},"potentialAction":[{"@type":"SearchAction","target":{"@type":"EntryPoint","urlTemplate":"https:\/\/kallastetalu.ee\/en\/?s={search_term_string}"},"query-input":{"@type":"PropertyValueSpecification","valueRequired":true,"valueName":"search_term_string"}}],"inLanguage":"en-US"},{"@type":"Organization","@id":"https:\/\/kallastetalu.ee\/en\/#organization","name":"Kallaste Turismitalu - \u00c4rksa hingega talu Harjumaal","url":"https:\/\/kallastetalu.ee\/en\/","logo":{"@type":"ImageObject","inLanguage":"en-US","@id":"https:\/\/kallastetalu.ee\/en\/#\/schema\/logo\/image\/","url":"https:\/\/kallastetalu.ee\/wp-content\/uploads\/2025\/04\/kallastetalu.svg","contentUrl":"https:\/\/kallastetalu.ee\/wp-content\/uploads\/2025\/04\/kallastetalu.svg","width":158,"height":127,"caption":"Kallaste Turismitalu - \u00c4rksa hingega talu Harjumaal"},"image":{"@id":"https:\/\/kallastetalu.ee\/en\/#\/schema\/logo\/image\/"},"sameAs":["https:\/\/www.facebook.com\/kallastetalu","https:\/\/www.instagram.com\/turismitalu","https:\/\/www.youtube.com\/@turismitalu","https:\/\/www.tripadvisor.com\/Hotel_Review-g19122067-d2677575-Reviews-Kallaste_Talu_Turismitalu_Holiday_Resort-Kasepere_Harju_County.html?m=19905"]}]}},"_links":{"self":[{"href":"https:\/\/kallastetalu.ee\/en\/wp-json\/wp\/v2\/pages\/4210","targetHints":{"allow":["GET"]}}],"collection":[{"href":"https:\/\/kallastetalu.ee\/en\/wp-json\/wp\/v2\/pages"}],"about":[{"href":"https:\/\/kallastetalu.ee\/en\/wp-json\/wp\/v2\/types\/page"}],"author":[{"embeddable":true,"href":"https:\/\/kallastetalu.ee\/en\/wp-json\/wp\/v2\/users\/1"}],"replies":[{"embeddable":true,"href":"https:\/\/kallastetalu.ee\/en\/wp-json\/wp\/v2\/comments?post=4210"}],"version-history":[{"count":1,"href":"https:\/\/kallastetalu.ee\/en\/wp-json\/wp\/v2\/pages\/4210\/revisions"}],"predecessor-version":[{"id":4215,"href":"https:\/\/kallastetalu.ee\/en\/wp-json\/wp\/v2\/pages\/4210\/revisions\/4215"}],"up":[{"embeddable":true,"href":"https:\/\/kallastetalu.ee\/en\/wp-json\/wp\/v2\/pages\/4094"}],"wp:featuredmedia":[{"embeddable":true,"href":"https:\/\/kallastetalu.ee\/en\/wp-json\/wp\/v2\/media\/2612"}],"wp:attachment":[{"href":"https:\/\/kallastetalu.ee\/en\/wp-json\/wp\/v2\/media?parent=4210"}],"curies":[{"name":"wp","href":"https:\/\/api.w.org\/{rel}","templated":true}]}}