{"id":4216,"date":"2025-05-27T12:45:12","date_gmt":"2025-05-27T12:45:12","guid":{"rendered":"https:\/\/kallastetalu.ee\/turismitalu\/aktiivne-puhkus\/paintball\/"},"modified":"2025-06-04T14:42:57","modified_gmt":"2025-06-04T14:42:57","slug":"paintball","status":"publish","type":"page","link":"https:\/\/kallastetalu.ee\/en\/holiday-resort\/active-holiday\/paintball\/","title":{"rendered":"Paintball"},"content":{"rendered":"\n<p>Paintball creates excitement and thrill as an outdoor activity in fresh nature. Paintball, also known as the color ball game, is a sport where the goal is to mark opposing team players with paintballs. Paintballs are shot using a mechanical or electronic marker, often called a gun due to its appearance. When hitting the target, the paintball breaks and leaves a paint stain. The duration depends on the chosen scenario and the number of paintballs.<\/p>\n\n\n\n<h2 class=\"wp-block-heading\" id=\"h-event-details\"><strong>Event details:<\/strong><\/h2>\n\n\n\n<p>We organize paintball year-round in the forest area of Kallaste Turismitalu Holiday Resort (and optionally in other nearby locations), conducted by an experienced team. The approximate game duration is 2-3 hours and is designed for groups of 8-45 people (for larger groups, please contact us for an offer).<\/p>\n\n\n\n<p>Be sure to book paintball games well in advance so we can arrange instructors and equipment for you.<\/p>\n\n\n\n<h2 class=\"wp-block-heading\" id=\"h-paintball-prices-start-from-please-request-an-offer-for-the-final-price\"><strong>Paintball prices start from<\/strong> (please request an offer for the final price):<\/h2>\n\n\n\n<p>(Includes protective clothing, semi-automatic marker, mask, gloves, paintballs, and use of the territory for the game \u2013 per person)<\/p>\n\n\n    <section class=\"price-list smooth-corners\">\n                    <div class=\"price-list__item\">\n                <div class=\"price-list__item-content\">\n                    <div class=\"price-list__item-content-name\">\n                        Game with 200 paintballs, protective gear, and instructor                    <\/div>\n                                        <div class=\"price-list__item-content-price smooth-corners\">\n                        30\u20ac \/ person                    <\/div>\n                                    <\/div>\n                            <\/div>\n                    <div class=\"price-list__item\">\n                <div class=\"price-list__item-content\">\n                    <div class=\"price-list__item-content-name\">\n                        Game with 300 paintballs, protective gear, and instructor                    <\/div>\n                                        <div class=\"price-list__item-content-price smooth-corners\">\n                        36\u20ac \/ person                    <\/div>\n                                    <\/div>\n                            <\/div>\n                    <div class=\"price-list__item\">\n                <div class=\"price-list__item-content\">\n                    <div class=\"price-list__item-content-name\">\n                        Game with 500 paintballs, protective gear, and instructor                    <\/div>\n                                        <div class=\"price-list__item-content-price smooth-corners\">\n                        32\u20ac \/ person                    <\/div>\n                                    <\/div>\n                            <\/div>\n                    <div class=\"price-list__item\">\n                <div class=\"price-list__item-content\">\n                    <div class=\"price-list__item-content-name\">\n                        Additional paintballs                    <\/div>\n                                        <div class=\"price-list__item-content-price smooth-corners\">\n                        7\u20ac \/ 100tk                    <\/div>\n                                    <\/div>\n                            <\/div>\n                    <div class=\"price-list__item\">\n                <div class=\"price-list__item-content\">\n                    <div class=\"price-list__item-content-name\">\n                        Smoke grenade                    <\/div>\n                                        <div class=\"price-list__item-content-price smooth-corners\">\n                        4\u20ac \/ tk                    <\/div>\n                                    <\/div>\n                            <\/div>\n            <\/section>\n\n\n    <section class=\"gallery-block\">\n        <div class=\"gallery-block__wrapper swiper\">\n            <div class=\"gallery-block__list swiper-wrapper\">\n                                        <div class=\"gallery-block__list-item swiper-slide\">\n                            <img decoding=\"async\" width=\"1024\" height=\"683\" src=\"https:\/\/kallastetalu.ee\/wp-content\/uploads\/2025\/05\/Kallaste-Turismitalus-Padisel-Paintball-Shotgun-meeskonna-poolt-vaata-lahemalt-www.kallastetalu.ee_.jpg\" class=\"attachment-full size-full\" alt=\"\" srcset=\"https:\/\/kallastetalu.ee\/wp-content\/uploads\/2025\/05\/Kallaste-Turismitalus-Padisel-Paintball-Shotgun-meeskonna-poolt-vaata-lahemalt-www.kallastetalu.ee_.jpg 1024w, https:\/\/kallastetalu.ee\/wp-content\/uploads\/2025\/05\/Kallaste-Turismitalus-Padisel-Paintball-Shotgun-meeskonna-poolt-vaata-lahemalt-www.kallastetalu.ee_-250x167.jpg 250w, https:\/\/kallastetalu.ee\/wp-content\/uploads\/2025\/05\/Kallaste-Turismitalus-Padisel-Paintball-Shotgun-meeskonna-poolt-vaata-lahemalt-www.kallastetalu.ee_-700x467.jpg 700w, https:\/\/kallastetalu.ee\/wp-content\/uploads\/2025\/05\/Kallaste-Turismitalus-Padisel-Paintball-Shotgun-meeskonna-poolt-vaata-lahemalt-www.kallastetalu.ee_-768x512.jpg 768w, https:\/\/kallastetalu.ee\/wp-content\/uploads\/2025\/05\/Kallaste-Turismitalus-Padisel-Paintball-Shotgun-meeskonna-poolt-vaata-lahemalt-www.kallastetalu.ee_-120x80.jpg 120w, https:\/\/kallastetalu.ee\/wp-content\/uploads\/2025\/05\/Kallaste-Turismitalus-Padisel-Paintball-Shotgun-meeskonna-poolt-vaata-lahemalt-www.kallastetalu.ee_-600x400.jpg 600w\" sizes=\"(max-width: 1024px) 100vw, 1024px\" \/>                        <\/div>\n                            <\/div>\n        <\/div>\n        <div class=\"swiper-button-prev\"><\/div>\n        <div class=\"swiper-button-next\"><\/div>\n    <\/section>\n\n\n\n<h4 class=\"wp-block-heading\" id=\"h-versus\"><strong>Versus<\/strong><\/h4>\n\n\n\n<p>This game is very simple. Players are divided into teams. The team that manages to mark all opposing players with the paintball gun wins. The game is suitable for beginners as the rules are quite simple, but it also offers excitement for experienced paintball players.<\/p>\n\n\n\n<p>Players are split into two teams. The boundaries of the playing field are agreed upon. Before the game starts, both teams move to their bases, and a flag is placed between the bases. The objective is to bring the flag to your own team\u2019s base, but the game can also be won if all opposing players are marked.<\/p>\n\n\n\n<p><strong>Flag Rescue<\/strong><\/p>\n\n\n\n<p>This game\u2019s rules are very similar to &#8220;Capture the Flag&#8221;: two teams, a limited playing area, and starting from their own bases. The difference is that each team has a flag in their base. The winner is the team that first brings the opposing team\u2019s flag to their base or marks all opposing players.<\/p>\n\n\n\n<p><strong>Base Capture<\/strong><\/p>\n\n\n\n<p>Players split into two teams and the playing area and base locations are set. Both teams start at their bases marked by flags. Unlike in &#8220;Flag Rescue,&#8221; the team wins by touching the opposing team\u2019s flag first or marking all opponents.<\/p>\n\n\n\n<p><strong>Assassin<\/strong><\/p>\n\n\n\n<p>The game is played in a limited area. Each player receives a card with the name of another player whom they are allowed to mark. When the target is eliminated, their target becomes your new target. The last unmarked player wins the game.<\/p>\n\n\n\n<p><strong>VIP<\/strong><\/p>\n\n\n\n<p>A team must protect one member, the VIP. Everyone except the VIP can return to the base after being hit, but if the VIP is marked, the team loses and leaves the playing area. The winning team is the one whose VIP remains unmarked.<\/p>\n\n\n\n<p><strong>Ironman<\/strong><\/p>\n\n\n\n<p>Can be played in teams or individually. The rules are the same as in the &#8220;Versus&#8221; game, but being hit does not remove a player from the game. A player is eliminated only when they run out of paintballs or choose to leave.<\/p>\n\n\n\n<p><strong>Duel<\/strong><\/p>\n\n\n\n<p>Players split into teams. Both teams stand in lines at a previously agreed distance. The players face away from the opposing team. The referee counts to three, then players turn and shoot one shot. Marked players leave the line. Remaining players take a step closer to the opponents and repeat. The team wins when all opponents are marked.<\/p>\n\n\n\n<p>\u201cWe focus on providing maximum safety and satisfaction for players by ensuring high-quality equipment and game management. We have knowledge of various combat strategies and battle rules, which we briefly explain before the battle. For a more detailed overview, it is possible to invite a professional special forces or military instructor for a lecture.\u201d<br>\u2013 Shotgun Team<\/p>\n\n\n\n<p>Have an exciting paintball game in the Padise forests and terrain \u2013 at Kallaste Turismitalu Holiday Resort!<\/p>\n","protected":false},"excerpt":{"rendered":"Paintball creates excitement and thrill as an outdoor activity in fresh nature. Paintball, also known as the color ball game, is a sport&#8230;","protected":false},"author":1,"featured_media":2604,"parent":4094,"menu_order":0,"comment_status":"closed","ping_status":"closed","template":"page-templates\/template-accommodation-item.php","meta":{"_acf_changed":false,"inline_featured_image":false,"footnotes":""},"class_list":["post-4216","page","type-page","status-publish","has-post-thumbnail","hentry"],"acf":[],"yoast_head":"<!-- This site is optimized with the Yoast SEO Premium plugin v25.2 (Yoast SEO v26.7) - https:\/\/yoast.com\/wordpress\/plugins\/seo\/ -->\n<title>Paintball Kallaste Turismitalus - \u00c4rksa hingega talu Harjumaal<\/title>\n<meta name=\"description\" content=\"Paintball meie metsas - tule m\u00f6lla metsas ja pea paha \u00fcks kaasahaarav lahing. Aktiivne tegevus s\u00fcnnip\u00e4evale, seminarile v\u00f5i muule \u00fcritusele.\" \/>\n<meta name=\"robots\" content=\"index, follow, max-snippet:-1, max-image-preview:large, max-video-preview:-1\" \/>\n<link rel=\"canonical\" href=\"https:\/\/kallastetalu.ee\/en\/holiday-resort\/active-holiday\/paintball\/\" \/>\n<meta property=\"og:locale\" content=\"en_US\" \/>\n<meta property=\"og:type\" content=\"article\" \/>\n<meta property=\"og:title\" content=\"Paintball\" \/>\n<meta property=\"og:description\" content=\"Paintball meie metsas - tule m\u00f6lla metsas ja pea paha \u00fcks kaasahaarav lahing. Aktiivne tegevus s\u00fcnnip\u00e4evale, seminarile v\u00f5i muule \u00fcritusele.\" \/>\n<meta property=\"og:url\" content=\"https:\/\/kallastetalu.ee\/en\/holiday-resort\/active-holiday\/paintball\/\" \/>\n<meta property=\"og:site_name\" content=\"Kallaste Turismitalu - \u00c4rksa hingega Talu Harjumaal\" \/>\n<meta property=\"article:publisher\" content=\"https:\/\/www.facebook.com\/kallastetalu\" \/>\n<meta property=\"article:modified_time\" content=\"2025-06-04T14:42:57+00:00\" \/>\n<meta property=\"og:image\" content=\"https:\/\/kallastetalu.ee\/wp-content\/uploads\/2025\/05\/paintball.jpg\" \/>\n\t<meta property=\"og:image:width\" content=\"1024\" \/>\n\t<meta property=\"og:image:height\" content=\"683\" \/>\n\t<meta property=\"og:image:type\" content=\"image\/jpeg\" \/>\n<meta name=\"twitter:card\" content=\"summary_large_image\" \/>\n<meta name=\"twitter:label1\" content=\"Est. reading time\" \/>\n\t<meta name=\"twitter:data1\" content=\"4 minutes\" \/>\n<script type=\"application\/ld+json\" class=\"yoast-schema-graph\">{\"@context\":\"https:\/\/schema.org\",\"@graph\":[{\"@type\":\"WebPage\",\"@id\":\"https:\/\/kallastetalu.ee\/en\/holiday-resort\/active-holiday\/paintball\/\",\"url\":\"https:\/\/kallastetalu.ee\/en\/holiday-resort\/active-holiday\/paintball\/\",\"name\":\"Paintball Kallaste Turismitalus - \u00c4rksa hingega talu Harjumaal\",\"isPartOf\":{\"@id\":\"https:\/\/kallastetalu.ee\/en\/#website\"},\"primaryImageOfPage\":{\"@id\":\"https:\/\/kallastetalu.ee\/en\/holiday-resort\/active-holiday\/paintball\/#primaryimage\"},\"image\":{\"@id\":\"https:\/\/kallastetalu.ee\/en\/holiday-resort\/active-holiday\/paintball\/#primaryimage\"},\"thumbnailUrl\":\"https:\/\/kallastetalu.ee\/wp-content\/uploads\/2025\/05\/paintball.jpg\",\"datePublished\":\"2025-05-27T12:45:12+00:00\",\"dateModified\":\"2025-06-04T14:42:57+00:00\",\"description\":\"Paintball meie metsas - tule m\u00f6lla metsas ja pea paha \u00fcks kaasahaarav lahing. Aktiivne tegevus s\u00fcnnip\u00e4evale, seminarile v\u00f5i muule \u00fcritusele.\",\"breadcrumb\":{\"@id\":\"https:\/\/kallastetalu.ee\/en\/holiday-resort\/active-holiday\/paintball\/#breadcrumb\"},\"inLanguage\":\"en-US\",\"potentialAction\":[{\"@type\":\"ReadAction\",\"target\":[\"https:\/\/kallastetalu.ee\/en\/holiday-resort\/active-holiday\/paintball\/\"]}]},{\"@type\":\"ImageObject\",\"inLanguage\":\"en-US\",\"@id\":\"https:\/\/kallastetalu.ee\/en\/holiday-resort\/active-holiday\/paintball\/#primaryimage\",\"url\":\"https:\/\/kallastetalu.ee\/wp-content\/uploads\/2025\/05\/paintball.jpg\",\"contentUrl\":\"https:\/\/kallastetalu.ee\/wp-content\/uploads\/2025\/05\/paintball.jpg\",\"width\":1024,\"height\":683},{\"@type\":\"BreadcrumbList\",\"@id\":\"https:\/\/kallastetalu.ee\/en\/holiday-resort\/active-holiday\/paintball\/#breadcrumb\",\"itemListElement\":[{\"@type\":\"ListItem\",\"position\":1,\"name\":\"Home\",\"item\":\"https:\/\/kallastetalu.ee\/en\/\"},{\"@type\":\"ListItem\",\"position\":2,\"name\":\"Holiday Resort\",\"item\":\"https:\/\/kallastetalu.ee\/en\/holiday-resort\/\"},{\"@type\":\"ListItem\",\"position\":3,\"name\":\"Active Holiday\",\"item\":\"https:\/\/kallastetalu.ee\/en\/holiday-resort\/active-holiday\/\"},{\"@type\":\"ListItem\",\"position\":4,\"name\":\"Paintball\"}]},{\"@type\":\"WebSite\",\"@id\":\"https:\/\/kallastetalu.ee\/en\/#website\",\"url\":\"https:\/\/kallastetalu.ee\/en\/\",\"name\":\"Kallaste Turismitalu - \u00c4rksa hingega talu Harjumaal\",\"description\":\"\",\"publisher\":{\"@id\":\"https:\/\/kallastetalu.ee\/en\/#organization\"},\"potentialAction\":[{\"@type\":\"SearchAction\",\"target\":{\"@type\":\"EntryPoint\",\"urlTemplate\":\"https:\/\/kallastetalu.ee\/en\/?s={search_term_string}\"},\"query-input\":{\"@type\":\"PropertyValueSpecification\",\"valueRequired\":true,\"valueName\":\"search_term_string\"}}],\"inLanguage\":\"en-US\"},{\"@type\":\"Organization\",\"@id\":\"https:\/\/kallastetalu.ee\/en\/#organization\",\"name\":\"Kallaste Turismitalu - \u00c4rksa hingega talu Harjumaal\",\"url\":\"https:\/\/kallastetalu.ee\/en\/\",\"logo\":{\"@type\":\"ImageObject\",\"inLanguage\":\"en-US\",\"@id\":\"https:\/\/kallastetalu.ee\/en\/#\/schema\/logo\/image\/\",\"url\":\"https:\/\/kallastetalu.ee\/wp-content\/uploads\/2025\/04\/kallastetalu.svg\",\"contentUrl\":\"https:\/\/kallastetalu.ee\/wp-content\/uploads\/2025\/04\/kallastetalu.svg\",\"width\":158,\"height\":127,\"caption\":\"Kallaste Turismitalu - \u00c4rksa hingega talu Harjumaal\"},\"image\":{\"@id\":\"https:\/\/kallastetalu.ee\/en\/#\/schema\/logo\/image\/\"},\"sameAs\":[\"https:\/\/www.facebook.com\/kallastetalu\",\"https:\/\/www.instagram.com\/turismitalu\",\"https:\/\/www.youtube.com\/@turismitalu\",\"https:\/\/www.tripadvisor.com\/Hotel_Review-g19122067-d2677575-Reviews-Kallaste_Talu_Turismitalu_Holiday_Resort-Kasepere_Harju_County.html?m=19905\"]}]}<\/script>\n<!-- \/ Yoast SEO Premium plugin. -->","yoast_head_json":{"title":"Paintball Kallaste Turismitalus - \u00c4rksa hingega talu Harjumaal","description":"Paintball meie metsas - tule m\u00f6lla metsas ja pea paha \u00fcks kaasahaarav lahing. Aktiivne tegevus s\u00fcnnip\u00e4evale, seminarile v\u00f5i muule \u00fcritusele.","robots":{"index":"index","follow":"follow","max-snippet":"max-snippet:-1","max-image-preview":"max-image-preview:large","max-video-preview":"max-video-preview:-1"},"canonical":"https:\/\/kallastetalu.ee\/en\/holiday-resort\/active-holiday\/paintball\/","og_locale":"en_US","og_type":"article","og_title":"Paintball","og_description":"Paintball meie metsas - tule m\u00f6lla metsas ja pea paha \u00fcks kaasahaarav lahing. Aktiivne tegevus s\u00fcnnip\u00e4evale, seminarile v\u00f5i muule \u00fcritusele.","og_url":"https:\/\/kallastetalu.ee\/en\/holiday-resort\/active-holiday\/paintball\/","og_site_name":"Kallaste Turismitalu - \u00c4rksa hingega Talu Harjumaal","article_publisher":"https:\/\/www.facebook.com\/kallastetalu","article_modified_time":"2025-06-04T14:42:57+00:00","og_image":[{"width":1024,"height":683,"url":"https:\/\/kallastetalu.ee\/wp-content\/uploads\/2025\/05\/paintball.jpg","type":"image\/jpeg"}],"twitter_card":"summary_large_image","twitter_misc":{"Est. reading time":"4 minutes"},"schema":{"@context":"https:\/\/schema.org","@graph":[{"@type":"WebPage","@id":"https:\/\/kallastetalu.ee\/en\/holiday-resort\/active-holiday\/paintball\/","url":"https:\/\/kallastetalu.ee\/en\/holiday-resort\/active-holiday\/paintball\/","name":"Paintball Kallaste Turismitalus - \u00c4rksa hingega talu Harjumaal","isPartOf":{"@id":"https:\/\/kallastetalu.ee\/en\/#website"},"primaryImageOfPage":{"@id":"https:\/\/kallastetalu.ee\/en\/holiday-resort\/active-holiday\/paintball\/#primaryimage"},"image":{"@id":"https:\/\/kallastetalu.ee\/en\/holiday-resort\/active-holiday\/paintball\/#primaryimage"},"thumbnailUrl":"https:\/\/kallastetalu.ee\/wp-content\/uploads\/2025\/05\/paintball.jpg","datePublished":"2025-05-27T12:45:12+00:00","dateModified":"2025-06-04T14:42:57+00:00","description":"Paintball meie metsas - tule m\u00f6lla metsas ja pea paha \u00fcks kaasahaarav lahing. Aktiivne tegevus s\u00fcnnip\u00e4evale, seminarile v\u00f5i muule \u00fcritusele.","breadcrumb":{"@id":"https:\/\/kallastetalu.ee\/en\/holiday-resort\/active-holiday\/paintball\/#breadcrumb"},"inLanguage":"en-US","potentialAction":[{"@type":"ReadAction","target":["https:\/\/kallastetalu.ee\/en\/holiday-resort\/active-holiday\/paintball\/"]}]},{"@type":"ImageObject","inLanguage":"en-US","@id":"https:\/\/kallastetalu.ee\/en\/holiday-resort\/active-holiday\/paintball\/#primaryimage","url":"https:\/\/kallastetalu.ee\/wp-content\/uploads\/2025\/05\/paintball.jpg","contentUrl":"https:\/\/kallastetalu.ee\/wp-content\/uploads\/2025\/05\/paintball.jpg","width":1024,"height":683},{"@type":"BreadcrumbList","@id":"https:\/\/kallastetalu.ee\/en\/holiday-resort\/active-holiday\/paintball\/#breadcrumb","itemListElement":[{"@type":"ListItem","position":1,"name":"Home","item":"https:\/\/kallastetalu.ee\/en\/"},{"@type":"ListItem","position":2,"name":"Holiday Resort","item":"https:\/\/kallastetalu.ee\/en\/holiday-resort\/"},{"@type":"ListItem","position":3,"name":"Active Holiday","item":"https:\/\/kallastetalu.ee\/en\/holiday-resort\/active-holiday\/"},{"@type":"ListItem","position":4,"name":"Paintball"}]},{"@type":"WebSite","@id":"https:\/\/kallastetalu.ee\/en\/#website","url":"https:\/\/kallastetalu.ee\/en\/","name":"Kallaste Turismitalu - \u00c4rksa hingega talu Harjumaal","description":"","publisher":{"@id":"https:\/\/kallastetalu.ee\/en\/#organization"},"potentialAction":[{"@type":"SearchAction","target":{"@type":"EntryPoint","urlTemplate":"https:\/\/kallastetalu.ee\/en\/?s={search_term_string}"},"query-input":{"@type":"PropertyValueSpecification","valueRequired":true,"valueName":"search_term_string"}}],"inLanguage":"en-US"},{"@type":"Organization","@id":"https:\/\/kallastetalu.ee\/en\/#organization","name":"Kallaste Turismitalu - \u00c4rksa hingega talu Harjumaal","url":"https:\/\/kallastetalu.ee\/en\/","logo":{"@type":"ImageObject","inLanguage":"en-US","@id":"https:\/\/kallastetalu.ee\/en\/#\/schema\/logo\/image\/","url":"https:\/\/kallastetalu.ee\/wp-content\/uploads\/2025\/04\/kallastetalu.svg","contentUrl":"https:\/\/kallastetalu.ee\/wp-content\/uploads\/2025\/04\/kallastetalu.svg","width":158,"height":127,"caption":"Kallaste Turismitalu - \u00c4rksa hingega talu Harjumaal"},"image":{"@id":"https:\/\/kallastetalu.ee\/en\/#\/schema\/logo\/image\/"},"sameAs":["https:\/\/www.facebook.com\/kallastetalu","https:\/\/www.instagram.com\/turismitalu","https:\/\/www.youtube.com\/@turismitalu","https:\/\/www.tripadvisor.com\/Hotel_Review-g19122067-d2677575-Reviews-Kallaste_Talu_Turismitalu_Holiday_Resort-Kasepere_Harju_County.html?m=19905"]}]}},"_links":{"self":[{"href":"https:\/\/kallastetalu.ee\/en\/wp-json\/wp\/v2\/pages\/4216","targetHints":{"allow":["GET"]}}],"collection":[{"href":"https:\/\/kallastetalu.ee\/en\/wp-json\/wp\/v2\/pages"}],"about":[{"href":"https:\/\/kallastetalu.ee\/en\/wp-json\/wp\/v2\/types\/page"}],"author":[{"embeddable":true,"href":"https:\/\/kallastetalu.ee\/en\/wp-json\/wp\/v2\/users\/1"}],"replies":[{"embeddable":true,"href":"https:\/\/kallastetalu.ee\/en\/wp-json\/wp\/v2\/comments?post=4216"}],"version-history":[{"count":1,"href":"https:\/\/kallastetalu.ee\/en\/wp-json\/wp\/v2\/pages\/4216\/revisions"}],"predecessor-version":[{"id":4221,"href":"https:\/\/kallastetalu.ee\/en\/wp-json\/wp\/v2\/pages\/4216\/revisions\/4221"}],"up":[{"embeddable":true,"href":"https:\/\/kallastetalu.ee\/en\/wp-json\/wp\/v2\/pages\/4094"}],"wp:featuredmedia":[{"embeddable":true,"href":"https:\/\/kallastetalu.ee\/en\/wp-json\/wp\/v2\/media\/2604"}],"wp:attachment":[{"href":"https:\/\/kallastetalu.ee\/en\/wp-json\/wp\/v2\/media?parent=4216"}],"curies":[{"name":"wp","href":"https:\/\/api.w.org\/{rel}","templated":true}]}}