{"id":4222,"date":"2025-05-27T10:56:45","date_gmt":"2025-05-27T10:56:45","guid":{"rendered":"https:\/\/kallastetalu.ee\/turismitalu\/aktiivne-puhkus\/rahvatants\/"},"modified":"2025-06-04T14:48:42","modified_gmt":"2025-06-04T14:48:42","slug":"rahvatants","status":"publish","type":"page","link":"https:\/\/kallastetalu.ee\/en\/holiday-resort\/active-holiday\/rahvatants\/","title":{"rendered":"Folk dance"},"content":{"rendered":"\n<p>Estonians are famously known as a dancing nation, especially for their large dance festivals. Folk dance lessons offer a great pastime for your group, where you can learn characteristic moves of Estonian folk dance accompanied by traditional folk music. Time spent learning dances will be engaging, fun, and sociable!<\/p>\n\n\n\n<p>Experienced Estonian dance and folklore instructor Mari will guide you through the key steps with the accompaniment of folk music.<\/p>\n\n\n\n<p>The dance program can include: Folk dance (today more commonly called traditional dance); old social dances (Padespaan, Tuustep, Vengerka, Alexandra Waltz, Reilender, etc.); singing games for both adults and children; folklore-themed quizzes; and traditional children\u2019s activities.<\/p>\n\n\n\n<p>As a refreshing break, Kallaste Turismitalu provides cooling berry juice and ice water or peppermint tea.<\/p>\n\n\n\n<p>It is also possible to arrange the course with live music \u2014 upon request, we can organize a musician to accompany your event! Accordion player and dance instructor will make your event lively and fun!<\/p>\n\n\n\n<h2 class=\"wp-block-heading\" id=\"h-the-curriculum-can-be-combined-with\">The curriculum can be combined with:<\/h2>\n\n\n\n<ul class=\"wp-block-list\">\n<li><span><span>Folk dance (today more commonly called traditional dance)<\/span><\/span><\/li>\n\n\n\n<li><span><span>Old social dances (Padespaan, Tuustep, Vengerka, Alexandra Waltz, Reilender, etc.)<\/span><\/span><\/li>\n\n\n\n<li><span><span>Singing games for adults and children<\/span><\/span><\/li>\n\n\n\n<li><span><span>Folklore quizzes<\/span><\/span><\/li>\n\n\n\n<li><span><span>Traditional children\u2019s activities<\/span><\/span><\/li>\n<\/ul>\n\n\n\n<p>Just let us know which dances and activities interest you!<\/p>\n\n\n    <section class=\"price-list smooth-corners\">\n                    <div class=\"price-list__item\">\n                <div class=\"price-list__item-content\">\n                    <div class=\"price-list__item-content-name\">\n                        Traditional dance lessons                    <\/div>\n                                        <div class=\"price-list__item-content-price smooth-corners\">\n                        From 260\u20ac \/ group                    <\/div>\n                                    <\/div>\n                                    <div class=\"price-list__item-notice\">\n                        Duration: ~2 hours, price includes room use and drinks, a dance instructor is present                    <\/div>\n                            <\/div>\n            <\/section>\n\n\n\n<p>This is the true Estonian thing, coming from our national culture and traditions \u2014 if you haven\u2019t encountered it yet, now is the last chance. But if you have, sharing it with companions is the key to our cultural heritage.<\/p>\n\n\n\n<p class=\"has-text-align-center\">I want to dance,<br>I want to waltz!<br>I don\u2019t have a clever dancer<br>nor a skilled roller.<br>Let a dancer come from Tartu,<br>a twirler from Riga,<br>a spinner from Saint Petersburg!<br>Then I will be a clever dancer<br>and a skillful roller.<br>I dance \u2014 the cottage roars,<br>the six-cornered room resounds,<br>the wall bends seven fathoms,<br>and the roof eight fathoms,<br>the ridgepole ten fathoms.<\/p>\n\n\n\n<p class=\"has-text-align-center\">(\/ Estonian Folk Song. Kadrina. H II 10, 96 (98). 1889.)<\/p>\n\n\n<section class=\"blog-nb-section\">\n    <div class=\"upper\">\n        <svg xmlns=\"http:\/\/www.w3.org\/2000\/svg\" width=\"24\" height=\"24\" viewBox=\"0 0 24 24\" fill=\"none\">\n            <path d=\"M7.78216 3H16.2169C19.165 3 21 5.08119 21 8.02638V15.9736C21 18.9188 19.165 21 16.2159 21H7.78216C4.83405 21 3 18.9188 3 15.9736V8.02638C3 5.08119 4.84281 3 7.78216 3Z\" fill=\"#8D7971\" stroke=\"#8D7971\" stroke-width=\"1.5\" stroke-linecap=\"round\" stroke-linejoin=\"round\"\/>\n            <path d=\"M11.9941 8.98511V12.3117\" stroke=\"white\" stroke-width=\"1.5\" stroke-linecap=\"round\" stroke-linejoin=\"round\"\/>\n            <path d=\"M11.9941 12.3115L14.1322 15.0154\" stroke=\"white\" stroke-width=\"1.5\" stroke-linecap=\"round\" stroke-linejoin=\"round\"\/>\n            <path d=\"M11.9937 12.3115L9.86719 15.0008\" stroke=\"white\" stroke-width=\"1.5\" stroke-linecap=\"round\" stroke-linejoin=\"round\"\/>\n            <path d=\"M8.94141 11.2305L11.9907 12.3114\" stroke=\"white\" stroke-width=\"1.5\" stroke-linecap=\"round\" stroke-linejoin=\"round\"\/>\n            <path d=\"M11.9902 12.3114L15.057 11.2246\" stroke=\"white\" stroke-width=\"1.5\" stroke-linecap=\"round\" stroke-linejoin=\"round\"\/>\n        <\/svg>\n        <h3 class=\"blog-nb-section__title\">\n            Suitable for all kinds of events        <\/h3>\n    <\/div>\n    <p class=\"blog-nb-section__text\">\n        Fun dance lessons at Kallaste Turismitalu in Harju County \u2013 organize a great break activity for seminars, summer days, or other events!    <\/p>\n<\/section>\n","protected":false},"excerpt":{"rendered":"Estonians are famously known as a dancing nation, especially for their large dance festivals. Folk dance lessons offer a great pastime for&#8230;","protected":false},"author":1,"featured_media":2968,"parent":4094,"menu_order":0,"comment_status":"closed","ping_status":"closed","template":"page-templates\/template-accommodation-item.php","meta":{"_acf_changed":false,"inline_featured_image":false,"footnotes":""},"class_list":["post-4222","page","type-page","status-publish","has-post-thumbnail","hentry"],"acf":[],"yoast_head":"<!-- This site is optimized with the Yoast SEO Premium plugin v25.2 (Yoast SEO v26.7) - https:\/\/yoast.com\/wordpress\/plugins\/seo\/ -->\n<title>\u00d5pi rahvatantsu oma seltskonnaga - liikuv ja l\u00f5bus!<\/title>\n<meta name=\"description\" content=\"Kallaste Turismitalus saab igasuguste \u00fcrituste vahepalaks \u00f5ppida rahvatantsu. See on lihtne, liikuv ja kohe kindlasti l\u00f5bus!\" \/>\n<meta name=\"robots\" content=\"index, follow, max-snippet:-1, max-image-preview:large, max-video-preview:-1\" \/>\n<link rel=\"canonical\" href=\"https:\/\/kallastetalu.ee\/en\/holiday-resort\/active-holiday\/rahvatants\/\" \/>\n<meta property=\"og:locale\" content=\"en_US\" \/>\n<meta property=\"og:type\" content=\"article\" \/>\n<meta property=\"og:title\" content=\"Folk dance\" \/>\n<meta property=\"og:description\" content=\"Kallaste Turismitalus saab igasuguste \u00fcrituste vahepalaks \u00f5ppida rahvatantsu. See on lihtne, liikuv ja kohe kindlasti l\u00f5bus!\" \/>\n<meta property=\"og:url\" content=\"https:\/\/kallastetalu.ee\/en\/holiday-resort\/active-holiday\/rahvatants\/\" \/>\n<meta property=\"og:site_name\" content=\"Kallaste Turismitalu - \u00c4rksa hingega Talu Harjumaal\" \/>\n<meta property=\"article:publisher\" content=\"https:\/\/www.facebook.com\/kallastetalu\" \/>\n<meta property=\"article:modified_time\" content=\"2025-06-04T14:48:42+00:00\" \/>\n<meta property=\"og:image\" content=\"https:\/\/kallastetalu.ee\/wp-content\/uploads\/2025\/05\/rahvatants-2.jpg\" \/>\n\t<meta property=\"og:image:width\" content=\"279\" \/>\n\t<meta property=\"og:image:height\" content=\"181\" \/>\n\t<meta property=\"og:image:type\" content=\"image\/jpeg\" \/>\n<meta name=\"twitter:card\" content=\"summary_large_image\" \/>\n<meta name=\"twitter:label1\" content=\"Est. reading time\" \/>\n\t<meta name=\"twitter:data1\" content=\"2 minutes\" \/>\n<script type=\"application\/ld+json\" class=\"yoast-schema-graph\">{\"@context\":\"https:\/\/schema.org\",\"@graph\":[{\"@type\":\"WebPage\",\"@id\":\"https:\/\/kallastetalu.ee\/en\/holiday-resort\/active-holiday\/rahvatants\/\",\"url\":\"https:\/\/kallastetalu.ee\/en\/holiday-resort\/active-holiday\/rahvatants\/\",\"name\":\"\u00d5pi rahvatantsu oma seltskonnaga - liikuv ja l\u00f5bus!\",\"isPartOf\":{\"@id\":\"https:\/\/kallastetalu.ee\/en\/#website\"},\"primaryImageOfPage\":{\"@id\":\"https:\/\/kallastetalu.ee\/en\/holiday-resort\/active-holiday\/rahvatants\/#primaryimage\"},\"image\":{\"@id\":\"https:\/\/kallastetalu.ee\/en\/holiday-resort\/active-holiday\/rahvatants\/#primaryimage\"},\"thumbnailUrl\":\"https:\/\/kallastetalu.ee\/wp-content\/uploads\/2025\/05\/rahvatants-2.jpg\",\"datePublished\":\"2025-05-27T10:56:45+00:00\",\"dateModified\":\"2025-06-04T14:48:42+00:00\",\"description\":\"Kallaste Turismitalus saab igasuguste \u00fcrituste vahepalaks \u00f5ppida rahvatantsu. See on lihtne, liikuv ja kohe kindlasti l\u00f5bus!\",\"breadcrumb\":{\"@id\":\"https:\/\/kallastetalu.ee\/en\/holiday-resort\/active-holiday\/rahvatants\/#breadcrumb\"},\"inLanguage\":\"en-US\",\"potentialAction\":[{\"@type\":\"ReadAction\",\"target\":[\"https:\/\/kallastetalu.ee\/en\/holiday-resort\/active-holiday\/rahvatants\/\"]}]},{\"@type\":\"ImageObject\",\"inLanguage\":\"en-US\",\"@id\":\"https:\/\/kallastetalu.ee\/en\/holiday-resort\/active-holiday\/rahvatants\/#primaryimage\",\"url\":\"https:\/\/kallastetalu.ee\/wp-content\/uploads\/2025\/05\/rahvatants-2.jpg\",\"contentUrl\":\"https:\/\/kallastetalu.ee\/wp-content\/uploads\/2025\/05\/rahvatants-2.jpg\",\"width\":279,\"height\":181},{\"@type\":\"BreadcrumbList\",\"@id\":\"https:\/\/kallastetalu.ee\/en\/holiday-resort\/active-holiday\/rahvatants\/#breadcrumb\",\"itemListElement\":[{\"@type\":\"ListItem\",\"position\":1,\"name\":\"Home\",\"item\":\"https:\/\/kallastetalu.ee\/en\/\"},{\"@type\":\"ListItem\",\"position\":2,\"name\":\"Holiday Resort\",\"item\":\"https:\/\/kallastetalu.ee\/en\/holiday-resort\/\"},{\"@type\":\"ListItem\",\"position\":3,\"name\":\"Active Holiday\",\"item\":\"https:\/\/kallastetalu.ee\/en\/holiday-resort\/active-holiday\/\"},{\"@type\":\"ListItem\",\"position\":4,\"name\":\"Folk dance\"}]},{\"@type\":\"WebSite\",\"@id\":\"https:\/\/kallastetalu.ee\/en\/#website\",\"url\":\"https:\/\/kallastetalu.ee\/en\/\",\"name\":\"Kallaste Turismitalu - \u00c4rksa hingega talu Harjumaal\",\"description\":\"\",\"publisher\":{\"@id\":\"https:\/\/kallastetalu.ee\/en\/#organization\"},\"potentialAction\":[{\"@type\":\"SearchAction\",\"target\":{\"@type\":\"EntryPoint\",\"urlTemplate\":\"https:\/\/kallastetalu.ee\/en\/?s={search_term_string}\"},\"query-input\":{\"@type\":\"PropertyValueSpecification\",\"valueRequired\":true,\"valueName\":\"search_term_string\"}}],\"inLanguage\":\"en-US\"},{\"@type\":\"Organization\",\"@id\":\"https:\/\/kallastetalu.ee\/en\/#organization\",\"name\":\"Kallaste Turismitalu - \u00c4rksa hingega talu Harjumaal\",\"url\":\"https:\/\/kallastetalu.ee\/en\/\",\"logo\":{\"@type\":\"ImageObject\",\"inLanguage\":\"en-US\",\"@id\":\"https:\/\/kallastetalu.ee\/en\/#\/schema\/logo\/image\/\",\"url\":\"https:\/\/kallastetalu.ee\/wp-content\/uploads\/2025\/04\/kallastetalu.svg\",\"contentUrl\":\"https:\/\/kallastetalu.ee\/wp-content\/uploads\/2025\/04\/kallastetalu.svg\",\"width\":158,\"height\":127,\"caption\":\"Kallaste Turismitalu - \u00c4rksa hingega talu Harjumaal\"},\"image\":{\"@id\":\"https:\/\/kallastetalu.ee\/en\/#\/schema\/logo\/image\/\"},\"sameAs\":[\"https:\/\/www.facebook.com\/kallastetalu\",\"https:\/\/www.instagram.com\/turismitalu\",\"https:\/\/www.youtube.com\/@turismitalu\",\"https:\/\/www.tripadvisor.com\/Hotel_Review-g19122067-d2677575-Reviews-Kallaste_Talu_Turismitalu_Holiday_Resort-Kasepere_Harju_County.html?m=19905\"]}]}<\/script>\n<!-- \/ Yoast SEO Premium plugin. -->","yoast_head_json":{"title":"\u00d5pi rahvatantsu oma seltskonnaga - liikuv ja l\u00f5bus!","description":"Kallaste Turismitalus saab igasuguste \u00fcrituste vahepalaks \u00f5ppida rahvatantsu. See on lihtne, liikuv ja kohe kindlasti l\u00f5bus!","robots":{"index":"index","follow":"follow","max-snippet":"max-snippet:-1","max-image-preview":"max-image-preview:large","max-video-preview":"max-video-preview:-1"},"canonical":"https:\/\/kallastetalu.ee\/en\/holiday-resort\/active-holiday\/rahvatants\/","og_locale":"en_US","og_type":"article","og_title":"Folk dance","og_description":"Kallaste Turismitalus saab igasuguste \u00fcrituste vahepalaks \u00f5ppida rahvatantsu. See on lihtne, liikuv ja kohe kindlasti l\u00f5bus!","og_url":"https:\/\/kallastetalu.ee\/en\/holiday-resort\/active-holiday\/rahvatants\/","og_site_name":"Kallaste Turismitalu - \u00c4rksa hingega Talu Harjumaal","article_publisher":"https:\/\/www.facebook.com\/kallastetalu","article_modified_time":"2025-06-04T14:48:42+00:00","og_image":[{"width":279,"height":181,"url":"https:\/\/kallastetalu.ee\/wp-content\/uploads\/2025\/05\/rahvatants-2.jpg","type":"image\/jpeg"}],"twitter_card":"summary_large_image","twitter_misc":{"Est. reading time":"2 minutes"},"schema":{"@context":"https:\/\/schema.org","@graph":[{"@type":"WebPage","@id":"https:\/\/kallastetalu.ee\/en\/holiday-resort\/active-holiday\/rahvatants\/","url":"https:\/\/kallastetalu.ee\/en\/holiday-resort\/active-holiday\/rahvatants\/","name":"\u00d5pi rahvatantsu oma seltskonnaga - liikuv ja l\u00f5bus!","isPartOf":{"@id":"https:\/\/kallastetalu.ee\/en\/#website"},"primaryImageOfPage":{"@id":"https:\/\/kallastetalu.ee\/en\/holiday-resort\/active-holiday\/rahvatants\/#primaryimage"},"image":{"@id":"https:\/\/kallastetalu.ee\/en\/holiday-resort\/active-holiday\/rahvatants\/#primaryimage"},"thumbnailUrl":"https:\/\/kallastetalu.ee\/wp-content\/uploads\/2025\/05\/rahvatants-2.jpg","datePublished":"2025-05-27T10:56:45+00:00","dateModified":"2025-06-04T14:48:42+00:00","description":"Kallaste Turismitalus saab igasuguste \u00fcrituste vahepalaks \u00f5ppida rahvatantsu. See on lihtne, liikuv ja kohe kindlasti l\u00f5bus!","breadcrumb":{"@id":"https:\/\/kallastetalu.ee\/en\/holiday-resort\/active-holiday\/rahvatants\/#breadcrumb"},"inLanguage":"en-US","potentialAction":[{"@type":"ReadAction","target":["https:\/\/kallastetalu.ee\/en\/holiday-resort\/active-holiday\/rahvatants\/"]}]},{"@type":"ImageObject","inLanguage":"en-US","@id":"https:\/\/kallastetalu.ee\/en\/holiday-resort\/active-holiday\/rahvatants\/#primaryimage","url":"https:\/\/kallastetalu.ee\/wp-content\/uploads\/2025\/05\/rahvatants-2.jpg","contentUrl":"https:\/\/kallastetalu.ee\/wp-content\/uploads\/2025\/05\/rahvatants-2.jpg","width":279,"height":181},{"@type":"BreadcrumbList","@id":"https:\/\/kallastetalu.ee\/en\/holiday-resort\/active-holiday\/rahvatants\/#breadcrumb","itemListElement":[{"@type":"ListItem","position":1,"name":"Home","item":"https:\/\/kallastetalu.ee\/en\/"},{"@type":"ListItem","position":2,"name":"Holiday Resort","item":"https:\/\/kallastetalu.ee\/en\/holiday-resort\/"},{"@type":"ListItem","position":3,"name":"Active Holiday","item":"https:\/\/kallastetalu.ee\/en\/holiday-resort\/active-holiday\/"},{"@type":"ListItem","position":4,"name":"Folk dance"}]},{"@type":"WebSite","@id":"https:\/\/kallastetalu.ee\/en\/#website","url":"https:\/\/kallastetalu.ee\/en\/","name":"Kallaste Turismitalu - \u00c4rksa hingega talu Harjumaal","description":"","publisher":{"@id":"https:\/\/kallastetalu.ee\/en\/#organization"},"potentialAction":[{"@type":"SearchAction","target":{"@type":"EntryPoint","urlTemplate":"https:\/\/kallastetalu.ee\/en\/?s={search_term_string}"},"query-input":{"@type":"PropertyValueSpecification","valueRequired":true,"valueName":"search_term_string"}}],"inLanguage":"en-US"},{"@type":"Organization","@id":"https:\/\/kallastetalu.ee\/en\/#organization","name":"Kallaste Turismitalu - \u00c4rksa hingega talu Harjumaal","url":"https:\/\/kallastetalu.ee\/en\/","logo":{"@type":"ImageObject","inLanguage":"en-US","@id":"https:\/\/kallastetalu.ee\/en\/#\/schema\/logo\/image\/","url":"https:\/\/kallastetalu.ee\/wp-content\/uploads\/2025\/04\/kallastetalu.svg","contentUrl":"https:\/\/kallastetalu.ee\/wp-content\/uploads\/2025\/04\/kallastetalu.svg","width":158,"height":127,"caption":"Kallaste Turismitalu - \u00c4rksa hingega talu Harjumaal"},"image":{"@id":"https:\/\/kallastetalu.ee\/en\/#\/schema\/logo\/image\/"},"sameAs":["https:\/\/www.facebook.com\/kallastetalu","https:\/\/www.instagram.com\/turismitalu","https:\/\/www.youtube.com\/@turismitalu","https:\/\/www.tripadvisor.com\/Hotel_Review-g19122067-d2677575-Reviews-Kallaste_Talu_Turismitalu_Holiday_Resort-Kasepere_Harju_County.html?m=19905"]}]}},"_links":{"self":[{"href":"https:\/\/kallastetalu.ee\/en\/wp-json\/wp\/v2\/pages\/4222","targetHints":{"allow":["GET"]}}],"collection":[{"href":"https:\/\/kallastetalu.ee\/en\/wp-json\/wp\/v2\/pages"}],"about":[{"href":"https:\/\/kallastetalu.ee\/en\/wp-json\/wp\/v2\/types\/page"}],"author":[{"embeddable":true,"href":"https:\/\/kallastetalu.ee\/en\/wp-json\/wp\/v2\/users\/1"}],"replies":[{"embeddable":true,"href":"https:\/\/kallastetalu.ee\/en\/wp-json\/wp\/v2\/comments?post=4222"}],"version-history":[{"count":1,"href":"https:\/\/kallastetalu.ee\/en\/wp-json\/wp\/v2\/pages\/4222\/revisions"}],"predecessor-version":[{"id":4227,"href":"https:\/\/kallastetalu.ee\/en\/wp-json\/wp\/v2\/pages\/4222\/revisions\/4227"}],"up":[{"embeddable":true,"href":"https:\/\/kallastetalu.ee\/en\/wp-json\/wp\/v2\/pages\/4094"}],"wp:featuredmedia":[{"embeddable":true,"href":"https:\/\/kallastetalu.ee\/en\/wp-json\/wp\/v2\/media\/2968"}],"wp:attachment":[{"href":"https:\/\/kallastetalu.ee\/en\/wp-json\/wp\/v2\/media?parent=4222"}],"curies":[{"name":"wp","href":"https:\/\/api.w.org\/{rel}","templated":true}]}}