{"id":4228,"date":"2025-05-27T10:55:40","date_gmt":"2025-05-27T10:55:40","guid":{"rendered":"https:\/\/kallastetalu.ee\/turismitalu\/aktiivne-puhkus\/troopilised-trummid\/"},"modified":"2025-06-04T14:51:14","modified_gmt":"2025-06-04T14:51:14","slug":"troopilised-trummid","status":"publish","type":"page","link":"https:\/\/kallastetalu.ee\/en\/holiday-resort\/active-holiday\/troopilised-trummid\/","title":{"rendered":"Tropical drums"},"content":{"rendered":"\n<h2 class=\"wp-block-heading\" id=\"h-magical-unique-therapeutic-drumming-guided-by-siim-koppel\">Magical \u2013 unique \u2013 therapeutic: drumming guided by Siim Koppel<\/h2>\n\n\n\n<p>These are drums from Africa called \u201cDjembe.\u201d This drum is known as the oldest drum in the world. Siim Koppel has been playing drums for about 14 years and has trained over a thousand people during that time. The Djembe workshop is simple, and drummer Siim brings drums for all participants.<\/p>\n\n\n    <section class=\"price-list smooth-corners\">\n                    <div class=\"price-list__item\">\n                <div class=\"price-list__item-content\">\n                    <div class=\"price-list__item-content-name\">\n                        Djembe Workshop                    <\/div>\n                                        <div class=\"price-list__item-content-price smooth-corners\">\n                        800\u20ac                    <\/div>\n                                    <\/div>\n                                    <div class=\"price-list__item-notice\">\n                        Duration: 1 hour or more, group of 10-30 people (for larger groups, please request a price offer)                    <\/div>\n                            <\/div>\n            <\/section>\n\n\n    <section class=\"gallery-block\">\n        <div class=\"gallery-block__wrapper swiper\">\n            <div class=\"gallery-block__list swiper-wrapper\">\n                                        <div class=\"gallery-block__list-item swiper-slide\">\n                            <img decoding=\"async\" width=\"2560\" height=\"1707\" src=\"https:\/\/kallastetalu.ee\/wp-content\/uploads\/2025\/05\/Aafrika-trummi-tootuba-scaled.jpg\" class=\"attachment-full size-full\" alt=\"\" srcset=\"https:\/\/kallastetalu.ee\/wp-content\/uploads\/2025\/05\/Aafrika-trummi-tootuba-scaled.jpg 2560w, https:\/\/kallastetalu.ee\/wp-content\/uploads\/2025\/05\/Aafrika-trummi-tootuba-250x167.jpg 250w, https:\/\/kallastetalu.ee\/wp-content\/uploads\/2025\/05\/Aafrika-trummi-tootuba-700x467.jpg 700w, https:\/\/kallastetalu.ee\/wp-content\/uploads\/2025\/05\/Aafrika-trummi-tootuba-768x512.jpg 768w, https:\/\/kallastetalu.ee\/wp-content\/uploads\/2025\/05\/Aafrika-trummi-tootuba-1536x1024.jpg 1536w, https:\/\/kallastetalu.ee\/wp-content\/uploads\/2025\/05\/Aafrika-trummi-tootuba-2048x1365.jpg 2048w, https:\/\/kallastetalu.ee\/wp-content\/uploads\/2025\/05\/Aafrika-trummi-tootuba-120x80.jpg 120w, https:\/\/kallastetalu.ee\/wp-content\/uploads\/2025\/05\/Aafrika-trummi-tootuba-600x400.jpg 600w\" sizes=\"(max-width: 2560px) 100vw, 2560px\" \/>                        <\/div>\n                                        <div class=\"gallery-block__list-item swiper-slide\">\n                            <img decoding=\"async\" width=\"600\" height=\"800\" src=\"https:\/\/kallastetalu.ee\/wp-content\/uploads\/2025\/05\/20180805_151735-1-e1552427211798-600x800-1.jpg\" class=\"attachment-full size-full\" alt=\"\" srcset=\"https:\/\/kallastetalu.ee\/wp-content\/uploads\/2025\/05\/20180805_151735-1-e1552427211798-600x800-1.jpg 600w, https:\/\/kallastetalu.ee\/wp-content\/uploads\/2025\/05\/20180805_151735-1-e1552427211798-600x800-1-250x333.jpg 250w, https:\/\/kallastetalu.ee\/wp-content\/uploads\/2025\/05\/20180805_151735-1-e1552427211798-600x800-1-120x160.jpg 120w\" sizes=\"(max-width: 600px) 100vw, 600px\" \/>                        <\/div>\n                            <\/div>\n        <\/div>\n        <div class=\"swiper-button-prev\"><\/div>\n        <div class=\"swiper-button-next\"><\/div>\n    <\/section>\n","protected":false},"excerpt":{"rendered":"Magical \u2013 unique \u2013 therapeutic: drumming guided by Siim Koppel These are drums from Africa called \u201cDjembe.\u201d This drum is known as&#8230;","protected":false},"author":1,"featured_media":2957,"parent":4094,"menu_order":0,"comment_status":"closed","ping_status":"closed","template":"page-templates\/template-accommodation-item.php","meta":{"_acf_changed":false,"inline_featured_image":false,"footnotes":""},"class_list":["post-4228","page","type-page","status-publish","has-post-thumbnail","hentry"],"acf":[],"yoast_head":"<!-- This site is optimized with the Yoast SEO Premium plugin v25.2 (Yoast SEO v26.7) - https:\/\/yoast.com\/wordpress\/plugins\/seo\/ -->\n<title>Teraapilised troopilised trummid ehk Djembe t\u00f6\u00f6tuba<\/title>\n<meta name=\"description\" content=\"Teraapilised troopilised trummid Kallaste Turismitalus Pakuvat m\u00f5nusat musikaalset r\u00e4nnakut Siim Koppeliga Djembe t\u00f6\u00f6toas.\" \/>\n<meta name=\"robots\" content=\"index, follow, max-snippet:-1, max-image-preview:large, max-video-preview:-1\" \/>\n<link rel=\"canonical\" href=\"https:\/\/kallastetalu.ee\/en\/holiday-resort\/active-holiday\/troopilised-trummid\/\" \/>\n<meta property=\"og:locale\" content=\"en_US\" \/>\n<meta property=\"og:type\" content=\"article\" \/>\n<meta property=\"og:title\" content=\"Tropical drums\" \/>\n<meta property=\"og:description\" content=\"Teraapilised troopilised trummid Kallaste Turismitalus Pakuvat m\u00f5nusat musikaalset r\u00e4nnakut Siim Koppeliga Djembe t\u00f6\u00f6toas.\" \/>\n<meta property=\"og:url\" content=\"https:\/\/kallastetalu.ee\/en\/holiday-resort\/active-holiday\/troopilised-trummid\/\" \/>\n<meta property=\"og:site_name\" content=\"Kallaste Turismitalu - \u00c4rksa hingega Talu Harjumaal\" \/>\n<meta property=\"article:publisher\" content=\"https:\/\/www.facebook.com\/kallastetalu\" \/>\n<meta property=\"article:modified_time\" content=\"2025-06-04T14:51:14+00:00\" \/>\n<meta property=\"og:image\" content=\"https:\/\/kallastetalu.ee\/wp-content\/uploads\/2025\/05\/djembe-2413970_1920.jpg\" \/>\n\t<meta property=\"og:image:width\" content=\"1920\" \/>\n\t<meta property=\"og:image:height\" content=\"1280\" \/>\n\t<meta property=\"og:image:type\" content=\"image\/jpeg\" \/>\n<meta name=\"twitter:card\" content=\"summary_large_image\" \/>\n<meta name=\"twitter:label1\" content=\"Est. reading time\" \/>\n\t<meta name=\"twitter:data1\" content=\"1 minute\" \/>\n<script type=\"application\/ld+json\" class=\"yoast-schema-graph\">{\"@context\":\"https:\/\/schema.org\",\"@graph\":[{\"@type\":\"WebPage\",\"@id\":\"https:\/\/kallastetalu.ee\/en\/holiday-resort\/active-holiday\/troopilised-trummid\/\",\"url\":\"https:\/\/kallastetalu.ee\/en\/holiday-resort\/active-holiday\/troopilised-trummid\/\",\"name\":\"Teraapilised troopilised trummid ehk Djembe t\u00f6\u00f6tuba\",\"isPartOf\":{\"@id\":\"https:\/\/kallastetalu.ee\/en\/#website\"},\"primaryImageOfPage\":{\"@id\":\"https:\/\/kallastetalu.ee\/en\/holiday-resort\/active-holiday\/troopilised-trummid\/#primaryimage\"},\"image\":{\"@id\":\"https:\/\/kallastetalu.ee\/en\/holiday-resort\/active-holiday\/troopilised-trummid\/#primaryimage\"},\"thumbnailUrl\":\"https:\/\/kallastetalu.ee\/wp-content\/uploads\/2025\/05\/djembe-2413970_1920.jpg\",\"datePublished\":\"2025-05-27T10:55:40+00:00\",\"dateModified\":\"2025-06-04T14:51:14+00:00\",\"description\":\"Teraapilised troopilised trummid Kallaste Turismitalus Pakuvat m\u00f5nusat musikaalset r\u00e4nnakut Siim Koppeliga Djembe t\u00f6\u00f6toas.\",\"breadcrumb\":{\"@id\":\"https:\/\/kallastetalu.ee\/en\/holiday-resort\/active-holiday\/troopilised-trummid\/#breadcrumb\"},\"inLanguage\":\"en-US\",\"potentialAction\":[{\"@type\":\"ReadAction\",\"target\":[\"https:\/\/kallastetalu.ee\/en\/holiday-resort\/active-holiday\/troopilised-trummid\/\"]}]},{\"@type\":\"ImageObject\",\"inLanguage\":\"en-US\",\"@id\":\"https:\/\/kallastetalu.ee\/en\/holiday-resort\/active-holiday\/troopilised-trummid\/#primaryimage\",\"url\":\"https:\/\/kallastetalu.ee\/wp-content\/uploads\/2025\/05\/djembe-2413970_1920.jpg\",\"contentUrl\":\"https:\/\/kallastetalu.ee\/wp-content\/uploads\/2025\/05\/djembe-2413970_1920.jpg\",\"width\":1920,\"height\":1280,\"caption\":\"djembe-troopilised trummid teraapiline t\u00f6\u00f6tuba Kallaste Turismitalus \u00c4rksa hingega talu Harjumaal\"},{\"@type\":\"BreadcrumbList\",\"@id\":\"https:\/\/kallastetalu.ee\/en\/holiday-resort\/active-holiday\/troopilised-trummid\/#breadcrumb\",\"itemListElement\":[{\"@type\":\"ListItem\",\"position\":1,\"name\":\"Home\",\"item\":\"https:\/\/kallastetalu.ee\/en\/\"},{\"@type\":\"ListItem\",\"position\":2,\"name\":\"Holiday Resort\",\"item\":\"https:\/\/kallastetalu.ee\/en\/holiday-resort\/\"},{\"@type\":\"ListItem\",\"position\":3,\"name\":\"Active Holiday\",\"item\":\"https:\/\/kallastetalu.ee\/en\/holiday-resort\/active-holiday\/\"},{\"@type\":\"ListItem\",\"position\":4,\"name\":\"Tropical drums\"}]},{\"@type\":\"WebSite\",\"@id\":\"https:\/\/kallastetalu.ee\/en\/#website\",\"url\":\"https:\/\/kallastetalu.ee\/en\/\",\"name\":\"Kallaste Turismitalu - \u00c4rksa hingega talu Harjumaal\",\"description\":\"\",\"publisher\":{\"@id\":\"https:\/\/kallastetalu.ee\/en\/#organization\"},\"potentialAction\":[{\"@type\":\"SearchAction\",\"target\":{\"@type\":\"EntryPoint\",\"urlTemplate\":\"https:\/\/kallastetalu.ee\/en\/?s={search_term_string}\"},\"query-input\":{\"@type\":\"PropertyValueSpecification\",\"valueRequired\":true,\"valueName\":\"search_term_string\"}}],\"inLanguage\":\"en-US\"},{\"@type\":\"Organization\",\"@id\":\"https:\/\/kallastetalu.ee\/en\/#organization\",\"name\":\"Kallaste Turismitalu - \u00c4rksa hingega talu Harjumaal\",\"url\":\"https:\/\/kallastetalu.ee\/en\/\",\"logo\":{\"@type\":\"ImageObject\",\"inLanguage\":\"en-US\",\"@id\":\"https:\/\/kallastetalu.ee\/en\/#\/schema\/logo\/image\/\",\"url\":\"https:\/\/kallastetalu.ee\/wp-content\/uploads\/2025\/04\/kallastetalu.svg\",\"contentUrl\":\"https:\/\/kallastetalu.ee\/wp-content\/uploads\/2025\/04\/kallastetalu.svg\",\"width\":158,\"height\":127,\"caption\":\"Kallaste Turismitalu - \u00c4rksa hingega talu Harjumaal\"},\"image\":{\"@id\":\"https:\/\/kallastetalu.ee\/en\/#\/schema\/logo\/image\/\"},\"sameAs\":[\"https:\/\/www.facebook.com\/kallastetalu\",\"https:\/\/www.instagram.com\/turismitalu\",\"https:\/\/www.youtube.com\/@turismitalu\",\"https:\/\/www.tripadvisor.com\/Hotel_Review-g19122067-d2677575-Reviews-Kallaste_Talu_Turismitalu_Holiday_Resort-Kasepere_Harju_County.html?m=19905\"]}]}<\/script>\n<!-- \/ Yoast SEO Premium plugin. -->","yoast_head_json":{"title":"Teraapilised troopilised trummid ehk Djembe t\u00f6\u00f6tuba","description":"Teraapilised troopilised trummid Kallaste Turismitalus Pakuvat m\u00f5nusat musikaalset r\u00e4nnakut Siim Koppeliga Djembe t\u00f6\u00f6toas.","robots":{"index":"index","follow":"follow","max-snippet":"max-snippet:-1","max-image-preview":"max-image-preview:large","max-video-preview":"max-video-preview:-1"},"canonical":"https:\/\/kallastetalu.ee\/en\/holiday-resort\/active-holiday\/troopilised-trummid\/","og_locale":"en_US","og_type":"article","og_title":"Tropical drums","og_description":"Teraapilised troopilised trummid Kallaste Turismitalus Pakuvat m\u00f5nusat musikaalset r\u00e4nnakut Siim Koppeliga Djembe t\u00f6\u00f6toas.","og_url":"https:\/\/kallastetalu.ee\/en\/holiday-resort\/active-holiday\/troopilised-trummid\/","og_site_name":"Kallaste Turismitalu - \u00c4rksa hingega Talu Harjumaal","article_publisher":"https:\/\/www.facebook.com\/kallastetalu","article_modified_time":"2025-06-04T14:51:14+00:00","og_image":[{"width":1920,"height":1280,"url":"https:\/\/kallastetalu.ee\/wp-content\/uploads\/2025\/05\/djembe-2413970_1920.jpg","type":"image\/jpeg"}],"twitter_card":"summary_large_image","twitter_misc":{"Est. reading time":"1 minute"},"schema":{"@context":"https:\/\/schema.org","@graph":[{"@type":"WebPage","@id":"https:\/\/kallastetalu.ee\/en\/holiday-resort\/active-holiday\/troopilised-trummid\/","url":"https:\/\/kallastetalu.ee\/en\/holiday-resort\/active-holiday\/troopilised-trummid\/","name":"Teraapilised troopilised trummid ehk Djembe t\u00f6\u00f6tuba","isPartOf":{"@id":"https:\/\/kallastetalu.ee\/en\/#website"},"primaryImageOfPage":{"@id":"https:\/\/kallastetalu.ee\/en\/holiday-resort\/active-holiday\/troopilised-trummid\/#primaryimage"},"image":{"@id":"https:\/\/kallastetalu.ee\/en\/holiday-resort\/active-holiday\/troopilised-trummid\/#primaryimage"},"thumbnailUrl":"https:\/\/kallastetalu.ee\/wp-content\/uploads\/2025\/05\/djembe-2413970_1920.jpg","datePublished":"2025-05-27T10:55:40+00:00","dateModified":"2025-06-04T14:51:14+00:00","description":"Teraapilised troopilised trummid Kallaste Turismitalus Pakuvat m\u00f5nusat musikaalset r\u00e4nnakut Siim Koppeliga Djembe t\u00f6\u00f6toas.","breadcrumb":{"@id":"https:\/\/kallastetalu.ee\/en\/holiday-resort\/active-holiday\/troopilised-trummid\/#breadcrumb"},"inLanguage":"en-US","potentialAction":[{"@type":"ReadAction","target":["https:\/\/kallastetalu.ee\/en\/holiday-resort\/active-holiday\/troopilised-trummid\/"]}]},{"@type":"ImageObject","inLanguage":"en-US","@id":"https:\/\/kallastetalu.ee\/en\/holiday-resort\/active-holiday\/troopilised-trummid\/#primaryimage","url":"https:\/\/kallastetalu.ee\/wp-content\/uploads\/2025\/05\/djembe-2413970_1920.jpg","contentUrl":"https:\/\/kallastetalu.ee\/wp-content\/uploads\/2025\/05\/djembe-2413970_1920.jpg","width":1920,"height":1280,"caption":"djembe-troopilised trummid teraapiline t\u00f6\u00f6tuba Kallaste Turismitalus \u00c4rksa hingega talu Harjumaal"},{"@type":"BreadcrumbList","@id":"https:\/\/kallastetalu.ee\/en\/holiday-resort\/active-holiday\/troopilised-trummid\/#breadcrumb","itemListElement":[{"@type":"ListItem","position":1,"name":"Home","item":"https:\/\/kallastetalu.ee\/en\/"},{"@type":"ListItem","position":2,"name":"Holiday Resort","item":"https:\/\/kallastetalu.ee\/en\/holiday-resort\/"},{"@type":"ListItem","position":3,"name":"Active Holiday","item":"https:\/\/kallastetalu.ee\/en\/holiday-resort\/active-holiday\/"},{"@type":"ListItem","position":4,"name":"Tropical drums"}]},{"@type":"WebSite","@id":"https:\/\/kallastetalu.ee\/en\/#website","url":"https:\/\/kallastetalu.ee\/en\/","name":"Kallaste Turismitalu - \u00c4rksa hingega talu Harjumaal","description":"","publisher":{"@id":"https:\/\/kallastetalu.ee\/en\/#organization"},"potentialAction":[{"@type":"SearchAction","target":{"@type":"EntryPoint","urlTemplate":"https:\/\/kallastetalu.ee\/en\/?s={search_term_string}"},"query-input":{"@type":"PropertyValueSpecification","valueRequired":true,"valueName":"search_term_string"}}],"inLanguage":"en-US"},{"@type":"Organization","@id":"https:\/\/kallastetalu.ee\/en\/#organization","name":"Kallaste Turismitalu - \u00c4rksa hingega talu Harjumaal","url":"https:\/\/kallastetalu.ee\/en\/","logo":{"@type":"ImageObject","inLanguage":"en-US","@id":"https:\/\/kallastetalu.ee\/en\/#\/schema\/logo\/image\/","url":"https:\/\/kallastetalu.ee\/wp-content\/uploads\/2025\/04\/kallastetalu.svg","contentUrl":"https:\/\/kallastetalu.ee\/wp-content\/uploads\/2025\/04\/kallastetalu.svg","width":158,"height":127,"caption":"Kallaste Turismitalu - \u00c4rksa hingega talu Harjumaal"},"image":{"@id":"https:\/\/kallastetalu.ee\/en\/#\/schema\/logo\/image\/"},"sameAs":["https:\/\/www.facebook.com\/kallastetalu","https:\/\/www.instagram.com\/turismitalu","https:\/\/www.youtube.com\/@turismitalu","https:\/\/www.tripadvisor.com\/Hotel_Review-g19122067-d2677575-Reviews-Kallaste_Talu_Turismitalu_Holiday_Resort-Kasepere_Harju_County.html?m=19905"]}]}},"_links":{"self":[{"href":"https:\/\/kallastetalu.ee\/en\/wp-json\/wp\/v2\/pages\/4228","targetHints":{"allow":["GET"]}}],"collection":[{"href":"https:\/\/kallastetalu.ee\/en\/wp-json\/wp\/v2\/pages"}],"about":[{"href":"https:\/\/kallastetalu.ee\/en\/wp-json\/wp\/v2\/types\/page"}],"author":[{"embeddable":true,"href":"https:\/\/kallastetalu.ee\/en\/wp-json\/wp\/v2\/users\/1"}],"replies":[{"embeddable":true,"href":"https:\/\/kallastetalu.ee\/en\/wp-json\/wp\/v2\/comments?post=4228"}],"version-history":[{"count":1,"href":"https:\/\/kallastetalu.ee\/en\/wp-json\/wp\/v2\/pages\/4228\/revisions"}],"predecessor-version":[{"id":4233,"href":"https:\/\/kallastetalu.ee\/en\/wp-json\/wp\/v2\/pages\/4228\/revisions\/4233"}],"up":[{"embeddable":true,"href":"https:\/\/kallastetalu.ee\/en\/wp-json\/wp\/v2\/pages\/4094"}],"wp:featuredmedia":[{"embeddable":true,"href":"https:\/\/kallastetalu.ee\/en\/wp-json\/wp\/v2\/media\/2957"}],"wp:attachment":[{"href":"https:\/\/kallastetalu.ee\/en\/wp-json\/wp\/v2\/media?parent=4228"}],"curies":[{"name":"wp","href":"https:\/\/api.w.org\/{rel}","templated":true}]}}