{"id":4234,"date":"2025-05-27T10:54:16","date_gmt":"2025-05-27T10:54:16","guid":{"rendered":"https:\/\/kallastetalu.ee\/turismitalu\/aktiivne-puhkus\/fotojaht\/"},"modified":"2025-06-04T14:57:05","modified_gmt":"2025-06-04T14:57:05","slug":"fotojaht","status":"publish","type":"page","link":"https:\/\/kallastetalu.ee\/en\/holiday-resort\/active-holiday\/fotojaht\/","title":{"rendered":"Photo Hunt!"},"content":{"rendered":"\n<h2 class=\"wp-block-heading\" id=\"h-hoto-hunt-creativity-laughter-and-adventure-all-in-one-frame\"><strong>hoto Hunt \u2013 creativity, laughter, and adventure all in one frame!<\/strong><\/h2>\n\n\n\n<p>Looking for something playful, exciting, and accessible for your group? Photo Hunt is the perfect choice! It\u2019s a fun and creative team game where you can move around, laugh, and let your imagination run wild. A perfect break activity for summer days, seminars, birthdays, camps\u2014or simply a great reason to do something fun together again!<\/p>\n\n\n\n<h3 class=\"wp-block-heading\" id=\"h-what-is-it\"><strong>What is it?<\/strong><\/h3>\n\n\n\n<p>Photo Hunt is a team adventure where teams must find specific objects using a map and given photos. But it\u2019s not just about finding them \u2014 at each spot, you also have to take a themed and staged group photo. The theme can be funny, unexpected, or completely wild \u2014 creativity counts and courage wins!<\/p>\n\n\n\n<p>The game ends with a joint viewing and judging of the photos \u2014 laughter guaranteed! Finally, the most creative, witty, and resourceful team is crowned.<\/p>\n\n\n    <section class=\"gallery-block\">\n        <div class=\"gallery-block__wrapper swiper\">\n            <div class=\"gallery-block__list swiper-wrapper\">\n                                        <div class=\"gallery-block__list-item swiper-slide\">\n                            <img decoding=\"async\" width=\"975\" height=\"650\" src=\"https:\/\/kallastetalu.ee\/wp-content\/uploads\/2025\/05\/Kallaste-Turismitalu-www.kallastetalu.ee-kivid-tee-loodus-puhkus-illustratiivne.jpg\" class=\"attachment-full size-full\" alt=\"\" srcset=\"https:\/\/kallastetalu.ee\/wp-content\/uploads\/2025\/05\/Kallaste-Turismitalu-www.kallastetalu.ee-kivid-tee-loodus-puhkus-illustratiivne.jpg 975w, https:\/\/kallastetalu.ee\/wp-content\/uploads\/2025\/05\/Kallaste-Turismitalu-www.kallastetalu.ee-kivid-tee-loodus-puhkus-illustratiivne-250x167.jpg 250w, https:\/\/kallastetalu.ee\/wp-content\/uploads\/2025\/05\/Kallaste-Turismitalu-www.kallastetalu.ee-kivid-tee-loodus-puhkus-illustratiivne-700x467.jpg 700w, https:\/\/kallastetalu.ee\/wp-content\/uploads\/2025\/05\/Kallaste-Turismitalu-www.kallastetalu.ee-kivid-tee-loodus-puhkus-illustratiivne-768x512.jpg 768w, https:\/\/kallastetalu.ee\/wp-content\/uploads\/2025\/05\/Kallaste-Turismitalu-www.kallastetalu.ee-kivid-tee-loodus-puhkus-illustratiivne-120x80.jpg 120w, https:\/\/kallastetalu.ee\/wp-content\/uploads\/2025\/05\/Kallaste-Turismitalu-www.kallastetalu.ee-kivid-tee-loodus-puhkus-illustratiivne-600x400.jpg 600w\" sizes=\"(max-width: 975px) 100vw, 975px\" \/>                        <\/div>\n                            <\/div>\n        <\/div>\n        <div class=\"swiper-button-prev\"><\/div>\n        <div class=\"swiper-button-next\"><\/div>\n    <\/section>\n\n\n\n<p>You will definitely collect many memorable photos, which will be fun to look back on together again and again. At the end of the competition, there is a joint viewing and judging of the photos, during which the group&#8217;s favorite team is revealed. This is a hunt for the most creative and witty team.<\/p>\n\n\n\n<h3 class=\"wp-block-heading\" id=\"h-why-choose-photo-hunt\"><strong>Why choose Photo Hunt?<\/strong><\/h3>\n\n\n\n<ul class=\"wp-block-list\">\n<li><span><span>Develops teamwork and creativity<\/span><\/span><\/li>\n\n\n\n<li><span><span>Provides lots of laughter and positive emotions<\/span><\/span><\/li>\n\n\n\n<li><span><span>You get memorable photos that are a joy to revisit later<\/span><\/span><\/li>\n\n\n\n<li><span><span>Does not require physical effort \u2013 suitable for everyone<\/span><\/span><\/li>\n\n\n\n<li><span><span>Acts as a small creative restart even in the middle of a more serious event<\/span><\/span><\/li>\n<\/ul>\n\n\n    <section class=\"price-list smooth-corners\">\n                    <div class=\"price-list__item\">\n                <div class=\"price-list__item-content\">\n                    <div class=\"price-list__item-content-name\">\n                        Photo Hunt!                    <\/div>\n                                        <div class=\"price-list__item-content-price smooth-corners\">\n                        260\u20ac                    <\/div>\n                                    <\/div>\n                                    <div class=\"price-list__item-notice\">\n                        Up to 50 participants                    <\/div>\n                            <\/div>\n            <\/section>\n\n\n\n<p>Photo Hunt is a great break activity for various events such as summer days, seminars, birthdays, or other parties and camps\u2014actually almost any event.<\/p>\n\n\n    <section class=\"gallery-block\">\n        <div class=\"gallery-block__wrapper swiper\">\n            <div class=\"gallery-block__list swiper-wrapper\">\n                                        <div class=\"gallery-block__list-item swiper-slide\">\n                            <img decoding=\"async\" width=\"1156\" height=\"650\" src=\"https:\/\/kallastetalu.ee\/wp-content\/uploads\/2025\/05\/Kallaste-Turismitalu-www.kallastetalu.ee-voilill-illustratiivne.jpg\" class=\"attachment-full size-full\" alt=\"\" srcset=\"https:\/\/kallastetalu.ee\/wp-content\/uploads\/2025\/05\/Kallaste-Turismitalu-www.kallastetalu.ee-voilill-illustratiivne.jpg 1156w, https:\/\/kallastetalu.ee\/wp-content\/uploads\/2025\/05\/Kallaste-Turismitalu-www.kallastetalu.ee-voilill-illustratiivne-250x141.jpg 250w, https:\/\/kallastetalu.ee\/wp-content\/uploads\/2025\/05\/Kallaste-Turismitalu-www.kallastetalu.ee-voilill-illustratiivne-700x394.jpg 700w, https:\/\/kallastetalu.ee\/wp-content\/uploads\/2025\/05\/Kallaste-Turismitalu-www.kallastetalu.ee-voilill-illustratiivne-768x432.jpg 768w, https:\/\/kallastetalu.ee\/wp-content\/uploads\/2025\/05\/Kallaste-Turismitalu-www.kallastetalu.ee-voilill-illustratiivne-120x67.jpg 120w, https:\/\/kallastetalu.ee\/wp-content\/uploads\/2025\/05\/Kallaste-Turismitalu-www.kallastetalu.ee-voilill-illustratiivne-600x337.jpg 600w\" sizes=\"(max-width: 1156px) 100vw, 1156px\" \/>                        <\/div>\n                            <\/div>\n        <\/div>\n        <div class=\"swiper-button-prev\"><\/div>\n        <div class=\"swiper-button-next\"><\/div>\n    <\/section>\n\n\n\n<h3 class=\"wp-block-heading\" id=\"h-photo-hunt-come-and-discover-you-will-definitely-get-plenty-of-great-pictures\">Photo Hunt \u2013 Come and discover! You will definitely get plenty of great pictures.<\/h3>\n","protected":false},"excerpt":{"rendered":"hoto Hunt \u2013 creativity, laughter, and adventure all in one frame! Looking for something playful, exciting, and accessible for your group?&#8230;","protected":false},"author":1,"featured_media":2696,"parent":4094,"menu_order":0,"comment_status":"closed","ping_status":"closed","template":"page-templates\/template-accommodation-item.php","meta":{"_acf_changed":false,"inline_featured_image":false,"footnotes":""},"class_list":["post-4234","page","type-page","status-publish","has-post-thumbnail","hentry"],"acf":[],"yoast_head":"<!-- This site is optimized with the Yoast SEO Premium plugin v25.2 (Yoast SEO v26.7) - https:\/\/yoast.com\/wordpress\/plugins\/seo\/ -->\n<title>Fotojah - jahi parim pilt meeskonnast ja kogu l\u00f5busaid m\u00e4lestusi!<\/title>\n<meta name=\"description\" content=\"Fotojaht on lihtne ja l\u00f5bus tegevus, kus iga\u00fcks saab hakkama. L\u00f5busad m\u00e4lestused saavad j\u00e4\u00e4dvustatud ka piltidele.\" \/>\n<meta name=\"robots\" content=\"index, follow, max-snippet:-1, max-image-preview:large, max-video-preview:-1\" \/>\n<link rel=\"canonical\" href=\"https:\/\/kallastetalu.ee\/en\/holiday-resort\/active-holiday\/fotojaht\/\" \/>\n<meta property=\"og:locale\" content=\"en_US\" \/>\n<meta property=\"og:type\" content=\"article\" \/>\n<meta property=\"og:title\" content=\"Photo Hunt!\" \/>\n<meta property=\"og:description\" content=\"Fotojaht on lihtne ja l\u00f5bus tegevus, kus iga\u00fcks saab hakkama. L\u00f5busad m\u00e4lestused saavad j\u00e4\u00e4dvustatud ka piltidele.\" \/>\n<meta property=\"og:url\" content=\"https:\/\/kallastetalu.ee\/en\/holiday-resort\/active-holiday\/fotojaht\/\" \/>\n<meta property=\"og:site_name\" content=\"Kallaste Turismitalu - \u00c4rksa hingega Talu Harjumaal\" \/>\n<meta property=\"article:publisher\" content=\"https:\/\/www.facebook.com\/kallastetalu\" \/>\n<meta property=\"article:modified_time\" content=\"2025-06-04T14:57:05+00:00\" \/>\n<meta property=\"og:image\" content=\"https:\/\/kallastetalu.ee\/wp-content\/uploads\/2025\/05\/Kallaste-Turismitalu-www.kallastetalu.ee-kivid-tee-loodus-puhkus-illustratiivne-1.jpg\" \/>\n\t<meta property=\"og:image:width\" content=\"975\" \/>\n\t<meta property=\"og:image:height\" content=\"650\" \/>\n\t<meta property=\"og:image:type\" content=\"image\/jpeg\" \/>\n<meta name=\"twitter:card\" content=\"summary_large_image\" \/>\n<meta name=\"twitter:label1\" content=\"Est. reading time\" \/>\n\t<meta name=\"twitter:data1\" content=\"2 minutes\" \/>\n<script type=\"application\/ld+json\" class=\"yoast-schema-graph\">{\"@context\":\"https:\/\/schema.org\",\"@graph\":[{\"@type\":\"WebPage\",\"@id\":\"https:\/\/kallastetalu.ee\/en\/holiday-resort\/active-holiday\/fotojaht\/\",\"url\":\"https:\/\/kallastetalu.ee\/en\/holiday-resort\/active-holiday\/fotojaht\/\",\"name\":\"Fotojah - jahi parim pilt meeskonnast ja kogu l\u00f5busaid m\u00e4lestusi!\",\"isPartOf\":{\"@id\":\"https:\/\/kallastetalu.ee\/en\/#website\"},\"primaryImageOfPage\":{\"@id\":\"https:\/\/kallastetalu.ee\/en\/holiday-resort\/active-holiday\/fotojaht\/#primaryimage\"},\"image\":{\"@id\":\"https:\/\/kallastetalu.ee\/en\/holiday-resort\/active-holiday\/fotojaht\/#primaryimage\"},\"thumbnailUrl\":\"https:\/\/kallastetalu.ee\/wp-content\/uploads\/2025\/05\/Kallaste-Turismitalu-www.kallastetalu.ee-kivid-tee-loodus-puhkus-illustratiivne-1.jpg\",\"datePublished\":\"2025-05-27T10:54:16+00:00\",\"dateModified\":\"2025-06-04T14:57:05+00:00\",\"description\":\"Fotojaht on lihtne ja l\u00f5bus tegevus, kus iga\u00fcks saab hakkama. L\u00f5busad m\u00e4lestused saavad j\u00e4\u00e4dvustatud ka piltidele.\",\"breadcrumb\":{\"@id\":\"https:\/\/kallastetalu.ee\/en\/holiday-resort\/active-holiday\/fotojaht\/#breadcrumb\"},\"inLanguage\":\"en-US\",\"potentialAction\":[{\"@type\":\"ReadAction\",\"target\":[\"https:\/\/kallastetalu.ee\/en\/holiday-resort\/active-holiday\/fotojaht\/\"]}]},{\"@type\":\"ImageObject\",\"inLanguage\":\"en-US\",\"@id\":\"https:\/\/kallastetalu.ee\/en\/holiday-resort\/active-holiday\/fotojaht\/#primaryimage\",\"url\":\"https:\/\/kallastetalu.ee\/wp-content\/uploads\/2025\/05\/Kallaste-Turismitalu-www.kallastetalu.ee-kivid-tee-loodus-puhkus-illustratiivne-1.jpg\",\"contentUrl\":\"https:\/\/kallastetalu.ee\/wp-content\/uploads\/2025\/05\/Kallaste-Turismitalu-www.kallastetalu.ee-kivid-tee-loodus-puhkus-illustratiivne-1.jpg\",\"width\":975,\"height\":650},{\"@type\":\"BreadcrumbList\",\"@id\":\"https:\/\/kallastetalu.ee\/en\/holiday-resort\/active-holiday\/fotojaht\/#breadcrumb\",\"itemListElement\":[{\"@type\":\"ListItem\",\"position\":1,\"name\":\"Home\",\"item\":\"https:\/\/kallastetalu.ee\/en\/\"},{\"@type\":\"ListItem\",\"position\":2,\"name\":\"Holiday Resort\",\"item\":\"https:\/\/kallastetalu.ee\/en\/holiday-resort\/\"},{\"@type\":\"ListItem\",\"position\":3,\"name\":\"Active Holiday\",\"item\":\"https:\/\/kallastetalu.ee\/en\/holiday-resort\/active-holiday\/\"},{\"@type\":\"ListItem\",\"position\":4,\"name\":\"Photo Hunt!\"}]},{\"@type\":\"WebSite\",\"@id\":\"https:\/\/kallastetalu.ee\/en\/#website\",\"url\":\"https:\/\/kallastetalu.ee\/en\/\",\"name\":\"Kallaste Turismitalu - \u00c4rksa hingega talu Harjumaal\",\"description\":\"\",\"publisher\":{\"@id\":\"https:\/\/kallastetalu.ee\/en\/#organization\"},\"potentialAction\":[{\"@type\":\"SearchAction\",\"target\":{\"@type\":\"EntryPoint\",\"urlTemplate\":\"https:\/\/kallastetalu.ee\/en\/?s={search_term_string}\"},\"query-input\":{\"@type\":\"PropertyValueSpecification\",\"valueRequired\":true,\"valueName\":\"search_term_string\"}}],\"inLanguage\":\"en-US\"},{\"@type\":\"Organization\",\"@id\":\"https:\/\/kallastetalu.ee\/en\/#organization\",\"name\":\"Kallaste Turismitalu - \u00c4rksa hingega talu Harjumaal\",\"url\":\"https:\/\/kallastetalu.ee\/en\/\",\"logo\":{\"@type\":\"ImageObject\",\"inLanguage\":\"en-US\",\"@id\":\"https:\/\/kallastetalu.ee\/en\/#\/schema\/logo\/image\/\",\"url\":\"https:\/\/kallastetalu.ee\/wp-content\/uploads\/2025\/04\/kallastetalu.svg\",\"contentUrl\":\"https:\/\/kallastetalu.ee\/wp-content\/uploads\/2025\/04\/kallastetalu.svg\",\"width\":158,\"height\":127,\"caption\":\"Kallaste Turismitalu - \u00c4rksa hingega talu Harjumaal\"},\"image\":{\"@id\":\"https:\/\/kallastetalu.ee\/en\/#\/schema\/logo\/image\/\"},\"sameAs\":[\"https:\/\/www.facebook.com\/kallastetalu\",\"https:\/\/www.instagram.com\/turismitalu\",\"https:\/\/www.youtube.com\/@turismitalu\",\"https:\/\/www.tripadvisor.com\/Hotel_Review-g19122067-d2677575-Reviews-Kallaste_Talu_Turismitalu_Holiday_Resort-Kasepere_Harju_County.html?m=19905\"]}]}<\/script>\n<!-- \/ Yoast SEO Premium plugin. -->","yoast_head_json":{"title":"Fotojah - jahi parim pilt meeskonnast ja kogu l\u00f5busaid m\u00e4lestusi!","description":"Fotojaht on lihtne ja l\u00f5bus tegevus, kus iga\u00fcks saab hakkama. L\u00f5busad m\u00e4lestused saavad j\u00e4\u00e4dvustatud ka piltidele.","robots":{"index":"index","follow":"follow","max-snippet":"max-snippet:-1","max-image-preview":"max-image-preview:large","max-video-preview":"max-video-preview:-1"},"canonical":"https:\/\/kallastetalu.ee\/en\/holiday-resort\/active-holiday\/fotojaht\/","og_locale":"en_US","og_type":"article","og_title":"Photo Hunt!","og_description":"Fotojaht on lihtne ja l\u00f5bus tegevus, kus iga\u00fcks saab hakkama. L\u00f5busad m\u00e4lestused saavad j\u00e4\u00e4dvustatud ka piltidele.","og_url":"https:\/\/kallastetalu.ee\/en\/holiday-resort\/active-holiday\/fotojaht\/","og_site_name":"Kallaste Turismitalu - \u00c4rksa hingega Talu Harjumaal","article_publisher":"https:\/\/www.facebook.com\/kallastetalu","article_modified_time":"2025-06-04T14:57:05+00:00","og_image":[{"width":975,"height":650,"url":"https:\/\/kallastetalu.ee\/wp-content\/uploads\/2025\/05\/Kallaste-Turismitalu-www.kallastetalu.ee-kivid-tee-loodus-puhkus-illustratiivne-1.jpg","type":"image\/jpeg"}],"twitter_card":"summary_large_image","twitter_misc":{"Est. reading time":"2 minutes"},"schema":{"@context":"https:\/\/schema.org","@graph":[{"@type":"WebPage","@id":"https:\/\/kallastetalu.ee\/en\/holiday-resort\/active-holiday\/fotojaht\/","url":"https:\/\/kallastetalu.ee\/en\/holiday-resort\/active-holiday\/fotojaht\/","name":"Fotojah - jahi parim pilt meeskonnast ja kogu l\u00f5busaid m\u00e4lestusi!","isPartOf":{"@id":"https:\/\/kallastetalu.ee\/en\/#website"},"primaryImageOfPage":{"@id":"https:\/\/kallastetalu.ee\/en\/holiday-resort\/active-holiday\/fotojaht\/#primaryimage"},"image":{"@id":"https:\/\/kallastetalu.ee\/en\/holiday-resort\/active-holiday\/fotojaht\/#primaryimage"},"thumbnailUrl":"https:\/\/kallastetalu.ee\/wp-content\/uploads\/2025\/05\/Kallaste-Turismitalu-www.kallastetalu.ee-kivid-tee-loodus-puhkus-illustratiivne-1.jpg","datePublished":"2025-05-27T10:54:16+00:00","dateModified":"2025-06-04T14:57:05+00:00","description":"Fotojaht on lihtne ja l\u00f5bus tegevus, kus iga\u00fcks saab hakkama. L\u00f5busad m\u00e4lestused saavad j\u00e4\u00e4dvustatud ka piltidele.","breadcrumb":{"@id":"https:\/\/kallastetalu.ee\/en\/holiday-resort\/active-holiday\/fotojaht\/#breadcrumb"},"inLanguage":"en-US","potentialAction":[{"@type":"ReadAction","target":["https:\/\/kallastetalu.ee\/en\/holiday-resort\/active-holiday\/fotojaht\/"]}]},{"@type":"ImageObject","inLanguage":"en-US","@id":"https:\/\/kallastetalu.ee\/en\/holiday-resort\/active-holiday\/fotojaht\/#primaryimage","url":"https:\/\/kallastetalu.ee\/wp-content\/uploads\/2025\/05\/Kallaste-Turismitalu-www.kallastetalu.ee-kivid-tee-loodus-puhkus-illustratiivne-1.jpg","contentUrl":"https:\/\/kallastetalu.ee\/wp-content\/uploads\/2025\/05\/Kallaste-Turismitalu-www.kallastetalu.ee-kivid-tee-loodus-puhkus-illustratiivne-1.jpg","width":975,"height":650},{"@type":"BreadcrumbList","@id":"https:\/\/kallastetalu.ee\/en\/holiday-resort\/active-holiday\/fotojaht\/#breadcrumb","itemListElement":[{"@type":"ListItem","position":1,"name":"Home","item":"https:\/\/kallastetalu.ee\/en\/"},{"@type":"ListItem","position":2,"name":"Holiday Resort","item":"https:\/\/kallastetalu.ee\/en\/holiday-resort\/"},{"@type":"ListItem","position":3,"name":"Active Holiday","item":"https:\/\/kallastetalu.ee\/en\/holiday-resort\/active-holiday\/"},{"@type":"ListItem","position":4,"name":"Photo Hunt!"}]},{"@type":"WebSite","@id":"https:\/\/kallastetalu.ee\/en\/#website","url":"https:\/\/kallastetalu.ee\/en\/","name":"Kallaste Turismitalu - \u00c4rksa hingega talu Harjumaal","description":"","publisher":{"@id":"https:\/\/kallastetalu.ee\/en\/#organization"},"potentialAction":[{"@type":"SearchAction","target":{"@type":"EntryPoint","urlTemplate":"https:\/\/kallastetalu.ee\/en\/?s={search_term_string}"},"query-input":{"@type":"PropertyValueSpecification","valueRequired":true,"valueName":"search_term_string"}}],"inLanguage":"en-US"},{"@type":"Organization","@id":"https:\/\/kallastetalu.ee\/en\/#organization","name":"Kallaste Turismitalu - \u00c4rksa hingega talu Harjumaal","url":"https:\/\/kallastetalu.ee\/en\/","logo":{"@type":"ImageObject","inLanguage":"en-US","@id":"https:\/\/kallastetalu.ee\/en\/#\/schema\/logo\/image\/","url":"https:\/\/kallastetalu.ee\/wp-content\/uploads\/2025\/04\/kallastetalu.svg","contentUrl":"https:\/\/kallastetalu.ee\/wp-content\/uploads\/2025\/04\/kallastetalu.svg","width":158,"height":127,"caption":"Kallaste Turismitalu - \u00c4rksa hingega talu Harjumaal"},"image":{"@id":"https:\/\/kallastetalu.ee\/en\/#\/schema\/logo\/image\/"},"sameAs":["https:\/\/www.facebook.com\/kallastetalu","https:\/\/www.instagram.com\/turismitalu","https:\/\/www.youtube.com\/@turismitalu","https:\/\/www.tripadvisor.com\/Hotel_Review-g19122067-d2677575-Reviews-Kallaste_Talu_Turismitalu_Holiday_Resort-Kasepere_Harju_County.html?m=19905"]}]}},"_links":{"self":[{"href":"https:\/\/kallastetalu.ee\/en\/wp-json\/wp\/v2\/pages\/4234","targetHints":{"allow":["GET"]}}],"collection":[{"href":"https:\/\/kallastetalu.ee\/en\/wp-json\/wp\/v2\/pages"}],"about":[{"href":"https:\/\/kallastetalu.ee\/en\/wp-json\/wp\/v2\/types\/page"}],"author":[{"embeddable":true,"href":"https:\/\/kallastetalu.ee\/en\/wp-json\/wp\/v2\/users\/1"}],"replies":[{"embeddable":true,"href":"https:\/\/kallastetalu.ee\/en\/wp-json\/wp\/v2\/comments?post=4234"}],"version-history":[{"count":1,"href":"https:\/\/kallastetalu.ee\/en\/wp-json\/wp\/v2\/pages\/4234\/revisions"}],"predecessor-version":[{"id":4239,"href":"https:\/\/kallastetalu.ee\/en\/wp-json\/wp\/v2\/pages\/4234\/revisions\/4239"}],"up":[{"embeddable":true,"href":"https:\/\/kallastetalu.ee\/en\/wp-json\/wp\/v2\/pages\/4094"}],"wp:featuredmedia":[{"embeddable":true,"href":"https:\/\/kallastetalu.ee\/en\/wp-json\/wp\/v2\/media\/2696"}],"wp:attachment":[{"href":"https:\/\/kallastetalu.ee\/en\/wp-json\/wp\/v2\/media?parent=4234"}],"curies":[{"name":"wp","href":"https:\/\/api.w.org\/{rel}","templated":true}]}}