{"id":4246,"date":"2025-05-27T10:45:09","date_gmt":"2025-05-27T10:45:09","guid":{"rendered":"https:\/\/kallastetalu.ee\/turismitalu\/aktiivne-puhkus\/suhkruvatimasina-rent\/"},"modified":"2025-06-04T15:12:15","modified_gmt":"2025-06-04T15:12:15","slug":"suhkruvatimasina-rent","status":"publish","type":"page","link":"https:\/\/kallastetalu.ee\/en\/holiday-resort\/active-holiday\/suhkruvatimasina-rent\/","title":{"rendered":"Cotton candy machine rental"},"content":{"rendered":"\n<p>Nothing brings such sparkle to the eyes like cotton candy \u2014 that soft, airy, and slightly nostalgic treat loved by both young and old. At Kallaste Turismitalu, you can now spin yourself as big a cotton candy as your heart desires!<\/p>\n\n\n\n<p>We have everything you need to make birthdays, family days, or summer parties even sweeter:<\/p>\n\n\n\n<ul class=\"wp-block-list\">\n<li><span><span>Cotton candy machine<\/span><\/span><\/li>\n\n\n\n<li><span><span>Wooden sticks and special sugars (you can use all 6 of our flavors)<\/span><\/span><\/li>\n\n\n\n<li><span><span>The joy of making it yourself and plenty of excitement<\/span><\/span><\/li>\n<\/ul>\n\n\n\n<p>Cotton candy is perfect for children\u2019s events, but let\u2019s be honest \u2014 adults can\u2019t resist this treat either.<br>Order the cotton candy machine for your party and let this sweet delight become the center of attention!<\/p>\n\n\n    <section class=\"price-list smooth-corners\">\n                    <div class=\"price-list__item\">\n                <div class=\"price-list__item-content\">\n                    <div class=\"price-list__item-content-name\">\n                        Cotton candy machine rental                    <\/div>\n                                        <div class=\"price-list__item-content-price smooth-corners\">\n                        60\u20ac                    <\/div>\n                                    <\/div>\n                                    <div class=\"price-list__item-notice\">\n                        The price includes: sugars (about 1 kg total with various flavors), 30 wooden sticks for cotton candy (sticks can be reused multiple times!)                    <\/div>\n                            <\/div>\n                    <div class=\"price-list__item\">\n                <div class=\"price-list__item-content\">\n                    <div class=\"price-list__item-content-name\">\n                        1 kg of flavored sugar extra                    <\/div>\n                                        <div class=\"price-list__item-content-price smooth-corners\">\n                        10\u20ac                    <\/div>\n                                    <\/div>\n                                    <div class=\"price-list__item-notice\">\n                        At least 6 different flavors available                    <\/div>\n                            <\/div>\n                    <div class=\"price-list__item\">\n                <div class=\"price-list__item-content\">\n                    <div class=\"price-list__item-content-name\">\n                        25 extra sticks                    <\/div>\n                                        <div class=\"price-list__item-content-price smooth-corners\">\n                        5\u20ac                    <\/div>\n                                    <\/div>\n                            <\/div>\n                    <div class=\"price-list__item\">\n                <div class=\"price-list__item-content\">\n                    <div class=\"price-list__item-content-name\">\n                        Cotton candy maker                    <\/div>\n                                        <div class=\"price-list__item-content-price smooth-corners\">\n                        35\u20ac \/ hour                    <\/div>\n                                    <\/div>\n                                    <div class=\"price-list__item-notice\">\n                        If you don\u2019t want to do it yourself, let someone else do it.                    <\/div>\n                            <\/div>\n                    <div class=\"price-list__item\">\n                <div class=\"price-list__item-content\">\n                    <div class=\"price-list__item-content-name\">\n                        Setup, takedown, and post-use cleaning of the device                    <\/div>\n                                        <div class=\"price-list__item-content-price smooth-corners\">\n                        14\u20ac                    <\/div>\n                                    <\/div>\n                                    <div class=\"price-list__item-notice\">\n                        Leave the cleaning completely to us!                    <\/div>\n                            <\/div>\n                    <div class=\"price-list__item\">\n                <div class=\"price-list__item-content\">\n                    <div class=\"price-list__item-content-name\">\n                        Ice cream from Kalju-lava caf\u00e9 next to the game field                    <\/div>\n                                        <div class=\"price-list__item-content-price smooth-corners\">\n                        2,5\u20ac \/ tk                    <\/div>\n                                    <\/div>\n                                    <div class=\"price-list__item-notice\">\n                        Everyone can choose their own ice cream from the freezer.                    <\/div>\n                            <\/div>\n            <\/section>\n","protected":false},"excerpt":{"rendered":"Nothing brings such sparkle to the eyes like cotton candy \u2014 that soft, airy, and slightly nostalgic treat loved by both young and old. At&#8230;","protected":false},"author":1,"featured_media":3492,"parent":4094,"menu_order":0,"comment_status":"closed","ping_status":"closed","template":"page-templates\/template-accommodation-item.php","meta":{"_acf_changed":false,"inline_featured_image":false,"footnotes":""},"class_list":["post-4246","page","type-page","status-publish","has-post-thumbnail","hentry"],"acf":[],"yoast_head":"<!-- This site is optimized with the Yoast SEO Premium plugin v25.2 (Yoast SEO v26.7) - https:\/\/yoast.com\/wordpress\/plugins\/seo\/ -->\n<title>Cotton candy machine rental sinu \u00fcritusele Kallaste Turismitalus<\/title>\n<meta name=\"description\" content=\"Suhkruvatimasina rent sobib ideaalselt magusaks atraktsiooniks s\u00fcnnip\u00e4evadele, suvep\u00e4evadele v\u00f5i muudele \u00fcritustele. Magus ja vahva\" \/>\n<meta name=\"robots\" content=\"index, follow, max-snippet:-1, max-image-preview:large, max-video-preview:-1\" \/>\n<link rel=\"canonical\" href=\"https:\/\/kallastetalu.ee\/en\/holiday-resort\/active-holiday\/suhkruvatimasina-rent\/\" \/>\n<meta property=\"og:locale\" content=\"en_US\" \/>\n<meta property=\"og:type\" content=\"article\" \/>\n<meta property=\"og:title\" content=\"Cotton candy machine rental\" \/>\n<meta property=\"og:description\" content=\"Suhkruvatimasina rent sobib ideaalselt magusaks atraktsiooniks s\u00fcnnip\u00e4evadele, suvep\u00e4evadele v\u00f5i muudele \u00fcritustele. Magus ja vahva\" \/>\n<meta property=\"og:url\" content=\"https:\/\/kallastetalu.ee\/en\/holiday-resort\/active-holiday\/suhkruvatimasina-rent\/\" \/>\n<meta property=\"og:site_name\" content=\"Kallaste Turismitalu - \u00c4rksa hingega Talu Harjumaal\" \/>\n<meta property=\"article:publisher\" content=\"https:\/\/www.facebook.com\/kallastetalu\" \/>\n<meta property=\"article:modified_time\" content=\"2025-06-04T15:12:15+00:00\" \/>\n<meta property=\"og:image\" content=\"https:\/\/kallastetalu.ee\/wp-content\/uploads\/2025\/06\/DSCF3967-scaled.jpg\" \/>\n\t<meta property=\"og:image:width\" content=\"2560\" \/>\n\t<meta property=\"og:image:height\" content=\"1707\" \/>\n\t<meta property=\"og:image:type\" content=\"image\/jpeg\" \/>\n<meta name=\"twitter:card\" content=\"summary_large_image\" \/>\n<meta name=\"twitter:label1\" content=\"Est. reading time\" \/>\n\t<meta name=\"twitter:data1\" content=\"1 minute\" \/>\n<script type=\"application\/ld+json\" class=\"yoast-schema-graph\">{\"@context\":\"https:\/\/schema.org\",\"@graph\":[{\"@type\":\"WebPage\",\"@id\":\"https:\/\/kallastetalu.ee\/en\/holiday-resort\/active-holiday\/suhkruvatimasina-rent\/\",\"url\":\"https:\/\/kallastetalu.ee\/en\/holiday-resort\/active-holiday\/suhkruvatimasina-rent\/\",\"name\":\"Cotton candy machine rental sinu \u00fcritusele Kallaste Turismitalus\",\"isPartOf\":{\"@id\":\"https:\/\/kallastetalu.ee\/en\/#website\"},\"primaryImageOfPage\":{\"@id\":\"https:\/\/kallastetalu.ee\/en\/holiday-resort\/active-holiday\/suhkruvatimasina-rent\/#primaryimage\"},\"image\":{\"@id\":\"https:\/\/kallastetalu.ee\/en\/holiday-resort\/active-holiday\/suhkruvatimasina-rent\/#primaryimage\"},\"thumbnailUrl\":\"https:\/\/kallastetalu.ee\/wp-content\/uploads\/2025\/06\/DSCF3967-scaled.jpg\",\"datePublished\":\"2025-05-27T10:45:09+00:00\",\"dateModified\":\"2025-06-04T15:12:15+00:00\",\"description\":\"Suhkruvatimasina rent sobib ideaalselt magusaks atraktsiooniks s\u00fcnnip\u00e4evadele, suvep\u00e4evadele v\u00f5i muudele \u00fcritustele. Magus ja vahva\",\"breadcrumb\":{\"@id\":\"https:\/\/kallastetalu.ee\/en\/holiday-resort\/active-holiday\/suhkruvatimasina-rent\/#breadcrumb\"},\"inLanguage\":\"en-US\",\"potentialAction\":[{\"@type\":\"ReadAction\",\"target\":[\"https:\/\/kallastetalu.ee\/en\/holiday-resort\/active-holiday\/suhkruvatimasina-rent\/\"]}]},{\"@type\":\"ImageObject\",\"inLanguage\":\"en-US\",\"@id\":\"https:\/\/kallastetalu.ee\/en\/holiday-resort\/active-holiday\/suhkruvatimasina-rent\/#primaryimage\",\"url\":\"https:\/\/kallastetalu.ee\/wp-content\/uploads\/2025\/06\/DSCF3967-scaled.jpg\",\"contentUrl\":\"https:\/\/kallastetalu.ee\/wp-content\/uploads\/2025\/06\/DSCF3967-scaled.jpg\",\"width\":2560,\"height\":1707,\"caption\":\"Suhkruvatt suhkruvati masina rent Kallaste Turismitalus - \u00c4rksa hingega talu Harjumaal\"},{\"@type\":\"BreadcrumbList\",\"@id\":\"https:\/\/kallastetalu.ee\/en\/holiday-resort\/active-holiday\/suhkruvatimasina-rent\/#breadcrumb\",\"itemListElement\":[{\"@type\":\"ListItem\",\"position\":1,\"name\":\"Home\",\"item\":\"https:\/\/kallastetalu.ee\/en\/\"},{\"@type\":\"ListItem\",\"position\":2,\"name\":\"Holiday Resort\",\"item\":\"https:\/\/kallastetalu.ee\/en\/holiday-resort\/\"},{\"@type\":\"ListItem\",\"position\":3,\"name\":\"Active Holiday\",\"item\":\"https:\/\/kallastetalu.ee\/en\/holiday-resort\/active-holiday\/\"},{\"@type\":\"ListItem\",\"position\":4,\"name\":\"Cotton candy machine rental\"}]},{\"@type\":\"WebSite\",\"@id\":\"https:\/\/kallastetalu.ee\/en\/#website\",\"url\":\"https:\/\/kallastetalu.ee\/en\/\",\"name\":\"Kallaste Turismitalu - \u00c4rksa hingega talu Harjumaal\",\"description\":\"\",\"publisher\":{\"@id\":\"https:\/\/kallastetalu.ee\/en\/#organization\"},\"potentialAction\":[{\"@type\":\"SearchAction\",\"target\":{\"@type\":\"EntryPoint\",\"urlTemplate\":\"https:\/\/kallastetalu.ee\/en\/?s={search_term_string}\"},\"query-input\":{\"@type\":\"PropertyValueSpecification\",\"valueRequired\":true,\"valueName\":\"search_term_string\"}}],\"inLanguage\":\"en-US\"},{\"@type\":\"Organization\",\"@id\":\"https:\/\/kallastetalu.ee\/en\/#organization\",\"name\":\"Kallaste Turismitalu - \u00c4rksa hingega talu Harjumaal\",\"url\":\"https:\/\/kallastetalu.ee\/en\/\",\"logo\":{\"@type\":\"ImageObject\",\"inLanguage\":\"en-US\",\"@id\":\"https:\/\/kallastetalu.ee\/en\/#\/schema\/logo\/image\/\",\"url\":\"https:\/\/kallastetalu.ee\/wp-content\/uploads\/2025\/04\/kallastetalu.svg\",\"contentUrl\":\"https:\/\/kallastetalu.ee\/wp-content\/uploads\/2025\/04\/kallastetalu.svg\",\"width\":158,\"height\":127,\"caption\":\"Kallaste Turismitalu - \u00c4rksa hingega talu Harjumaal\"},\"image\":{\"@id\":\"https:\/\/kallastetalu.ee\/en\/#\/schema\/logo\/image\/\"},\"sameAs\":[\"https:\/\/www.facebook.com\/kallastetalu\",\"https:\/\/www.instagram.com\/turismitalu\",\"https:\/\/www.youtube.com\/@turismitalu\",\"https:\/\/www.tripadvisor.com\/Hotel_Review-g19122067-d2677575-Reviews-Kallaste_Talu_Turismitalu_Holiday_Resort-Kasepere_Harju_County.html?m=19905\"]}]}<\/script>\n<!-- \/ Yoast SEO Premium plugin. -->","yoast_head_json":{"title":"Cotton candy machine rental sinu \u00fcritusele Kallaste Turismitalus","description":"Suhkruvatimasina rent sobib ideaalselt magusaks atraktsiooniks s\u00fcnnip\u00e4evadele, suvep\u00e4evadele v\u00f5i muudele \u00fcritustele. Magus ja vahva","robots":{"index":"index","follow":"follow","max-snippet":"max-snippet:-1","max-image-preview":"max-image-preview:large","max-video-preview":"max-video-preview:-1"},"canonical":"https:\/\/kallastetalu.ee\/en\/holiday-resort\/active-holiday\/suhkruvatimasina-rent\/","og_locale":"en_US","og_type":"article","og_title":"Cotton candy machine rental","og_description":"Suhkruvatimasina rent sobib ideaalselt magusaks atraktsiooniks s\u00fcnnip\u00e4evadele, suvep\u00e4evadele v\u00f5i muudele \u00fcritustele. Magus ja vahva","og_url":"https:\/\/kallastetalu.ee\/en\/holiday-resort\/active-holiday\/suhkruvatimasina-rent\/","og_site_name":"Kallaste Turismitalu - \u00c4rksa hingega Talu Harjumaal","article_publisher":"https:\/\/www.facebook.com\/kallastetalu","article_modified_time":"2025-06-04T15:12:15+00:00","og_image":[{"width":2560,"height":1707,"url":"https:\/\/kallastetalu.ee\/wp-content\/uploads\/2025\/06\/DSCF3967-scaled.jpg","type":"image\/jpeg"}],"twitter_card":"summary_large_image","twitter_misc":{"Est. reading time":"1 minute"},"schema":{"@context":"https:\/\/schema.org","@graph":[{"@type":"WebPage","@id":"https:\/\/kallastetalu.ee\/en\/holiday-resort\/active-holiday\/suhkruvatimasina-rent\/","url":"https:\/\/kallastetalu.ee\/en\/holiday-resort\/active-holiday\/suhkruvatimasina-rent\/","name":"Cotton candy machine rental sinu \u00fcritusele Kallaste Turismitalus","isPartOf":{"@id":"https:\/\/kallastetalu.ee\/en\/#website"},"primaryImageOfPage":{"@id":"https:\/\/kallastetalu.ee\/en\/holiday-resort\/active-holiday\/suhkruvatimasina-rent\/#primaryimage"},"image":{"@id":"https:\/\/kallastetalu.ee\/en\/holiday-resort\/active-holiday\/suhkruvatimasina-rent\/#primaryimage"},"thumbnailUrl":"https:\/\/kallastetalu.ee\/wp-content\/uploads\/2025\/06\/DSCF3967-scaled.jpg","datePublished":"2025-05-27T10:45:09+00:00","dateModified":"2025-06-04T15:12:15+00:00","description":"Suhkruvatimasina rent sobib ideaalselt magusaks atraktsiooniks s\u00fcnnip\u00e4evadele, suvep\u00e4evadele v\u00f5i muudele \u00fcritustele. Magus ja vahva","breadcrumb":{"@id":"https:\/\/kallastetalu.ee\/en\/holiday-resort\/active-holiday\/suhkruvatimasina-rent\/#breadcrumb"},"inLanguage":"en-US","potentialAction":[{"@type":"ReadAction","target":["https:\/\/kallastetalu.ee\/en\/holiday-resort\/active-holiday\/suhkruvatimasina-rent\/"]}]},{"@type":"ImageObject","inLanguage":"en-US","@id":"https:\/\/kallastetalu.ee\/en\/holiday-resort\/active-holiday\/suhkruvatimasina-rent\/#primaryimage","url":"https:\/\/kallastetalu.ee\/wp-content\/uploads\/2025\/06\/DSCF3967-scaled.jpg","contentUrl":"https:\/\/kallastetalu.ee\/wp-content\/uploads\/2025\/06\/DSCF3967-scaled.jpg","width":2560,"height":1707,"caption":"Suhkruvatt suhkruvati masina rent Kallaste Turismitalus - \u00c4rksa hingega talu Harjumaal"},{"@type":"BreadcrumbList","@id":"https:\/\/kallastetalu.ee\/en\/holiday-resort\/active-holiday\/suhkruvatimasina-rent\/#breadcrumb","itemListElement":[{"@type":"ListItem","position":1,"name":"Home","item":"https:\/\/kallastetalu.ee\/en\/"},{"@type":"ListItem","position":2,"name":"Holiday Resort","item":"https:\/\/kallastetalu.ee\/en\/holiday-resort\/"},{"@type":"ListItem","position":3,"name":"Active Holiday","item":"https:\/\/kallastetalu.ee\/en\/holiday-resort\/active-holiday\/"},{"@type":"ListItem","position":4,"name":"Cotton candy machine rental"}]},{"@type":"WebSite","@id":"https:\/\/kallastetalu.ee\/en\/#website","url":"https:\/\/kallastetalu.ee\/en\/","name":"Kallaste Turismitalu - \u00c4rksa hingega talu Harjumaal","description":"","publisher":{"@id":"https:\/\/kallastetalu.ee\/en\/#organization"},"potentialAction":[{"@type":"SearchAction","target":{"@type":"EntryPoint","urlTemplate":"https:\/\/kallastetalu.ee\/en\/?s={search_term_string}"},"query-input":{"@type":"PropertyValueSpecification","valueRequired":true,"valueName":"search_term_string"}}],"inLanguage":"en-US"},{"@type":"Organization","@id":"https:\/\/kallastetalu.ee\/en\/#organization","name":"Kallaste Turismitalu - \u00c4rksa hingega talu Harjumaal","url":"https:\/\/kallastetalu.ee\/en\/","logo":{"@type":"ImageObject","inLanguage":"en-US","@id":"https:\/\/kallastetalu.ee\/en\/#\/schema\/logo\/image\/","url":"https:\/\/kallastetalu.ee\/wp-content\/uploads\/2025\/04\/kallastetalu.svg","contentUrl":"https:\/\/kallastetalu.ee\/wp-content\/uploads\/2025\/04\/kallastetalu.svg","width":158,"height":127,"caption":"Kallaste Turismitalu - \u00c4rksa hingega talu Harjumaal"},"image":{"@id":"https:\/\/kallastetalu.ee\/en\/#\/schema\/logo\/image\/"},"sameAs":["https:\/\/www.facebook.com\/kallastetalu","https:\/\/www.instagram.com\/turismitalu","https:\/\/www.youtube.com\/@turismitalu","https:\/\/www.tripadvisor.com\/Hotel_Review-g19122067-d2677575-Reviews-Kallaste_Talu_Turismitalu_Holiday_Resort-Kasepere_Harju_County.html?m=19905"]}]}},"_links":{"self":[{"href":"https:\/\/kallastetalu.ee\/en\/wp-json\/wp\/v2\/pages\/4246","targetHints":{"allow":["GET"]}}],"collection":[{"href":"https:\/\/kallastetalu.ee\/en\/wp-json\/wp\/v2\/pages"}],"about":[{"href":"https:\/\/kallastetalu.ee\/en\/wp-json\/wp\/v2\/types\/page"}],"author":[{"embeddable":true,"href":"https:\/\/kallastetalu.ee\/en\/wp-json\/wp\/v2\/users\/1"}],"replies":[{"embeddable":true,"href":"https:\/\/kallastetalu.ee\/en\/wp-json\/wp\/v2\/comments?post=4246"}],"version-history":[{"count":1,"href":"https:\/\/kallastetalu.ee\/en\/wp-json\/wp\/v2\/pages\/4246\/revisions"}],"predecessor-version":[{"id":4251,"href":"https:\/\/kallastetalu.ee\/en\/wp-json\/wp\/v2\/pages\/4246\/revisions\/4251"}],"up":[{"embeddable":true,"href":"https:\/\/kallastetalu.ee\/en\/wp-json\/wp\/v2\/pages\/4094"}],"wp:featuredmedia":[{"embeddable":true,"href":"https:\/\/kallastetalu.ee\/en\/wp-json\/wp\/v2\/media\/3492"}],"wp:attachment":[{"href":"https:\/\/kallastetalu.ee\/en\/wp-json\/wp\/v2\/media?parent=4246"}],"curies":[{"name":"wp","href":"https:\/\/api.w.org\/{rel}","templated":true}]}}