{"id":4252,"date":"2025-05-27T10:42:08","date_gmt":"2025-05-27T10:42:08","guid":{"rendered":"https:\/\/kallastetalu.ee\/turismitalu\/aktiivne-puhkus\/sokolaadi-maiuse-tootuba\/"},"modified":"2025-06-04T15:15:52","modified_gmt":"2025-06-04T15:15:52","slug":"sokolaadi-maiuse-tootuba","status":"publish","type":"page","link":"https:\/\/kallastetalu.ee\/en\/holiday-resort\/active-holiday\/sokolaadi-maiuse-tootuba\/","title":{"rendered":"Chocolate treat workshop"},"content":{"rendered":"\n<h2 class=\"wp-block-heading\" id=\"h-simple-chocolate-treat-workshop\"><strong>Simple Chocolate Treat Workshop<\/strong><\/h2>\n\n\n\n<p>The chocolate workshop is a creative, tasty, and joyful moment for chocolate lovers!<\/p>\n\n\n\n<p>This workshop welcomes all sweet lovers \u2014 both young and old \u2014 to enjoy a pleasant time together and make something truly delicious. It\u2019s a great opportunity to gather with friends, family, or colleagues, spark your imagination, and create something special for yourself (or as a gift).<\/p>\n\n\n\n<p>Together, we will make Kalju-lava chocolate \u2014 light, tasty, and creative. You will learn simple tips and principles for handling chocolate, the differences between dark, milk, and white chocolate, and how to choose the right toppings.<\/p>\n\n\n\n<p>Our sweet selection is full of inspiration: marshmallows, nuts, dried berries, colorful nonpareils, and chocolate chips \u2014 everything to make your chocolate not only tasty but visually fun. Each participant can create a flavor experience just for themselves.<\/p>\n\n\n\n<p>The workshop lasts typically 30\u201350 minutes and is perfect for children\u2019s birthdays, friend gatherings, and team events. It\u2019s not a complicated chocolate masterclass \u2014 rather a joyful, creative, and tasty group activity that will make everyone\u2019s eyes sparkle and tongues lick!<\/p>\n\n\n    <section class=\"price-list smooth-corners\">\n                    <div class=\"price-list__item\">\n                <div class=\"price-list__item-content\">\n                    <div class=\"price-list__item-content-name\">\n                        Simple chocolate workshop                    <\/div>\n                                        <div class=\"price-list__item-content-price smooth-corners\">\n                        10\u20ac \/ person                    <\/div>\n                                    <\/div>\n                                    <div class=\"price-list__item-notice\">\n                        Duration: 30 minutes, price includes materials and room use for the workshop                    <\/div>\n                            <\/div>\n            <\/section>\n\n\n    <section class=\"gallery-block\">\n        <div class=\"gallery-block__wrapper swiper\">\n            <div class=\"gallery-block__list swiper-wrapper\">\n                                        <div class=\"gallery-block__list-item swiper-slide\">\n                            <img decoding=\"async\" width=\"2560\" height=\"1707\" src=\"https:\/\/kallastetalu.ee\/wp-content\/uploads\/2025\/05\/DSCF9455-scaled.jpg\" class=\"attachment-full size-full\" alt=\"\" srcset=\"https:\/\/kallastetalu.ee\/wp-content\/uploads\/2025\/05\/DSCF9455-scaled.jpg 2560w, https:\/\/kallastetalu.ee\/wp-content\/uploads\/2025\/05\/DSCF9455-250x167.jpg 250w, https:\/\/kallastetalu.ee\/wp-content\/uploads\/2025\/05\/DSCF9455-700x467.jpg 700w, https:\/\/kallastetalu.ee\/wp-content\/uploads\/2025\/05\/DSCF9455-768x512.jpg 768w, https:\/\/kallastetalu.ee\/wp-content\/uploads\/2025\/05\/DSCF9455-1536x1024.jpg 1536w, https:\/\/kallastetalu.ee\/wp-content\/uploads\/2025\/05\/DSCF9455-2048x1365.jpg 2048w, https:\/\/kallastetalu.ee\/wp-content\/uploads\/2025\/05\/DSCF9455-120x80.jpg 120w, https:\/\/kallastetalu.ee\/wp-content\/uploads\/2025\/05\/DSCF9455-600x400.jpg 600w\" sizes=\"(max-width: 2560px) 100vw, 2560px\" \/>                        <\/div>\n                            <\/div>\n        <\/div>\n        <div class=\"swiper-button-prev\"><\/div>\n        <div class=\"swiper-button-next\"><\/div>\n    <\/section>\n","protected":false},"excerpt":{"rendered":"Simple Chocolate Treat Workshop The chocolate workshop is a creative, tasty, and joyful moment for chocolate lovers! This workshop welcomes&#8230;","protected":false},"author":1,"featured_media":2508,"parent":4094,"menu_order":0,"comment_status":"closed","ping_status":"closed","template":"page-templates\/template-accommodation-item.php","meta":{"_acf_changed":false,"inline_featured_image":false,"footnotes":""},"class_list":["post-4252","page","type-page","status-publish","has-post-thumbnail","hentry"],"acf":[],"yoast_head":"<!-- This site is optimized with the Yoast SEO Premium plugin v25.2 (Yoast SEO v26.7) - https:\/\/yoast.com\/wordpress\/plugins\/seo\/ -->\n<title>\u0160okolaadi maiuse t\u00f6\u00f6tuba Kallaste Turismitalus<\/title>\n<meta name=\"description\" content=\"\u0160okolaadi maiuse t\u00f6\u00f6tuba sobib k\u00f5igile magusas\u00f5pradele! Valmistame \u0161okolaadiga maiuseid, kasutades vahukomme, p\u00e4hkleid ja muid h\u00f5rgutisi.\" \/>\n<meta name=\"robots\" content=\"index, follow, max-snippet:-1, max-image-preview:large, max-video-preview:-1\" \/>\n<link rel=\"canonical\" href=\"https:\/\/kallastetalu.ee\/en\/holiday-resort\/active-holiday\/sokolaadi-maiuse-tootuba\/\" \/>\n<meta property=\"og:locale\" content=\"en_US\" \/>\n<meta property=\"og:type\" content=\"article\" \/>\n<meta property=\"og:title\" content=\"Chocolate treat workshop\" \/>\n<meta property=\"og:description\" content=\"\u0160okolaadi maiuse t\u00f6\u00f6tuba sobib k\u00f5igile magusas\u00f5pradele! Valmistame \u0161okolaadiga maiuseid, kasutades vahukomme, p\u00e4hkleid ja muid h\u00f5rgutisi.\" \/>\n<meta property=\"og:url\" content=\"https:\/\/kallastetalu.ee\/en\/holiday-resort\/active-holiday\/sokolaadi-maiuse-tootuba\/\" \/>\n<meta property=\"og:site_name\" content=\"Kallaste Turismitalu - \u00c4rksa hingega Talu Harjumaal\" \/>\n<meta property=\"article:publisher\" content=\"https:\/\/www.facebook.com\/kallastetalu\" \/>\n<meta property=\"article:modified_time\" content=\"2025-06-04T15:15:52+00:00\" \/>\n<meta property=\"og:image\" content=\"https:\/\/kallastetalu.ee\/wp-content\/uploads\/2025\/05\/DSCF9455-1024x683-1.jpg\" \/>\n\t<meta property=\"og:image:width\" content=\"1024\" \/>\n\t<meta property=\"og:image:height\" content=\"683\" \/>\n\t<meta property=\"og:image:type\" content=\"image\/jpeg\" \/>\n<meta name=\"twitter:card\" content=\"summary_large_image\" \/>\n<meta name=\"twitter:label1\" content=\"Est. reading time\" \/>\n\t<meta name=\"twitter:data1\" content=\"2 minutes\" \/>\n<script type=\"application\/ld+json\" class=\"yoast-schema-graph\">{\"@context\":\"https:\/\/schema.org\",\"@graph\":[{\"@type\":\"WebPage\",\"@id\":\"https:\/\/kallastetalu.ee\/en\/holiday-resort\/active-holiday\/sokolaadi-maiuse-tootuba\/\",\"url\":\"https:\/\/kallastetalu.ee\/en\/holiday-resort\/active-holiday\/sokolaadi-maiuse-tootuba\/\",\"name\":\"\u0160okolaadi maiuse t\u00f6\u00f6tuba Kallaste Turismitalus\",\"isPartOf\":{\"@id\":\"https:\/\/kallastetalu.ee\/en\/#website\"},\"primaryImageOfPage\":{\"@id\":\"https:\/\/kallastetalu.ee\/en\/holiday-resort\/active-holiday\/sokolaadi-maiuse-tootuba\/#primaryimage\"},\"image\":{\"@id\":\"https:\/\/kallastetalu.ee\/en\/holiday-resort\/active-holiday\/sokolaadi-maiuse-tootuba\/#primaryimage\"},\"thumbnailUrl\":\"https:\/\/kallastetalu.ee\/wp-content\/uploads\/2025\/05\/DSCF9455-1024x683-1.jpg\",\"datePublished\":\"2025-05-27T10:42:08+00:00\",\"dateModified\":\"2025-06-04T15:15:52+00:00\",\"description\":\"\u0160okolaadi maiuse t\u00f6\u00f6tuba sobib k\u00f5igile magusas\u00f5pradele! Valmistame \u0161okolaadiga maiuseid, kasutades vahukomme, p\u00e4hkleid ja muid h\u00f5rgutisi.\",\"breadcrumb\":{\"@id\":\"https:\/\/kallastetalu.ee\/en\/holiday-resort\/active-holiday\/sokolaadi-maiuse-tootuba\/#breadcrumb\"},\"inLanguage\":\"en-US\",\"potentialAction\":[{\"@type\":\"ReadAction\",\"target\":[\"https:\/\/kallastetalu.ee\/en\/holiday-resort\/active-holiday\/sokolaadi-maiuse-tootuba\/\"]}]},{\"@type\":\"ImageObject\",\"inLanguage\":\"en-US\",\"@id\":\"https:\/\/kallastetalu.ee\/en\/holiday-resort\/active-holiday\/sokolaadi-maiuse-tootuba\/#primaryimage\",\"url\":\"https:\/\/kallastetalu.ee\/wp-content\/uploads\/2025\/05\/DSCF9455-1024x683-1.jpg\",\"contentUrl\":\"https:\/\/kallastetalu.ee\/wp-content\/uploads\/2025\/05\/DSCF9455-1024x683-1.jpg\",\"width\":1024,\"height\":683,\"caption\":\"lihtne \u0161okolaadi maiuse t\u00f6\u00f6tuba Kallaste Turismitalus \u00c4rksa hingega talus\"},{\"@type\":\"BreadcrumbList\",\"@id\":\"https:\/\/kallastetalu.ee\/en\/holiday-resort\/active-holiday\/sokolaadi-maiuse-tootuba\/#breadcrumb\",\"itemListElement\":[{\"@type\":\"ListItem\",\"position\":1,\"name\":\"Home\",\"item\":\"https:\/\/kallastetalu.ee\/en\/\"},{\"@type\":\"ListItem\",\"position\":2,\"name\":\"Holiday Resort\",\"item\":\"https:\/\/kallastetalu.ee\/en\/holiday-resort\/\"},{\"@type\":\"ListItem\",\"position\":3,\"name\":\"Active Holiday\",\"item\":\"https:\/\/kallastetalu.ee\/en\/holiday-resort\/active-holiday\/\"},{\"@type\":\"ListItem\",\"position\":4,\"name\":\"Chocolate treat workshop\"}]},{\"@type\":\"WebSite\",\"@id\":\"https:\/\/kallastetalu.ee\/en\/#website\",\"url\":\"https:\/\/kallastetalu.ee\/en\/\",\"name\":\"Kallaste Turismitalu - \u00c4rksa hingega talu Harjumaal\",\"description\":\"\",\"publisher\":{\"@id\":\"https:\/\/kallastetalu.ee\/en\/#organization\"},\"potentialAction\":[{\"@type\":\"SearchAction\",\"target\":{\"@type\":\"EntryPoint\",\"urlTemplate\":\"https:\/\/kallastetalu.ee\/en\/?s={search_term_string}\"},\"query-input\":{\"@type\":\"PropertyValueSpecification\",\"valueRequired\":true,\"valueName\":\"search_term_string\"}}],\"inLanguage\":\"en-US\"},{\"@type\":\"Organization\",\"@id\":\"https:\/\/kallastetalu.ee\/en\/#organization\",\"name\":\"Kallaste Turismitalu - \u00c4rksa hingega talu Harjumaal\",\"url\":\"https:\/\/kallastetalu.ee\/en\/\",\"logo\":{\"@type\":\"ImageObject\",\"inLanguage\":\"en-US\",\"@id\":\"https:\/\/kallastetalu.ee\/en\/#\/schema\/logo\/image\/\",\"url\":\"https:\/\/kallastetalu.ee\/wp-content\/uploads\/2025\/04\/kallastetalu.svg\",\"contentUrl\":\"https:\/\/kallastetalu.ee\/wp-content\/uploads\/2025\/04\/kallastetalu.svg\",\"width\":158,\"height\":127,\"caption\":\"Kallaste Turismitalu - \u00c4rksa hingega talu Harjumaal\"},\"image\":{\"@id\":\"https:\/\/kallastetalu.ee\/en\/#\/schema\/logo\/image\/\"},\"sameAs\":[\"https:\/\/www.facebook.com\/kallastetalu\",\"https:\/\/www.instagram.com\/turismitalu\",\"https:\/\/www.youtube.com\/@turismitalu\",\"https:\/\/www.tripadvisor.com\/Hotel_Review-g19122067-d2677575-Reviews-Kallaste_Talu_Turismitalu_Holiday_Resort-Kasepere_Harju_County.html?m=19905\"]}]}<\/script>\n<!-- \/ Yoast SEO Premium plugin. -->","yoast_head_json":{"title":"\u0160okolaadi maiuse t\u00f6\u00f6tuba Kallaste Turismitalus","description":"\u0160okolaadi maiuse t\u00f6\u00f6tuba sobib k\u00f5igile magusas\u00f5pradele! Valmistame \u0161okolaadiga maiuseid, kasutades vahukomme, p\u00e4hkleid ja muid h\u00f5rgutisi.","robots":{"index":"index","follow":"follow","max-snippet":"max-snippet:-1","max-image-preview":"max-image-preview:large","max-video-preview":"max-video-preview:-1"},"canonical":"https:\/\/kallastetalu.ee\/en\/holiday-resort\/active-holiday\/sokolaadi-maiuse-tootuba\/","og_locale":"en_US","og_type":"article","og_title":"Chocolate treat workshop","og_description":"\u0160okolaadi maiuse t\u00f6\u00f6tuba sobib k\u00f5igile magusas\u00f5pradele! Valmistame \u0161okolaadiga maiuseid, kasutades vahukomme, p\u00e4hkleid ja muid h\u00f5rgutisi.","og_url":"https:\/\/kallastetalu.ee\/en\/holiday-resort\/active-holiday\/sokolaadi-maiuse-tootuba\/","og_site_name":"Kallaste Turismitalu - \u00c4rksa hingega Talu Harjumaal","article_publisher":"https:\/\/www.facebook.com\/kallastetalu","article_modified_time":"2025-06-04T15:15:52+00:00","og_image":[{"width":1024,"height":683,"url":"https:\/\/kallastetalu.ee\/wp-content\/uploads\/2025\/05\/DSCF9455-1024x683-1.jpg","type":"image\/jpeg"}],"twitter_card":"summary_large_image","twitter_misc":{"Est. reading time":"2 minutes"},"schema":{"@context":"https:\/\/schema.org","@graph":[{"@type":"WebPage","@id":"https:\/\/kallastetalu.ee\/en\/holiday-resort\/active-holiday\/sokolaadi-maiuse-tootuba\/","url":"https:\/\/kallastetalu.ee\/en\/holiday-resort\/active-holiday\/sokolaadi-maiuse-tootuba\/","name":"\u0160okolaadi maiuse t\u00f6\u00f6tuba Kallaste Turismitalus","isPartOf":{"@id":"https:\/\/kallastetalu.ee\/en\/#website"},"primaryImageOfPage":{"@id":"https:\/\/kallastetalu.ee\/en\/holiday-resort\/active-holiday\/sokolaadi-maiuse-tootuba\/#primaryimage"},"image":{"@id":"https:\/\/kallastetalu.ee\/en\/holiday-resort\/active-holiday\/sokolaadi-maiuse-tootuba\/#primaryimage"},"thumbnailUrl":"https:\/\/kallastetalu.ee\/wp-content\/uploads\/2025\/05\/DSCF9455-1024x683-1.jpg","datePublished":"2025-05-27T10:42:08+00:00","dateModified":"2025-06-04T15:15:52+00:00","description":"\u0160okolaadi maiuse t\u00f6\u00f6tuba sobib k\u00f5igile magusas\u00f5pradele! Valmistame \u0161okolaadiga maiuseid, kasutades vahukomme, p\u00e4hkleid ja muid h\u00f5rgutisi.","breadcrumb":{"@id":"https:\/\/kallastetalu.ee\/en\/holiday-resort\/active-holiday\/sokolaadi-maiuse-tootuba\/#breadcrumb"},"inLanguage":"en-US","potentialAction":[{"@type":"ReadAction","target":["https:\/\/kallastetalu.ee\/en\/holiday-resort\/active-holiday\/sokolaadi-maiuse-tootuba\/"]}]},{"@type":"ImageObject","inLanguage":"en-US","@id":"https:\/\/kallastetalu.ee\/en\/holiday-resort\/active-holiday\/sokolaadi-maiuse-tootuba\/#primaryimage","url":"https:\/\/kallastetalu.ee\/wp-content\/uploads\/2025\/05\/DSCF9455-1024x683-1.jpg","contentUrl":"https:\/\/kallastetalu.ee\/wp-content\/uploads\/2025\/05\/DSCF9455-1024x683-1.jpg","width":1024,"height":683,"caption":"lihtne \u0161okolaadi maiuse t\u00f6\u00f6tuba Kallaste Turismitalus \u00c4rksa hingega talus"},{"@type":"BreadcrumbList","@id":"https:\/\/kallastetalu.ee\/en\/holiday-resort\/active-holiday\/sokolaadi-maiuse-tootuba\/#breadcrumb","itemListElement":[{"@type":"ListItem","position":1,"name":"Home","item":"https:\/\/kallastetalu.ee\/en\/"},{"@type":"ListItem","position":2,"name":"Holiday Resort","item":"https:\/\/kallastetalu.ee\/en\/holiday-resort\/"},{"@type":"ListItem","position":3,"name":"Active Holiday","item":"https:\/\/kallastetalu.ee\/en\/holiday-resort\/active-holiday\/"},{"@type":"ListItem","position":4,"name":"Chocolate treat workshop"}]},{"@type":"WebSite","@id":"https:\/\/kallastetalu.ee\/en\/#website","url":"https:\/\/kallastetalu.ee\/en\/","name":"Kallaste Turismitalu - \u00c4rksa hingega talu Harjumaal","description":"","publisher":{"@id":"https:\/\/kallastetalu.ee\/en\/#organization"},"potentialAction":[{"@type":"SearchAction","target":{"@type":"EntryPoint","urlTemplate":"https:\/\/kallastetalu.ee\/en\/?s={search_term_string}"},"query-input":{"@type":"PropertyValueSpecification","valueRequired":true,"valueName":"search_term_string"}}],"inLanguage":"en-US"},{"@type":"Organization","@id":"https:\/\/kallastetalu.ee\/en\/#organization","name":"Kallaste Turismitalu - \u00c4rksa hingega talu Harjumaal","url":"https:\/\/kallastetalu.ee\/en\/","logo":{"@type":"ImageObject","inLanguage":"en-US","@id":"https:\/\/kallastetalu.ee\/en\/#\/schema\/logo\/image\/","url":"https:\/\/kallastetalu.ee\/wp-content\/uploads\/2025\/04\/kallastetalu.svg","contentUrl":"https:\/\/kallastetalu.ee\/wp-content\/uploads\/2025\/04\/kallastetalu.svg","width":158,"height":127,"caption":"Kallaste Turismitalu - \u00c4rksa hingega talu Harjumaal"},"image":{"@id":"https:\/\/kallastetalu.ee\/en\/#\/schema\/logo\/image\/"},"sameAs":["https:\/\/www.facebook.com\/kallastetalu","https:\/\/www.instagram.com\/turismitalu","https:\/\/www.youtube.com\/@turismitalu","https:\/\/www.tripadvisor.com\/Hotel_Review-g19122067-d2677575-Reviews-Kallaste_Talu_Turismitalu_Holiday_Resort-Kasepere_Harju_County.html?m=19905"]}]}},"_links":{"self":[{"href":"https:\/\/kallastetalu.ee\/en\/wp-json\/wp\/v2\/pages\/4252","targetHints":{"allow":["GET"]}}],"collection":[{"href":"https:\/\/kallastetalu.ee\/en\/wp-json\/wp\/v2\/pages"}],"about":[{"href":"https:\/\/kallastetalu.ee\/en\/wp-json\/wp\/v2\/types\/page"}],"author":[{"embeddable":true,"href":"https:\/\/kallastetalu.ee\/en\/wp-json\/wp\/v2\/users\/1"}],"replies":[{"embeddable":true,"href":"https:\/\/kallastetalu.ee\/en\/wp-json\/wp\/v2\/comments?post=4252"}],"version-history":[{"count":1,"href":"https:\/\/kallastetalu.ee\/en\/wp-json\/wp\/v2\/pages\/4252\/revisions"}],"predecessor-version":[{"id":4257,"href":"https:\/\/kallastetalu.ee\/en\/wp-json\/wp\/v2\/pages\/4252\/revisions\/4257"}],"up":[{"embeddable":true,"href":"https:\/\/kallastetalu.ee\/en\/wp-json\/wp\/v2\/pages\/4094"}],"wp:featuredmedia":[{"embeddable":true,"href":"https:\/\/kallastetalu.ee\/en\/wp-json\/wp\/v2\/media\/2508"}],"wp:attachment":[{"href":"https:\/\/kallastetalu.ee\/en\/wp-json\/wp\/v2\/media?parent=4252"}],"curies":[{"name":"wp","href":"https:\/\/api.w.org\/{rel}","templated":true}]}}