{"id":4258,"date":"2025-05-27T10:24:51","date_gmt":"2025-05-27T10:24:51","guid":{"rendered":"https:\/\/kallastetalu.ee\/turismitalu\/aktiivne-puhkus\/tubased-meisterdamise-tootoad\/"},"modified":"2025-10-09T12:03:06","modified_gmt":"2025-10-09T12:03:06","slug":"felting-workshop","status":"publish","type":"page","link":"https:\/\/kallastetalu.ee\/en\/holiday-resort\/active-holiday\/felting-workshop\/","title":{"rendered":"Felting Workshop"},"content":{"rendered":"\n<p>The felting workshop is a place where hands work and create something memorable! Felting is a rediscovered craft that has recently gained popularity again and is probably the oldest method of fabric making. Items made from wool are natural, warm, individual, and unique! Wool energy is very close to material energy. It has a calming\u2026 therapeutic effect\u2026 It was believed that good fairies want to live inside felt.<\/p>\n\n\n\n<p>Items are made using the wet felting technique (attach: process). As the name suggests, the process is quite wet. Fortunately, wool is a fairly easily moldable material, and the activity is exciting and creative. Necessary tools such as soap, a small bowl, bubble wrap, curtain tulle, various fibers (silk, bamboo, viscose, etc.), and of course carded wool (wool batt) are available on-site under guidance, but participants are asked to bring their own towel or bath towel for working.<\/p>\n\n\n\n<ul class=\"wp-block-list\">\n<li><span><span>Necessary tools provided by the instructor<\/span><\/span><\/li>\n\n\n\n<li><span><span>Participants should bring a bath towel\/towel<\/span><\/span><\/li>\n<\/ul>\n\n\n\n<p>Possible to felt:<\/p>\n\n\n    <section class=\"price-list smooth-corners\">\n                    <div class=\"price-list__item\">\n                <div class=\"price-list__item-content\">\n                    <div class=\"price-list__item-content-name\">\n                        Felted soaps                    <\/div>\n                                        <div class=\"price-list__item-content-price smooth-corners\">\n                        100\u20ac + 25\u20ac \/ Person                    <\/div>\n                                    <\/div>\n                                    <div class=\"price-list__item-notice\">\n                        Duration approx. 1 hour. Additional fee for instructor travel applies.                    <\/div>\n                            <\/div>\n                    <div class=\"price-list__item\">\n                <div class=\"price-list__item-content\">\n                    <div class=\"price-list__item-content-name\">\n                        Felting a sauna hat                    <\/div>\n                                        <div class=\"price-list__item-content-price smooth-corners\">\n                        100\u20ac + 40\u20ac \/ Person                    <\/div>\n                                    <\/div>\n                                    <div class=\"price-list__item-notice\">\n                        Duration approx. 3 hours. Additional fee for instructor travel applies.                    <\/div>\n                            <\/div>\n                    <div class=\"price-list__item\">\n                <div class=\"price-list__item-content\">\n                    <div class=\"price-list__item-content-name\">\n                        Felting mittens                    <\/div>\n                                        <div class=\"price-list__item-content-price smooth-corners\">\n                        100\u20ac + 40\u20ac \/ Person                    <\/div>\n                                    <\/div>\n                                    <div class=\"price-list__item-notice\">\n                        Duration approx. 3 hours. Additional fee for instructor travel applies.                    <\/div>\n                            <\/div>\n            <\/section>\n\n\n\n<p>* The price does not include room rental, so if you want to come to the farm just for the workshop, room rental will be added.*<\/p>\n\n\n\n<p>Felting is a great way to use your creativity by making something practical to create something unique yet useful. Suitable as an additional activity\u00a0<a href=\"https:\/\/kallastetalu.ee\/turismitalu\/puhkemajad\/seminariruumid\/\">seminaridele<\/a>,\u00a0For birthdays, camps, outings, etc., but definitely the felting workshop is an exciting afternoon (or morning) activity worth visiting us for!<\/p>\n\n\n    <section class=\"gallery-block\">\n        <div class=\"gallery-block__wrapper swiper\">\n            <div class=\"gallery-block__list swiper-wrapper\">\n                                        <div class=\"gallery-block__list-item swiper-slide\">\n                            <img decoding=\"async\" width=\"300\" height=\"225\" src=\"https:\/\/kallastetalu.ee\/wp-content\/uploads\/2025\/05\/20190607_210132.jpg\" class=\"attachment-full size-full\" alt=\"\" srcset=\"https:\/\/kallastetalu.ee\/wp-content\/uploads\/2025\/05\/20190607_210132.jpg 300w, https:\/\/kallastetalu.ee\/wp-content\/uploads\/2025\/05\/20190607_210132-250x188.jpg 250w, https:\/\/kallastetalu.ee\/wp-content\/uploads\/2025\/05\/20190607_210132-120x90.jpg 120w\" sizes=\"(max-width: 300px) 100vw, 300px\" \/>                        <\/div>\n                                        <div class=\"gallery-block__list-item swiper-slide\">\n                            <img decoding=\"async\" width=\"300\" height=\"225\" src=\"https:\/\/kallastetalu.ee\/wp-content\/uploads\/2025\/05\/20190607_205918.jpg\" class=\"attachment-full size-full\" alt=\"\" srcset=\"https:\/\/kallastetalu.ee\/wp-content\/uploads\/2025\/05\/20190607_205918.jpg 300w, https:\/\/kallastetalu.ee\/wp-content\/uploads\/2025\/05\/20190607_205918-250x188.jpg 250w, https:\/\/kallastetalu.ee\/wp-content\/uploads\/2025\/05\/20190607_205918-120x90.jpg 120w\" sizes=\"(max-width: 300px) 100vw, 300px\" \/>                        <\/div>\n                                        <div class=\"gallery-block__list-item swiper-slide\">\n                            <img decoding=\"async\" width=\"225\" height=\"300\" src=\"https:\/\/kallastetalu.ee\/wp-content\/uploads\/2025\/05\/20190607_210032-rotated.jpg\" class=\"attachment-full size-full\" alt=\"\" srcset=\"https:\/\/kallastetalu.ee\/wp-content\/uploads\/2025\/05\/20190607_210032-rotated.jpg 225w, https:\/\/kallastetalu.ee\/wp-content\/uploads\/2025\/05\/20190607_210032-120x160.jpg 120w\" sizes=\"(max-width: 225px) 100vw, 225px\" \/>                        <\/div>\n                                        <div class=\"gallery-block__list-item swiper-slide\">\n                            <img decoding=\"async\" width=\"300\" height=\"225\" src=\"https:\/\/kallastetalu.ee\/wp-content\/uploads\/2025\/05\/20190607_192401.jpg\" class=\"attachment-full size-full\" alt=\"Viltimine viltimise t\u00f6\u00f6tuba Kallaste Turismitalus - \u00c4rksa hingega talu. P\u00f5nev t\u00f6\u00f6tuba igale \u00fcritusele - saunam\u00fctsi viltimine\" srcset=\"https:\/\/kallastetalu.ee\/wp-content\/uploads\/2025\/05\/20190607_192401.jpg 300w, https:\/\/kallastetalu.ee\/wp-content\/uploads\/2025\/05\/20190607_192401-250x188.jpg 250w, https:\/\/kallastetalu.ee\/wp-content\/uploads\/2025\/05\/20190607_192401-120x90.jpg 120w\" sizes=\"(max-width: 300px) 100vw, 300px\" \/>                        <\/div>\n                                        <div class=\"gallery-block__list-item swiper-slide\">\n                            <img decoding=\"async\" width=\"300\" height=\"225\" src=\"https:\/\/kallastetalu.ee\/wp-content\/uploads\/2025\/05\/Margviltimise_protsess_2.jpg\" class=\"attachment-full size-full\" alt=\"\" srcset=\"https:\/\/kallastetalu.ee\/wp-content\/uploads\/2025\/05\/Margviltimise_protsess_2.jpg 300w, https:\/\/kallastetalu.ee\/wp-content\/uploads\/2025\/05\/Margviltimise_protsess_2-250x188.jpg 250w, https:\/\/kallastetalu.ee\/wp-content\/uploads\/2025\/05\/Margviltimise_protsess_2-120x90.jpg 120w\" sizes=\"(max-width: 300px) 100vw, 300px\" \/>                        <\/div>\n                                        <div class=\"gallery-block__list-item swiper-slide\">\n                            <img decoding=\"async\" width=\"237\" height=\"300\" src=\"https:\/\/kallastetalu.ee\/wp-content\/uploads\/2025\/05\/Kindad.jpg\" class=\"attachment-full size-full\" alt=\"\" srcset=\"https:\/\/kallastetalu.ee\/wp-content\/uploads\/2025\/05\/Kindad.jpg 237w, https:\/\/kallastetalu.ee\/wp-content\/uploads\/2025\/05\/Kindad-120x152.jpg 120w\" sizes=\"(max-width: 237px) 100vw, 237px\" \/>                        <\/div>\n                                        <div class=\"gallery-block__list-item swiper-slide\">\n                            <img decoding=\"async\" width=\"269\" height=\"300\" src=\"https:\/\/kallastetalu.ee\/wp-content\/uploads\/2025\/05\/Kindad_4.jpg\" class=\"attachment-full size-full\" alt=\"\" srcset=\"https:\/\/kallastetalu.ee\/wp-content\/uploads\/2025\/05\/Kindad_4.jpg 269w, https:\/\/kallastetalu.ee\/wp-content\/uploads\/2025\/05\/Kindad_4-250x279.jpg 250w, https:\/\/kallastetalu.ee\/wp-content\/uploads\/2025\/05\/Kindad_4-120x134.jpg 120w\" sizes=\"(max-width: 269px) 100vw, 269px\" \/>                        <\/div>\n                                        <div class=\"gallery-block__list-item swiper-slide\">\n                            <img decoding=\"async\" width=\"300\" height=\"241\" src=\"https:\/\/kallastetalu.ee\/wp-content\/uploads\/2025\/05\/Katised.jpg\" class=\"attachment-full size-full\" alt=\"\" srcset=\"https:\/\/kallastetalu.ee\/wp-content\/uploads\/2025\/05\/Katised.jpg 300w, https:\/\/kallastetalu.ee\/wp-content\/uploads\/2025\/05\/Katised-250x201.jpg 250w, https:\/\/kallastetalu.ee\/wp-content\/uploads\/2025\/05\/Katised-120x96.jpg 120w\" sizes=\"(max-width: 300px) 100vw, 300px\" \/>                        <\/div>\n                                        <div class=\"gallery-block__list-item swiper-slide\">\n                            <img decoding=\"async\" width=\"300\" height=\"225\" src=\"https:\/\/kallastetalu.ee\/wp-content\/uploads\/2025\/05\/Margviltimise_protsess.jpg\" class=\"attachment-full size-full\" alt=\"\" srcset=\"https:\/\/kallastetalu.ee\/wp-content\/uploads\/2025\/05\/Margviltimise_protsess.jpg 300w, https:\/\/kallastetalu.ee\/wp-content\/uploads\/2025\/05\/Margviltimise_protsess-250x188.jpg 250w, https:\/\/kallastetalu.ee\/wp-content\/uploads\/2025\/05\/Margviltimise_protsess-120x90.jpg 120w\" sizes=\"(max-width: 300px) 100vw, 300px\" \/>                        <\/div>\n                                        <div class=\"gallery-block__list-item swiper-slide\">\n                            <img decoding=\"async\" width=\"250\" height=\"300\" src=\"https:\/\/kallastetalu.ee\/wp-content\/uploads\/2025\/05\/Saunamuts.jpg\" class=\"attachment-full size-full\" alt=\"\" srcset=\"https:\/\/kallastetalu.ee\/wp-content\/uploads\/2025\/05\/Saunamuts.jpg 250w, https:\/\/kallastetalu.ee\/wp-content\/uploads\/2025\/05\/Saunamuts-120x144.jpg 120w\" sizes=\"(max-width: 250px) 100vw, 250px\" \/>                        <\/div>\n                            <\/div>\n        <\/div>\n        <div class=\"swiper-button-prev\"><\/div>\n        <div class=\"swiper-button-next\"><\/div>\n    <\/section>\n","protected":false},"excerpt":{"rendered":"The felting workshop is a place where hands work and create something memorable! Felting is a rediscovered craft that has recently gained&#8230;","protected":false},"author":1,"featured_media":2451,"parent":4094,"menu_order":0,"comment_status":"closed","ping_status":"closed","template":"page-templates\/template-accommodation-item.php","meta":{"_acf_changed":false,"inline_featured_image":false,"footnotes":""},"class_list":["post-4258","page","type-page","status-publish","has-post-thumbnail","hentry"],"acf":[],"yoast_head":"<!-- This site is optimized with the Yoast SEO Premium plugin v25.2 (Yoast SEO v26.7) - https:\/\/yoast.com\/wordpress\/plugins\/seo\/ -->\n<title>Felting Workshop<\/title>\n<meta name=\"description\" content=\"Join our Felting Workshop at Kallaste Holiday Resort \u2013 craft with wool, learn traditional techniques, and create something warm and personal.\" \/>\n<meta name=\"robots\" content=\"index, follow, max-snippet:-1, max-image-preview:large, max-video-preview:-1\" \/>\n<link rel=\"canonical\" href=\"https:\/\/kallastetalu.ee\/en\/holiday-resort\/active-holiday\/felting-workshop\/\" \/>\n<meta property=\"og:locale\" content=\"en_US\" \/>\n<meta property=\"og:type\" content=\"article\" \/>\n<meta property=\"og:title\" content=\"Felting Workshop\" \/>\n<meta property=\"og:description\" content=\"Join our Felting Workshop at Kallaste Holiday Resort \u2013 craft with wool, learn traditional techniques, and create something warm and personal.\" \/>\n<meta property=\"og:url\" content=\"https:\/\/kallastetalu.ee\/en\/holiday-resort\/active-holiday\/felting-workshop\/\" \/>\n<meta property=\"og:site_name\" content=\"Kallaste Turismitalu - \u00c4rksa hingega Talu Harjumaal\" \/>\n<meta property=\"article:publisher\" content=\"https:\/\/www.facebook.com\/kallastetalu\" \/>\n<meta property=\"article:modified_time\" content=\"2025-10-09T12:03:06+00:00\" \/>\n<meta property=\"og:image\" content=\"https:\/\/kallastetalu.ee\/wp-content\/uploads\/2025\/05\/20190607_192401.jpg\" \/>\n\t<meta property=\"og:image:width\" content=\"300\" \/>\n\t<meta property=\"og:image:height\" content=\"225\" \/>\n\t<meta property=\"og:image:type\" content=\"image\/jpeg\" \/>\n<meta name=\"twitter:card\" content=\"summary_large_image\" \/>\n<meta name=\"twitter:label1\" content=\"Est. reading time\" \/>\n\t<meta name=\"twitter:data1\" content=\"2 minutes\" \/>\n<script type=\"application\/ld+json\" class=\"yoast-schema-graph\">{\"@context\":\"https:\/\/schema.org\",\"@graph\":[{\"@type\":\"WebPage\",\"@id\":\"https:\/\/kallastetalu.ee\/en\/holiday-resort\/active-holiday\/felting-workshop\/\",\"url\":\"https:\/\/kallastetalu.ee\/en\/holiday-resort\/active-holiday\/felting-workshop\/\",\"name\":\"Felting Workshop\",\"isPartOf\":{\"@id\":\"https:\/\/kallastetalu.ee\/en\/#website\"},\"primaryImageOfPage\":{\"@id\":\"https:\/\/kallastetalu.ee\/en\/holiday-resort\/active-holiday\/felting-workshop\/#primaryimage\"},\"image\":{\"@id\":\"https:\/\/kallastetalu.ee\/en\/holiday-resort\/active-holiday\/felting-workshop\/#primaryimage\"},\"thumbnailUrl\":\"https:\/\/kallastetalu.ee\/wp-content\/uploads\/2025\/05\/20190607_192401.jpg\",\"datePublished\":\"2025-05-27T10:24:51+00:00\",\"dateModified\":\"2025-10-09T12:03:06+00:00\",\"description\":\"Join our Felting Workshop at Kallaste Holiday Resort \u2013 craft with wool, learn traditional techniques, and create something warm and personal.\",\"breadcrumb\":{\"@id\":\"https:\/\/kallastetalu.ee\/en\/holiday-resort\/active-holiday\/felting-workshop\/#breadcrumb\"},\"inLanguage\":\"en-US\",\"potentialAction\":[{\"@type\":\"ReadAction\",\"target\":[\"https:\/\/kallastetalu.ee\/en\/holiday-resort\/active-holiday\/felting-workshop\/\"]}]},{\"@type\":\"ImageObject\",\"inLanguage\":\"en-US\",\"@id\":\"https:\/\/kallastetalu.ee\/en\/holiday-resort\/active-holiday\/felting-workshop\/#primaryimage\",\"url\":\"https:\/\/kallastetalu.ee\/wp-content\/uploads\/2025\/05\/20190607_192401.jpg\",\"contentUrl\":\"https:\/\/kallastetalu.ee\/wp-content\/uploads\/2025\/05\/20190607_192401.jpg\",\"width\":300,\"height\":225,\"caption\":\"Viltimine viltimise t\u00f6\u00f6tuba Kallaste Turismitalus - \u00c4rksa hingega talu. P\u00f5nev t\u00f6\u00f6tuba igale \u00fcritusele - saunam\u00fctsi viltimine\"},{\"@type\":\"BreadcrumbList\",\"@id\":\"https:\/\/kallastetalu.ee\/en\/holiday-resort\/active-holiday\/felting-workshop\/#breadcrumb\",\"itemListElement\":[{\"@type\":\"ListItem\",\"position\":1,\"name\":\"Home\",\"item\":\"https:\/\/kallastetalu.ee\/en\/\"},{\"@type\":\"ListItem\",\"position\":2,\"name\":\"Holiday Resort\",\"item\":\"https:\/\/kallastetalu.ee\/en\/holiday-resort\/\"},{\"@type\":\"ListItem\",\"position\":3,\"name\":\"Active Holiday\",\"item\":\"https:\/\/kallastetalu.ee\/en\/holiday-resort\/active-holiday\/\"},{\"@type\":\"ListItem\",\"position\":4,\"name\":\"Felting Workshop\"}]},{\"@type\":\"WebSite\",\"@id\":\"https:\/\/kallastetalu.ee\/en\/#website\",\"url\":\"https:\/\/kallastetalu.ee\/en\/\",\"name\":\"Kallaste Turismitalu - \u00c4rksa hingega talu Harjumaal\",\"description\":\"\",\"publisher\":{\"@id\":\"https:\/\/kallastetalu.ee\/en\/#organization\"},\"potentialAction\":[{\"@type\":\"SearchAction\",\"target\":{\"@type\":\"EntryPoint\",\"urlTemplate\":\"https:\/\/kallastetalu.ee\/en\/?s={search_term_string}\"},\"query-input\":{\"@type\":\"PropertyValueSpecification\",\"valueRequired\":true,\"valueName\":\"search_term_string\"}}],\"inLanguage\":\"en-US\"},{\"@type\":\"Organization\",\"@id\":\"https:\/\/kallastetalu.ee\/en\/#organization\",\"name\":\"Kallaste Turismitalu - \u00c4rksa hingega talu Harjumaal\",\"url\":\"https:\/\/kallastetalu.ee\/en\/\",\"logo\":{\"@type\":\"ImageObject\",\"inLanguage\":\"en-US\",\"@id\":\"https:\/\/kallastetalu.ee\/en\/#\/schema\/logo\/image\/\",\"url\":\"https:\/\/kallastetalu.ee\/wp-content\/uploads\/2025\/04\/kallastetalu.svg\",\"contentUrl\":\"https:\/\/kallastetalu.ee\/wp-content\/uploads\/2025\/04\/kallastetalu.svg\",\"width\":158,\"height\":127,\"caption\":\"Kallaste Turismitalu - \u00c4rksa hingega talu Harjumaal\"},\"image\":{\"@id\":\"https:\/\/kallastetalu.ee\/en\/#\/schema\/logo\/image\/\"},\"sameAs\":[\"https:\/\/www.facebook.com\/kallastetalu\",\"https:\/\/www.instagram.com\/turismitalu\",\"https:\/\/www.youtube.com\/@turismitalu\",\"https:\/\/www.tripadvisor.com\/Hotel_Review-g19122067-d2677575-Reviews-Kallaste_Talu_Turismitalu_Holiday_Resort-Kasepere_Harju_County.html?m=19905\"]}]}<\/script>\n<!-- \/ Yoast SEO Premium plugin. -->","yoast_head_json":{"title":"Felting Workshop","description":"Join our Felting Workshop at Kallaste Holiday Resort \u2013 craft with wool, learn traditional techniques, and create something warm and personal.","robots":{"index":"index","follow":"follow","max-snippet":"max-snippet:-1","max-image-preview":"max-image-preview:large","max-video-preview":"max-video-preview:-1"},"canonical":"https:\/\/kallastetalu.ee\/en\/holiday-resort\/active-holiday\/felting-workshop\/","og_locale":"en_US","og_type":"article","og_title":"Felting Workshop","og_description":"Join our Felting Workshop at Kallaste Holiday Resort \u2013 craft with wool, learn traditional techniques, and create something warm and personal.","og_url":"https:\/\/kallastetalu.ee\/en\/holiday-resort\/active-holiday\/felting-workshop\/","og_site_name":"Kallaste Turismitalu - \u00c4rksa hingega Talu Harjumaal","article_publisher":"https:\/\/www.facebook.com\/kallastetalu","article_modified_time":"2025-10-09T12:03:06+00:00","og_image":[{"width":300,"height":225,"url":"https:\/\/kallastetalu.ee\/wp-content\/uploads\/2025\/05\/20190607_192401.jpg","type":"image\/jpeg"}],"twitter_card":"summary_large_image","twitter_misc":{"Est. reading time":"2 minutes"},"schema":{"@context":"https:\/\/schema.org","@graph":[{"@type":"WebPage","@id":"https:\/\/kallastetalu.ee\/en\/holiday-resort\/active-holiday\/felting-workshop\/","url":"https:\/\/kallastetalu.ee\/en\/holiday-resort\/active-holiday\/felting-workshop\/","name":"Felting Workshop","isPartOf":{"@id":"https:\/\/kallastetalu.ee\/en\/#website"},"primaryImageOfPage":{"@id":"https:\/\/kallastetalu.ee\/en\/holiday-resort\/active-holiday\/felting-workshop\/#primaryimage"},"image":{"@id":"https:\/\/kallastetalu.ee\/en\/holiday-resort\/active-holiday\/felting-workshop\/#primaryimage"},"thumbnailUrl":"https:\/\/kallastetalu.ee\/wp-content\/uploads\/2025\/05\/20190607_192401.jpg","datePublished":"2025-05-27T10:24:51+00:00","dateModified":"2025-10-09T12:03:06+00:00","description":"Join our Felting Workshop at Kallaste Holiday Resort \u2013 craft with wool, learn traditional techniques, and create something warm and personal.","breadcrumb":{"@id":"https:\/\/kallastetalu.ee\/en\/holiday-resort\/active-holiday\/felting-workshop\/#breadcrumb"},"inLanguage":"en-US","potentialAction":[{"@type":"ReadAction","target":["https:\/\/kallastetalu.ee\/en\/holiday-resort\/active-holiday\/felting-workshop\/"]}]},{"@type":"ImageObject","inLanguage":"en-US","@id":"https:\/\/kallastetalu.ee\/en\/holiday-resort\/active-holiday\/felting-workshop\/#primaryimage","url":"https:\/\/kallastetalu.ee\/wp-content\/uploads\/2025\/05\/20190607_192401.jpg","contentUrl":"https:\/\/kallastetalu.ee\/wp-content\/uploads\/2025\/05\/20190607_192401.jpg","width":300,"height":225,"caption":"Viltimine viltimise t\u00f6\u00f6tuba Kallaste Turismitalus - \u00c4rksa hingega talu. P\u00f5nev t\u00f6\u00f6tuba igale \u00fcritusele - saunam\u00fctsi viltimine"},{"@type":"BreadcrumbList","@id":"https:\/\/kallastetalu.ee\/en\/holiday-resort\/active-holiday\/felting-workshop\/#breadcrumb","itemListElement":[{"@type":"ListItem","position":1,"name":"Home","item":"https:\/\/kallastetalu.ee\/en\/"},{"@type":"ListItem","position":2,"name":"Holiday Resort","item":"https:\/\/kallastetalu.ee\/en\/holiday-resort\/"},{"@type":"ListItem","position":3,"name":"Active Holiday","item":"https:\/\/kallastetalu.ee\/en\/holiday-resort\/active-holiday\/"},{"@type":"ListItem","position":4,"name":"Felting Workshop"}]},{"@type":"WebSite","@id":"https:\/\/kallastetalu.ee\/en\/#website","url":"https:\/\/kallastetalu.ee\/en\/","name":"Kallaste Turismitalu - \u00c4rksa hingega talu Harjumaal","description":"","publisher":{"@id":"https:\/\/kallastetalu.ee\/en\/#organization"},"potentialAction":[{"@type":"SearchAction","target":{"@type":"EntryPoint","urlTemplate":"https:\/\/kallastetalu.ee\/en\/?s={search_term_string}"},"query-input":{"@type":"PropertyValueSpecification","valueRequired":true,"valueName":"search_term_string"}}],"inLanguage":"en-US"},{"@type":"Organization","@id":"https:\/\/kallastetalu.ee\/en\/#organization","name":"Kallaste Turismitalu - \u00c4rksa hingega talu Harjumaal","url":"https:\/\/kallastetalu.ee\/en\/","logo":{"@type":"ImageObject","inLanguage":"en-US","@id":"https:\/\/kallastetalu.ee\/en\/#\/schema\/logo\/image\/","url":"https:\/\/kallastetalu.ee\/wp-content\/uploads\/2025\/04\/kallastetalu.svg","contentUrl":"https:\/\/kallastetalu.ee\/wp-content\/uploads\/2025\/04\/kallastetalu.svg","width":158,"height":127,"caption":"Kallaste Turismitalu - \u00c4rksa hingega talu Harjumaal"},"image":{"@id":"https:\/\/kallastetalu.ee\/en\/#\/schema\/logo\/image\/"},"sameAs":["https:\/\/www.facebook.com\/kallastetalu","https:\/\/www.instagram.com\/turismitalu","https:\/\/www.youtube.com\/@turismitalu","https:\/\/www.tripadvisor.com\/Hotel_Review-g19122067-d2677575-Reviews-Kallaste_Talu_Turismitalu_Holiday_Resort-Kasepere_Harju_County.html?m=19905"]}]}},"_links":{"self":[{"href":"https:\/\/kallastetalu.ee\/en\/wp-json\/wp\/v2\/pages\/4258","targetHints":{"allow":["GET"]}}],"collection":[{"href":"https:\/\/kallastetalu.ee\/en\/wp-json\/wp\/v2\/pages"}],"about":[{"href":"https:\/\/kallastetalu.ee\/en\/wp-json\/wp\/v2\/types\/page"}],"author":[{"embeddable":true,"href":"https:\/\/kallastetalu.ee\/en\/wp-json\/wp\/v2\/users\/1"}],"replies":[{"embeddable":true,"href":"https:\/\/kallastetalu.ee\/en\/wp-json\/wp\/v2\/comments?post=4258"}],"version-history":[{"count":2,"href":"https:\/\/kallastetalu.ee\/en\/wp-json\/wp\/v2\/pages\/4258\/revisions"}],"predecessor-version":[{"id":5910,"href":"https:\/\/kallastetalu.ee\/en\/wp-json\/wp\/v2\/pages\/4258\/revisions\/5910"}],"up":[{"embeddable":true,"href":"https:\/\/kallastetalu.ee\/en\/wp-json\/wp\/v2\/pages\/4094"}],"wp:featuredmedia":[{"embeddable":true,"href":"https:\/\/kallastetalu.ee\/en\/wp-json\/wp\/v2\/media\/2451"}],"wp:attachment":[{"href":"https:\/\/kallastetalu.ee\/en\/wp-json\/wp\/v2\/media?parent=4258"}],"curies":[{"name":"wp","href":"https:\/\/api.w.org\/{rel}","templated":true}]}}