{"id":4277,"date":"2025-05-29T08:37:41","date_gmt":"2025-05-29T08:37:41","guid":{"rendered":"https:\/\/kallastetalu.ee\/turismitalu\/aktiivne-puhkus\/discgolf\/"},"modified":"2025-06-04T16:50:06","modified_gmt":"2025-06-04T16:50:06","slug":"discgolf","status":"publish","type":"page","link":"https:\/\/kallastetalu.ee\/en\/holiday-resort\/active-holiday\/discgolf\/","title":{"rendered":"Disc Golf"},"content":{"rendered":"\n<section class=\"block-images\">\n                        <div class=\"block-images__image\">\n                <a \n                    href=\"https:\/\/kallastetalu.ee\/wp-content\/uploads\/2025\/05\/DSCF6833-1920x1080.jpg\" \n                    data-fancybox=\"gallery\" \n                    class=\"smooth-corners\"\n                    style=\"background-image: url('https:\/\/kallastetalu.ee\/wp-content\/uploads\/2025\/05\/DSCF6833-150x150.jpg');\"\n                >\n                    <img decoding=\"async\" src=\"https:\/\/kallastetalu.ee\/wp-content\/uploads\/2025\/05\/DSCF6833-150x150.jpg\" alt=\"\">\n                                                        <\/a>\n            <\/div>\n                                <div class=\"block-images__image\">\n                <a \n                    href=\"https:\/\/kallastetalu.ee\/wp-content\/uploads\/2025\/04\/cb3000e6949c50724c80ad0322a5589d03b664b6-1920x1080.png\" \n                    data-fancybox=\"gallery\" \n                    class=\"smooth-corners\"\n                    style=\"background-image: url('https:\/\/kallastetalu.ee\/wp-content\/uploads\/2025\/04\/cb3000e6949c50724c80ad0322a5589d03b664b6-150x150.png');\"\n                >\n                    <img decoding=\"async\" src=\"https:\/\/kallastetalu.ee\/wp-content\/uploads\/2025\/04\/cb3000e6949c50724c80ad0322a5589d03b664b6-150x150.png\" alt=\"Disc-Golf disc golf lendtaldriku golf inimene Elamustalu tegevus aktiivne puhkus Kallaste Turismitalu Padisel \u00e4rksa hingega talu Harjumaal www.kallastetalu.ee mets\">\n                                                        <\/a>\n            <\/div>\n                                <div class=\"block-images__image\">\n                <a \n                    href=\"https:\/\/kallastetalu.ee\/wp-content\/uploads\/2025\/05\/DSCF2029-1920x1080.jpg\" \n                    data-fancybox=\"gallery\" \n                    class=\"smooth-corners\"\n                    style=\"background-image: url('https:\/\/kallastetalu.ee\/wp-content\/uploads\/2025\/05\/DSCF2029-150x150.jpg');\"\n                >\n                    <img decoding=\"async\" src=\"https:\/\/kallastetalu.ee\/wp-content\/uploads\/2025\/05\/DSCF2029-150x150.jpg\" alt=\"\">\n                                                        <\/a>\n            <\/div>\n                                <div class=\"block-images__image\">\n                <a \n                    href=\"https:\/\/kallastetalu.ee\/wp-content\/uploads\/2025\/05\/Disc-Golfi-korv-mets-sugiz-uus-rada-elamustalu-Sugis-loodus-varvid-FB-Kallaste-Turismitalu-Padisel-arksa-hingega-talu-Harjumaal-www.kallastetalu.ee--1920x1080.jpg\" \n                    data-fancybox=\"gallery\" \n                    class=\"smooth-corners\"\n                    style=\"background-image: url('https:\/\/kallastetalu.ee\/wp-content\/uploads\/2025\/05\/Disc-Golfi-korv-mets-sugiz-uus-rada-elamustalu-Sugis-loodus-varvid-FB-Kallaste-Turismitalu-Padisel-arksa-hingega-talu-Harjumaal-www.kallastetalu.ee--150x150.jpg');\"\n                >\n                    <img decoding=\"async\" src=\"https:\/\/kallastetalu.ee\/wp-content\/uploads\/2025\/05\/Disc-Golfi-korv-mets-sugiz-uus-rada-elamustalu-Sugis-loodus-varvid-FB-Kallaste-Turismitalu-Padisel-arksa-hingega-talu-Harjumaal-www.kallastetalu.ee--150x150.jpg\" alt=\"\">\n                                                        <\/a>\n            <\/div>\n                                <div class=\"block-images__image\">\n                <a \n                    href=\"https:\/\/kallastetalu.ee\/wp-content\/uploads\/2025\/05\/Discgolf-Elamustalu-Kallaste-Turismitalu-Harjumaa-1920x1080.jpg\" \n                    data-fancybox=\"gallery\" \n                    class=\"smooth-corners\"\n                    style=\"background-image: url('https:\/\/kallastetalu.ee\/wp-content\/uploads\/2025\/05\/Discgolf-Elamustalu-Kallaste-Turismitalu-Harjumaa-150x150.jpg');\"\n                >\n                    <img decoding=\"async\" src=\"https:\/\/kallastetalu.ee\/wp-content\/uploads\/2025\/05\/Discgolf-Elamustalu-Kallaste-Turismitalu-Harjumaa-150x150.jpg\" alt=\"\">\n                                                        <\/a>\n            <\/div>\n            <\/section>\n\n\n\n<h2 class=\"wp-block-heading\" id=\"h-disc-golf-park-at-elamustalu\">Disc Golf Park at Elamustalu<\/h2>\n\n\n\n<p>The Elamustalu disc golf park at Kallaste Farm, with 18 holes, offers a pleasant and varied experience in the heart of Harju County! The game starts near the Main House, but since the order of the holes is not fixed, you can begin wherever you like \u2014 only the number of throws counts.<\/p>\n\n\n\n<p>Each hole begins from a specially marked tee area made of stone slabs located close to the basket. There, you will also find information about the location of the next basket and hole details. All subsequent throws are made from where the disc landed on the previous throw. The player whose disc is farthest from the basket always throws next. The hole is considered finished when all players have thrown their discs into the basket. The winner is the one who completes all holes with the fewest throws. That\u2019s disc golf in a nutshell.<\/p>\n\n\n\n<p>The Padise disc golf park features diverse terrain shapes. Beginners are advised to avoid throws across the river \u2014 discs may fall into the water and be lost.<\/p>\n\n\n<section class=\"blog-nb-section\">\n    <div class=\"upper\">\n        <svg xmlns=\"http:\/\/www.w3.org\/2000\/svg\" width=\"24\" height=\"24\" viewBox=\"0 0 24 24\" fill=\"none\">\n            <path d=\"M7.78216 3H16.2169C19.165 3 21 5.08119 21 8.02638V15.9736C21 18.9188 19.165 21 16.2159 21H7.78216C4.83405 21 3 18.9188 3 15.9736V8.02638C3 5.08119 4.84281 3 7.78216 3Z\" fill=\"#8D7971\" stroke=\"#8D7971\" stroke-width=\"1.5\" stroke-linecap=\"round\" stroke-linejoin=\"round\"\/>\n            <path d=\"M11.9941 8.98511V12.3117\" stroke=\"white\" stroke-width=\"1.5\" stroke-linecap=\"round\" stroke-linejoin=\"round\"\/>\n            <path d=\"M11.9941 12.3115L14.1322 15.0154\" stroke=\"white\" stroke-width=\"1.5\" stroke-linecap=\"round\" stroke-linejoin=\"round\"\/>\n            <path d=\"M11.9937 12.3115L9.86719 15.0008\" stroke=\"white\" stroke-width=\"1.5\" stroke-linecap=\"round\" stroke-linejoin=\"round\"\/>\n            <path d=\"M8.94141 11.2305L11.9907 12.3114\" stroke=\"white\" stroke-width=\"1.5\" stroke-linecap=\"round\" stroke-linejoin=\"round\"\/>\n            <path d=\"M11.9902 12.3114L15.057 11.2246\" stroke=\"white\" stroke-width=\"1.5\" stroke-linecap=\"round\" stroke-linejoin=\"round\"\/>\n        <\/svg>\n        <h3 class=\"blog-nb-section__title\">\n            Pay close attention!        <\/h3>\n    <\/div>\n    <p class=\"blog-nb-section__text\">\n        Watch your disc carefully \u2014 the nature here is wild and diverse, and it loves to hide discs. It\u2019s helpful when companions keep an eye on each other\u2019s discs.    <\/p>\n<\/section>\n\n\n    <a class=\"button\" href=\"https:\/\/kallastetalu.ee\/wp-content\/uploads\/2025\/05\/Padise-discgolfi-rada-ja-suunaviidad.pdf.pdf\" target=\"_self\">\n                    <img decoding=\"async\" src=\"https:\/\/kallastetalu.ee\/wp-content\/uploads\/2025\/04\/Map-location.svg\" \/>\n                Download the Disc Golf park map    <\/a>\n\n\n\n<h2 class=\"wp-block-heading\" id=\"h-don-t-have-disc-golf-discs-no-worries-you-can-rent-discs-from-us\">Don\u2019t have disc golf discs? No worries, you can rent discs from us.<\/h2>\n\n\n    <section class=\"price-list smooth-corners\">\n                    <div class=\"price-list__item\">\n                <div class=\"price-list__item-content\">\n                    <div class=\"price-list__item-content-name\">\n                        Course Use                    <\/div>\n                                        <div class=\"price-list__item-content-price smooth-corners\">\n                        5\u20ac                    <\/div>\n                                    <\/div>\n                            <\/div>\n                    <div class=\"price-list__item\">\n                <div class=\"price-list__item-content\">\n                    <div class=\"price-list__item-content-name\">\n                        Disc Rental                    <\/div>\n                                        <div class=\"price-list__item-content-price smooth-corners\">\n                        3\u20ac per disc                    <\/div>\n                                    <\/div>\n                                    <div class=\"price-list__item-notice\">\n                        (+ deposit 15\u20ac)                    <\/div>\n                            <\/div>\n                    <div class=\"price-list__item\">\n                <div class=\"price-list__item-content\">\n                    <div class=\"price-list__item-content-name\">\n                        Guiding instructor for the activity                    <\/div>\n                                        <div class=\"price-list__item-content-price smooth-corners\">\n                        from 81\u20ac per hour                    <\/div>\n                                    <\/div>\n                                    <div class=\"price-list__item-notice\">\n                        For groups up to 25 people, with an instructor, activity duration approximately 2\u20133 hours                    <\/div>\n                            <\/div>\n            <\/section>\n","protected":false},"excerpt":{"rendered":"Disc Golf Park at Elamustalu The Elamustalu disc golf park at Kallaste Farm, with 18 holes, offers a pleasant and varied experience in the&#8230;","protected":false},"author":2,"featured_media":2745,"parent":4094,"menu_order":6,"comment_status":"closed","ping_status":"closed","template":"page-templates\/template-accommodation-item.php","meta":{"_acf_changed":false,"inline_featured_image":false,"footnotes":""},"class_list":["post-4277","page","type-page","status-publish","has-post-thumbnail","hentry"],"acf":[],"yoast_head":"<!-- This site is optimized with the Yoast SEO Premium plugin v25.2 (Yoast SEO v26.7) - https:\/\/yoast.com\/wordpress\/plugins\/seo\/ -->\n<title>Discgolf- Aktiivne puhkus Kallaste Turismitalus sinu seltskonnale!<\/title>\n<meta name=\"description\" content=\"Elamustalu vaheldusrikas discgolfi park koosneb 18 rajast - mets, \u00fcrgorg, j\u00f5gi ja k\u00fcnklik maastik - mis v\u00f5iks minna valesti?\" \/>\n<meta name=\"robots\" content=\"index, follow, max-snippet:-1, max-image-preview:large, max-video-preview:-1\" \/>\n<link rel=\"canonical\" href=\"https:\/\/kallastetalu.ee\/en\/holiday-resort\/active-holiday\/discgolf\/\" \/>\n<meta property=\"og:locale\" content=\"en_US\" \/>\n<meta property=\"og:type\" content=\"article\" \/>\n<meta property=\"og:title\" content=\"Disc Golf\" \/>\n<meta property=\"og:description\" content=\"Elamustalu vaheldusrikas discgolfi park koosneb 18 rajast - mets, \u00fcrgorg, j\u00f5gi ja k\u00fcnklik maastik - mis v\u00f5iks minna valesti?\" \/>\n<meta property=\"og:url\" content=\"https:\/\/kallastetalu.ee\/en\/holiday-resort\/active-holiday\/discgolf\/\" \/>\n<meta property=\"og:site_name\" content=\"Kallaste Turismitalu - \u00c4rksa hingega Talu Harjumaal\" \/>\n<meta property=\"article:publisher\" content=\"https:\/\/www.facebook.com\/kallastetalu\" \/>\n<meta property=\"article:modified_time\" content=\"2025-06-04T16:50:06+00:00\" \/>\n<meta property=\"og:image\" content=\"https:\/\/kallastetalu.ee\/wp-content\/uploads\/2025\/05\/Disc-Golf-disc-golf-discgolf-Padisel-Kallaste-Turismitalus-18-korviga-Kallaste-Turismitalus.jpg\" \/>\n\t<meta property=\"og:image:width\" content=\"1200\" \/>\n\t<meta property=\"og:image:height\" content=\"800\" \/>\n\t<meta property=\"og:image:type\" content=\"image\/jpeg\" \/>\n<meta name=\"twitter:card\" content=\"summary_large_image\" \/>\n<meta name=\"twitter:label1\" content=\"Est. reading time\" \/>\n\t<meta name=\"twitter:data1\" content=\"2 minutes\" \/>\n<script type=\"application\/ld+json\" class=\"yoast-schema-graph\">{\"@context\":\"https:\/\/schema.org\",\"@graph\":[{\"@type\":\"WebPage\",\"@id\":\"https:\/\/kallastetalu.ee\/en\/holiday-resort\/active-holiday\/discgolf\/\",\"url\":\"https:\/\/kallastetalu.ee\/en\/holiday-resort\/active-holiday\/discgolf\/\",\"name\":\"Discgolf- Aktiivne puhkus Kallaste Turismitalus sinu seltskonnale!\",\"isPartOf\":{\"@id\":\"https:\/\/kallastetalu.ee\/en\/#website\"},\"primaryImageOfPage\":{\"@id\":\"https:\/\/kallastetalu.ee\/en\/holiday-resort\/active-holiday\/discgolf\/#primaryimage\"},\"image\":{\"@id\":\"https:\/\/kallastetalu.ee\/en\/holiday-resort\/active-holiday\/discgolf\/#primaryimage\"},\"thumbnailUrl\":\"https:\/\/kallastetalu.ee\/wp-content\/uploads\/2025\/05\/Disc-Golf-disc-golf-discgolf-Padisel-Kallaste-Turismitalus-18-korviga-Kallaste-Turismitalus.jpg\",\"datePublished\":\"2025-05-29T08:37:41+00:00\",\"dateModified\":\"2025-06-04T16:50:06+00:00\",\"description\":\"Elamustalu vaheldusrikas discgolfi park koosneb 18 rajast - mets, \u00fcrgorg, j\u00f5gi ja k\u00fcnklik maastik - mis v\u00f5iks minna valesti?\",\"breadcrumb\":{\"@id\":\"https:\/\/kallastetalu.ee\/en\/holiday-resort\/active-holiday\/discgolf\/#breadcrumb\"},\"inLanguage\":\"en-US\",\"potentialAction\":[{\"@type\":\"ReadAction\",\"target\":[\"https:\/\/kallastetalu.ee\/en\/holiday-resort\/active-holiday\/discgolf\/\"]}]},{\"@type\":\"ImageObject\",\"inLanguage\":\"en-US\",\"@id\":\"https:\/\/kallastetalu.ee\/en\/holiday-resort\/active-holiday\/discgolf\/#primaryimage\",\"url\":\"https:\/\/kallastetalu.ee\/wp-content\/uploads\/2025\/05\/Disc-Golf-disc-golf-discgolf-Padisel-Kallaste-Turismitalus-18-korviga-Kallaste-Turismitalus.jpg\",\"contentUrl\":\"https:\/\/kallastetalu.ee\/wp-content\/uploads\/2025\/05\/Disc-Golf-disc-golf-discgolf-Padisel-Kallaste-Turismitalus-18-korviga-Kallaste-Turismitalus.jpg\",\"width\":1200,\"height\":800,\"caption\":\"discgolf Disc-Golf-disc-golf-discgolf-Padisel-Kallaste-Turismitalus-18-korviga-Kallaste-Turismitalus\"},{\"@type\":\"BreadcrumbList\",\"@id\":\"https:\/\/kallastetalu.ee\/en\/holiday-resort\/active-holiday\/discgolf\/#breadcrumb\",\"itemListElement\":[{\"@type\":\"ListItem\",\"position\":1,\"name\":\"Home\",\"item\":\"https:\/\/kallastetalu.ee\/en\/\"},{\"@type\":\"ListItem\",\"position\":2,\"name\":\"Holiday Resort\",\"item\":\"https:\/\/kallastetalu.ee\/en\/holiday-resort\/\"},{\"@type\":\"ListItem\",\"position\":3,\"name\":\"Active Holiday\",\"item\":\"https:\/\/kallastetalu.ee\/en\/holiday-resort\/active-holiday\/\"},{\"@type\":\"ListItem\",\"position\":4,\"name\":\"Disc Golf\"}]},{\"@type\":\"WebSite\",\"@id\":\"https:\/\/kallastetalu.ee\/en\/#website\",\"url\":\"https:\/\/kallastetalu.ee\/en\/\",\"name\":\"Kallaste Turismitalu - \u00c4rksa hingega talu Harjumaal\",\"description\":\"\",\"publisher\":{\"@id\":\"https:\/\/kallastetalu.ee\/en\/#organization\"},\"potentialAction\":[{\"@type\":\"SearchAction\",\"target\":{\"@type\":\"EntryPoint\",\"urlTemplate\":\"https:\/\/kallastetalu.ee\/en\/?s={search_term_string}\"},\"query-input\":{\"@type\":\"PropertyValueSpecification\",\"valueRequired\":true,\"valueName\":\"search_term_string\"}}],\"inLanguage\":\"en-US\"},{\"@type\":\"Organization\",\"@id\":\"https:\/\/kallastetalu.ee\/en\/#organization\",\"name\":\"Kallaste Turismitalu - \u00c4rksa hingega talu Harjumaal\",\"url\":\"https:\/\/kallastetalu.ee\/en\/\",\"logo\":{\"@type\":\"ImageObject\",\"inLanguage\":\"en-US\",\"@id\":\"https:\/\/kallastetalu.ee\/en\/#\/schema\/logo\/image\/\",\"url\":\"https:\/\/kallastetalu.ee\/wp-content\/uploads\/2025\/04\/kallastetalu.svg\",\"contentUrl\":\"https:\/\/kallastetalu.ee\/wp-content\/uploads\/2025\/04\/kallastetalu.svg\",\"width\":158,\"height\":127,\"caption\":\"Kallaste Turismitalu - \u00c4rksa hingega talu Harjumaal\"},\"image\":{\"@id\":\"https:\/\/kallastetalu.ee\/en\/#\/schema\/logo\/image\/\"},\"sameAs\":[\"https:\/\/www.facebook.com\/kallastetalu\",\"https:\/\/www.instagram.com\/turismitalu\",\"https:\/\/www.youtube.com\/@turismitalu\",\"https:\/\/www.tripadvisor.com\/Hotel_Review-g19122067-d2677575-Reviews-Kallaste_Talu_Turismitalu_Holiday_Resort-Kasepere_Harju_County.html?m=19905\"]}]}<\/script>\n<!-- \/ Yoast SEO Premium plugin. -->","yoast_head_json":{"title":"Discgolf- Aktiivne puhkus Kallaste Turismitalus sinu seltskonnale!","description":"Elamustalu vaheldusrikas discgolfi park koosneb 18 rajast - mets, \u00fcrgorg, j\u00f5gi ja k\u00fcnklik maastik - mis v\u00f5iks minna valesti?","robots":{"index":"index","follow":"follow","max-snippet":"max-snippet:-1","max-image-preview":"max-image-preview:large","max-video-preview":"max-video-preview:-1"},"canonical":"https:\/\/kallastetalu.ee\/en\/holiday-resort\/active-holiday\/discgolf\/","og_locale":"en_US","og_type":"article","og_title":"Disc Golf","og_description":"Elamustalu vaheldusrikas discgolfi park koosneb 18 rajast - mets, \u00fcrgorg, j\u00f5gi ja k\u00fcnklik maastik - mis v\u00f5iks minna valesti?","og_url":"https:\/\/kallastetalu.ee\/en\/holiday-resort\/active-holiday\/discgolf\/","og_site_name":"Kallaste Turismitalu - \u00c4rksa hingega Talu Harjumaal","article_publisher":"https:\/\/www.facebook.com\/kallastetalu","article_modified_time":"2025-06-04T16:50:06+00:00","og_image":[{"width":1200,"height":800,"url":"https:\/\/kallastetalu.ee\/wp-content\/uploads\/2025\/05\/Disc-Golf-disc-golf-discgolf-Padisel-Kallaste-Turismitalus-18-korviga-Kallaste-Turismitalus.jpg","type":"image\/jpeg"}],"twitter_card":"summary_large_image","twitter_misc":{"Est. reading time":"2 minutes"},"schema":{"@context":"https:\/\/schema.org","@graph":[{"@type":"WebPage","@id":"https:\/\/kallastetalu.ee\/en\/holiday-resort\/active-holiday\/discgolf\/","url":"https:\/\/kallastetalu.ee\/en\/holiday-resort\/active-holiday\/discgolf\/","name":"Discgolf- Aktiivne puhkus Kallaste Turismitalus sinu seltskonnale!","isPartOf":{"@id":"https:\/\/kallastetalu.ee\/en\/#website"},"primaryImageOfPage":{"@id":"https:\/\/kallastetalu.ee\/en\/holiday-resort\/active-holiday\/discgolf\/#primaryimage"},"image":{"@id":"https:\/\/kallastetalu.ee\/en\/holiday-resort\/active-holiday\/discgolf\/#primaryimage"},"thumbnailUrl":"https:\/\/kallastetalu.ee\/wp-content\/uploads\/2025\/05\/Disc-Golf-disc-golf-discgolf-Padisel-Kallaste-Turismitalus-18-korviga-Kallaste-Turismitalus.jpg","datePublished":"2025-05-29T08:37:41+00:00","dateModified":"2025-06-04T16:50:06+00:00","description":"Elamustalu vaheldusrikas discgolfi park koosneb 18 rajast - mets, \u00fcrgorg, j\u00f5gi ja k\u00fcnklik maastik - mis v\u00f5iks minna valesti?","breadcrumb":{"@id":"https:\/\/kallastetalu.ee\/en\/holiday-resort\/active-holiday\/discgolf\/#breadcrumb"},"inLanguage":"en-US","potentialAction":[{"@type":"ReadAction","target":["https:\/\/kallastetalu.ee\/en\/holiday-resort\/active-holiday\/discgolf\/"]}]},{"@type":"ImageObject","inLanguage":"en-US","@id":"https:\/\/kallastetalu.ee\/en\/holiday-resort\/active-holiday\/discgolf\/#primaryimage","url":"https:\/\/kallastetalu.ee\/wp-content\/uploads\/2025\/05\/Disc-Golf-disc-golf-discgolf-Padisel-Kallaste-Turismitalus-18-korviga-Kallaste-Turismitalus.jpg","contentUrl":"https:\/\/kallastetalu.ee\/wp-content\/uploads\/2025\/05\/Disc-Golf-disc-golf-discgolf-Padisel-Kallaste-Turismitalus-18-korviga-Kallaste-Turismitalus.jpg","width":1200,"height":800,"caption":"discgolf Disc-Golf-disc-golf-discgolf-Padisel-Kallaste-Turismitalus-18-korviga-Kallaste-Turismitalus"},{"@type":"BreadcrumbList","@id":"https:\/\/kallastetalu.ee\/en\/holiday-resort\/active-holiday\/discgolf\/#breadcrumb","itemListElement":[{"@type":"ListItem","position":1,"name":"Home","item":"https:\/\/kallastetalu.ee\/en\/"},{"@type":"ListItem","position":2,"name":"Holiday Resort","item":"https:\/\/kallastetalu.ee\/en\/holiday-resort\/"},{"@type":"ListItem","position":3,"name":"Active Holiday","item":"https:\/\/kallastetalu.ee\/en\/holiday-resort\/active-holiday\/"},{"@type":"ListItem","position":4,"name":"Disc Golf"}]},{"@type":"WebSite","@id":"https:\/\/kallastetalu.ee\/en\/#website","url":"https:\/\/kallastetalu.ee\/en\/","name":"Kallaste Turismitalu - \u00c4rksa hingega talu Harjumaal","description":"","publisher":{"@id":"https:\/\/kallastetalu.ee\/en\/#organization"},"potentialAction":[{"@type":"SearchAction","target":{"@type":"EntryPoint","urlTemplate":"https:\/\/kallastetalu.ee\/en\/?s={search_term_string}"},"query-input":{"@type":"PropertyValueSpecification","valueRequired":true,"valueName":"search_term_string"}}],"inLanguage":"en-US"},{"@type":"Organization","@id":"https:\/\/kallastetalu.ee\/en\/#organization","name":"Kallaste Turismitalu - \u00c4rksa hingega talu Harjumaal","url":"https:\/\/kallastetalu.ee\/en\/","logo":{"@type":"ImageObject","inLanguage":"en-US","@id":"https:\/\/kallastetalu.ee\/en\/#\/schema\/logo\/image\/","url":"https:\/\/kallastetalu.ee\/wp-content\/uploads\/2025\/04\/kallastetalu.svg","contentUrl":"https:\/\/kallastetalu.ee\/wp-content\/uploads\/2025\/04\/kallastetalu.svg","width":158,"height":127,"caption":"Kallaste Turismitalu - \u00c4rksa hingega talu Harjumaal"},"image":{"@id":"https:\/\/kallastetalu.ee\/en\/#\/schema\/logo\/image\/"},"sameAs":["https:\/\/www.facebook.com\/kallastetalu","https:\/\/www.instagram.com\/turismitalu","https:\/\/www.youtube.com\/@turismitalu","https:\/\/www.tripadvisor.com\/Hotel_Review-g19122067-d2677575-Reviews-Kallaste_Talu_Turismitalu_Holiday_Resort-Kasepere_Harju_County.html?m=19905"]}]}},"_links":{"self":[{"href":"https:\/\/kallastetalu.ee\/en\/wp-json\/wp\/v2\/pages\/4277","targetHints":{"allow":["GET"]}}],"collection":[{"href":"https:\/\/kallastetalu.ee\/en\/wp-json\/wp\/v2\/pages"}],"about":[{"href":"https:\/\/kallastetalu.ee\/en\/wp-json\/wp\/v2\/types\/page"}],"author":[{"embeddable":true,"href":"https:\/\/kallastetalu.ee\/en\/wp-json\/wp\/v2\/users\/2"}],"replies":[{"embeddable":true,"href":"https:\/\/kallastetalu.ee\/en\/wp-json\/wp\/v2\/comments?post=4277"}],"version-history":[{"count":1,"href":"https:\/\/kallastetalu.ee\/en\/wp-json\/wp\/v2\/pages\/4277\/revisions"}],"predecessor-version":[{"id":4282,"href":"https:\/\/kallastetalu.ee\/en\/wp-json\/wp\/v2\/pages\/4277\/revisions\/4282"}],"up":[{"embeddable":true,"href":"https:\/\/kallastetalu.ee\/en\/wp-json\/wp\/v2\/pages\/4094"}],"wp:featuredmedia":[{"embeddable":true,"href":"https:\/\/kallastetalu.ee\/en\/wp-json\/wp\/v2\/media\/2745"}],"wp:attachment":[{"href":"https:\/\/kallastetalu.ee\/en\/wp-json\/wp\/v2\/media?parent=4277"}],"curies":[{"name":"wp","href":"https:\/\/api.w.org\/{rel}","templated":true}]}}