{"id":4303,"date":"2025-05-19T07:00:30","date_gmt":"2025-05-19T07:00:30","guid":{"rendered":"https:\/\/kallastetalu.ee\/turismitalu\/peod\/meeskonnakoolitus\/"},"modified":"2025-06-11T09:52:37","modified_gmt":"2025-06-11T09:52:37","slug":"meeskonnakoolitus","status":"publish","type":"page","link":"https:\/\/kallastetalu.ee\/en\/holiday-resort\/peod\/meeskonnakoolitus\/","title":{"rendered":"Team Training"},"content":{"rendered":"\n<h2 class=\"wp-block-heading\" id=\"h-team-trainings-in-the-midst-of-nature-where-learning-truly-gains-momentum\">Team trainings in the midst of nature \u2014 where learning truly gains momentum<\/h2>\n\n\n\n<p>A team doesn\u2019t grow just by sitting. Sometimes you need to run, climb, listen, argue, laugh, and think outside the box \u2014 or even step outside the box itself. At Kallaste Turismitalu, team training is much more than just professional development: it\u2019s a refreshing experience embraced by nature, where new perspectives arise and team spirit strengthens.<\/p>\n\n\n\n<h3 class=\"wp-block-heading\" id=\"h-training-that-leaves-a-lasting-impression\">Training that leaves a lasting impression<\/h3>\n\n\n\n<p>With us, you can combine the useful and the fun \u2014 alongside seminars and workshops, you\u2019ll find team games, practical exercises, and activities that challenge the team exactly where it matters most: in collaboration, trust, and achieving a shared goal.<\/p>\n\n\n\n<h2 class=\"wp-block-heading\" id=\"h-trusted-partners-different-approaches-a-common-goal\">Trusted partners \u2014 different approaches, a common goal<\/h2>\n\n\n\n<h2 class=\"wp-block-heading\" id=\"h-seiklusring-depth-analysis-and-conscious-development\">Seiklusring \u2014 depth, analysis, and conscious development<\/h2>\n\n\n\n<p>Seiklusring\u2019s team training focuses on experiential learning, conscious discussion, and continuous feedback. Trainings are structured so that every activity has a purpose: whether developing cooperation skills, understanding group dynamics, or implementing specific organizational changes. Exercises can be repeated and refined to perfection at the Padise adventure park.<\/p>\n\n\n    <a class=\"button\" href=\"https:\/\/www.seiklusring.ee\/kodu\/meeskonnatoo-koolitus\/meeskonnatoo-koolitus\/\" target=\"_blank\">\n                Seiklusring    <\/a>\n\n\n\n<h2 class=\"wp-block-heading\" id=\"h-360-kraadi-educational-playful-and-truly-engaging\">360 Kraadi \u2013 educational, playful, and truly engaging<\/h2>\n\n\n\n<p>360 Kraadi has developed a team training format that combines thought-provoking content with fun activities. Team games of various kinds such as No Easy Day, Boosting Revenue, or Fax from Headquarters get teams moving, thinking together, and discovering each other from a new perspective. Trainings are always created in collaboration with the client and tailored specifically for your team.<\/p>\n\n\n    <a class=\"button\" href=\"https:\/\/360.ee\/meeskonnakoolitused\/meeskonnakoolitus\/\" target=\"_self\">\n                360 KRAADI    <\/a>\n\n\n\n<h2 class=\"wp-block-heading\" id=\"h-mad-team-training-agency-cooperation-training-for-the-digital-age\">MAD (Team Training Agency) \u2013 cooperation training for the digital age<\/h2>\n\n\n\n<p>MAD trainings help teams learn to collaborate on a new level \u2014 where people don\u2019t work physically together but still must function as a unified team. The goal is to teach coordination, role and responsibility distribution, and communication through modern technological platforms. A practical and results-oriented approach suitable for every modern team.<\/p>\n\n\n    <a class=\"button\" href=\"http:\/\/www.mad.ee\/\" target=\"_blank\">\n                MAD    <\/a>\n\n\n\n<p>Training in Nature \u2013 Why Here?<\/p>\n\n\n\n<p>Kallaste Turismitalu isn\u2019t just a place \u2014 it\u2019s where you can truly focus, engage, and experience. Here, lush nature, a large territory, and the environment help thoughts flow and teams open up. With us you get:<\/p>\n\n\n\n<p>Accommodation for up to 85 people \u2014 the whole team can stay in one place<\/p>\n\n\n\n<p>Seminar rooms surrounded by greenery, perfect for both small and large discussions<\/p>\n\n\n\n<p>Outdoor areas for active exercises and group games<\/p>\n\n\n\n<p>Catering \u2014 a warm meal or an energy snack right when needed<\/p>\n\n\n\n<p>Saunas, tubs, and campfire spots \u2014 ideal relaxation after a training day<\/p>\n\n\n<section class=\"blog-nb-section\">\n    <div class=\"upper\">\n        <svg xmlns=\"http:\/\/www.w3.org\/2000\/svg\" width=\"24\" height=\"24\" viewBox=\"0 0 24 24\" fill=\"none\">\n            <path d=\"M7.78216 3H16.2169C19.165 3 21 5.08119 21 8.02638V15.9736C21 18.9188 19.165 21 16.2159 21H7.78216C4.83405 21 3 18.9188 3 15.9736V8.02638C3 5.08119 4.84281 3 7.78216 3Z\" fill=\"#8D7971\" stroke=\"#8D7971\" stroke-width=\"1.5\" stroke-linecap=\"round\" stroke-linejoin=\"round\"\/>\n            <path d=\"M11.9941 8.98511V12.3117\" stroke=\"white\" stroke-width=\"1.5\" stroke-linecap=\"round\" stroke-linejoin=\"round\"\/>\n            <path d=\"M11.9941 12.3115L14.1322 15.0154\" stroke=\"white\" stroke-width=\"1.5\" stroke-linecap=\"round\" stroke-linejoin=\"round\"\/>\n            <path d=\"M11.9937 12.3115L9.86719 15.0008\" stroke=\"white\" stroke-width=\"1.5\" stroke-linecap=\"round\" stroke-linejoin=\"round\"\/>\n            <path d=\"M8.94141 11.2305L11.9907 12.3114\" stroke=\"white\" stroke-width=\"1.5\" stroke-linecap=\"round\" stroke-linejoin=\"round\"\/>\n            <path d=\"M11.9902 12.3114L15.057 11.2246\" stroke=\"white\" stroke-width=\"1.5\" stroke-linecap=\"round\" stroke-linejoin=\"round\"\/>\n        <\/svg>\n        <h3 class=\"blog-nb-section__title\">\n            Combine team training with a concert!        <\/h3>\n    <\/div>\n    <p class=\"blog-nb-section__text\">\n        It\u2019s smart to combine team training with a concert at Kalju-lava. Work by day, fun by night!    <\/p>\n<\/section>\n\n\n\n<h2 class=\"wp-block-heading\" id=\"h-an-investment-that-pays-off\">An investment that pays off<\/h2>\n\n\n\n<p>A strong team is every company\u2019s greatest asset. At Kallaste Farm, we create an environment where people don\u2019t just do exercises \u2014 they truly understand how to work together better, clearer, and with more care. And most importantly \u2014 it all happens in a way that is meaningful, playful, and unforgettable.<\/p>\n\n\n\n<p>Come and take your team out \u2014 so you can return stronger.<\/p>\n\n\n\n<p><\/p>\n","protected":false},"excerpt":{"rendered":"Team trainings in the midst of nature \u2014 where learning truly gains momentum A team doesn\u2019t grow just by sitting. Sometimes you need to&#8230;","protected":false},"author":1,"featured_media":2710,"parent":4290,"menu_order":0,"comment_status":"closed","ping_status":"closed","template":"page-templates\/template-accommodation-item.php","meta":{"_acf_changed":false,"inline_featured_image":false,"footnotes":""},"class_list":["post-4303","page","type-page","status-publish","has-post-thumbnail","hentry"],"acf":[],"yoast_head":"<!-- This site is optimized with the Yoast SEO Premium plugin v25.2 (Yoast SEO v26.7) - https:\/\/yoast.com\/wordpress\/plugins\/seo\/ -->\n<title>Team Training - Kallaste Turismitalu - \u00c4rksa hingega Talu Harjumaal<\/title>\n<meta name=\"description\" content=\"Meeskonnakoolitus, sest hea tiim on iga ettev\u00f5tte suurim v\u00e4\u00e4rtus! Meil on keskkond, kus inimesed saavad aru, kuidas koos paremini toimida.\" \/>\n<meta name=\"robots\" content=\"index, follow, max-snippet:-1, max-image-preview:large, max-video-preview:-1\" \/>\n<link rel=\"canonical\" href=\"https:\/\/kallastetalu.ee\/en\/holiday-resort\/peod\/meeskonnakoolitus\/\" \/>\n<meta property=\"og:locale\" content=\"en_US\" \/>\n<meta property=\"og:type\" content=\"article\" \/>\n<meta property=\"og:title\" content=\"Team Training\" \/>\n<meta property=\"og:description\" content=\"Meeskonnakoolitus, sest hea tiim on iga ettev\u00f5tte suurim v\u00e4\u00e4rtus! Meil on keskkond, kus inimesed saavad aru, kuidas koos paremini toimida.\" \/>\n<meta property=\"og:url\" content=\"https:\/\/kallastetalu.ee\/en\/holiday-resort\/peod\/meeskonnakoolitus\/\" \/>\n<meta property=\"og:site_name\" content=\"Kallaste Turismitalu - \u00c4rksa hingega Talu Harjumaal\" \/>\n<meta property=\"article:publisher\" content=\"https:\/\/www.facebook.com\/kallastetalu\" \/>\n<meta property=\"article:modified_time\" content=\"2025-06-11T09:52:37+00:00\" \/>\n<meta property=\"og:image\" content=\"https:\/\/kallastetalu.ee\/wp-content\/uploads\/2025\/05\/suvepaeva-lobustused.jpg\" \/>\n\t<meta property=\"og:image:width\" content=\"800\" \/>\n\t<meta property=\"og:image:height\" content=\"450\" \/>\n\t<meta property=\"og:image:type\" content=\"image\/jpeg\" \/>\n<meta name=\"twitter:card\" content=\"summary_large_image\" \/>\n<meta name=\"twitter:label1\" content=\"Est. reading time\" \/>\n\t<meta name=\"twitter:data1\" content=\"3 minutes\" \/>\n<script type=\"application\/ld+json\" class=\"yoast-schema-graph\">{\"@context\":\"https:\/\/schema.org\",\"@graph\":[{\"@type\":\"WebPage\",\"@id\":\"https:\/\/kallastetalu.ee\/en\/holiday-resort\/peod\/meeskonnakoolitus\/\",\"url\":\"https:\/\/kallastetalu.ee\/en\/holiday-resort\/peod\/meeskonnakoolitus\/\",\"name\":\"Team Training - Kallaste Turismitalu - \u00c4rksa hingega Talu Harjumaal\",\"isPartOf\":{\"@id\":\"https:\/\/kallastetalu.ee\/en\/#website\"},\"primaryImageOfPage\":{\"@id\":\"https:\/\/kallastetalu.ee\/en\/holiday-resort\/peod\/meeskonnakoolitus\/#primaryimage\"},\"image\":{\"@id\":\"https:\/\/kallastetalu.ee\/en\/holiday-resort\/peod\/meeskonnakoolitus\/#primaryimage\"},\"thumbnailUrl\":\"https:\/\/kallastetalu.ee\/wp-content\/uploads\/2025\/05\/suvepaeva-lobustused.jpg\",\"datePublished\":\"2025-05-19T07:00:30+00:00\",\"dateModified\":\"2025-06-11T09:52:37+00:00\",\"description\":\"Meeskonnakoolitus, sest hea tiim on iga ettev\u00f5tte suurim v\u00e4\u00e4rtus! Meil on keskkond, kus inimesed saavad aru, kuidas koos paremini toimida.\",\"breadcrumb\":{\"@id\":\"https:\/\/kallastetalu.ee\/en\/holiday-resort\/peod\/meeskonnakoolitus\/#breadcrumb\"},\"inLanguage\":\"en-US\",\"potentialAction\":[{\"@type\":\"ReadAction\",\"target\":[\"https:\/\/kallastetalu.ee\/en\/holiday-resort\/peod\/meeskonnakoolitus\/\"]}]},{\"@type\":\"ImageObject\",\"inLanguage\":\"en-US\",\"@id\":\"https:\/\/kallastetalu.ee\/en\/holiday-resort\/peod\/meeskonnakoolitus\/#primaryimage\",\"url\":\"https:\/\/kallastetalu.ee\/wp-content\/uploads\/2025\/05\/suvepaeva-lobustused.jpg\",\"contentUrl\":\"https:\/\/kallastetalu.ee\/wp-content\/uploads\/2025\/05\/suvepaeva-lobustused.jpg\",\"width\":800,\"height\":450,\"caption\":\"suvepaeva-lobustused meeskonnatreening meeskonnakoolitused Kallaste Turismitalus\"},{\"@type\":\"BreadcrumbList\",\"@id\":\"https:\/\/kallastetalu.ee\/en\/holiday-resort\/peod\/meeskonnakoolitus\/#breadcrumb\",\"itemListElement\":[{\"@type\":\"ListItem\",\"position\":1,\"name\":\"Home\",\"item\":\"https:\/\/kallastetalu.ee\/en\/\"},{\"@type\":\"ListItem\",\"position\":2,\"name\":\"Holiday Resort\",\"item\":\"https:\/\/kallastetalu.ee\/en\/holiday-resort\/\"},{\"@type\":\"ListItem\",\"position\":3,\"name\":\"Parties\",\"item\":\"https:\/\/kallastetalu.ee\/en\/holiday-resort\/peod\/\"},{\"@type\":\"ListItem\",\"position\":4,\"name\":\"Team Training\"}]},{\"@type\":\"WebSite\",\"@id\":\"https:\/\/kallastetalu.ee\/en\/#website\",\"url\":\"https:\/\/kallastetalu.ee\/en\/\",\"name\":\"Kallaste Turismitalu - \u00c4rksa hingega talu Harjumaal\",\"description\":\"\",\"publisher\":{\"@id\":\"https:\/\/kallastetalu.ee\/en\/#organization\"},\"potentialAction\":[{\"@type\":\"SearchAction\",\"target\":{\"@type\":\"EntryPoint\",\"urlTemplate\":\"https:\/\/kallastetalu.ee\/en\/?s={search_term_string}\"},\"query-input\":{\"@type\":\"PropertyValueSpecification\",\"valueRequired\":true,\"valueName\":\"search_term_string\"}}],\"inLanguage\":\"en-US\"},{\"@type\":\"Organization\",\"@id\":\"https:\/\/kallastetalu.ee\/en\/#organization\",\"name\":\"Kallaste Turismitalu - \u00c4rksa hingega talu Harjumaal\",\"url\":\"https:\/\/kallastetalu.ee\/en\/\",\"logo\":{\"@type\":\"ImageObject\",\"inLanguage\":\"en-US\",\"@id\":\"https:\/\/kallastetalu.ee\/en\/#\/schema\/logo\/image\/\",\"url\":\"https:\/\/kallastetalu.ee\/wp-content\/uploads\/2025\/04\/kallastetalu.svg\",\"contentUrl\":\"https:\/\/kallastetalu.ee\/wp-content\/uploads\/2025\/04\/kallastetalu.svg\",\"width\":158,\"height\":127,\"caption\":\"Kallaste Turismitalu - \u00c4rksa hingega talu Harjumaal\"},\"image\":{\"@id\":\"https:\/\/kallastetalu.ee\/en\/#\/schema\/logo\/image\/\"},\"sameAs\":[\"https:\/\/www.facebook.com\/kallastetalu\",\"https:\/\/www.instagram.com\/turismitalu\",\"https:\/\/www.youtube.com\/@turismitalu\",\"https:\/\/www.tripadvisor.com\/Hotel_Review-g19122067-d2677575-Reviews-Kallaste_Talu_Turismitalu_Holiday_Resort-Kasepere_Harju_County.html?m=19905\"]}]}<\/script>\n<!-- \/ Yoast SEO Premium plugin. -->","yoast_head_json":{"title":"Team Training - Kallaste Turismitalu - \u00c4rksa hingega Talu Harjumaal","description":"Meeskonnakoolitus, sest hea tiim on iga ettev\u00f5tte suurim v\u00e4\u00e4rtus! Meil on keskkond, kus inimesed saavad aru, kuidas koos paremini toimida.","robots":{"index":"index","follow":"follow","max-snippet":"max-snippet:-1","max-image-preview":"max-image-preview:large","max-video-preview":"max-video-preview:-1"},"canonical":"https:\/\/kallastetalu.ee\/en\/holiday-resort\/peod\/meeskonnakoolitus\/","og_locale":"en_US","og_type":"article","og_title":"Team Training","og_description":"Meeskonnakoolitus, sest hea tiim on iga ettev\u00f5tte suurim v\u00e4\u00e4rtus! Meil on keskkond, kus inimesed saavad aru, kuidas koos paremini toimida.","og_url":"https:\/\/kallastetalu.ee\/en\/holiday-resort\/peod\/meeskonnakoolitus\/","og_site_name":"Kallaste Turismitalu - \u00c4rksa hingega Talu Harjumaal","article_publisher":"https:\/\/www.facebook.com\/kallastetalu","article_modified_time":"2025-06-11T09:52:37+00:00","og_image":[{"width":800,"height":450,"url":"https:\/\/kallastetalu.ee\/wp-content\/uploads\/2025\/05\/suvepaeva-lobustused.jpg","type":"image\/jpeg"}],"twitter_card":"summary_large_image","twitter_misc":{"Est. reading time":"3 minutes"},"schema":{"@context":"https:\/\/schema.org","@graph":[{"@type":"WebPage","@id":"https:\/\/kallastetalu.ee\/en\/holiday-resort\/peod\/meeskonnakoolitus\/","url":"https:\/\/kallastetalu.ee\/en\/holiday-resort\/peod\/meeskonnakoolitus\/","name":"Team Training - Kallaste Turismitalu - \u00c4rksa hingega Talu Harjumaal","isPartOf":{"@id":"https:\/\/kallastetalu.ee\/en\/#website"},"primaryImageOfPage":{"@id":"https:\/\/kallastetalu.ee\/en\/holiday-resort\/peod\/meeskonnakoolitus\/#primaryimage"},"image":{"@id":"https:\/\/kallastetalu.ee\/en\/holiday-resort\/peod\/meeskonnakoolitus\/#primaryimage"},"thumbnailUrl":"https:\/\/kallastetalu.ee\/wp-content\/uploads\/2025\/05\/suvepaeva-lobustused.jpg","datePublished":"2025-05-19T07:00:30+00:00","dateModified":"2025-06-11T09:52:37+00:00","description":"Meeskonnakoolitus, sest hea tiim on iga ettev\u00f5tte suurim v\u00e4\u00e4rtus! Meil on keskkond, kus inimesed saavad aru, kuidas koos paremini toimida.","breadcrumb":{"@id":"https:\/\/kallastetalu.ee\/en\/holiday-resort\/peod\/meeskonnakoolitus\/#breadcrumb"},"inLanguage":"en-US","potentialAction":[{"@type":"ReadAction","target":["https:\/\/kallastetalu.ee\/en\/holiday-resort\/peod\/meeskonnakoolitus\/"]}]},{"@type":"ImageObject","inLanguage":"en-US","@id":"https:\/\/kallastetalu.ee\/en\/holiday-resort\/peod\/meeskonnakoolitus\/#primaryimage","url":"https:\/\/kallastetalu.ee\/wp-content\/uploads\/2025\/05\/suvepaeva-lobustused.jpg","contentUrl":"https:\/\/kallastetalu.ee\/wp-content\/uploads\/2025\/05\/suvepaeva-lobustused.jpg","width":800,"height":450,"caption":"suvepaeva-lobustused meeskonnatreening meeskonnakoolitused Kallaste Turismitalus"},{"@type":"BreadcrumbList","@id":"https:\/\/kallastetalu.ee\/en\/holiday-resort\/peod\/meeskonnakoolitus\/#breadcrumb","itemListElement":[{"@type":"ListItem","position":1,"name":"Home","item":"https:\/\/kallastetalu.ee\/en\/"},{"@type":"ListItem","position":2,"name":"Holiday Resort","item":"https:\/\/kallastetalu.ee\/en\/holiday-resort\/"},{"@type":"ListItem","position":3,"name":"Parties","item":"https:\/\/kallastetalu.ee\/en\/holiday-resort\/peod\/"},{"@type":"ListItem","position":4,"name":"Team Training"}]},{"@type":"WebSite","@id":"https:\/\/kallastetalu.ee\/en\/#website","url":"https:\/\/kallastetalu.ee\/en\/","name":"Kallaste Turismitalu - \u00c4rksa hingega talu Harjumaal","description":"","publisher":{"@id":"https:\/\/kallastetalu.ee\/en\/#organization"},"potentialAction":[{"@type":"SearchAction","target":{"@type":"EntryPoint","urlTemplate":"https:\/\/kallastetalu.ee\/en\/?s={search_term_string}"},"query-input":{"@type":"PropertyValueSpecification","valueRequired":true,"valueName":"search_term_string"}}],"inLanguage":"en-US"},{"@type":"Organization","@id":"https:\/\/kallastetalu.ee\/en\/#organization","name":"Kallaste Turismitalu - \u00c4rksa hingega talu Harjumaal","url":"https:\/\/kallastetalu.ee\/en\/","logo":{"@type":"ImageObject","inLanguage":"en-US","@id":"https:\/\/kallastetalu.ee\/en\/#\/schema\/logo\/image\/","url":"https:\/\/kallastetalu.ee\/wp-content\/uploads\/2025\/04\/kallastetalu.svg","contentUrl":"https:\/\/kallastetalu.ee\/wp-content\/uploads\/2025\/04\/kallastetalu.svg","width":158,"height":127,"caption":"Kallaste Turismitalu - \u00c4rksa hingega talu Harjumaal"},"image":{"@id":"https:\/\/kallastetalu.ee\/en\/#\/schema\/logo\/image\/"},"sameAs":["https:\/\/www.facebook.com\/kallastetalu","https:\/\/www.instagram.com\/turismitalu","https:\/\/www.youtube.com\/@turismitalu","https:\/\/www.tripadvisor.com\/Hotel_Review-g19122067-d2677575-Reviews-Kallaste_Talu_Turismitalu_Holiday_Resort-Kasepere_Harju_County.html?m=19905"]}]}},"_links":{"self":[{"href":"https:\/\/kallastetalu.ee\/en\/wp-json\/wp\/v2\/pages\/4303","targetHints":{"allow":["GET"]}}],"collection":[{"href":"https:\/\/kallastetalu.ee\/en\/wp-json\/wp\/v2\/pages"}],"about":[{"href":"https:\/\/kallastetalu.ee\/en\/wp-json\/wp\/v2\/types\/page"}],"author":[{"embeddable":true,"href":"https:\/\/kallastetalu.ee\/en\/wp-json\/wp\/v2\/users\/1"}],"replies":[{"embeddable":true,"href":"https:\/\/kallastetalu.ee\/en\/wp-json\/wp\/v2\/comments?post=4303"}],"version-history":[{"count":2,"href":"https:\/\/kallastetalu.ee\/en\/wp-json\/wp\/v2\/pages\/4303\/revisions"}],"predecessor-version":[{"id":5076,"href":"https:\/\/kallastetalu.ee\/en\/wp-json\/wp\/v2\/pages\/4303\/revisions\/5076"}],"up":[{"embeddable":true,"href":"https:\/\/kallastetalu.ee\/en\/wp-json\/wp\/v2\/pages\/4290"}],"wp:featuredmedia":[{"embeddable":true,"href":"https:\/\/kallastetalu.ee\/en\/wp-json\/wp\/v2\/media\/2710"}],"wp:attachment":[{"href":"https:\/\/kallastetalu.ee\/en\/wp-json\/wp\/v2\/media?parent=4303"}],"curies":[{"name":"wp","href":"https:\/\/api.w.org\/{rel}","templated":true}]}}