{"id":4341,"date":"2025-04-29T10:15:57","date_gmt":"2025-04-29T10:15:57","guid":{"rendered":"https:\/\/kallastetalu.ee\/turismitalu\/paketid\/lapse-sunnipaevapakett\/"},"modified":"2025-06-08T21:33:36","modified_gmt":"2025-06-08T21:33:36","slug":"kids-birthday-package","status":"publish","type":"page","link":"https:\/\/kallastetalu.ee\/en\/holiday-resort\/paketid\/kids-birthday-package\/","title":{"rendered":"Kids Birthday Package at ELAMUSTALU"},"content":{"rendered":"\n<section class=\"block-images\">\n                        <div class=\"block-images__image\">\n                <a \n                    href=\"https:\/\/kallastetalu.ee\/wp-content\/uploads\/2025\/05\/20240504_111030-1920x1080.jpg\" \n                    data-fancybox=\"gallery\" \n                    class=\"smooth-corners\"\n                    style=\"background-image: url('https:\/\/kallastetalu.ee\/wp-content\/uploads\/2025\/05\/20240504_111030-150x150.jpg');\"\n                >\n                    <img decoding=\"async\" src=\"https:\/\/kallastetalu.ee\/wp-content\/uploads\/2025\/05\/20240504_111030-150x150.jpg\" alt=\"Elamustalu loomapark - sind ootavad taluloomad nagu kitsed, j\u00e4nesed, vietnami sead, kanad ja kuked, haned, j\u00e4nesed, koer ChaCha ja kasiikesed. Kallaste Turismitalu - \u00e4rksa hingega talu Harjumaal\">\n                                                        <\/a>\n            <\/div>\n                                <div class=\"block-images__image\">\n                <a \n                    href=\"https:\/\/kallastetalu.ee\/wp-content\/uploads\/2025\/05\/DSCF6221-1920x1080.jpg\" \n                    data-fancybox=\"gallery\" \n                    class=\"smooth-corners\"\n                    style=\"background-image: url('https:\/\/kallastetalu.ee\/wp-content\/uploads\/2025\/05\/DSCF6221-150x150.jpg');\"\n                >\n                    <img decoding=\"async\" src=\"https:\/\/kallastetalu.ee\/wp-content\/uploads\/2025\/05\/DSCF6221-150x150.jpg\" alt=\"kanad elamustalu Kallaste Turismitalu Harjumaal taluloomad loomapark\">\n                                                        <\/a>\n            <\/div>\n                                <div class=\"block-images__image\">\n                <a \n                    href=\"https:\/\/kallastetalu.ee\/wp-content\/uploads\/2025\/05\/tahelepanelik-janes-reklaam-suvi-janesed-illustratiivne-peresobralik-koht-loomad-suvekontsertide-paradiis-Kalju-lava-Harjumaa-Padise-www.kaljulava.ee-Kallaste-Turismitalu-1920x1080.jpg\" \n                    data-fancybox=\"gallery\" \n                    class=\"smooth-corners\"\n                    style=\"background-image: url('https:\/\/kallastetalu.ee\/wp-content\/uploads\/2025\/05\/tahelepanelik-janes-reklaam-suvi-janesed-illustratiivne-peresobralik-koht-loomad-suvekontsertide-paradiis-Kalju-lava-Harjumaa-Padise-www.kaljulava.ee-Kallaste-Turismitalu-150x150.jpg');\"\n                >\n                    <img decoding=\"async\" src=\"https:\/\/kallastetalu.ee\/wp-content\/uploads\/2025\/05\/tahelepanelik-janes-reklaam-suvi-janesed-illustratiivne-peresobralik-koht-loomad-suvekontsertide-paradiis-Kalju-lava-Harjumaa-Padise-www.kaljulava.ee-Kallaste-Turismitalu-150x150.jpg\" alt=\"Elamustalu loomapark j\u00e4nesed - sind ootavad taluloomad nagu kitsed, j\u00e4nesed, vietnami sead, kanad ja kuked, haned, j\u00e4nesed, koer ChaCha ja kassikesed. Kallaste Turismitalu - \u00e4rksa hingega talu Harjumaal\">\n                                                        <\/a>\n            <\/div>\n                                <div class=\"block-images__image\">\n                <a \n                    href=\"https:\/\/kallastetalu.ee\/wp-content\/uploads\/2025\/05\/DSCF5213-1920x1080.jpg\" \n                    data-fancybox=\"gallery\" \n                    class=\"smooth-corners\"\n                    style=\"background-image: url('https:\/\/kallastetalu.ee\/wp-content\/uploads\/2025\/05\/DSCF5213-150x150.jpg');\"\n                >\n                    <img decoding=\"async\" src=\"https:\/\/kallastetalu.ee\/wp-content\/uploads\/2025\/05\/DSCF5213-150x150.jpg\" alt=\"Elamustalu Buss - Tere tulemast v\u00e4ikesele reisile suurde kujutlusv\u00f5ime maailma! - Kallaste Turismitalu - \u00c4rksa hingega talu! \">\n                                                                <div class=\"moreImagePlaceholder mobile\">\n                            <span>+6<br>Photos<\/span>\n                        <\/div>\n                                    <\/a>\n            <\/div>\n                                <div class=\"block-images__image\">\n                <a \n                    href=\"https:\/\/kallastetalu.ee\/wp-content\/uploads\/2025\/05\/DSCF5184-1920x1080.jpg\" \n                    data-fancybox=\"gallery\" \n                    class=\"smooth-corners\"\n                    style=\"background-image: url('https:\/\/kallastetalu.ee\/wp-content\/uploads\/2025\/05\/DSCF5184-150x150.jpg');\"\n                >\n                    <img decoding=\"async\" src=\"https:\/\/kallastetalu.ee\/wp-content\/uploads\/2025\/05\/DSCF5184-150x150.jpg\" alt=\"\">\n                                            <div class=\"moreImagePlaceholder desktop\">\n                            <span>+5<br>Photos<\/span>\n                        <\/div>\n                                                        <\/a>\n            <\/div>\n                                <a \n                href=\"https:\/\/kallastetalu.ee\/wp-content\/uploads\/2025\/05\/DSCF5198-1920x1080.jpg\" \n                data-fancybox=\"gallery\" \n                style=\"display:none;\"\n            ><\/a>\n                                <a \n                href=\"https:\/\/kallastetalu.ee\/wp-content\/uploads\/2025\/05\/20210616_112835-1920x1080.jpg\" \n                data-fancybox=\"gallery\" \n                style=\"display:none;\"\n            ><\/a>\n                                <a \n                href=\"https:\/\/kallastetalu.ee\/wp-content\/uploads\/2025\/05\/DSCF5176-1920x1080.jpg\" \n                data-fancybox=\"gallery\" \n                style=\"display:none;\"\n            ><\/a>\n                                <a \n                href=\"https:\/\/kallastetalu.ee\/wp-content\/uploads\/2025\/05\/DSCF5356-1920x1080.jpg\" \n                data-fancybox=\"gallery\" \n                style=\"display:none;\"\n            ><\/a>\n                                <a \n                href=\"https:\/\/kallastetalu.ee\/wp-content\/uploads\/2025\/05\/Kitsed-taluloomad-loomapalk-kits-loomad-ELAMUSTALU-lastesobralik-peresobralik-Kallaste-Turismitalu-Padisel-arksa-hingega-talu-Harjumaal-www.kallastetalu.ee--1920x1080.jpg\" \n                data-fancybox=\"gallery\" \n                style=\"display:none;\"\n            ><\/a>\n            <\/section>\n\n\n\n<h2 class=\"wp-block-heading\" id=\"h-kids-birthday-package-at-elamustalu-rural-life-animals-and-a-joyful-party\"><strong>Kids Birthday Package at ELAMUSTALU \u2013 Rural Life, Animals, and a Joyful Party!<\/strong><\/h2>\n\n\n\n<p>The ELAMUSTALU Kids birthday package is suitable for children of all ages who love animals, movement, and authentic rural life. It\u2019s a day where city noise is replaced by the bleating of goats and the waddling of geese, and the birthday child gets to feel like a true farm owner!<\/p>\n\n\n\n<p>The package includes a visit to ELAMUSTALU with a small feed bag filled with treats for the animals \u2014 kids get to feed the goats, rabbits, and other farm animals themselves. It also includes a warming lunch, a sweet finish (cake or kringel), and use of the covered shelter where guests can enjoy their meal and open presents peacefully.<\/p>\n\n\n\n<p>For children, ELAMUSTALU is a small world of nature and joy, with plenty of activities for animal lovers and active kids alike. Our friendly farm animals \u2014 goats, geese, chickens, rabbits, pigs, cats, and a little dog \u2014 await the young guests to play, pet, and share treats together. Besides the animals, the farm grounds offer playgrounds, a climbing structure, an inflatable trampoline, and a real bus where kids can play bus driver or build cool things with LEGO. Here, children can safely run, jump, and shout \u2014 just be a kid in nature, happy and with real dirt under their nails.<\/p>\n\n\n\n<h2 class=\"wp-block-heading\" id=\"h-the-kids-birthday-package-includes\"><strong>The Kids birthday package includes:<\/strong><\/h2>\n\n\n\n<ul class=\"wp-block-list\">\n<li><span><span>Visit to ELAMUSTALU with animal feeding<\/span><\/span><\/li>\n\n\n\n<li><span><span>Feed bag for the animals, sized per child<\/span><\/span><\/li>\n\n\n\n<li><span><span>Use of the covered shelter<\/span><\/span><\/li>\n\n\n\n<li><span><span>Catering: warm and nourishing lunch + tea and a simple cake or kringel (savory or sweet)<\/span><\/span><\/li>\n<\/ul>\n\n\n\n<h2 class=\"wp-block-heading\" id=\"h-additional-options\"><strong>Additional options:<\/strong><\/h2>\n\n\n\n<ul class=\"wp-block-list\">\n<li><span><span>Snack selection for the table 8\u20ac\/person<\/span><\/span><\/li>\n\n\n\n<li><span><span>Camping (3\u20ac\/person)<\/span><\/span><\/li>\n\n\n\n<li><span><span>Birthday party hit: cotton candy machine rental with everything needed (70\u20ac\/party)<\/span><\/span><\/li>\n\n\n\n<li><span><span>Indoor room rental (from 100\u20ac)<\/span><\/span><\/li>\n\n\n\n<li><span><span>Sauna (from 65\u20ac)<\/span><\/span><\/li>\n\n\n\n<li><span><span>Hot water hot tub (100\u20ac)<\/span><\/span><\/li>\n\n\n\n<li><span><span>Snack selection (from 7\u20ac\/person)<\/span><\/span><\/li>\n\n\n\n<li><span><span>Fancy cake (+3\u20ac\/person)<\/span><\/span><\/li>\n\n\n\n<li><span><span>Accommodation (from 12\u20ac\/person)<\/span><\/span><\/li>\n\n\n\n<li><span><span>Active activities and workshops led by an instructor (including adventure park) \u2013 ask for details!<\/span><\/span><\/li>\n<\/ul>\n\n\n    <section class=\"price-list smooth-corners\">\n                    <div class=\"price-list__item\">\n                <div class=\"price-list__item-content\">\n                    <div class=\"price-list__item-content-name\">\n                        Package price (8 participants)                    <\/div>\n                                        <div class=\"price-list__item-content-price smooth-corners\">\n                        120\u20ac                    <\/div>\n                                    <\/div>\n                            <\/div>\n                    <div class=\"price-list__item\">\n                <div class=\"price-list__item-content\">\n                    <div class=\"price-list__item-content-name\">\n                        Each additional participant                    <\/div>\n                                        <div class=\"price-list__item-content-price smooth-corners\">\n                        15\u20ac \/ person                    <\/div>\n                                    <\/div>\n                            <\/div>\n                    <div class=\"price-list__item\">\n                <div class=\"price-list__item-content\">\n                    <div class=\"price-list__item-content-name\">\n                        Package for 20 people                    <\/div>\n                                        <div class=\"price-list__item-content-price smooth-corners\">\n                        300\u20ac                    <\/div>\n                                    <\/div>\n                            <\/div>\n            <\/section>\n\n\n<section class=\"blog-nb-section\">\n    <div class=\"upper\">\n        <svg xmlns=\"http:\/\/www.w3.org\/2000\/svg\" width=\"24\" height=\"24\" viewBox=\"0 0 24 24\" fill=\"none\">\n            <path d=\"M7.78216 3H16.2169C19.165 3 21 5.08119 21 8.02638V15.9736C21 18.9188 19.165 21 16.2159 21H7.78216C4.83405 21 3 18.9188 3 15.9736V8.02638C3 5.08119 4.84281 3 7.78216 3Z\" fill=\"#8D7971\" stroke=\"#8D7971\" stroke-width=\"1.5\" stroke-linecap=\"round\" stroke-linejoin=\"round\"\/>\n            <path d=\"M11.9941 8.98511V12.3117\" stroke=\"white\" stroke-width=\"1.5\" stroke-linecap=\"round\" stroke-linejoin=\"round\"\/>\n            <path d=\"M11.9941 12.3115L14.1322 15.0154\" stroke=\"white\" stroke-width=\"1.5\" stroke-linecap=\"round\" stroke-linejoin=\"round\"\/>\n            <path d=\"M11.9937 12.3115L9.86719 15.0008\" stroke=\"white\" stroke-width=\"1.5\" stroke-linecap=\"round\" stroke-linejoin=\"round\"\/>\n            <path d=\"M8.94141 11.2305L11.9907 12.3114\" stroke=\"white\" stroke-width=\"1.5\" stroke-linecap=\"round\" stroke-linejoin=\"round\"\/>\n            <path d=\"M11.9902 12.3114L15.057 11.2246\" stroke=\"white\" stroke-width=\"1.5\" stroke-linecap=\"round\" stroke-linejoin=\"round\"\/>\n        <\/svg>\n        <h3 class=\"blog-nb-section__title\">\n            The ELAMUSTALU Kids birthday package is available every day!        <\/h3>\n    <\/div>\n    <p class=\"blog-nb-section__text\">\n        If you want to book the package less than 7 days before the event, please call us separately.    <\/p>\n<\/section>\n","protected":false},"excerpt":{"rendered":"Kids Birthday Package at ELAMUSTALU \u2013 Rural Life, Animals, and a Joyful Party! The ELAMUSTALU Kids birthday package is suitable for&#8230;","protected":false},"author":1,"featured_media":1358,"parent":4329,"menu_order":0,"comment_status":"closed","ping_status":"closed","template":"page-templates\/template-package-item.php","meta":{"_acf_changed":false,"inline_featured_image":false,"footnotes":""},"class_list":["post-4341","page","type-page","status-publish","has-post-thumbnail","hentry"],"acf":[],"yoast_head":"<!-- This site is optimized with the Yoast SEO Premium plugin v25.2 (Yoast SEO v26.7) - https:\/\/yoast.com\/wordpress\/plugins\/seo\/ -->\n<title>Children\u2019s Birthday Party Package at Elamustalu \u2013 Outdoor Fun<\/title>\n<meta name=\"description\" content=\"Celebrate your child\u2019s birthday at Elamustalu with outdoor games, engaging activities \u2014ideal for a memorable and joyful party.\" \/>\n<meta name=\"robots\" content=\"index, follow, max-snippet:-1, max-image-preview:large, max-video-preview:-1\" \/>\n<link rel=\"canonical\" href=\"https:\/\/kallastetalu.ee\/en\/holiday-resort\/paketid\/kids-birthday-package\/\" \/>\n<meta property=\"og:locale\" content=\"en_US\" \/>\n<meta property=\"og:type\" content=\"article\" \/>\n<meta property=\"og:title\" content=\"Kids Birthday Package at ELAMUSTALU\" \/>\n<meta property=\"og:description\" content=\"Celebrate your child\u2019s birthday at Elamustalu with outdoor games, engaging activities \u2014ideal for a memorable and joyful party.\" \/>\n<meta property=\"og:url\" content=\"https:\/\/kallastetalu.ee\/en\/holiday-resort\/paketid\/kids-birthday-package\/\" \/>\n<meta property=\"og:site_name\" content=\"Kallaste Turismitalu - \u00c4rksa hingega Talu Harjumaal\" \/>\n<meta property=\"article:publisher\" content=\"https:\/\/www.facebook.com\/kallastetalu\" \/>\n<meta property=\"article:modified_time\" content=\"2025-06-08T21:33:36+00:00\" \/>\n<meta property=\"og:image\" content=\"https:\/\/kallastetalu.ee\/wp-content\/uploads\/2025\/05\/20240503_115739-scaled.jpg\" \/>\n\t<meta property=\"og:image:width\" content=\"1920\" \/>\n\t<meta property=\"og:image:height\" content=\"2560\" \/>\n\t<meta property=\"og:image:type\" content=\"image\/jpeg\" \/>\n<meta name=\"twitter:card\" content=\"summary_large_image\" \/>\n<meta name=\"twitter:label1\" content=\"Est. reading time\" \/>\n\t<meta name=\"twitter:data1\" content=\"2 minutes\" \/>\n<script type=\"application\/ld+json\" class=\"yoast-schema-graph\">{\"@context\":\"https:\/\/schema.org\",\"@graph\":[{\"@type\":\"WebPage\",\"@id\":\"https:\/\/kallastetalu.ee\/en\/holiday-resort\/paketid\/kids-birthday-package\/\",\"url\":\"https:\/\/kallastetalu.ee\/en\/holiday-resort\/paketid\/kids-birthday-package\/\",\"name\":\"Children\u2019s Birthday Party Package at Elamustalu \u2013 Outdoor Fun\",\"isPartOf\":{\"@id\":\"https:\/\/kallastetalu.ee\/en\/#website\"},\"primaryImageOfPage\":{\"@id\":\"https:\/\/kallastetalu.ee\/en\/holiday-resort\/paketid\/kids-birthday-package\/#primaryimage\"},\"image\":{\"@id\":\"https:\/\/kallastetalu.ee\/en\/holiday-resort\/paketid\/kids-birthday-package\/#primaryimage\"},\"thumbnailUrl\":\"https:\/\/kallastetalu.ee\/wp-content\/uploads\/2025\/05\/20240503_115739-scaled.jpg\",\"datePublished\":\"2025-04-29T10:15:57+00:00\",\"dateModified\":\"2025-06-08T21:33:36+00:00\",\"description\":\"Celebrate your child\u2019s birthday at Elamustalu with outdoor games, engaging activities \u2014ideal for a memorable and joyful party.\",\"breadcrumb\":{\"@id\":\"https:\/\/kallastetalu.ee\/en\/holiday-resort\/paketid\/kids-birthday-package\/#breadcrumb\"},\"inLanguage\":\"en-US\",\"potentialAction\":[{\"@type\":\"ReadAction\",\"target\":[\"https:\/\/kallastetalu.ee\/en\/holiday-resort\/paketid\/kids-birthday-package\/\"]}]},{\"@type\":\"ImageObject\",\"inLanguage\":\"en-US\",\"@id\":\"https:\/\/kallastetalu.ee\/en\/holiday-resort\/paketid\/kids-birthday-package\/#primaryimage\",\"url\":\"https:\/\/kallastetalu.ee\/wp-content\/uploads\/2025\/05\/20240503_115739-scaled.jpg\",\"contentUrl\":\"https:\/\/kallastetalu.ee\/wp-content\/uploads\/2025\/05\/20240503_115739-scaled.jpg\",\"width\":1920,\"height\":2560},{\"@type\":\"BreadcrumbList\",\"@id\":\"https:\/\/kallastetalu.ee\/en\/holiday-resort\/paketid\/kids-birthday-package\/#breadcrumb\",\"itemListElement\":[{\"@type\":\"ListItem\",\"position\":1,\"name\":\"Home\",\"item\":\"https:\/\/kallastetalu.ee\/en\/\"},{\"@type\":\"ListItem\",\"position\":2,\"name\":\"Holiday Resort\",\"item\":\"https:\/\/kallastetalu.ee\/en\/holiday-resort\/\"},{\"@type\":\"ListItem\",\"position\":3,\"name\":\"Packages\",\"item\":\"https:\/\/kallastetalu.ee\/en\/holiday-resort\/paketid\/\"},{\"@type\":\"ListItem\",\"position\":4,\"name\":\"Kids Birthday Package at ELAMUSTALU\"}]},{\"@type\":\"WebSite\",\"@id\":\"https:\/\/kallastetalu.ee\/en\/#website\",\"url\":\"https:\/\/kallastetalu.ee\/en\/\",\"name\":\"Kallaste Turismitalu - \u00c4rksa hingega talu Harjumaal\",\"description\":\"\",\"publisher\":{\"@id\":\"https:\/\/kallastetalu.ee\/en\/#organization\"},\"potentialAction\":[{\"@type\":\"SearchAction\",\"target\":{\"@type\":\"EntryPoint\",\"urlTemplate\":\"https:\/\/kallastetalu.ee\/en\/?s={search_term_string}\"},\"query-input\":{\"@type\":\"PropertyValueSpecification\",\"valueRequired\":true,\"valueName\":\"search_term_string\"}}],\"inLanguage\":\"en-US\"},{\"@type\":\"Organization\",\"@id\":\"https:\/\/kallastetalu.ee\/en\/#organization\",\"name\":\"Kallaste Turismitalu - \u00c4rksa hingega talu Harjumaal\",\"url\":\"https:\/\/kallastetalu.ee\/en\/\",\"logo\":{\"@type\":\"ImageObject\",\"inLanguage\":\"en-US\",\"@id\":\"https:\/\/kallastetalu.ee\/en\/#\/schema\/logo\/image\/\",\"url\":\"https:\/\/kallastetalu.ee\/wp-content\/uploads\/2025\/04\/kallastetalu.svg\",\"contentUrl\":\"https:\/\/kallastetalu.ee\/wp-content\/uploads\/2025\/04\/kallastetalu.svg\",\"width\":158,\"height\":127,\"caption\":\"Kallaste Turismitalu - \u00c4rksa hingega talu Harjumaal\"},\"image\":{\"@id\":\"https:\/\/kallastetalu.ee\/en\/#\/schema\/logo\/image\/\"},\"sameAs\":[\"https:\/\/www.facebook.com\/kallastetalu\",\"https:\/\/www.instagram.com\/turismitalu\",\"https:\/\/www.youtube.com\/@turismitalu\",\"https:\/\/www.tripadvisor.com\/Hotel_Review-g19122067-d2677575-Reviews-Kallaste_Talu_Turismitalu_Holiday_Resort-Kasepere_Harju_County.html?m=19905\"]}]}<\/script>\n<!-- \/ Yoast SEO Premium plugin. -->","yoast_head_json":{"title":"Children\u2019s Birthday Party Package at Elamustalu \u2013 Outdoor Fun","description":"Celebrate your child\u2019s birthday at Elamustalu with outdoor games, engaging activities \u2014ideal for a memorable and joyful party.","robots":{"index":"index","follow":"follow","max-snippet":"max-snippet:-1","max-image-preview":"max-image-preview:large","max-video-preview":"max-video-preview:-1"},"canonical":"https:\/\/kallastetalu.ee\/en\/holiday-resort\/paketid\/kids-birthday-package\/","og_locale":"en_US","og_type":"article","og_title":"Kids Birthday Package at ELAMUSTALU","og_description":"Celebrate your child\u2019s birthday at Elamustalu with outdoor games, engaging activities \u2014ideal for a memorable and joyful party.","og_url":"https:\/\/kallastetalu.ee\/en\/holiday-resort\/paketid\/kids-birthday-package\/","og_site_name":"Kallaste Turismitalu - \u00c4rksa hingega Talu Harjumaal","article_publisher":"https:\/\/www.facebook.com\/kallastetalu","article_modified_time":"2025-06-08T21:33:36+00:00","og_image":[{"width":1920,"height":2560,"url":"https:\/\/kallastetalu.ee\/wp-content\/uploads\/2025\/05\/20240503_115739-scaled.jpg","type":"image\/jpeg"}],"twitter_card":"summary_large_image","twitter_misc":{"Est. reading time":"2 minutes"},"schema":{"@context":"https:\/\/schema.org","@graph":[{"@type":"WebPage","@id":"https:\/\/kallastetalu.ee\/en\/holiday-resort\/paketid\/kids-birthday-package\/","url":"https:\/\/kallastetalu.ee\/en\/holiday-resort\/paketid\/kids-birthday-package\/","name":"Children\u2019s Birthday Party Package at Elamustalu \u2013 Outdoor Fun","isPartOf":{"@id":"https:\/\/kallastetalu.ee\/en\/#website"},"primaryImageOfPage":{"@id":"https:\/\/kallastetalu.ee\/en\/holiday-resort\/paketid\/kids-birthday-package\/#primaryimage"},"image":{"@id":"https:\/\/kallastetalu.ee\/en\/holiday-resort\/paketid\/kids-birthday-package\/#primaryimage"},"thumbnailUrl":"https:\/\/kallastetalu.ee\/wp-content\/uploads\/2025\/05\/20240503_115739-scaled.jpg","datePublished":"2025-04-29T10:15:57+00:00","dateModified":"2025-06-08T21:33:36+00:00","description":"Celebrate your child\u2019s birthday at Elamustalu with outdoor games, engaging activities \u2014ideal for a memorable and joyful party.","breadcrumb":{"@id":"https:\/\/kallastetalu.ee\/en\/holiday-resort\/paketid\/kids-birthday-package\/#breadcrumb"},"inLanguage":"en-US","potentialAction":[{"@type":"ReadAction","target":["https:\/\/kallastetalu.ee\/en\/holiday-resort\/paketid\/kids-birthday-package\/"]}]},{"@type":"ImageObject","inLanguage":"en-US","@id":"https:\/\/kallastetalu.ee\/en\/holiday-resort\/paketid\/kids-birthday-package\/#primaryimage","url":"https:\/\/kallastetalu.ee\/wp-content\/uploads\/2025\/05\/20240503_115739-scaled.jpg","contentUrl":"https:\/\/kallastetalu.ee\/wp-content\/uploads\/2025\/05\/20240503_115739-scaled.jpg","width":1920,"height":2560},{"@type":"BreadcrumbList","@id":"https:\/\/kallastetalu.ee\/en\/holiday-resort\/paketid\/kids-birthday-package\/#breadcrumb","itemListElement":[{"@type":"ListItem","position":1,"name":"Home","item":"https:\/\/kallastetalu.ee\/en\/"},{"@type":"ListItem","position":2,"name":"Holiday Resort","item":"https:\/\/kallastetalu.ee\/en\/holiday-resort\/"},{"@type":"ListItem","position":3,"name":"Packages","item":"https:\/\/kallastetalu.ee\/en\/holiday-resort\/paketid\/"},{"@type":"ListItem","position":4,"name":"Kids Birthday Package at ELAMUSTALU"}]},{"@type":"WebSite","@id":"https:\/\/kallastetalu.ee\/en\/#website","url":"https:\/\/kallastetalu.ee\/en\/","name":"Kallaste Turismitalu - \u00c4rksa hingega talu Harjumaal","description":"","publisher":{"@id":"https:\/\/kallastetalu.ee\/en\/#organization"},"potentialAction":[{"@type":"SearchAction","target":{"@type":"EntryPoint","urlTemplate":"https:\/\/kallastetalu.ee\/en\/?s={search_term_string}"},"query-input":{"@type":"PropertyValueSpecification","valueRequired":true,"valueName":"search_term_string"}}],"inLanguage":"en-US"},{"@type":"Organization","@id":"https:\/\/kallastetalu.ee\/en\/#organization","name":"Kallaste Turismitalu - \u00c4rksa hingega talu Harjumaal","url":"https:\/\/kallastetalu.ee\/en\/","logo":{"@type":"ImageObject","inLanguage":"en-US","@id":"https:\/\/kallastetalu.ee\/en\/#\/schema\/logo\/image\/","url":"https:\/\/kallastetalu.ee\/wp-content\/uploads\/2025\/04\/kallastetalu.svg","contentUrl":"https:\/\/kallastetalu.ee\/wp-content\/uploads\/2025\/04\/kallastetalu.svg","width":158,"height":127,"caption":"Kallaste Turismitalu - \u00c4rksa hingega talu Harjumaal"},"image":{"@id":"https:\/\/kallastetalu.ee\/en\/#\/schema\/logo\/image\/"},"sameAs":["https:\/\/www.facebook.com\/kallastetalu","https:\/\/www.instagram.com\/turismitalu","https:\/\/www.youtube.com\/@turismitalu","https:\/\/www.tripadvisor.com\/Hotel_Review-g19122067-d2677575-Reviews-Kallaste_Talu_Turismitalu_Holiday_Resort-Kasepere_Harju_County.html?m=19905"]}]}},"_links":{"self":[{"href":"https:\/\/kallastetalu.ee\/en\/wp-json\/wp\/v2\/pages\/4341","targetHints":{"allow":["GET"]}}],"collection":[{"href":"https:\/\/kallastetalu.ee\/en\/wp-json\/wp\/v2\/pages"}],"about":[{"href":"https:\/\/kallastetalu.ee\/en\/wp-json\/wp\/v2\/types\/page"}],"author":[{"embeddable":true,"href":"https:\/\/kallastetalu.ee\/en\/wp-json\/wp\/v2\/users\/1"}],"replies":[{"embeddable":true,"href":"https:\/\/kallastetalu.ee\/en\/wp-json\/wp\/v2\/comments?post=4341"}],"version-history":[{"count":2,"href":"https:\/\/kallastetalu.ee\/en\/wp-json\/wp\/v2\/pages\/4341\/revisions"}],"predecessor-version":[{"id":4855,"href":"https:\/\/kallastetalu.ee\/en\/wp-json\/wp\/v2\/pages\/4341\/revisions\/4855"}],"up":[{"embeddable":true,"href":"https:\/\/kallastetalu.ee\/en\/wp-json\/wp\/v2\/pages\/4329"}],"wp:featuredmedia":[{"embeddable":true,"href":"https:\/\/kallastetalu.ee\/en\/wp-json\/wp\/v2\/media\/1358"}],"wp:attachment":[{"href":"https:\/\/kallastetalu.ee\/en\/wp-json\/wp\/v2\/media?parent=4341"}],"curies":[{"name":"wp","href":"https:\/\/api.w.org\/{rel}","templated":true}]}}