{"id":4372,"date":"2025-04-28T09:29:34","date_gmt":"2025-04-28T09:29:34","guid":{"rendered":"https:\/\/kallastetalu.ee\/turismitalu\/laager\/"},"modified":"2025-06-11T11:04:49","modified_gmt":"2025-06-11T11:04:49","slug":"laager","status":"publish","type":"page","link":"https:\/\/kallastetalu.ee\/en\/holiday-resort\/laager\/","title":{"rendered":"Camp"},"content":{"rendered":"\n<section class=\"block-images\">\n                        <div class=\"block-images__image\">\n                <a \n                    href=\"https:\/\/kallastetalu.ee\/wp-content\/uploads\/2025\/05\/Padise-Seikluspark-seiklusring-seiklus-inimene-meeskonnatoo-lapsed-inimesed-aktiivne-puhkus-Kallaste-Turismitalu-Padisel-arksa-hingega-talu-Harjumaal-www.kallastetalu.ee-4--1600x1080.jpg\" \n                    data-fancybox=\"gallery\" \n                    class=\"smooth-corners\"\n                    style=\"background-image: url('https:\/\/kallastetalu.ee\/wp-content\/uploads\/2025\/05\/Padise-Seikluspark-seiklusring-seiklus-inimene-meeskonnatoo-lapsed-inimesed-aktiivne-puhkus-Kallaste-Turismitalu-Padisel-arksa-hingega-talu-Harjumaal-www.kallastetalu.ee-4--150x150.jpg');\"\n                >\n                    <img decoding=\"async\" src=\"https:\/\/kallastetalu.ee\/wp-content\/uploads\/2025\/05\/Padise-Seikluspark-seiklusring-seiklus-inimene-meeskonnatoo-lapsed-inimesed-aktiivne-puhkus-Kallaste-Turismitalu-Padisel-arksa-hingega-talu-Harjumaal-www.kallastetalu.ee-4--150x150.jpg\" alt=\"Aktiivne puhkus Kallaste Turismitalu \u00c4rksa hingega talu Harjumaal Klassiseiklus Padise Seikluspark seiklusring seiklus inimene meeskonnat\u00f6\u00f6 lapsed inimesed aktiivne puhkus Kallaste Turismitalu Padisel \u00e4rksa hingega talu Harjumaal www.kallastetalu.ee 4\">\n                                                        <\/a>\n            <\/div>\n                                <div class=\"block-images__image\">\n                <a \n                    href=\"https:\/\/kallastetalu.ee\/wp-content\/uploads\/2025\/05\/DSCF4188-1920x1080.jpg\" \n                    data-fancybox=\"gallery\" \n                    class=\"smooth-corners\"\n                    style=\"background-image: url('https:\/\/kallastetalu.ee\/wp-content\/uploads\/2025\/05\/DSCF4188-150x150.jpg');\"\n                >\n                    <img decoding=\"async\" src=\"https:\/\/kallastetalu.ee\/wp-content\/uploads\/2025\/05\/DSCF4188-150x150.jpg\" alt=\"hommikus\u00f6\u00f6k kuklid kaneelisaiad - v\u00e4rsked pirukad - Kallaste Turismitalu Harjumaal\">\n                                                        <\/a>\n            <\/div>\n                                <div class=\"block-images__image\">\n                <a \n                    href=\"https:\/\/kallastetalu.ee\/wp-content\/uploads\/2025\/05\/Seikluspark-talv-lapsed-laps-inimene-inimesed-hamar-lapse-sunnipaev-Kallaste-Turismitalu-Padisel-arksa-hingega-talu-Harjumaal-www.kallastetalu.ee--1920x1080.jpg\" \n                    data-fancybox=\"gallery\" \n                    class=\"smooth-corners\"\n                    style=\"background-image: url('https:\/\/kallastetalu.ee\/wp-content\/uploads\/2025\/05\/Seikluspark-talv-lapsed-laps-inimene-inimesed-hamar-lapse-sunnipaev-Kallaste-Turismitalu-Padisel-arksa-hingega-talu-Harjumaal-www.kallastetalu.ee--150x150.jpg');\"\n                >\n                    <img decoding=\"async\" src=\"https:\/\/kallastetalu.ee\/wp-content\/uploads\/2025\/05\/Seikluspark-talv-lapsed-laps-inimene-inimesed-hamar-lapse-sunnipaev-Kallaste-Turismitalu-Padisel-arksa-hingega-talu-Harjumaal-www.kallastetalu.ee--150x150.jpg\" alt=\"\">\n                                                        <\/a>\n            <\/div>\n                                <div class=\"block-images__image\">\n                <a \n                    href=\"https:\/\/kallastetalu.ee\/wp-content\/uploads\/2025\/05\/Padise-Seikluspark-seiklusring-seiklus-inimene-meeskonnatoo-lapsed-inimesed-aktiivne-puhkus-Kallaste-Turismitalu-Padisel-arksa-hingega-talu-Harjumaal-www.kallastetalu.ee-Kalju-lava--1920x1080.jpg\" \n                    data-fancybox=\"gallery\" \n                    class=\"smooth-corners\"\n                    style=\"background-image: url('https:\/\/kallastetalu.ee\/wp-content\/uploads\/2025\/05\/Padise-Seikluspark-seiklusring-seiklus-inimene-meeskonnatoo-lapsed-inimesed-aktiivne-puhkus-Kallaste-Turismitalu-Padisel-arksa-hingega-talu-Harjumaal-www.kallastetalu.ee-Kalju-lava--150x150.jpg');\"\n                >\n                    <img decoding=\"async\" src=\"https:\/\/kallastetalu.ee\/wp-content\/uploads\/2025\/05\/Padise-Seikluspark-seiklusring-seiklus-inimene-meeskonnatoo-lapsed-inimesed-aktiivne-puhkus-Kallaste-Turismitalu-Padisel-arksa-hingega-talu-Harjumaal-www.kallastetalu.ee-Kalju-lava--150x150.jpg\" alt=\"\">\n                                                                <div class=\"moreImagePlaceholder mobile\">\n                            <span>+4<br>Photos<\/span>\n                        <\/div>\n                                    <\/a>\n            <\/div>\n                                <div class=\"block-images__image\">\n                <a \n                    href=\"https:\/\/kallastetalu.ee\/wp-content\/uploads\/2025\/05\/Disc-Golf-disc-golf-lendtaldriku-golf-inimene-Elamustalu-tegevus-aktiivne-puhkus-Kallaste-Turismitalu-Padisel-arksa-hingega-talu-Harjumaal-www.kallastetalu.ee-mets-1-2-1920x1080.jpg\" \n                    data-fancybox=\"gallery\" \n                    class=\"smooth-corners\"\n                    style=\"background-image: url('https:\/\/kallastetalu.ee\/wp-content\/uploads\/2025\/05\/Disc-Golf-disc-golf-lendtaldriku-golf-inimene-Elamustalu-tegevus-aktiivne-puhkus-Kallaste-Turismitalu-Padisel-arksa-hingega-talu-Harjumaal-www.kallastetalu.ee-mets-1-2-150x150.jpg');\"\n                >\n                    <img decoding=\"async\" src=\"https:\/\/kallastetalu.ee\/wp-content\/uploads\/2025\/05\/Disc-Golf-disc-golf-lendtaldriku-golf-inimene-Elamustalu-tegevus-aktiivne-puhkus-Kallaste-Turismitalu-Padisel-arksa-hingega-talu-Harjumaal-www.kallastetalu.ee-mets-1-2-150x150.jpg\" alt=\"\">\n                                            <div class=\"moreImagePlaceholder desktop\">\n                            <span>+3<br>Photos<\/span>\n                        <\/div>\n                                                        <\/a>\n            <\/div>\n                                <a \n                href=\"https:\/\/kallastetalu.ee\/wp-content\/uploads\/2025\/05\/Padise-Seikluspark-seiklusring-seiklus-inimene-meeskonnatoo-lapsed-inimesed-aktiivne-puhkus-Kallaste-Turismitalu-Padisel-arksa-hingega-talu-Harjumaal-www.kallastetalu.ee-4--1600x1080.jpg\" \n                data-fancybox=\"gallery\" \n                style=\"display:none;\"\n            ><\/a>\n                                <a \n                href=\"https:\/\/kallastetalu.ee\/wp-content\/uploads\/2025\/05\/Lokkeplats-Johannes-Alumine-kompleks-sobrad-reklaam-inimene-illustratiivne-Kallaste-Turismitalu-arksa-hingega-talu-Harjumaal-www.kallastetalu-1-1920x1080.jpg\" \n                data-fancybox=\"gallery\" \n                style=\"display:none;\"\n            ><\/a>\n                                <a \n                href=\"https:\/\/kallastetalu.ee\/wp-content\/uploads\/2025\/05\/rohelus-ja-maasikas-KAlalste-Turismitalu-Arksa-hingega-talu-Harjumaal-1920x1080.png\" \n                data-fancybox=\"gallery\" \n                style=\"display:none;\"\n            ><\/a>\n            <\/section>\n\n\n\n<p>The story of Kallaste Turismitalu began 17 years ago with organizing camps \u2013 this experience has given us a deep understanding of what a well-functioning camp needs. Although we no longer organize children\u2019s camps ourselves, we provide everything necessary for hosting a camp site, retreat, or multi-day training event. We have hosted sports, singing, teamwork, nature, and adventure camps, as well as team-building exercises and youth projects. Kallaste Turismitalu is a wonderful place to organize a camp!<\/p>\n\n\n\n<p class=\"has-text-align-left\">Accommodation and Facilities<\/p>\n\n\n\n<p>Kallaste Turismitalu has 21 accommodation rooms that can house up to 85 people. Accommodation is offered in several buildings: the Main House, Courtyard House, cottages, and barrel houses \u2013 and if desired, a camping area is also available.<\/p>\n\n\n\n<p>Group activities can be held in several halls:<\/p>\n\n\n\n<ul class=\"wp-block-list\">\n<li><span><span>Main House Hall (75 m\u00b2) \u2013 catering, workshops, and games (up to 50 people)<\/span><\/span><\/li>\n\n\n\n<li><span><span>Summer Hall (150 m\u00b2) \u2013 spacious and bright room for larger groups (up to 100 people)<\/span><\/span><\/li>\n\n\n\n<li><span><span>Thinking Room Heino (60 m\u00b2) \u2013 a place where thoughts can wander freely (up to 20 people)<\/span><\/span><\/li>\n\n\n\n<li><span><span>Sauna House Ella (25 m\u00b2) \u2013 inspiring cozy room for smaller groups (up to 10 people)<\/span><\/span><\/li>\n\n\n\n<li><span><span>Kalju Stage \u2013 workshops, gatherings, parties, concerts (accommodates up to 1000 people)<\/span><\/span><\/li>\n<\/ul>\n\n\n\n<p>Additionally, the territory has several picnic tables, shelters, and terraces.<\/p>\n\n\n\n<p>It is possible to use our three saunas (including a wood-fired Finnish sauna, steam sauna, and hot tubs), perfect for relaxation after an active day or simply for calming the mind during a retreat.<\/p>\n\n\n\n<h2 class=\"wp-block-heading\" id=\"h-catering-and-camp-menu\">Catering and Camp Menu<\/h2>\n\n\n\n<p>For camps, we offer an affordable camp menu consisting of homemade and balanced meals prepared in our farm kitchen. Menus can be customized according to participants\u2019 age, activity level, and special needs. Meals take place indoors or, in warm weather, on outdoor terraces and under shelters in the middle of nature.<\/p>\n\n\n    <a class=\"button\" href=\"https:\/\/kallastetalu.ee\/en\/holiday-resort\/catering\/\" target=\"_self\">\n                Catering    <\/a>\n\n\n\n<h2 class=\"wp-block-heading\" id=\"h-activities-for-children-and-youth\">Activities for Children and Youth<\/h2>\n\n\n\n<p>There is plenty to explore on the Kallaste Turismitalu grounds:<\/p>\n\n\n\n<ul class=\"wp-block-list\">\n<li><span><span>Experience Farm animal park where children can meet friendly goats, rabbits, chickens, and other farm animals<\/span><\/span><\/li>\n\n\n\n<li><span><span>Playground filled with real LEGO bricks and a bus, climbing opportunities, and an inflatable air trampoline<\/span><\/span><\/li>\n\n\n\n<li><span><span>Sports field for ball games, competitions, and a disc golf park<\/span><\/span><\/li>\n\n\n\n<li><span><span>Hiking trails in the forest<\/span><\/span><\/li>\n<\/ul>\n\n\n\n<p>The entire area is large and private \u2013 there is truly space here to move, create, and grow.<\/p>\n\n\n\n<p>Nearby are several exciting places worth visiting: Padise Monastery, Rummu Quarry, and the Ash Hill.<\/p>\n\n\n\n<h2 class=\"wp-block-heading\" id=\"h-package-prices-and-cooperation\">Package Prices and Cooperation<\/h2>\n\n\n\n<p>For organizing camps or retreats, we offer discounts or package prices that include accommodation and catering. Request a quote once you know your dates, number of participants, and their ages. Our team will help you put together a solution perfectly suited to your group.<\/p>\n","protected":false},"excerpt":{"rendered":"The story of Kallaste Turismitalu began 17 years ago with organizing camps \u2013 this experience has given us a deep understanding of what a&#8230;","protected":false},"author":1,"featured_media":2045,"parent":3340,"menu_order":32,"comment_status":"closed","ping_status":"closed","template":"page-templates\/template-accommodation-item.php","meta":{"_acf_changed":false,"inline_featured_image":false,"footnotes":""},"class_list":["post-4372","page","type-page","status-publish","has-post-thumbnail","hentry"],"acf":[],"yoast_head":"<!-- This site is optimized with the Yoast SEO Premium plugin v25.2 (Yoast SEO v26.7) - https:\/\/yoast.com\/wordpress\/plugins\/seo\/ -->\n<title>Korralda laager Kallaste Turismitalus- \u00e4rksa hingega talu Harjumaal<\/title>\n<meta name=\"description\" content=\"Laager tundega, nagu oleksid maal \u00fcliaktiivse vanaisa ja toiduentusiastist vanaema juures. Palju ruumi, palju loodust, palju seiklusi.\" \/>\n<meta name=\"robots\" content=\"index, follow, max-snippet:-1, max-image-preview:large, max-video-preview:-1\" \/>\n<link rel=\"canonical\" href=\"https:\/\/kallastetalu.ee\/en\/holiday-resort\/laager\/\" \/>\n<meta property=\"og:locale\" content=\"en_US\" \/>\n<meta property=\"og:type\" content=\"article\" \/>\n<meta property=\"og:title\" content=\"Camp\" \/>\n<meta property=\"og:description\" content=\"Laager tundega, nagu oleksid maal \u00fcliaktiivse vanaisa ja toiduentusiastist vanaema juures. Palju ruumi, palju loodust, palju seiklusi.\" \/>\n<meta property=\"og:url\" content=\"https:\/\/kallastetalu.ee\/en\/holiday-resort\/laager\/\" \/>\n<meta property=\"og:site_name\" content=\"Kallaste Turismitalu - \u00c4rksa hingega Talu Harjumaal\" \/>\n<meta property=\"article:publisher\" content=\"https:\/\/www.facebook.com\/kallastetalu\" \/>\n<meta property=\"article:modified_time\" content=\"2025-06-11T11:04:49+00:00\" \/>\n<meta property=\"og:image\" content=\"https:\/\/kallastetalu.ee\/wp-content\/uploads\/2025\/05\/Padise-Seikluspark-seiklusring-seiklus-inimene-meeskonnatoo-lapsed-inimesed-aktiivne-puhkus-Kallaste-Turismitalu-Padisel-arksa-hingega-talu-Harjumaal-www.kallastetalu.ee-.jpg\" \/>\n\t<meta property=\"og:image:width\" content=\"1600\" \/>\n\t<meta property=\"og:image:height\" content=\"1200\" \/>\n\t<meta property=\"og:image:type\" content=\"image\/jpeg\" \/>\n<meta name=\"twitter:card\" content=\"summary_large_image\" \/>\n<meta name=\"twitter:label1\" content=\"Est. reading time\" \/>\n\t<meta name=\"twitter:data1\" content=\"3 minutes\" \/>\n<script type=\"application\/ld+json\" class=\"yoast-schema-graph\">{\"@context\":\"https:\/\/schema.org\",\"@graph\":[{\"@type\":\"WebPage\",\"@id\":\"https:\/\/kallastetalu.ee\/en\/holiday-resort\/laager\/\",\"url\":\"https:\/\/kallastetalu.ee\/en\/holiday-resort\/laager\/\",\"name\":\"Korralda laager Kallaste Turismitalus- \u00e4rksa hingega talu Harjumaal\",\"isPartOf\":{\"@id\":\"https:\/\/kallastetalu.ee\/en\/#website\"},\"primaryImageOfPage\":{\"@id\":\"https:\/\/kallastetalu.ee\/en\/holiday-resort\/laager\/#primaryimage\"},\"image\":{\"@id\":\"https:\/\/kallastetalu.ee\/en\/holiday-resort\/laager\/#primaryimage\"},\"thumbnailUrl\":\"https:\/\/kallastetalu.ee\/wp-content\/uploads\/2025\/05\/Padise-Seikluspark-seiklusring-seiklus-inimene-meeskonnatoo-lapsed-inimesed-aktiivne-puhkus-Kallaste-Turismitalu-Padisel-arksa-hingega-talu-Harjumaal-www.kallastetalu.ee-.jpg\",\"datePublished\":\"2025-04-28T09:29:34+00:00\",\"dateModified\":\"2025-06-11T11:04:49+00:00\",\"description\":\"Laager tundega, nagu oleksid maal \u00fcliaktiivse vanaisa ja toiduentusiastist vanaema juures. Palju ruumi, palju loodust, palju seiklusi.\",\"breadcrumb\":{\"@id\":\"https:\/\/kallastetalu.ee\/en\/holiday-resort\/laager\/#breadcrumb\"},\"inLanguage\":\"en-US\",\"potentialAction\":[{\"@type\":\"ReadAction\",\"target\":[\"https:\/\/kallastetalu.ee\/en\/holiday-resort\/laager\/\"]}]},{\"@type\":\"ImageObject\",\"inLanguage\":\"en-US\",\"@id\":\"https:\/\/kallastetalu.ee\/en\/holiday-resort\/laager\/#primaryimage\",\"url\":\"https:\/\/kallastetalu.ee\/wp-content\/uploads\/2025\/05\/Padise-Seikluspark-seiklusring-seiklus-inimene-meeskonnatoo-lapsed-inimesed-aktiivne-puhkus-Kallaste-Turismitalu-Padisel-arksa-hingega-talu-Harjumaal-www.kallastetalu.ee-.jpg\",\"contentUrl\":\"https:\/\/kallastetalu.ee\/wp-content\/uploads\/2025\/05\/Padise-Seikluspark-seiklusring-seiklus-inimene-meeskonnatoo-lapsed-inimesed-aktiivne-puhkus-Kallaste-Turismitalu-Padisel-arksa-hingega-talu-Harjumaal-www.kallastetalu.ee-.jpg\",\"width\":1600,\"height\":1200,\"caption\":\"laager laagrid laagri korraldus laagrikoht Padise Seikluspark seiklusring seiklus inimene meeskonnat\u00f6\u00f6 lapsed inimesed aktiivne puhkus Kallaste Turismitalu Padisel \u00e4rksa hingega talu Harjumaal www.kallastetalu.ee\"},{\"@type\":\"BreadcrumbList\",\"@id\":\"https:\/\/kallastetalu.ee\/en\/holiday-resort\/laager\/#breadcrumb\",\"itemListElement\":[{\"@type\":\"ListItem\",\"position\":1,\"name\":\"Home\",\"item\":\"https:\/\/kallastetalu.ee\/en\/\"},{\"@type\":\"ListItem\",\"position\":2,\"name\":\"Holiday Resort\",\"item\":\"https:\/\/kallastetalu.ee\/en\/holiday-resort\/\"},{\"@type\":\"ListItem\",\"position\":3,\"name\":\"Camp\"}]},{\"@type\":\"WebSite\",\"@id\":\"https:\/\/kallastetalu.ee\/en\/#website\",\"url\":\"https:\/\/kallastetalu.ee\/en\/\",\"name\":\"Kallaste Turismitalu - \u00c4rksa hingega talu Harjumaal\",\"description\":\"\",\"publisher\":{\"@id\":\"https:\/\/kallastetalu.ee\/en\/#organization\"},\"potentialAction\":[{\"@type\":\"SearchAction\",\"target\":{\"@type\":\"EntryPoint\",\"urlTemplate\":\"https:\/\/kallastetalu.ee\/en\/?s={search_term_string}\"},\"query-input\":{\"@type\":\"PropertyValueSpecification\",\"valueRequired\":true,\"valueName\":\"search_term_string\"}}],\"inLanguage\":\"en-US\"},{\"@type\":\"Organization\",\"@id\":\"https:\/\/kallastetalu.ee\/en\/#organization\",\"name\":\"Kallaste Turismitalu - \u00c4rksa hingega talu Harjumaal\",\"url\":\"https:\/\/kallastetalu.ee\/en\/\",\"logo\":{\"@type\":\"ImageObject\",\"inLanguage\":\"en-US\",\"@id\":\"https:\/\/kallastetalu.ee\/en\/#\/schema\/logo\/image\/\",\"url\":\"https:\/\/kallastetalu.ee\/wp-content\/uploads\/2025\/04\/kallastetalu.svg\",\"contentUrl\":\"https:\/\/kallastetalu.ee\/wp-content\/uploads\/2025\/04\/kallastetalu.svg\",\"width\":158,\"height\":127,\"caption\":\"Kallaste Turismitalu - \u00c4rksa hingega talu Harjumaal\"},\"image\":{\"@id\":\"https:\/\/kallastetalu.ee\/en\/#\/schema\/logo\/image\/\"},\"sameAs\":[\"https:\/\/www.facebook.com\/kallastetalu\",\"https:\/\/www.instagram.com\/turismitalu\",\"https:\/\/www.youtube.com\/@turismitalu\",\"https:\/\/www.tripadvisor.com\/Hotel_Review-g19122067-d2677575-Reviews-Kallaste_Talu_Turismitalu_Holiday_Resort-Kasepere_Harju_County.html?m=19905\"]}]}<\/script>\n<!-- \/ Yoast SEO Premium plugin. -->","yoast_head_json":{"title":"Korralda laager Kallaste Turismitalus- \u00e4rksa hingega talu Harjumaal","description":"Laager tundega, nagu oleksid maal \u00fcliaktiivse vanaisa ja toiduentusiastist vanaema juures. Palju ruumi, palju loodust, palju seiklusi.","robots":{"index":"index","follow":"follow","max-snippet":"max-snippet:-1","max-image-preview":"max-image-preview:large","max-video-preview":"max-video-preview:-1"},"canonical":"https:\/\/kallastetalu.ee\/en\/holiday-resort\/laager\/","og_locale":"en_US","og_type":"article","og_title":"Camp","og_description":"Laager tundega, nagu oleksid maal \u00fcliaktiivse vanaisa ja toiduentusiastist vanaema juures. Palju ruumi, palju loodust, palju seiklusi.","og_url":"https:\/\/kallastetalu.ee\/en\/holiday-resort\/laager\/","og_site_name":"Kallaste Turismitalu - \u00c4rksa hingega Talu Harjumaal","article_publisher":"https:\/\/www.facebook.com\/kallastetalu","article_modified_time":"2025-06-11T11:04:49+00:00","og_image":[{"width":1600,"height":1200,"url":"https:\/\/kallastetalu.ee\/wp-content\/uploads\/2025\/05\/Padise-Seikluspark-seiklusring-seiklus-inimene-meeskonnatoo-lapsed-inimesed-aktiivne-puhkus-Kallaste-Turismitalu-Padisel-arksa-hingega-talu-Harjumaal-www.kallastetalu.ee-.jpg","type":"image\/jpeg"}],"twitter_card":"summary_large_image","twitter_misc":{"Est. reading time":"3 minutes"},"schema":{"@context":"https:\/\/schema.org","@graph":[{"@type":"WebPage","@id":"https:\/\/kallastetalu.ee\/en\/holiday-resort\/laager\/","url":"https:\/\/kallastetalu.ee\/en\/holiday-resort\/laager\/","name":"Korralda laager Kallaste Turismitalus- \u00e4rksa hingega talu Harjumaal","isPartOf":{"@id":"https:\/\/kallastetalu.ee\/en\/#website"},"primaryImageOfPage":{"@id":"https:\/\/kallastetalu.ee\/en\/holiday-resort\/laager\/#primaryimage"},"image":{"@id":"https:\/\/kallastetalu.ee\/en\/holiday-resort\/laager\/#primaryimage"},"thumbnailUrl":"https:\/\/kallastetalu.ee\/wp-content\/uploads\/2025\/05\/Padise-Seikluspark-seiklusring-seiklus-inimene-meeskonnatoo-lapsed-inimesed-aktiivne-puhkus-Kallaste-Turismitalu-Padisel-arksa-hingega-talu-Harjumaal-www.kallastetalu.ee-.jpg","datePublished":"2025-04-28T09:29:34+00:00","dateModified":"2025-06-11T11:04:49+00:00","description":"Laager tundega, nagu oleksid maal \u00fcliaktiivse vanaisa ja toiduentusiastist vanaema juures. Palju ruumi, palju loodust, palju seiklusi.","breadcrumb":{"@id":"https:\/\/kallastetalu.ee\/en\/holiday-resort\/laager\/#breadcrumb"},"inLanguage":"en-US","potentialAction":[{"@type":"ReadAction","target":["https:\/\/kallastetalu.ee\/en\/holiday-resort\/laager\/"]}]},{"@type":"ImageObject","inLanguage":"en-US","@id":"https:\/\/kallastetalu.ee\/en\/holiday-resort\/laager\/#primaryimage","url":"https:\/\/kallastetalu.ee\/wp-content\/uploads\/2025\/05\/Padise-Seikluspark-seiklusring-seiklus-inimene-meeskonnatoo-lapsed-inimesed-aktiivne-puhkus-Kallaste-Turismitalu-Padisel-arksa-hingega-talu-Harjumaal-www.kallastetalu.ee-.jpg","contentUrl":"https:\/\/kallastetalu.ee\/wp-content\/uploads\/2025\/05\/Padise-Seikluspark-seiklusring-seiklus-inimene-meeskonnatoo-lapsed-inimesed-aktiivne-puhkus-Kallaste-Turismitalu-Padisel-arksa-hingega-talu-Harjumaal-www.kallastetalu.ee-.jpg","width":1600,"height":1200,"caption":"laager laagrid laagri korraldus laagrikoht Padise Seikluspark seiklusring seiklus inimene meeskonnat\u00f6\u00f6 lapsed inimesed aktiivne puhkus Kallaste Turismitalu Padisel \u00e4rksa hingega talu Harjumaal www.kallastetalu.ee"},{"@type":"BreadcrumbList","@id":"https:\/\/kallastetalu.ee\/en\/holiday-resort\/laager\/#breadcrumb","itemListElement":[{"@type":"ListItem","position":1,"name":"Home","item":"https:\/\/kallastetalu.ee\/en\/"},{"@type":"ListItem","position":2,"name":"Holiday Resort","item":"https:\/\/kallastetalu.ee\/en\/holiday-resort\/"},{"@type":"ListItem","position":3,"name":"Camp"}]},{"@type":"WebSite","@id":"https:\/\/kallastetalu.ee\/en\/#website","url":"https:\/\/kallastetalu.ee\/en\/","name":"Kallaste Turismitalu - \u00c4rksa hingega talu Harjumaal","description":"","publisher":{"@id":"https:\/\/kallastetalu.ee\/en\/#organization"},"potentialAction":[{"@type":"SearchAction","target":{"@type":"EntryPoint","urlTemplate":"https:\/\/kallastetalu.ee\/en\/?s={search_term_string}"},"query-input":{"@type":"PropertyValueSpecification","valueRequired":true,"valueName":"search_term_string"}}],"inLanguage":"en-US"},{"@type":"Organization","@id":"https:\/\/kallastetalu.ee\/en\/#organization","name":"Kallaste Turismitalu - \u00c4rksa hingega talu Harjumaal","url":"https:\/\/kallastetalu.ee\/en\/","logo":{"@type":"ImageObject","inLanguage":"en-US","@id":"https:\/\/kallastetalu.ee\/en\/#\/schema\/logo\/image\/","url":"https:\/\/kallastetalu.ee\/wp-content\/uploads\/2025\/04\/kallastetalu.svg","contentUrl":"https:\/\/kallastetalu.ee\/wp-content\/uploads\/2025\/04\/kallastetalu.svg","width":158,"height":127,"caption":"Kallaste Turismitalu - \u00c4rksa hingega talu Harjumaal"},"image":{"@id":"https:\/\/kallastetalu.ee\/en\/#\/schema\/logo\/image\/"},"sameAs":["https:\/\/www.facebook.com\/kallastetalu","https:\/\/www.instagram.com\/turismitalu","https:\/\/www.youtube.com\/@turismitalu","https:\/\/www.tripadvisor.com\/Hotel_Review-g19122067-d2677575-Reviews-Kallaste_Talu_Turismitalu_Holiday_Resort-Kasepere_Harju_County.html?m=19905"]}]}},"_links":{"self":[{"href":"https:\/\/kallastetalu.ee\/en\/wp-json\/wp\/v2\/pages\/4372","targetHints":{"allow":["GET"]}}],"collection":[{"href":"https:\/\/kallastetalu.ee\/en\/wp-json\/wp\/v2\/pages"}],"about":[{"href":"https:\/\/kallastetalu.ee\/en\/wp-json\/wp\/v2\/types\/page"}],"author":[{"embeddable":true,"href":"https:\/\/kallastetalu.ee\/en\/wp-json\/wp\/v2\/users\/1"}],"replies":[{"embeddable":true,"href":"https:\/\/kallastetalu.ee\/en\/wp-json\/wp\/v2\/comments?post=4372"}],"version-history":[{"count":2,"href":"https:\/\/kallastetalu.ee\/en\/wp-json\/wp\/v2\/pages\/4372\/revisions"}],"predecessor-version":[{"id":5100,"href":"https:\/\/kallastetalu.ee\/en\/wp-json\/wp\/v2\/pages\/4372\/revisions\/5100"}],"up":[{"embeddable":true,"href":"https:\/\/kallastetalu.ee\/en\/wp-json\/wp\/v2\/pages\/3340"}],"wp:featuredmedia":[{"embeddable":true,"href":"https:\/\/kallastetalu.ee\/en\/wp-json\/wp\/v2\/media\/2045"}],"wp:attachment":[{"href":"https:\/\/kallastetalu.ee\/en\/wp-json\/wp\/v2\/media?parent=4372"}],"curies":[{"name":"wp","href":"https:\/\/api.w.org\/{rel}","templated":true}]}}