{"id":6011,"date":"2025-11-20T13:35:15","date_gmt":"2025-11-20T13:35:15","guid":{"rendered":"https:\/\/kallastetalu.ee\/?page_id=6011"},"modified":"2025-11-20T14:12:11","modified_gmt":"2025-11-20T14:12:11","slug":"romantic-package","status":"publish","type":"page","link":"https:\/\/kallastetalu.ee\/en\/holiday-resort\/paketid\/romantic-package\/","title":{"rendered":"Romantic Package \u2764\ufe0f"},"content":{"rendered":"\n<section class=\"block-images\">\n                        <div class=\"block-images__image\">\n                <a \n                    href=\"https:\/\/kallastetalu.ee\/wp-content\/uploads\/2025\/10\/Telkimisplats-paarike-romantiline-talv-hanged-lumi-illustratiivne-reklaam-FB-inimesed-inimene-Kallaste-Turismitalu-Padisel-arksa-hingega-talu-Harjumaal-www.kallastetalu.ee--scaled.jpg\" \n                    data-fancybox=\"gallery\" \n                    class=\"smooth-corners\"\n                    style=\"background-image: url('https:\/\/kallastetalu.ee\/wp-content\/uploads\/2025\/10\/Telkimisplats-paarike-romantiline-talv-hanged-lumi-illustratiivne-reklaam-FB-inimesed-inimene-Kallaste-Turismitalu-Padisel-arksa-hingega-talu-Harjumaal-www.kallastetalu.ee--scaled.jpg');\"\n                >\n                    <img decoding=\"async\" src=\"https:\/\/kallastetalu.ee\/wp-content\/uploads\/2025\/10\/Telkimisplats-paarike-romantiline-talv-hanged-lumi-illustratiivne-reklaam-FB-inimesed-inimene-Kallaste-Turismitalu-Padisel-arksa-hingega-talu-Harjumaal-www.kallastetalu.ee--scaled.jpg\" alt=\"Telkimisplats paarike romantiline talv hanged lumi illustratiivne reklaam FB inimesed inimene Kallaste Turismitalu Padisel \u00e4rksa hingega talu Harjumaal www.kallastetalu.ee\">\n                                                        <\/a>\n            <\/div>\n                                <div class=\"block-images__image\">\n                <a \n                    href=\"https:\/\/kallastetalu.ee\/wp-content\/uploads\/2025\/05\/Saun-leiliruum-majas-Heino-saun-saunamaja-inimene-inimesed-saunatamine-ulemine-kompleks-Kallaste-Turismitalu-Padisel-arksa-hingega-talu-Harjumaal-www.kallastetalu.ee--1920x1080.jpg\" \n                    data-fancybox=\"gallery\" \n                    class=\"smooth-corners\"\n                    style=\"background-image: url('https:\/\/kallastetalu.ee\/wp-content\/uploads\/2025\/05\/Saun-leiliruum-majas-Heino-saun-saunamaja-inimene-inimesed-saunatamine-ulemine-kompleks-Kallaste-Turismitalu-Padisel-arksa-hingega-talu-Harjumaal-www.kallastetalu.ee--150x150.jpg');\"\n                >\n                    <img decoding=\"async\" src=\"https:\/\/kallastetalu.ee\/wp-content\/uploads\/2025\/05\/Saun-leiliruum-majas-Heino-saun-saunamaja-inimene-inimesed-saunatamine-ulemine-kompleks-Kallaste-Turismitalu-Padisel-arksa-hingega-talu-Harjumaal-www.kallastetalu.ee--150x150.jpg\" alt=\"Saun leiliruum m\u00f5ttesaun soomesaun  majas Heino saun saunamaja inimene inimesed saunatamine \u00fclemine kompleks Kallaste Turismitalu Padisel \u00e4rksa hingega talu Harjumaal www.kallastetalu.ee\">\n                                                        <\/a>\n            <\/div>\n                                <div class=\"block-images__image\">\n                <a \n                    href=\"https:\/\/kallastetalu.ee\/wp-content\/uploads\/2025\/04\/DSCF5568-1920x1080.jpg\" \n                    data-fancybox=\"gallery\" \n                    class=\"smooth-corners\"\n                    style=\"background-image: url('https:\/\/kallastetalu.ee\/wp-content\/uploads\/2025\/04\/DSCF5568-150x150.jpg');\"\n                >\n                    <img decoding=\"async\" src=\"https:\/\/kallastetalu.ee\/wp-content\/uploads\/2025\/04\/DSCF5568-150x150.jpg\" alt=\"Tareke Hilja \u2013 privaatne majutus metsmaasikate keskel Kallaste Turismitalus\">\n                                                        <\/a>\n            <\/div>\n                                <div class=\"block-images__image\">\n                <a \n                    href=\"https:\/\/kallastetalu.ee\/wp-content\/uploads\/2025\/05\/Johannes-tuba-D-Kloostrijoe-sviit-vesivoodiga-Kallaste-Turismitalus-Harjumaal-www.kallastetalu.ee--1920x1080.jpg\" \n                    data-fancybox=\"gallery\" \n                    class=\"smooth-corners\"\n                    style=\"background-image: url('https:\/\/kallastetalu.ee\/wp-content\/uploads\/2025\/05\/Johannes-tuba-D-Kloostrijoe-sviit-vesivoodiga-Kallaste-Turismitalus-Harjumaal-www.kallastetalu.ee--150x150.jpg');\"\n                >\n                    <img decoding=\"async\" src=\"https:\/\/kallastetalu.ee\/wp-content\/uploads\/2025\/05\/Johannes-tuba-D-Kloostrijoe-sviit-vesivoodiga-Kallaste-Turismitalus-Harjumaal-www.kallastetalu.ee--150x150.jpg\" alt=\"Johannes stuudiokorter Kallaste Turismitalus, l\u00f5kkeplats ja rohelus, peres\u00f5bralik majutus Padisel, Harjumaal\">\n                                                                <div class=\"moreImagePlaceholder mobile\">\n                            <span>+5<br>Photos<\/span>\n                        <\/div>\n                                    <\/a>\n            <\/div>\n                                <div class=\"block-images__image\">\n                <a \n                    href=\"https:\/\/kallastetalu.ee\/wp-content\/uploads\/2025\/05\/Saunamaja-saun-Heino-paike-suvi-inimesed-inimene-saunavihad-viht-saunatamine-sauna-uur-ulemine-kompleks-Kallaste-Turismitalu-Padisel-Edited-1920x1080.jpg\" \n                    data-fancybox=\"gallery\" \n                    class=\"smooth-corners\"\n                    style=\"background-image: url('https:\/\/kallastetalu.ee\/wp-content\/uploads\/2025\/05\/Saunamaja-saun-Heino-paike-suvi-inimesed-inimene-saunavihad-viht-saunatamine-sauna-uur-ulemine-kompleks-Kallaste-Turismitalu-Padisel-Edited-150x150.jpg');\"\n                >\n                    <img decoding=\"async\" src=\"https:\/\/kallastetalu.ee\/wp-content\/uploads\/2025\/05\/Saunamaja-saun-Heino-paike-suvi-inimesed-inimene-saunavihad-viht-saunatamine-sauna-uur-ulemine-kompleks-Kallaste-Turismitalu-Padisel-Edited-150x150.jpg\" alt=\"\">\n                                            <div class=\"moreImagePlaceholder desktop\">\n                            <span>+4<br>Photos<\/span>\n                        <\/div>\n                                                        <\/a>\n            <\/div>\n                                <a \n                href=\"https:\/\/kallastetalu.ee\/wp-content\/uploads\/2025\/05\/Kuuma-veega-kumblustunn-Saun-saunamaja-Heino-suvi-paike-ulemine-kompleks-koeb-suits-toss-Kallaste-Turismitalu-Padisel-arksa-hingega-talu-Harjumaal-www.kallastetalu.ee--1920x1080.jpg\" \n                data-fancybox=\"gallery\" \n                style=\"display:none;\"\n            ><\/a>\n                                <a \n                href=\"https:\/\/kallastetalu.ee\/wp-content\/uploads\/2025\/11\/DSCF9308-scaled.jpg\" \n                data-fancybox=\"gallery\" \n                style=\"display:none;\"\n            ><\/a>\n                                <a \n                href=\"https:\/\/kallastetalu.ee\/wp-content\/uploads\/2025\/10\/Kitsed-taluloomad-loomapark-Elamustalu-2025-uldvaade-Kallaste-Turismitalu-Arksa-hingega-talu-Harjumaal-scaled.jpg\" \n                data-fancybox=\"gallery\" \n                style=\"display:none;\"\n            ><\/a>\n                                <a \n                href=\"https:\/\/kallastetalu.ee\/wp-content\/uploads\/2025\/05\/Kallaste-Turismitalu-kallastetalu.ee-loodus-puhkus-mets-rada-illustreeriv-1.jpg\" \n                data-fancybox=\"gallery\" \n                style=\"display:none;\"\n            ><\/a>\n            <\/section>\n\n\n\n<h2 class=\"wp-block-heading\" id=\"h-romantic-package-forest-romance\"><strong>Romantic Package \u201cForest Romance\u201d<\/strong><\/h2>\n\n\n\n<p>When everyday life becomes too loud, the greatest gift you can give each other is time. Time to be together, to listen to the silence of the forest, and to feel your mind and body finally relax. The fast pace and stress of daily life melt away the moment you arrive. Our Romantic Package \u201cForest Romance\u201d is created for one purpose \u2013 to let you truly be present together.<\/p>\n\n\n\n<p>You will stay in a <strong>cozy private forest cabin<\/strong> or a <strong>comfortable studio apartment<\/strong> by the murmuring Kloostri River, nestled deep in the woods. In the evening, we serve a <strong>nourishing dinner<\/strong> in the main house, and in the morning a <strong>hearty breakfast<\/strong> \u2013 because the fresh forest air is known to awaken a healthy appetite.<\/p>\n\n\n\n<p>The highlight of your evening is a <strong>two-hour private sauna<\/strong> or a <strong>relaxing hot tub under the stars<\/strong> \u2013 just for the two of you, surrounded by candlelight and the sounds of the forest.<\/p>\n\n\n\n<p>You can also enjoy:<\/p>\n\n\n\n<ul class=\"wp-block-list\">\n<li><span><span><strong>Forest walks<\/strong> \u2013 a nature and culture trail begins right at our doorstep, leading you along scenic paths to the historic Padise Monastery;<\/span><\/span><\/li>\n\n\n\n<li><span><span><strong>Friendly encounters with our farm animals<\/strong> at Elamustalu;<\/span><\/span><\/li>\n\n\n\n<li><span><span><strong>An engaging disc golf course<\/strong>, perfect for shared laughter, movement, and playful competition.<\/span><\/span><\/li>\n<\/ul>\n\n\n\n<p>Come and create memories that last a lifetime.<br>Give a gift you cannot buy in any store \u2013 <strong>presence, attention, and something truly real.<\/strong><\/p>\n\n\n    <section class=\"price-list smooth-corners\">\n                    <div class=\"price-list__item\">\n                <div class=\"price-list__item-content\">\n                    <div class=\"price-list__item-content-name\">\n                        Price for two                    <\/div>\n                                        <div class=\"price-list__item-content-price smooth-corners\">\n                        210\u20ac                    <\/div>\n                                    <\/div>\n                            <\/div>\n                    <div class=\"price-list__item\">\n                <div class=\"price-list__item-content\">\n                    <div class=\"price-list__item-content-name\">\n                        If there are more of you, please add an extra guest                    <\/div>\n                                        <div class=\"price-list__item-content-price smooth-corners\">\n                        35\u20ac                    <\/div>\n                                    <\/div>\n                            <\/div>\n            <\/section>\n\n\n\n<p><strong>Additional services:<\/strong><\/p>\n\n\n\n<p>Hot tub<br>Massage<\/p>\n\n\n\n<p>With us, you can enjoy nature, privacy, and a relaxing sauna experience \u2013 all with a great price-to-quality ratio!<\/p>\n","protected":false},"excerpt":{"rendered":"Romantic Package \u201cForest Romance\u201d When everyday life becomes too loud, the greatest gift you can give each other is time. Time to be&#8230;","protected":false},"author":2,"featured_media":6014,"parent":4329,"menu_order":0,"comment_status":"closed","ping_status":"closed","template":"page-templates\/template-package-item.php","meta":{"_acf_changed":false,"inline_featured_image":false,"footnotes":""},"class_list":["post-6011","page","type-page","status-publish","has-post-thumbnail","hentry"],"acf":[],"yoast_head":"<!-- This site is optimized with the Yoast SEO Premium plugin v25.2 (Yoast SEO v26.7) - https:\/\/yoast.com\/wordpress\/plugins\/seo\/ -->\n<title>Romantic Package \u201cForest Romance\u201d in Kallaste Turismitalu<\/title>\n<meta name=\"description\" content=\"Romantic Package offeres private forest cabin, dinner, breakfast, private sauna and nature trails for two. Create unforgettable moments!\" \/>\n<meta name=\"robots\" content=\"index, follow, max-snippet:-1, max-image-preview:large, max-video-preview:-1\" \/>\n<link rel=\"canonical\" href=\"https:\/\/kallastetalu.ee\/en\/holiday-resort\/paketid\/romantic-package\/\" \/>\n<meta property=\"og:locale\" content=\"en_US\" \/>\n<meta property=\"og:type\" content=\"article\" \/>\n<meta property=\"og:title\" content=\"Romantic Package \u2764\ufe0f\" \/>\n<meta property=\"og:description\" content=\"Romantic Package offeres private forest cabin, dinner, breakfast, private sauna and nature trails for two. Create unforgettable moments!\" \/>\n<meta property=\"og:url\" content=\"https:\/\/kallastetalu.ee\/en\/holiday-resort\/paketid\/romantic-package\/\" \/>\n<meta property=\"og:site_name\" content=\"Kallaste Turismitalu - \u00c4rksa hingega Talu Harjumaal\" \/>\n<meta property=\"article:publisher\" content=\"https:\/\/www.facebook.com\/kallastetalu\" \/>\n<meta property=\"article:modified_time\" content=\"2025-11-20T14:12:11+00:00\" \/>\n<meta property=\"og:image\" content=\"https:\/\/kallastetalu.ee\/wp-content\/uploads\/2025\/11\/DSCF9308-scaled.jpg\" \/>\n\t<meta property=\"og:image:width\" content=\"2560\" \/>\n\t<meta property=\"og:image:height\" content=\"1707\" \/>\n\t<meta property=\"og:image:type\" content=\"image\/jpeg\" \/>\n<meta name=\"twitter:card\" content=\"summary_large_image\" \/>\n<meta name=\"twitter:label1\" content=\"Est. reading time\" \/>\n\t<meta name=\"twitter:data1\" content=\"2 minutes\" \/>\n<script type=\"application\/ld+json\" class=\"yoast-schema-graph\">{\"@context\":\"https:\/\/schema.org\",\"@graph\":[{\"@type\":\"WebPage\",\"@id\":\"https:\/\/kallastetalu.ee\/en\/holiday-resort\/paketid\/romantic-package\/\",\"url\":\"https:\/\/kallastetalu.ee\/en\/holiday-resort\/paketid\/romantic-package\/\",\"name\":\"Romantic Package \u201cForest Romance\u201d in Kallaste Turismitalu\",\"isPartOf\":{\"@id\":\"https:\/\/kallastetalu.ee\/en\/#website\"},\"primaryImageOfPage\":{\"@id\":\"https:\/\/kallastetalu.ee\/en\/holiday-resort\/paketid\/romantic-package\/#primaryimage\"},\"image\":{\"@id\":\"https:\/\/kallastetalu.ee\/en\/holiday-resort\/paketid\/romantic-package\/#primaryimage\"},\"thumbnailUrl\":\"https:\/\/kallastetalu.ee\/wp-content\/uploads\/2025\/11\/DSCF9308-scaled.jpg\",\"datePublished\":\"2025-11-20T13:35:15+00:00\",\"dateModified\":\"2025-11-20T14:12:11+00:00\",\"description\":\"Romantic Package offeres private forest cabin, dinner, breakfast, private sauna and nature trails for two. Create unforgettable moments!\",\"breadcrumb\":{\"@id\":\"https:\/\/kallastetalu.ee\/en\/holiday-resort\/paketid\/romantic-package\/#breadcrumb\"},\"inLanguage\":\"en-US\",\"potentialAction\":[{\"@type\":\"ReadAction\",\"target\":[\"https:\/\/kallastetalu.ee\/en\/holiday-resort\/paketid\/romantic-package\/\"]}]},{\"@type\":\"ImageObject\",\"inLanguage\":\"en-US\",\"@id\":\"https:\/\/kallastetalu.ee\/en\/holiday-resort\/paketid\/romantic-package\/#primaryimage\",\"url\":\"https:\/\/kallastetalu.ee\/wp-content\/uploads\/2025\/11\/DSCF9308-scaled.jpg\",\"contentUrl\":\"https:\/\/kallastetalu.ee\/wp-content\/uploads\/2025\/11\/DSCF9308-scaled.jpg\",\"width\":2560,\"height\":1707,\"caption\":\"romantikapakett Kallaste Turismitalu - \u00c4rka hingega talu HArjumaal - phkemaja - puhkekompleks - Holiday resort in Estonian wilderness Romantic Package \u201cForest Romance\u201d \u0420\u043e\u043c\u0430\u043d\u0442\u0438\u0447\u0435\u0441\u043a\u0438\u0439 \u043f\u0430\u043a\u0435\u0442 \u00ab\u041b\u0435\u0441\u043d\u0430\u044f \u0440\u043e\u043c\u0430\u043d\u0442\u0438\u043a\u0430\u00bb\"},{\"@type\":\"BreadcrumbList\",\"@id\":\"https:\/\/kallastetalu.ee\/en\/holiday-resort\/paketid\/romantic-package\/#breadcrumb\",\"itemListElement\":[{\"@type\":\"ListItem\",\"position\":1,\"name\":\"Home\",\"item\":\"https:\/\/kallastetalu.ee\/en\/\"},{\"@type\":\"ListItem\",\"position\":2,\"name\":\"Holiday Resort\",\"item\":\"https:\/\/kallastetalu.ee\/en\/holiday-resort\/\"},{\"@type\":\"ListItem\",\"position\":3,\"name\":\"Packages\",\"item\":\"https:\/\/kallastetalu.ee\/en\/holiday-resort\/paketid\/\"},{\"@type\":\"ListItem\",\"position\":4,\"name\":\"Romantic Package \u2764\ufe0f\"}]},{\"@type\":\"WebSite\",\"@id\":\"https:\/\/kallastetalu.ee\/en\/#website\",\"url\":\"https:\/\/kallastetalu.ee\/en\/\",\"name\":\"Kallaste Turismitalu - \u00c4rksa hingega talu Harjumaal\",\"description\":\"\",\"publisher\":{\"@id\":\"https:\/\/kallastetalu.ee\/en\/#organization\"},\"potentialAction\":[{\"@type\":\"SearchAction\",\"target\":{\"@type\":\"EntryPoint\",\"urlTemplate\":\"https:\/\/kallastetalu.ee\/en\/?s={search_term_string}\"},\"query-input\":{\"@type\":\"PropertyValueSpecification\",\"valueRequired\":true,\"valueName\":\"search_term_string\"}}],\"inLanguage\":\"en-US\"},{\"@type\":\"Organization\",\"@id\":\"https:\/\/kallastetalu.ee\/en\/#organization\",\"name\":\"Kallaste Turismitalu - \u00c4rksa hingega talu Harjumaal\",\"url\":\"https:\/\/kallastetalu.ee\/en\/\",\"logo\":{\"@type\":\"ImageObject\",\"inLanguage\":\"en-US\",\"@id\":\"https:\/\/kallastetalu.ee\/en\/#\/schema\/logo\/image\/\",\"url\":\"https:\/\/kallastetalu.ee\/wp-content\/uploads\/2025\/04\/kallastetalu.svg\",\"contentUrl\":\"https:\/\/kallastetalu.ee\/wp-content\/uploads\/2025\/04\/kallastetalu.svg\",\"width\":158,\"height\":127,\"caption\":\"Kallaste Turismitalu - \u00c4rksa hingega talu Harjumaal\"},\"image\":{\"@id\":\"https:\/\/kallastetalu.ee\/en\/#\/schema\/logo\/image\/\"},\"sameAs\":[\"https:\/\/www.facebook.com\/kallastetalu\",\"https:\/\/www.instagram.com\/turismitalu\",\"https:\/\/www.youtube.com\/@turismitalu\",\"https:\/\/www.tripadvisor.com\/Hotel_Review-g19122067-d2677575-Reviews-Kallaste_Talu_Turismitalu_Holiday_Resort-Kasepere_Harju_County.html?m=19905\"]}]}<\/script>\n<!-- \/ Yoast SEO Premium plugin. -->","yoast_head_json":{"title":"Romantic Package \u201cForest Romance\u201d in Kallaste Turismitalu","description":"Romantic Package offeres private forest cabin, dinner, breakfast, private sauna and nature trails for two. Create unforgettable moments!","robots":{"index":"index","follow":"follow","max-snippet":"max-snippet:-1","max-image-preview":"max-image-preview:large","max-video-preview":"max-video-preview:-1"},"canonical":"https:\/\/kallastetalu.ee\/en\/holiday-resort\/paketid\/romantic-package\/","og_locale":"en_US","og_type":"article","og_title":"Romantic Package \u2764\ufe0f","og_description":"Romantic Package offeres private forest cabin, dinner, breakfast, private sauna and nature trails for two. Create unforgettable moments!","og_url":"https:\/\/kallastetalu.ee\/en\/holiday-resort\/paketid\/romantic-package\/","og_site_name":"Kallaste Turismitalu - \u00c4rksa hingega Talu Harjumaal","article_publisher":"https:\/\/www.facebook.com\/kallastetalu","article_modified_time":"2025-11-20T14:12:11+00:00","og_image":[{"width":2560,"height":1707,"url":"https:\/\/kallastetalu.ee\/wp-content\/uploads\/2025\/11\/DSCF9308-scaled.jpg","type":"image\/jpeg"}],"twitter_card":"summary_large_image","twitter_misc":{"Est. reading time":"2 minutes"},"schema":{"@context":"https:\/\/schema.org","@graph":[{"@type":"WebPage","@id":"https:\/\/kallastetalu.ee\/en\/holiday-resort\/paketid\/romantic-package\/","url":"https:\/\/kallastetalu.ee\/en\/holiday-resort\/paketid\/romantic-package\/","name":"Romantic Package \u201cForest Romance\u201d in Kallaste Turismitalu","isPartOf":{"@id":"https:\/\/kallastetalu.ee\/en\/#website"},"primaryImageOfPage":{"@id":"https:\/\/kallastetalu.ee\/en\/holiday-resort\/paketid\/romantic-package\/#primaryimage"},"image":{"@id":"https:\/\/kallastetalu.ee\/en\/holiday-resort\/paketid\/romantic-package\/#primaryimage"},"thumbnailUrl":"https:\/\/kallastetalu.ee\/wp-content\/uploads\/2025\/11\/DSCF9308-scaled.jpg","datePublished":"2025-11-20T13:35:15+00:00","dateModified":"2025-11-20T14:12:11+00:00","description":"Romantic Package offeres private forest cabin, dinner, breakfast, private sauna and nature trails for two. Create unforgettable moments!","breadcrumb":{"@id":"https:\/\/kallastetalu.ee\/en\/holiday-resort\/paketid\/romantic-package\/#breadcrumb"},"inLanguage":"en-US","potentialAction":[{"@type":"ReadAction","target":["https:\/\/kallastetalu.ee\/en\/holiday-resort\/paketid\/romantic-package\/"]}]},{"@type":"ImageObject","inLanguage":"en-US","@id":"https:\/\/kallastetalu.ee\/en\/holiday-resort\/paketid\/romantic-package\/#primaryimage","url":"https:\/\/kallastetalu.ee\/wp-content\/uploads\/2025\/11\/DSCF9308-scaled.jpg","contentUrl":"https:\/\/kallastetalu.ee\/wp-content\/uploads\/2025\/11\/DSCF9308-scaled.jpg","width":2560,"height":1707,"caption":"romantikapakett Kallaste Turismitalu - \u00c4rka hingega talu HArjumaal - phkemaja - puhkekompleks - Holiday resort in Estonian wilderness Romantic Package \u201cForest Romance\u201d \u0420\u043e\u043c\u0430\u043d\u0442\u0438\u0447\u0435\u0441\u043a\u0438\u0439 \u043f\u0430\u043a\u0435\u0442 \u00ab\u041b\u0435\u0441\u043d\u0430\u044f \u0440\u043e\u043c\u0430\u043d\u0442\u0438\u043a\u0430\u00bb"},{"@type":"BreadcrumbList","@id":"https:\/\/kallastetalu.ee\/en\/holiday-resort\/paketid\/romantic-package\/#breadcrumb","itemListElement":[{"@type":"ListItem","position":1,"name":"Home","item":"https:\/\/kallastetalu.ee\/en\/"},{"@type":"ListItem","position":2,"name":"Holiday Resort","item":"https:\/\/kallastetalu.ee\/en\/holiday-resort\/"},{"@type":"ListItem","position":3,"name":"Packages","item":"https:\/\/kallastetalu.ee\/en\/holiday-resort\/paketid\/"},{"@type":"ListItem","position":4,"name":"Romantic Package \u2764\ufe0f"}]},{"@type":"WebSite","@id":"https:\/\/kallastetalu.ee\/en\/#website","url":"https:\/\/kallastetalu.ee\/en\/","name":"Kallaste Turismitalu - \u00c4rksa hingega talu Harjumaal","description":"","publisher":{"@id":"https:\/\/kallastetalu.ee\/en\/#organization"},"potentialAction":[{"@type":"SearchAction","target":{"@type":"EntryPoint","urlTemplate":"https:\/\/kallastetalu.ee\/en\/?s={search_term_string}"},"query-input":{"@type":"PropertyValueSpecification","valueRequired":true,"valueName":"search_term_string"}}],"inLanguage":"en-US"},{"@type":"Organization","@id":"https:\/\/kallastetalu.ee\/en\/#organization","name":"Kallaste Turismitalu - \u00c4rksa hingega talu Harjumaal","url":"https:\/\/kallastetalu.ee\/en\/","logo":{"@type":"ImageObject","inLanguage":"en-US","@id":"https:\/\/kallastetalu.ee\/en\/#\/schema\/logo\/image\/","url":"https:\/\/kallastetalu.ee\/wp-content\/uploads\/2025\/04\/kallastetalu.svg","contentUrl":"https:\/\/kallastetalu.ee\/wp-content\/uploads\/2025\/04\/kallastetalu.svg","width":158,"height":127,"caption":"Kallaste Turismitalu - \u00c4rksa hingega talu Harjumaal"},"image":{"@id":"https:\/\/kallastetalu.ee\/en\/#\/schema\/logo\/image\/"},"sameAs":["https:\/\/www.facebook.com\/kallastetalu","https:\/\/www.instagram.com\/turismitalu","https:\/\/www.youtube.com\/@turismitalu","https:\/\/www.tripadvisor.com\/Hotel_Review-g19122067-d2677575-Reviews-Kallaste_Talu_Turismitalu_Holiday_Resort-Kasepere_Harju_County.html?m=19905"]}]}},"_links":{"self":[{"href":"https:\/\/kallastetalu.ee\/en\/wp-json\/wp\/v2\/pages\/6011","targetHints":{"allow":["GET"]}}],"collection":[{"href":"https:\/\/kallastetalu.ee\/en\/wp-json\/wp\/v2\/pages"}],"about":[{"href":"https:\/\/kallastetalu.ee\/en\/wp-json\/wp\/v2\/types\/page"}],"author":[{"embeddable":true,"href":"https:\/\/kallastetalu.ee\/en\/wp-json\/wp\/v2\/users\/2"}],"replies":[{"embeddable":true,"href":"https:\/\/kallastetalu.ee\/en\/wp-json\/wp\/v2\/comments?post=6011"}],"version-history":[{"count":5,"href":"https:\/\/kallastetalu.ee\/en\/wp-json\/wp\/v2\/pages\/6011\/revisions"}],"predecessor-version":[{"id":6035,"href":"https:\/\/kallastetalu.ee\/en\/wp-json\/wp\/v2\/pages\/6011\/revisions\/6035"}],"up":[{"embeddable":true,"href":"https:\/\/kallastetalu.ee\/en\/wp-json\/wp\/v2\/pages\/4329"}],"wp:featuredmedia":[{"embeddable":true,"href":"https:\/\/kallastetalu.ee\/en\/wp-json\/wp\/v2\/media\/6014"}],"wp:attachment":[{"href":"https:\/\/kallastetalu.ee\/en\/wp-json\/wp\/v2\/media?parent=6011"}],"curies":[{"name":"wp","href":"https:\/\/api.w.org\/{rel}","templated":true}]}}