{"id":3837,"date":"2025-04-29T11:52:41","date_gmt":"2025-04-29T11:52:41","guid":{"rendered":"https:\/\/kallastetalu.ee\/elamustalu\/kullese-spa\/"},"modified":"2025-06-07T08:32:13","modified_gmt":"2025-06-07T08:32:13","slug":"tadpole-spa","status":"publish","type":"page","link":"https:\/\/kallastetalu.ee\/ru\/elamustalu\/tadpole-spa\/","title":{"rendered":"\u0421\u041f\u0410 \u0434\u043b\u044f \u0433\u043e\u043b\u043e\u0432\u0430\u0441\u0442\u0438\u043a\u043e\u0432"},"content":{"rendered":"\n<p>\u0414\u043e\u0431\u0440\u043e \u043f\u043e\u0436\u0430\u043b\u043e\u0432\u0430\u0442\u044c \u0432 \u0443\u043d\u0438\u043a\u0430\u043b\u044c\u043d\u044b\u0439 \u0421\u041f\u0410 \u0434\u043b\u044f \u0433\u043e\u043b\u043e\u0432\u0430\u0441\u0442\u0438\u043a\u043e\u0432! \u042d\u0442\u0430 \u043e\u0441\u043e\u0431\u0435\u043d\u043d\u0430\u044f \u043f\u0440\u043e\u0446\u0435\u0434\u0443\u0440\u0430 \u043f\u043e\u0431\u0430\u043b\u0443\u0435\u0442 \u0432\u0430\u0448\u0435 \u0442\u0435\u043b\u043e \u0438 \u0447\u0443\u0432\u0441\u0442\u0432\u0430. \u0412\u043e \u0432\u0440\u0435\u043c\u044f \u043f\u0440\u043e\u0446\u0435\u0434\u0443\u0440\u044b \u0443\u0434\u0430\u043b\u044f\u0435\u0442\u0441\u044f \u043e\u043c\u0435\u0440\u0442\u0432\u0435\u0432\u0448\u0430\u044f \u043a\u043e\u0436\u0430, \u0431\u043b\u0430\u0433\u043e\u0434\u0430\u0440\u044f \u0447\u0435\u043c\u0443 \u0432\u0430\u0448\u0430 \u043a\u043e\u0436\u0430 \u0441\u0442\u0430\u043d\u043e\u0432\u0438\u0442\u0441\u044f \u0448\u0435\u043b\u043a\u043e\u0432\u0438\u0441\u0442\u043e\u0439, \u043c\u044f\u0433\u043a\u043e\u0439 \u0438 \u0441\u0438\u044f\u044e\u0449\u0435\u0439.<\/p>\n\n\n<section class=\"blog-nb-section\">\n    <div class=\"upper\">\n        <svg xmlns=\"http:\/\/www.w3.org\/2000\/svg\" width=\"24\" height=\"24\" viewBox=\"0 0 24 24\" fill=\"none\">\n            <path d=\"M7.78216 3H16.2169C19.165 3 21 5.08119 21 8.02638V15.9736C21 18.9188 19.165 21 16.2159 21H7.78216C4.83405 21 3 18.9188 3 15.9736V8.02638C3 5.08119 4.84281 3 7.78216 3Z\" fill=\"#8D7971\" stroke=\"#8D7971\" stroke-width=\"1.5\" stroke-linecap=\"round\" stroke-linejoin=\"round\"\/>\n            <path d=\"M11.9941 8.98511V12.3117\" stroke=\"white\" stroke-width=\"1.5\" stroke-linecap=\"round\" stroke-linejoin=\"round\"\/>\n            <path d=\"M11.9941 12.3115L14.1322 15.0154\" stroke=\"white\" stroke-width=\"1.5\" stroke-linecap=\"round\" stroke-linejoin=\"round\"\/>\n            <path d=\"M11.9937 12.3115L9.86719 15.0008\" stroke=\"white\" stroke-width=\"1.5\" stroke-linecap=\"round\" stroke-linejoin=\"round\"\/>\n            <path d=\"M8.94141 11.2305L11.9907 12.3114\" stroke=\"white\" stroke-width=\"1.5\" stroke-linecap=\"round\" stroke-linejoin=\"round\"\/>\n            <path d=\"M11.9902 12.3114L15.057 11.2246\" stroke=\"white\" stroke-width=\"1.5\" stroke-linecap=\"round\" stroke-linejoin=\"round\"\/>\n        <\/svg>\n        <h3 class=\"blog-nb-section__title\">\n            \u041e\u0433\u0440\u0430\u043d\u0438\u0447\u0435\u043d\u043d\u043e\u0435 \u043a\u043e\u043b\u0438\u0447\u0435\u0441\u0442\u0432\u043e \u043c\u0435\u0441\u0442!        <\/h3>\n    <\/div>\n    <p class=\"blog-nb-section__text\">\n        \u0421\u041f\u0410 \u0434\u043b\u044f \u0433\u043e\u043b\u043e\u0432\u0430\u0441\u0442\u0438\u043a\u043e\u0432 \u043e\u0442\u043a\u0440\u044b\u0442 \u0442\u043e\u043b\u044c\u043a\u043e \u0442\u043e\u0433\u0434\u0430, \u043a\u043e\u0433\u0434\u0430 \u0432 \u043f\u0440\u0443\u0434\u0443 \u0432\u0438\u0434\u043d\u044b \u0433\u043e\u043b\u043e\u0432\u0430\u0441\u0442\u0438\u043a\u0438!    <\/p>\n<\/section>\n\n\n\n<h3 class=\"wp-block-heading\" id=\"h-\u043f\u0440\u043e\u0446\u0435\u0434\u0443\u0440\u0430-\u0443\u0445\u043e\u0434\u0430-\u0437\u0430-\u043d\u043e\u0433\u0430\u043c\u0438\">\u041f\u0440\u043e\u0446\u0435\u0434\u0443\u0440\u0430 \u0443\u0445\u043e\u0434\u0430 \u0437\u0430 \u043d\u043e\u0433\u0430\u043c\u0438:<\/h3>\n\n\n\n<p>\u0428\u0435\u043b\u043a\u043e\u0432\u0438\u0441\u0442\u044b\u0435 \u043d\u043e\u0433\u0438 \u2014 \u043b\u0435\u0433\u043a\u043e \u0438 \u0431\u044b\u0441\u0442\u0440\u043e. \u0421\u043d\u0438\u043c\u0438\u0442\u0435 \u043e\u0431\u0443\u0432\u044c \u0438 \u043d\u043e\u0441\u043a\u0438, \u0441\u044f\u0434\u044c\u0442\u0435 \u043d\u0430 \u0441\u0442\u0443\u043f\u0435\u043d\u044c\u043a\u0443 \u0438\u043b\u0438 \u043f\u0440\u0438\u0447\u0430\u043b, \u0443\u0445\u043e\u0434\u044f\u0449\u0438\u0439 \u0432 \u0432\u043e\u0434\u0443, \u0438 \u043e\u043f\u0443\u0441\u0442\u0438\u0442\u0435 \u043d\u043e\u0433\u0438 \u0432 \u0432\u043e\u0434\u0443. \u041d\u0435 \u0440\u0435\u043a\u043e\u043c\u0435\u043d\u0434\u0443\u0435\u0442\u0441\u044f \u0434\u0432\u0438\u0433\u0430\u0442\u044c \u043d\u043e\u0433\u0430\u043c\u0438, \u0442\u0430\u043a \u043a\u0430\u043a \u044d\u0442\u043e \u043c\u043e\u0436\u0435\u0442 \u043f\u043e\u043c\u0435\u0448\u0430\u0442\u044c \u0433\u043e\u043b\u043e\u0432\u0430\u0441\u0442\u0438\u043a\u0430\u043c \u043f\u0440\u043e\u0432\u0435\u0441\u0442\u0438 \u043f\u0440\u043e\u0446\u0435\u0434\u0443\u0440\u0443. \u041f\u0440\u043e\u0446\u0435\u0434\u0443\u0440\u0430 \u043d\u0435 \u0440\u0435\u043a\u043e\u043c\u0435\u043d\u0434\u0443\u0435\u0442\u0441\u044f, \u0435\u0441\u043b\u0438 \u0432\u043e\u0434\u0430 \u043a\u0430\u0436\u0435\u0442\u0441\u044f \u0441\u043b\u0438\u0448\u043a\u043e\u043c \u0445\u043e\u043b\u043e\u0434\u043d\u043e\u0439.<br>\u041f\u0440\u043e\u0434\u043e\u043b\u0436\u0438\u0442\u0435\u043b\u044c\u043d\u043e\u0441\u0442\u044c: 15 \u043c\u0438\u043d\u0443\u0442 \u0438\u043b\u0438 \u0434\u043e\u043b\u044c\u0448\u0435.<\/p>\n\n\n\n<h3 class=\"wp-block-heading\" id=\"h-\u0443\u0445\u043e\u0434-\u0437\u0430-\u0432\u0441\u0435\u043c-\u0442\u0435\u043b\u043e\u043c\">\u0423\u0445\u043e\u0434 \u0437\u0430 \u0432\u0441\u0435\u043c \u0442\u0435\u043b\u043e\u043c<\/h3>\n\n\n\n<p>\u042d\u0442\u0430 \u043f\u0440\u043e\u0446\u0435\u0434\u0443\u0440\u0430 \u0440\u0435\u043a\u043e\u043c\u0435\u043d\u0434\u0443\u0435\u0442\u0441\u044f \u0442\u043e\u043b\u044c\u043a\u043e \u0435\u0441\u043b\u0438 \u0432\u043e\u0434\u0430 \u0442\u0451\u043f\u043b\u0430\u044f, \u0438\u043d\u0430\u0447\u0435 \u0435\u0441\u0442\u044c \u0440\u0438\u0441\u043a \u043f\u0440\u043e\u0441\u0442\u0443\u0434\u0438\u0442\u044c\u0441\u044f. \u0421\u043d\u0430\u0447\u0430\u043b\u0430 \u0440\u0430\u0437\u043e\u0433\u0440\u0435\u0439\u0442\u0435 \u043a\u043e\u0436\u0443 30 \u043c\u0438\u043d\u0443\u0442 \u043d\u0430 \u0441\u043e\u043b\u043d\u0446\u0435 \u0438\u043b\u0438 \u0432 \u0441\u0430\u0443\u043d\u0435. \u041a\u043e\u0433\u0434\u0430 \u0432\u044b \u0443\u0436\u0435 \u0432\u0441\u043f\u043e\u0442\u0435\u043b\u0438, \u043f\u043e\u0440\u0430 \u0437\u0430\u0439\u0442\u0438 \u0432 \u0432\u043e\u0434\u0443.\u041b\u0443\u0447\u0448\u0435 \u0432\u0441\u0435\u0433\u043e \u043f\u043e\u043b\u0435\u0436\u0430\u0442\u044c \u0432 \u043c\u0435\u043b\u043a\u043e\u0439 \u0432\u043e\u0434\u0435 5-15 \u043c\u0438\u043d\u0443\u0442 \u0438 \u0441\u0442\u0430\u0440\u0430\u0442\u044c\u0441\u044f \u043d\u0435 \u0434\u0432\u0438\u0433\u0430\u0442\u044c\u0441\u044f, \u0442\u0430\u043a \u043a\u0430\u043a \u0434\u0432\u0438\u0436\u0435\u043d\u0438\u0435 \u043c\u043e\u0436\u0435\u0442 \u043c\u0435\u0448\u0430\u0442\u044c \u043f\u0440\u0435\u0441\u043d\u043e\u0432\u043e\u0434\u043d\u044b\u043c \u0432\u0448\u0430\u043c. \u041f\u0440\u043e\u0434\u043e\u043b\u0436\u0438\u0442\u0435\u043b\u044c\u043d\u043e\u0441\u0442\u044c: 30 \u043c\u0438\u043d + 15 \u043c\u0438\u043d.<\/p>\n\n\n\n<p>100% \u043d\u0430\u0442\u0443\u0440\u0430\u043b\u044c\u043d\u0430\u044f \u043f\u0440\u043e\u0446\u0435\u0434\u0443\u0440\u0430, \u043a\u043e\u0442\u043e\u0440\u0430\u044f \u043d\u0435 \u043d\u0430\u043d\u043e\u0441\u0438\u0442 \u0432\u0440\u0435\u0434 \u043f\u0440\u0438\u0440\u043e\u0434\u0435, \u043d\u0430\u043e\u0431\u043e\u0440\u043e\u0442 \u2014 \u043f\u043e\u0441\u0435\u0449\u0430\u044f \u0421\u041f\u0410 \u00ab\u041a\u0443\u043b\u043b\u0435\u0441\u0435\u00bb, \u0432\u044b \u0434\u0435\u043b\u0430\u0435\u0442\u0435 \u0434\u043e\u0431\u0440\u043e\u0435 \u0434\u0435\u043b\u043e, \u0436\u0435\u0440\u0442\u0432\u0443\u044f \u0441\u0432\u043e\u0438 \u043c\u0451\u0440\u0442\u0432\u044b\u0435 \u043a\u043b\u0435\u0442\u043a\u0438 \u043a\u043e\u0436\u0438 \u0441\u043e\u0442\u043d\u044f\u043c \u0433\u043e\u043b\u043e\u0434\u043d\u044b\u0445 \u043f\u0440\u0435\u0441\u043d\u043e\u0432\u043e\u0434\u043d\u044b\u0445 \u0432\u0448\u0435\u0439.<\/p>\n","protected":false},"excerpt":{"rendered":"\u0414\u043e\u0431\u0440\u043e \u043f\u043e\u0436\u0430\u043b\u043e\u0432\u0430\u0442\u044c \u0432 \u0443\u043d\u0438\u043a\u0430\u043b\u044c\u043d\u044b\u0439 \u0421\u041f\u0410 \u0434\u043b\u044f \u0433\u043e\u043b\u043e\u0432\u0430\u0441\u0442\u0438\u043a\u043e\u0432! \u042d\u0442\u0430 \u043e\u0441\u043e\u0431\u0435\u043d\u043d\u0430\u044f&#8230;","protected":false},"author":1,"featured_media":2321,"parent":3782,"menu_order":10,"comment_status":"closed","ping_status":"closed","template":"page-templates\/template-detail.php","meta":{"_acf_changed":false,"inline_featured_image":false,"footnotes":""},"class_list":["post-3837","page","type-page","status-publish","has-post-thumbnail","hentry"],"acf":[],"yoast_head":"<!-- This site is optimized with the Yoast SEO Premium plugin v25.2 (Yoast SEO v26.7) - https:\/\/yoast.com\/wordpress\/plugins\/seo\/ -->\n<title>\u041b\u044f\u0433\u0443\u0448\u0430\u0447\u0438\u0439 \u0421\u041f\u0410 \u0432 Elamustalu \u2013 \u0440\u0430\u0434\u043e\u0441\u0442\u044c \u0438 \u043f\u0440\u0438\u0440\u043e\u0434\u0430 \u0434\u043b\u044f \u0432\u0441\u0435\u0445<\/title>\n<meta name=\"description\" content=\"\u041e\u0442\u043a\u0440\u043e\u0439\u0442\u0435 \u0434\u043b\u044f \u0441\u0435\u0431\u044f \u041b\u044f\u0433\u0443\u0448\u0430\u0447\u0438\u0439 \u0421\u041f\u0410 \u0432 Elamustalu \u2014 \u043c\u0435\u0441\u0442\u043e, \u0433\u0434\u0435 \u0434\u0435\u0442\u0438 \u043c\u043e\u0433\u0443\u0442 \u0432\u0435\u0441\u0435\u043b\u043e \u043f\u043b\u0435\u0441\u043a\u0430\u0442\u044c\u0441\u044f, \u043d\u0430\u0431\u043b\u044e\u0434\u0430\u0442\u044c \u0437\u0430 \u043f\u0440\u0438\u0440\u043e\u0434\u043e\u0439 \u0438 \u043f\u0440\u043e\u0441\u0442\u043e \u043d\u0430\u0441\u043b\u0430\u0436\u0434\u0430\u0442\u044c\u0441\u044f! \u0418\u0434\u0435\u0430\u043b\u044c\u043d\u043e \u0434\u043b\u044f \u044e\u043d\u044b\u0445 \u0438\u0441\u0441\u043b\u0435\u0434\u043e\u0432\u0430\u0442\u0435\u043b\u0435\u0439.\" \/>\n<meta name=\"robots\" content=\"index, follow, max-snippet:-1, max-image-preview:large, max-video-preview:-1\" \/>\n<link rel=\"canonical\" href=\"https:\/\/kallastetalu.ee\/ru\/elamustalu\/tadpole-spa\/\" \/>\n<meta property=\"og:locale\" content=\"ru_RU\" \/>\n<meta property=\"og:type\" content=\"article\" \/>\n<meta property=\"og:title\" content=\"\u0421\u041f\u0410 \u0434\u043b\u044f \u0433\u043e\u043b\u043e\u0432\u0430\u0441\u0442\u0438\u043a\u043e\u0432\" \/>\n<meta property=\"og:description\" content=\"\u041e\u0442\u043a\u0440\u043e\u0439\u0442\u0435 \u0434\u043b\u044f \u0441\u0435\u0431\u044f \u041b\u044f\u0433\u0443\u0448\u0430\u0447\u0438\u0439 \u0421\u041f\u0410 \u0432 Elamustalu \u2014 \u043c\u0435\u0441\u0442\u043e, \u0433\u0434\u0435 \u0434\u0435\u0442\u0438 \u043c\u043e\u0433\u0443\u0442 \u0432\u0435\u0441\u0435\u043b\u043e \u043f\u043b\u0435\u0441\u043a\u0430\u0442\u044c\u0441\u044f, \u043d\u0430\u0431\u043b\u044e\u0434\u0430\u0442\u044c \u0437\u0430 \u043f\u0440\u0438\u0440\u043e\u0434\u043e\u0439 \u0438 \u043f\u0440\u043e\u0441\u0442\u043e \u043d\u0430\u0441\u043b\u0430\u0436\u0434\u0430\u0442\u044c\u0441\u044f! \u0418\u0434\u0435\u0430\u043b\u044c\u043d\u043e \u0434\u043b\u044f \u044e\u043d\u044b\u0445 \u0438\u0441\u0441\u043b\u0435\u0434\u043e\u0432\u0430\u0442\u0435\u043b\u0435\u0439.\" \/>\n<meta property=\"og:url\" content=\"https:\/\/kallastetalu.ee\/ru\/elamustalu\/tadpole-spa\/\" \/>\n<meta property=\"og:site_name\" content=\"Kallaste Turismitalu - \u00c4rksa hingega Talu Harjumaal\" \/>\n<meta property=\"article:publisher\" content=\"https:\/\/www.facebook.com\/kallastetalu\" \/>\n<meta property=\"article:modified_time\" content=\"2025-06-07T08:32:13+00:00\" \/>\n<meta property=\"og:image\" content=\"https:\/\/kallastetalu.ee\/wp-content\/uploads\/2025\/05\/Kullese-SPA-jalad-kuklleseSPA-konna-kullesed-tiik-veekogu-vesi-beebikonnad-Elamustalu-spa-hooldus-Kallaste-Turismitalu-Padisel-arksa-hingega-talu-Harjumaal-www.kallastetalu.ee-zoom--scaled.jpg\" \/>\n\t<meta property=\"og:image:width\" content=\"2560\" \/>\n\t<meta property=\"og:image:height\" content=\"1707\" \/>\n\t<meta property=\"og:image:type\" content=\"image\/jpeg\" \/>\n<meta name=\"twitter:card\" content=\"summary_large_image\" \/>\n<meta name=\"twitter:label1\" content=\"\u041f\u0440\u0438\u043c\u0435\u0440\u043d\u043e\u0435 \u0432\u0440\u0435\u043c\u044f \u0434\u043b\u044f \u0447\u0442\u0435\u043d\u0438\u044f\" \/>\n\t<meta name=\"twitter:data1\" content=\"2 \u043c\u0438\u043d\u0443\u0442\u044b\" \/>\n<script type=\"application\/ld+json\" class=\"yoast-schema-graph\">{\"@context\":\"https:\/\/schema.org\",\"@graph\":[{\"@type\":\"WebPage\",\"@id\":\"https:\/\/kallastetalu.ee\/ru\/elamustalu\/tadpole-spa\/\",\"url\":\"https:\/\/kallastetalu.ee\/ru\/elamustalu\/tadpole-spa\/\",\"name\":\"\u041b\u044f\u0433\u0443\u0448\u0430\u0447\u0438\u0439 \u0421\u041f\u0410 \u0432 Elamustalu \u2013 \u0440\u0430\u0434\u043e\u0441\u0442\u044c \u0438 \u043f\u0440\u0438\u0440\u043e\u0434\u0430 \u0434\u043b\u044f \u0432\u0441\u0435\u0445\",\"isPartOf\":{\"@id\":\"https:\/\/kallastetalu.ee\/ru\/#website\"},\"primaryImageOfPage\":{\"@id\":\"https:\/\/kallastetalu.ee\/ru\/elamustalu\/tadpole-spa\/#primaryimage\"},\"image\":{\"@id\":\"https:\/\/kallastetalu.ee\/ru\/elamustalu\/tadpole-spa\/#primaryimage\"},\"thumbnailUrl\":\"https:\/\/kallastetalu.ee\/wp-content\/uploads\/2025\/05\/Kullese-SPA-jalad-kuklleseSPA-konna-kullesed-tiik-veekogu-vesi-beebikonnad-Elamustalu-spa-hooldus-Kallaste-Turismitalu-Padisel-arksa-hingega-talu-Harjumaal-www.kallastetalu.ee-zoom--scaled.jpg\",\"datePublished\":\"2025-04-29T11:52:41+00:00\",\"dateModified\":\"2025-06-07T08:32:13+00:00\",\"description\":\"\u041e\u0442\u043a\u0440\u043e\u0439\u0442\u0435 \u0434\u043b\u044f \u0441\u0435\u0431\u044f \u041b\u044f\u0433\u0443\u0448\u0430\u0447\u0438\u0439 \u0421\u041f\u0410 \u0432 Elamustalu \u2014 \u043c\u0435\u0441\u0442\u043e, \u0433\u0434\u0435 \u0434\u0435\u0442\u0438 \u043c\u043e\u0433\u0443\u0442 \u0432\u0435\u0441\u0435\u043b\u043e \u043f\u043b\u0435\u0441\u043a\u0430\u0442\u044c\u0441\u044f, \u043d\u0430\u0431\u043b\u044e\u0434\u0430\u0442\u044c \u0437\u0430 \u043f\u0440\u0438\u0440\u043e\u0434\u043e\u0439 \u0438 \u043f\u0440\u043e\u0441\u0442\u043e \u043d\u0430\u0441\u043b\u0430\u0436\u0434\u0430\u0442\u044c\u0441\u044f! \u0418\u0434\u0435\u0430\u043b\u044c\u043d\u043e \u0434\u043b\u044f \u044e\u043d\u044b\u0445 \u0438\u0441\u0441\u043b\u0435\u0434\u043e\u0432\u0430\u0442\u0435\u043b\u0435\u0439.\",\"breadcrumb\":{\"@id\":\"https:\/\/kallastetalu.ee\/ru\/elamustalu\/tadpole-spa\/#breadcrumb\"},\"inLanguage\":\"ru-RU\",\"potentialAction\":[{\"@type\":\"ReadAction\",\"target\":[\"https:\/\/kallastetalu.ee\/ru\/elamustalu\/tadpole-spa\/\"]}]},{\"@type\":\"ImageObject\",\"inLanguage\":\"ru-RU\",\"@id\":\"https:\/\/kallastetalu.ee\/ru\/elamustalu\/tadpole-spa\/#primaryimage\",\"url\":\"https:\/\/kallastetalu.ee\/wp-content\/uploads\/2025\/05\/Kullese-SPA-jalad-kuklleseSPA-konna-kullesed-tiik-veekogu-vesi-beebikonnad-Elamustalu-spa-hooldus-Kallaste-Turismitalu-Padisel-arksa-hingega-talu-Harjumaal-www.kallastetalu.ee-zoom--scaled.jpg\",\"contentUrl\":\"https:\/\/kallastetalu.ee\/wp-content\/uploads\/2025\/05\/Kullese-SPA-jalad-kuklleseSPA-konna-kullesed-tiik-veekogu-vesi-beebikonnad-Elamustalu-spa-hooldus-Kallaste-Turismitalu-Padisel-arksa-hingega-talu-Harjumaal-www.kallastetalu.ee-zoom--scaled.jpg\",\"width\":2560,\"height\":1707,\"caption\":\"Tule Kullese SPA-sse ja naudi ainulaadset looduslikku hoolitsust \u2013 v\u00e4ikesed kullesed aitavad su nahal muutuda siidiselt pehmeks. L\u00f5\u00f5gastu, tee head ja lase loodusel enda eest hoolitseda!\"},{\"@type\":\"BreadcrumbList\",\"@id\":\"https:\/\/kallastetalu.ee\/ru\/elamustalu\/tadpole-spa\/#breadcrumb\",\"itemListElement\":[{\"@type\":\"ListItem\",\"position\":1,\"name\":\"Home\",\"item\":\"https:\/\/kallastetalu.ee\/ru\/\"},{\"@type\":\"ListItem\",\"position\":2,\"name\":\"\u042d\u043b\u0430\u043c\u0443\u0441\u0442\u0430\u043b\u0443\",\"item\":\"https:\/\/kallastetalu.ee\/ru\/elamustalu\/\"},{\"@type\":\"ListItem\",\"position\":3,\"name\":\"\u0421\u041f\u0410 \u0434\u043b\u044f \u0433\u043e\u043b\u043e\u0432\u0430\u0441\u0442\u0438\u043a\u043e\u0432\"}]},{\"@type\":\"WebSite\",\"@id\":\"https:\/\/kallastetalu.ee\/ru\/#website\",\"url\":\"https:\/\/kallastetalu.ee\/ru\/\",\"name\":\"Kallaste Turismitalu - \u00c4rksa hingega talu Harjumaal\",\"description\":\"\",\"publisher\":{\"@id\":\"https:\/\/kallastetalu.ee\/ru\/#organization\"},\"potentialAction\":[{\"@type\":\"SearchAction\",\"target\":{\"@type\":\"EntryPoint\",\"urlTemplate\":\"https:\/\/kallastetalu.ee\/ru\/?s={search_term_string}\"},\"query-input\":{\"@type\":\"PropertyValueSpecification\",\"valueRequired\":true,\"valueName\":\"search_term_string\"}}],\"inLanguage\":\"ru-RU\"},{\"@type\":\"Organization\",\"@id\":\"https:\/\/kallastetalu.ee\/ru\/#organization\",\"name\":\"Kallaste Turismitalu - \u00c4rksa hingega talu Harjumaal\",\"url\":\"https:\/\/kallastetalu.ee\/ru\/\",\"logo\":{\"@type\":\"ImageObject\",\"inLanguage\":\"ru-RU\",\"@id\":\"https:\/\/kallastetalu.ee\/ru\/#\/schema\/logo\/image\/\",\"url\":\"https:\/\/kallastetalu.ee\/wp-content\/uploads\/2025\/04\/kallastetalu.svg\",\"contentUrl\":\"https:\/\/kallastetalu.ee\/wp-content\/uploads\/2025\/04\/kallastetalu.svg\",\"width\":158,\"height\":127,\"caption\":\"Kallaste Turismitalu - \u00c4rksa hingega talu Harjumaal\"},\"image\":{\"@id\":\"https:\/\/kallastetalu.ee\/ru\/#\/schema\/logo\/image\/\"},\"sameAs\":[\"https:\/\/www.facebook.com\/kallastetalu\",\"https:\/\/www.instagram.com\/turismitalu\",\"https:\/\/www.youtube.com\/@turismitalu\",\"https:\/\/www.tripadvisor.com\/Hotel_Review-g19122067-d2677575-Reviews-Kallaste_Talu_Turismitalu_Holiday_Resort-Kasepere_Harju_County.html?m=19905\"]}]}<\/script>\n<!-- \/ Yoast SEO Premium plugin. -->","yoast_head_json":{"title":"\u041b\u044f\u0433\u0443\u0448\u0430\u0447\u0438\u0439 \u0421\u041f\u0410 \u0432 Elamustalu \u2013 \u0440\u0430\u0434\u043e\u0441\u0442\u044c \u0438 \u043f\u0440\u0438\u0440\u043e\u0434\u0430 \u0434\u043b\u044f \u0432\u0441\u0435\u0445","description":"\u041e\u0442\u043a\u0440\u043e\u0439\u0442\u0435 \u0434\u043b\u044f \u0441\u0435\u0431\u044f \u041b\u044f\u0433\u0443\u0448\u0430\u0447\u0438\u0439 \u0421\u041f\u0410 \u0432 Elamustalu \u2014 \u043c\u0435\u0441\u0442\u043e, \u0433\u0434\u0435 \u0434\u0435\u0442\u0438 \u043c\u043e\u0433\u0443\u0442 \u0432\u0435\u0441\u0435\u043b\u043e \u043f\u043b\u0435\u0441\u043a\u0430\u0442\u044c\u0441\u044f, \u043d\u0430\u0431\u043b\u044e\u0434\u0430\u0442\u044c \u0437\u0430 \u043f\u0440\u0438\u0440\u043e\u0434\u043e\u0439 \u0438 \u043f\u0440\u043e\u0441\u0442\u043e \u043d\u0430\u0441\u043b\u0430\u0436\u0434\u0430\u0442\u044c\u0441\u044f! \u0418\u0434\u0435\u0430\u043b\u044c\u043d\u043e \u0434\u043b\u044f \u044e\u043d\u044b\u0445 \u0438\u0441\u0441\u043b\u0435\u0434\u043e\u0432\u0430\u0442\u0435\u043b\u0435\u0439.","robots":{"index":"index","follow":"follow","max-snippet":"max-snippet:-1","max-image-preview":"max-image-preview:large","max-video-preview":"max-video-preview:-1"},"canonical":"https:\/\/kallastetalu.ee\/ru\/elamustalu\/tadpole-spa\/","og_locale":"ru_RU","og_type":"article","og_title":"\u0421\u041f\u0410 \u0434\u043b\u044f \u0433\u043e\u043b\u043e\u0432\u0430\u0441\u0442\u0438\u043a\u043e\u0432","og_description":"\u041e\u0442\u043a\u0440\u043e\u0439\u0442\u0435 \u0434\u043b\u044f \u0441\u0435\u0431\u044f \u041b\u044f\u0433\u0443\u0448\u0430\u0447\u0438\u0439 \u0421\u041f\u0410 \u0432 Elamustalu \u2014 \u043c\u0435\u0441\u0442\u043e, \u0433\u0434\u0435 \u0434\u0435\u0442\u0438 \u043c\u043e\u0433\u0443\u0442 \u0432\u0435\u0441\u0435\u043b\u043e \u043f\u043b\u0435\u0441\u043a\u0430\u0442\u044c\u0441\u044f, \u043d\u0430\u0431\u043b\u044e\u0434\u0430\u0442\u044c \u0437\u0430 \u043f\u0440\u0438\u0440\u043e\u0434\u043e\u0439 \u0438 \u043f\u0440\u043e\u0441\u0442\u043e \u043d\u0430\u0441\u043b\u0430\u0436\u0434\u0430\u0442\u044c\u0441\u044f! \u0418\u0434\u0435\u0430\u043b\u044c\u043d\u043e \u0434\u043b\u044f \u044e\u043d\u044b\u0445 \u0438\u0441\u0441\u043b\u0435\u0434\u043e\u0432\u0430\u0442\u0435\u043b\u0435\u0439.","og_url":"https:\/\/kallastetalu.ee\/ru\/elamustalu\/tadpole-spa\/","og_site_name":"Kallaste Turismitalu - \u00c4rksa hingega Talu Harjumaal","article_publisher":"https:\/\/www.facebook.com\/kallastetalu","article_modified_time":"2025-06-07T08:32:13+00:00","og_image":[{"width":2560,"height":1707,"url":"https:\/\/kallastetalu.ee\/wp-content\/uploads\/2025\/05\/Kullese-SPA-jalad-kuklleseSPA-konna-kullesed-tiik-veekogu-vesi-beebikonnad-Elamustalu-spa-hooldus-Kallaste-Turismitalu-Padisel-arksa-hingega-talu-Harjumaal-www.kallastetalu.ee-zoom--scaled.jpg","type":"image\/jpeg"}],"twitter_card":"summary_large_image","twitter_misc":{"\u041f\u0440\u0438\u043c\u0435\u0440\u043d\u043e\u0435 \u0432\u0440\u0435\u043c\u044f \u0434\u043b\u044f \u0447\u0442\u0435\u043d\u0438\u044f":"2 \u043c\u0438\u043d\u0443\u0442\u044b"},"schema":{"@context":"https:\/\/schema.org","@graph":[{"@type":"WebPage","@id":"https:\/\/kallastetalu.ee\/ru\/elamustalu\/tadpole-spa\/","url":"https:\/\/kallastetalu.ee\/ru\/elamustalu\/tadpole-spa\/","name":"\u041b\u044f\u0433\u0443\u0448\u0430\u0447\u0438\u0439 \u0421\u041f\u0410 \u0432 Elamustalu \u2013 \u0440\u0430\u0434\u043e\u0441\u0442\u044c \u0438 \u043f\u0440\u0438\u0440\u043e\u0434\u0430 \u0434\u043b\u044f \u0432\u0441\u0435\u0445","isPartOf":{"@id":"https:\/\/kallastetalu.ee\/ru\/#website"},"primaryImageOfPage":{"@id":"https:\/\/kallastetalu.ee\/ru\/elamustalu\/tadpole-spa\/#primaryimage"},"image":{"@id":"https:\/\/kallastetalu.ee\/ru\/elamustalu\/tadpole-spa\/#primaryimage"},"thumbnailUrl":"https:\/\/kallastetalu.ee\/wp-content\/uploads\/2025\/05\/Kullese-SPA-jalad-kuklleseSPA-konna-kullesed-tiik-veekogu-vesi-beebikonnad-Elamustalu-spa-hooldus-Kallaste-Turismitalu-Padisel-arksa-hingega-talu-Harjumaal-www.kallastetalu.ee-zoom--scaled.jpg","datePublished":"2025-04-29T11:52:41+00:00","dateModified":"2025-06-07T08:32:13+00:00","description":"\u041e\u0442\u043a\u0440\u043e\u0439\u0442\u0435 \u0434\u043b\u044f \u0441\u0435\u0431\u044f \u041b\u044f\u0433\u0443\u0448\u0430\u0447\u0438\u0439 \u0421\u041f\u0410 \u0432 Elamustalu \u2014 \u043c\u0435\u0441\u0442\u043e, \u0433\u0434\u0435 \u0434\u0435\u0442\u0438 \u043c\u043e\u0433\u0443\u0442 \u0432\u0435\u0441\u0435\u043b\u043e \u043f\u043b\u0435\u0441\u043a\u0430\u0442\u044c\u0441\u044f, \u043d\u0430\u0431\u043b\u044e\u0434\u0430\u0442\u044c \u0437\u0430 \u043f\u0440\u0438\u0440\u043e\u0434\u043e\u0439 \u0438 \u043f\u0440\u043e\u0441\u0442\u043e \u043d\u0430\u0441\u043b\u0430\u0436\u0434\u0430\u0442\u044c\u0441\u044f! \u0418\u0434\u0435\u0430\u043b\u044c\u043d\u043e \u0434\u043b\u044f \u044e\u043d\u044b\u0445 \u0438\u0441\u0441\u043b\u0435\u0434\u043e\u0432\u0430\u0442\u0435\u043b\u0435\u0439.","breadcrumb":{"@id":"https:\/\/kallastetalu.ee\/ru\/elamustalu\/tadpole-spa\/#breadcrumb"},"inLanguage":"ru-RU","potentialAction":[{"@type":"ReadAction","target":["https:\/\/kallastetalu.ee\/ru\/elamustalu\/tadpole-spa\/"]}]},{"@type":"ImageObject","inLanguage":"ru-RU","@id":"https:\/\/kallastetalu.ee\/ru\/elamustalu\/tadpole-spa\/#primaryimage","url":"https:\/\/kallastetalu.ee\/wp-content\/uploads\/2025\/05\/Kullese-SPA-jalad-kuklleseSPA-konna-kullesed-tiik-veekogu-vesi-beebikonnad-Elamustalu-spa-hooldus-Kallaste-Turismitalu-Padisel-arksa-hingega-talu-Harjumaal-www.kallastetalu.ee-zoom--scaled.jpg","contentUrl":"https:\/\/kallastetalu.ee\/wp-content\/uploads\/2025\/05\/Kullese-SPA-jalad-kuklleseSPA-konna-kullesed-tiik-veekogu-vesi-beebikonnad-Elamustalu-spa-hooldus-Kallaste-Turismitalu-Padisel-arksa-hingega-talu-Harjumaal-www.kallastetalu.ee-zoom--scaled.jpg","width":2560,"height":1707,"caption":"Tule Kullese SPA-sse ja naudi ainulaadset looduslikku hoolitsust \u2013 v\u00e4ikesed kullesed aitavad su nahal muutuda siidiselt pehmeks. L\u00f5\u00f5gastu, tee head ja lase loodusel enda eest hoolitseda!"},{"@type":"BreadcrumbList","@id":"https:\/\/kallastetalu.ee\/ru\/elamustalu\/tadpole-spa\/#breadcrumb","itemListElement":[{"@type":"ListItem","position":1,"name":"Home","item":"https:\/\/kallastetalu.ee\/ru\/"},{"@type":"ListItem","position":2,"name":"\u042d\u043b\u0430\u043c\u0443\u0441\u0442\u0430\u043b\u0443","item":"https:\/\/kallastetalu.ee\/ru\/elamustalu\/"},{"@type":"ListItem","position":3,"name":"\u0421\u041f\u0410 \u0434\u043b\u044f \u0433\u043e\u043b\u043e\u0432\u0430\u0441\u0442\u0438\u043a\u043e\u0432"}]},{"@type":"WebSite","@id":"https:\/\/kallastetalu.ee\/ru\/#website","url":"https:\/\/kallastetalu.ee\/ru\/","name":"Kallaste Turismitalu - \u00c4rksa hingega talu Harjumaal","description":"","publisher":{"@id":"https:\/\/kallastetalu.ee\/ru\/#organization"},"potentialAction":[{"@type":"SearchAction","target":{"@type":"EntryPoint","urlTemplate":"https:\/\/kallastetalu.ee\/ru\/?s={search_term_string}"},"query-input":{"@type":"PropertyValueSpecification","valueRequired":true,"valueName":"search_term_string"}}],"inLanguage":"ru-RU"},{"@type":"Organization","@id":"https:\/\/kallastetalu.ee\/ru\/#organization","name":"Kallaste Turismitalu - \u00c4rksa hingega talu Harjumaal","url":"https:\/\/kallastetalu.ee\/ru\/","logo":{"@type":"ImageObject","inLanguage":"ru-RU","@id":"https:\/\/kallastetalu.ee\/ru\/#\/schema\/logo\/image\/","url":"https:\/\/kallastetalu.ee\/wp-content\/uploads\/2025\/04\/kallastetalu.svg","contentUrl":"https:\/\/kallastetalu.ee\/wp-content\/uploads\/2025\/04\/kallastetalu.svg","width":158,"height":127,"caption":"Kallaste Turismitalu - \u00c4rksa hingega talu Harjumaal"},"image":{"@id":"https:\/\/kallastetalu.ee\/ru\/#\/schema\/logo\/image\/"},"sameAs":["https:\/\/www.facebook.com\/kallastetalu","https:\/\/www.instagram.com\/turismitalu","https:\/\/www.youtube.com\/@turismitalu","https:\/\/www.tripadvisor.com\/Hotel_Review-g19122067-d2677575-Reviews-Kallaste_Talu_Turismitalu_Holiday_Resort-Kasepere_Harju_County.html?m=19905"]}]}},"_links":{"self":[{"href":"https:\/\/kallastetalu.ee\/ru\/wp-json\/wp\/v2\/pages\/3837","targetHints":{"allow":["GET"]}}],"collection":[{"href":"https:\/\/kallastetalu.ee\/ru\/wp-json\/wp\/v2\/pages"}],"about":[{"href":"https:\/\/kallastetalu.ee\/ru\/wp-json\/wp\/v2\/types\/page"}],"author":[{"embeddable":true,"href":"https:\/\/kallastetalu.ee\/ru\/wp-json\/wp\/v2\/users\/1"}],"replies":[{"embeddable":true,"href":"https:\/\/kallastetalu.ee\/ru\/wp-json\/wp\/v2\/comments?post=3837"}],"version-history":[{"count":1,"href":"https:\/\/kallastetalu.ee\/ru\/wp-json\/wp\/v2\/pages\/3837\/revisions"}],"predecessor-version":[{"id":3840,"href":"https:\/\/kallastetalu.ee\/ru\/wp-json\/wp\/v2\/pages\/3837\/revisions\/3840"}],"up":[{"embeddable":true,"href":"https:\/\/kallastetalu.ee\/ru\/wp-json\/wp\/v2\/pages\/3782"}],"wp:featuredmedia":[{"embeddable":true,"href":"https:\/\/kallastetalu.ee\/ru\/wp-json\/wp\/v2\/media\/2321"}],"wp:attachment":[{"href":"https:\/\/kallastetalu.ee\/ru\/wp-json\/wp\/v2\/media?parent=3837"}],"curies":[{"name":"wp","href":"https:\/\/api.w.org\/{rel}","templated":true}]}}