{"id":4107,"date":"2025-06-01T18:27:31","date_gmt":"2025-06-01T18:27:31","guid":{"rendered":"https:\/\/kallastetalu.ee\/turismitalu\/aktiivne-puhkus\/ponisoit\/"},"modified":"2025-06-04T12:28:39","modified_gmt":"2025-06-04T12:28:39","slug":"ponisoit","status":"publish","type":"page","link":"https:\/\/kallastetalu.ee\/ru\/turismitalu\/aktiivne-puhkus\/ponisoit\/","title":{"rendered":"\u041a\u0430\u0442\u0430\u043d\u0438\u0435 \u043d\u0430 \u043f\u043e\u043d\u0438"},"content":{"rendered":"\n<h2 class=\"wp-block-heading\" id=\"h-\u043a\u0430\u0442\u0430\u043d\u0438\u0435-\u043d\u0430-\u043f\u043e\u043d\u0438-\u043c\u0435\u0447\u0442\u0430-\u043a\u0430\u0436\u0434\u043e\u0439-\u043f\u0440\u0438\u043d\u0446\u0435\u0441\u0441\u044b-\u0438-\u043f\u0435\u0440\u0432\u043e\u0435-\u043f\u0440\u0438\u043a\u043b\u044e\u0447\u0435\u043d\u0438\u0435-\u043c\u0430\u043b\u0435\u043d\u044c\u043a\u043e\u0433\u043e-\u043a\u043e\u0432\u0431\u043e\u044f\"><strong>\u041a\u0430\u0442\u0430\u043d\u0438\u0435 \u043d\u0430 \u043f\u043e\u043d\u0438 \u2014 \u043c\u0435\u0447\u0442\u0430 \u043a\u0430\u0436\u0434\u043e\u0439 \u043f\u0440\u0438\u043d\u0446\u0435\u0441\u0441\u044b \u0438 \u043f\u0435\u0440\u0432\u043e\u0435 \u043f\u0440\u0438\u043a\u043b\u044e\u0447\u0435\u043d\u0438\u0435 \u043c\u0430\u043b\u0435\u043d\u044c\u043a\u043e\u0433\u043e \u043a\u043e\u0432\u0431\u043e\u044f<\/strong><\/h2>\n\n\n\n<p>\u0427\u0442\u043e \u043c\u043e\u0436\u0435\u0442 \u0431\u044b\u0442\u044c \u0447\u0443\u0434\u0435\u0441\u043d\u0435\u0435, \u0447\u0435\u043c \u0432\u0441\u0442\u0440\u0435\u0442\u0438\u0442\u044c \u043d\u0430\u0441\u0442\u043e\u044f\u0449\u0435\u0433\u043e \u043f\u043e\u043d\u0438? \u0412 Kallaste Turismitalu \u0442\u0435\u043f\u0435\u0440\u044c \u043c\u043e\u0436\u043d\u043e \u043f\u0440\u0438\u0433\u043b\u0430\u0441\u0438\u0442\u044c \u043f\u043e\u043d\u0438 \u0432 \u0433\u043e\u0441\u0442\u0438 \u2014 \u0447\u0442\u043e\u0431\u044b \u0438\u0441\u043f\u043e\u043b\u043d\u0438\u0442\u044c \u043c\u0435\u0447\u0442\u0443 \u043c\u0430\u043b\u0435\u043d\u044c\u043a\u043e\u0439 \u043f\u0440\u0438\u043d\u0446\u0435\u0441\u0441\u044b \u0438\u043b\u0438 \u043e\u0442\u043f\u0440\u0430\u0432\u0438\u0442\u044c \u044e\u043d\u043e\u0433\u043e \u043a\u043e\u0432\u0431\u043e\u044f \u0432 \u0435\u0433\u043e \u043f\u0435\u0440\u0432\u043e\u0435 \u0432\u0435\u0440\u0445\u043e\u0432\u043e\u0435 \u043f\u0440\u0438\u043a\u043b\u044e\u0447\u0435\u043d\u0438\u0435.<\/p>\n\n\n\n<p>\u041d\u0430\u0448 \u0434\u0440\u0443\u0436\u0435\u043b\u044e\u0431\u043d\u044b\u0439 \u0438 \u0441\u043f\u043e\u043a\u043e\u0439\u043d\u044b\u0439 \u043f\u043e\u043d\u0438 \u0438\u0434\u0435\u0430\u043b\u044c\u043d\u043e \u043f\u043e\u0434\u0445\u043e\u0434\u0438\u0442 \u0434\u043b\u044f \u043f\u0435\u0440\u0432\u043e\u0433\u043e \u0437\u043d\u0430\u043a\u043e\u043c\u0441\u0442\u0432\u0430 \u0441 \u043b\u043e\u0448\u0430\u0434\u044c\u043c\u0438. \u041a\u043e\u0440\u043e\u0442\u043a\u0430\u044f \u043f\u0440\u043e\u0433\u0443\u043b\u043a\u0430 \u043f\u043e \u0442\u0440\u0430\u0432\u0435, \u043b\u0430\u0441\u043a\u043e\u0432\u043e\u0435 \u043f\u043e\u0433\u043b\u0430\u0436\u0438\u0432\u0430\u043d\u0438\u0435 \u0438\u043b\u0438 \u043f\u0440\u043e\u0441\u0442\u043e \u043d\u0430\u0431\u043b\u044e\u0434\u0435\u043d\u0438\u0435 \u0437\u0430 \u0436\u0438\u0432\u043e\u0442\u043d\u044b\u043c \u2014 \u0442\u0430\u043a\u0438\u0435 \u043c\u043e\u043c\u0435\u043d\u0442\u044b \u043d\u0430\u043f\u043e\u043b\u043d\u044f\u044e\u0442 \u0433\u043b\u0430\u0437\u0430 \u0434\u0435\u0442\u0435\u0439 \u0431\u043b\u0435\u0441\u043a\u043e\u043c, \u0430 \u0441\u0435\u0440\u0434\u0446\u0430 \u2014 \u0441\u043c\u0435\u043b\u043e\u0441\u0442\u044c\u044e. \u041a\u0430\u0442\u0430\u043d\u0438\u0435 \u043d\u0430 \u043f\u043e\u043d\u0438 \u2014 \u044d\u0442\u043e \u043d\u0435\u0437\u0430\u0431\u044b\u0432\u0430\u0435\u043c\u044b\u0439 \u043e\u043f\u044b\u0442 \u0434\u043b\u044f \u043a\u0430\u0436\u0434\u043e\u0433\u043e \u0440\u0435\u0431\u0451\u043d\u043a\u0430.<\/p>\n\n\n\n<h2 class=\"wp-block-heading\" id=\"h-\u043a\u0430\u0442\u0430\u043d\u0438\u0435-\u043d\u0430-\u043f\u043e\u043d\u0438-\u0443\u0447\u0438\u0442-\u043d\u0435-\u0442\u043e\u043b\u044c\u043a\u043e-\u0434\u0435\u0440\u0436\u0430\u0442\u044c-\u0440\u0430\u0432\u043d\u043e\u0432\u0435\u0441\u0438\u0435\"><strong>\u041a\u0430\u0442\u0430\u043d\u0438\u0435 \u043d\u0430 \u043f\u043e\u043d\u0438 \u0443\u0447\u0438\u0442 \u043d\u0435 \u0442\u043e\u043b\u044c\u043a\u043e \u0434\u0435\u0440\u0436\u0430\u0442\u044c \u0440\u0430\u0432\u043d\u043e\u0432\u0435\u0441\u0438\u0435:<\/strong><\/h2>\n\n\n\n<ul class=\"wp-block-list\">\n<li><span><span>\u0420\u0435\u0431\u0451\u043d\u043e\u043a \u0443\u0447\u0438\u0442\u0441\u044f \u0437\u0430\u043c\u0435\u0447\u0430\u0442\u044c \u0436\u0438\u0432\u043e\u0442\u043d\u044b\u0445 \u0438 \u043e\u0442\u043d\u043e\u0441\u0438\u0442\u044c\u0441\u044f \u043a \u043d\u0438\u043c \u0441 \u0443\u0432\u0430\u0436\u0435\u043d\u0438\u0435\u043c<\/span><\/span><\/li>\n\n\n\n<li><span><span>\u0427\u0443\u0432\u0441\u0442\u0432\u0443\u0435\u0442 \u0441\u0435\u0431\u044f \u0441\u043c\u0435\u043b\u044b\u043c \u0438 \u0441\u0430\u043c\u043e\u0441\u0442\u043e\u044f\u0442\u0435\u043b\u044c\u043d\u044b\u043c<\/span><\/span><\/li>\n\n\n\n<li><span><span>\u041f\u043e\u043b\u0443\u0447\u0430\u0435\u0442 \u043e\u043f\u044b\u0442, \u043a\u043e\u0442\u043e\u0440\u044b\u0439 \u043d\u0435 \u0437\u0430\u043c\u0435\u043d\u0438\u0442\u044c \u043d\u0438 \u043a\u0430\u0440\u0442\u0438\u043d\u043a\u0430\u043c\u0438, \u043d\u0438 \u0438\u0433\u0440\u0443\u0448\u043a\u0430\u043c\u0438<\/span><\/span><\/li>\n<\/ul>\n\n\n\n<p>\u0415\u0441\u043b\u0438 \u0432\u044b \u0438\u0449\u0435\u0442\u0435 \u0447\u0442\u043e-\u0442\u043e \u043e\u0434\u043d\u043e\u0432\u0440\u0435\u043c\u0435\u043d\u043d\u043e \u0441\u043f\u043e\u043a\u043e\u0439\u043d\u043e\u0435, \u0440\u0430\u0437\u0432\u0438\u0432\u0430\u044e\u0449\u0435\u0435 \u0438 \u043f\u043e-\u043d\u0430\u0441\u0442\u043e\u044f\u0449\u0435\u043c\u0443 \u0437\u0430\u043f\u043e\u043c\u0438\u043d\u0430\u044e\u0449\u0435\u0435\u0441\u044f \u2014 \u0432\u0438\u0437\u0438\u0442 \u043f\u043e\u043d\u0438 \u043d\u0430 \u043f\u0440\u0430\u0437\u0434\u043d\u0438\u043a \u0438\u043b\u0438 \u0434\u0435\u043d\u044c \u0440\u043e\u0436\u0434\u0435\u043d\u0438\u044f \u0438\u043c\u0435\u043d\u043d\u043e \u0442\u043e, \u0447\u0442\u043e \u0432\u0430\u043c \u043d\u0443\u0436\u043d\u043e. \u041d\u0435\u043a\u043e\u0442\u043e\u0440\u044b\u0435 \u043c\u0435\u0447\u0442\u044b \u0445\u043e\u0434\u044f\u0442 \u043d\u0430 \u0447\u0435\u0442\u044b\u0440\u0451\u0445 \u043d\u043e\u0433\u0430\u0445 \u0438 \u0436\u0434\u0443\u0442 \u0432\u0441\u0442\u0440\u0435\u0447\u0438.<\/p>\n\n\n\n<h3 class=\"wp-block-heading\" id=\"h-\u043a\u0430\u0442\u0430\u043d\u0438\u0435-\u043d\u0430-\u043f\u043e\u043d\u0438-\u043e\u0442\u043b\u0438\u0447\u043d\u043e-\u043f\u043e\u0434\u043e\u0439\u0434\u0451\u0442-\u0434\u043b\u044f\"><strong>\u041a\u0430\u0442\u0430\u043d\u0438\u0435 \u043d\u0430 \u043f\u043e\u043d\u0438 \u043e\u0442\u043b\u0438\u0447\u043d\u043e \u043f\u043e\u0434\u043e\u0439\u0434\u0451\u0442 \u0434\u043b\u044f:<\/strong><\/h3>\n\n\n\n<ul class=\"wp-block-list\">\n<li><span><span>\u0414\u0435\u0442\u0441\u043a\u0438\u0445 \u0434\u043d\u0435\u0439 \u0440\u043e\u0436\u0434\u0435\u043d\u0438\u0439<\/span><\/span><\/li>\n\n\n\n<li><span><span>\u041b\u0435\u0442\u043d\u0438\u0445 \u0438 \u0441\u0435\u043c\u0435\u0439\u043d\u044b\u0445 \u043f\u0440\u0430\u0437\u0434\u043d\u0438\u043a\u043e\u0432<\/span><\/span><\/li>\n\n\n\n<li><span><span>\u0414\u0435\u0442\u0441\u0430\u0434\u043e\u0432\u0441\u043a\u0438\u0445 \u0433\u0440\u0443\u043f\u043f (\u0432\u044b\u043f\u0443\u0441\u043a\u043d\u043e\u0439 \u0438\u043b\u0438 \u044d\u043a\u0441\u043a\u0443\u0440\u0441\u0438\u044f)<\/span><\/span><\/li>\n\n\n\n<li><span><span>\u0418\u043b\u0438 \u043f\u0440\u043e\u0441\u0442\u043e \u0434\u043b\u044f \u043f\u0440\u0435\u043a\u0440\u0430\u0441\u043d\u043e\u0433\u043e \u0434\u043d\u044f \u043d\u0430 \u043f\u0440\u0438\u0440\u043e\u0434\u0435 \u0441 \u0440\u043e\u0434\u043d\u044b\u043c\u0438 \u0438 \u0434\u0440\u0443\u0437\u044c\u044f\u043c\u0438<\/span><\/span><\/li>\n<\/ul>\n\n\n\n<p><\/p>\n\n\n    <section class=\"price-list smooth-corners\">\n                    <div class=\"price-list__item\">\n                <div class=\"price-list__item-content\">\n                    <div class=\"price-list__item-content-name\">\n                        \u041a\u0430\u0442\u0430\u043d\u0438\u0435 \u043d\u0430 \u043f\u043e\u043d\u0438                    <\/div>\n                                        <div class=\"price-list__item-content-price smooth-corners\">\n                        \u043e\u0442 100\u20ac \/ \u0447\u0430\u0441                    <\/div>\n                                    <\/div>\n                                    <div class=\"price-list__item-notice\">\n                        \u0417\u0430 \u043e\u0434\u0438\u043d \u0447\u0430\u0441 \u043d\u0430 \u043f\u043e\u043d\u0438 \u043c\u043e\u0433\u0443\u0442 \u043f\u043e\u043a\u0430\u0442\u0430\u0442\u044c\u0441\u044f \u0434\u043e 15 \u0434\u0435\u0442\u0435\u0439.                    <\/div>\n                            <\/div>\n            <\/section>\n","protected":false},"excerpt":{"rendered":"\u041a\u0430\u0442\u0430\u043d\u0438\u0435 \u043d\u0430 \u043f\u043e\u043d\u0438 \u2014 \u043c\u0435\u0447\u0442\u0430 \u043a\u0430\u0436\u0434\u043e\u0439 \u043f\u0440\u0438\u043d\u0446\u0435\u0441\u0441\u044b \u0438 \u043f\u0435\u0440\u0432\u043e\u0435 \u043f\u0440\u0438\u043a\u043b\u044e\u0447\u0435\u043d\u0438\u0435 \u043c\u0430\u043b\u0435\u043d\u044c\u043a\u043e\u0433\u043e&#8230;","protected":false},"author":2,"featured_media":5209,"parent":4095,"menu_order":0,"comment_status":"closed","ping_status":"closed","template":"page-templates\/template-accommodation-item.php","meta":{"_acf_changed":false,"inline_featured_image":false,"footnotes":""},"class_list":["post-4107","page","type-page","status-publish","has-post-thumbnail","hentry"],"acf":[],"yoast_head":"<!-- This site is optimized with the Yoast SEO Premium plugin v25.2 (Yoast SEO v26.7) - https:\/\/yoast.com\/wordpress\/plugins\/seo\/ -->\n<title>\u041a\u0430\u0442\u0430\u043d\u0438\u0435 \u043d\u0430 \u043f\u043e\u043d\u0438 lapses\u00fcnnip\u00e4evale v\u00f5i muule \u00fcritusele Kallaste Turismitalu<\/title>\n<meta name=\"description\" content=\"Ponis\u00f5it sobib ideaalselt s\u00fcnnip\u00e4evapeole v\u00f5i muule \u00fcritusele atraktsiooniks. Suured emotsioonid, v\u00e4ikesed hobuslased. Iga printsessi unelm!\" \/>\n<meta name=\"robots\" content=\"index, follow, max-snippet:-1, max-image-preview:large, max-video-preview:-1\" \/>\n<link rel=\"canonical\" href=\"https:\/\/kallastetalu.ee\/ru\/turismitalu\/aktiivne-puhkus\/ponisoit\/\" \/>\n<meta property=\"og:locale\" content=\"ru_RU\" \/>\n<meta property=\"og:type\" content=\"article\" \/>\n<meta property=\"og:title\" content=\"\u041a\u0430\u0442\u0430\u043d\u0438\u0435 \u043d\u0430 \u043f\u043e\u043d\u0438\" \/>\n<meta property=\"og:description\" content=\"Ponis\u00f5it sobib ideaalselt s\u00fcnnip\u00e4evapeole v\u00f5i muule \u00fcritusele atraktsiooniks. Suured emotsioonid, v\u00e4ikesed hobuslased. Iga printsessi unelm!\" \/>\n<meta property=\"og:url\" content=\"https:\/\/kallastetalu.ee\/ru\/turismitalu\/aktiivne-puhkus\/ponisoit\/\" \/>\n<meta property=\"og:site_name\" content=\"Kallaste Turismitalu - \u00c4rksa hingega Talu Harjumaal\" \/>\n<meta property=\"article:publisher\" content=\"https:\/\/www.facebook.com\/kallastetalu\" \/>\n<meta property=\"article:modified_time\" content=\"2025-06-04T12:28:39+00:00\" \/>\n<meta property=\"og:image\" content=\"https:\/\/kallastetalu.ee\/wp-content\/uploads\/2025\/06\/Untitled-design-2.jpg\" \/>\n\t<meta property=\"og:image:width\" content=\"1920\" \/>\n\t<meta property=\"og:image:height\" content=\"1080\" \/>\n\t<meta property=\"og:image:type\" content=\"image\/jpeg\" \/>\n<meta name=\"twitter:card\" content=\"summary_large_image\" \/>\n<meta name=\"twitter:label1\" content=\"\u041f\u0440\u0438\u043c\u0435\u0440\u043d\u043e\u0435 \u0432\u0440\u0435\u043c\u044f \u0434\u043b\u044f \u0447\u0442\u0435\u043d\u0438\u044f\" \/>\n\t<meta name=\"twitter:data1\" content=\"2 \u043c\u0438\u043d\u0443\u0442\u044b\" \/>\n<script type=\"application\/ld+json\" class=\"yoast-schema-graph\">{\"@context\":\"https:\/\/schema.org\",\"@graph\":[{\"@type\":\"WebPage\",\"@id\":\"https:\/\/kallastetalu.ee\/ru\/turismitalu\/aktiivne-puhkus\/ponisoit\/\",\"url\":\"https:\/\/kallastetalu.ee\/ru\/turismitalu\/aktiivne-puhkus\/ponisoit\/\",\"name\":\"\u041a\u0430\u0442\u0430\u043d\u0438\u0435 \u043d\u0430 \u043f\u043e\u043d\u0438 lapses\u00fcnnip\u00e4evale v\u00f5i muule \u00fcritusele Kallaste Turismitalu\",\"isPartOf\":{\"@id\":\"https:\/\/kallastetalu.ee\/ru\/#website\"},\"primaryImageOfPage\":{\"@id\":\"https:\/\/kallastetalu.ee\/ru\/turismitalu\/aktiivne-puhkus\/ponisoit\/#primaryimage\"},\"image\":{\"@id\":\"https:\/\/kallastetalu.ee\/ru\/turismitalu\/aktiivne-puhkus\/ponisoit\/#primaryimage\"},\"thumbnailUrl\":\"https:\/\/kallastetalu.ee\/wp-content\/uploads\/2025\/06\/DSCF6071-scaled.jpg\",\"datePublished\":\"2025-06-01T18:27:31+00:00\",\"dateModified\":\"2025-06-04T12:28:39+00:00\",\"description\":\"Ponis\u00f5it sobib ideaalselt s\u00fcnnip\u00e4evapeole v\u00f5i muule \u00fcritusele atraktsiooniks. Suured emotsioonid, v\u00e4ikesed hobuslased. Iga printsessi unelm!\",\"breadcrumb\":{\"@id\":\"https:\/\/kallastetalu.ee\/ru\/turismitalu\/aktiivne-puhkus\/ponisoit\/#breadcrumb\"},\"inLanguage\":\"ru-RU\",\"potentialAction\":[{\"@type\":\"ReadAction\",\"target\":[\"https:\/\/kallastetalu.ee\/ru\/turismitalu\/aktiivne-puhkus\/ponisoit\/\"]}]},{\"@type\":\"ImageObject\",\"inLanguage\":\"ru-RU\",\"@id\":\"https:\/\/kallastetalu.ee\/ru\/turismitalu\/aktiivne-puhkus\/ponisoit\/#primaryimage\",\"url\":\"https:\/\/kallastetalu.ee\/wp-content\/uploads\/2025\/06\/DSCF6071-scaled.jpg\",\"contentUrl\":\"https:\/\/kallastetalu.ee\/wp-content\/uploads\/2025\/06\/DSCF6071-scaled.jpg\",\"width\":2560,\"height\":1707,\"caption\":\"Ponis\u00f5it poniga s\u00f5itmine poniga ratsutamine s\u00fcnnip\u00e4ev lapse s\u00fcnnip\u00e4eva koht Kallaste Turismitalu Harjumaal\"},{\"@type\":\"BreadcrumbList\",\"@id\":\"https:\/\/kallastetalu.ee\/ru\/turismitalu\/aktiivne-puhkus\/ponisoit\/#breadcrumb\",\"itemListElement\":[{\"@type\":\"ListItem\",\"position\":1,\"name\":\"Home\",\"item\":\"https:\/\/kallastetalu.ee\/ru\/\"},{\"@type\":\"ListItem\",\"position\":2,\"name\":\"\u0422\u0443\u0440\u0438\u0441\u0442\u0438\u0447\u0435\u0441\u043a\u0430\u044f \u0443\u0441\u0430\u0434\u044c\u0431\u0430\",\"item\":\"https:\/\/kallastetalu.ee\/ru\/turismitalu\/\"},{\"@type\":\"ListItem\",\"position\":3,\"name\":\"\u0410\u043a\u0442\u0438\u0432\u043d\u044b\u0439 \u043e\u0442\u0434\u044b\u0445\",\"item\":\"https:\/\/kallastetalu.ee\/ru\/turismitalu\/aktiivne-puhkus\/\"},{\"@type\":\"ListItem\",\"position\":4,\"name\":\"\u041a\u0430\u0442\u0430\u043d\u0438\u0435 \u043d\u0430 \u043f\u043e\u043d\u0438\"}]},{\"@type\":\"WebSite\",\"@id\":\"https:\/\/kallastetalu.ee\/ru\/#website\",\"url\":\"https:\/\/kallastetalu.ee\/ru\/\",\"name\":\"Kallaste Turismitalu - \u00c4rksa hingega talu Harjumaal\",\"description\":\"\",\"publisher\":{\"@id\":\"https:\/\/kallastetalu.ee\/ru\/#organization\"},\"potentialAction\":[{\"@type\":\"SearchAction\",\"target\":{\"@type\":\"EntryPoint\",\"urlTemplate\":\"https:\/\/kallastetalu.ee\/ru\/?s={search_term_string}\"},\"query-input\":{\"@type\":\"PropertyValueSpecification\",\"valueRequired\":true,\"valueName\":\"search_term_string\"}}],\"inLanguage\":\"ru-RU\"},{\"@type\":\"Organization\",\"@id\":\"https:\/\/kallastetalu.ee\/ru\/#organization\",\"name\":\"Kallaste Turismitalu - \u00c4rksa hingega talu Harjumaal\",\"url\":\"https:\/\/kallastetalu.ee\/ru\/\",\"logo\":{\"@type\":\"ImageObject\",\"inLanguage\":\"ru-RU\",\"@id\":\"https:\/\/kallastetalu.ee\/ru\/#\/schema\/logo\/image\/\",\"url\":\"https:\/\/kallastetalu.ee\/wp-content\/uploads\/2025\/04\/kallastetalu.svg\",\"contentUrl\":\"https:\/\/kallastetalu.ee\/wp-content\/uploads\/2025\/04\/kallastetalu.svg\",\"width\":158,\"height\":127,\"caption\":\"Kallaste Turismitalu - \u00c4rksa hingega talu Harjumaal\"},\"image\":{\"@id\":\"https:\/\/kallastetalu.ee\/ru\/#\/schema\/logo\/image\/\"},\"sameAs\":[\"https:\/\/www.facebook.com\/kallastetalu\",\"https:\/\/www.instagram.com\/turismitalu\",\"https:\/\/www.youtube.com\/@turismitalu\",\"https:\/\/www.tripadvisor.com\/Hotel_Review-g19122067-d2677575-Reviews-Kallaste_Talu_Turismitalu_Holiday_Resort-Kasepere_Harju_County.html?m=19905\"]}]}<\/script>\n<!-- \/ Yoast SEO Premium plugin. -->","yoast_head_json":{"title":"\u041a\u0430\u0442\u0430\u043d\u0438\u0435 \u043d\u0430 \u043f\u043e\u043d\u0438 lapses\u00fcnnip\u00e4evale v\u00f5i muule \u00fcritusele Kallaste Turismitalu","description":"Ponis\u00f5it sobib ideaalselt s\u00fcnnip\u00e4evapeole v\u00f5i muule \u00fcritusele atraktsiooniks. Suured emotsioonid, v\u00e4ikesed hobuslased. Iga printsessi unelm!","robots":{"index":"index","follow":"follow","max-snippet":"max-snippet:-1","max-image-preview":"max-image-preview:large","max-video-preview":"max-video-preview:-1"},"canonical":"https:\/\/kallastetalu.ee\/ru\/turismitalu\/aktiivne-puhkus\/ponisoit\/","og_locale":"ru_RU","og_type":"article","og_title":"\u041a\u0430\u0442\u0430\u043d\u0438\u0435 \u043d\u0430 \u043f\u043e\u043d\u0438","og_description":"Ponis\u00f5it sobib ideaalselt s\u00fcnnip\u00e4evapeole v\u00f5i muule \u00fcritusele atraktsiooniks. Suured emotsioonid, v\u00e4ikesed hobuslased. Iga printsessi unelm!","og_url":"https:\/\/kallastetalu.ee\/ru\/turismitalu\/aktiivne-puhkus\/ponisoit\/","og_site_name":"Kallaste Turismitalu - \u00c4rksa hingega Talu Harjumaal","article_publisher":"https:\/\/www.facebook.com\/kallastetalu","article_modified_time":"2025-06-04T12:28:39+00:00","og_image":[{"width":1920,"height":1080,"url":"https:\/\/kallastetalu.ee\/wp-content\/uploads\/2025\/06\/Untitled-design-2.jpg","type":"image\/jpeg"}],"twitter_card":"summary_large_image","twitter_misc":{"\u041f\u0440\u0438\u043c\u0435\u0440\u043d\u043e\u0435 \u0432\u0440\u0435\u043c\u044f \u0434\u043b\u044f \u0447\u0442\u0435\u043d\u0438\u044f":"2 \u043c\u0438\u043d\u0443\u0442\u044b"},"schema":{"@context":"https:\/\/schema.org","@graph":[{"@type":"WebPage","@id":"https:\/\/kallastetalu.ee\/ru\/turismitalu\/aktiivne-puhkus\/ponisoit\/","url":"https:\/\/kallastetalu.ee\/ru\/turismitalu\/aktiivne-puhkus\/ponisoit\/","name":"\u041a\u0430\u0442\u0430\u043d\u0438\u0435 \u043d\u0430 \u043f\u043e\u043d\u0438 lapses\u00fcnnip\u00e4evale v\u00f5i muule \u00fcritusele Kallaste Turismitalu","isPartOf":{"@id":"https:\/\/kallastetalu.ee\/ru\/#website"},"primaryImageOfPage":{"@id":"https:\/\/kallastetalu.ee\/ru\/turismitalu\/aktiivne-puhkus\/ponisoit\/#primaryimage"},"image":{"@id":"https:\/\/kallastetalu.ee\/ru\/turismitalu\/aktiivne-puhkus\/ponisoit\/#primaryimage"},"thumbnailUrl":"https:\/\/kallastetalu.ee\/wp-content\/uploads\/2025\/06\/DSCF6071-scaled.jpg","datePublished":"2025-06-01T18:27:31+00:00","dateModified":"2025-06-04T12:28:39+00:00","description":"Ponis\u00f5it sobib ideaalselt s\u00fcnnip\u00e4evapeole v\u00f5i muule \u00fcritusele atraktsiooniks. Suured emotsioonid, v\u00e4ikesed hobuslased. Iga printsessi unelm!","breadcrumb":{"@id":"https:\/\/kallastetalu.ee\/ru\/turismitalu\/aktiivne-puhkus\/ponisoit\/#breadcrumb"},"inLanguage":"ru-RU","potentialAction":[{"@type":"ReadAction","target":["https:\/\/kallastetalu.ee\/ru\/turismitalu\/aktiivne-puhkus\/ponisoit\/"]}]},{"@type":"ImageObject","inLanguage":"ru-RU","@id":"https:\/\/kallastetalu.ee\/ru\/turismitalu\/aktiivne-puhkus\/ponisoit\/#primaryimage","url":"https:\/\/kallastetalu.ee\/wp-content\/uploads\/2025\/06\/DSCF6071-scaled.jpg","contentUrl":"https:\/\/kallastetalu.ee\/wp-content\/uploads\/2025\/06\/DSCF6071-scaled.jpg","width":2560,"height":1707,"caption":"Ponis\u00f5it poniga s\u00f5itmine poniga ratsutamine s\u00fcnnip\u00e4ev lapse s\u00fcnnip\u00e4eva koht Kallaste Turismitalu Harjumaal"},{"@type":"BreadcrumbList","@id":"https:\/\/kallastetalu.ee\/ru\/turismitalu\/aktiivne-puhkus\/ponisoit\/#breadcrumb","itemListElement":[{"@type":"ListItem","position":1,"name":"Home","item":"https:\/\/kallastetalu.ee\/ru\/"},{"@type":"ListItem","position":2,"name":"\u0422\u0443\u0440\u0438\u0441\u0442\u0438\u0447\u0435\u0441\u043a\u0430\u044f \u0443\u0441\u0430\u0434\u044c\u0431\u0430","item":"https:\/\/kallastetalu.ee\/ru\/turismitalu\/"},{"@type":"ListItem","position":3,"name":"\u0410\u043a\u0442\u0438\u0432\u043d\u044b\u0439 \u043e\u0442\u0434\u044b\u0445","item":"https:\/\/kallastetalu.ee\/ru\/turismitalu\/aktiivne-puhkus\/"},{"@type":"ListItem","position":4,"name":"\u041a\u0430\u0442\u0430\u043d\u0438\u0435 \u043d\u0430 \u043f\u043e\u043d\u0438"}]},{"@type":"WebSite","@id":"https:\/\/kallastetalu.ee\/ru\/#website","url":"https:\/\/kallastetalu.ee\/ru\/","name":"Kallaste Turismitalu - \u00c4rksa hingega talu Harjumaal","description":"","publisher":{"@id":"https:\/\/kallastetalu.ee\/ru\/#organization"},"potentialAction":[{"@type":"SearchAction","target":{"@type":"EntryPoint","urlTemplate":"https:\/\/kallastetalu.ee\/ru\/?s={search_term_string}"},"query-input":{"@type":"PropertyValueSpecification","valueRequired":true,"valueName":"search_term_string"}}],"inLanguage":"ru-RU"},{"@type":"Organization","@id":"https:\/\/kallastetalu.ee\/ru\/#organization","name":"Kallaste Turismitalu - \u00c4rksa hingega talu Harjumaal","url":"https:\/\/kallastetalu.ee\/ru\/","logo":{"@type":"ImageObject","inLanguage":"ru-RU","@id":"https:\/\/kallastetalu.ee\/ru\/#\/schema\/logo\/image\/","url":"https:\/\/kallastetalu.ee\/wp-content\/uploads\/2025\/04\/kallastetalu.svg","contentUrl":"https:\/\/kallastetalu.ee\/wp-content\/uploads\/2025\/04\/kallastetalu.svg","width":158,"height":127,"caption":"Kallaste Turismitalu - \u00c4rksa hingega talu Harjumaal"},"image":{"@id":"https:\/\/kallastetalu.ee\/ru\/#\/schema\/logo\/image\/"},"sameAs":["https:\/\/www.facebook.com\/kallastetalu","https:\/\/www.instagram.com\/turismitalu","https:\/\/www.youtube.com\/@turismitalu","https:\/\/www.tripadvisor.com\/Hotel_Review-g19122067-d2677575-Reviews-Kallaste_Talu_Turismitalu_Holiday_Resort-Kasepere_Harju_County.html?m=19905"]}]}},"_links":{"self":[{"href":"https:\/\/kallastetalu.ee\/ru\/wp-json\/wp\/v2\/pages\/4107","targetHints":{"allow":["GET"]}}],"collection":[{"href":"https:\/\/kallastetalu.ee\/ru\/wp-json\/wp\/v2\/pages"}],"about":[{"href":"https:\/\/kallastetalu.ee\/ru\/wp-json\/wp\/v2\/types\/page"}],"author":[{"embeddable":true,"href":"https:\/\/kallastetalu.ee\/ru\/wp-json\/wp\/v2\/users\/2"}],"replies":[{"embeddable":true,"href":"https:\/\/kallastetalu.ee\/ru\/wp-json\/wp\/v2\/comments?post=4107"}],"version-history":[{"count":1,"href":"https:\/\/kallastetalu.ee\/ru\/wp-json\/wp\/v2\/pages\/4107\/revisions"}],"predecessor-version":[{"id":4110,"href":"https:\/\/kallastetalu.ee\/ru\/wp-json\/wp\/v2\/pages\/4107\/revisions\/4110"}],"up":[{"embeddable":true,"href":"https:\/\/kallastetalu.ee\/ru\/wp-json\/wp\/v2\/pages\/4095"}],"wp:featuredmedia":[{"embeddable":true,"href":"https:\/\/kallastetalu.ee\/ru\/wp-json\/wp\/v2\/media\/5209"}],"wp:attachment":[{"href":"https:\/\/kallastetalu.ee\/ru\/wp-json\/wp\/v2\/media?parent=4107"}],"curies":[{"name":"wp","href":"https:\/\/api.w.org\/{rel}","templated":true}]}}