{"id":4119,"date":"2025-06-01T17:36:29","date_gmt":"2025-06-01T17:36:29","guid":{"rendered":"https:\/\/kallastetalu.ee\/turismitalu\/aktiivne-puhkus\/360-kraadi-mang-lastele\/"},"modified":"2025-06-04T13:58:20","modified_gmt":"2025-06-04T13:58:20","slug":"360-kraadi-mang-lastele","status":"publish","type":"page","link":"https:\/\/kallastetalu.ee\/ru\/turismitalu\/aktiivne-puhkus\/360-kraadi-mang-lastele\/","title":{"rendered":"\u0418\u0433\u0440\u0430 \u00ab360 Kraadi\u00bb \u0434\u043b\u044f \u0434\u0435\u0442\u0435\u0439"},"content":{"rendered":"\n<p><strong>360 Kraadi<\/strong> \u2014 \u043d\u0430\u0448 \u0434\u043e\u043b\u0433\u043e\u0441\u0440\u043e\u0447\u043d\u044b\u0439 \u0438 \u043d\u0430\u0434\u0451\u0436\u043d\u044b\u0439 \u043f\u0430\u0440\u0442\u043d\u0451\u0440, \u0447\u044c\u0438 \u0443\u0432\u043b\u0435\u043a\u0430\u0442\u0435\u043b\u044c\u043d\u044b\u0435 \u043f\u0440\u0438\u043a\u043b\u044e\u0447\u0435\u043d\u0447\u0435\u0441\u043a\u0438\u0435 \u0438 \u043a\u043e\u043c\u0430\u043d\u0434\u043d\u044b\u0435 \u0438\u0433\u0440\u044b \u0441\u0442\u0430\u043b\u0438 \u043d\u0430\u0441\u0442\u043e\u044f\u0449\u0438\u043c \u0445\u0438\u0442\u043e\u043c \u0432 Kallaste Turismitalu. \u0418\u0445 \u0438\u0433\u0440\u044b \u2014 \u044d\u0442\u043e \u043d\u0435 \u043f\u0440\u043e\u0441\u0442\u043e \u0440\u0430\u0437\u0432\u043b\u0435\u0447\u0435\u043d\u0438\u0435, \u0430 \u043f\u0440\u043e\u0434\u0443\u043c\u0430\u043d\u043d\u044b\u0435 \u043e\u043f\u044b\u0442, \u0440\u0430\u0437\u0432\u0438\u0432\u0430\u044e\u0449\u0438\u0439 \u043a\u043e\u043c\u0430\u043d\u0434\u043d\u0443\u044e \u0440\u0430\u0431\u043e\u0442\u0443, \u043d\u0430\u0432\u044b\u043a\u0438 \u043e\u0431\u0449\u0435\u043d\u0438\u044f \u0438 \u0441\u0442\u0440\u0430\u0442\u0435\u0433\u0438\u0447\u0435\u0441\u043a\u043e\u0435 \u043c\u044b\u0448\u043b\u0435\u043d\u0438\u0435.<\/p>\n\n\n\n<h2 class=\"wp-block-heading\" id=\"h-\u0438\u0433\u0440\u0430-360-kraadi-\u0434\u043b\u044f-\u0434\u0435\u0442\u0435\u0439-\u0441\u0431\u043e\u0440-\u0448\u0438\u0448\u0435\u043a-\u0443\u043c\u043d\u0430\u044f-\u043f\u0440\u0438\u043a\u043b\u044e\u0447\u0435\u043d\u0447\u0435\u0441\u043a\u0430\u044f-\u0438\u0433\u0440\u0430\"><strong>\u0418\u0433\u0440\u0430 \u00ab360 Kraadi\u00bb \u0434\u043b\u044f \u0434\u0435\u0442\u0435\u0439: \u00ab\u0421\u0431\u043e\u0440 \u0448\u0438\u0448\u0435\u043a\u00bb \u2014 \u0443\u043c\u043d\u0430\u044f \u043f\u0440\u0438\u043a\u043b\u044e\u0447\u0435\u043d\u0447\u0435\u0441\u043a\u0430\u044f \u0438\u0433\u0440\u0430<\/strong><\/h2>\n\n\n\n<p>\u0418\u0449\u0435\u0442\u0435 \u0447\u0442\u043e-\u0442\u043e \u0431\u043e\u043b\u044c\u0448\u0435\u0435, \u0447\u0435\u043c \u043e\u0431\u044b\u0447\u043d\u044b\u0439 \u0434\u0435\u043d\u044c \u0440\u043e\u0436\u0434\u0435\u043d\u0438\u044f? \u00ab\u0421\u0431\u043e\u0440 \u0448\u0438\u0448\u0435\u043a\u00bb \u2014 \u044d\u0442\u043e \u0443\u043c\u043d\u0430\u044f \u0438 \u0432\u0435\u0441\u0451\u043b\u0430\u044f \u0438\u0433\u0440\u0430 \u043d\u0430 \u0441\u0432\u0435\u0436\u0435\u043c \u0432\u043e\u0437\u0434\u0443\u0445\u0435, \u043a\u043e\u0442\u043e\u0440\u0430\u044f \u043e\u0431\u044a\u0435\u0434\u0438\u043d\u044f\u0435\u0442 \u0434\u0432\u0438\u0436\u0435\u043d\u0438\u0435, \u0441\u043c\u0430\u0440\u0442\u0444\u043e\u043d\u044b \u0438 \u043a\u043e\u043c\u0430\u043d\u0434\u043d\u0443\u044e \u0440\u0430\u0431\u043e\u0442\u0443. \u0418\u0433\u0440\u0430 \u043f\u043e\u0434\u0445\u043e\u0434\u0438\u0442 \u0434\u0435\u0442\u044f\u043c \u043e\u0442 10 \u043b\u0435\u0442 \u0438 \u0438\u0434\u0435\u0430\u043b\u044c\u043d\u043e \u043f\u043e\u0434\u0445\u043e\u0434\u0438\u0442 \u0434\u043b\u044f \u0430\u043a\u0442\u0438\u0432\u043d\u043e\u0433\u043e \u043f\u0440\u0430\u0437\u0434\u043d\u0438\u043a\u0430 \u043d\u0430 \u043f\u0440\u0438\u0440\u043e\u0434\u0435 \u2014 \u0432 \u043f\u0430\u0440\u043a\u0435, \u043d\u0430 \u043b\u0435\u0441\u043d\u044b\u0445 \u0442\u0440\u043e\u043f\u0438\u043d\u043a\u0430\u0445 \u0438\u043b\u0438 \u0434\u0430\u0436\u0435 \u0432\u043e\u043a\u0440\u0443\u0433 Kallaste Turismitalu.<\/p>\n\n\n\n<p>\u0414\u0435\u0442\u0438 \u043f\u0435\u0440\u0435\u043c\u0435\u0449\u0430\u044e\u0442\u0441\u044f \u043c\u0430\u043b\u044b\u043c\u0438 \u043a\u043e\u043c\u0430\u043d\u0434\u0430\u043c\u0438, \u0441\u043e\u0431\u0438\u0440\u0430\u044e\u0442 \u0432\u0438\u0440\u0442\u0443\u0430\u043b\u044c\u043d\u044b\u0435 \u00ab\u0448\u0438\u0448\u043a\u0438\u00bb, \u0440\u0435\u0448\u0430\u044e\u0442 \u0433\u043e\u043b\u043e\u0432\u043e\u043b\u043e\u043c\u043a\u0438 \u0438 \u0438\u0437\u0431\u0435\u0433\u0430\u044e\u0442 \u00ab\u043c\u0438\u043d\u043d\u044b\u0445 \u043f\u043e\u043b\u0435\u0439\u00bb \u0431\u0435\u043b\u043e\u043a. \u0418\u0433\u0440\u043e\u0439 \u0443\u043f\u0440\u0430\u0432\u043b\u044f\u044e\u0442 \u0441 \u043f\u043e\u043c\u043e\u0449\u044c\u044e \u043f\u043b\u0430\u043d\u0448\u0435\u0442\u0430 \u0438 \u0441\u043f\u0435\u0446\u0438\u0430\u043b\u044c\u043d\u043e\u0433\u043e \u043f\u0440\u0438\u043b\u043e\u0436\u0435\u043d\u0438\u044f, \u0447\u0442\u043e \u0434\u0435\u043b\u0430\u0435\u0442 \u043f\u0440\u043e\u0446\u0435\u0441\u0441 \u0431\u044b\u0441\u0442\u0440\u044b\u043c, \u0431\u0435\u0437\u043e\u043f\u0430\u0441\u043d\u044b\u043c \u0438 \u0437\u0430\u0431\u0430\u0432\u043d\u044b\u043c.<\/p>\n\n\n\n<ul class=\"wp-block-list\">\n<li><span><span><strong>\u041f\u0440\u043e\u0434\u043e\u043b\u0436\u0438\u0442\u0435\u043b\u044c\u043d\u043e\u0441\u0442\u044c:<\/strong> \u043e\u043a\u043e\u043b\u043e 2,5 \u0447\u0430\u0441\u043e\u0432<\/span><\/span><\/li>\n\n\n\n<li><span><span><strong>\u0414\u0438\u0441\u0442\u0430\u043d\u0446\u0438\u044f:<\/strong> 3\u20136 \u043a\u043c \u0432 \u0441\u043f\u043e\u043a\u043e\u0439\u043d\u043e\u043c \u0442\u0435\u043c\u043f\u0435<\/span><\/span><\/li>\n\n\n\n<li><span><span><strong>\u0412\u043e\u0437\u0440\u0430\u0441\u0442:<\/strong> \u043e\u0442 10 \u043b\u0435\u0442<\/span><\/span><\/li>\n\n\n\n<li><span><span><strong>\u0420\u0430\u0437\u043c\u0435\u0440 \u043a\u043e\u043c\u0430\u043d\u0434\u044b:<\/strong> 4\u20136 \u0438\u0433\u0440\u043e\u043a\u043e\u0432<\/span><\/span><\/li>\n\n\n\n<li><span><span><strong>\u041e\u0431\u043e\u0440\u0443\u0434\u043e\u0432\u0430\u043d\u0438\u0435, \u0438\u043d\u0441\u0442\u0440\u0443\u043a\u0446\u0438\u0438 \u0438 \u043f\u043e\u0434\u0433\u043e\u0442\u043e\u0432\u043a\u0430 \u0438\u0433\u0440\u044b \u043f\u0440\u0435\u0434\u043e\u0441\u0442\u0430\u0432\u043b\u044f\u044e\u0442\u0441\u044f \u043d\u0430\u043c\u0438<\/strong><\/span><\/span><\/li>\n<\/ul>\n\n\n\n<p>\u0418\u0433\u0440\u0443 \u043c\u043e\u0436\u043d\u043e \u043f\u0440\u043e\u0432\u0435\u0441\u0442\u0438 \u043f\u043e \u0432\u0441\u0435\u0439 \u042d\u0441\u0442\u043e\u043d\u0438\u0438, \u0432 \u0442\u043e\u043c \u0447\u0438\u0441\u043b\u0435 \u0438 \u0437\u0430 \u043f\u0440\u0435\u0434\u0435\u043b\u0430\u043c\u0438 Kallaste Turismitalu \u2014 \u0434\u043e\u0441\u0442\u0430\u0442\u043e\u0447\u043d\u043e \u043f\u043e\u0434\u0445\u043e\u0434\u044f\u0449\u0435\u0439 \u0438\u0433\u0440\u043e\u0432\u043e\u0439 \u043f\u043b\u043e\u0449\u0430\u0434\u043a\u0438. \u0421\u0432\u044f\u0436\u0438\u0442\u0435\u0441\u044c \u0441 \u043d\u0430\u043c\u0438 \u0434\u043b\u044f \u043f\u043e\u043b\u0443\u0447\u0435\u043d\u0438\u044f \u0434\u043e\u043f\u043e\u043b\u043d\u0438\u0442\u0435\u043b\u044c\u043d\u043e\u0439 \u0438\u043d\u0444\u043e\u0440\u043c\u0430\u0446\u0438\u0438 \u0438 \u043e\u0440\u0433\u0430\u043d\u0438\u0437\u0443\u0439\u0442\u0435 \u0434\u0435\u043d\u044c \u0440\u043e\u0436\u0434\u0435\u043d\u0438\u044f, \u043a\u043e\u0442\u043e\u0440\u044b\u0439 \u0437\u0430\u043f\u043e\u043c\u043d\u0438\u0442\u0441\u044f \u043d\u0430\u0434\u043e\u043b\u0433\u043e!<\/p>\n\n\n    <section class=\"price-list smooth-corners\">\n                    <div class=\"price-list__item\">\n                <div class=\"price-list__item-content\">\n                    <div class=\"price-list__item-content-name\">\n                        \u0418\u0433\u0440\u0430 \u00ab360 Kraadi\u00bb \u2014 \u00ab\u0421\u0431\u043e\u0440 \u0448\u0438\u0448\u0435\u043a\u00bb                    <\/div>\n                                        <div class=\"price-list__item-content-price smooth-corners\">\n                        \u043e\u0442 49\u20ac \u0437\u0430 \u043a\u043e\u043c\u0430\u043d\u0434\u0443                    <\/div>\n                                    <\/div>\n                                    <div class=\"price-list__item-notice\">\n                        \u0412 \u043a\u043e\u043c\u0430\u043d\u0434\u0435 \u0434\u043e 4 \u0447\u0435\u043b\u043e\u0432\u0435\u043a                    <\/div>\n                            <\/div>\n            <\/section>\n\n\n    <a class=\"button\" href=\"https:\/\/360.ee\/rent\/seiklusmang-lastele\/\" target=\"_blank\">\n                360 Kraadi    <\/a>\n","protected":false},"excerpt":{"rendered":"360 Kraadi \u2014 \u043d\u0430\u0448 \u0434\u043e\u043b\u0433\u043e\u0441\u0440\u043e\u0447\u043d\u044b\u0439 \u0438 \u043d\u0430\u0434\u0451\u0436\u043d\u044b\u0439 \u043f\u0430\u0440\u0442\u043d\u0451\u0440, \u0447\u044c\u0438 \u0443\u0432\u043b\u0435\u043a\u0430\u0442\u0435\u043b\u044c\u043d\u044b\u0435&#8230;","protected":false},"author":2,"featured_media":3525,"parent":4095,"menu_order":0,"comment_status":"closed","ping_status":"closed","template":"page-templates\/template-accommodation-item.php","meta":{"_acf_changed":false,"inline_featured_image":false,"footnotes":""},"class_list":["post-4119","page","type-page","status-publish","has-post-thumbnail","hentry"],"acf":[],"yoast_head":"<!-- This site is optimized with the Yoast SEO Premium plugin v25.2 (Yoast SEO v26.7) - https:\/\/yoast.com\/wordpress\/plugins\/seo\/ -->\n<title>\u0418\u0433\u0440\u0430 \u00ab360 Kraadi\u00bb \u0434\u043b\u044f \u0434\u0435\u0442\u0435\u0439: \u201cK\u00e4bide korjamine\u201d \u2013 nutikas seiklusm\u00e4ng<\/title>\n<meta name=\"description\" content=\"360 KRAADI m\u00e4ng lastele Kallaste Turismitalus: \u201cK\u00e4bide korjamine\u201d \u2013 nutikas seiklusm\u00e4ng muudab s\u00fcnnip\u00e4eva p\u00f5nevaks ja kaasahaaravaks!\" \/>\n<meta name=\"robots\" content=\"index, follow, max-snippet:-1, max-image-preview:large, max-video-preview:-1\" \/>\n<link rel=\"canonical\" href=\"https:\/\/kallastetalu.ee\/ru\/turismitalu\/aktiivne-puhkus\/360-kraadi-mang-lastele\/\" \/>\n<meta property=\"og:locale\" content=\"ru_RU\" \/>\n<meta property=\"og:type\" content=\"article\" \/>\n<meta property=\"og:title\" content=\"\u0418\u0433\u0440\u0430 \u00ab360 Kraadi\u00bb \u0434\u043b\u044f \u0434\u0435\u0442\u0435\u0439\" \/>\n<meta property=\"og:description\" content=\"360 KRAADI m\u00e4ng lastele Kallaste Turismitalus: \u201cK\u00e4bide korjamine\u201d \u2013 nutikas seiklusm\u00e4ng muudab s\u00fcnnip\u00e4eva p\u00f5nevaks ja kaasahaaravaks!\" \/>\n<meta property=\"og:url\" content=\"https:\/\/kallastetalu.ee\/ru\/turismitalu\/aktiivne-puhkus\/360-kraadi-mang-lastele\/\" \/>\n<meta property=\"og:site_name\" content=\"Kallaste Turismitalu - \u00c4rksa hingega Talu Harjumaal\" \/>\n<meta property=\"article:publisher\" content=\"https:\/\/www.facebook.com\/kallastetalu\" \/>\n<meta property=\"article:modified_time\" content=\"2025-06-04T13:58:20+00:00\" \/>\n<meta property=\"og:image\" content=\"https:\/\/kallastetalu.ee\/wp-content\/uploads\/2025\/06\/lastesynnipaev-e1748799282818.png\" \/>\n\t<meta property=\"og:image:width\" content=\"444\" \/>\n\t<meta property=\"og:image:height\" content=\"258\" \/>\n\t<meta property=\"og:image:type\" content=\"image\/png\" \/>\n<meta name=\"twitter:card\" content=\"summary_large_image\" \/>\n<meta name=\"twitter:label1\" content=\"\u041f\u0440\u0438\u043c\u0435\u0440\u043d\u043e\u0435 \u0432\u0440\u0435\u043c\u044f \u0434\u043b\u044f \u0447\u0442\u0435\u043d\u0438\u044f\" \/>\n\t<meta name=\"twitter:data1\" content=\"2 \u043c\u0438\u043d\u0443\u0442\u044b\" \/>\n<script type=\"application\/ld+json\" class=\"yoast-schema-graph\">{\"@context\":\"https:\/\/schema.org\",\"@graph\":[{\"@type\":\"WebPage\",\"@id\":\"https:\/\/kallastetalu.ee\/ru\/turismitalu\/aktiivne-puhkus\/360-kraadi-mang-lastele\/\",\"url\":\"https:\/\/kallastetalu.ee\/ru\/turismitalu\/aktiivne-puhkus\/360-kraadi-mang-lastele\/\",\"name\":\"\u0418\u0433\u0440\u0430 \u00ab360 Kraadi\u00bb \u0434\u043b\u044f \u0434\u0435\u0442\u0435\u0439: \u201cK\u00e4bide korjamine\u201d \u2013 nutikas seiklusm\u00e4ng\",\"isPartOf\":{\"@id\":\"https:\/\/kallastetalu.ee\/ru\/#website\"},\"primaryImageOfPage\":{\"@id\":\"https:\/\/kallastetalu.ee\/ru\/turismitalu\/aktiivne-puhkus\/360-kraadi-mang-lastele\/#primaryimage\"},\"image\":{\"@id\":\"https:\/\/kallastetalu.ee\/ru\/turismitalu\/aktiivne-puhkus\/360-kraadi-mang-lastele\/#primaryimage\"},\"thumbnailUrl\":\"https:\/\/kallastetalu.ee\/wp-content\/uploads\/2025\/06\/lastesynnipaev-e1748799282818.png\",\"datePublished\":\"2025-06-01T17:36:29+00:00\",\"dateModified\":\"2025-06-04T13:58:20+00:00\",\"description\":\"360 KRAADI m\u00e4ng lastele Kallaste Turismitalus: \u201cK\u00e4bide korjamine\u201d \u2013 nutikas seiklusm\u00e4ng muudab s\u00fcnnip\u00e4eva p\u00f5nevaks ja kaasahaaravaks!\",\"breadcrumb\":{\"@id\":\"https:\/\/kallastetalu.ee\/ru\/turismitalu\/aktiivne-puhkus\/360-kraadi-mang-lastele\/#breadcrumb\"},\"inLanguage\":\"ru-RU\",\"potentialAction\":[{\"@type\":\"ReadAction\",\"target\":[\"https:\/\/kallastetalu.ee\/ru\/turismitalu\/aktiivne-puhkus\/360-kraadi-mang-lastele\/\"]}]},{\"@type\":\"ImageObject\",\"inLanguage\":\"ru-RU\",\"@id\":\"https:\/\/kallastetalu.ee\/ru\/turismitalu\/aktiivne-puhkus\/360-kraadi-mang-lastele\/#primaryimage\",\"url\":\"https:\/\/kallastetalu.ee\/wp-content\/uploads\/2025\/06\/lastesynnipaev-e1748799282818.png\",\"contentUrl\":\"https:\/\/kallastetalu.ee\/wp-content\/uploads\/2025\/06\/lastesynnipaev-e1748799282818.png\",\"width\":444,\"height\":258},{\"@type\":\"BreadcrumbList\",\"@id\":\"https:\/\/kallastetalu.ee\/ru\/turismitalu\/aktiivne-puhkus\/360-kraadi-mang-lastele\/#breadcrumb\",\"itemListElement\":[{\"@type\":\"ListItem\",\"position\":1,\"name\":\"Home\",\"item\":\"https:\/\/kallastetalu.ee\/ru\/\"},{\"@type\":\"ListItem\",\"position\":2,\"name\":\"\u0422\u0443\u0440\u0438\u0441\u0442\u0438\u0447\u0435\u0441\u043a\u0430\u044f \u0443\u0441\u0430\u0434\u044c\u0431\u0430\",\"item\":\"https:\/\/kallastetalu.ee\/ru\/turismitalu\/\"},{\"@type\":\"ListItem\",\"position\":3,\"name\":\"\u0410\u043a\u0442\u0438\u0432\u043d\u044b\u0439 \u043e\u0442\u0434\u044b\u0445\",\"item\":\"https:\/\/kallastetalu.ee\/ru\/turismitalu\/aktiivne-puhkus\/\"},{\"@type\":\"ListItem\",\"position\":4,\"name\":\"\u0418\u0433\u0440\u0430 \u00ab360 Kraadi\u00bb \u0434\u043b\u044f \u0434\u0435\u0442\u0435\u0439\"}]},{\"@type\":\"WebSite\",\"@id\":\"https:\/\/kallastetalu.ee\/ru\/#website\",\"url\":\"https:\/\/kallastetalu.ee\/ru\/\",\"name\":\"Kallaste Turismitalu - \u00c4rksa hingega talu Harjumaal\",\"description\":\"\",\"publisher\":{\"@id\":\"https:\/\/kallastetalu.ee\/ru\/#organization\"},\"potentialAction\":[{\"@type\":\"SearchAction\",\"target\":{\"@type\":\"EntryPoint\",\"urlTemplate\":\"https:\/\/kallastetalu.ee\/ru\/?s={search_term_string}\"},\"query-input\":{\"@type\":\"PropertyValueSpecification\",\"valueRequired\":true,\"valueName\":\"search_term_string\"}}],\"inLanguage\":\"ru-RU\"},{\"@type\":\"Organization\",\"@id\":\"https:\/\/kallastetalu.ee\/ru\/#organization\",\"name\":\"Kallaste Turismitalu - \u00c4rksa hingega talu Harjumaal\",\"url\":\"https:\/\/kallastetalu.ee\/ru\/\",\"logo\":{\"@type\":\"ImageObject\",\"inLanguage\":\"ru-RU\",\"@id\":\"https:\/\/kallastetalu.ee\/ru\/#\/schema\/logo\/image\/\",\"url\":\"https:\/\/kallastetalu.ee\/wp-content\/uploads\/2025\/04\/kallastetalu.svg\",\"contentUrl\":\"https:\/\/kallastetalu.ee\/wp-content\/uploads\/2025\/04\/kallastetalu.svg\",\"width\":158,\"height\":127,\"caption\":\"Kallaste Turismitalu - \u00c4rksa hingega talu Harjumaal\"},\"image\":{\"@id\":\"https:\/\/kallastetalu.ee\/ru\/#\/schema\/logo\/image\/\"},\"sameAs\":[\"https:\/\/www.facebook.com\/kallastetalu\",\"https:\/\/www.instagram.com\/turismitalu\",\"https:\/\/www.youtube.com\/@turismitalu\",\"https:\/\/www.tripadvisor.com\/Hotel_Review-g19122067-d2677575-Reviews-Kallaste_Talu_Turismitalu_Holiday_Resort-Kasepere_Harju_County.html?m=19905\"]}]}<\/script>\n<!-- \/ Yoast SEO Premium plugin. -->","yoast_head_json":{"title":"\u0418\u0433\u0440\u0430 \u00ab360 Kraadi\u00bb \u0434\u043b\u044f \u0434\u0435\u0442\u0435\u0439: \u201cK\u00e4bide korjamine\u201d \u2013 nutikas seiklusm\u00e4ng","description":"360 KRAADI m\u00e4ng lastele Kallaste Turismitalus: \u201cK\u00e4bide korjamine\u201d \u2013 nutikas seiklusm\u00e4ng muudab s\u00fcnnip\u00e4eva p\u00f5nevaks ja kaasahaaravaks!","robots":{"index":"index","follow":"follow","max-snippet":"max-snippet:-1","max-image-preview":"max-image-preview:large","max-video-preview":"max-video-preview:-1"},"canonical":"https:\/\/kallastetalu.ee\/ru\/turismitalu\/aktiivne-puhkus\/360-kraadi-mang-lastele\/","og_locale":"ru_RU","og_type":"article","og_title":"\u0418\u0433\u0440\u0430 \u00ab360 Kraadi\u00bb \u0434\u043b\u044f \u0434\u0435\u0442\u0435\u0439","og_description":"360 KRAADI m\u00e4ng lastele Kallaste Turismitalus: \u201cK\u00e4bide korjamine\u201d \u2013 nutikas seiklusm\u00e4ng muudab s\u00fcnnip\u00e4eva p\u00f5nevaks ja kaasahaaravaks!","og_url":"https:\/\/kallastetalu.ee\/ru\/turismitalu\/aktiivne-puhkus\/360-kraadi-mang-lastele\/","og_site_name":"Kallaste Turismitalu - \u00c4rksa hingega Talu Harjumaal","article_publisher":"https:\/\/www.facebook.com\/kallastetalu","article_modified_time":"2025-06-04T13:58:20+00:00","og_image":[{"width":444,"height":258,"url":"https:\/\/kallastetalu.ee\/wp-content\/uploads\/2025\/06\/lastesynnipaev-e1748799282818.png","type":"image\/png"}],"twitter_card":"summary_large_image","twitter_misc":{"\u041f\u0440\u0438\u043c\u0435\u0440\u043d\u043e\u0435 \u0432\u0440\u0435\u043c\u044f \u0434\u043b\u044f \u0447\u0442\u0435\u043d\u0438\u044f":"2 \u043c\u0438\u043d\u0443\u0442\u044b"},"schema":{"@context":"https:\/\/schema.org","@graph":[{"@type":"WebPage","@id":"https:\/\/kallastetalu.ee\/ru\/turismitalu\/aktiivne-puhkus\/360-kraadi-mang-lastele\/","url":"https:\/\/kallastetalu.ee\/ru\/turismitalu\/aktiivne-puhkus\/360-kraadi-mang-lastele\/","name":"\u0418\u0433\u0440\u0430 \u00ab360 Kraadi\u00bb \u0434\u043b\u044f \u0434\u0435\u0442\u0435\u0439: \u201cK\u00e4bide korjamine\u201d \u2013 nutikas seiklusm\u00e4ng","isPartOf":{"@id":"https:\/\/kallastetalu.ee\/ru\/#website"},"primaryImageOfPage":{"@id":"https:\/\/kallastetalu.ee\/ru\/turismitalu\/aktiivne-puhkus\/360-kraadi-mang-lastele\/#primaryimage"},"image":{"@id":"https:\/\/kallastetalu.ee\/ru\/turismitalu\/aktiivne-puhkus\/360-kraadi-mang-lastele\/#primaryimage"},"thumbnailUrl":"https:\/\/kallastetalu.ee\/wp-content\/uploads\/2025\/06\/lastesynnipaev-e1748799282818.png","datePublished":"2025-06-01T17:36:29+00:00","dateModified":"2025-06-04T13:58:20+00:00","description":"360 KRAADI m\u00e4ng lastele Kallaste Turismitalus: \u201cK\u00e4bide korjamine\u201d \u2013 nutikas seiklusm\u00e4ng muudab s\u00fcnnip\u00e4eva p\u00f5nevaks ja kaasahaaravaks!","breadcrumb":{"@id":"https:\/\/kallastetalu.ee\/ru\/turismitalu\/aktiivne-puhkus\/360-kraadi-mang-lastele\/#breadcrumb"},"inLanguage":"ru-RU","potentialAction":[{"@type":"ReadAction","target":["https:\/\/kallastetalu.ee\/ru\/turismitalu\/aktiivne-puhkus\/360-kraadi-mang-lastele\/"]}]},{"@type":"ImageObject","inLanguage":"ru-RU","@id":"https:\/\/kallastetalu.ee\/ru\/turismitalu\/aktiivne-puhkus\/360-kraadi-mang-lastele\/#primaryimage","url":"https:\/\/kallastetalu.ee\/wp-content\/uploads\/2025\/06\/lastesynnipaev-e1748799282818.png","contentUrl":"https:\/\/kallastetalu.ee\/wp-content\/uploads\/2025\/06\/lastesynnipaev-e1748799282818.png","width":444,"height":258},{"@type":"BreadcrumbList","@id":"https:\/\/kallastetalu.ee\/ru\/turismitalu\/aktiivne-puhkus\/360-kraadi-mang-lastele\/#breadcrumb","itemListElement":[{"@type":"ListItem","position":1,"name":"Home","item":"https:\/\/kallastetalu.ee\/ru\/"},{"@type":"ListItem","position":2,"name":"\u0422\u0443\u0440\u0438\u0441\u0442\u0438\u0447\u0435\u0441\u043a\u0430\u044f \u0443\u0441\u0430\u0434\u044c\u0431\u0430","item":"https:\/\/kallastetalu.ee\/ru\/turismitalu\/"},{"@type":"ListItem","position":3,"name":"\u0410\u043a\u0442\u0438\u0432\u043d\u044b\u0439 \u043e\u0442\u0434\u044b\u0445","item":"https:\/\/kallastetalu.ee\/ru\/turismitalu\/aktiivne-puhkus\/"},{"@type":"ListItem","position":4,"name":"\u0418\u0433\u0440\u0430 \u00ab360 Kraadi\u00bb \u0434\u043b\u044f \u0434\u0435\u0442\u0435\u0439"}]},{"@type":"WebSite","@id":"https:\/\/kallastetalu.ee\/ru\/#website","url":"https:\/\/kallastetalu.ee\/ru\/","name":"Kallaste Turismitalu - \u00c4rksa hingega talu Harjumaal","description":"","publisher":{"@id":"https:\/\/kallastetalu.ee\/ru\/#organization"},"potentialAction":[{"@type":"SearchAction","target":{"@type":"EntryPoint","urlTemplate":"https:\/\/kallastetalu.ee\/ru\/?s={search_term_string}"},"query-input":{"@type":"PropertyValueSpecification","valueRequired":true,"valueName":"search_term_string"}}],"inLanguage":"ru-RU"},{"@type":"Organization","@id":"https:\/\/kallastetalu.ee\/ru\/#organization","name":"Kallaste Turismitalu - \u00c4rksa hingega talu Harjumaal","url":"https:\/\/kallastetalu.ee\/ru\/","logo":{"@type":"ImageObject","inLanguage":"ru-RU","@id":"https:\/\/kallastetalu.ee\/ru\/#\/schema\/logo\/image\/","url":"https:\/\/kallastetalu.ee\/wp-content\/uploads\/2025\/04\/kallastetalu.svg","contentUrl":"https:\/\/kallastetalu.ee\/wp-content\/uploads\/2025\/04\/kallastetalu.svg","width":158,"height":127,"caption":"Kallaste Turismitalu - \u00c4rksa hingega talu Harjumaal"},"image":{"@id":"https:\/\/kallastetalu.ee\/ru\/#\/schema\/logo\/image\/"},"sameAs":["https:\/\/www.facebook.com\/kallastetalu","https:\/\/www.instagram.com\/turismitalu","https:\/\/www.youtube.com\/@turismitalu","https:\/\/www.tripadvisor.com\/Hotel_Review-g19122067-d2677575-Reviews-Kallaste_Talu_Turismitalu_Holiday_Resort-Kasepere_Harju_County.html?m=19905"]}]}},"_links":{"self":[{"href":"https:\/\/kallastetalu.ee\/ru\/wp-json\/wp\/v2\/pages\/4119","targetHints":{"allow":["GET"]}}],"collection":[{"href":"https:\/\/kallastetalu.ee\/ru\/wp-json\/wp\/v2\/pages"}],"about":[{"href":"https:\/\/kallastetalu.ee\/ru\/wp-json\/wp\/v2\/types\/page"}],"author":[{"embeddable":true,"href":"https:\/\/kallastetalu.ee\/ru\/wp-json\/wp\/v2\/users\/2"}],"replies":[{"embeddable":true,"href":"https:\/\/kallastetalu.ee\/ru\/wp-json\/wp\/v2\/comments?post=4119"}],"version-history":[{"count":4,"href":"https:\/\/kallastetalu.ee\/ru\/wp-json\/wp\/v2\/pages\/4119\/revisions"}],"predecessor-version":[{"id":4186,"href":"https:\/\/kallastetalu.ee\/ru\/wp-json\/wp\/v2\/pages\/4119\/revisions\/4186"}],"up":[{"embeddable":true,"href":"https:\/\/kallastetalu.ee\/ru\/wp-json\/wp\/v2\/pages\/4095"}],"wp:featuredmedia":[{"embeddable":true,"href":"https:\/\/kallastetalu.ee\/ru\/wp-json\/wp\/v2\/media\/3525"}],"wp:attachment":[{"href":"https:\/\/kallastetalu.ee\/ru\/wp-json\/wp\/v2\/media?parent=4119"}],"curies":[{"name":"wp","href":"https:\/\/api.w.org\/{rel}","templated":true}]}}