{"id":4157,"date":"2025-05-27T13:47:55","date_gmt":"2025-05-27T13:47:55","guid":{"rendered":"https:\/\/kallastetalu.ee\/turismitalu\/aktiivne-puhkus\/tunnisoit\/"},"modified":"2025-06-04T13:34:42","modified_gmt":"2025-06-04T13:34:42","slug":"tunnisoit","status":"publish","type":"page","link":"https:\/\/kallastetalu.ee\/ru\/turismitalu\/aktiivne-puhkus\/tunnisoit\/","title":{"rendered":"\u041a\u0430\u0442\u0430\u043d\u0438\u0435 \u0432 \u0431\u043e\u0447\u043a\u0435"},"content":{"rendered":"\n<p>\u0415\u0441\u043b\u0438 \u0432\u044b \u0438\u0449\u0435\u0442\u0435 \u0447\u0442\u043e-\u0442\u043e \u0434\u0435\u0439\u0441\u0442\u0432\u0438\u0442\u0435\u043b\u044c\u043d\u043e \u0432\u0435\u0441\u0451\u043b\u043e\u0435 \u0438 \u043d\u0435\u043c\u043d\u043e\u0433\u043e \u0441\u0443\u043c\u0430\u0441\u0448\u0435\u0434\u0448\u0435\u0435, \u0442\u043e \u043a\u0430\u0442\u0430\u043d\u0438\u0435 \u0432 \u0431\u043e\u0447\u043a\u0435 \u2013 \u0438\u043c\u0435\u043d\u043d\u043e \u0434\u043b\u044f \u0432\u0430\u0441! \u0412 \u043d\u0430\u0448\u0435\u043c \u043f\u0440\u0443\u0434\u0443 \u043d\u0430 \u0441\u043c\u0435\u043b\u044b\u0445 \u0443\u0447\u0430\u0441\u0442\u043d\u0438\u043a\u043e\u0432 \u0436\u0434\u0451\u0442 \u0441\u043f\u0435\u0446\u0438\u0430\u043b\u044c\u043d\u0430\u044f \u0431\u043e\u0447\u043a\u0430 \u2013 \u043d\u0443\u0436\u043d\u043e \u0437\u0430\u043b\u0435\u0437\u0442\u044c \u0432\u043d\u0443\u0442\u0440\u044c \u0438 \u043f\u043e\u043f\u044b\u0442\u0430\u0442\u044c\u0441\u044f \u0443\u0434\u0435\u0440\u0436\u0430\u0442\u044c \u0440\u0430\u0432\u043d\u043e\u0432\u0435\u0441\u0438\u0435 \u043d\u0430 \u0432\u043e\u0434\u0435. \u042d\u0442\u043e \u043d\u0435 \u043f\u0440\u043e\u0441\u0442\u043e, \u043d\u043e \u0432\u0435\u0441\u0435\u043b\u044c\u044f \u0445\u0432\u0430\u0442\u0438\u0442 \u0441 \u0438\u0437\u0431\u044b\u0442\u043a\u043e\u043c! \u041e\u0431\u044b\u0447\u043d\u043e \u043f\u043e\u0435\u0437\u0434\u043a\u0430 \u0437\u0430\u043a\u0430\u043d\u0447\u0438\u0432\u0430\u0435\u0442\u0441\u044f \u043d\u0435\u0431\u043e\u043b\u044c\u0448\u0438\u043c \u043f\u043b\u0435\u0441\u043a\u043e\u043c, \u043d\u043e \u0432 \u044d\u0442\u043e\u043c \u0438 \u0435\u0441\u0442\u044c \u0432\u0435\u0441\u044c \u043a\u0430\u0439\u0444.<\/p>\n\n\n\n<p>\u041d\u0430\u0448 \u043e\u043f\u044b\u0442\u043d\u044b\u0439 \u0438\u043d\u0441\u0442\u0440\u0443\u043a\u0442\u043e\u0440 \u0440\u0430\u0441\u0441\u043a\u0430\u0437\u044b\u0432\u0430\u0435\u0442 \u0441\u0435\u043a\u0440\u0435\u0442\u044b \u0431\u043e\u0447\u043a\u0438 \u0438 \u0440\u0443\u043a\u043e\u0432\u043e\u0434\u0438\u0442 \u0443\u0447\u0430\u0441\u0442\u043d\u0438\u043a\u0430\u043c\u0438. \u041a\u043e\u0433\u0434\u0430 \u0432 \u0438\u0433\u0440\u0443 \u0432\u0441\u0442\u0443\u043f\u0430\u044e\u0442 \u043f\u0440\u0438\u0437\u044b \u0438 \u0441\u043e\u0440\u0435\u0432\u043d\u043e\u0432\u0430\u0442\u0435\u043b\u044c\u043d\u044b\u0439 \u043c\u043e\u043c\u0435\u043d\u0442, \u043b\u0438\u0446\u0430 \u0441\u0442\u0430\u043d\u043e\u0432\u044f\u0442\u0441\u044f \u0441\u0435\u0440\u044c\u0451\u0437\u043d\u044b\u043c\u0438\u2026 \u0430 \u0431\u0440\u044b\u0437\u0433\u0438 \u2013 \u0432\u0441\u0451 \u0447\u0430\u0449\u0435.<\/p>\n\n\n\n<p>\u0410\u043a\u0442\u0438\u0432\u043d\u044b\u0439 \u043e\u0442\u0434\u044b\u0445 \u2013 \u043e\u0442\u043b\u0438\u0447\u043d\u044b\u0439 \u0432\u044b\u0431\u043e\u0440, \u0438 \u043a\u0430\u0442\u0430\u043d\u0438\u0435 \u0432 \u0431\u043e\u0447\u043a\u0435 \u043f\u0440\u0435\u043a\u0440\u0430\u0441\u043d\u043e \u043f\u043e\u0434\u0445\u043e\u0434\u0438\u0442 \u0434\u043b\u044f \u043d\u0435\u0431\u043e\u043b\u044c\u0448\u0438\u0445 \u043a\u043e\u043c\u043f\u0430\u043d\u0438\u0439, \u0430 \u0442\u0430\u043a\u0436\u0435 \u043f\u0440\u0438\u043d\u043e\u0441\u0438\u0442 \u0430\u0437\u0430\u0440\u0442 \u0432 \u043a\u0430\u0447\u0435\u0441\u0442\u0432\u0435 \u0434\u043e\u043f\u043e\u043b\u043d\u0438\u0442\u0435\u043b\u044c\u043d\u043e\u0433\u043e \u0440\u0430\u0437\u0432\u043b\u0435\u0447\u0435\u043d\u0438\u044f \u0434\u043b\u044f \u0431\u043e\u043b\u044c\u0448\u0438\u0445 \u0433\u0440\u0443\u043f\u043f.<\/p>\n\n\n\n<p>\u0412 \u043f\u0440\u043e\u0445\u043b\u0430\u0434\u043d\u0443\u044e \u043f\u043e\u0433\u043e\u0434\u0443 \u0440\u0435\u043a\u043e\u043c\u0435\u043d\u0434\u0443\u0435\u043c \u0437\u0430\u043a\u0430\u0437\u0430\u0442\u044c \u0432\u043c\u0435\u0441\u0442\u0435 \u0441 \u044d\u0442\u0438\u043c \u0431\u0430\u043d\u044e \u0443 \u043f\u0440\u0443\u0434\u0430 \u2013 \u0432\u0435\u0434\u044c \u043f\u043e\u0441\u043b\u0435 \u043e\u0441\u0432\u0435\u0436\u0430\u044e\u0449\u0435\u0433\u043e \u043e\u043a\u0443\u043d\u0430\u043d\u0438\u044f \u0442\u0430\u043a \u043f\u0440\u0438\u044f\u0442\u043d\u043e \u0441\u0440\u0430\u0437\u0443 \u0431\u0435\u0436\u0430\u0442\u044c \u0432 \u043f\u0430\u0440\u043d\u0443\u044e.<\/p>\n\n\n    <section class=\"price-list smooth-corners\">\n                    <div class=\"price-list__item\">\n                <div class=\"price-list__item-content\">\n                    <div class=\"price-list__item-content-name\">\n                        \u041a\u0430\u0442\u0430\u043d\u0438\u0435 \u0432 \u0431\u043e\u0447\u043a\u0435                    <\/div>\n                                        <div class=\"price-list__item-content-price smooth-corners\">\n                        80\u20ac\u00a0\/ h                    <\/div>\n                                    <\/div>\n                                    <div class=\"price-list__item-notice\">\n                        \u041f\u0440\u043e\u0434\u043e\u043b\u0436\u0438\u0442\u0435\u043b\u044c\u043d\u043e\u0441\u0442\u044c: 1\u20132 \u0447\u0430\u0441\u0430, \u0434\u043e 10 \u0443\u0447\u0430\u0441\u0442\u043d\u0438\u043a\u043e\u0432 \u0432 \u0447\u0430\u0441 (\u043e\u0431\u044b\u0447\u043d\u043e \u0431\u043e\u043b\u044c\u0448\u0438\u043d\u0441\u0442\u0432\u043e \u043d\u0430\u0431\u043b\u044e\u0434\u0430\u044e\u0442, \u0430 \u0442\u043e\u043b\u044c\u043a\u043e \u043d\u0435\u043c\u043d\u043e\u0433\u0438\u0435 \u0440\u0435\u0448\u0430\u044e\u0442\u0441\u044f \u043f\u043e\u043f\u0440\u043e\u0431\u043e\u0432\u0430\u0442\u044c!)                    <\/div>\n                            <\/div>\n            <\/section>\n\n\n\n<h2 class=\"wp-block-heading\" id=\"h-\u043a\u0430\u0442\u0430\u043d\u0438\u0435-\u0432-\u0431\u043e\u0447\u043a\u0435-\u0435\u0434\u0438\u043d\u0441\u0442\u0432\u0435\u043d\u043d\u043e\u0435-\u043c\u0435\u0441\u0442\u043e-\u0433\u0434\u0435-\u0440\u0443\u043a\u043e\u0432\u043e\u0434\u0441\u0442\u0432\u043e-\u0434\u0435\u0439\u0441\u0442\u0432\u0438\u0442\u0435\u043b\u044c\u043d\u043e-\u043c\u043e\u0436\u0435\u0442-\u0440\u0430\u0441\u0441\u043b\u0430\u0431\u0438\u0442\u044c\u0441\u044f\">\u041a\u0430\u0442\u0430\u043d\u0438\u0435 \u0432 \u0431\u043e\u0447\u043a\u0435: \u0435\u0434\u0438\u043d\u0441\u0442\u0432\u0435\u043d\u043d\u043e\u0435 \u043c\u0435\u0441\u0442\u043e, \u0433\u0434\u0435 \u0440\u0443\u043a\u043e\u0432\u043e\u0434\u0441\u0442\u0432\u043e \u0434\u0435\u0439\u0441\u0442\u0432\u0438\u0442\u0435\u043b\u044c\u043d\u043e \u043c\u043e\u0436\u0435\u0442 \u0440\u0430\u0441\u0441\u043b\u0430\u0431\u0438\u0442\u044c\u0441\u044f!<\/h2>\n\n\n    <section class=\"gallery-block\">\n        <div class=\"gallery-block__wrapper swiper\">\n            <div class=\"gallery-block__list swiper-wrapper\">\n                                        <div class=\"gallery-block__list-item swiper-slide\">\n                            <img decoding=\"async\" width=\"2256\" height=\"1496\" src=\"https:\/\/kallastetalu.ee\/wp-content\/uploads\/2025\/05\/DSC_0385.jpg\" class=\"attachment-full size-full\" alt=\"\" srcset=\"https:\/\/kallastetalu.ee\/wp-content\/uploads\/2025\/05\/DSC_0385.jpg 2256w, https:\/\/kallastetalu.ee\/wp-content\/uploads\/2025\/05\/DSC_0385-250x166.jpg 250w, https:\/\/kallastetalu.ee\/wp-content\/uploads\/2025\/05\/DSC_0385-700x464.jpg 700w, https:\/\/kallastetalu.ee\/wp-content\/uploads\/2025\/05\/DSC_0385-768x509.jpg 768w, https:\/\/kallastetalu.ee\/wp-content\/uploads\/2025\/05\/DSC_0385-1536x1019.jpg 1536w, https:\/\/kallastetalu.ee\/wp-content\/uploads\/2025\/05\/DSC_0385-2048x1358.jpg 2048w, https:\/\/kallastetalu.ee\/wp-content\/uploads\/2025\/05\/DSC_0385-120x80.jpg 120w, https:\/\/kallastetalu.ee\/wp-content\/uploads\/2025\/05\/DSC_0385-600x398.jpg 600w\" sizes=\"(max-width: 2256px) 100vw, 2256px\" \/>                        <\/div>\n                            <\/div>\n        <\/div>\n        <div class=\"swiper-button-prev\"><\/div>\n        <div class=\"swiper-button-next\"><\/div>\n    <\/section>\n","protected":false},"excerpt":{"rendered":"\u0415\u0441\u043b\u0438 \u0432\u044b \u0438\u0449\u0435\u0442\u0435 \u0447\u0442\u043e-\u0442\u043e \u0434\u0435\u0439\u0441\u0442\u0432\u0438\u0442\u0435\u043b\u044c\u043d\u043e \u0432\u0435\u0441\u0451\u043b\u043e\u0435 \u0438 \u043d\u0435\u043c\u043d\u043e\u0433\u043e \u0441\u0443\u043c\u0430\u0441\u0448\u0435\u0434\u0448\u0435\u0435, \u0442\u043e&#8230;","protected":false},"author":1,"featured_media":2808,"parent":4095,"menu_order":0,"comment_status":"closed","ping_status":"closed","template":"page-templates\/template-accommodation-item.php","meta":{"_acf_changed":false,"inline_featured_image":false,"footnotes":""},"class_list":["post-4157","page","type-page","status-publish","has-post-thumbnail","hentry"],"acf":[],"yoast_head":"<!-- This site is optimized with the Yoast SEO Premium plugin v25.2 (Yoast SEO v26.7) - https:\/\/yoast.com\/wordpress\/plugins\/seo\/ -->\n<title>T\u00fcnnis\u00f5it on &quot;l\u00f5bus&quot; v\u00e4ljakutse iga\u00fchele Kallaste Turismitalus<\/title>\n<meta name=\"description\" content=\"T\u00fcnnis\u00f5it on ainus koht, kus juhtkonnal p\u00e4riselt p\u00f5hja lastakse minna! Julgemad proovivad, enamus naeravad. L\u00f5bus eks?\" \/>\n<meta name=\"robots\" content=\"index, follow, max-snippet:-1, max-image-preview:large, max-video-preview:-1\" \/>\n<link rel=\"canonical\" href=\"https:\/\/kallastetalu.ee\/ru\/turismitalu\/aktiivne-puhkus\/tunnisoit\/\" \/>\n<meta property=\"og:locale\" content=\"ru_RU\" \/>\n<meta property=\"og:type\" content=\"article\" \/>\n<meta property=\"og:title\" content=\"\u041a\u0430\u0442\u0430\u043d\u0438\u0435 \u0432 \u0431\u043e\u0447\u043a\u0435\" \/>\n<meta property=\"og:description\" content=\"T\u00fcnnis\u00f5it on ainus koht, kus juhtkonnal p\u00e4riselt p\u00f5hja lastakse minna! Julgemad proovivad, enamus naeravad. L\u00f5bus eks?\" \/>\n<meta property=\"og:url\" content=\"https:\/\/kallastetalu.ee\/ru\/turismitalu\/aktiivne-puhkus\/tunnisoit\/\" \/>\n<meta property=\"og:site_name\" content=\"Kallaste Turismitalu - \u00c4rksa hingega Talu Harjumaal\" \/>\n<meta property=\"article:publisher\" content=\"https:\/\/www.facebook.com\/kallastetalu\" \/>\n<meta property=\"article:modified_time\" content=\"2025-06-04T13:34:42+00:00\" \/>\n<meta property=\"og:image\" content=\"https:\/\/kallastetalu.ee\/wp-content\/uploads\/2025\/05\/tunnisoit-3.jpg\" \/>\n\t<meta property=\"og:image:width\" content=\"1496\" \/>\n\t<meta property=\"og:image:height\" content=\"2256\" \/>\n\t<meta property=\"og:image:type\" content=\"image\/jpeg\" \/>\n<meta name=\"twitter:card\" content=\"summary_large_image\" \/>\n<meta name=\"twitter:label1\" content=\"\u041f\u0440\u0438\u043c\u0435\u0440\u043d\u043e\u0435 \u0432\u0440\u0435\u043c\u044f \u0434\u043b\u044f \u0447\u0442\u0435\u043d\u0438\u044f\" \/>\n\t<meta name=\"twitter:data1\" content=\"1 \u043c\u0438\u043d\u0443\u0442\u0430\" \/>\n<script type=\"application\/ld+json\" class=\"yoast-schema-graph\">{\"@context\":\"https:\/\/schema.org\",\"@graph\":[{\"@type\":\"WebPage\",\"@id\":\"https:\/\/kallastetalu.ee\/ru\/turismitalu\/aktiivne-puhkus\/tunnisoit\/\",\"url\":\"https:\/\/kallastetalu.ee\/ru\/turismitalu\/aktiivne-puhkus\/tunnisoit\/\",\"name\":\"T\u00fcnnis\u00f5it on \\\"l\u00f5bus\\\" v\u00e4ljakutse iga\u00fchele Kallaste Turismitalus\",\"isPartOf\":{\"@id\":\"https:\/\/kallastetalu.ee\/ru\/#website\"},\"primaryImageOfPage\":{\"@id\":\"https:\/\/kallastetalu.ee\/ru\/turismitalu\/aktiivne-puhkus\/tunnisoit\/#primaryimage\"},\"image\":{\"@id\":\"https:\/\/kallastetalu.ee\/ru\/turismitalu\/aktiivne-puhkus\/tunnisoit\/#primaryimage\"},\"thumbnailUrl\":\"https:\/\/kallastetalu.ee\/wp-content\/uploads\/2025\/05\/tunnisoit-3.jpg\",\"datePublished\":\"2025-05-27T13:47:55+00:00\",\"dateModified\":\"2025-06-04T13:34:42+00:00\",\"description\":\"T\u00fcnnis\u00f5it on ainus koht, kus juhtkonnal p\u00e4riselt p\u00f5hja lastakse minna! Julgemad proovivad, enamus naeravad. L\u00f5bus eks?\",\"breadcrumb\":{\"@id\":\"https:\/\/kallastetalu.ee\/ru\/turismitalu\/aktiivne-puhkus\/tunnisoit\/#breadcrumb\"},\"inLanguage\":\"ru-RU\",\"potentialAction\":[{\"@type\":\"ReadAction\",\"target\":[\"https:\/\/kallastetalu.ee\/ru\/turismitalu\/aktiivne-puhkus\/tunnisoit\/\"]}]},{\"@type\":\"ImageObject\",\"inLanguage\":\"ru-RU\",\"@id\":\"https:\/\/kallastetalu.ee\/ru\/turismitalu\/aktiivne-puhkus\/tunnisoit\/#primaryimage\",\"url\":\"https:\/\/kallastetalu.ee\/wp-content\/uploads\/2025\/05\/tunnisoit-3.jpg\",\"contentUrl\":\"https:\/\/kallastetalu.ee\/wp-content\/uploads\/2025\/05\/tunnisoit-3.jpg\",\"width\":1496,\"height\":2256,\"caption\":\"T\u00fcnnis\u00f5it - l\u00f5bus v\u00e4ljakutse k\u00f5igile Kallaste Turismitalus Harjumaal\"},{\"@type\":\"BreadcrumbList\",\"@id\":\"https:\/\/kallastetalu.ee\/ru\/turismitalu\/aktiivne-puhkus\/tunnisoit\/#breadcrumb\",\"itemListElement\":[{\"@type\":\"ListItem\",\"position\":1,\"name\":\"Home\",\"item\":\"https:\/\/kallastetalu.ee\/ru\/\"},{\"@type\":\"ListItem\",\"position\":2,\"name\":\"\u0422\u0443\u0440\u0438\u0441\u0442\u0438\u0447\u0435\u0441\u043a\u0430\u044f \u0443\u0441\u0430\u0434\u044c\u0431\u0430\",\"item\":\"https:\/\/kallastetalu.ee\/ru\/turismitalu\/\"},{\"@type\":\"ListItem\",\"position\":3,\"name\":\"\u0410\u043a\u0442\u0438\u0432\u043d\u044b\u0439 \u043e\u0442\u0434\u044b\u0445\",\"item\":\"https:\/\/kallastetalu.ee\/ru\/turismitalu\/aktiivne-puhkus\/\"},{\"@type\":\"ListItem\",\"position\":4,\"name\":\"\u041a\u0430\u0442\u0430\u043d\u0438\u0435 \u0432 \u0431\u043e\u0447\u043a\u0435\"}]},{\"@type\":\"WebSite\",\"@id\":\"https:\/\/kallastetalu.ee\/ru\/#website\",\"url\":\"https:\/\/kallastetalu.ee\/ru\/\",\"name\":\"Kallaste Turismitalu - \u00c4rksa hingega talu Harjumaal\",\"description\":\"\",\"publisher\":{\"@id\":\"https:\/\/kallastetalu.ee\/ru\/#organization\"},\"potentialAction\":[{\"@type\":\"SearchAction\",\"target\":{\"@type\":\"EntryPoint\",\"urlTemplate\":\"https:\/\/kallastetalu.ee\/ru\/?s={search_term_string}\"},\"query-input\":{\"@type\":\"PropertyValueSpecification\",\"valueRequired\":true,\"valueName\":\"search_term_string\"}}],\"inLanguage\":\"ru-RU\"},{\"@type\":\"Organization\",\"@id\":\"https:\/\/kallastetalu.ee\/ru\/#organization\",\"name\":\"Kallaste Turismitalu - \u00c4rksa hingega talu Harjumaal\",\"url\":\"https:\/\/kallastetalu.ee\/ru\/\",\"logo\":{\"@type\":\"ImageObject\",\"inLanguage\":\"ru-RU\",\"@id\":\"https:\/\/kallastetalu.ee\/ru\/#\/schema\/logo\/image\/\",\"url\":\"https:\/\/kallastetalu.ee\/wp-content\/uploads\/2025\/04\/kallastetalu.svg\",\"contentUrl\":\"https:\/\/kallastetalu.ee\/wp-content\/uploads\/2025\/04\/kallastetalu.svg\",\"width\":158,\"height\":127,\"caption\":\"Kallaste Turismitalu - \u00c4rksa hingega talu Harjumaal\"},\"image\":{\"@id\":\"https:\/\/kallastetalu.ee\/ru\/#\/schema\/logo\/image\/\"},\"sameAs\":[\"https:\/\/www.facebook.com\/kallastetalu\",\"https:\/\/www.instagram.com\/turismitalu\",\"https:\/\/www.youtube.com\/@turismitalu\",\"https:\/\/www.tripadvisor.com\/Hotel_Review-g19122067-d2677575-Reviews-Kallaste_Talu_Turismitalu_Holiday_Resort-Kasepere_Harju_County.html?m=19905\"]}]}<\/script>\n<!-- \/ Yoast SEO Premium plugin. -->","yoast_head_json":{"title":"T\u00fcnnis\u00f5it on \"l\u00f5bus\" v\u00e4ljakutse iga\u00fchele Kallaste Turismitalus","description":"T\u00fcnnis\u00f5it on ainus koht, kus juhtkonnal p\u00e4riselt p\u00f5hja lastakse minna! Julgemad proovivad, enamus naeravad. L\u00f5bus eks?","robots":{"index":"index","follow":"follow","max-snippet":"max-snippet:-1","max-image-preview":"max-image-preview:large","max-video-preview":"max-video-preview:-1"},"canonical":"https:\/\/kallastetalu.ee\/ru\/turismitalu\/aktiivne-puhkus\/tunnisoit\/","og_locale":"ru_RU","og_type":"article","og_title":"\u041a\u0430\u0442\u0430\u043d\u0438\u0435 \u0432 \u0431\u043e\u0447\u043a\u0435","og_description":"T\u00fcnnis\u00f5it on ainus koht, kus juhtkonnal p\u00e4riselt p\u00f5hja lastakse minna! Julgemad proovivad, enamus naeravad. L\u00f5bus eks?","og_url":"https:\/\/kallastetalu.ee\/ru\/turismitalu\/aktiivne-puhkus\/tunnisoit\/","og_site_name":"Kallaste Turismitalu - \u00c4rksa hingega Talu Harjumaal","article_publisher":"https:\/\/www.facebook.com\/kallastetalu","article_modified_time":"2025-06-04T13:34:42+00:00","og_image":[{"width":1496,"height":2256,"url":"https:\/\/kallastetalu.ee\/wp-content\/uploads\/2025\/05\/tunnisoit-3.jpg","type":"image\/jpeg"}],"twitter_card":"summary_large_image","twitter_misc":{"\u041f\u0440\u0438\u043c\u0435\u0440\u043d\u043e\u0435 \u0432\u0440\u0435\u043c\u044f \u0434\u043b\u044f \u0447\u0442\u0435\u043d\u0438\u044f":"1 \u043c\u0438\u043d\u0443\u0442\u0430"},"schema":{"@context":"https:\/\/schema.org","@graph":[{"@type":"WebPage","@id":"https:\/\/kallastetalu.ee\/ru\/turismitalu\/aktiivne-puhkus\/tunnisoit\/","url":"https:\/\/kallastetalu.ee\/ru\/turismitalu\/aktiivne-puhkus\/tunnisoit\/","name":"T\u00fcnnis\u00f5it on \"l\u00f5bus\" v\u00e4ljakutse iga\u00fchele Kallaste Turismitalus","isPartOf":{"@id":"https:\/\/kallastetalu.ee\/ru\/#website"},"primaryImageOfPage":{"@id":"https:\/\/kallastetalu.ee\/ru\/turismitalu\/aktiivne-puhkus\/tunnisoit\/#primaryimage"},"image":{"@id":"https:\/\/kallastetalu.ee\/ru\/turismitalu\/aktiivne-puhkus\/tunnisoit\/#primaryimage"},"thumbnailUrl":"https:\/\/kallastetalu.ee\/wp-content\/uploads\/2025\/05\/tunnisoit-3.jpg","datePublished":"2025-05-27T13:47:55+00:00","dateModified":"2025-06-04T13:34:42+00:00","description":"T\u00fcnnis\u00f5it on ainus koht, kus juhtkonnal p\u00e4riselt p\u00f5hja lastakse minna! Julgemad proovivad, enamus naeravad. L\u00f5bus eks?","breadcrumb":{"@id":"https:\/\/kallastetalu.ee\/ru\/turismitalu\/aktiivne-puhkus\/tunnisoit\/#breadcrumb"},"inLanguage":"ru-RU","potentialAction":[{"@type":"ReadAction","target":["https:\/\/kallastetalu.ee\/ru\/turismitalu\/aktiivne-puhkus\/tunnisoit\/"]}]},{"@type":"ImageObject","inLanguage":"ru-RU","@id":"https:\/\/kallastetalu.ee\/ru\/turismitalu\/aktiivne-puhkus\/tunnisoit\/#primaryimage","url":"https:\/\/kallastetalu.ee\/wp-content\/uploads\/2025\/05\/tunnisoit-3.jpg","contentUrl":"https:\/\/kallastetalu.ee\/wp-content\/uploads\/2025\/05\/tunnisoit-3.jpg","width":1496,"height":2256,"caption":"T\u00fcnnis\u00f5it - l\u00f5bus v\u00e4ljakutse k\u00f5igile Kallaste Turismitalus Harjumaal"},{"@type":"BreadcrumbList","@id":"https:\/\/kallastetalu.ee\/ru\/turismitalu\/aktiivne-puhkus\/tunnisoit\/#breadcrumb","itemListElement":[{"@type":"ListItem","position":1,"name":"Home","item":"https:\/\/kallastetalu.ee\/ru\/"},{"@type":"ListItem","position":2,"name":"\u0422\u0443\u0440\u0438\u0441\u0442\u0438\u0447\u0435\u0441\u043a\u0430\u044f \u0443\u0441\u0430\u0434\u044c\u0431\u0430","item":"https:\/\/kallastetalu.ee\/ru\/turismitalu\/"},{"@type":"ListItem","position":3,"name":"\u0410\u043a\u0442\u0438\u0432\u043d\u044b\u0439 \u043e\u0442\u0434\u044b\u0445","item":"https:\/\/kallastetalu.ee\/ru\/turismitalu\/aktiivne-puhkus\/"},{"@type":"ListItem","position":4,"name":"\u041a\u0430\u0442\u0430\u043d\u0438\u0435 \u0432 \u0431\u043e\u0447\u043a\u0435"}]},{"@type":"WebSite","@id":"https:\/\/kallastetalu.ee\/ru\/#website","url":"https:\/\/kallastetalu.ee\/ru\/","name":"Kallaste Turismitalu - \u00c4rksa hingega talu Harjumaal","description":"","publisher":{"@id":"https:\/\/kallastetalu.ee\/ru\/#organization"},"potentialAction":[{"@type":"SearchAction","target":{"@type":"EntryPoint","urlTemplate":"https:\/\/kallastetalu.ee\/ru\/?s={search_term_string}"},"query-input":{"@type":"PropertyValueSpecification","valueRequired":true,"valueName":"search_term_string"}}],"inLanguage":"ru-RU"},{"@type":"Organization","@id":"https:\/\/kallastetalu.ee\/ru\/#organization","name":"Kallaste Turismitalu - \u00c4rksa hingega talu Harjumaal","url":"https:\/\/kallastetalu.ee\/ru\/","logo":{"@type":"ImageObject","inLanguage":"ru-RU","@id":"https:\/\/kallastetalu.ee\/ru\/#\/schema\/logo\/image\/","url":"https:\/\/kallastetalu.ee\/wp-content\/uploads\/2025\/04\/kallastetalu.svg","contentUrl":"https:\/\/kallastetalu.ee\/wp-content\/uploads\/2025\/04\/kallastetalu.svg","width":158,"height":127,"caption":"Kallaste Turismitalu - \u00c4rksa hingega talu Harjumaal"},"image":{"@id":"https:\/\/kallastetalu.ee\/ru\/#\/schema\/logo\/image\/"},"sameAs":["https:\/\/www.facebook.com\/kallastetalu","https:\/\/www.instagram.com\/turismitalu","https:\/\/www.youtube.com\/@turismitalu","https:\/\/www.tripadvisor.com\/Hotel_Review-g19122067-d2677575-Reviews-Kallaste_Talu_Turismitalu_Holiday_Resort-Kasepere_Harju_County.html?m=19905"]}]}},"_links":{"self":[{"href":"https:\/\/kallastetalu.ee\/ru\/wp-json\/wp\/v2\/pages\/4157","targetHints":{"allow":["GET"]}}],"collection":[{"href":"https:\/\/kallastetalu.ee\/ru\/wp-json\/wp\/v2\/pages"}],"about":[{"href":"https:\/\/kallastetalu.ee\/ru\/wp-json\/wp\/v2\/types\/page"}],"author":[{"embeddable":true,"href":"https:\/\/kallastetalu.ee\/ru\/wp-json\/wp\/v2\/users\/1"}],"replies":[{"embeddable":true,"href":"https:\/\/kallastetalu.ee\/ru\/wp-json\/wp\/v2\/comments?post=4157"}],"version-history":[{"count":1,"href":"https:\/\/kallastetalu.ee\/ru\/wp-json\/wp\/v2\/pages\/4157\/revisions"}],"predecessor-version":[{"id":4160,"href":"https:\/\/kallastetalu.ee\/ru\/wp-json\/wp\/v2\/pages\/4157\/revisions\/4160"}],"up":[{"embeddable":true,"href":"https:\/\/kallastetalu.ee\/ru\/wp-json\/wp\/v2\/pages\/4095"}],"wp:featuredmedia":[{"embeddable":true,"href":"https:\/\/kallastetalu.ee\/ru\/wp-json\/wp\/v2\/media\/2808"}],"wp:attachment":[{"href":"https:\/\/kallastetalu.ee\/ru\/wp-json\/wp\/v2\/media?parent=4157"}],"curies":[{"name":"wp","href":"https:\/\/api.w.org\/{rel}","templated":true}]}}